{"id":807,"date":"2020-02-28T10:57:18","date_gmt":"2020-02-28T09:57:18","guid":{"rendered":"http:\/\/test.rougier-electro.fr\/?page_id=807"},"modified":"2024-07-05T11:53:57","modified_gmt":"2024-07-05T09:53:57","slug":"fabrication-rails-alimentation-electrique","status":"publish","type":"page","link":"https:\/\/www.rougier-electro.fr\/fr\/produits\/fabrication-rails-alimentation-electrique\/","title":{"rendered":"Rails d\u2019alimentation \u00e9lectrique"},"content":{"rendered":"<h1>\n<p>Rails d&rsquo;alimentation \u00e9lectrique<\/p>\n<\/h1>\n<h2>Conception, fabrication et r\u00e9paration<br \/>de rails d&rsquo;alimentation \u00e9lectrique<\/h2>\n<div>\n<p>Initialement utilis\u00e9 dans les applications d&rsquo;alimentation de pont roulant, <strong>les rails \u00e9lectriques \u00e0 conducteurs isol\u00e9s sur lesquels frottent des pantographes \u00e0 simple ou double t\u00eate<\/strong> ont trouv\u00e9 un nouveau d\u00e9veloppement dans les industries de montage, principalement avec l&rsquo;arriv\u00e9e des circuits automoteurs dans l&rsquo;industrie automobile des ann\u00e9es 80.<\/p>\n<\/div>\n<ul>\n<li>\n<p>        <img decoding=\"async\" src=\"https:\/\/www.rougier-electro.fr\/wp-content\/uploads\/rails-alimentation-electrique-frotteur-de-rechange-rougier.jpg\" alt=\"Rails d'alimentation \u00e9lectrique - Frotteur de rechange Rougier\"><\/p>\n<h2>Frotteur de rechange Rougier<\/h2>\n<p>Frotteur de rechange Rougier<\/p>\n<\/li>\n<li>\n<p>        <img decoding=\"async\" src=\"https:\/\/www.rougier-electro.fr\/wp-content\/uploads\/rails-alimentation-electrique-pantographe-tete-double.jpg\" alt=\"Rails d'alimentation \u00e9lectrique - Pantographe \u00e0 t\u00eate double\"><\/p>\n<h2>Pantographe \u00e0 t\u00eate double<\/h2>\n<p>Pantographe \u00e0 t\u00eate double<\/p>\n<\/li>\n<li>\n<p>        <img decoding=\"async\" src=\"https:\/\/www.rougier-electro.fr\/wp-content\/uploads\/rails-alimentation-electrique-rail-multi-conducteurs-isoles.jpg\" alt=\"Rails d'alimentation \u00e9lectrique - Rail multi conducteurs isol\u00e9\"><\/p>\n<h2>Rail multi conducteurs isol\u00e9<\/h2>\n<p>Rail multi conducteurs isol\u00e9<\/p>\n<\/li>\n<li>\n<p>        <img decoding=\"async\" src=\"https:\/\/www.rougier-electro.fr\/wp-content\/uploads\/rails-alimentation-electrique-rail-multi-conducteurs-cintre.jpg\" alt=\"Rails d'alimentation \u00e9lectrique - Rail multi conducteurs cintr\u00e9\"><\/p>\n<h2>Rail multi conducteurs cintr\u00e9<\/h2>\n<p>Rail multi conducteurs cintr\u00e9<\/p>\n<\/li>\n<li>\n<p>        <img decoding=\"async\" src=\"https:\/\/www.rougier-electro.fr\/wp-content\/uploads\/rails-alimentation-electrique-ensemble-rails-et-griffe-faba.jpg\" alt=\"Rails d'alimentation \u00e9lectrique - Ensemble rails et griffe FABA\"><\/p>\n<h2>Ensemble rails et griffe FABA<\/h2>\n<p>Ensemble rails et griffe FABA<\/p>\n<\/li>\n<li>\n<p>        <img decoding=\"async\" src=\"https:\/\/www.rougier-electro.fr\/wp-content\/uploads\/rails-alimentation-electrique-rail-electrique-isole-faba-100.jpg\" alt=\"Rails d'alimentation \u00e9lectrique isol\u00e9 FABA 100\"><\/p>\n<h2>Rails isol\u00e9 FABA 100<\/h2>\n<p>Rails isol\u00e9 FABA 100<\/p>\n<\/li>\n<li>\n<p>        <img decoding=\"async\" src=\"https:\/\/www.rougier-electro.fr\/wp-content\/uploads\/rails-alimentation-electrique-griffe-de-suspension-faba-100.jpg\" alt=\"Rails d'alimentation \u00e9lectrique - Griffe de fixation FABA\"><\/p>\n<h2>Griffe de fixation FABA<\/h2>\n<p>Griffe de fixation FABA<\/p>\n<\/li>\n<li>\n<p>        <img decoding=\"async\" src=\"https:\/\/www.rougier-electro.fr\/wp-content\/uploads\/rails-alimentation-electrique-100A-faba.jpg\" alt=\"Rails d'alimentation \u00e9lectrique 100A FABA\"><\/p>\n<h2>Alimentation \u00e9lectrique 100A FABA<\/h2>\n<p>Alimentation \u00e9lectrique 100A FABA<\/p>\n<\/li>\n<\/ul>\n<div>\n<p>Aujourd&rsquo;hui utilis\u00e9 pour de tr\u00e8s nombreuses applications, on retrouve ces syst\u00e8mes d&rsquo;alimentation mobile, dans des secteurs \u00e0 fort d\u00e9veloppement comme l&rsquo;alimentation des transtockeurs, la r\u00e9alisation des contacts \u00e9lectriques tournants de grand diam\u00e8tre, ou les man\u00e8ges des parcs d&rsquo;attractions, par exemple.<\/p>\n<p>Dans les ann\u00e9es 80, ROUGIER Electrom\u00e9canique a d\u00e9velopp\u00e9 sa propre <strong>gamme de rails de contact isol\u00e9s Multi 6, Multi 7 puis Mono<\/strong>. Avant de compl\u00e9ter sa <strong>gamme par les rails d&rsquo;alimentation FABA<\/strong>, ce qui nous a permis de r\u00e9pondre \u00e0 la diversit\u00e9 des demandes qui nous \u00e9taient faites, tant sur le plan des puissances \u00e9lectriques que des contraintes d&rsquo;utilisation.<\/p>\n<p>Nous disposons \u00e0 ce jour d&rsquo;un <strong>stock permanent de rails d&rsquo;alimentations FABA 100, ou ROUGIER Multi 7, ainsi que des pi\u00e8ces de rechange associ\u00e9es telles que les t\u00eates de rechange, les pantographes, les \u00e9clisses, les griffes de suspension<\/strong>&#8230;<\/p>\n<p>Ces <strong>rails \u00e0 conducteurs incorpor\u00e9s<\/strong>, ont la particularit\u00e9 de pouvoir se travailler facilement et directement sur le chantier avec un outillage basique. Ce qui permet de r\u00e9aliser la d\u00e9coupe, le cintrage et l&rsquo;assemblage, directement sur le lieu de pose.<\/p>\n<\/div>\n<p>\n    <a href=\"https:\/\/www.rougier-electro.fr\/fr\/contact-specialiste-transmission-electrique-pour-moteur-electrique\/\"> Besoin d&rsquo;un devis ? d&rsquo;un conseil ? Contactez-nous<\/a>\n<\/p>\n<div>\n<p>    <img decoding=\"async\" src=\"https:\/\/www.rougier-electro.fr\/wp-content\/uploads\/catalogue-rail-alimentation-electrique-FABA.jpg\" alt=\"catalogue des rails FABA pour l'alimentation \u00e9lectrique des engins mobile\"><\/p>\n<h3>T\u00e9l\u00e9charger le document<\/h3>\n<div>\n<p>Catalogue et fiche technique<br \/>des rails isol\u00e9s FABA<\/p>\n<\/div>\n<p><a href=\"https:\/\/www.rougier-electro.fr\/wp-content\/uploads\/catalogue-rail-alimentation-electrique-FABA.pdf\"><\/a><\/p>\n<\/div>\n<div>\n<blockquote>\n<p>ROUGIER Electrom\u00e9canique, vous apportera tout son support technique afin d&rsquo;\u00e9tudier, concevoir et r\u00e9aliser les rails d&rsquo;alimentation \u00e9lectrique adapt\u00e9s \u00e0 vos besoins en cherchant toujours \u00e0 atteindre le meilleur rapport qualit\u00e9\/prix.<\/p>\n<\/blockquote>\n<\/div>\n<p><!--more--><br \/>\n<!-- {\"name\":\"20200228 produit-page\",\"type\":\"layout\",\"children\":[{\"type\":\"section\",\"props\":{\"animation\":\"fade\",\"animation_delay\":\"200\",\"image\":\"wp-content\\\/uploads\\\/cover-collecteur-electrique-tournant.jpg\",\"image_effect\":\"parallax\",\"image_parallax_bgy\":\"-100,100\",\"image_parallax_easing\":\"1\",\"image_position\":\"center-center\",\"image_size\":\"cover\",\"media_overlay\":\"rgba(0, 0, 0, 0.52)\",\"padding\":\"large\",\"style\":\"default\",\"text_color\":\"light\",\"title_breakpoint\":\"xl\",\"title_position\":\"top-left\",\"title_rotation\":\"left\",\"vertical_align\":\"middle\",\"width\":\"large\"},\"children\":[{\"type\":\"row\",\"props\":{\"margin\":\"remove-vertical\"},\"children\":[{\"type\":\"column\",\"props\":{\"image_position\":\"center-center\",\"position_sticky_breakpoint\":\"m\",\"width_medium\":\"1-1\"},\"children\":[{\"type\":\"headline\",\"props\":{\"content\":\"\n\n<p>Rails d'alimentation \\u00e9lectrique<\\\/p>\",\"text_align\":\"center\",\"title_element\":\"h1\",\"title_style\":\"heading-small\"},\"name\":\"Headline H1\"}]}]}],\"name\":\"Entete\"},{\"type\":\"section\",\"props\":{\"image_position\":\"center-center\",\"padding_remove_bottom\":true,\"style\":\"default\",\"title_breakpoint\":\"xl\",\"title_position\":\"top-left\",\"title_rotation\":\"left\",\"vertical_align\":\"middle\",\"width\":\"large\"},\"children\":[{\"type\":\"row\",\"children\":[{\"type\":\"column\",\"props\":{\"image_position\":\"center-center\",\"position_sticky_breakpoint\":\"m\",\"width_medium\":\"1-1\"},\"children\":[{\"type\":\"breadcrumbs\",\"props\":{\"show_current\":true,\"show_home\":true}}]}]}]},{\"type\":\"section\",\"props\":{\"image_position\":\"center-center\",\"style\":\"default\",\"title_breakpoint\":\"xl\",\"title_position\":\"top-left\",\"title_rotation\":\"left\",\"vertical_align\":\"middle\",\"width\":\"large\"},\"children\":[{\"type\":\"row\",\"children\":[{\"type\":\"column\",\"props\":{\"image_position\":\"center-center\",\"position_sticky_breakpoint\":\"m\",\"width_medium\":\"1-1\"},\"children\":[{\"type\":\"headline\",\"props\":{\"content\":\"Conception, fabrication et r\\u00e9paration<br \\\/>de rails d'alimentation \\u00e9lectrique\",\"text_align\":\"center\",\"title_element\":\"h2\",\"title_style\":\"h2\"},\"name\":\"Headline H2\"}]}]}]},{\"type\":\"section\",\"props\":{\"animation\":\"fade\",\"animation_delay\":\"200\",\"image_position\":\"center-center\",\"style\":\"default\",\"title_breakpoint\":\"xl\",\"title_position\":\"top-left\",\"title_rotation\":\"left\",\"vertical_align\":\"middle\",\"width\":\"large\"},\"children\":[{\"type\":\"row\",\"props\":{\"column_gap\":\"large\",\"layout\":\"2-3,1-3\"},\"children\":[{\"type\":\"column\",\"props\":{\"image_position\":\"center-center\",\"position_sticky_breakpoint\":\"m\",\"width_medium\":\"2-3\"},\"children\":[{\"type\":\"text\",\"props\":{\"animation\":\"slide-left-medium\",\"column_breakpoint\":\"m\",\"content\":\"\n\n<p>Initialement utilis\\u00e9 dans les applications d'alimentation de pont roulant, <strong>les rails \\u00e9lectriques \\u00e0 conducteurs isol\\u00e9s sur lesquels frottent des pantographes \\u00e0 simple ou double t\\u00eate<\\\/strong> ont trouv\\u00e9 un nouveau d\\u00e9veloppement dans les industries de montage, principalement avec l'arriv\\u00e9e des circuits automoteurs dans l'industrie automobile des ann\\u00e9es 80.<\\\/p>\",\"margin\":\"default\"}},{\"type\":\"slideshow\",\"props\":{\"block_align\":\"center\",\"image_loading\":true,\"link_style\":\"default\",\"link_text\":\"Read more\",\"margin\":\"default\",\"maxwidth\":\"xlarge\",\"meta_align\":\"below-title\",\"meta_element\":\"div\",\"meta_style\":\"text-meta\",\"nav\":\"thumbnav\",\"nav_align\":\"center\",\"nav_below\":true,\"nav_breakpoint\":\"s\",\"nav_position\":\"bottom-center\",\"nav_position_margin\":\"medium\",\"overlay_animation\":\"scale-up\",\"overlay_container_padding\":\"xsmall\",\"overlay_margin\":\"none\",\"overlay_padding\":\"small\",\"overlay_position\":\"bottom\",\"overlay_style\":\"overlay-default\",\"overlay_width\":\"medium\",\"show_content\":true,\"show_link\":false,\"show_meta\":true,\"show_thumbnail\":true,\"show_title\":false,\"slidenav\":\"default\",\"slidenav_breakpoint\":\"s\",\"slidenav_large\":true,\"slidenav_margin\":\"medium\",\"slidenav_outside_breakpoint\":\"xl\",\"slideshow_animation\":\"fade\",\"slideshow_autoplay\":true,\"slideshow_autoplay_interval\":\"3\",\"slideshow_autoplay_pause\":true,\"slideshow_box_shadow\":\"small\",\"slideshow_min_height\":\"\",\"text_align\":\"center\",\"text_color\":\"light\",\"thumbnav_height\":\"50\",\"thumbnav_svg_color\":\"emphasis\",\"thumbnav_width\":\"75\",\"title_color\":\"primary\",\"title_element\":\"h2\",\"title_style\":\"h6\"},\"children\":[{\"type\":\"slideshow_item\",\"props\":{\"content\":\"\",\"image\":\"wp-content\\\/uploads\\\/rails-alimentation-electrique-frotteur-de-rechange-rougier.jpg\",\"image_alt\":\"Rails d'alimentation \\u00e9lectrique - Frotteur de rechange Rougier\",\"meta\":\"Frotteur de rechange Rougier\",\"title\":\"Frotteur de rechange Rougier\"}},{\"type\":\"slideshow_item\",\"props\":{\"content\":\"\",\"image\":\"wp-content\\\/uploads\\\/rails-alimentation-electrique-pantographe-tete-double.jpg\",\"image_alt\":\"Rails d'alimentation \\u00e9lectrique - Pantographe \\u00e0 t\\u00eate double\",\"meta\":\"Pantographe \\u00e0 t\\u00eate double\",\"title\":\"Pantographe \\u00e0 t\\u00eate double\"}},{\"type\":\"slideshow_item\",\"props\":{\"content\":\"\",\"image\":\"wp-content\\\/uploads\\\/rails-alimentation-electrique-rail-multi-conducteurs-isoles.jpg\",\"image_alt\":\"Rails d'alimentation \\u00e9lectrique - Rail multi conducteurs isol\\u00e9\",\"meta\":\"Rail multi conducteurs isol\\u00e9\",\"title\":\"Rail multi conducteurs isol\\u00e9\"}},{\"type\":\"slideshow_item\",\"props\":{\"content\":\"\",\"image\":\"wp-content\\\/uploads\\\/rails-alimentation-electrique-rail-multi-conducteurs-cintre.jpg\",\"image_alt\":\"Rails d'alimentation \\u00e9lectrique - Rail multi conducteurs cintr\\u00e9\",\"meta\":\"Rail multi conducteurs cintr\\u00e9\",\"title\":\"Rail multi conducteurs cintr\\u00e9\"}},{\"type\":\"slideshow_item\",\"props\":{\"content\":\"\",\"image\":\"wp-content\\\/uploads\\\/rails-alimentation-electrique-ensemble-rails-et-griffe-faba.jpg\",\"image_alt\":\"Rails d'alimentation \\u00e9lectrique - Ensemble rails et griffe FABA\",\"meta\":\"Ensemble rails et griffe FABA\",\"title\":\"Ensemble rails et griffe FABA\"}},{\"type\":\"slideshow_item\",\"props\":{\"content\":\"\",\"image\":\"wp-content\\\/uploads\\\/rails-alimentation-electrique-rail-electrique-isole-faba-100.jpg\",\"image_alt\":\"Rails d'alimentation \\u00e9lectrique isol\\u00e9 FABA 100\",\"meta\":\"Rails isol\\u00e9 FABA 100\",\"title\":\"Rails isol\\u00e9 FABA 100\"}},{\"type\":\"slideshow_item\",\"props\":{\"content\":\"\",\"image\":\"wp-content\\\/uploads\\\/rails-alimentation-electrique-griffe-de-suspension-faba-100.jpg\",\"image_alt\":\"Rails d'alimentation \\u00e9lectrique - Griffe de fixation FABA\",\"meta\":\"Griffe de fixation FABA\",\"title\":\"Griffe de fixation FABA\"}},{\"type\":\"slideshow_item\",\"props\":{\"content\":\"\",\"image\":\"wp-content\\\/uploads\\\/rails-alimentation-electrique-100A-faba.jpg\",\"image_alt\":\"Rails d'alimentation \\u00e9lectrique 100A FABA\",\"meta\":\"Alimentation \\u00e9lectrique 100A FABA\",\"title\":\"Alimentation \\u00e9lectrique 100A FABA\"}}]},{\"type\":\"text\",\"props\":{\"animation\":\"slide-left-medium\",\"column_breakpoint\":\"m\",\"content\":\"\n\n<p>Aujourd'hui utilis\\u00e9 pour de tr\\u00e8s nombreuses applications, on retrouve ces syst\\u00e8mes d'alimentation mobile, dans des secteurs \\u00e0 fort d\\u00e9veloppement comme l'alimentation des transtockeurs, la r\\u00e9alisation des contacts \\u00e9lectriques tournants de grand diam\\u00e8tre, ou les man\\u00e8ges des parcs d'attractions, par exemple.<\\\/p>\\n\n\n<p>Dans les ann\\u00e9es 80, ROUGIER Electrom\\u00e9canique a d\\u00e9velopp\\u00e9 sa propre <strong>gamme de rails de contact isol\\u00e9s Multi 6, Multi 7 puis Mono<\\\/strong>. Avant de compl\\u00e9ter sa <strong>gamme par les rails d'alimentation FABA<\\\/strong>, ce qui nous a permis de r\\u00e9pondre \\u00e0 la diversit\\u00e9 des demandes qui nous \\u00e9taient faites, tant sur le plan des puissances \\u00e9lectriques que des contraintes d'utilisation.<\\\/p>\\n\n\n<p>Nous disposons \\u00e0 ce jour d'un <strong>stock permanent de rails d'alimentations FABA 100, ou ROUGIER Multi 7, ainsi que des pi\\u00e8ces de rechange associ\\u00e9es telles que les t\\u00eates de rechange, les pantographes, les \\u00e9clisses, les griffes de suspension<\\\/strong>...<\\\/p>\\n\n\n<p>Ces <strong>rails \\u00e0 conducteurs incorpor\\u00e9s<\\\/strong>, ont la particularit\\u00e9 de pouvoir se travailler facilement et directement sur le chantier avec un outillage basique. Ce qui permet de r\\u00e9aliser la d\\u00e9coupe, le cintrage et l'assemblage, directement sur le lieu de pose.<\\\/p>\",\"margin\":\"default\"}},{\"type\":\"button\",\"props\":{\"animation\":\"scale-up\",\"button_size\":\"large\",\"grid_column_gap\":\"small\",\"grid_row_gap\":\"small\",\"margin\":\"large\",\"text_align\":\"center\"},\"children\":[{\"type\":\"button_item\",\"props\":{\"button_style\":\"secondary\",\"content\":\" Besoin d'un devis ? d'un conseil ? Contactez-nous\",\"icon\":\"forward\",\"icon_align\":\"left\",\"link\":\"fr\\\/contact-specialiste-transmission-electrique-pour-moteur-electrique\\\/\"}}]}]},{\"type\":\"column\",\"props\":{\"image_position\":\"center-center\",\"position_sticky_breakpoint\":\"m\",\"width_medium\":\"1-3\"},\"children\":[{\"type\":\"grid\",\"props\":{\"animation\":\"slide-right-medium\",\"content_column_breakpoint\":\"m\",\"filter_align\":\"left\",\"filter_all\":true,\"filter_grid_breakpoint\":\"m\",\"filter_grid_width\":\"auto\",\"filter_position\":\"top\",\"filter_style\":\"tab\",\"grid_default\":\"1\",\"grid_medium\":\"\",\"icon_width\":80,\"image_align\":\"bottom\",\"image_grid_breakpoint\":\"m\",\"image_grid_width\":\"1-2\",\"image_link\":true,\"image_svg_color\":\"emphasis\",\"image_transition\":\"scale-up\",\"image_width\":\"200\",\"item_animation\":true,\"lightbox\":false,\"link_style\":\"default\",\"link_target\":true,\"link_text\":\"\",\"margin\":\"default\",\"meta_align\":\"below-title\",\"meta_element\":\"div\",\"meta_style\":\"text-meta\",\"panel_padding\":\"default\",\"panel_style\":\"card-secondary\",\"parallax_easing\":\"1\",\"show_content\":true,\"show_image\":true,\"show_link\":true,\"show_meta\":true,\"show_title\":true,\"text_align\":\"center\",\"title_align\":\"top\",\"title_decoration\":\"divider\",\"title_element\":\"h3\",\"title_grid_breakpoint\":\"m\",\"title_grid_width\":\"1-2\",\"title_hover_style\":\"reset\",\"title_link\":true,\"title_style\":\"h5\"},\"children\":[{\"type\":\"grid_item\",\"props\":{\"content\":\"\n\n<p>Catalogue et fiche technique<br \\\/>des rails isol\\u00e9s FABA<\\\/p>\",\"image\":\"wp-content\\\/uploads\\\/catalogue-rail-alimentation-electrique-FABA.jpg\",\"image_alt\":\"catalogue des rails FABA pour l'alimentation \\u00e9lectrique des engins mobile\",\"link\":\"wp-content\\\/uploads\\\/catalogue-rail-alimentation-electrique-FABA.pdf\",\"title\":\"T\\u00e9l\\u00e9charger le document\"}}]}]}]}]},{\"type\":\"section\",\"props\":{\"animation\":\"scale-up\",\"animation_delay\":false,\"image_position\":\"center-center\",\"style\":\"default\",\"title_breakpoint\":\"xl\",\"title_position\":\"top-left\",\"title_rotation\":\"left\",\"vertical_align\":\"middle\",\"width\":\"large\"},\"children\":[{\"type\":\"row\",\"props\":{\"width\":\"large\"},\"children\":[{\"type\":\"column\",\"props\":{\"image_position\":\"center-center\",\"position_sticky_breakpoint\":\"m\",\"width_medium\":\"1-1\"},\"children\":[{\"type\":\"headline\",\"props\":{\"block_align\":\"center\",\"content\":\"\n\n<blockquote>\\n\n\n<p>ROUGIER Electrom\\u00e9canique, vous apportera tout son support technique afin d'\\u00e9tudier, concevoir et r\\u00e9aliser les rails d'alimentation \\u00e9lectrique adapt\\u00e9s \\u00e0 vos besoins en cherchant toujours \\u00e0 atteindre le meilleur rapport qualit\\u00e9\\\/prix.<\\\/p>\\n<\\\/blockquote>\",\"maxwidth\":\"2xlarge\",\"text_align\":\"center\",\"title_element\":\"div\",\"title_font_family\":\"tertiary\"}}]}]}]}],\"version\":\"4.0.7\"} --><\/p>\n","protected":false},"excerpt":{"rendered":"<p>Rails d&rsquo;alimentation \u00e9lectrique Conception, fabrication et r\u00e9parationde rails d&rsquo;alimentation \u00e9lectrique Initialement utilis\u00e9 dans les applications d&rsquo;alimentation de pont roulant, les rails \u00e9lectriques \u00e0 conducteurs isol\u00e9s sur lesquels frottent des pantographes \u00e0 simple ou double t\u00eate ont trouv\u00e9 un nouveau d\u00e9veloppement dans les industries de montage, principalement avec l&rsquo;arriv\u00e9e des circuits automoteurs dans l&rsquo;industrie automobile des [&hellip;]<\/p>\n","protected":false},"author":1,"featured_media":0,"parent":28,"menu_order":9,"comment_status":"closed","ping_status":"closed","template":"","meta":{"footnotes":""},"class_list":["post-807","page","type-page","status-publish","hentry"],"aioseo_notices":[],"_links":{"self":[{"href":"https:\/\/www.rougier-electro.fr\/fr\/wp-json\/wp\/v2\/pages\/807","targetHints":{"allow":["GET"]}}],"collection":[{"href":"https:\/\/www.rougier-electro.fr\/fr\/wp-json\/wp\/v2\/pages"}],"about":[{"href":"https:\/\/www.rougier-electro.fr\/fr\/wp-json\/wp\/v2\/types\/page"}],"author":[{"embeddable":true,"href":"https:\/\/www.rougier-electro.fr\/fr\/wp-json\/wp\/v2\/users\/1"}],"replies":[{"embeddable":true,"href":"https:\/\/www.rougier-electro.fr\/fr\/wp-json\/wp\/v2\/comments?post=807"}],"version-history":[{"count":0,"href":"https:\/\/www.rougier-electro.fr\/fr\/wp-json\/wp\/v2\/pages\/807\/revisions"}],"up":[{"embeddable":true,"href":"https:\/\/www.rougier-electro.fr\/fr\/wp-json\/wp\/v2\/pages\/28"}],"wp:attachment":[{"href":"https:\/\/www.rougier-electro.fr\/fr\/wp-json\/wp\/v2\/media?parent=807"}],"curies":[{"name":"wp","href":"https:\/\/api.w.org\/{rel}","templated":true}]}}