{"id":791,"date":"2020-02-28T10:37:32","date_gmt":"2020-02-28T09:37:32","guid":{"rendered":"http:\/\/test.rougier-electro.fr\/?page_id=791"},"modified":"2024-07-05T11:51:43","modified_gmt":"2024-07-05T09:51:43","slug":"fabrication-pieces-detachees-pour-moteurs-electriques","status":"publish","type":"page","link":"https:\/\/www.rougier-electro.fr\/fr\/produits\/fabrication-pieces-detachees-pour-moteurs-electriques\/","title":{"rendered":"Pi\u00e8ces d\u00e9tach\u00e9es"},"content":{"rendered":"<h1>\n<p>Pi\u00e8ces d\u00e9tach\u00e9es pour moteurs \u00e9lectriques<\/p>\n<\/h1>\n<div>\n<p>ROUGIER Electrom\u00e9canique <strong>accompagne depuis pr\u00e8s de cent ans les acteurs principaux de la r\u00e9paration de moteurs \u00e9lectriques<\/strong>, que ce soient les rebobiniers, ou les services de maintenance de l&rsquo;industrie. La <strong>qualit\u00e9 et la fiabilit\u00e9 reconnues de nos fabrications de balais en carbone, porte-charbon, collecteurs \u00e0 bagues ou \u00e0 lames<\/strong> est \u00e0 la base des relations commerciales durables que nous avons \u00e9tablies avec nos clients.<\/p>\n<\/div>\n<ul>\n<li>\n<p>        <img decoding=\"async\" src=\"https:\/\/www.rougier-electro.fr\/wp-content\/uploads\/pieces-detachees-moteurs-electriques-condensateurs-moteur-electrique.jpg\" alt=\"Pi\u00e8ces d\u00e9tach\u00e9es pour moteurs \u00e9lectriques - Condensateurs pour moteur \u00e9lectrique\"><\/p>\n<h2>Condensateurs pour moteur \u00e9lectrique<\/h2>\n<p>Condensateurs pour moteur \u00e9lectrique<\/p>\n<\/li>\n<li>\n<p>        <img decoding=\"async\" src=\"https:\/\/www.rougier-electro.fr\/wp-content\/uploads\/pieces-detachees-moteurs-electriques-plaque-a-bornes-moteur2.jpg\" alt=\"Pi\u00e8ces d\u00e9tach\u00e9es pour moteurs \u00e9lectriques - Plaques \u00e0 bornes moteur\"><\/p>\n<h2>Plaques \u00e0 bornes moteur<\/h2>\n<p>Plaques \u00e0 bornes moteur<\/p>\n<\/li>\n<li>\n<p>        <img decoding=\"async\" src=\"https:\/\/www.rougier-electro.fr\/wp-content\/uploads\/pieces-detachees-moteurs-electriques-couvercles-plaques-a-bornes.jpg\" alt=\"Pi\u00e8ces d\u00e9tach\u00e9es pour moteurs \u00e9lectriques - Couvercles plaques \u00e0 bornes\"><\/p>\n<h2>Couvercles plaques \u00e0 bornes<\/h2>\n<p>Couvercles plaques \u00e0 bornes<\/p>\n<\/li>\n<li>\n<p>        <img decoding=\"async\" src=\"https:\/\/www.rougier-electro.fr\/wp-content\/uploads\/pieces-detachees-moteurs-electriques-enrouleur-de-cables-a-rappel-automatique.jpg\" alt=\"Pi\u00e8ces d\u00e9tach\u00e9es pour moteurs \u00e9lectriques - Enrouleur de c\u00e2bles \u00e0 rappel automatique\"><\/p>\n<h2>Enrouleur de c\u00e2bles \u00e0 rappel automatique<\/h2>\n<p>Enrouleur de c\u00e2bles \u00e0 rappel automatique<\/p>\n<\/li>\n<li>\n<p>        <img decoding=\"async\" src=\"https:\/\/www.rougier-electro.fr\/wp-content\/uploads\/pieces-detachees-moteurs-electriques-isolateurs-electriques.jpg\" alt=\"Pi\u00e8ces d\u00e9tach\u00e9es pour moteurs \u00e9lectriques - Isolateurs \u00e9lectriques\"><\/p>\n<h2>Isolateurs \u00e9lectriques<\/h2>\n<p>Isolateurs \u00e9lectriques<\/p>\n<\/li>\n<li>\n<p>        <img decoding=\"async\" src=\"https:\/\/www.rougier-electro.fr\/wp-content\/uploads\/pieces-detachees-moteurs-electriques-ventilateurs-moteurs-electriques.jpg\" alt=\"Pi\u00e8ces d\u00e9tach\u00e9es pour moteurs \u00e9lectriques - Ventilateurs pour moteurs \u00e9lectriques\"><\/p>\n<h2>Ventilateurs pour moteurs \u00e9lectriques<\/h2>\n<p>Ventilateurs pour moteurs \u00e9lectriques<\/p>\n<\/li>\n<\/ul>\n<div>\n<p>Mais nous avons su \u00e9galement nous adapter \u00e0 leur demande de simplification des \u00e9changes, et c&rsquo;est pourquoi nous commercialisons \u00e9galement un<strong> large panel de pi\u00e8ces d\u00e9tach\u00e9es pour moteurs \u00e9lectriques telles que les plaques \u00e0 bornes moteurs et leurs accessoires, les condensateurs de d\u00e9marrage et permanents, les ventilateurs moteurs et leurs cache ventilateurs<\/strong>.<\/p>\n<p>Et comme nous tenons en stock pour nos propres besoins de production certains produits tels que les <strong>rubans de frettage, les vernis anti-flash ou d&rsquo;impr\u00e9gnation, les gaines isolantes silicone, acrylique et thermor\u00e9tractables, les c\u00e2bles double isolation haute temp\u00e9rature et les c\u00e2bles en cuivre nu toronn\u00e9s<\/strong>, nous avons d\u00e9cid\u00e9 de les inclure \u00e0 notre catalogue afin de couvrir un tr\u00e8s large \u00e9ventail de vos besoins en terme d&rsquo;accessoires de maintenance pour vos moteurs \u00e9lectriques.<\/p>\n<p>N&rsquo;h\u00e9sitez pas, non plus, \u00e0 <strong>nous consulter pour des composants d&rsquo;\u00e9lectronique de puissance comme les diodes, les ponts de diodes, les thyristors ou bien \u00e9galement les enrouleurs automatiques de c\u00e2bles<\/strong>.<\/p>\n<p>Nous proposons \u00e9galement une <strong>large gamme d&rsquo;isolateurs tonneaux ou jupes en r\u00e9sine polyester charg\u00e9e<\/strong>, d&rsquo;une tenue en temp\u00e9rature jusqu&rsquo;\u00e0 180\u00b0C en permanent, que vous retrouverez dans notre catalogue. Pour des tenues en temp\u00e9rature sup\u00e9rieures, nous consulter.<\/p>\n<\/div>\n<p>\n    <a href=\"https:\/\/www.rougier-electro.fr\/fr\/contact-specialiste-transmission-electrique-pour-moteur-electrique\/\"> Besoin d&rsquo;un devis ? d&rsquo;un conseil ? Contactez-nous<\/a>\n<\/p>\n<div>\n<p>    <img decoding=\"async\" src=\"https:\/\/www.rougier-electro.fr\/wp-content\/uploads\/catalogue-pieces-detachees-moteur-electrique.jpg\" alt=\"catalogue des accessoires pour moteur \u00e9lectrique\"><\/p>\n<h3>T\u00e9l\u00e9charger le document<\/h3>\n<div>\n<p>Catalogue de nos accessoires<br \/>pour moteurs \u00e9lectriques<\/p>\n<\/div>\n<p><a href=\"https:\/\/www.rougier-electro.fr\/wp-content\/uploads\/catalogue-pieces-detachees-moteur-electrique.pdf\"><\/a><\/p>\n<\/div>\n<div>\n<blockquote>\n<p>ROUGIER Electrom\u00e9canique, reste \u00e0 votre disposition pour toutes vos demandes d&rsquo;accessoires pour moteurs \u00e9lectrique, adapt\u00e9s \u00e0 vos besoins en cherchant toujours \u00e0 atteindre le meilleur rapport qualit\u00e9\/prix.<\/p>\n<\/blockquote>\n<\/div>\n<p><!--more--><br \/>\n<!-- {\"name\":\"20200228 produit-page\",\"type\":\"layout\",\"children\":[{\"type\":\"section\",\"props\":{\"animation\":\"fade\",\"animation_delay\":\"200\",\"image\":\"wp-content\\\/uploads\\\/cover-collecteur-electrique-tournant.jpg\",\"image_effect\":\"parallax\",\"image_parallax_bgy\":\"-100,100\",\"image_parallax_easing\":\"1\",\"image_position\":\"center-center\",\"image_size\":\"cover\",\"media_overlay\":\"rgba(0, 0, 0, 0.52)\",\"padding\":\"large\",\"style\":\"default\",\"text_color\":\"light\",\"title_breakpoint\":\"xl\",\"title_position\":\"top-left\",\"title_rotation\":\"left\",\"vertical_align\":\"middle\",\"width\":\"large\"},\"children\":[{\"type\":\"row\",\"props\":{\"margin\":\"remove-vertical\"},\"children\":[{\"type\":\"column\",\"props\":{\"image_position\":\"center-center\",\"position_sticky_breakpoint\":\"m\",\"width_medium\":\"1-1\"},\"children\":[{\"type\":\"headline\",\"props\":{\"content\":\"\n\n<p>Pi\\u00e8ces d\\u00e9tach\\u00e9es pour moteurs \\u00e9lectriques<\\\/p>\",\"text_align\":\"center\",\"title_element\":\"h1\",\"title_style\":\"heading-small\"},\"name\":\"Headline H1\"}]}]}],\"name\":\"Entete\"},{\"type\":\"section\",\"props\":{\"image_position\":\"center-center\",\"padding_remove_bottom\":true,\"style\":\"default\",\"title_breakpoint\":\"xl\",\"title_position\":\"top-left\",\"title_rotation\":\"left\",\"vertical_align\":\"middle\",\"width\":\"large\"},\"children\":[{\"type\":\"row\",\"children\":[{\"type\":\"column\",\"props\":{\"image_position\":\"center-center\",\"position_sticky_breakpoint\":\"m\",\"width_medium\":\"1-1\"},\"children\":[{\"type\":\"breadcrumbs\",\"props\":{\"show_current\":true,\"show_home\":true}}]}]}]},{\"type\":\"section\",\"props\":{\"animation\":\"fade\",\"animation_delay\":\"200\",\"image_position\":\"center-center\",\"style\":\"default\",\"title_breakpoint\":\"xl\",\"title_position\":\"top-left\",\"title_rotation\":\"left\",\"vertical_align\":\"middle\",\"width\":\"large\"},\"children\":[{\"type\":\"row\",\"props\":{\"column_gap\":\"large\",\"layout\":\"2-3,1-3\"},\"children\":[{\"type\":\"column\",\"props\":{\"image_position\":\"center-center\",\"position_sticky_breakpoint\":\"m\",\"width_medium\":\"2-3\"},\"children\":[{\"type\":\"text\",\"props\":{\"animation\":\"slide-left-medium\",\"column_breakpoint\":\"m\",\"content\":\"\n\n<p>ROUGIER Electrom\\u00e9canique <strong>accompagne depuis pr\\u00e8s de cent ans les acteurs principaux de la r\\u00e9paration de moteurs \\u00e9lectriques<\\\/strong>, que ce soient les rebobiniers, ou les services de maintenance de l'industrie. La <strong>qualit\\u00e9 et la fiabilit\\u00e9 reconnues de nos fabrications de balais en carbone, porte-charbon, collecteurs \\u00e0 bagues ou \\u00e0 lames<\\\/strong> est \\u00e0 la base des relations commerciales durables que nous avons \\u00e9tablies avec nos clients.<\\\/p>\",\"margin\":\"default\"}},{\"type\":\"slideshow\",\"props\":{\"block_align\":\"center\",\"image_loading\":true,\"link_style\":\"default\",\"link_text\":\"Read more\",\"margin\":\"default\",\"maxwidth\":\"xlarge\",\"meta_align\":\"below-title\",\"meta_element\":\"div\",\"meta_style\":\"text-meta\",\"nav\":\"thumbnav\",\"nav_align\":\"center\",\"nav_below\":true,\"nav_breakpoint\":\"s\",\"nav_position\":\"bottom-center\",\"nav_position_margin\":\"medium\",\"overlay_animation\":\"scale-up\",\"overlay_container_padding\":\"xsmall\",\"overlay_margin\":\"none\",\"overlay_padding\":\"small\",\"overlay_position\":\"bottom\",\"overlay_style\":\"overlay-default\",\"overlay_width\":\"medium\",\"show_content\":true,\"show_link\":false,\"show_meta\":true,\"show_thumbnail\":true,\"show_title\":false,\"slidenav\":\"default\",\"slidenav_breakpoint\":\"s\",\"slidenav_large\":true,\"slidenav_margin\":\"medium\",\"slidenav_outside_breakpoint\":\"xl\",\"slideshow_animation\":\"fade\",\"slideshow_autoplay\":true,\"slideshow_autoplay_interval\":\"3\",\"slideshow_autoplay_pause\":true,\"slideshow_box_shadow\":\"small\",\"slideshow_min_height\":\"\",\"text_align\":\"center\",\"text_color\":\"light\",\"thumbnav_height\":\"50\",\"thumbnav_svg_color\":\"emphasis\",\"thumbnav_width\":\"75\",\"title_color\":\"primary\",\"title_element\":\"h2\",\"title_style\":\"h6\"},\"children\":[{\"type\":\"slideshow_item\",\"props\":{\"content\":\"\",\"image\":\"wp-content\\\/uploads\\\/pieces-detachees-moteurs-electriques-condensateurs-moteur-electrique.jpg\",\"image_alt\":\"Pi\\u00e8ces d\\u00e9tach\\u00e9es pour moteurs \\u00e9lectriques - Condensateurs pour moteur \\u00e9lectrique\",\"meta\":\"Condensateurs pour moteur \\u00e9lectrique\",\"title\":\"Condensateurs pour moteur \\u00e9lectrique\"}},{\"type\":\"slideshow_item\",\"props\":{\"content\":\"\",\"image\":\"wp-content\\\/uploads\\\/pieces-detachees-moteurs-electriques-plaque-a-bornes-moteur2.jpg\",\"image_alt\":\"Pi\\u00e8ces d\\u00e9tach\\u00e9es pour moteurs \\u00e9lectriques - Plaques \\u00e0 bornes moteur\",\"meta\":\"Plaques \\u00e0 bornes moteur\",\"title\":\"Plaques \\u00e0 bornes moteur\"}},{\"type\":\"slideshow_item\",\"props\":{\"content\":\"\",\"image\":\"wp-content\\\/uploads\\\/pieces-detachees-moteurs-electriques-couvercles-plaques-a-bornes.jpg\",\"image_alt\":\"Pi\\u00e8ces d\\u00e9tach\\u00e9es pour moteurs \\u00e9lectriques - Couvercles plaques \\u00e0 bornes\",\"meta\":\"Couvercles plaques \\u00e0 bornes\",\"title\":\"Couvercles plaques \\u00e0 bornes\"}},{\"type\":\"slideshow_item\",\"props\":{\"content\":\"\",\"image\":\"wp-content\\\/uploads\\\/pieces-detachees-moteurs-electriques-enrouleur-de-cables-a-rappel-automatique.jpg\",\"image_alt\":\"Pi\\u00e8ces d\\u00e9tach\\u00e9es pour moteurs \\u00e9lectriques - Enrouleur de c\\u00e2bles \\u00e0 rappel automatique\",\"meta\":\"Enrouleur de c\\u00e2bles \\u00e0 rappel automatique\",\"title\":\"Enrouleur de c\\u00e2bles \\u00e0 rappel automatique\"}},{\"type\":\"slideshow_item\",\"props\":{\"content\":\"\",\"image\":\"wp-content\\\/uploads\\\/pieces-detachees-moteurs-electriques-isolateurs-electriques.jpg\",\"image_alt\":\"Pi\\u00e8ces d\\u00e9tach\\u00e9es pour moteurs \\u00e9lectriques - Isolateurs \\u00e9lectriques\",\"meta\":\"Isolateurs \\u00e9lectriques\",\"title\":\"Isolateurs \\u00e9lectriques\"}},{\"type\":\"slideshow_item\",\"props\":{\"content\":\"\",\"image\":\"wp-content\\\/uploads\\\/pieces-detachees-moteurs-electriques-ventilateurs-moteurs-electriques.jpg\",\"image_alt\":\"Pi\\u00e8ces d\\u00e9tach\\u00e9es pour moteurs \\u00e9lectriques - Ventilateurs pour moteurs \\u00e9lectriques\",\"meta\":\"Ventilateurs pour moteurs \\u00e9lectriques\",\"title\":\"Ventilateurs pour moteurs \\u00e9lectriques\"}}]},{\"type\":\"text\",\"props\":{\"animation\":\"slide-left-medium\",\"column_breakpoint\":\"m\",\"content\":\"\n\n<p>Mais nous avons su \\u00e9galement nous adapter \\u00e0 leur demande de simplification des \\u00e9changes, et c'est pourquoi nous commercialisons \\u00e9galement un<strong> large panel de pi\\u00e8ces d\\u00e9tach\\u00e9es pour moteurs \\u00e9lectriques telles que les plaques \\u00e0 bornes moteurs et leurs accessoires, les condensateurs de d\\u00e9marrage et permanents, les ventilateurs moteurs et leurs cache ventilateurs<\\\/strong>.<\\\/p>\\n\n\n<p>Et comme nous tenons en stock pour nos propres besoins de production certains produits tels que les <strong>rubans de frettage, les vernis anti-flash ou d'impr\\u00e9gnation, les gaines isolantes silicone, acrylique et thermor\\u00e9tractables, les c\\u00e2bles double isolation haute temp\\u00e9rature et les c\\u00e2bles en cuivre nu toronn\\u00e9s<\\\/strong>, nous avons d\\u00e9cid\\u00e9 de les inclure \\u00e0 notre catalogue afin de couvrir un tr\\u00e8s large \\u00e9ventail de vos besoins en terme d'accessoires de maintenance pour vos moteurs \\u00e9lectriques.<\\\/p>\\n\n\n<p>N'h\\u00e9sitez pas, non plus, \\u00e0 <strong>nous consulter pour des composants d'\\u00e9lectronique de puissance comme les diodes, les ponts de diodes, les thyristors ou bien \\u00e9galement les enrouleurs automatiques de c\\u00e2bles<\\\/strong>.<\\\/p>\\n\n\n<p>Nous proposons \\u00e9galement une <strong>large gamme d'isolateurs tonneaux ou jupes en r\\u00e9sine polyester charg\\u00e9e<\\\/strong>, d'une tenue en temp\\u00e9rature jusqu'\\u00e0 180\\u00b0C en permanent, que vous retrouverez dans notre catalogue. Pour des tenues en temp\\u00e9rature sup\\u00e9rieures, nous consulter.<\\\/p>\",\"margin\":\"default\"}},{\"type\":\"button\",\"props\":{\"animation\":\"scale-up\",\"button_size\":\"large\",\"grid_column_gap\":\"small\",\"grid_row_gap\":\"small\",\"margin\":\"large\",\"text_align\":\"center\"},\"children\":[{\"type\":\"button_item\",\"props\":{\"button_style\":\"secondary\",\"content\":\" Besoin d'un devis ? d'un conseil ? Contactez-nous\",\"icon\":\"forward\",\"icon_align\":\"left\",\"link\":\"fr\\\/contact-specialiste-transmission-electrique-pour-moteur-electrique\\\/\"}}]}]},{\"type\":\"column\",\"props\":{\"image_position\":\"center-center\",\"position_sticky_breakpoint\":\"m\",\"width_medium\":\"1-3\"},\"children\":[{\"type\":\"grid\",\"props\":{\"animation\":\"slide-right-medium\",\"content_column_breakpoint\":\"m\",\"filter_align\":\"left\",\"filter_all\":true,\"filter_grid_breakpoint\":\"m\",\"filter_grid_width\":\"auto\",\"filter_position\":\"top\",\"filter_style\":\"tab\",\"grid_default\":\"1\",\"grid_medium\":\"\",\"icon_width\":80,\"image_align\":\"bottom\",\"image_grid_breakpoint\":\"m\",\"image_grid_width\":\"1-2\",\"image_link\":true,\"image_svg_color\":\"emphasis\",\"image_transition\":\"scale-up\",\"image_width\":\"200\",\"item_animation\":true,\"lightbox\":false,\"link_style\":\"default\",\"link_target\":true,\"link_text\":\"\",\"margin\":\"default\",\"meta_align\":\"below-title\",\"meta_element\":\"div\",\"meta_style\":\"text-meta\",\"panel_padding\":\"default\",\"panel_style\":\"card-secondary\",\"parallax_easing\":\"1\",\"show_content\":true,\"show_image\":true,\"show_link\":true,\"show_meta\":true,\"show_title\":true,\"text_align\":\"center\",\"title_align\":\"top\",\"title_decoration\":\"divider\",\"title_element\":\"h3\",\"title_grid_breakpoint\":\"m\",\"title_grid_width\":\"1-2\",\"title_hover_style\":\"reset\",\"title_link\":true,\"title_style\":\"h5\"},\"children\":[{\"type\":\"grid_item\",\"props\":{\"content\":\"\n\n<p>Catalogue de nos accessoires<br \\\/>pour moteurs \\u00e9lectriques<\\\/p>\",\"image\":\"wp-content\\\/uploads\\\/catalogue-pieces-detachees-moteur-electrique.jpg\",\"image_alt\":\"catalogue des accessoires pour moteur \\u00e9lectrique\",\"link\":\"wp-content\\\/uploads\\\/catalogue-pieces-detachees-moteur-electrique.pdf\",\"title\":\"T\\u00e9l\\u00e9charger le document\"}}]}]}]}]},{\"type\":\"section\",\"props\":{\"animation\":\"scale-up\",\"animation_delay\":false,\"image_position\":\"center-center\",\"style\":\"default\",\"title_breakpoint\":\"xl\",\"title_position\":\"top-left\",\"title_rotation\":\"left\",\"vertical_align\":\"middle\",\"width\":\"large\"},\"children\":[{\"type\":\"row\",\"props\":{\"width\":\"large\"},\"children\":[{\"type\":\"column\",\"props\":{\"image_position\":\"center-center\",\"position_sticky_breakpoint\":\"m\",\"width_medium\":\"1-1\"},\"children\":[{\"type\":\"headline\",\"props\":{\"block_align\":\"center\",\"content\":\"\n\n<blockquote>\\n\n\n<p>ROUGIER Electrom\\u00e9canique, reste \\u00e0 votre disposition pour toutes vos demandes d'accessoires pour moteurs \\u00e9lectrique, adapt\\u00e9s \\u00e0 vos besoins en cherchant toujours \\u00e0 atteindre le meilleur rapport qualit\\u00e9\\\/prix.<\\\/p>\\n<\\\/blockquote>\",\"maxwidth\":\"2xlarge\",\"text_align\":\"center\",\"title_element\":\"div\",\"title_font_family\":\"tertiary\"}}]}]}]}],\"version\":\"4.0.7\"} --><\/p>\n","protected":false},"excerpt":{"rendered":"<p>Pi\u00e8ces d\u00e9tach\u00e9es pour moteurs \u00e9lectriques ROUGIER Electrom\u00e9canique accompagne depuis pr\u00e8s de cent ans les acteurs principaux de la r\u00e9paration de moteurs \u00e9lectriques, que ce soient les rebobiniers, ou les services de maintenance de l&rsquo;industrie. La qualit\u00e9 et la fiabilit\u00e9 reconnues de nos fabrications de balais en carbone, porte-charbon, collecteurs \u00e0 bagues ou \u00e0 lames est [&hellip;]<\/p>\n","protected":false},"author":1,"featured_media":0,"parent":28,"menu_order":8,"comment_status":"closed","ping_status":"closed","template":"","meta":{"footnotes":""},"class_list":["post-791","page","type-page","status-publish","hentry"],"aioseo_notices":[],"_links":{"self":[{"href":"https:\/\/www.rougier-electro.fr\/fr\/wp-json\/wp\/v2\/pages\/791","targetHints":{"allow":["GET"]}}],"collection":[{"href":"https:\/\/www.rougier-electro.fr\/fr\/wp-json\/wp\/v2\/pages"}],"about":[{"href":"https:\/\/www.rougier-electro.fr\/fr\/wp-json\/wp\/v2\/types\/page"}],"author":[{"embeddable":true,"href":"https:\/\/www.rougier-electro.fr\/fr\/wp-json\/wp\/v2\/users\/1"}],"replies":[{"embeddable":true,"href":"https:\/\/www.rougier-electro.fr\/fr\/wp-json\/wp\/v2\/comments?post=791"}],"version-history":[{"count":0,"href":"https:\/\/www.rougier-electro.fr\/fr\/wp-json\/wp\/v2\/pages\/791\/revisions"}],"up":[{"embeddable":true,"href":"https:\/\/www.rougier-electro.fr\/fr\/wp-json\/wp\/v2\/pages\/28"}],"wp:attachment":[{"href":"https:\/\/www.rougier-electro.fr\/fr\/wp-json\/wp\/v2\/media?parent=791"}],"curies":[{"name":"wp","href":"https:\/\/api.w.org\/{rel}","templated":true}]}}