{"id":763,"date":"2020-02-28T10:08:53","date_gmt":"2020-02-28T09:08:53","guid":{"rendered":"http:\/\/test.rougier-electro.fr\/?page_id=763"},"modified":"2024-07-05T11:41:44","modified_gmt":"2024-07-05T09:41:44","slug":"fabrication-frotteurs-et-capteurs-de-courant","status":"publish","type":"page","link":"https:\/\/www.rougier-electro.fr\/fr\/produits\/fabrication-frotteurs-et-capteurs-de-courant\/","title":{"rendered":"Frotteurs et capteurs de courant"},"content":{"rendered":"<h1>Frotteurs et capteurs de courant<\/h1>\n<h2>Conception, fabrication et r\u00e9paration<br \/>de frotteurs et capteurs de courant<\/h2>\n<div>\n<p>Que vous soyez un bureau d&rsquo;\u00e9tude cherchant des solutions techniques dans le domaine des alimentations \u00e9lectriques mobiles ou que vous soyez un service de maintenance confront\u00e9 aux difficult\u00e9s de trouver des pi\u00e8ces de rechange pour vos installations. La soci\u00e9t\u00e9 ROUGIER Electrom\u00e9canique est <strong>votre interlocuteur pour la r\u00e9alisation des syst\u00e8mes de contacts \u00e9lectriques glissants<\/strong>.<\/p>\n<\/div>\n<ul>\n<li>\n<p>        <img decoding=\"async\" src=\"https:\/\/www.rougier-electro.fr\/wp-content\/uploads\/frotteurs-et-capteurs-courant-frotteur-double-pour-ligne-souple.jpg\" alt=\"Frotteurs et capteurs de courant - Frotteur double pour ligne souple\"><\/p>\n<h2>Frotteur double pour ligne souple<\/h2>\n<p>Frotteur double pour ligne souple<\/p>\n<\/li>\n<li>\n<p>        <img decoding=\"async\" src=\"https:\/\/www.rougier-electro.fr\/wp-content\/uploads\/frotteurs-et-capteurs-courant-frotteur-en-graphite-cuivre.jpg\" alt=\"Frotteurs et capteurs de courant - Frotteur en graphite cuivr\u00e9\"><\/p>\n<h2>Frotteur en graphite cuivr\u00e9<\/h2>\n<p>Frotteur en graphite cuivr\u00e9<\/p>\n<\/li>\n<li>\n<p>        <img decoding=\"async\" src=\"https:\/\/www.rougier-electro.fr\/wp-content\/uploads\/frotteurs-et-capteurs-courant-frotteur-ferroviaire.jpg\" alt=\"Frotteurs et capteurs de courant - Frotteur ferroviaire\"><\/p>\n<h2>Frotteur ferroviaire<\/h2>\n<p>Frotteur ferroviaire<\/p>\n<\/li>\n<li>\n<p>        <img decoding=\"async\" src=\"https:\/\/www.rougier-electro.fr\/wp-content\/uploads\/frotteurs-et-capteurs-courant-frotteur-graphite-forme-os-a-moelle.jpg\" alt=\"Frotteurs et capteurs de courant - Frotteur graphite en forme d'os \u00e0 moelle\"><\/p>\n<h2>Frotteur graphite en forme d&rsquo;os \u00e0 moelle<\/h2>\n<p>Frotteur graphite en forme d&rsquo;os \u00e0 moelle<\/p>\n<\/li>\n<li>\n<p>        <img decoding=\"async\" src=\"https:\/\/www.rougier-electro.fr\/wp-content\/uploads\/frotteurs-et-capteurs-courant-brosse-mise-a-la-terre.jpg\" alt=\"Frotteurs et capteurs de courant - Brosse de mise \u00e0 la terre\"><\/p>\n<h2>Brosse de mise \u00e0 la terre<\/h2>\n<p>Brosse de mise \u00e0 la terre<\/p>\n<\/li>\n<\/ul>\n<div>\n<p>Qu&rsquo;il s&rsquo;agisse de <strong>frotteurs en graphite, en bronze ou en cuivre, frottant sur des syst\u00e8mes d&rsquo;alimentation par rails nus, isol\u00e9s, voire sur fils<\/strong>. Que vous souhaitiez trouver des <strong>capteurs de courant mont\u00e9s sur bras,\u00a0sur pantographes, ou par syst\u00e8me \u00e0 pistons<\/strong>. Nous sommes \u00e0 m\u00eame de vous proposer la solution la mieux adapt\u00e9e \u00e0 vos besoins, ou de vous accompagner dans le d\u00e9veloppement de vos propres capteurs de courant. Et ce, dans des domaines aussi diff\u00e9rents que les syst\u00e8mes d&rsquo;alimentation de grues, de ponts roulants, de transtockeur, le rechargement de batteries automatis\u00e9, les syst\u00e8mes de mise \u00e0 la masse pour la soudure en continue, les brosses de mise \u00e0 la terre, les contacts pour ascenseurs ou pour chariots de manutention, ainsi que les pi\u00e8ces de contact pour rh\u00e9ostat&#8230;<\/p>\n<\/div>\n<div>\n<p>Notre exp\u00e9rience bient\u00f4t centenaire nous permet de disposer d&rsquo;une comp\u00e9tence particuli\u00e8rement \u00e9tendue dans ce domaine, et nos capacit\u00e9s de production, nous conf\u00e8rent la <strong>possibilit\u00e9 de travailler de la pi\u00e8ce unique jusqu&rsquo;\u00e0 la grande s\u00e9rie<\/strong>. Nous disposons pour ce faire d&rsquo;un parc machine sp\u00e9cialement d\u00e9di\u00e9 \u00e0 l&rsquo;usinage des graphites \u00e9lectriques ou au travail des m\u00e9taux.<\/p>\n<p>Pour compl\u00e9ter notre gamme de frotteurs, nous disposons \u00e9galement, de <strong>solutions d&rsquo;isolation telles que les isolateurs basse ou haute temp\u00e9rature, de capacit\u00e9s d&rsquo;usinage des mat\u00e9riaux composites, voire le moulage par compression de pi\u00e8ces plus sp\u00e9cifiques<\/strong>.<\/p>\n<p>En plus de cette gamme de fabrication nous pouvons \u00e9galement vous proposer des <strong>alimentations \u00e9lectriques par guirlandes, ou par enrouleurs \u00e0 rappel automatique, ainsi que toute une gamme de rails d&rsquo;alimentation \u00e0 conducteurs isol\u00e9s<\/strong>.<\/p>\n<\/div>\n<p>\n    <a href=\"https:\/\/www.rougier-electro.fr\/fr\/contact-specialiste-transmission-electrique-pour-moteur-electrique\/\"> Besoin d&rsquo;un devis ? d&rsquo;un conseil ? Contactez-nous<\/a>\n<\/p>\n<div>\n<p><img decoding=\"async\" src=\"https:\/\/www.rougier-electro.fr\/wp-content\/uploads\/catalogue-frotteurs-capteurs-courant.jpg\" alt=\"catalogue des frotteurs et capteurs de courant\"><\/p>\n<h3>T\u00e9l\u00e9charger le document<\/h3>\n<div>\n<p>Catalogue des frotteurs<br \/>et capteurs de courant<\/p>\n<\/div>\n<p><a href=\"https:\/\/www.rougier-electro.fr\/wp-content\/uploads\/catalogue-frotteurs-capteurs-courant.pdf\"><\/a><\/p>\n<\/div>\n<div>\n<blockquote>\n<p>ROUGIER Electrom\u00e9canique, vous apportera tout son support technique afin d&rsquo;\u00e9tudier, concevoir et r\u00e9aliser les capteurs ou frotteurs de courant adapt\u00e9s \u00e0 vos besoins en cherchant toujours \u00e0 atteindre le meilleur rapport qualit\u00e9\/prix.<\/p>\n<\/blockquote>\n<\/div>\n<p><!--more--><br \/>\n<!-- {\"name\":\"20200228 produit-page\",\"type\":\"layout\",\"children\":[{\"type\":\"section\",\"props\":{\"animation\":\"fade\",\"animation_delay\":\"200\",\"image\":\"wp-content\\\/uploads\\\/cover-collecteur-electrique-tournant.jpg\",\"image_effect\":\"parallax\",\"image_parallax_bgy\":\"-100,100\",\"image_parallax_easing\":\"1\",\"image_position\":\"center-center\",\"image_size\":\"cover\",\"media_overlay\":\"rgba(0, 0, 0, 0.52)\",\"padding\":\"large\",\"style\":\"default\",\"text_color\":\"light\",\"title_breakpoint\":\"xl\",\"title_position\":\"top-left\",\"title_rotation\":\"left\",\"vertical_align\":\"\",\"width\":\"large\"},\"children\":[{\"type\":\"row\",\"props\":{\"margin\":\"remove-vertical\"},\"children\":[{\"type\":\"column\",\"props\":{\"image_position\":\"center-center\",\"position_sticky_breakpoint\":\"m\",\"width_medium\":\"1-1\"},\"children\":[{\"type\":\"headline\",\"props\":{\"content\":\"Frotteurs et capteurs de courant\",\"text_align\":\"center\",\"title_element\":\"h1\",\"title_style\":\"heading-small\"},\"name\":\"Headline H1\"}]}]}],\"name\":\"Entete\"},{\"type\":\"section\",\"props\":{\"image_position\":\"center-center\",\"padding_remove_bottom\":true,\"style\":\"default\",\"title_breakpoint\":\"xl\",\"title_position\":\"top-left\",\"title_rotation\":\"left\",\"vertical_align\":\"\",\"width\":\"large\"},\"children\":[{\"type\":\"row\",\"children\":[{\"type\":\"column\",\"props\":{\"image_position\":\"center-center\",\"position_sticky_breakpoint\":\"m\",\"width_medium\":\"1-1\"},\"children\":[{\"type\":\"breadcrumbs\",\"props\":{\"show_current\":true,\"show_home\":true}}]}]}]},{\"type\":\"section\",\"props\":{\"image_position\":\"center-center\",\"style\":\"default\",\"title_breakpoint\":\"xl\",\"title_position\":\"top-left\",\"title_rotation\":\"left\",\"vertical_align\":\"\",\"width\":\"large\"},\"children\":[{\"type\":\"row\",\"children\":[{\"type\":\"column\",\"props\":{\"image_position\":\"center-center\",\"position_sticky_breakpoint\":\"m\",\"width_medium\":\"1-1\"},\"children\":[{\"type\":\"headline\",\"props\":{\"content\":\"Conception, fabrication et r\\u00e9paration<br \\\/>de frotteurs et capteurs de courant\",\"text_align\":\"center\",\"title_element\":\"h2\",\"title_style\":\"h2\"},\"name\":\"Headline H2\"}]}]}]},{\"type\":\"section\",\"props\":{\"animation\":\"fade\",\"animation_delay\":\"200\",\"image_position\":\"center-center\",\"style\":\"default\",\"title_breakpoint\":\"xl\",\"title_position\":\"top-left\",\"title_rotation\":\"left\",\"vertical_align\":\"\",\"width\":\"large\"},\"children\":[{\"type\":\"row\",\"props\":{\"column_gap\":\"large\",\"layout\":\"2-3,1-3\"},\"children\":[{\"type\":\"column\",\"props\":{\"image_position\":\"center-center\",\"position_sticky_breakpoint\":\"m\",\"width_medium\":\"2-3\"},\"children\":[{\"type\":\"text\",\"props\":{\"animation\":\"slide-left-medium\",\"column_breakpoint\":\"m\",\"content\":\"\n\n<p>Que vous soyez un bureau d'\\u00e9tude cherchant des solutions techniques dans le domaine des alimentations \\u00e9lectriques mobiles ou que vous soyez un service de maintenance confront\\u00e9 aux difficult\\u00e9s de trouver des pi\\u00e8ces de rechange pour vos installations. La soci\\u00e9t\\u00e9 ROUGIER Electrom\\u00e9canique est <strong>votre interlocuteur pour la r\\u00e9alisation des syst\\u00e8mes de contacts \\u00e9lectriques glissants<\\\/strong>.<\\\/p>\",\"margin\":\"default\"}},{\"type\":\"slideshow\",\"props\":{\"block_align\":\"center\",\"image_loading\":true,\"link_style\":\"default\",\"link_text\":\"Read more\",\"margin\":\"default\",\"maxwidth\":\"xlarge\",\"meta_align\":\"below-title\",\"meta_element\":\"div\",\"meta_style\":\"text-meta\",\"nav\":\"thumbnav\",\"nav_align\":\"center\",\"nav_below\":true,\"nav_breakpoint\":\"s\",\"nav_position\":\"bottom-center\",\"nav_position_margin\":\"medium\",\"overlay_animation\":\"scale-up\",\"overlay_container_padding\":\"xsmall\",\"overlay_margin\":\"none\",\"overlay_padding\":\"small\",\"overlay_position\":\"bottom\",\"overlay_style\":\"overlay-default\",\"overlay_width\":\"medium\",\"show_content\":true,\"show_link\":false,\"show_meta\":true,\"show_thumbnail\":true,\"show_title\":false,\"slidenav\":\"default\",\"slidenav_breakpoint\":\"s\",\"slidenav_large\":true,\"slidenav_margin\":\"medium\",\"slidenav_outside_breakpoint\":\"xl\",\"slideshow_animation\":\"fade\",\"slideshow_autoplay\":true,\"slideshow_autoplay_interval\":\"3\",\"slideshow_autoplay_pause\":true,\"slideshow_box_shadow\":\"small\",\"slideshow_min_height\":\"\",\"text_align\":\"center\",\"text_color\":\"light\",\"thumbnav_height\":\"50\",\"thumbnav_svg_color\":\"emphasis\",\"thumbnav_width\":\"75\",\"title_color\":\"primary\",\"title_element\":\"h2\",\"title_style\":\"h6\"},\"children\":[{\"type\":\"slideshow_item\",\"props\":{\"content\":\"\",\"image\":\"wp-content\\\/uploads\\\/frotteurs-et-capteurs-courant-frotteur-double-pour-ligne-souple.jpg\",\"image_alt\":\"Frotteurs et capteurs de courant - Frotteur double pour ligne souple\",\"meta\":\"Frotteur double pour ligne souple\",\"title\":\"Frotteur double pour ligne souple\"}},{\"type\":\"slideshow_item\",\"props\":{\"content\":\"\",\"image\":\"wp-content\\\/uploads\\\/frotteurs-et-capteurs-courant-frotteur-en-graphite-cuivre.jpg\",\"image_alt\":\"Frotteurs et capteurs de courant - Frotteur en graphite cuivr\\u00e9\",\"meta\":\"Frotteur en graphite cuivr\\u00e9\",\"title\":\"Frotteur en graphite cuivr\\u00e9\"}},{\"type\":\"slideshow_item\",\"props\":{\"content\":\"\",\"image\":\"wp-content\\\/uploads\\\/frotteurs-et-capteurs-courant-frotteur-ferroviaire.jpg\",\"image_alt\":\"Frotteurs et capteurs de courant - Frotteur ferroviaire\",\"meta\":\"Frotteur ferroviaire\",\"title\":\"Frotteur ferroviaire\"}},{\"type\":\"slideshow_item\",\"props\":{\"content\":\"\",\"image\":\"wp-content\\\/uploads\\\/frotteurs-et-capteurs-courant-frotteur-graphite-forme-os-a-moelle.jpg\",\"image_alt\":\"Frotteurs et capteurs de courant - Frotteur graphite en forme d'os \\u00e0 moelle\",\"meta\":\"Frotteur graphite en forme d'os \\u00e0 moelle\",\"title\":\"Frotteur graphite en forme d'os \\u00e0 moelle\"}},{\"type\":\"slideshow_item\",\"props\":{\"content\":\"\",\"image\":\"wp-content\\\/uploads\\\/frotteurs-et-capteurs-courant-brosse-mise-a-la-terre.jpg\",\"image_alt\":\"Frotteurs et capteurs de courant - Brosse de mise \\u00e0 la terre\",\"meta\":\"Brosse de mise \\u00e0 la terre\",\"title\":\"Brosse de mise \\u00e0 la terre\"}}]},{\"type\":\"text\",\"props\":{\"animation\":\"slide-left-medium\",\"column_breakpoint\":\"m\",\"content\":\"\n\n<p>Qu'il s'agisse de <strong>frotteurs en graphite, en bronze ou en cuivre, frottant sur des syst\\u00e8mes d'alimentation par rails nus, isol\\u00e9s, voire sur fils<\\\/strong>. Que vous souhaitiez trouver des <strong>capteurs de courant mont\\u00e9s sur bras,\\u00a0sur pantographes, ou par syst\\u00e8me \\u00e0 pistons<\\\/strong>. Nous sommes \\u00e0 m\\u00eame de vous proposer la solution la mieux adapt\\u00e9e \\u00e0 vos besoins, ou de vous accompagner dans le d\\u00e9veloppement de vos propres capteurs de courant. Et ce, dans des domaines aussi diff\\u00e9rents que les syst\\u00e8mes d'alimentation de grues, de ponts roulants, de transtockeur, le rechargement de batteries automatis\\u00e9, les syst\\u00e8mes de mise \\u00e0 la masse pour la soudure en continue, les brosses de mise \\u00e0 la terre, les contacts pour ascenseurs ou pour chariots de manutention, ainsi que les pi\\u00e8ces de contact pour rh\\u00e9ostat...<\\\/p>\",\"margin\":\"default\"}},{\"type\":\"text\",\"props\":{\"column_breakpoint\":\"m\",\"content\":\"\n\n<p>Notre exp\\u00e9rience bient\\u00f4t centenaire nous permet de disposer d'une comp\\u00e9tence particuli\\u00e8rement \\u00e9tendue dans ce domaine, et nos capacit\\u00e9s de production, nous conf\\u00e8rent la <strong>possibilit\\u00e9 de travailler de la pi\\u00e8ce unique jusqu'\\u00e0 la grande s\\u00e9rie<\\\/strong>. Nous disposons pour ce faire d'un parc machine sp\\u00e9cialement d\\u00e9di\\u00e9 \\u00e0 l'usinage des graphites \\u00e9lectriques ou au travail des m\\u00e9taux.<\\\/p>\\n\n\n<p>Pour compl\\u00e9ter notre gamme de frotteurs, nous disposons \\u00e9galement, de <strong>solutions d'isolation telles que les isolateurs basse ou haute temp\\u00e9rature, de capacit\\u00e9s d'usinage des mat\\u00e9riaux composites, voire le moulage par compression de pi\\u00e8ces plus sp\\u00e9cifiques<\\\/strong>.<\\\/p>\\n\n\n<p>En plus de cette gamme de fabrication nous pouvons \\u00e9galement vous proposer des <strong>alimentations \\u00e9lectriques par guirlandes, ou par enrouleurs \\u00e0 rappel automatique, ainsi que toute une gamme de rails d'alimentation \\u00e0 conducteurs isol\\u00e9s<\\\/strong>.<\\\/p>\",\"margin\":\"default\"}},{\"type\":\"button\",\"props\":{\"animation\":\"scale-up\",\"button_size\":\"large\",\"grid_column_gap\":\"small\",\"grid_row_gap\":\"small\",\"margin\":\"large\",\"text_align\":\"center\"},\"children\":[{\"type\":\"button_item\",\"props\":{\"button_style\":\"secondary\",\"content\":\" Besoin d'un devis ? d'un conseil ? Contactez-nous\",\"icon\":\"forward\",\"icon_align\":\"left\",\"link\":\"fr\\\/contact-specialiste-transmission-electrique-pour-moteur-electrique\\\/\"}}]}]},{\"type\":\"column\",\"props\":{\"image_position\":\"center-center\",\"position_sticky_breakpoint\":\"m\",\"width_medium\":\"1-3\"},\"children\":[{\"type\":\"grid\",\"props\":{\"animation\":\"slide-right-medium\",\"content_column_breakpoint\":\"m\",\"filter_align\":\"left\",\"filter_all\":true,\"filter_grid_breakpoint\":\"m\",\"filter_grid_width\":\"auto\",\"filter_position\":\"top\",\"filter_style\":\"tab\",\"grid_default\":\"1\",\"grid_medium\":\"\",\"icon_width\":80,\"image_align\":\"bottom\",\"image_grid_breakpoint\":\"m\",\"image_grid_width\":\"1-2\",\"image_link\":true,\"image_svg_color\":\"emphasis\",\"image_transition\":\"scale-up\",\"image_width\":\"200\",\"item_animation\":true,\"lightbox\":false,\"link_style\":\"default\",\"link_target\":true,\"link_text\":\"\",\"margin\":\"default\",\"meta_align\":\"below-title\",\"meta_element\":\"div\",\"meta_style\":\"text-meta\",\"panel_padding\":\"default\",\"panel_style\":\"card-secondary\",\"parallax_easing\":\"1\",\"show_content\":true,\"show_image\":true,\"show_link\":true,\"show_meta\":true,\"show_title\":true,\"text_align\":\"center\",\"title_align\":\"top\",\"title_decoration\":\"divider\",\"title_element\":\"h3\",\"title_grid_breakpoint\":\"m\",\"title_grid_width\":\"1-2\",\"title_hover_style\":\"reset\",\"title_link\":true,\"title_style\":\"h5\"},\"children\":[{\"type\":\"grid_item\",\"props\":{\"content\":\"\n\n<p>Catalogue des frotteurs<br \\\/>et capteurs de courant<\\\/p>\",\"image\":\"wp-content\\\/uploads\\\/catalogue-frotteurs-capteurs-courant.jpg\",\"image_alt\":\"catalogue des frotteurs et capteurs de courant\",\"link\":\"wp-content\\\/uploads\\\/catalogue-frotteurs-capteurs-courant.pdf\",\"title\":\"T\\u00e9l\\u00e9charger le document\"}}]}]}]}]},{\"type\":\"section\",\"props\":{\"animation\":\"scale-up\",\"animation_delay\":false,\"image_position\":\"center-center\",\"style\":\"default\",\"title_breakpoint\":\"xl\",\"title_position\":\"top-left\",\"title_rotation\":\"left\",\"vertical_align\":\"\",\"width\":\"large\"},\"children\":[{\"type\":\"row\",\"props\":{\"width\":\"large\"},\"children\":[{\"type\":\"column\",\"props\":{\"image_position\":\"center-center\",\"position_sticky_breakpoint\":\"m\",\"width_medium\":\"1-1\"},\"children\":[{\"type\":\"headline\",\"props\":{\"block_align\":\"center\",\"content\":\"\n\n<blockquote>\\n\n\n<p>ROUGIER Electrom\\u00e9canique, vous apportera tout son support technique afin d'\\u00e9tudier, concevoir et r\\u00e9aliser les capteurs ou frotteurs de courant adapt\\u00e9s \\u00e0 vos besoins en cherchant toujours \\u00e0 atteindre le meilleur rapport qualit\\u00e9\\\/prix.<\\\/p>\\n<\\\/blockquote>\",\"maxwidth\":\"2xlarge\",\"text_align\":\"center\",\"title_element\":\"div\",\"title_font_family\":\"tertiary\"}}]}]}]}],\"version\":\"4.4.4\"} --><\/p>\n","protected":false},"excerpt":{"rendered":"<p>Frotteurs et capteurs de courant Conception, fabrication et r\u00e9parationde frotteurs et capteurs de courant Que vous soyez un bureau d&rsquo;\u00e9tude cherchant des solutions techniques dans le domaine des alimentations \u00e9lectriques mobiles ou que vous soyez un service de maintenance confront\u00e9 aux difficult\u00e9s de trouver des pi\u00e8ces de rechange pour vos installations. La soci\u00e9t\u00e9 ROUGIER Electrom\u00e9canique [&hellip;]<\/p>\n","protected":false},"author":1,"featured_media":0,"parent":28,"menu_order":6,"comment_status":"closed","ping_status":"closed","template":"","meta":{"footnotes":""},"class_list":["post-763","page","type-page","status-publish","hentry"],"aioseo_notices":[],"_links":{"self":[{"href":"https:\/\/www.rougier-electro.fr\/fr\/wp-json\/wp\/v2\/pages\/763","targetHints":{"allow":["GET"]}}],"collection":[{"href":"https:\/\/www.rougier-electro.fr\/fr\/wp-json\/wp\/v2\/pages"}],"about":[{"href":"https:\/\/www.rougier-electro.fr\/fr\/wp-json\/wp\/v2\/types\/page"}],"author":[{"embeddable":true,"href":"https:\/\/www.rougier-electro.fr\/fr\/wp-json\/wp\/v2\/users\/1"}],"replies":[{"embeddable":true,"href":"https:\/\/www.rougier-electro.fr\/fr\/wp-json\/wp\/v2\/comments?post=763"}],"version-history":[{"count":0,"href":"https:\/\/www.rougier-electro.fr\/fr\/wp-json\/wp\/v2\/pages\/763\/revisions"}],"up":[{"embeddable":true,"href":"https:\/\/www.rougier-electro.fr\/fr\/wp-json\/wp\/v2\/pages\/28"}],"wp:attachment":[{"href":"https:\/\/www.rougier-electro.fr\/fr\/wp-json\/wp\/v2\/media?parent=763"}],"curies":[{"name":"wp","href":"https:\/\/api.w.org\/{rel}","templated":true}]}}