{"id":749,"date":"2020-02-28T09:48:35","date_gmt":"2020-02-28T08:48:35","guid":{"rendered":"http:\/\/test.rougier-electro.fr\/?page_id=749"},"modified":"2024-07-05T11:18:17","modified_gmt":"2024-07-05T09:18:17","slug":"fabrication-collecteurs-a-lames","status":"publish","type":"page","link":"https:\/\/www.rougier-electro.fr\/fr\/produits\/fabrication-collecteurs-a-lames\/","title":{"rendered":"Collecteurs \u00e0 lames"},"content":{"rendered":"<h1>Collecteurs \u00e0 lames<\/h1>\n<h2>Conception, fabrication et r\u00e9paration<br \/>de collecteurs \u00e0 lames<\/h2>\n<div>\n<p>Avec l&rsquo;acquisition, \u00e0 la fin des ann\u00e9es 60, d&rsquo;une <strong>unit\u00e9 de production de collecteurs \u00e0 lames moul\u00e9s<\/strong>, la soci\u00e9t\u00e9 ROUGIER Electrom\u00e9canique a enrichi sa gamme de fabrication tout en disposant d&rsquo;un outil de production \u00e9largie.<\/p>\n<p>Puis dans les ann\u00e9es 70, ce fut l&rsquo;acquisition d&rsquo;une presse \u00e0 filer les profil\u00e9s de cuivre, qui nous a permis de trouver une totale ind\u00e9pendance dans la cha\u00eene de production, qu&rsquo;il s&rsquo;agisse de <strong>collecteurs sertis, moul\u00e9s ou viss\u00e9s, de collecteurs \u00e0 talon ou \u00e0 radiales, ainsi que des collecteurs suspendus ou ventil\u00e9s<\/strong>.<\/p>\n<\/div>\n<ul>\n<li>\n<p>        <img decoding=\"async\" src=\"https:\/\/www.rougier-electro.fr\/wp-content\/uploads\/collecteurs-a-lames.jpg\" alt=\"Collecteurs \u00e0 lames\"><\/p>\n<h2>Collecteurs \u00e0 lames<\/h2>\n<p>Collecteurs \u00e0 lames<\/p>\n<\/li>\n<li>\n<p>        <img decoding=\"async\" src=\"https:\/\/www.rougier-electro.fr\/wp-content\/uploads\/collecteurs-a-lames-moteur-courant-continu.jpg\" alt=\"Collecteur \u00e0 lames courant continu\"><\/p>\n<h2>Collecteur \u00e0 lames courant continu<\/h2>\n<p>Collecteur \u00e0 lames courant continu<\/p>\n<\/li>\n<li>\n<p>        <img decoding=\"async\" src=\"https:\/\/www.rougier-electro.fr\/wp-content\/uploads\/collecteurs-a-lames-moteur-electrique-collerette.jpg\" alt=\"Collecteur \u00e0 lames moteur \u00e9lectrique \u00e0 collerette\"><\/p>\n<h2>Collecteur \u00e0 lames moteur \u00e9lectrique \u00e0 collerette<\/h2>\n<p>Collecteur \u00e0 lames moteur \u00e9lectrique \u00e0 collerette<\/p>\n<\/li>\n<li>\n<p>        <img decoding=\"async\" src=\"https:\/\/www.rougier-electro.fr\/wp-content\/uploads\/collecteurs-a-lames-moteur-electrique.jpg\" alt=\"Collecteur \u00e0 lames moteur \u00e9lectrique\"><\/p>\n<h2>Collecteur \u00e0 lames moteur \u00e9lectrique<\/h2>\n<p>Collecteur \u00e0 lames moteur \u00e9lectrique<\/p>\n<\/li>\n<li>\n<p>        <img decoding=\"async\" src=\"https:\/\/www.rougier-electro.fr\/wp-content\/uploads\/collecteurs-a-lames-visse.jpg\" alt=\"Collecteur \u00e0 lames viss\u00e9\"><\/p>\n<h2>Collecteur \u00e0 lames viss\u00e9<\/h2>\n<p>Collecteur \u00e0 lames viss\u00e9<\/p>\n<\/li>\n<\/ul>\n<div>\n<p>Un demi-si\u00e8cle plus tard, nous utilisons toujours ce savoir-faire afin de vous proposer la <strong>r\u00e9alisation de collecteur \u00e0 l&rsquo;unit\u00e9 ou en s\u00e9rie et dans pratiquement toutes les dimensions possibles<\/strong>.<\/p>\n<p>Il en va de m\u00eame pour le <strong>choix des mati\u00e8res premi\u00e8res utilis\u00e9es<\/strong>, que vous souhaitiez disposer de lames en cuivre standard ou en cuivre \u00e0 l&rsquo;argent, de micas r\u00e9pondants \u00e0 des caract\u00e9ristiques particuli\u00e8res, nous pourrons nous adapter \u00e0 vos demandes. La soci\u00e9t\u00e9 ROUGIER Electrom\u00e9canique vous propose \u00e9galement <strong>diff\u00e9rentes solutions techniques sp\u00e9cifiques<\/strong>, dans la fabrication des collecteurs \u00e0 lames, comme le rivetage des radiales plut\u00f4t que la soudure \u00e0 l&rsquo;\u00e9tain, ou le renforcement du maintien des lames par l&rsquo;ajout de frettage sp\u00e9cifique.<\/p>\n<p>Pour toute vos demandes, il suffit dans un premier temps de nous faire parvenir un plan, ou de remplir la fiche d&rsquo;identification des collecteurs \u00e0 lames, que vous trouverez dans notre catalogue, ce qui nous permettra de vous \u00e9tablir rapidement une proposition. Mais vous pouvez \u00e9galement nous faire parvenir vos anciens collecteurs directement sur notre site de production dans l&rsquo;Eure. Pour ce faire, contacter nos commerciaux qui vous communiqueront toutes les modalit\u00e9s n\u00e9cessaires.<\/p>\n<\/div>\n<p>\n    <a href=\"https:\/\/www.rougier-electro.fr\/fr\/contact-specialiste-transmission-electrique-pour-moteur-electrique\/\"> Besoin d&rsquo;un devis ? d&rsquo;un conseil ? Contactez-nous<\/a>\n<\/p>\n<div>\n<p>    <img decoding=\"async\" src=\"https:\/\/www.rougier-electro.fr\/wp-content\/uploads\/catalogue-identification-collecteur-a-lames.jpg\" alt=\"catalogue des collecteurs \u00e0 lames\"><\/p>\n<h3>T\u00e9l\u00e9charger le document<\/h3>\n<div>\n<p>Fiche d&rsquo;identification<br \/>des collecteurs \u00e0 lames<\/p>\n<\/div>\n<p><a href=\"https:\/\/www.rougier-electro.fr\/wp-content\/uploads\/catalogue-identification-collecteur-a-lames.pdf\"><\/a><\/p>\n<\/div>\n<div>\n<blockquote>\n<p>ROUGIER Electrom\u00e9canique, vous apportera tout son support technique afin d&rsquo;\u00e9tudier, concevoir et r\u00e9aliser les collecteurs \u00e0 lames adapt\u00e9s \u00e0 vos besoins en cherchant toujours \u00e0 atteindre le meilleur rapport qualit\u00e9\/prix.<\/p>\n<\/blockquote>\n<\/div>\n<p><!--more--><br \/>\n<!-- {\"name\":\"20200228 produit-page\",\"type\":\"layout\",\"children\":[{\"type\":\"section\",\"props\":{\"animation\":\"fade\",\"animation_delay\":\"200\",\"image\":\"wp-content\\\/uploads\\\/cover-collecteur-electrique-tournant.jpg\",\"image_effect\":\"parallax\",\"image_parallax_bgy\":\"-100,100\",\"image_parallax_easing\":\"1\",\"image_position\":\"center-center\",\"image_size\":\"cover\",\"media_overlay\":\"rgba(0, 0, 0, 0.52)\",\"padding\":\"large\",\"style\":\"default\",\"text_color\":\"light\",\"title_breakpoint\":\"xl\",\"title_position\":\"top-left\",\"title_rotation\":\"left\",\"vertical_align\":\"middle\",\"width\":\"large\"},\"children\":[{\"type\":\"row\",\"props\":{\"margin\":\"remove-vertical\"},\"children\":[{\"type\":\"column\",\"props\":{\"image_position\":\"center-center\",\"position_sticky_breakpoint\":\"m\",\"width_medium\":\"1-1\"},\"children\":[{\"type\":\"headline\",\"props\":{\"content\":\"Collecteurs \\u00e0 lames\",\"text_align\":\"center\",\"title_element\":\"h1\",\"title_style\":\"heading-small\"},\"name\":\"Headline H1\"}]}]}],\"name\":\"Entete\"},{\"type\":\"section\",\"props\":{\"image_position\":\"center-center\",\"padding_remove_bottom\":true,\"style\":\"default\",\"title_breakpoint\":\"xl\",\"title_position\":\"top-left\",\"title_rotation\":\"left\",\"vertical_align\":\"middle\",\"width\":\"large\"},\"children\":[{\"type\":\"row\",\"children\":[{\"type\":\"column\",\"props\":{\"image_position\":\"center-center\",\"position_sticky_breakpoint\":\"m\",\"width_medium\":\"1-1\"},\"children\":[{\"type\":\"breadcrumbs\",\"props\":{\"show_current\":true,\"show_home\":true}}]}]}]},{\"type\":\"section\",\"props\":{\"image_position\":\"center-center\",\"style\":\"default\",\"title_breakpoint\":\"xl\",\"title_position\":\"top-left\",\"title_rotation\":\"left\",\"vertical_align\":\"middle\",\"width\":\"large\"},\"children\":[{\"type\":\"row\",\"children\":[{\"type\":\"column\",\"props\":{\"image_position\":\"center-center\",\"position_sticky_breakpoint\":\"m\",\"width_medium\":\"1-1\"},\"children\":[{\"type\":\"headline\",\"props\":{\"content\":\"Conception, fabrication et r\\u00e9paration<br \\\/>de collecteurs \\u00e0 lames\",\"text_align\":\"center\",\"title_element\":\"h2\",\"title_style\":\"h2\"},\"name\":\"Headline H2\"}]}]}]},{\"type\":\"section\",\"props\":{\"animation\":\"fade\",\"animation_delay\":\"200\",\"image_position\":\"center-center\",\"style\":\"default\",\"title_breakpoint\":\"xl\",\"title_position\":\"top-left\",\"title_rotation\":\"left\",\"vertical_align\":\"middle\",\"width\":\"large\"},\"children\":[{\"type\":\"row\",\"props\":{\"column_gap\":\"large\",\"layout\":\"2-3,1-3\"},\"children\":[{\"type\":\"column\",\"props\":{\"image_position\":\"center-center\",\"position_sticky_breakpoint\":\"m\",\"width_medium\":\"2-3\"},\"children\":[{\"type\":\"text\",\"props\":{\"animation\":\"slide-left-medium\",\"column_breakpoint\":\"m\",\"content\":\"\n\n<p>Avec l'acquisition, \\u00e0 la fin des ann\\u00e9es 60, d'une <strong>unit\\u00e9 de production de collecteurs \\u00e0 lames moul\\u00e9s<\\\/strong>, la soci\\u00e9t\\u00e9 ROUGIER Electrom\\u00e9canique a enrichi sa gamme de fabrication tout en disposant d'un outil de production \\u00e9largie.<\\\/p>\\n\n\n<p>Puis dans les ann\\u00e9es 70, ce fut l'acquisition d'une presse \\u00e0 filer les profil\\u00e9s de cuivre, qui nous a permis de trouver une totale ind\\u00e9pendance dans la cha\\u00eene de production, qu'il s'agisse de <strong>collecteurs sertis, moul\\u00e9s ou viss\\u00e9s, de collecteurs \\u00e0 talon ou \\u00e0 radiales, ainsi que des collecteurs suspendus ou ventil\\u00e9s<\\\/strong>.<\\\/p>\",\"margin\":\"default\"}},{\"type\":\"slideshow\",\"props\":{\"block_align\":\"center\",\"image_loading\":true,\"link_style\":\"default\",\"link_text\":\"Read more\",\"margin\":\"default\",\"maxwidth\":\"xlarge\",\"meta_align\":\"below-title\",\"meta_element\":\"div\",\"meta_style\":\"text-meta\",\"nav\":\"thumbnav\",\"nav_align\":\"center\",\"nav_below\":true,\"nav_breakpoint\":\"s\",\"nav_position\":\"bottom-center\",\"nav_position_margin\":\"medium\",\"overlay_animation\":\"scale-up\",\"overlay_container_padding\":\"xsmall\",\"overlay_margin\":\"none\",\"overlay_padding\":\"small\",\"overlay_position\":\"bottom\",\"overlay_style\":\"overlay-default\",\"overlay_width\":\"medium\",\"show_content\":true,\"show_link\":false,\"show_meta\":true,\"show_thumbnail\":true,\"show_title\":false,\"slidenav\":\"default\",\"slidenav_breakpoint\":\"s\",\"slidenav_large\":true,\"slidenav_margin\":\"medium\",\"slidenav_outside_breakpoint\":\"xl\",\"slideshow_animation\":\"fade\",\"slideshow_autoplay\":true,\"slideshow_autoplay_interval\":\"3\",\"slideshow_autoplay_pause\":true,\"slideshow_box_shadow\":\"small\",\"slideshow_min_height\":\"\",\"text_align\":\"center\",\"text_color\":\"light\",\"thumbnav_height\":\"50\",\"thumbnav_svg_color\":\"emphasis\",\"thumbnav_width\":\"75\",\"title_color\":\"primary\",\"title_element\":\"h2\",\"title_style\":\"h6\"},\"children\":[{\"type\":\"slideshow_item\",\"props\":{\"content\":\"\",\"image\":\"wp-content\\\/uploads\\\/collecteurs-a-lames.jpg\",\"image_alt\":\"Collecteurs \\u00e0 lames\",\"meta\":\"Collecteurs \\u00e0 lames\",\"title\":\"Collecteurs \\u00e0 lames\"}},{\"type\":\"slideshow_item\",\"props\":{\"content\":\"\",\"image\":\"wp-content\\\/uploads\\\/collecteurs-a-lames-moteur-courant-continu.jpg\",\"image_alt\":\"Collecteur \\u00e0 lames courant continu\",\"meta\":\"Collecteur \\u00e0 lames courant continu\",\"title\":\"Collecteur \\u00e0 lames courant continu\"}},{\"type\":\"slideshow_item\",\"props\":{\"content\":\"\",\"image\":\"wp-content\\\/uploads\\\/collecteurs-a-lames-moteur-electrique-collerette.jpg\",\"image_alt\":\"Collecteur \\u00e0 lames moteur \\u00e9lectrique \\u00e0 collerette\",\"meta\":\"Collecteur \\u00e0 lames moteur \\u00e9lectrique \\u00e0 collerette\",\"title\":\"Collecteur \\u00e0 lames moteur \\u00e9lectrique \\u00e0 collerette\"}},{\"type\":\"slideshow_item\",\"props\":{\"content\":\"\",\"image\":\"wp-content\\\/uploads\\\/collecteurs-a-lames-moteur-electrique.jpg\",\"image_alt\":\"Collecteur \\u00e0 lames moteur \\u00e9lectrique\",\"meta\":\"Collecteur \\u00e0 lames moteur \\u00e9lectrique\",\"title\":\"Collecteur \\u00e0 lames moteur \\u00e9lectrique\"}},{\"type\":\"slideshow_item\",\"props\":{\"content\":\"\",\"image\":\"wp-content\\\/uploads\\\/collecteurs-a-lames-visse.jpg\",\"image_alt\":\"Collecteur \\u00e0 lames viss\\u00e9\",\"meta\":\"Collecteur \\u00e0 lames viss\\u00e9\",\"title\":\"Collecteur \\u00e0 lames viss\\u00e9\"}}]},{\"type\":\"text\",\"props\":{\"animation\":\"slide-left-medium\",\"column_breakpoint\":\"m\",\"content\":\"\n\n<p>Un demi-si\\u00e8cle plus tard, nous utilisons toujours ce savoir-faire afin de vous proposer la <strong>r\\u00e9alisation de collecteur \\u00e0 l'unit\\u00e9 ou en s\\u00e9rie et dans pratiquement toutes les dimensions possibles<\\\/strong>.<\\\/p>\\n\n\n<p>Il en va de m\\u00eame pour le <strong>choix des mati\\u00e8res premi\\u00e8res utilis\\u00e9es<\\\/strong>, que vous souhaitiez disposer de lames en cuivre standard ou en cuivre \\u00e0 l'argent, de micas r\\u00e9pondants \\u00e0 des caract\\u00e9ristiques particuli\\u00e8res, nous pourrons nous adapter \\u00e0 vos demandes. La soci\\u00e9t\\u00e9 ROUGIER Electrom\\u00e9canique vous propose \\u00e9galement <strong>diff\\u00e9rentes solutions techniques sp\\u00e9cifiques<\\\/strong>, dans la fabrication des collecteurs \\u00e0 lames, comme le rivetage des radiales plut\\u00f4t que la soudure \\u00e0 l'\\u00e9tain, ou le renforcement du maintien des lames par l'ajout de frettage sp\\u00e9cifique.<\\\/p>\\n\n\n<p>Pour toute vos demandes, il suffit dans un premier temps de nous faire parvenir un plan, ou de remplir la fiche d'identification des collecteurs \\u00e0 lames, que vous trouverez dans notre catalogue, ce qui nous permettra de vous \\u00e9tablir rapidement une proposition. Mais vous pouvez \\u00e9galement nous faire parvenir vos anciens collecteurs directement sur notre site de production dans l'Eure. Pour ce faire, contacter nos commerciaux qui vous communiqueront toutes les modalit\\u00e9s n\\u00e9cessaires.<\\\/p>\",\"margin\":\"default\"}},{\"type\":\"button\",\"props\":{\"animation\":\"scale-up\",\"button_size\":\"large\",\"grid_column_gap\":\"small\",\"grid_row_gap\":\"small\",\"margin\":\"large\",\"text_align\":\"center\"},\"children\":[{\"type\":\"button_item\",\"props\":{\"button_style\":\"secondary\",\"content\":\" Besoin d'un devis ? d'un conseil ? Contactez-nous\",\"icon\":\"forward\",\"icon_align\":\"left\",\"link\":\"fr\\\/contact-specialiste-transmission-electrique-pour-moteur-electrique\\\/\"}}]}]},{\"type\":\"column\",\"props\":{\"image_position\":\"center-center\",\"position_sticky_breakpoint\":\"m\",\"width_medium\":\"1-3\"},\"children\":[{\"type\":\"grid\",\"props\":{\"animation\":\"slide-right-medium\",\"content_column_breakpoint\":\"m\",\"filter_align\":\"left\",\"filter_all\":true,\"filter_grid_breakpoint\":\"m\",\"filter_grid_width\":\"auto\",\"filter_position\":\"top\",\"filter_style\":\"tab\",\"grid_default\":\"1\",\"grid_medium\":\"\",\"icon_width\":80,\"image_align\":\"bottom\",\"image_grid_breakpoint\":\"m\",\"image_grid_width\":\"1-2\",\"image_link\":true,\"image_svg_color\":\"emphasis\",\"image_transition\":\"scale-up\",\"image_width\":\"200\",\"item_animation\":true,\"lightbox\":false,\"link_style\":\"default\",\"link_target\":true,\"link_text\":\"\",\"margin\":\"default\",\"meta_align\":\"below-title\",\"meta_element\":\"div\",\"meta_style\":\"text-meta\",\"panel_padding\":\"default\",\"panel_style\":\"card-secondary\",\"parallax_easing\":\"1\",\"show_content\":true,\"show_image\":true,\"show_link\":true,\"show_meta\":true,\"show_title\":true,\"text_align\":\"center\",\"title_align\":\"top\",\"title_decoration\":\"divider\",\"title_element\":\"h3\",\"title_grid_breakpoint\":\"m\",\"title_grid_width\":\"1-2\",\"title_hover_style\":\"reset\",\"title_link\":true,\"title_style\":\"h5\"},\"children\":[{\"type\":\"grid_item\",\"props\":{\"content\":\"\n\n<p>Fiche d'identification<br \\\/>des collecteurs \\u00e0 lames<\\\/p>\",\"image\":\"wp-content\\\/uploads\\\/catalogue-identification-collecteur-a-lames.jpg\",\"image_alt\":\"catalogue des collecteurs \\u00e0 lames\",\"link\":\"wp-content\\\/uploads\\\/catalogue-identification-collecteur-a-lames.pdf\",\"title\":\"T\\u00e9l\\u00e9charger le document\"}}]}]}]}]},{\"type\":\"section\",\"props\":{\"animation\":\"scale-up\",\"animation_delay\":false,\"image_position\":\"center-center\",\"style\":\"default\",\"title_breakpoint\":\"xl\",\"title_position\":\"top-left\",\"title_rotation\":\"left\",\"vertical_align\":\"middle\",\"width\":\"large\"},\"children\":[{\"type\":\"row\",\"props\":{\"width\":\"large\"},\"children\":[{\"type\":\"column\",\"props\":{\"image_position\":\"center-center\",\"position_sticky_breakpoint\":\"m\",\"width_medium\":\"1-1\"},\"children\":[{\"type\":\"headline\",\"props\":{\"block_align\":\"center\",\"content\":\"\n\n<blockquote>\\n\n\n<p>ROUGIER Electrom\\u00e9canique, vous apportera tout son support technique afin d'\\u00e9tudier, concevoir et r\\u00e9aliser les collecteurs \\u00e0 lames adapt\\u00e9s \\u00e0 vos besoins en cherchant toujours \\u00e0 atteindre le meilleur rapport qualit\\u00e9\\\/prix.<\\\/p>\\n<\\\/blockquote>\",\"maxwidth\":\"2xlarge\",\"text_align\":\"center\",\"title_element\":\"div\",\"title_font_family\":\"tertiary\"}}]}]}]}],\"version\":\"4.0.7\"} --><\/p>\n","protected":false},"excerpt":{"rendered":"<p>Collecteurs \u00e0 lames Conception, fabrication et r\u00e9parationde collecteurs \u00e0 lames Avec l&rsquo;acquisition, \u00e0 la fin des ann\u00e9es 60, d&rsquo;une unit\u00e9 de production de collecteurs \u00e0 lames moul\u00e9s, la soci\u00e9t\u00e9 ROUGIER Electrom\u00e9canique a enrichi sa gamme de fabrication tout en disposant d&rsquo;un outil de production \u00e9largie. Puis dans les ann\u00e9es 70, ce fut l&rsquo;acquisition d&rsquo;une presse [&hellip;]<\/p>\n","protected":false},"author":1,"featured_media":0,"parent":28,"menu_order":5,"comment_status":"closed","ping_status":"closed","template":"","meta":{"footnotes":""},"class_list":["post-749","page","type-page","status-publish","hentry"],"aioseo_notices":[],"_links":{"self":[{"href":"https:\/\/www.rougier-electro.fr\/fr\/wp-json\/wp\/v2\/pages\/749","targetHints":{"allow":["GET"]}}],"collection":[{"href":"https:\/\/www.rougier-electro.fr\/fr\/wp-json\/wp\/v2\/pages"}],"about":[{"href":"https:\/\/www.rougier-electro.fr\/fr\/wp-json\/wp\/v2\/types\/page"}],"author":[{"embeddable":true,"href":"https:\/\/www.rougier-electro.fr\/fr\/wp-json\/wp\/v2\/users\/1"}],"replies":[{"embeddable":true,"href":"https:\/\/www.rougier-electro.fr\/fr\/wp-json\/wp\/v2\/comments?post=749"}],"version-history":[{"count":0,"href":"https:\/\/www.rougier-electro.fr\/fr\/wp-json\/wp\/v2\/pages\/749\/revisions"}],"up":[{"embeddable":true,"href":"https:\/\/www.rougier-electro.fr\/fr\/wp-json\/wp\/v2\/pages\/28"}],"wp:attachment":[{"href":"https:\/\/www.rougier-electro.fr\/fr\/wp-json\/wp\/v2\/media?parent=749"}],"curies":[{"name":"wp","href":"https:\/\/api.w.org\/{rel}","templated":true}]}}