{"id":711,"date":"2020-02-26T19:56:21","date_gmt":"2020-02-26T18:56:21","guid":{"rendered":"http:\/\/test.rougier-electro.fr\/?page_id=711"},"modified":"2024-07-05T11:15:06","modified_gmt":"2024-07-05T09:15:06","slug":"fabrication-collecteurs-electriques-tournants","status":"publish","type":"page","link":"https:\/\/www.rougier-electro.fr\/fr\/produits\/fabrication-collecteurs-electriques-tournants\/","title":{"rendered":"Collecteurs \u00e9lectriques tournants"},"content":{"rendered":"<h1>Collecteurs \u00e9lectriques tournants<\/h1>\n<h2>Conception, fabrication et r\u00e9paration<br \/>de vos collecteurs \u00e9lectriques tournants<\/h2>\n<div>\n<p>Notre <strong>parfaite connaissance des \u00e9l\u00e9ments constitutifs d&rsquo;un Contact Electrique Tournant (bagues \/ balais\/ porte-balais)<\/strong>, et notre longue exp\u00e9rience dans les syst\u00e8mes de transfert d&rsquo;\u00e9nergie et de signaux \u00e9lectriques nous a conduit \u00e0 d\u00e9velopper nos propres gammes de C.E.T. standards afin de r\u00e9pondre au plus vite \u00e0 vos besoins.<\/p>\n<\/div>\n<ul>\n<li>\n<p>        <img decoding=\"async\" src=\"https:\/\/www.rougier-electro.fr\/wp-content\/uploads\/collecteurs-electriques-tournants-collecteurs-a-bagues-rotatifs.jpg\" alt=\"CET Collecteurs \u00e9lectriques tournants - Collecteurs \u00e0 bagues rotatifs\"><\/p>\n<h2>Collecteurs \u00e0 bagues rotatifs<\/h2>\n<p>Collecteurs \u00e0 bagues rotatifs<\/p>\n<\/li>\n<li>\n<p>        <img decoding=\"async\" src=\"https:\/\/www.rougier-electro.fr\/wp-content\/uploads\/collecteurs-electriques-tournants-contatcs-electriques-tournants.jpg\" alt=\"CET Collecteurs \u00e9lectriques tournants - Contacts \u00e9lectriques tournants\"><\/p>\n<h2>Contacts \u00e9lectriques tournants<\/h2>\n<p>Contacts \u00e9lectriques tournants<\/p>\n<\/li>\n<li>\n<p>        <img decoding=\"async\" src=\"https:\/\/www.rougier-electro.fr\/wp-content\/uploads\/collecteurs-electriques-tournants-joints-electriques-tournants.jpg\" alt=\"CET Collecteurs \u00e9lectriques tournants - Joints \u00e9lectriques tournants\"><\/p>\n<h2>Joints \u00e9lectriques tournants<\/h2>\n<p>Joints \u00e9lectriques tournants<\/p>\n<\/li>\n<li>\n<p>        <img decoding=\"async\" src=\"https:\/\/www.rougier-electro.fr\/wp-content\/uploads\/collecteurs-electriques-tournants-prises-electriques-rotatives.jpg\" alt=\"CET Collecteurs \u00e9lectriques tournants - Prises \u00e9lectriques rotatives\"><\/p>\n<h2>Prises \u00e9lectriques rotatives<\/h2>\n<p>Prises \u00e9lectriques rotatives<\/p>\n<\/li>\n<li>\n<p>        <img decoding=\"async\" src=\"https:\/\/www.rougier-electro.fr\/wp-content\/uploads\/collecteurs-electriques-tournants-raccords-electriques-tournants.jpg\" alt=\"CET Collecteurs \u00e9lectriques tournants - Raccords \u00e9lectriques tournants\"><\/p>\n<h2>Raccords \u00e9lectriques tournants<\/h2>\n<p>Raccords \u00e9lectriques tournants<\/p>\n<\/li>\n<\/ul>\n<div>\n<p>Pour les fabrications \u00ab\u00a0sur mesure\u00a0\u00bb, notre statut de constructeur ind\u00e9pendant, nous conf\u00e8re une <strong>totale libert\u00e9 dans les choix techniques mis en \u0153uvre pour la r\u00e9alisation des collecteurs \u00e9lectriques rotatifs<\/strong>, et nous laisse toute latitude d&rsquo;adaptation \u00e0 la philosophie de nos clients, tout en leur faisant b\u00e9n\u00e9ficier des <strong>meilleurs compromis techniques et financiers<\/strong>.<\/p>\n<p>Notre <strong>bureau d&rsquo;\u00e9tude travaillera en partenariat avec vos diff\u00e9rents services<\/strong> (maintenance, B.E, SAV&#8230;) afin de d\u00e9finir le produit qui correspondra le mieux \u00e0 vos applications que ce soit pour une pi\u00e8ce unique, des petites, des moyennes ou des grandes s\u00e9ries.<\/p>\n<p>Les <strong>collecteurs tournants industriels ROUGIER Electrom\u00e9canique assurent la continuit\u00e9 \u00e9lectrique entre les parties fixes et les parties en rotation des \u00e9quipements de tous types de domaines<\/strong> (ex\u00a0: bassin clarificateur des stations d&rsquo;\u00e9puration d&rsquo;eau us\u00e9e, grues portuaires, machines de conditionnement, parcs d&rsquo;attractions, industrie du spectacle, \u00e9olien, imprimerie, traitement des d\u00e9chets, machines sp\u00e9ciales, affichage urbain, carrousels industriels, machines culinaires, enrouleurs de c\u00e2ble, radars \u2026)<\/p>\n<p>En t\u00e9l\u00e9chargeant notre catalogue \u00ab collecteurs tournants \u00bb, vous pourrez choisir un mod\u00e8le standard, ou bien\u00a0prendre connaissance des \u00e9l\u00e9ments de bases n\u00e9cessaires \u00e0 la d\u00e9finition de vos joints \u00e9lectriques rotatifs.<\/p>\n<\/div>\n<p>\n    <a href=\"https:\/\/www.rougier-electro.fr\/fr\/contact-specialiste-transmission-electrique-pour-moteur-electrique\/\"> Besoin d&rsquo;un devis ? d&rsquo;un conseil ? Contactez-nous<\/a>\n<\/p>\n<div>\n<p>    <img decoding=\"async\" src=\"https:\/\/www.rougier-electro.fr\/wp-content\/uploads\/catalogue-collecteurs-electriques-tournants.jpg\" alt=\"catalogue des CET Collecteurs \u00e9lectriques tournants\"><\/p>\n<h3>T\u00e9l\u00e9charger le document<\/h3>\n<div>\n<p>Catalogue et fiches techniques<br \/>des collecteurs \u00e9lectriques tournants<\/p>\n<\/div>\n<p><a href=\"https:\/\/www.rougier-electro.fr\/wp-content\/uploads\/catalogue-collecteurs-electriques-tournants.pdf\"><\/a><\/p>\n<\/div>\n<div>\n<blockquote>\n<p>ROUGIER Electrom\u00e9canique, vous apportera tout son support technique afin d&rsquo;\u00e9tudier, concevoir et r\u00e9aliser le contacteur \u00e9lectrique tournant adapt\u00e9 \u00e0 vos besoins en cherchant toujours \u00e0 atteindre le meilleur rapport qualit\u00e9\/prix.<\/p>\n<\/blockquote>\n<\/div>\n<p><!--more--><br \/>\n<!-- {\"children\":[{\"type\":\"section\",\"props\":{\"animation\":\"fade\",\"animation_delay\":\"200\",\"image\":\"wp-content\\\/uploads\\\/cover-collecteur-electrique-tournant.jpg\",\"image_effect\":\"parallax\",\"image_parallax_bgy\":\"-100,100\",\"image_parallax_easing\":\"1\",\"image_position\":\"center-center\",\"image_size\":\"cover\",\"media_overlay\":\"rgba(0, 0, 0, 0.52)\",\"padding\":\"large\",\"style\":\"default\",\"text_color\":\"light\",\"title_breakpoint\":\"xl\",\"title_position\":\"top-left\",\"title_rotation\":\"left\",\"vertical_align\":\"middle\",\"width\":\"large\"},\"children\":[{\"type\":\"row\",\"props\":{\"margin\":\"remove-vertical\"},\"children\":[{\"type\":\"column\",\"props\":{\"image_position\":\"center-center\",\"position_sticky_breakpoint\":\"m\",\"width_medium\":\"1-1\"},\"children\":[{\"type\":\"headline\",\"props\":{\"content\":\"Collecteurs \\u00e9lectriques tournants\",\"text_align\":\"center\",\"title_element\":\"h1\",\"title_style\":\"heading-small\"},\"name\":\"Headline H1\"}]}]}],\"name\":\"Entete\"},{\"type\":\"section\",\"props\":{\"image_position\":\"center-center\",\"padding_remove_bottom\":true,\"style\":\"default\",\"title_breakpoint\":\"xl\",\"title_position\":\"top-left\",\"title_rotation\":\"left\",\"vertical_align\":\"middle\",\"width\":\"large\"},\"children\":[{\"type\":\"row\",\"children\":[{\"type\":\"column\",\"props\":{\"image_position\":\"center-center\",\"position_sticky_breakpoint\":\"m\",\"width_medium\":\"1-1\"},\"children\":[{\"type\":\"breadcrumbs\",\"props\":{\"show_current\":true,\"show_home\":true}}]}]}]},{\"type\":\"section\",\"props\":{\"image_position\":\"center-center\",\"style\":\"default\",\"title_breakpoint\":\"xl\",\"title_position\":\"top-left\",\"title_rotation\":\"left\",\"vertical_align\":\"middle\",\"width\":\"large\"},\"children\":[{\"type\":\"row\",\"children\":[{\"type\":\"column\",\"props\":{\"image_position\":\"center-center\",\"position_sticky_breakpoint\":\"m\",\"width_medium\":\"1-1\"},\"children\":[{\"type\":\"headline\",\"props\":{\"content\":\"Conception, fabrication et r\\u00e9paration<br \\\/>de vos collecteurs \\u00e9lectriques tournants\",\"text_align\":\"center\",\"title_element\":\"h2\",\"title_style\":\"h2\"},\"name\":\"Headline H2\"}]}]}]},{\"type\":\"section\",\"props\":{\"animation\":\"fade\",\"animation_delay\":\"200\",\"image_position\":\"center-center\",\"style\":\"default\",\"title_breakpoint\":\"xl\",\"title_position\":\"top-left\",\"title_rotation\":\"left\",\"vertical_align\":\"middle\",\"width\":\"large\"},\"children\":[{\"type\":\"row\",\"props\":{\"column_gap\":\"large\",\"layout\":\"2-3,1-3\"},\"children\":[{\"type\":\"column\",\"props\":{\"image_position\":\"center-center\",\"position_sticky_breakpoint\":\"m\",\"width_medium\":\"2-3\"},\"children\":[{\"type\":\"text\",\"props\":{\"animation\":\"slide-left-medium\",\"column_breakpoint\":\"m\",\"content\":\"\n\n<p>Notre <strong>parfaite connaissance des \\u00e9l\\u00e9ments constitutifs d'un Contact Electrique Tournant (bagues \\\/ balais\\\/ porte-balais)<\\\/strong>, et notre longue exp\\u00e9rience dans les syst\\u00e8mes de transfert d'\\u00e9nergie et de signaux \\u00e9lectriques nous a conduit \\u00e0 d\\u00e9velopper nos propres gammes de C.E.T. standards afin de r\\u00e9pondre au plus vite \\u00e0 vos besoins.<\\\/p>\",\"margin\":\"default\"}},{\"type\":\"slideshow\",\"props\":{\"block_align\":\"center\",\"image_loading\":true,\"link_style\":\"default\",\"link_text\":\"Read more\",\"margin\":\"default\",\"maxwidth\":\"xlarge\",\"meta_align\":\"below-title\",\"meta_element\":\"div\",\"meta_style\":\"text-meta\",\"nav\":\"thumbnav\",\"nav_align\":\"center\",\"nav_below\":true,\"nav_breakpoint\":\"s\",\"nav_position\":\"bottom-center\",\"nav_position_margin\":\"medium\",\"overlay_animation\":\"parallax\",\"overlay_container_padding\":\"xsmall\",\"overlay_margin\":\"none\",\"overlay_padding\":\"small\",\"overlay_position\":\"bottom\",\"overlay_style\":\"overlay-default\",\"overlay_width\":\"medium\",\"show_content\":true,\"show_link\":false,\"show_meta\":true,\"show_thumbnail\":true,\"show_title\":false,\"slidenav\":\"default\",\"slidenav_breakpoint\":\"s\",\"slidenav_large\":true,\"slidenav_margin\":\"medium\",\"slidenav_outside_breakpoint\":\"xl\",\"slideshow_animation\":\"fade\",\"slideshow_autoplay\":true,\"slideshow_autoplay_interval\":\"3\",\"slideshow_autoplay_pause\":true,\"slideshow_box_shadow\":\"small\",\"slideshow_min_height\":\"\",\"text_align\":\"center\",\"text_color\":\"light\",\"thumbnav_height\":\"50\",\"thumbnav_svg_color\":\"emphasis\",\"thumbnav_width\":\"75\",\"title_color\":\"primary\",\"title_element\":\"h2\",\"title_style\":\"h6\"},\"children\":[{\"type\":\"slideshow_item\",\"props\":{\"content\":\"\",\"image\":\"wp-content\\\/uploads\\\/collecteurs-electriques-tournants-collecteurs-a-bagues-rotatifs.jpg\",\"image_alt\":\"CET Collecteurs \\u00e9lectriques tournants - Collecteurs \\u00e0 bagues rotatifs\",\"meta\":\"Collecteurs \\u00e0 bagues rotatifs\",\"title\":\"Collecteurs \\u00e0 bagues rotatifs\"}},{\"type\":\"slideshow_item\",\"props\":{\"image\":\"wp-content\\\/uploads\\\/collecteurs-electriques-tournants-contatcs-electriques-tournants.jpg\",\"image_alt\":\"CET Collecteurs \\u00e9lectriques tournants - Contacts \\u00e9lectriques tournants\",\"meta\":\"Contacts \\u00e9lectriques tournants\",\"title\":\"Contacts \\u00e9lectriques tournants\"}},{\"type\":\"slideshow_item\",\"props\":{\"image\":\"wp-content\\\/uploads\\\/collecteurs-electriques-tournants-joints-electriques-tournants.jpg\",\"image_alt\":\"CET Collecteurs \\u00e9lectriques tournants - Joints \\u00e9lectriques tournants\",\"meta\":\"Joints \\u00e9lectriques tournants\",\"title\":\"Joints \\u00e9lectriques tournants\"}},{\"type\":\"slideshow_item\",\"props\":{\"image\":\"wp-content\\\/uploads\\\/collecteurs-electriques-tournants-prises-electriques-rotatives.jpg\",\"image_alt\":\"CET Collecteurs \\u00e9lectriques tournants - Prises \\u00e9lectriques rotatives\",\"meta\":\"Prises \\u00e9lectriques rotatives\",\"title\":\"Prises \\u00e9lectriques rotatives\"}},{\"type\":\"slideshow_item\",\"props\":{\"image\":\"wp-content\\\/uploads\\\/collecteurs-electriques-tournants-raccords-electriques-tournants.jpg\",\"image_alt\":\"CET Collecteurs \\u00e9lectriques tournants - Raccords \\u00e9lectriques tournants\",\"meta\":\"Raccords \\u00e9lectriques tournants\",\"title\":\"Raccords \\u00e9lectriques tournants\"}}]},{\"type\":\"text\",\"props\":{\"animation\":\"slide-left-medium\",\"column_breakpoint\":\"m\",\"content\":\"\n\n<p>Pour les fabrications \\\"sur mesure\\\", notre statut de constructeur ind\\u00e9pendant, nous conf\\u00e8re une <strong>totale libert\\u00e9 dans les choix techniques mis en \\u0153uvre pour la r\\u00e9alisation des collecteurs \\u00e9lectriques rotatifs<\\\/strong>, et nous laisse toute latitude d'adaptation \\u00e0 la philosophie de nos clients, tout en leur faisant b\\u00e9n\\u00e9ficier des <strong>meilleurs compromis techniques et financiers<\\\/strong>.<\\\/p>\\n\n\n<p>Notre <strong>bureau d'\\u00e9tude travaillera en partenariat avec vos diff\\u00e9rents services<\\\/strong> (maintenance, B.E, SAV...) afin de d\\u00e9finir le produit qui correspondra le mieux \\u00e0 vos applications que ce soit pour une pi\\u00e8ce unique, des petites, des moyennes ou des grandes s\\u00e9ries.<\\\/p>\\n\n\n<p>Les <strong>collecteurs tournants industriels ROUGIER Electrom\\u00e9canique assurent la continuit\\u00e9 \\u00e9lectrique entre les parties fixes et les parties en rotation des \\u00e9quipements de tous types de domaines<\\\/strong> (ex\\u00a0: bassin clarificateur des stations d'\\u00e9puration d'eau us\\u00e9e, grues portuaires, machines de conditionnement, parcs d'attractions, industrie du spectacle, \\u00e9olien, imprimerie, traitement des d\\u00e9chets, machines sp\\u00e9ciales, affichage urbain, carrousels industriels, machines culinaires, enrouleurs de c\\u00e2ble, radars \\u2026)<\\\/p>\\n\n\n<p>En t\\u00e9l\\u00e9chargeant notre catalogue \\u00ab collecteurs tournants \\u00bb, vous pourrez choisir un mod\\u00e8le standard, ou bien\\u00a0prendre connaissance des \\u00e9l\\u00e9ments de bases n\\u00e9cessaires \\u00e0 la d\\u00e9finition de vos joints \\u00e9lectriques rotatifs.<\\\/p>\",\"margin\":\"default\"}},{\"type\":\"button\",\"props\":{\"animation\":\"scale-up\",\"button_size\":\"large\",\"grid_column_gap\":\"small\",\"grid_row_gap\":\"small\",\"margin\":\"large\",\"text_align\":\"center\"},\"children\":[{\"type\":\"button_item\",\"props\":{\"button_style\":\"secondary\",\"content\":\" Besoin d'un devis ? d'un conseil ? Contactez-nous\",\"icon\":\"forward\",\"icon_align\":\"left\",\"link\":\"fr\\\/contact-specialiste-transmission-electrique-pour-moteur-electrique\\\/\"}}]}]},{\"type\":\"column\",\"props\":{\"image_position\":\"center-center\",\"position_sticky_breakpoint\":\"m\",\"width_medium\":\"1-3\"},\"children\":[{\"type\":\"grid\",\"props\":{\"animation\":\"slide-right-medium\",\"content_column_breakpoint\":\"m\",\"filter_align\":\"left\",\"filter_all\":true,\"filter_grid_breakpoint\":\"m\",\"filter_grid_width\":\"auto\",\"filter_position\":\"top\",\"filter_style\":\"tab\",\"grid_default\":\"1\",\"grid_medium\":\"\",\"icon_width\":80,\"image_align\":\"bottom\",\"image_grid_breakpoint\":\"m\",\"image_grid_width\":\"1-2\",\"image_link\":true,\"image_svg_color\":\"emphasis\",\"image_transition\":\"scale-up\",\"image_width\":\"250\",\"item_animation\":true,\"lightbox\":false,\"link_style\":\"default\",\"link_target\":true,\"link_text\":\"\",\"margin\":\"default\",\"meta_align\":\"below-title\",\"meta_element\":\"div\",\"meta_style\":\"text-meta\",\"panel_padding\":\"default\",\"panel_style\":\"card-secondary\",\"parallax_easing\":\"1\",\"show_content\":true,\"show_image\":true,\"show_link\":true,\"show_meta\":true,\"show_title\":true,\"text_align\":\"center\",\"title_align\":\"top\",\"title_decoration\":\"divider\",\"title_element\":\"h3\",\"title_grid_breakpoint\":\"m\",\"title_grid_width\":\"1-2\",\"title_hover_style\":\"reset\",\"title_link\":true,\"title_style\":\"h5\"},\"children\":[{\"type\":\"grid_item\",\"props\":{\"content\":\"\n\n<p>Catalogue et fiches techniques<br \\\/>des collecteurs \\u00e9lectriques tournants<\\\/p>\",\"image\":\"wp-content\\\/uploads\\\/catalogue-collecteurs-electriques-tournants.jpg\",\"image_alt\":\"catalogue des CET Collecteurs \\u00e9lectriques tournants\",\"link\":\"wp-content\\\/uploads\\\/catalogue-collecteurs-electriques-tournants.pdf\",\"title\":\"T\\u00e9l\\u00e9charger le document\"}}]}]}]}]},{\"type\":\"section\",\"props\":{\"animation\":\"scale-up\",\"animation_delay\":false,\"image_position\":\"center-center\",\"style\":\"default\",\"title_breakpoint\":\"xl\",\"title_position\":\"top-left\",\"title_rotation\":\"left\",\"vertical_align\":\"middle\",\"width\":\"large\"},\"children\":[{\"type\":\"row\",\"props\":{\"width\":\"large\"},\"children\":[{\"type\":\"column\",\"props\":{\"image_position\":\"center-center\",\"position_sticky_breakpoint\":\"m\",\"width_medium\":\"1-1\"},\"children\":[{\"type\":\"headline\",\"props\":{\"block_align\":\"center\",\"content\":\"\n\n<blockquote>\\n\n\n<p>ROUGIER Electrom\\u00e9canique, vous apportera tout son support technique afin d'\\u00e9tudier, concevoir et r\\u00e9aliser le contacteur \\u00e9lectrique tournant adapt\\u00e9 \\u00e0 vos besoins en cherchant toujours \\u00e0 atteindre le meilleur rapport qualit\\u00e9\\\/prix.<\\\/p>\\n<\\\/blockquote>\",\"maxwidth\":\"2xlarge\",\"text_align\":\"center\",\"title_element\":\"div\",\"title_font_family\":\"tertiary\"}}]}]}]}],\"version\":\"4.0.7\",\"type\":\"layout\"} --><\/p>\n","protected":false},"excerpt":{"rendered":"<p>Collecteurs \u00e9lectriques tournants Conception, fabrication et r\u00e9parationde vos collecteurs \u00e9lectriques tournants Notre parfaite connaissance des \u00e9l\u00e9ments constitutifs d&rsquo;un Contact Electrique Tournant (bagues \/ balais\/ porte-balais), et notre longue exp\u00e9rience dans les syst\u00e8mes de transfert d&rsquo;\u00e9nergie et de signaux \u00e9lectriques nous a conduit \u00e0 d\u00e9velopper nos propres gammes de C.E.T. standards afin de r\u00e9pondre au plus [&hellip;]<\/p>\n","protected":false},"author":1,"featured_media":0,"parent":28,"menu_order":4,"comment_status":"closed","ping_status":"closed","template":"","meta":{"footnotes":""},"class_list":["post-711","page","type-page","status-publish","hentry"],"aioseo_notices":[],"_links":{"self":[{"href":"https:\/\/www.rougier-electro.fr\/fr\/wp-json\/wp\/v2\/pages\/711","targetHints":{"allow":["GET"]}}],"collection":[{"href":"https:\/\/www.rougier-electro.fr\/fr\/wp-json\/wp\/v2\/pages"}],"about":[{"href":"https:\/\/www.rougier-electro.fr\/fr\/wp-json\/wp\/v2\/types\/page"}],"author":[{"embeddable":true,"href":"https:\/\/www.rougier-electro.fr\/fr\/wp-json\/wp\/v2\/users\/1"}],"replies":[{"embeddable":true,"href":"https:\/\/www.rougier-electro.fr\/fr\/wp-json\/wp\/v2\/comments?post=711"}],"version-history":[{"count":0,"href":"https:\/\/www.rougier-electro.fr\/fr\/wp-json\/wp\/v2\/pages\/711\/revisions"}],"up":[{"embeddable":true,"href":"https:\/\/www.rougier-electro.fr\/fr\/wp-json\/wp\/v2\/pages\/28"}],"wp:attachment":[{"href":"https:\/\/www.rougier-electro.fr\/fr\/wp-json\/wp\/v2\/media?parent=711"}],"curies":[{"name":"wp","href":"https:\/\/api.w.org\/{rel}","templated":true}]}}