{"id":669,"date":"2020-02-26T16:29:49","date_gmt":"2020-02-26T15:29:49","guid":{"rendered":"http:\/\/test.rougier-electro.fr\/?page_id=669"},"modified":"2024-07-05T11:12:37","modified_gmt":"2024-07-05T09:12:37","slug":"fabrication-collecteurs-bagues-et-jeux-bagues-collectrices","status":"publish","type":"page","link":"https:\/\/www.rougier-electro.fr\/fr\/produits\/fabrication-collecteurs-bagues-et-jeux-bagues-collectrices\/","title":{"rendered":"Collecteurs \u00e0 bagues \/ jeux de bagues collectrices"},"content":{"rendered":"<h1>Collecteurs \u00e0 bagues<br \/>et jeux de bagues collectrices<\/h1>\n<h2>Conception, fabrication et r\u00e9paration<br \/>de vos collecteurs \u00e0 bagues<\/h2>\n<div>\n<p>Pr\u00e9sent sur les march\u00e9s des pi\u00e8ces d\u00e9tach\u00e9es pour moteurs \u00e9lectriques depuis 1927, ROUGIER Electrom\u00e9canique a su, au fil des ann\u00e9es, s&rsquo;adapter aux besoins des industriels dans le domaine des <strong>bagues collectrices ou \u00ab\u00a0slip ring\u00a0\u00bb<\/strong>. Pour cela, nous poss\u00e9dons plusieurs techniques de r\u00e9alisation.<\/p>\n<\/div>\n<ul>\n<li>\n<p>        <img decoding=\"async\" src=\"https:\/\/www.rougier-electro.fr\/wp-content\/uploads\/bagues-collectrices-slip-ring-baguier-moteur-rougier.jpg\" alt=\"Bagues collectrices ou slip ring - Baguier moteur Rougier\"><\/p>\n<h2>Baguier moteur Rougier<\/h2>\n<p>Baguier moteur Rougier<\/p>\n<\/li>\n<li>\n<p>        <img decoding=\"async\" src=\"https:\/\/www.rougier-electro.fr\/wp-content\/uploads\/bagues-collectrices-slip-ring-collecteur-a-bagues-demi-coquille.jpg\" alt=\"Bagues collectrices ou slip ring - Collecteur \u00e0 bagues demi-coquille\"><\/p>\n<h2>Collecteur \u00e0 bagues demi-coquille<\/h2>\n<p>Collecteur \u00e0 bagues demi-coquille<\/p>\n<\/li>\n<li>\n<p>        <img decoding=\"async\" src=\"https:\/\/www.rougier-electro.fr\/wp-content\/uploads\/bagues-collectrices-slip-ring-collecteur-a-bagues-concentrique.jpg\" alt=\"Bagues collectrices ou slip ring - Collecteur \u00e0 bagues concentrique\"><\/p>\n<h2>Collecteur \u00e0 bagues concentrique<\/h2>\n<p>Collecteur \u00e0 bagues concentrique<\/p>\n<\/li>\n<li>\n<p>        <img decoding=\"async\" src=\"https:\/\/www.rougier-electro.fr\/wp-content\/uploads\/bagues-collectrices-slip-ring-jeu-de-3-bagues-bronze.jpg\" alt=\"Bagues collectrices ou slip ring - Jeu de 3 bagues bronze\"><\/p>\n<h2>Jeu de 3 bagues bronze<\/h2>\n<p>Jeu de 3 bagues bronze<\/p>\n<\/li>\n<li>\n<p>        <img decoding=\"async\" src=\"https:\/\/www.rougier-electro.fr\/wp-content\/uploads\/bagues-collectrices-slip-ring-prototype-jeu-de-bagues.jpg\" alt=\"Bgues collectrices ou slip-ring - Jeu de bagues\"><\/p>\n<h2>Jeu de bagues<\/h2>\n<p>Jeu de bagues<\/p>\n<\/li>\n<\/ul>\n<div>\n<p>Une <strong>gamme compl\u00e8te de collecteurs \u00e0 bagues \u00ab\u00a0moul\u00e9s\u00a0\u00bb a \u00e9t\u00e9 d\u00e9velopp\u00e9e<\/strong>, pour laquelle nous nous sommes \u00e9quip\u00e9s d&rsquo;une large palette d&rsquo;outils offrant de grandes possibilit\u00e9s aussi bien en terme de taille que de configuration.<\/p>\n<p><strong>Pour les jeux de bagues collectrices<\/strong> qui ne peuvent \u00eatre fabriqu\u00e9s en moulage, nous <strong>ma\u00eetrisons l&rsquo;assemblage par variation thermique<\/strong>. En plus de repousser les limites dimensionnelles, cette technique permet de pouvoir r\u00e9duire les co\u00fbts de production en r\u00e9cup\u00e9rant (si son \u00e9tat le permet) votre moyeu.<\/p>\n<p>Dans certaines situations, le montage d&rsquo;un bloc de bagues sur votre machine peut \u00eatre contraint par l&rsquo;environnement m\u00e9canique et n\u00e9cessite des sp\u00e9cificit\u00e9s qui nous interdisent les deux premi\u00e8res techniques. Dans ce cas, <strong>notre B.E \u00e9tudiera un assemblage m\u00e9canique<\/strong> (demi-coquille, kit, etc.).<\/p>\n<p>Chaque machine a ses particularit\u00e9s, et par cons\u00e9quent, chaque collecteur \u00e0 bagues \u00e9galement. Si vous ne trouvez pas le jeu de bagues collectrices qui vous convient dans notre catalogue, n&rsquo;h\u00e9sitez pas \u00e0 nous consulter en renseignant la fiche d&rsquo;identification \u00e0 votre disposition sur la page de notre catalogue.<\/p>\n<\/div>\n<p>\n    <a href=\"https:\/\/www.rougier-electro.fr\/fr\/contact-specialiste-transmission-electrique-pour-moteur-electrique\/\"> Besoin d&rsquo;un devis ? d&rsquo;un conseil ? Contactez-nous<\/a>\n<\/p>\n<div>\n<p>    <img decoding=\"async\" src=\"https:\/\/www.rougier-electro.fr\/wp-content\/uploads\/catalogue-collecteurs-a-bagues.jpg\" alt=\"Collecteurs \u00e0 bagues et jeux de bagues collectrices\"><\/p>\n<h3>T\u00e9l\u00e9charger le document<\/h3>\n<div>\n<p>Catalogue et fiches techniques<br \/>des jeux de bagues collectrices<\/p>\n<\/div>\n<p><a href=\"https:\/\/www.rougier-electro.fr\/wp-content\/uploads\/catalogue-collecteurs-a-bagues.pdf\"><\/a><\/p>\n<\/div>\n<div>\n<blockquote>\n<p>ROUGIER Electrom\u00e9canique, vous apportera tout son support technique afin d&rsquo;\u00e9tudier, concevoir et r\u00e9aliser le syst\u00e8me de jeux de bagues collectrices ou \u00ab\u00a0slip-ring\u00a0\u00bb adapt\u00e9 \u00e0 vos besoins en cherchant toujours \u00e0 atteindre le meilleur rapport qualit\u00e9\/prix.<\/p>\n<\/blockquote>\n<\/div>\n<p><!--more--><br \/>\n<!-- {\"children\":[{\"type\":\"section\",\"props\":{\"animation\":\"fade\",\"animation_delay\":\"200\",\"image\":\"wp-content\\\/uploads\\\/cover-collecteur-electrique-tournant.jpg\",\"image_effect\":\"parallax\",\"image_parallax_bgy\":\"-100,100\",\"image_parallax_easing\":\"1\",\"image_position\":\"center-center\",\"image_size\":\"cover\",\"media_overlay\":\"rgba(0, 0, 0, 0.52)\",\"padding\":\"large\",\"style\":\"default\",\"text_color\":\"light\",\"title_breakpoint\":\"xl\",\"title_position\":\"top-left\",\"title_rotation\":\"left\",\"vertical_align\":\"middle\",\"width\":\"large\"},\"children\":[{\"type\":\"row\",\"props\":{\"margin\":\"remove-vertical\"},\"children\":[{\"type\":\"column\",\"props\":{\"image_position\":\"center-center\",\"position_sticky_breakpoint\":\"m\",\"width_medium\":\"1-1\"},\"children\":[{\"type\":\"headline\",\"props\":{\"content\":\"Collecteurs \\u00e0 bagues<br \\\/>et jeux de bagues collectrices\",\"text_align\":\"center\",\"title_element\":\"h1\",\"title_style\":\"heading-small\"},\"name\":\"Headline H1\"}]}]}],\"name\":\"Entete\"},{\"type\":\"section\",\"props\":{\"image_position\":\"center-center\",\"padding_remove_bottom\":true,\"style\":\"default\",\"title_breakpoint\":\"xl\",\"title_position\":\"top-left\",\"title_rotation\":\"left\",\"vertical_align\":\"middle\",\"width\":\"large\"},\"children\":[{\"type\":\"row\",\"children\":[{\"type\":\"column\",\"props\":{\"image_position\":\"center-center\",\"position_sticky_breakpoint\":\"m\",\"width_medium\":\"1-1\"},\"children\":[{\"type\":\"breadcrumbs\",\"props\":{\"show_current\":true,\"show_home\":true}}]}]}]},{\"type\":\"section\",\"props\":{\"image_position\":\"center-center\",\"style\":\"default\",\"title_breakpoint\":\"xl\",\"title_position\":\"top-left\",\"title_rotation\":\"left\",\"vertical_align\":\"middle\",\"width\":\"large\"},\"children\":[{\"type\":\"row\",\"children\":[{\"type\":\"column\",\"props\":{\"image_position\":\"center-center\",\"position_sticky_breakpoint\":\"m\",\"width_medium\":\"1-1\"},\"children\":[{\"type\":\"headline\",\"props\":{\"content\":\"Conception, fabrication et r\\u00e9paration<br \\\/>de vos collecteurs \\u00e0 bagues\",\"text_align\":\"center\",\"title_element\":\"h2\",\"title_style\":\"h2\"},\"name\":\"Headline H2\"}]}]}]},{\"type\":\"section\",\"props\":{\"animation\":\"fade\",\"animation_delay\":\"200\",\"image_position\":\"center-center\",\"style\":\"default\",\"title_breakpoint\":\"xl\",\"title_position\":\"top-left\",\"title_rotation\":\"left\",\"vertical_align\":\"middle\",\"width\":\"large\"},\"children\":[{\"type\":\"row\",\"props\":{\"column_gap\":\"large\",\"layout\":\"2-3,1-3\"},\"children\":[{\"type\":\"column\",\"props\":{\"image_position\":\"center-center\",\"position_sticky_breakpoint\":\"m\",\"width_medium\":\"2-3\"},\"children\":[{\"type\":\"text\",\"props\":{\"animation\":\"slide-left-medium\",\"column_breakpoint\":\"m\",\"content\":\"\n\n<p>Pr\\u00e9sent sur les march\\u00e9s des pi\\u00e8ces d\\u00e9tach\\u00e9es pour moteurs \\u00e9lectriques depuis 1927, ROUGIER Electrom\\u00e9canique a su, au fil des ann\\u00e9es, s'adapter aux besoins des industriels dans le domaine des <strong>bagues collectrices ou \\u00ab\\u00a0slip ring\\u00a0\\u00bb<\\\/strong>. Pour cela, nous poss\\u00e9dons plusieurs techniques de r\\u00e9alisation.<\\\/p>\",\"margin\":\"default\"}},{\"type\":\"slideshow\",\"props\":{\"block_align\":\"center\",\"image_loading\":true,\"link_style\":\"default\",\"link_text\":\"Read more\",\"margin\":\"default\",\"maxwidth\":\"xlarge\",\"meta_align\":\"below-title\",\"meta_element\":\"div\",\"meta_style\":\"text-meta\",\"nav\":\"thumbnav\",\"nav_align\":\"center\",\"nav_below\":true,\"nav_breakpoint\":\"s\",\"nav_position\":\"bottom-center\",\"nav_position_margin\":\"medium\",\"overlay_animation\":\"scale-up\",\"overlay_container_padding\":\"xsmall\",\"overlay_margin\":\"none\",\"overlay_padding\":\"small\",\"overlay_position\":\"bottom\",\"overlay_style\":\"overlay-default\",\"overlay_width\":\"medium\",\"show_content\":true,\"show_link\":false,\"show_meta\":true,\"show_thumbnail\":true,\"show_title\":false,\"slidenav\":\"default\",\"slidenav_breakpoint\":\"s\",\"slidenav_large\":true,\"slidenav_margin\":\"medium\",\"slidenav_outside_breakpoint\":\"xl\",\"slideshow_animation\":\"fade\",\"slideshow_autoplay\":true,\"slideshow_autoplay_interval\":\"3\",\"slideshow_autoplay_pause\":true,\"slideshow_box_shadow\":\"small\",\"slideshow_min_height\":\"\",\"text_align\":\"center\",\"text_color\":\"light\",\"thumbnav_height\":\"50\",\"thumbnav_svg_color\":\"emphasis\",\"thumbnav_width\":\"75\",\"title_color\":\"primary\",\"title_element\":\"h2\",\"title_style\":\"h6\"},\"children\":[{\"type\":\"slideshow_item\",\"props\":{\"content\":\"\",\"image\":\"wp-content\\\/uploads\\\/bagues-collectrices-slip-ring-baguier-moteur-rougier.jpg\",\"image_alt\":\"Bagues collectrices ou slip ring - Baguier moteur Rougier\",\"meta\":\"Baguier moteur Rougier\",\"title\":\"Baguier moteur Rougier\"}},{\"type\":\"slideshow_item\",\"props\":{\"image\":\"wp-content\\\/uploads\\\/bagues-collectrices-slip-ring-collecteur-a-bagues-demi-coquille.jpg\",\"image_alt\":\"Bagues collectrices ou slip ring - Collecteur \\u00e0 bagues demi-coquille\",\"meta\":\"Collecteur \\u00e0 bagues demi-coquille\",\"title\":\"Collecteur \\u00e0 bagues demi-coquille\"}},{\"type\":\"slideshow_item\",\"props\":{\"image\":\"wp-content\\\/uploads\\\/bagues-collectrices-slip-ring-collecteur-a-bagues-concentrique.jpg\",\"image_alt\":\"Bagues collectrices ou slip ring - Collecteur \\u00e0 bagues concentrique\",\"meta\":\"Collecteur \\u00e0 bagues concentrique\",\"title\":\"Collecteur \\u00e0 bagues concentrique\"}},{\"type\":\"slideshow_item\",\"props\":{\"image\":\"wp-content\\\/uploads\\\/bagues-collectrices-slip-ring-jeu-de-3-bagues-bronze.jpg\",\"image_alt\":\"Bagues collectrices ou slip ring - Jeu de 3 bagues bronze\",\"meta\":\"Jeu de 3 bagues bronze\",\"title\":\"Jeu de 3 bagues bronze\"}},{\"type\":\"slideshow_item\",\"props\":{\"image\":\"wp-content\\\/uploads\\\/bagues-collectrices-slip-ring-prototype-jeu-de-bagues.jpg\",\"image_alt\":\"Bgues collectrices ou slip-ring - Jeu de bagues\",\"meta\":\"Jeu de bagues\",\"title\":\"Jeu de bagues\"}}]},{\"type\":\"text\",\"props\":{\"animation\":\"slide-left-medium\",\"column_breakpoint\":\"m\",\"content\":\"\n\n<p>Une <strong>gamme compl\\u00e8te de collecteurs \\u00e0 bagues \\u00ab\\u00a0moul\\u00e9s\\u00a0\\u00bb a \\u00e9t\\u00e9 d\\u00e9velopp\\u00e9e<\\\/strong>, pour laquelle nous nous sommes \\u00e9quip\\u00e9s d'une large palette d'outils offrant de grandes possibilit\\u00e9s aussi bien en terme de taille que de configuration.<\\\/p>\\n\n\n<p><strong>Pour les jeux de bagues collectrices<\\\/strong> qui ne peuvent \\u00eatre fabriqu\\u00e9s en moulage, nous <strong>ma\\u00eetrisons l'assemblage par variation thermique<\\\/strong>. En plus de repousser les limites dimensionnelles, cette technique permet de pouvoir r\\u00e9duire les co\\u00fbts de production en r\\u00e9cup\\u00e9rant (si son \\u00e9tat le permet) votre moyeu.<\\\/p>\\n\n\n<p>Dans certaines situations, le montage d'un bloc de bagues sur votre machine peut \\u00eatre contraint par l'environnement m\\u00e9canique et n\\u00e9cessite des sp\\u00e9cificit\\u00e9s qui nous interdisent les deux premi\\u00e8res techniques. Dans ce cas, <strong>notre B.E \\u00e9tudiera un assemblage m\\u00e9canique<\\\/strong> (demi-coquille, kit, etc.).<\\\/p>\\n\n\n<p>Chaque machine a ses particularit\\u00e9s, et par cons\\u00e9quent, chaque collecteur \\u00e0 bagues \\u00e9galement. Si vous ne trouvez pas le jeu de bagues collectrices qui vous convient dans notre catalogue, n'h\\u00e9sitez pas \\u00e0 nous consulter en renseignant la fiche d'identification \\u00e0 votre disposition sur la page de notre catalogue.<\\\/p>\",\"margin\":\"default\"}},{\"type\":\"button\",\"props\":{\"animation\":\"scale-up\",\"button_size\":\"large\",\"grid_column_gap\":\"small\",\"grid_row_gap\":\"small\",\"margin\":\"large\",\"text_align\":\"center\"},\"children\":[{\"type\":\"button_item\",\"props\":{\"button_style\":\"secondary\",\"content\":\" Besoin d'un devis ? d'un conseil ? Contactez-nous\",\"icon\":\"forward\",\"icon_align\":\"left\",\"link\":\"fr\\\/contact-specialiste-transmission-electrique-pour-moteur-electrique\\\/\"}}]}]},{\"type\":\"column\",\"props\":{\"image_position\":\"center-center\",\"position_sticky_breakpoint\":\"m\",\"width_medium\":\"1-3\"},\"children\":[{\"type\":\"grid\",\"props\":{\"animation\":\"slide-right-medium\",\"content_column_breakpoint\":\"m\",\"filter_align\":\"left\",\"filter_all\":true,\"filter_grid_breakpoint\":\"m\",\"filter_grid_width\":\"auto\",\"filter_position\":\"top\",\"filter_style\":\"tab\",\"grid_default\":\"1\",\"grid_medium\":\"\",\"icon_width\":80,\"image_align\":\"bottom\",\"image_grid_breakpoint\":\"m\",\"image_grid_width\":\"1-2\",\"image_link\":true,\"image_svg_color\":\"emphasis\",\"image_transition\":\"scale-up\",\"image_width\":\"250\",\"item_animation\":true,\"lightbox\":false,\"link_style\":\"default\",\"link_target\":true,\"link_text\":\"\",\"margin\":\"default\",\"meta_align\":\"below-title\",\"meta_element\":\"div\",\"meta_style\":\"text-meta\",\"panel_padding\":\"default\",\"panel_style\":\"card-secondary\",\"parallax_easing\":\"1\",\"show_content\":true,\"show_image\":true,\"show_link\":true,\"show_meta\":true,\"show_title\":true,\"text_align\":\"center\",\"title_align\":\"top\",\"title_decoration\":\"divider\",\"title_element\":\"h3\",\"title_grid_breakpoint\":\"m\",\"title_grid_width\":\"1-2\",\"title_hover_style\":\"reset\",\"title_link\":true,\"title_style\":\"h5\"},\"children\":[{\"type\":\"grid_item\",\"props\":{\"content\":\"\n\n<p>Catalogue et fiches techniques<br \\\/>des jeux de bagues collectrices<\\\/p>\",\"image\":\"wp-content\\\/uploads\\\/catalogue-collecteurs-a-bagues.jpg\",\"image_alt\":\"Collecteurs \\u00e0 bagues et jeux de bagues collectrices\",\"link\":\"wp-content\\\/uploads\\\/catalogue-collecteurs-a-bagues.pdf\",\"title\":\"T\\u00e9l\\u00e9charger le document\"}}]}]}]}]},{\"type\":\"section\",\"props\":{\"animation\":\"scale-up\",\"animation_delay\":false,\"image_position\":\"center-center\",\"style\":\"default\",\"title_breakpoint\":\"xl\",\"title_position\":\"top-left\",\"title_rotation\":\"left\",\"vertical_align\":\"middle\",\"width\":\"large\"},\"children\":[{\"type\":\"row\",\"props\":{\"width\":\"large\"},\"children\":[{\"type\":\"column\",\"props\":{\"image_position\":\"center-center\",\"position_sticky_breakpoint\":\"m\",\"width_medium\":\"1-1\"},\"children\":[{\"type\":\"headline\",\"props\":{\"block_align\":\"center\",\"content\":\"\n\n<blockquote>\\n\n\n<p>ROUGIER Electrom\\u00e9canique, vous apportera tout son support technique afin d'\\u00e9tudier, concevoir et r\\u00e9aliser le syst\\u00e8me de jeux de bagues collectrices ou \\\"slip-ring\\\" adapt\\u00e9 \\u00e0 vos besoins en cherchant toujours \\u00e0 atteindre le meilleur rapport qualit\\u00e9\\\/prix.<\\\/p>\\n<\\\/blockquote>\",\"maxwidth\":\"2xlarge\",\"text_align\":\"center\",\"title_element\":\"div\",\"title_font_family\":\"tertiary\"}}]}]}]}],\"version\":\"4.0.7\",\"type\":\"layout\"} --><\/p>\n","protected":false},"excerpt":{"rendered":"<p>Collecteurs \u00e0 bagueset jeux de bagues collectrices Conception, fabrication et r\u00e9parationde vos collecteurs \u00e0 bagues Pr\u00e9sent sur les march\u00e9s des pi\u00e8ces d\u00e9tach\u00e9es pour moteurs \u00e9lectriques depuis 1927, ROUGIER Electrom\u00e9canique a su, au fil des ann\u00e9es, s&rsquo;adapter aux besoins des industriels dans le domaine des bagues collectrices ou \u00ab\u00a0slip ring\u00a0\u00bb. Pour cela, nous poss\u00e9dons plusieurs techniques [&hellip;]<\/p>\n","protected":false},"author":1,"featured_media":0,"parent":28,"menu_order":3,"comment_status":"closed","ping_status":"closed","template":"","meta":{"footnotes":""},"class_list":["post-669","page","type-page","status-publish","hentry"],"aioseo_notices":[],"_links":{"self":[{"href":"https:\/\/www.rougier-electro.fr\/fr\/wp-json\/wp\/v2\/pages\/669","targetHints":{"allow":["GET"]}}],"collection":[{"href":"https:\/\/www.rougier-electro.fr\/fr\/wp-json\/wp\/v2\/pages"}],"about":[{"href":"https:\/\/www.rougier-electro.fr\/fr\/wp-json\/wp\/v2\/types\/page"}],"author":[{"embeddable":true,"href":"https:\/\/www.rougier-electro.fr\/fr\/wp-json\/wp\/v2\/users\/1"}],"replies":[{"embeddable":true,"href":"https:\/\/www.rougier-electro.fr\/fr\/wp-json\/wp\/v2\/comments?post=669"}],"version-history":[{"count":0,"href":"https:\/\/www.rougier-electro.fr\/fr\/wp-json\/wp\/v2\/pages\/669\/revisions"}],"up":[{"embeddable":true,"href":"https:\/\/www.rougier-electro.fr\/fr\/wp-json\/wp\/v2\/pages\/28"}],"wp:attachment":[{"href":"https:\/\/www.rougier-electro.fr\/fr\/wp-json\/wp\/v2\/media?parent=669"}],"curies":[{"name":"wp","href":"https:\/\/api.w.org\/{rel}","templated":true}]}}