{"id":645,"date":"2020-02-26T15:56:16","date_gmt":"2020-02-26T14:56:16","guid":{"rendered":"http:\/\/test.rougier-electro.fr\/?page_id=645"},"modified":"2024-07-05T11:07:34","modified_gmt":"2024-07-05T09:07:34","slug":"fabrication-balais-graphite-charbons-moteur","status":"publish","type":"page","link":"https:\/\/www.rougier-electro.fr\/fr\/produits\/fabrication-balais-graphite-charbons-moteur\/","title":{"rendered":"Balais graphite \/ Charbons moteur"},"content":{"rendered":"<h1>Balais graphite \/ Charbons moteur<\/h1>\n<h2>Conception, fabrication et r\u00e9paration<br \/>de balais graphite<\/h2>\n<div>\n<p>Le<strong> balai carbone<\/strong> est un composant dont la fonction est de transf\u00e9rer le courant \u00e9lectrique par frottement. Aussi appeler <strong>charbon moteur ou balai de charbon<\/strong>, il sera \u00e0 m\u00eame de faire transiter tous types de courant entre la partie tournante d&rsquo;une machine et son alimentation.<\/p>\n<\/div>\n<ul>\n<li>\n<p>        <img decoding=\"async\" src=\"https:\/\/www.rougier-electro.fr\/wp-content\/uploads\/balais-industriels-balais-carbone-bi-matiere.jpg\" alt=\"Balais industriels carbone bi-mati\u00e8re\"><\/p>\n<h2>Balais carbone bi-mati\u00e8re<\/h2>\n<p>Balais carbone bi-mati\u00e8re<\/p>\n<\/li>\n<li>\n<p>        <img decoding=\"async\" src=\"https:\/\/www.rougier-electro.fr\/wp-content\/uploads\/balais-industriels-balais-graphite-etrier.jpg\" alt=\"Balai industriel graphite \u00e9trier\"><\/p>\n<h2>Balai graphite \u00e9trier<\/h2>\n<p>Balai graphite \u00e9trier<\/p>\n<\/li>\n<li>\n<p>        <img decoding=\"async\" src=\"https:\/\/www.rougier-electro.fr\/wp-content\/uploads\/balais-industriels-balais-moteur-electrique.jpg\" alt=\"Balai industriel moteur \u00e9lectrique\"><\/p>\n<h2>Balai moteur \u00e9lectrique<\/h2>\n<p>Balai moteur \u00e9lectrique<\/p>\n<\/li>\n<li>\n<p>        <img decoding=\"async\" src=\"https:\/\/www.rougier-electro.fr\/wp-content\/uploads\/balais-industriels-charbons-moteur-industriels.jpg\" alt=\"Charbons moteur industriel\"><\/p>\n<h2>Charbons moteur industriel<\/h2>\n<p>Charbons moteur industriel<\/p>\n<\/li>\n<li>\n<p>        <img decoding=\"async\" src=\"https:\/\/www.rougier-electro.fr\/wp-content\/uploads\/balais-industriels-petits-balais-electroportatif.jpg\" alt=\"Petits balais pour appareils \u00e9lectroportatifs\"><\/p>\n<h2>Petits balais pour appareils \u00e9lectroportatifs<\/h2>\n<p>Petits balais pour appareils \u00e9lectroportatifs<\/p>\n<\/li>\n<li>\n<p>        <img decoding=\"async\" src=\"https:\/\/www.rougier-electro.fr\/wp-content\/uploads\/balais-industriels-qualites-graphite.jpg\" alt=\"Qualit\u00e9 des graphites pour balais charbon moteur\"><\/p>\n<h2>Qualit\u00e9 de graphites<\/h2>\n<p>Qualit\u00e9 de graphites<\/p>\n<\/li>\n<\/ul>\n<div>\n<p>De par la multitude de choix possibles parmi toutes les qualit\u00e9s de graphite composant un balai ROUGIER, il est indispensable d&rsquo;adapter au mieux ses propri\u00e9t\u00e9s m\u00e9caniques et \u00e9lectriques aux conditions d&rsquo;utilisation du syst\u00e8me. Pour vous guider, nos services techniques ont les comp\u00e9tences n\u00e9cessaires.<\/p>\n<p>ROUGIER Electrom\u00e9canique est, depuis plus de 90 ans, un des <strong>sp\u00e9cialistes sur le march\u00e9 des balais de remplacement<\/strong>, ainsi que le <strong>fournisseur de nombreux constructeurs<\/strong>.<\/p>\n<p>Cette exp\u00e9rience acquise au fil des ann\u00e9es nous permet de vous aider \u00e0 <strong>optimiser le fonctionnement de vos balais et maximiser leur dur\u00e9e de vie<\/strong>, afin de r\u00e9pondre aux exigences de vos syst\u00e8mes \u00e9lectrom\u00e9caniques tels que les moteurs, alternateurs, g\u00e9n\u00e9rateurs et tous dispositifs de transmission d&rsquo;\u00e9nergie et signaux \u00e9lectriques.<\/p>\n<p>Pour r\u00e9pondre \u00e0 l&rsquo;urgence et pouvoir fabriquer sur mesure, une <strong>unit\u00e9 de production d\u00e9di\u00e9e \u00e0 l&rsquo;usinage des graphites nous permet de produire vos balais sous 24 \u00e0 48H<\/strong>. Nous disposons \u00e9galement d&rsquo;un <strong>stock important pour tous vos appareillages \u00e9lectroportatifs, alternateurs ou d\u00e9marreurs automobile<\/strong> susceptible d&rsquo;\u00eatre exp\u00e9di\u00e9 le jour m\u00eame.<\/p>\n<p>Tout ceci est rendu possible par le fait que ROUGIER Electrom\u00e9canique est fabricant en France. N&rsquo;h\u00e9sitez donc plus \u00e0 nous questionner afin de tester notre r\u00e9activit\u00e9, nous mettrons tout en oeuvre pour devenir votre partenaire privil\u00e9gi\u00e9 pour toutes vos pi\u00e8ces en graphite.<\/p>\n<\/div>\n<p>\n    <a href=\"https:\/\/www.rougier-electro.fr\/fr\/contact-specialiste-transmission-electrique-pour-moteur-electrique\/\"> Besoin d&rsquo;un devis ? d&rsquo;un conseil ? Contactez-nous<\/a>\n<\/p>\n<div>\n<p>    <img decoding=\"async\" src=\"https:\/\/www.rougier-electro.fr\/wp-content\/uploads\/catalogue-petit-balais-appareils-electroportatifs.jpg\" alt=\"catalogue des petits balais et balais pour appareils \u00e9lectroportatifs\"><\/p>\n<h3>T\u00e9l\u00e9charger le document<\/h3>\n<div>\n<p>Catalogue et fiches techniques<br \/>des petits balais et balais<br \/>pour appareils \u00e9lectroportatifs<\/p>\n<\/div>\n<p><a href=\"https:\/\/www.rougier-electro.fr\/wp-content\/uploads\/catalogue-petit-balais-appareils-electroportatifs.pdf\"><\/a><\/p>\n<\/div>\n<div>\n<p>    <img decoding=\"async\" src=\"https:\/\/www.rougier-electro.fr\/wp-content\/uploads\/catalogue-charbons-moteur-electrique.jpg\" alt=\"catalogue des balais graphite et charbons moteur industriels\"><\/p>\n<h3>T\u00e9l\u00e9charger le document<\/h3>\n<div>\n<p>Fiche technique et fiche d&rsquo;identification<br \/>des balais et charbons moteur industriels<\/p>\n<\/div>\n<p><a href=\"https:\/\/www.rougier-electro.fr\/wp-content\/uploads\/catalogue-charbons-moteur-electrique.pdf\"><\/a><\/p>\n<\/div>\n<div>\n<blockquote>\n<p>ROUGIER Electrom\u00e9canique, vous apportera tout son support technique afin d&rsquo;\u00e9tudier, concevoir et r\u00e9aliser les balais carbones ou charbons moteur adapt\u00e9s \u00e0 vos besoins en cherchant toujours \u00e0 atteindre le meilleur rapport qualit\u00e9\/prix.<\/p>\n<\/blockquote>\n<\/div>\n<p><!--more--><br \/>\n<!-- {\"name\":\"produit-page\",\"type\":\"layout\",\"children\":[{\"type\":\"section\",\"props\":{\"animation\":\"fade\",\"animation_delay\":\"200\",\"image\":\"wp-content\\\/uploads\\\/cover-collecteur-electrique-tournant.jpg\",\"image_effect\":\"parallax\",\"image_parallax_bgy\":\"-100,100\",\"image_parallax_easing\":\"1\",\"image_position\":\"center-center\",\"image_size\":\"cover\",\"media_overlay\":\"rgba(0, 0, 0, 0.52)\",\"padding\":\"large\",\"style\":\"default\",\"text_color\":\"light\",\"title_breakpoint\":\"xl\",\"title_position\":\"top-left\",\"title_rotation\":\"left\",\"vertical_align\":\"middle\",\"width\":\"large\"},\"children\":[{\"type\":\"row\",\"props\":{\"margin\":\"remove-vertical\"},\"children\":[{\"type\":\"column\",\"props\":{\"image_position\":\"center-center\",\"position_sticky_breakpoint\":\"m\",\"width_medium\":\"1-1\"},\"children\":[{\"type\":\"headline\",\"props\":{\"content\":\"Balais graphite \\\/ Charbons moteur\",\"text_align\":\"center\",\"title_element\":\"h1\",\"title_style\":\"heading-small\"},\"name\":\"Headline H1\"}]}]}],\"name\":\"Entete\"},{\"type\":\"section\",\"props\":{\"image_position\":\"center-center\",\"padding_remove_bottom\":true,\"style\":\"default\",\"title_breakpoint\":\"xl\",\"title_position\":\"top-left\",\"title_rotation\":\"left\",\"vertical_align\":\"middle\",\"width\":\"large\"},\"children\":[{\"type\":\"row\",\"children\":[{\"type\":\"column\",\"props\":{\"image_position\":\"center-center\",\"position_sticky_breakpoint\":\"m\",\"width_medium\":\"1-1\"},\"children\":[{\"type\":\"breadcrumbs\",\"props\":{\"show_current\":true,\"show_home\":true}}]}]}]},{\"type\":\"section\",\"props\":{\"image_position\":\"center-center\",\"style\":\"default\",\"title_breakpoint\":\"xl\",\"title_position\":\"top-left\",\"title_rotation\":\"left\",\"vertical_align\":\"middle\",\"width\":\"large\"},\"children\":[{\"type\":\"row\",\"children\":[{\"type\":\"column\",\"props\":{\"image_position\":\"center-center\",\"position_sticky_breakpoint\":\"m\",\"width_medium\":\"1-1\"},\"children\":[{\"type\":\"headline\",\"props\":{\"content\":\"Conception, fabrication et r\\u00e9paration<br \\\/>de balais graphite\",\"text_align\":\"center\",\"title_element\":\"h2\",\"title_style\":\"h2\"},\"name\":\"Headline H2\"}]}]}]},{\"type\":\"section\",\"props\":{\"animation\":\"fade\",\"animation_delay\":\"200\",\"image_position\":\"center-center\",\"style\":\"default\",\"title_breakpoint\":\"xl\",\"title_position\":\"top-left\",\"title_rotation\":\"left\",\"vertical_align\":\"middle\",\"width\":\"large\"},\"children\":[{\"type\":\"row\",\"props\":{\"column_gap\":\"large\",\"layout\":\"2-3,1-3\"},\"children\":[{\"type\":\"column\",\"props\":{\"image_position\":\"center-center\",\"position_sticky_breakpoint\":\"m\",\"width_medium\":\"2-3\"},\"children\":[{\"type\":\"text\",\"props\":{\"animation\":\"slide-left-medium\",\"column_breakpoint\":\"m\",\"content\":\"\n\n<p>Le<strong> balai carbone<\\\/strong> est un composant dont la fonction est de transf\\u00e9rer le courant \\u00e9lectrique par frottement. Aussi appeler <strong>charbon moteur ou balai de charbon<\\\/strong>, il sera \\u00e0 m\\u00eame de faire transiter tous types de courant entre la partie tournante d'une machine et son alimentation.<\\\/p>\",\"margin\":\"default\"}},{\"type\":\"slideshow\",\"props\":{\"block_align\":\"center\",\"image_loading\":true,\"link_style\":\"default\",\"link_text\":\"Read more\",\"margin\":\"default\",\"maxwidth\":\"xlarge\",\"meta_align\":\"below-title\",\"meta_element\":\"div\",\"meta_style\":\"text-meta\",\"nav\":\"thumbnav\",\"nav_align\":\"center\",\"nav_below\":true,\"nav_breakpoint\":\"s\",\"nav_position\":\"bottom-center\",\"nav_position_margin\":\"medium\",\"overlay_animation\":\"scale-up\",\"overlay_container_padding\":\"xsmall\",\"overlay_margin\":\"none\",\"overlay_padding\":\"small\",\"overlay_position\":\"bottom\",\"overlay_style\":\"overlay-default\",\"overlay_width\":\"medium\",\"show_content\":true,\"show_link\":false,\"show_meta\":true,\"show_thumbnail\":true,\"show_title\":false,\"slidenav\":\"default\",\"slidenav_breakpoint\":\"s\",\"slidenav_large\":true,\"slidenav_margin\":\"medium\",\"slidenav_outside_breakpoint\":\"xl\",\"slideshow_animation\":\"fade\",\"slideshow_autoplay\":true,\"slideshow_autoplay_interval\":\"3\",\"slideshow_autoplay_pause\":true,\"slideshow_box_shadow\":\"small\",\"slideshow_min_height\":\"\",\"text_align\":\"center\",\"text_color\":\"light\",\"thumbnav_height\":\"50\",\"thumbnav_svg_color\":\"emphasis\",\"thumbnav_width\":\"75\",\"title_color\":\"primary\",\"title_element\":\"h2\",\"title_style\":\"h6\"},\"children\":[{\"type\":\"slideshow_item\",\"props\":{\"content\":\"\",\"image\":\"wp-content\\\/uploads\\\/balais-industriels-balais-carbone-bi-matiere.jpg\",\"image_alt\":\"Balais industriels carbone bi-mati\\u00e8re\",\"meta\":\"Balais carbone bi-mati\\u00e8re\",\"title\":\"Balais carbone bi-mati\\u00e8re\"}},{\"type\":\"slideshow_item\",\"props\":{\"content\":\"\",\"image\":\"wp-content\\\/uploads\\\/balais-industriels-balais-graphite-etrier.jpg\",\"image_alt\":\"Balai industriel graphite \\u00e9trier\",\"meta\":\"Balai graphite \\u00e9trier\",\"title\":\"Balai graphite \\u00e9trier\"}},{\"type\":\"slideshow_item\",\"props\":{\"content\":\"\",\"image\":\"wp-content\\\/uploads\\\/balais-industriels-balais-moteur-electrique.jpg\",\"image_alt\":\"Balai industriel moteur \\u00e9lectrique\",\"meta\":\"Balai moteur \\u00e9lectrique\",\"title\":\"Balai moteur \\u00e9lectrique\"}},{\"type\":\"slideshow_item\",\"props\":{\"content\":\"\",\"image\":\"wp-content\\\/uploads\\\/balais-industriels-charbons-moteur-industriels.jpg\",\"image_alt\":\"Charbons moteur industriel\",\"meta\":\"Charbons moteur industriel\",\"title\":\"Charbons moteur industriel\"}},{\"type\":\"slideshow_item\",\"props\":{\"content\":\"\",\"image\":\"wp-content\\\/uploads\\\/balais-industriels-petits-balais-electroportatif.jpg\",\"image_alt\":\"Petits balais pour appareils \\u00e9lectroportatifs\",\"meta\":\"Petits balais pour appareils \\u00e9lectroportatifs\",\"title\":\"Petits balais pour appareils \\u00e9lectroportatifs\"}},{\"type\":\"slideshow_item\",\"props\":{\"content\":\"\",\"image\":\"wp-content\\\/uploads\\\/balais-industriels-qualites-graphite.jpg\",\"image_alt\":\"Qualit\\u00e9 des graphites pour balais charbon moteur\",\"meta\":\"Qualit\\u00e9 de graphites\",\"title\":\"Qualit\\u00e9 de graphites\"}}]},{\"type\":\"text\",\"props\":{\"animation\":\"slide-left-medium\",\"column_breakpoint\":\"m\",\"content\":\"\n\n<p>De par la multitude de choix possibles parmi toutes les qualit\\u00e9s de graphite composant un balai ROUGIER, il est indispensable d'adapter au mieux ses propri\\u00e9t\\u00e9s m\\u00e9caniques et \\u00e9lectriques aux conditions d'utilisation du syst\\u00e8me. Pour vous guider, nos services techniques ont les comp\\u00e9tences n\\u00e9cessaires.<\\\/p>\\n\n\n<p>ROUGIER Electrom\\u00e9canique est, depuis plus de 90 ans, un des <strong>sp\\u00e9cialistes sur le march\\u00e9 des balais de remplacement<\\\/strong>, ainsi que le <strong>fournisseur de nombreux constructeurs<\\\/strong>.<\\\/p>\\n\n\n<p>Cette exp\\u00e9rience acquise au fil des ann\\u00e9es nous permet de vous aider \\u00e0 <strong>optimiser le fonctionnement de vos balais et maximiser leur dur\\u00e9e de vie<\\\/strong>, afin de r\\u00e9pondre aux exigences de vos syst\\u00e8mes \\u00e9lectrom\\u00e9caniques tels que les moteurs, alternateurs, g\\u00e9n\\u00e9rateurs et tous dispositifs de transmission d'\\u00e9nergie et signaux \\u00e9lectriques.<\\\/p>\\n\n\n<p>Pour r\\u00e9pondre \\u00e0 l'urgence et pouvoir fabriquer sur mesure, une <strong>unit\\u00e9 de production d\\u00e9di\\u00e9e \\u00e0 l'usinage des graphites nous permet de produire vos balais sous 24 \\u00e0 48H<\\\/strong>. Nous disposons \\u00e9galement d'un <strong>stock important pour tous vos appareillages \\u00e9lectroportatifs, alternateurs ou d\\u00e9marreurs automobile<\\\/strong> susceptible d'\\u00eatre exp\\u00e9di\\u00e9 le jour m\\u00eame.<\\\/p>\\n\n\n<p>Tout ceci est rendu possible par le fait que ROUGIER Electrom\\u00e9canique est fabricant en France. N'h\\u00e9sitez donc plus \\u00e0 nous questionner afin de tester notre r\\u00e9activit\\u00e9, nous mettrons tout en oeuvre pour devenir votre partenaire privil\\u00e9gi\\u00e9 pour toutes vos pi\\u00e8ces en graphite.<\\\/p>\",\"margin\":\"default\"}},{\"type\":\"button\",\"props\":{\"animation\":\"scale-up\",\"button_size\":\"large\",\"grid_column_gap\":\"small\",\"grid_row_gap\":\"small\",\"margin\":\"large\",\"text_align\":\"center\"},\"children\":[{\"type\":\"button_item\",\"props\":{\"button_style\":\"secondary\",\"content\":\" Besoin d'un devis ? d'un conseil ? Contactez-nous\",\"icon\":\"forward\",\"icon_align\":\"left\",\"link\":\"fr\\\/contact-specialiste-transmission-electrique-pour-moteur-electrique\\\/\"}}]}]},{\"type\":\"column\",\"props\":{\"image_position\":\"center-center\",\"position_sticky_breakpoint\":\"m\",\"width_medium\":\"1-3\"},\"children\":[{\"type\":\"grid\",\"props\":{\"animation\":\"slide-right-medium\",\"content_column_breakpoint\":\"m\",\"filter_align\":\"left\",\"filter_all\":true,\"filter_grid_breakpoint\":\"m\",\"filter_grid_width\":\"auto\",\"filter_position\":\"top\",\"filter_style\":\"tab\",\"grid_default\":\"1\",\"grid_medium\":\"\",\"icon_width\":80,\"image_align\":\"bottom\",\"image_grid_breakpoint\":\"m\",\"image_grid_width\":\"1-2\",\"image_link\":true,\"image_svg_color\":\"emphasis\",\"image_transition\":\"scale-up\",\"image_width\":\"200\",\"item_animation\":true,\"lightbox\":false,\"link_style\":\"default\",\"link_target\":true,\"link_text\":\"\",\"margin\":\"default\",\"meta_align\":\"below-title\",\"meta_element\":\"div\",\"meta_style\":\"text-meta\",\"panel_padding\":\"default\",\"panel_style\":\"card-secondary\",\"parallax_easing\":\"1\",\"show_content\":true,\"show_image\":true,\"show_link\":true,\"show_meta\":true,\"show_title\":true,\"text_align\":\"center\",\"title_align\":\"top\",\"title_decoration\":\"divider\",\"title_element\":\"h3\",\"title_grid_breakpoint\":\"m\",\"title_grid_width\":\"1-2\",\"title_hover_style\":\"reset\",\"title_link\":true,\"title_style\":\"h5\"},\"children\":[{\"type\":\"grid_item\",\"props\":{\"content\":\"\n\n<p>Catalogue et fiches techniques<br \\\/>des petits balais et balais<br \\\/>pour appareils \\u00e9lectroportatifs<\\\/p>\",\"image\":\"wp-content\\\/uploads\\\/catalogue-petit-balais-appareils-electroportatifs.jpg\",\"image_alt\":\"catalogue des petits balais et balais pour appareils \\u00e9lectroportatifs\",\"link\":\"wp-content\\\/uploads\\\/catalogue-petit-balais-appareils-electroportatifs.pdf\",\"title\":\"T\\u00e9l\\u00e9charger le document\"}}]},{\"type\":\"grid\",\"props\":{\"animation\":\"slide-right-medium\",\"content_column_breakpoint\":\"m\",\"filter_align\":\"left\",\"filter_all\":true,\"filter_grid_breakpoint\":\"m\",\"filter_grid_width\":\"auto\",\"filter_position\":\"top\",\"filter_style\":\"tab\",\"grid_default\":\"1\",\"grid_medium\":\"\",\"icon_width\":80,\"image_align\":\"bottom\",\"image_grid_breakpoint\":\"m\",\"image_grid_width\":\"1-2\",\"image_link\":true,\"image_svg_color\":\"emphasis\",\"image_transition\":\"scale-up\",\"image_width\":\"200\",\"item_animation\":true,\"lightbox\":false,\"link_style\":\"default\",\"link_target\":true,\"link_text\":\"\",\"margin\":\"default\",\"meta_align\":\"below-title\",\"meta_element\":\"div\",\"meta_style\":\"text-meta\",\"panel_padding\":\"default\",\"panel_style\":\"card-secondary\",\"parallax_easing\":\"1\",\"show_content\":true,\"show_image\":true,\"show_link\":true,\"show_meta\":true,\"show_title\":true,\"text_align\":\"center\",\"title_align\":\"top\",\"title_decoration\":\"divider\",\"title_element\":\"h3\",\"title_grid_breakpoint\":\"m\",\"title_grid_width\":\"1-2\",\"title_hover_style\":\"reset\",\"title_link\":true,\"title_style\":\"h5\"},\"children\":[{\"type\":\"grid_item\",\"props\":{\"content\":\"\n\n<p>Fiche technique et fiche d'identification<br \\\/>des balais et charbons moteur industriels<\\\/p>\",\"image\":\"wp-content\\\/uploads\\\/catalogue-charbons-moteur-electrique.jpg\",\"image_alt\":\"catalogue des balais graphite et charbons moteur industriels\",\"link\":\"wp-content\\\/uploads\\\/catalogue-charbons-moteur-electrique.pdf\",\"title\":\"T\\u00e9l\\u00e9charger le document\"}}]}]}]}]},{\"type\":\"section\",\"props\":{\"animation\":\"scale-up\",\"animation_delay\":false,\"image_position\":\"center-center\",\"style\":\"default\",\"title_breakpoint\":\"xl\",\"title_position\":\"top-left\",\"title_rotation\":\"left\",\"vertical_align\":\"middle\",\"width\":\"large\"},\"children\":[{\"type\":\"row\",\"props\":{\"width\":\"large\"},\"children\":[{\"type\":\"column\",\"props\":{\"image_position\":\"center-center\",\"position_sticky_breakpoint\":\"m\",\"width_medium\":\"1-1\"},\"children\":[{\"type\":\"headline\",\"props\":{\"block_align\":\"center\",\"content\":\"\n\n<blockquote>\\n\n\n<p>ROUGIER Electrom\\u00e9canique, vous apportera tout son support technique afin d'\\u00e9tudier, concevoir et r\\u00e9aliser les balais carbones ou charbons moteur adapt\\u00e9s \\u00e0 vos besoins en cherchant toujours \\u00e0 atteindre le meilleur rapport qualit\\u00e9\\\/prix.<\\\/p>\\n<\\\/blockquote>\",\"maxwidth\":\"2xlarge\",\"text_align\":\"center\",\"title_element\":\"div\",\"title_font_family\":\"tertiary\"}}]}]}]}],\"version\":\"4.0.7\"} --><\/p>\n","protected":false},"excerpt":{"rendered":"<p>Balais graphite \/ Charbons moteur Conception, fabrication et r\u00e9parationde balais graphite Le balai carbone est un composant dont la fonction est de transf\u00e9rer le courant \u00e9lectrique par frottement. Aussi appeler charbon moteur ou balai de charbon, il sera \u00e0 m\u00eame de faire transiter tous types de courant entre la partie tournante d&rsquo;une machine et son [&hellip;]<\/p>\n","protected":false},"author":1,"featured_media":0,"parent":28,"menu_order":1,"comment_status":"closed","ping_status":"closed","template":"","meta":{"footnotes":""},"class_list":["post-645","page","type-page","status-publish","hentry"],"aioseo_notices":[],"_links":{"self":[{"href":"https:\/\/www.rougier-electro.fr\/fr\/wp-json\/wp\/v2\/pages\/645","targetHints":{"allow":["GET"]}}],"collection":[{"href":"https:\/\/www.rougier-electro.fr\/fr\/wp-json\/wp\/v2\/pages"}],"about":[{"href":"https:\/\/www.rougier-electro.fr\/fr\/wp-json\/wp\/v2\/types\/page"}],"author":[{"embeddable":true,"href":"https:\/\/www.rougier-electro.fr\/fr\/wp-json\/wp\/v2\/users\/1"}],"replies":[{"embeddable":true,"href":"https:\/\/www.rougier-electro.fr\/fr\/wp-json\/wp\/v2\/comments?post=645"}],"version-history":[{"count":0,"href":"https:\/\/www.rougier-electro.fr\/fr\/wp-json\/wp\/v2\/pages\/645\/revisions"}],"up":[{"embeddable":true,"href":"https:\/\/www.rougier-electro.fr\/fr\/wp-json\/wp\/v2\/pages\/28"}],"wp:attachment":[{"href":"https:\/\/www.rougier-electro.fr\/fr\/wp-json\/wp\/v2\/media?parent=645"}],"curies":[{"name":"wp","href":"https:\/\/api.w.org\/{rel}","templated":true}]}}