{"id":459,"date":"2020-01-25T18:06:55","date_gmt":"2020-01-25T17:06:55","guid":{"rendered":"http:\/\/test.rougier-electro.fr\/?page_id=459"},"modified":"2024-07-05T13:37:42","modified_gmt":"2024-07-05T11:37:42","slug":"savoir-faire-transfert-de-courant-electrique","status":"publish","type":"page","link":"https:\/\/www.rougier-electro.fr\/fr\/savoir-faire-transfert-de-courant-electrique\/","title":{"rendered":"Savoir-faire"},"content":{"rendered":"<h1>\n<p>Notre savoir-faire<\/p>\n<\/h1>\n<div>\n<p><strong>Forte de plus de 90 ans d\u2019exp\u00e9rience dans le transfert du courant \u00e9lectrique d\u2019une partie fixe \u00e0 une partie mobile,<\/strong> ROUGIER Electrom\u00e9canique\u00a0 a d\u00e9velopp\u00e9 dans chacune de ses gammes de fabrication des <strong>produits standards pouvant r\u00e9pondre rapidement \u00e0 vos besoins<\/strong>, et fait vivre ces produits, en suivant les nouvelles technologies et mati\u00e8res, afin de <strong>toujours pouvoir proposer le meilleur produit au meilleur co\u00fbt<\/strong>.<\/p>\n<p>L\u2019ensemble de nos savoir-faire nous permet de r\u00e9pondre aux <strong>demandes de pi\u00e8ce prototype, de fabrication au mod\u00e8le, de r\u00e9paration, mais \u00e9galement la r\u00e9alisation de moyennes ou grandes s\u00e9ries<\/strong>.<\/p>\n<\/div>\n<div>\n<p>Dot\u00e9e d\u2019un service commercial r\u00e9actif, associ\u00e9 \u00e0 un bureau d\u2019\u00e9tude exp\u00e9riment\u00e9 et \u00e0 une \u00e9quipe de production dynamique, ROUGIER Electrom\u00e9canique, saura <strong>vous proposer des solutions<\/strong>.<\/p>\n<p>Que votre projet concerne la <strong>r\u00e9paration ou la fabrication \u00e0 l&rsquo;identique de syst\u00e8mes existants, la modification, la fiabilisation d&rsquo;installations en place ou en vous accompagnant dans la conception et le d\u00e9veloppement de vos nouveaux produits<\/strong>.<\/p>\n<p>Notre longue connaissance du monde industriel, associ\u00e9e \u00e0 notre structure \u00e0 taille humaine, nous ont permis de conserver une capacit\u00e9 de r\u00e9action qui vous assure le <strong>respect des d\u00e9lais de production<\/strong> tout en garantissant une parfaite ma\u00eetrise des co\u00fbts.<\/p>\n<\/div>\n<div>\n<h3>Services de production<\/h3>\n<div>\n<ul>\n<li>Un bureau d\u2019\u00e9tude (2D\/3D)<\/li>\n<li>Stock de mati\u00e8re premi\u00e8re<\/li>\n<li>Stock de produits finis<\/li>\n<li>Atelier balais graphite\/porte-balais<\/li>\n<li>Atelier Collecteurs \u00e0 bagues\/lames et contacts \u00e9lectriques tournants<\/li>\n<li>Atelier de fabrication de syst\u00e8mes de manutention<\/li>\n<\/ul>\n<p style=\"text-align: center;\"><strong>Chaque unit\u00e9 de production est dot\u00e9e de syst\u00e8mes de contr\u00f4le adapt\u00e9s.<\/strong><\/p>\n<\/div>\n<\/div>\n<p>\n    <a href=\"https:\/\/www.youtube.com\/channel\/UCAHPG-x7d5XnfFkycfzg1TQ\">Acc\u00e8s \u00e0 nos vid\u00e9os<\/a>\n<\/p>\n<p><!--more--><br \/>\n<!-- {\"children\":[{\"type\":\"section\",\"props\":{\"animation\":\"fade\",\"animation_delay\":\"200\",\"image\":\"wp-content\\\/uploads\\\/cover-collecteur-electrique-tournant.jpg\",\"image_effect\":\"parallax\",\"image_parallax_bgy\":\"-100,100\",\"image_parallax_easing\":\"1\",\"image_position\":\"center-center\",\"image_size\":\"cover\",\"media_overlay\":\"rgba(0, 0, 0, 0.52)\",\"padding\":\"large\",\"style\":\"default\",\"text_color\":\"light\",\"title_breakpoint\":\"xl\",\"title_position\":\"top-left\",\"title_rotation\":\"left\",\"vertical_align\":\"\",\"width\":\"large\"},\"children\":[{\"type\":\"row\",\"props\":{\"margin\":\"remove-vertical\"},\"children\":[{\"type\":\"column\",\"props\":{\"image_position\":\"center-center\",\"position_sticky_breakpoint\":\"m\",\"width_medium\":\"1-1\"},\"children\":[{\"type\":\"headline\",\"props\":{\"content\":\"\n\n<p>Notre savoir-faire<\\\/p>\",\"text_align\":\"center\",\"title_element\":\"h1\",\"title_style\":\"heading-small\"},\"name\":\"Headline H1\"}]}]}],\"name\":\"Entete\"},{\"type\":\"section\",\"props\":{\"animation\":\"fade\",\"animation_delay\":\"200\",\"image_position\":\"center-center\",\"style\":\"default\",\"title_breakpoint\":\"xl\",\"title_position\":\"top-left\",\"title_rotation\":\"left\",\"vertical_align\":\"\",\"width\":\"large\"},\"children\":[{\"type\":\"row\",\"props\":{\"column_gap\":\"large\",\"layout\":\"2-3,1-3\"},\"children\":[{\"type\":\"column\",\"props\":{\"image_position\":\"center-center\",\"position_sticky_breakpoint\":\"m\",\"width_medium\":\"2-3\"},\"children\":[{\"type\":\"text\",\"props\":{\"column_breakpoint\":\"m\",\"content\":\"\n\n<p><strong>Forte de plus de 90 ans d\\u2019exp\\u00e9rience dans le transfert du courant \\u00e9lectrique d\\u2019une partie fixe \\u00e0 une partie mobile,<\\\/strong> ROUGIER Electrom\\u00e9canique\\u00a0 a d\\u00e9velopp\\u00e9 dans chacune de ses gammes de fabrication des <strong>produits standards pouvant r\\u00e9pondre rapidement \\u00e0 vos besoins<\\\/strong>, et fait vivre ces produits, en suivant les nouvelles technologies et mati\\u00e8res, afin de <strong>toujours pouvoir proposer le meilleur produit au meilleur co\\u00fbt<\\\/strong>.<\\\/p>\\n\n\n<p>L\\u2019ensemble de nos savoir-faire nous permet de r\\u00e9pondre aux <strong>demandes de pi\\u00e8ce prototype, de fabrication au mod\\u00e8le, de r\\u00e9paration, mais \\u00e9galement la r\\u00e9alisation de moyennes ou grandes s\\u00e9ries<\\\/strong>.<\\\/p>\",\"margin\":\"default\"}},{\"type\":\"text\",\"props\":{\"column_breakpoint\":\"m\",\"content\":\"\n\n<p>Dot\\u00e9e d\\u2019un service commercial r\\u00e9actif, associ\\u00e9 \\u00e0 un bureau d\\u2019\\u00e9tude exp\\u00e9riment\\u00e9 et \\u00e0 une \\u00e9quipe de production dynamique, ROUGIER Electrom\\u00e9canique, saura <strong>vous proposer des solutions<\\\/strong>.<\\\/p>\\n\n\n<p>Que votre projet concerne la <strong>r\\u00e9paration ou la fabrication \\u00e0 l'identique de syst\\u00e8mes existants, la modification, la fiabilisation d'installations en place ou en vous accompagnant dans la conception et le d\\u00e9veloppement de vos nouveaux produits<\\\/strong>.<\\\/p>\\n\n\n<p>Notre longue connaissance du monde industriel, associ\\u00e9e \\u00e0 notre structure \\u00e0 taille humaine, nous ont permis de conserver une capacit\\u00e9 de r\\u00e9action qui vous assure le <strong>respect des d\\u00e9lais de production<\\\/strong> tout en garantissant une parfaite ma\\u00eetrise des co\\u00fbts.<\\\/p>\",\"margin\":\"default\"}}]},{\"type\":\"column\",\"props\":{\"image_position\":\"center-center\",\"position_sticky_breakpoint\":\"m\",\"width_medium\":\"1-3\"},\"children\":[{\"type\":\"panel\",\"props\":{\"animation\":\"slide-top-medium\",\"content\":\"\n\n<ul>\\n\n\n<li>Un bureau d\\u2019\\u00e9tude (2D\\\/3D)<\\\/li>\\n\n\n<li>Stock de mati\\u00e8re premi\\u00e8re<\\\/li>\\n\n\n<li>Stock de produits finis<\\\/li>\\n\n\n<li>Atelier balais graphite\\\/porte-balais<\\\/li>\\n\n\n<li>Atelier Collecteurs \\u00e0 bagues\\\/lames et contacts \\u00e9lectriques tournants<\\\/li>\\n\n\n<li>Atelier de fabrication de syst\\u00e8mes de manutention<\\\/li>\\n<\\\/ul>\\n\n\n<p style=\\\"text-align: center;\\\"><strong>Chaque unit\\u00e9 de production est dot\\u00e9e de syst\\u00e8mes de contr\\u00f4le adapt\\u00e9s.<\\\/strong><\\\/p>\",\"content_column_breakpoint\":\"m\",\"icon_width\":80,\"image_align\":\"top\",\"image_grid_breakpoint\":\"m\",\"image_grid_width\":\"1-2\",\"image_svg_color\":\"emphasis\",\"link_style\":\"default\",\"link_text\":\"Acc\\u00e8s \\u00e0 la page produits\",\"margin\":\"default\",\"meta_align\":\"below-title\",\"meta_element\":\"div\",\"meta_style\":\"text-meta\",\"panel_padding\":\"default\",\"panel_style\":\"card-default\",\"title\":\"Services de production\",\"title_align\":\"top\",\"title_element\":\"h3\",\"title_grid_breakpoint\":\"m\",\"title_grid_width\":\"1-2\",\"title_hover_style\":\"reset\",\"title_style\":\"h5\"}},{\"type\":\"button\",\"props\":{\"blend\":false,\"grid_column_gap\":\"small\",\"grid_row_gap\":\"small\",\"margin\":\"default\",\"text_align\":\"center\"},\"children\":[{\"type\":\"button_item\",\"props\":{\"button_style\":\"default\",\"content\":\"Acc\\u00e8s \\u00e0 nos vid\\u00e9os\",\"icon_align\":\"left\",\"link\":\"https:\\\/\\\/www.youtube.com\\\/channel\\\/UCAHPG-x7d5XnfFkycfzg1TQ\",\"link_target\":\"blank\",\"link_title\":\"Acc\\u00e8s \\u00e0 nos vid\\u00e9os\"}}]}]}]}]}],\"version\":\"4.4.4\",\"type\":\"layout\"} --><\/p>\n","protected":false},"excerpt":{"rendered":"<p>Notre savoir-faire Forte de plus de 90 ans d\u2019exp\u00e9rience dans le transfert du courant \u00e9lectrique d\u2019une partie fixe \u00e0 une partie mobile, ROUGIER Electrom\u00e9canique\u00a0 a d\u00e9velopp\u00e9 dans chacune de ses gammes de fabrication des produits standards pouvant r\u00e9pondre rapidement \u00e0 vos besoins, et fait vivre ces produits, en suivant les nouvelles technologies et mati\u00e8res, afin [&hellip;]<\/p>\n","protected":false},"author":1,"featured_media":0,"parent":0,"menu_order":0,"comment_status":"closed","ping_status":"closed","template":"","meta":{"footnotes":""},"class_list":["post-459","page","type-page","status-publish","hentry"],"aioseo_notices":[],"_links":{"self":[{"href":"https:\/\/www.rougier-electro.fr\/fr\/wp-json\/wp\/v2\/pages\/459","targetHints":{"allow":["GET"]}}],"collection":[{"href":"https:\/\/www.rougier-electro.fr\/fr\/wp-json\/wp\/v2\/pages"}],"about":[{"href":"https:\/\/www.rougier-electro.fr\/fr\/wp-json\/wp\/v2\/types\/page"}],"author":[{"embeddable":true,"href":"https:\/\/www.rougier-electro.fr\/fr\/wp-json\/wp\/v2\/users\/1"}],"replies":[{"embeddable":true,"href":"https:\/\/www.rougier-electro.fr\/fr\/wp-json\/wp\/v2\/comments?post=459"}],"version-history":[{"count":0,"href":"https:\/\/www.rougier-electro.fr\/fr\/wp-json\/wp\/v2\/pages\/459\/revisions"}],"wp:attachment":[{"href":"https:\/\/www.rougier-electro.fr\/fr\/wp-json\/wp\/v2\/media?parent=459"}],"curies":[{"name":"wp","href":"https:\/\/api.w.org\/{rel}","templated":true}]}}