{"id":39,"date":"2020-01-15T11:05:09","date_gmt":"2020-01-15T10:05:09","guid":{"rendered":"http:\/\/test.rougier-electro.fr\/?page_id=39"},"modified":"2025-06-11T10:53:20","modified_gmt":"2025-06-11T08:53:20","slug":"contact-specialiste-transmission-electrique-pour-moteur-electrique","status":"publish","type":"page","link":"https:\/\/www.rougier-electro.fr\/fr\/contact-specialiste-transmission-electrique-pour-moteur-electrique\/","title":{"rendered":"Contact"},"content":{"rendered":"<h1>\n<p>Nous contacter<\/p>\n<\/h1>\n<div>Formulaire de contact<\/div>\n<div>\n\n<div class=\"wpcf7 no-js\" id=\"wpcf7-f37-o1\" lang=\"fr-FR\" dir=\"ltr\" data-wpcf7-id=\"37\">\n<div class=\"screen-reader-response\"><p role=\"status\" aria-live=\"polite\" aria-atomic=\"true\"><\/p> <ul><\/ul><\/div>\n<form action=\"\/fr\/wp-json\/wp\/v2\/pages\/39#wpcf7-f37-o1\" method=\"post\" class=\"wpcf7-form init form contact-form\" id=\"contact-form\" aria-label=\"Formulaire de contact\" enctype=\"multipart\/form-data\" novalidate=\"novalidate\" data-status=\"init\">\n<fieldset class=\"hidden-fields-container\"><input type=\"hidden\" name=\"_wpcf7\" value=\"37\" \/><input type=\"hidden\" name=\"_wpcf7_version\" value=\"6.1.5\" \/><input type=\"hidden\" name=\"_wpcf7_locale\" value=\"fr_FR\" \/><input type=\"hidden\" name=\"_wpcf7_unit_tag\" value=\"wpcf7-f37-o1\" \/><input type=\"hidden\" name=\"_wpcf7_container_post\" value=\"0\" \/><input type=\"hidden\" name=\"_wpcf7_posted_data_hash\" value=\"\" \/>\n<\/fieldset>\n<div class=\"wp-block-columns\">\n\t<div class=\"wp-block-column\">\n\t\t<div class=\"uk-form-controls\">\n\t\t\t<p><span class=\"wpcf7-form-control-wrap\" data-name=\"society\"><input size=\"40\" maxlength=\"400\" class=\"wpcf7-form-control wpcf7-text uk-input\" aria-invalid=\"false\" placeholder=\"Votre Soci\u00e9t\u00e9\" value=\"\" type=\"text\" name=\"society\" \/><\/span>\n\t\t\t<\/p>\n\t\t<\/div>\n\t<\/div>\n\t<div class=\"wp-block-column\">\n\t\t<div class=\"uk-form-controls\">\n\t\t\t<p><span class=\"wpcf7-form-control-wrap\" data-name=\"yourname\"><input size=\"40\" maxlength=\"400\" class=\"wpcf7-form-control wpcf7-text wpcf7-validates-as-required uk-input\" aria-required=\"true\" aria-invalid=\"false\" placeholder=\"Votre Nom et Pr\u00e9nom*\" value=\"\" type=\"text\" name=\"yourname\" \/><\/span>\n\t\t\t<\/p>\n\t\t<\/div>\n\t<\/div>\n<\/div>\n<div class=\"wp-block-columns\">\n\t<div class=\"wp-block-column\">\n\t\t<div class=\"uk-form-controls\">\n\t\t\t<p><span class=\"wpcf7-form-control-wrap\" data-name=\"mail\"><input size=\"40\" maxlength=\"400\" class=\"wpcf7-form-control wpcf7-text wpcf7-validates-as-required uk-input\" aria-required=\"true\" aria-invalid=\"false\" placeholder=\"Votre email*\" value=\"\" type=\"text\" name=\"mail\" \/><\/span>\n\t\t\t<\/p>\n\t\t<\/div>\n\t<\/div>\n\t<div class=\"wp-block-column\">\n\t\t<div class=\"uk-form-controls\">\n\t\t\t<p><span class=\"wpcf7-form-control-wrap\" data-name=\"phone\"><input size=\"40\" maxlength=\"400\" class=\"wpcf7-form-control wpcf7-tel wpcf7-text wpcf7-validates-as-tel uk-input\" aria-invalid=\"false\" placeholder=\"Votre T\u00e9l\u00e9phone\" value=\"\" type=\"tel\" name=\"phone\" \/><\/span>\n\t\t\t<\/p>\n\t\t<\/div>\n\t<\/div>\n<\/div>\n<div class=\"uk-margin\">\n\t<div class=\"uk-form-controls\">\n\t\t<p><span class=\"wpcf7-form-control-wrap\" data-name=\"source\"><select class=\"wpcf7-form-control wpcf7-select uk-select\" aria-invalid=\"false\" name=\"source\"><option value=\"Comment nous avez-vous connu ?\">Comment nous avez-vous connu ?<\/option><option value=\"Google\">Google<\/option><option value=\"R\u00e9seaux sociaux\">R\u00e9seaux sociaux<\/option><option value=\"Recommandation\">Recommandation<\/option><option value=\"Publicit\u00e9\">Publicit\u00e9<\/option><option value=\"Autre\">Autre<\/option><\/select><\/span>\n\t\t<\/p>\n\t<\/div>\n<\/div>\n<div class=\"uk-margin\" id=\"autre-source-container\">\n\t<div class=\"uk-form-controls\">\n\t\t<p><span class=\"wpcf7-form-control-wrap\" data-name=\"autre_source\"><input size=\"40\" maxlength=\"400\" class=\"wpcf7-form-control wpcf7-text uk-input\" aria-invalid=\"false\" placeholder=\"Pr\u00e9cisez si autre\" value=\"\" type=\"text\" name=\"autre_source\" \/><\/span>\n\t\t<\/p>\n\t<\/div>\n<\/div>\n<div class=\"uk-margin\">\n\t<div class=\"uk-form-controls\">\n\t\t<p><span class=\"wpcf7-form-control-wrap\" data-name=\"subject\"><input size=\"40\" maxlength=\"400\" class=\"wpcf7-form-control wpcf7-text wpcf7-validates-as-required uk-input\" aria-required=\"true\" aria-invalid=\"false\" placeholder=\"Objet*\" value=\"\" type=\"text\" name=\"subject\" \/><\/span>\n\t\t<\/p>\n\t<\/div>\n<\/div>\n<div class=\"uk-margin\">\n\t<div class=\"uk-form-controls\">\n\t\t<p><span class=\"wpcf7-form-control-wrap\" data-name=\"message\"><textarea cols=\"40\" rows=\"5\" maxlength=\"2000\" class=\"wpcf7-form-control wpcf7-textarea wpcf7-validates-as-required uk-textarea\" aria-required=\"true\" aria-invalid=\"false\" placeholder=\"Votre message*\" name=\"message\"><\/textarea><\/span>\n\t\t<\/p>\n\t<\/div>\n<\/div>\n<p><span class=\"wpcf7-form-control-wrap\" data-name=\"file-0\"><input size=\"40\" class=\"wpcf7-form-control wpcf7-file\" accept=\".pdf,.jpg,.png,.step,.doc,.docx,.xls,.xlsx\" aria-invalid=\"false\" type=\"file\" name=\"file-0\" \/><\/span>\n<\/p>\n<p><span class=\"wpcf7-form-control-wrap\" data-name=\"rgpd\"><span class=\"wpcf7-form-control wpcf7-acceptance\"><span class=\"wpcf7-list-item\"><label><input type=\"checkbox\" name=\"rgpd\" value=\"1\" aria-invalid=\"false\" \/><span class=\"wpcf7-list-item-label\">En soumettant ce formulaire j'accepte que les informations saisies soient exploit\u00e9es dans le cadre de cette demande de contact et de la relation commerciale qui peut en d\u00e9couler. En renseignant votre num\u00e9ro de t\u00e9l\u00e9phone, vous \u00eates inform\u00e9 de votre droit \u00e0 vous inscrire gratuitement sur la liste d\u2019opposition au d\u00e9marchage t\u00e9l\u00e9phonique <a href=\"https:\/\/www.bloctel.gouv.fr\" target=\"_blank\">Bloctel<\/a><\/span><\/label><\/span><\/span><\/span>\n<\/p>\n<div class=\"uk-margin\">\n\t<p><span class=\"wpcf7-form-control-wrap\" data-name=\"hcap-cf7\">\t\t<input\n\t\t\t\ttype=\"hidden\"\n\t\t\t\tclass=\"hcaptcha-widget-id\"\n\t\t\t\tname=\"hcaptcha-widget-id\"\n\t\t\t\tvalue=\"eyJzb3VyY2UiOlsiY29udGFjdC1mb3JtLTdcL3dwLWNvbnRhY3QtZm9ybS03LnBocCJdLCJmb3JtX2lkIjozN30=-9f62443f8edc4ae0102f3ad647b0ccb6\">\n\t\t\t\t<span id=\"hcap_cf7-6a095503821f24.21425591\" class=\"wpcf7-form-control h-captcha \"\n\t\t\tdata-sitekey=\"ed75b795-3f75-4ff8-bbca-84c077d3d521\"\n\t\t\tdata-theme=\"light\"\n\t\t\tdata-size=\"normal\"\n\t\t\tdata-auto=\"false\"\n\t\t\tdata-ajax=\"false\"\n\t\t\tdata-force=\"false\">\n\t\t<\/span>\n\t\t<input type=\"hidden\" id=\"_wpnonce\" name=\"_wpnonce\" value=\"e97fdf14fe\" \/><input type=\"hidden\" name=\"_wp_http_referer\" value=\"\/fr\/wp-json\/wp\/v2\/pages\/39\" \/><\/span><input class=\"wpcf7-form-control wpcf7-submit has-spinner uk-button uk-button-secondary\" type=\"submit\" value=\"Envoyer\" \/>\n\t<\/p>\n<\/div>\n<p class=\"uk-text-warning\">* Champs obligatoires.\n<\/p><div class=\"wpcf7-response-output\" aria-hidden=\"true\"><\/div>\n<\/form>\n<\/div>\n<\/div>\n<div>Coordonn\u00e9es<\/div>\n<div>\n<p><i class=\"fas fa-map-marker-alt uk-icon-justify uk-margin-small-right\" title=\"adresse\"><\/i>ROUGIER Electrom\u00e9canique<br \/><span style=\"margin-left: 20px;\">52, rue de Bu &#8211; 27810 Marcilly sur Eure<\/span><\/p>\n<p><i class=\"fas fa-phone uk-icon-justify uk-margin-small-right\" title=\"t\u00e9l\u00e9phone\"><\/i><a class=\"uk-link-muted\" href=\"tel:0237485082\" target=\"_self\">02 37 48 50 82<\/a><\/p>\n<p><i class=\"fas fa-envelope uk-icon-justify uk-margin-small-right\" title=\"email\"><\/i> <a class=\"uk-link-reset\" href=\"mailto:info@rougier-electro.fr\">info@rougier-electro.fr<\/a><\/p>\n<h6 style=\"padding-left: 40px; text-align: center;\">Lien vers la vid\u00e9o de fabrication<a href=\"https:\/\/www.youtube.com\/shorts\/FrCUbuPcLAM\" rel=\"noopener\" target=\"_blank\"><img loading=\"lazy\" decoding=\"async\" src=\"https:\/\/www.rougier-electro.fr\/wp-content\/uploads\/collecteur_a_bagues-172x300.png\" alt=\"collecteur \u00e0 bagues sur mesures\nsliprings\" width=\"172\" height=\"300\" class=\"aligncenter wp-image-5984 size-medium\" title=\"lien vers la vid\u00e9o de fabrication\" srcset=\"https:\/\/www.rougier-electro.fr\/wp-content\/uploads\/collecteur_a_bagues-172x300.png 172w, https:\/\/www.rougier-electro.fr\/wp-content\/uploads\/collecteur_a_bagues.png 515w\" sizes=\"(max-width: 172px) 100vw, 172px\" \/><\/a><\/h6>\n<\/div>\n<p><!--more--><br \/>\n<!-- {\"children\":[{\"type\":\"section\",\"props\":{\"animation\":\"fade\",\"animation_delay\":\"200\",\"image\":\"wp-content\\\/uploads\\\/cover-collecteur-electrique-tournant.jpg\",\"image_effect\":\"parallax\",\"image_parallax_bgy\":\"-100,100\",\"image_parallax_easing\":\"1\",\"image_position\":\"center-center\",\"image_size\":\"cover\",\"media_overlay\":\"rgba(0, 0, 0, 0.52)\",\"padding\":\"large\",\"style\":\"default\",\"text_color\":\"light\",\"title_breakpoint\":\"xl\",\"title_position\":\"top-left\",\"title_rotation\":\"left\",\"vertical_align\":\"\",\"width\":\"large\"},\"children\":[{\"type\":\"row\",\"props\":{\"margin\":\"remove-vertical\"},\"children\":[{\"type\":\"column\",\"props\":{\"image_position\":\"center-center\",\"position_sticky_breakpoint\":\"m\",\"width_medium\":\"1-1\"},\"children\":[{\"type\":\"headline\",\"props\":{\"content\":\"\n\n<p>Nous contacter<\\\/p>\",\"text_align\":\"center\",\"title_element\":\"h1\",\"title_style\":\"heading-small\"},\"name\":\"Headline H1\"}]}]}],\"name\":\"Entete\"},{\"type\":\"section\",\"props\":{\"image_position\":\"center-center\",\"style\":\"default\",\"title_breakpoint\":\"xl\",\"title_position\":\"top-left\",\"title_rotation\":\"left\",\"vertical_align\":\"\",\"width\":\"large\"},\"children\":[{\"type\":\"row\",\"props\":{\"layout\":\"2-3,1-3\"},\"children\":[{\"type\":\"column\",\"props\":{\"image_position\":\"center-center\",\"position_sticky_breakpoint\":\"m\",\"style\":\"tile-muted\",\"width_medium\":\"2-3\"},\"children\":[{\"type\":\"headline\",\"props\":{\"content\":\"Formulaire de contact\",\"title_element\":\"div\",\"title_style\":\"h3\"}},{\"type\":\"html\",\"props\":{\"content\":\"[contact-form-7 id=\\\"37\\\" title=\\\"Formulaire de contact\\\" html_id=\\\"contact-form\\\" html_class=\\\"form contact-form\\\"]\"}}]},{\"type\":\"column\",\"props\":{\"image_position\":\"center-center\",\"position_sticky_breakpoint\":\"m\",\"style\":\"tile-default\",\"width_medium\":\"1-3\"},\"children\":[{\"type\":\"headline\",\"props\":{\"content\":\"Coordonn\\u00e9es\",\"title_element\":\"div\",\"title_style\":\"h3\"}},{\"type\":\"text\",\"props\":{\"column_breakpoint\":\"m\",\"content\":\"\n\n<p><i class=\\\"fas fa-map-marker-alt uk-icon-justify uk-margin-small-right\\\" title=\\\"adresse\\\"><\\\/i>ROUGIER Electrom\\u00e9canique<br \\\/><span style=\\\"margin-left: 20px;\\\">52, rue de Bu - 27810 Marcilly sur Eure<\\\/span><\\\/p>\\n\n\n<p><i class=\\\"fas fa-phone uk-icon-justify uk-margin-small-right\\\" title=\\\"t\\u00e9l\\u00e9phone\\\"><\\\/i><a class=\\\"uk-link-muted\\\" href=\\\"tel:0237485082\\\" target=\\\"_self\\\">02 37 48 50 82<\\\/a><\\\/p>\\n\n\n<p><i class=\\\"fas fa-envelope uk-icon-justify uk-margin-small-right\\\" title=\\\"email\\\"><\\\/i> <a class=\\\"uk-link-reset\\\" href=\\\"mailto:info@rougier-electro.fr\\\">info@rougier-electro.fr<\\\/a><\\\/p>\\n\n\n<h6 style=\\\"padding-left: 40px; text-align: center;\\\">Lien vers la vid\\u00e9o de fabrication<a href=\\\"https:\\\/\\\/www.youtube.com\\\/shorts\\\/FrCUbuPcLAM\\\" rel=\\\"noopener\\\" target=\\\"_blank\\\"><img src=\\\"https:\\\/\\\/www.rougier-electro.fr\\\/wp-content\\\/uploads\\\/collecteur_a_bagues-172x300.png\\\" alt=\\\"collecteur \\u00e0 bagues sur mesures\\nsliprings\\\" width=\\\"172\\\" height=\\\"300\\\" class=\\\"aligncenter wp-image-5984 size-medium\\\" title=\\\"lien vers la vid\\u00e9o de fabrication\\\" \\\/><\\\/a><\\\/h6>\",\"margin\":\"default\"}}]}]}]}],\"version\":\"4.5.19\",\"type\":\"layout\"} --><\/p>\n","protected":false},"excerpt":{"rendered":"<p>Nous contacter Formulaire de contact Coordonn\u00e9es ROUGIER Electrom\u00e9canique52, rue de Bu &#8211; 27810 Marcilly sur Eure 02 37 48 50 82 info@rougier-electro.fr Lien vers la vid\u00e9o de fabrication<\/p>\n","protected":false},"author":1,"featured_media":0,"parent":0,"menu_order":0,"comment_status":"closed","ping_status":"closed","template":"","meta":{"footnotes":""},"class_list":["post-39","page","type-page","status-publish","hentry"],"aioseo_notices":[],"_links":{"self":[{"href":"https:\/\/www.rougier-electro.fr\/fr\/wp-json\/wp\/v2\/pages\/39","targetHints":{"allow":["GET"]}}],"collection":[{"href":"https:\/\/www.rougier-electro.fr\/fr\/wp-json\/wp\/v2\/pages"}],"about":[{"href":"https:\/\/www.rougier-electro.fr\/fr\/wp-json\/wp\/v2\/types\/page"}],"author":[{"embeddable":true,"href":"https:\/\/www.rougier-electro.fr\/fr\/wp-json\/wp\/v2\/users\/1"}],"replies":[{"embeddable":true,"href":"https:\/\/www.rougier-electro.fr\/fr\/wp-json\/wp\/v2\/comments?post=39"}],"version-history":[{"count":2,"href":"https:\/\/www.rougier-electro.fr\/fr\/wp-json\/wp\/v2\/pages\/39\/revisions"}],"predecessor-version":[{"id":6710,"href":"https:\/\/www.rougier-electro.fr\/fr\/wp-json\/wp\/v2\/pages\/39\/revisions\/6710"}],"wp:attachment":[{"href":"https:\/\/www.rougier-electro.fr\/fr\/wp-json\/wp\/v2\/media?parent=39"}],"curies":[{"name":"wp","href":"https:\/\/api.w.org\/{rel}","templated":true}]}}