{"id":28,"date":"2020-01-15T10:49:00","date_gmt":"2020-01-15T09:49:00","guid":{"rendered":"http:\/\/test.rougier-electro.fr\/?page_id=28"},"modified":"2024-07-05T11:05:56","modified_gmt":"2024-07-05T09:05:56","slug":"produits","status":"publish","type":"page","link":"https:\/\/www.rougier-electro.fr\/fr\/produits\/","title":{"rendered":"Produits"},"content":{"rendered":"<h1>\n<p>Produits et accessoires pour moteur \u00e9lectrique<\/p>\n<\/h1>\n<div>\n<p>        <img decoding=\"async\" src=\"https:\/\/www.rougier-electro.fr\/wp-content\/uploads\/balais-industriels-petits-balais-electroportatif.jpg\" alt=\"Balais graphite et charbons moteur\"><\/p>\n<h2>Balais graphite<br \/>Charbons moteur<\/h2>\n<p><a href=\"https:\/\/www.rougier-electro.fr\/fr\/produits\/fabrication-balais-graphite-charbons-moteur\"><\/a><\/p>\n<\/div>\n<div>\n<p>        <img decoding=\"async\" src=\"https:\/\/www.rougier-electro.fr\/wp-content\/uploads\/porte-balais-support-charbon-porte-balais-dal.jpg\" alt=\"Porte-balais - Supports charbon pour moteur \u00e9lectrique\"><\/p>\n<h2>Porte-balais<br \/>Supports charbon<\/h2>\n<p><a href=\"https:\/\/www.rougier-electro.fr\/fr\/produits\/fabrication-portes-balais-supports-charbon\"><\/a><\/p>\n<\/div>\n<div>\n<p>        <img decoding=\"async\" src=\"https:\/\/www.rougier-electro.fr\/wp-content\/uploads\/bagues-collectrices-slip-ring-baguier-moteur-rougier.jpg\" alt=\"Collecteurs \u00e0 bagues et jeux de bagues collectrices\"><\/p>\n<h2>Collecteurs \u00e0 bagues<br \/>Jeux de bagues collectrices<\/h2>\n<p><a href=\"https:\/\/www.rougier-electro.fr\/fr\/produits\/fabrication-collecteurs-bagues-et-jeux-bagues-collectrices\"><\/a><\/p>\n<\/div>\n<div>\n<p>        <img decoding=\"async\" src=\"https:\/\/www.rougier-electro.fr\/wp-content\/uploads\/collecteurs-electriques-tournants-joints-electriques-tournants.jpg\" alt=\"Collecteurs \u00e9lectriques tournants\"><\/p>\n<h2>Collecteurs \u00e9lectriques<br \/>tournants<\/h2>\n<p><a href=\"https:\/\/www.rougier-electro.fr\/fr\/produits\/fabrication-collecteurs-electriques-tournants\"><\/a><\/p>\n<\/div>\n<div>\n<p>        <img decoding=\"async\" src=\"https:\/\/www.rougier-electro.fr\/wp-content\/uploads\/collecteurs-a-lames.jpg\" alt=\"Collecteurs \u00e0 lames\"><\/p>\n<h2>Collecteurs \u00e0 lames<br \/>&nbsp;<\/h2>\n<p><a href=\"https:\/\/www.rougier-electro.fr\/fr\/produits\/fabrication-collecteurs-a-lames\"><\/a><\/p>\n<\/div>\n<div>\n<p>        <img decoding=\"async\" src=\"https:\/\/www.rougier-electro.fr\/wp-content\/uploads\/frotteurs-et-capteurs-courant-frotteur-double-pour-ligne-souple.jpg\" alt=\"Frotteurs et capteurs de courant\"><\/p>\n<h2>Frotteurs et capteurs de courant<br \/>&nbsp;<\/h2>\n<p><a href=\"https:\/\/www.rougier-electro.fr\/fr\/produits\/fabrication-frotteurs-et-capteurs-de-courant\"><\/a><\/p>\n<\/div>\n<div>\n<p>        <img decoding=\"async\" src=\"https:\/\/www.rougier-electro.fr\/wp-content\/uploads\/cataphorese-ligne-alimentation-cataphorese-complete.jpg\" alt=\"Syst\u00e8mes d\u2019alimentation \u00e9lectrique pour \u00e9lectrophor\u00e8se\"><\/p>\n<h2>Syst\u00e8mes d\u2019alimentation \u00e9lectrique pour \u00e9lectrophor\u00e8se<\/h2>\n<p><a href=\"https:\/\/www.rougier-electro.fr\/fr\/produits\/fabrication-systemes-alimentation-electrique-par-electrophorese\"><\/a><\/p>\n<\/div>\n<div>\n<p>        <img decoding=\"async\" src=\"https:\/\/www.rougier-electro.fr\/wp-content\/uploads\/pieces-detachees-moteurs-electriques-plaque-a-bornes-moteur.jpg\" alt=\"Pi\u00e8ces d\u00e9tach\u00e9es pour moteurs \u00e9lectriques\"><\/p>\n<h2>Pi\u00e8ces d\u00e9tach\u00e9es<br \/>pour moteurs \u00e9lectriques<\/h2>\n<p><a href=\"https:\/\/www.rougier-electro.fr\/fr\/produits\/fabrication-pieces-detachees-pour-moteurs-electriques\"><\/a><\/p>\n<\/div>\n<div>\n<p>        <img decoding=\"async\" src=\"https:\/\/www.rougier-electro.fr\/wp-content\/uploads\/rails-alimentation-electrique-rail-multi-conducteurs-isoles.jpg\" alt=\"Rails d'alimentation \u00e9lectrique\"><\/p>\n<h2>Rails d&rsquo;alimentation \u00e9lectrique<br \/>&nbsp;<\/h2>\n<p><a href=\"https:\/\/www.rougier-electro.fr\/fr\/produits\/fabrication-rails-alimentation-electrique\"><\/a><\/p>\n<\/div>\n<p><!-- {\"type\":\"layout\",\"children\":[{\"type\":\"section\",\"props\":{\"style\":\"default\",\"width\":\"large\",\"vertical_align\":\"middle\",\"title_position\":\"top-left\",\"title_rotation\":\"left\",\"title_breakpoint\":\"xl\",\"image_position\":\"center-center\",\"text_color\":\"light\",\"width_expand\":\"\",\"height\":\"\",\"padding\":\"large\",\"header_transparent\":\"\",\"animation\":\"fade\",\"image\":\"wp-content\\\/uploads\\\/cover-collecteur-electrique-tournant.jpg\",\"image_size\":\"cover\",\"image_effect\":\"parallax\",\"image_parallax_breakpoint\":\"\",\"image_visibility\":\"\",\"video_width\":\"\",\"video_height\":\"\",\"media_blend_mode\":\"\",\"image_parallax_bgy_start\":\"-100\",\"image_parallax_bgy_end\":\"100\",\"media_overlay\":\"rgba(0, 0, 0, 0.52)\",\"animation_delay\":true},\"children\":[{\"type\":\"row\",\"props\":{\"layout\":\"1-1\",\"breakpoint\":\"m\",\"fixed_width\":\"large\",\"column_gap\":\"\",\"row_gap\":\"\",\"width\":\"\",\"width_expand\":\"\",\"height\":\"\",\"margin\":\"remove-vertical\"},\"children\":[{\"type\":\"column\",\"props\":{\"image_position\":\"center-center\",\"media_overlay_gradient\":\"\",\"vertical_align\":\"\",\"style\":\"\",\"text_color\":\"\",\"padding\":\"\"},\"children\":[{\"type\":\"headline\",\"props\":{\"title_element\":\"h1\",\"title_style\":\"heading-small\",\"title_decoration\":\"\",\"title_font_family\":\"\",\"title_color\":\"\",\"position\":\"\",\"position_z_index\":\"\",\"margin\":\"\",\"maxwidth\":\"\",\"maxwidth_breakpoint\":\"\",\"block_align\":\"\",\"block_align_breakpoint\":\"\",\"block_align_fallback\":\"\",\"text_align\":\"center\",\"text_align_breakpoint\":\"\",\"text_align_fallback\":\"\",\"animation\":\"\",\"visibility\":\"\",\"content\":\"\n\n<p>Produits et accessoires pour moteur \\u00e9lectrique<\\\/p>\"},\"name\":\"Headline H1\"}]}]}],\"name\":\"Entete\"},{\"type\":\"section\",\"props\":{\"style\":\"default\",\"width\":\"large\",\"vertical_align\":\"middle\",\"title_position\":\"top-left\",\"title_rotation\":\"left\",\"title_breakpoint\":\"xl\",\"image_position\":\"center-center\",\"text_color\":\"\",\"width_expand\":\"\",\"height\":\"\",\"padding\":\"\",\"header_transparent\":\"\",\"animation\":\"slide-right-medium\",\"animation_delay\":true},\"children\":[{\"type\":\"row\",\"props\":{\"layout\":\",,\",\"breakpoint\":\"m\",\"fixed_width\":\"large\",\"column_gap\":\"\",\"row_gap\":\"\",\"width\":\"\",\"width_expand\":\"\",\"height\":\"\",\"margin\":\"\",\"match\":true},\"children\":[{\"type\":\"column\",\"props\":{\"image_position\":\"center-center\",\"media_overlay_gradient\":\"\",\"vertical_align\":\"\",\"style\":\"\",\"text_color\":\"\",\"padding\":\"\"},\"children\":[{\"type\":\"panel\",\"props\":{\"link_text\":\"\",\"title_hover_style\":\"reset\",\"title_element\":\"h2\",\"title_align\":\"top\",\"title_grid_width\":\"1-2\",\"title_grid_breakpoint\":\"m\",\"meta_style\":\"meta\",\"meta_align\":\"below-title\",\"icon_ratio\":4,\"image_align\":\"between\",\"image_grid_width\":\"1-2\",\"image_grid_breakpoint\":\"m\",\"image_svg_color\":\"emphasis\",\"link_style\":\"default\",\"margin\":\"default\",\"panel_style\":\"card-default\",\"panel_content_padding\":\"\",\"panel_size\":\"small\",\"title_style\":\"h5\",\"title_decoration\":\"\",\"title_font_family\":\"\",\"title_color\":\"\",\"title_grid_column_gap\":\"\",\"title_grid_row_gap\":\"\",\"title_margin\":\"\",\"meta_color\":\"\",\"meta_margin\":\"\",\"content_style\":\"\",\"content_margin\":\"\",\"image_transition\":\"scale-up\",\"image_border\":\"\",\"image_box_shadow\":\"\",\"image_hover_box_shadow\":\"\",\"image_box_decoration\":\"\",\"icon_color\":\"\",\"image_grid_column_gap\":\"\",\"image_grid_row_gap\":\"\",\"image_margin\":\"\",\"link_size\":\"\",\"link_margin\":\"\",\"position\":\"\",\"position_z_index\":\"\",\"maxwidth\":\"\",\"maxwidth_breakpoint\":\"\",\"block_align\":\"\",\"block_align_breakpoint\":\"\",\"block_align_fallback\":\"\",\"text_align\":\"center\",\"text_align_breakpoint\":\"\",\"text_align_fallback\":\"\",\"animation\":\"\",\"visibility\":\"\",\"image\":\"wp-content\\\/uploads\\\/balais-industriels-petits-balais-electroportatif.jpg\",\"title\":\"Balais graphite<br \\\/>Charbons moteur\",\"image_alt\":\"Balais graphite et charbons moteur\",\"link\":\"fr\\\/produits\\\/fabrication-balais-graphite-charbons-moteur\\\/\",\"panel_card_image\":true,\"panel_link\":true}}]},{\"type\":\"column\",\"props\":{\"image_position\":\"center-center\",\"media_overlay_gradient\":\"\",\"vertical_align\":\"\",\"style\":\"\",\"text_color\":\"\",\"padding\":\"\"},\"children\":[{\"type\":\"panel\",\"props\":{\"link_text\":\"\",\"title_hover_style\":\"reset\",\"title_element\":\"h2\",\"title_align\":\"top\",\"title_grid_width\":\"1-2\",\"title_grid_breakpoint\":\"m\",\"meta_style\":\"meta\",\"meta_align\":\"below-title\",\"icon_ratio\":4,\"image_align\":\"between\",\"image_grid_width\":\"1-2\",\"image_grid_breakpoint\":\"m\",\"image_svg_color\":\"emphasis\",\"link_style\":\"default\",\"margin\":\"default\",\"panel_style\":\"card-default\",\"panel_content_padding\":\"\",\"panel_size\":\"small\",\"title_style\":\"h5\",\"title_decoration\":\"\",\"title_font_family\":\"\",\"title_color\":\"\",\"title_grid_column_gap\":\"\",\"title_grid_row_gap\":\"\",\"title_margin\":\"\",\"meta_color\":\"\",\"meta_margin\":\"\",\"content_style\":\"\",\"content_margin\":\"\",\"image_transition\":\"scale-up\",\"image_border\":\"\",\"image_box_shadow\":\"\",\"image_hover_box_shadow\":\"\",\"image_box_decoration\":\"\",\"icon_color\":\"\",\"image_grid_column_gap\":\"\",\"image_grid_row_gap\":\"\",\"image_margin\":\"\",\"link_size\":\"\",\"link_margin\":\"\",\"position\":\"\",\"position_z_index\":\"\",\"maxwidth\":\"\",\"maxwidth_breakpoint\":\"\",\"block_align\":\"\",\"block_align_breakpoint\":\"\",\"block_align_fallback\":\"\",\"text_align\":\"center\",\"text_align_breakpoint\":\"\",\"text_align_fallback\":\"\",\"animation\":\"\",\"visibility\":\"\",\"image\":\"wp-content\\\/uploads\\\/porte-balais-support-charbon-porte-balais-dal.jpg\",\"title\":\"Porte-balais<br \\\/>Supports charbon\",\"image_alt\":\"Porte-balais - Supports charbon pour moteur \\u00e9lectrique\",\"link\":\"fr\\\/produits\\\/fabrication-portes-balais-supports-charbon\\\/\",\"panel_card_image\":true,\"panel_link\":true}}]},{\"type\":\"column\",\"props\":{\"image_position\":\"center-center\",\"media_overlay_gradient\":\"\",\"vertical_align\":\"\",\"style\":\"\",\"text_color\":\"\",\"padding\":\"\"},\"children\":[{\"type\":\"panel\",\"props\":{\"link_text\":\"\",\"title_hover_style\":\"reset\",\"title_element\":\"h2\",\"title_align\":\"top\",\"title_grid_width\":\"1-2\",\"title_grid_breakpoint\":\"m\",\"meta_style\":\"meta\",\"meta_align\":\"below-title\",\"icon_ratio\":4,\"image_align\":\"between\",\"image_grid_width\":\"1-2\",\"image_grid_breakpoint\":\"m\",\"image_svg_color\":\"emphasis\",\"link_style\":\"default\",\"margin\":\"default\",\"panel_style\":\"card-default\",\"panel_content_padding\":\"\",\"panel_size\":\"small\",\"title_style\":\"h5\",\"title_decoration\":\"\",\"title_font_family\":\"\",\"title_color\":\"\",\"title_grid_column_gap\":\"\",\"title_grid_row_gap\":\"\",\"title_margin\":\"\",\"meta_color\":\"\",\"meta_margin\":\"\",\"content_style\":\"\",\"content_margin\":\"\",\"image_transition\":\"scale-up\",\"image_border\":\"\",\"image_box_shadow\":\"\",\"image_hover_box_shadow\":\"\",\"image_box_decoration\":\"\",\"icon_color\":\"\",\"image_grid_column_gap\":\"\",\"image_grid_row_gap\":\"\",\"image_margin\":\"\",\"link_size\":\"\",\"link_margin\":\"\",\"position\":\"\",\"position_z_index\":\"\",\"maxwidth\":\"\",\"maxwidth_breakpoint\":\"\",\"block_align\":\"\",\"block_align_breakpoint\":\"\",\"block_align_fallback\":\"\",\"text_align\":\"center\",\"text_align_breakpoint\":\"\",\"text_align_fallback\":\"\",\"animation\":\"\",\"visibility\":\"\",\"image\":\"wp-content\\\/uploads\\\/bagues-collectrices-slip-ring-baguier-moteur-rougier.jpg\",\"title\":\"Collecteurs \\u00e0 bagues<br \\\/>Jeux de bagues collectrices\",\"image_alt\":\"Collecteurs \\u00e0 bagues et jeux de bagues collectrices\",\"link\":\"fr\\\/produits\\\/fabrication-collecteurs-bagues-et-jeux-bagues-collectrices\\\/\",\"panel_card_image\":true,\"panel_link\":true}}]}]},{\"type\":\"row\",\"props\":{\"layout\":\",,\",\"breakpoint\":\"m\",\"fixed_width\":\"large\",\"column_gap\":\"\",\"row_gap\":\"\",\"width\":\"\",\"width_expand\":\"\",\"height\":\"\",\"margin\":\"\",\"match\":true},\"children\":[{\"type\":\"column\",\"props\":{\"image_position\":\"center-center\",\"media_overlay_gradient\":\"\",\"vertical_align\":\"\",\"style\":\"\",\"text_color\":\"\",\"padding\":\"\"},\"children\":[{\"type\":\"panel\",\"props\":{\"link_text\":\"\",\"title_hover_style\":\"reset\",\"title_element\":\"h2\",\"title_align\":\"top\",\"title_grid_width\":\"1-2\",\"title_grid_breakpoint\":\"m\",\"meta_style\":\"meta\",\"meta_align\":\"below-title\",\"icon_ratio\":4,\"image_align\":\"between\",\"image_grid_width\":\"1-2\",\"image_grid_breakpoint\":\"m\",\"image_svg_color\":\"emphasis\",\"link_style\":\"default\",\"margin\":\"default\",\"panel_style\":\"card-default\",\"panel_content_padding\":\"\",\"panel_size\":\"small\",\"title_style\":\"h5\",\"title_decoration\":\"\",\"title_font_family\":\"\",\"title_color\":\"\",\"title_grid_column_gap\":\"\",\"title_grid_row_gap\":\"\",\"title_margin\":\"\",\"meta_color\":\"\",\"meta_margin\":\"\",\"content_style\":\"\",\"content_margin\":\"\",\"image_transition\":\"scale-up\",\"image_border\":\"\",\"image_box_shadow\":\"\",\"image_hover_box_shadow\":\"\",\"image_box_decoration\":\"\",\"icon_color\":\"\",\"image_grid_column_gap\":\"\",\"image_grid_row_gap\":\"\",\"image_margin\":\"\",\"link_size\":\"\",\"link_margin\":\"\",\"position\":\"\",\"position_z_index\":\"\",\"maxwidth\":\"\",\"maxwidth_breakpoint\":\"\",\"block_align\":\"\",\"block_align_breakpoint\":\"\",\"block_align_fallback\":\"\",\"text_align\":\"center\",\"text_align_breakpoint\":\"\",\"text_align_fallback\":\"\",\"animation\":\"\",\"visibility\":\"\",\"image\":\"wp-content\\\/uploads\\\/collecteurs-electriques-tournants-joints-electriques-tournants.jpg\",\"title\":\"Collecteurs \\u00e9lectriques<br \\\/>tournants\",\"image_alt\":\"Collecteurs \\u00e9lectriques tournants\",\"link\":\"fr\\\/produits\\\/fabrication-collecteurs-electriques-tournants\\\/\",\"panel_card_image\":true,\"panel_link\":true}}]},{\"type\":\"column\",\"props\":{\"image_position\":\"center-center\",\"media_overlay_gradient\":\"\",\"vertical_align\":\"\",\"style\":\"\",\"text_color\":\"\",\"padding\":\"\"},\"children\":[{\"type\":\"panel\",\"props\":{\"link_text\":\"\",\"title_hover_style\":\"reset\",\"title_element\":\"h2\",\"title_align\":\"top\",\"title_grid_width\":\"1-2\",\"title_grid_breakpoint\":\"m\",\"meta_style\":\"meta\",\"meta_align\":\"below-title\",\"icon_ratio\":4,\"image_align\":\"between\",\"image_grid_width\":\"1-2\",\"image_grid_breakpoint\":\"m\",\"image_svg_color\":\"emphasis\",\"link_style\":\"default\",\"margin\":\"default\",\"panel_style\":\"card-default\",\"panel_content_padding\":\"\",\"panel_size\":\"small\",\"title_style\":\"h5\",\"title_decoration\":\"\",\"title_font_family\":\"\",\"title_color\":\"\",\"title_grid_column_gap\":\"\",\"title_grid_row_gap\":\"\",\"title_margin\":\"\",\"meta_color\":\"\",\"meta_margin\":\"\",\"content_style\":\"\",\"content_margin\":\"\",\"image_transition\":\"scale-up\",\"image_border\":\"\",\"image_box_shadow\":\"\",\"image_hover_box_shadow\":\"\",\"image_box_decoration\":\"\",\"icon_color\":\"\",\"image_grid_column_gap\":\"\",\"image_grid_row_gap\":\"\",\"image_margin\":\"\",\"link_size\":\"\",\"link_margin\":\"\",\"position\":\"\",\"position_z_index\":\"\",\"maxwidth\":\"\",\"maxwidth_breakpoint\":\"\",\"block_align\":\"\",\"block_align_breakpoint\":\"\",\"block_align_fallback\":\"\",\"text_align\":\"center\",\"text_align_breakpoint\":\"\",\"text_align_fallback\":\"\",\"animation\":\"\",\"visibility\":\"\",\"image\":\"wp-content\\\/uploads\\\/collecteurs-a-lames.jpg\",\"title\":\"Collecteurs \\u00e0 lames<br \\\/>&nbsp;\",\"image_alt\":\"Collecteurs \\u00e0 lames\",\"link\":\"fr\\\/produits\\\/fabrication-collecteurs-a-lames\\\/\",\"panel_card_image\":true,\"panel_link\":true}}]},{\"type\":\"column\",\"props\":{\"image_position\":\"center-center\",\"media_overlay_gradient\":\"\",\"vertical_align\":\"\",\"style\":\"\",\"text_color\":\"\",\"padding\":\"\"},\"children\":[{\"type\":\"panel\",\"props\":{\"link_text\":\"\",\"title_hover_style\":\"reset\",\"title_element\":\"h2\",\"title_align\":\"top\",\"title_grid_width\":\"1-2\",\"title_grid_breakpoint\":\"m\",\"meta_style\":\"meta\",\"meta_align\":\"below-title\",\"icon_ratio\":4,\"image_align\":\"between\",\"image_grid_width\":\"1-2\",\"image_grid_breakpoint\":\"m\",\"image_svg_color\":\"emphasis\",\"link_style\":\"default\",\"margin\":\"default\",\"panel_style\":\"card-default\",\"panel_content_padding\":\"\",\"panel_size\":\"small\",\"title_style\":\"h5\",\"title_decoration\":\"\",\"title_font_family\":\"\",\"title_color\":\"\",\"title_grid_column_gap\":\"\",\"title_grid_row_gap\":\"\",\"title_margin\":\"\",\"meta_color\":\"\",\"meta_margin\":\"\",\"content_style\":\"\",\"content_margin\":\"\",\"image_transition\":\"scale-up\",\"image_border\":\"\",\"image_box_shadow\":\"\",\"image_hover_box_shadow\":\"\",\"image_box_decoration\":\"\",\"icon_color\":\"\",\"image_grid_column_gap\":\"\",\"image_grid_row_gap\":\"\",\"image_margin\":\"\",\"link_size\":\"\",\"link_margin\":\"\",\"position\":\"\",\"position_z_index\":\"\",\"maxwidth\":\"\",\"maxwidth_breakpoint\":\"\",\"block_align\":\"\",\"block_align_breakpoint\":\"\",\"block_align_fallback\":\"\",\"text_align\":\"center\",\"text_align_breakpoint\":\"\",\"text_align_fallback\":\"\",\"animation\":\"\",\"visibility\":\"\",\"image\":\"wp-content\\\/uploads\\\/frotteurs-et-capteurs-courant-frotteur-double-pour-ligne-souple.jpg\",\"title\":\"Frotteurs et capteurs de courant<br \\\/>&nbsp;\",\"image_alt\":\"Frotteurs et capteurs de courant\",\"link\":\"fr\\\/produits\\\/fabrication-frotteurs-et-capteurs-de-courant\\\/\",\"panel_card_image\":true,\"panel_link\":true}}]}]},{\"type\":\"row\",\"props\":{\"layout\":\",,\",\"breakpoint\":\"m\",\"fixed_width\":\"large\",\"column_gap\":\"\",\"row_gap\":\"\",\"width\":\"\",\"width_expand\":\"\",\"height\":\"\",\"margin\":\"\",\"match\":true},\"children\":[{\"type\":\"column\",\"props\":{\"image_position\":\"center-center\",\"media_overlay_gradient\":\"\",\"vertical_align\":\"\",\"style\":\"\",\"text_color\":\"\",\"padding\":\"\"},\"children\":[{\"type\":\"panel\",\"props\":{\"link_text\":\"\",\"title_hover_style\":\"reset\",\"title_element\":\"h2\",\"title_align\":\"top\",\"title_grid_width\":\"1-2\",\"title_grid_breakpoint\":\"m\",\"meta_style\":\"meta\",\"meta_align\":\"below-title\",\"icon_ratio\":4,\"image_align\":\"between\",\"image_grid_width\":\"1-2\",\"image_grid_breakpoint\":\"m\",\"image_svg_color\":\"emphasis\",\"link_style\":\"default\",\"margin\":\"default\",\"panel_style\":\"card-default\",\"panel_content_padding\":\"\",\"panel_size\":\"small\",\"title_style\":\"h5\",\"title_decoration\":\"\",\"title_font_family\":\"\",\"title_color\":\"\",\"title_grid_column_gap\":\"\",\"title_grid_row_gap\":\"\",\"title_margin\":\"\",\"meta_color\":\"\",\"meta_margin\":\"\",\"content_style\":\"\",\"content_margin\":\"\",\"image_transition\":\"scale-up\",\"image_border\":\"\",\"image_box_shadow\":\"\",\"image_hover_box_shadow\":\"\",\"image_box_decoration\":\"\",\"icon_color\":\"\",\"image_grid_column_gap\":\"\",\"image_grid_row_gap\":\"\",\"image_margin\":\"\",\"link_size\":\"\",\"link_margin\":\"\",\"position\":\"\",\"position_z_index\":\"\",\"maxwidth\":\"\",\"maxwidth_breakpoint\":\"\",\"block_align\":\"\",\"block_align_breakpoint\":\"\",\"block_align_fallback\":\"\",\"text_align\":\"center\",\"text_align_breakpoint\":\"\",\"text_align_fallback\":\"\",\"animation\":\"\",\"visibility\":\"\",\"image\":\"wp-content\\\/uploads\\\/cataphorese-ligne-alimentation-cataphorese-complete.jpg\",\"title\":\"Syst\\u00e8mes d\\u2019alimentation \\u00e9lectrique pour \\u00e9lectrophor\\u00e8se\",\"image_alt\":\"Syst\\u00e8mes d\\u2019alimentation \\u00e9lectrique pour \\u00e9lectrophor\\u00e8se\",\"link\":\"fr\\\/produits\\\/fabrication-systemes-alimentation-electrique-par-electrophorese\\\/\",\"panel_card_image\":true,\"panel_link\":true}}]},{\"type\":\"column\",\"props\":{\"image_position\":\"center-center\",\"media_overlay_gradient\":\"\",\"vertical_align\":\"\",\"style\":\"\",\"text_color\":\"\",\"padding\":\"\"},\"children\":[{\"type\":\"panel\",\"props\":{\"link_text\":\"\",\"title_hover_style\":\"reset\",\"title_element\":\"h2\",\"title_align\":\"top\",\"title_grid_width\":\"1-2\",\"title_grid_breakpoint\":\"m\",\"meta_style\":\"meta\",\"meta_align\":\"below-title\",\"icon_ratio\":4,\"image_align\":\"between\",\"image_grid_width\":\"1-2\",\"image_grid_breakpoint\":\"m\",\"image_svg_color\":\"emphasis\",\"link_style\":\"default\",\"margin\":\"default\",\"panel_style\":\"card-default\",\"panel_content_padding\":\"\",\"panel_size\":\"small\",\"title_style\":\"h5\",\"title_decoration\":\"\",\"title_font_family\":\"\",\"title_color\":\"\",\"title_grid_column_gap\":\"\",\"title_grid_row_gap\":\"\",\"title_margin\":\"\",\"meta_color\":\"\",\"meta_margin\":\"\",\"content_style\":\"\",\"content_margin\":\"\",\"image_transition\":\"scale-up\",\"image_border\":\"\",\"image_box_shadow\":\"\",\"image_hover_box_shadow\":\"\",\"image_box_decoration\":\"\",\"icon_color\":\"\",\"image_grid_column_gap\":\"\",\"image_grid_row_gap\":\"\",\"image_margin\":\"\",\"link_size\":\"\",\"link_margin\":\"\",\"position\":\"\",\"position_z_index\":\"\",\"maxwidth\":\"\",\"maxwidth_breakpoint\":\"\",\"block_align\":\"\",\"block_align_breakpoint\":\"\",\"block_align_fallback\":\"\",\"text_align\":\"center\",\"text_align_breakpoint\":\"\",\"text_align_fallback\":\"\",\"animation\":\"\",\"visibility\":\"\",\"image\":\"wp-content\\\/uploads\\\/pieces-detachees-moteurs-electriques-plaque-a-bornes-moteur.jpg\",\"title\":\"Pi\\u00e8ces d\\u00e9tach\\u00e9es<br \\\/>pour moteurs \\u00e9lectriques\",\"image_alt\":\"Pi\\u00e8ces d\\u00e9tach\\u00e9es pour moteurs \\u00e9lectriques\",\"link\":\"fr\\\/produits\\\/fabrication-pieces-detachees-pour-moteurs-electriques\\\/\",\"panel_card_image\":true,\"panel_link\":true}}]},{\"type\":\"column\",\"props\":{\"image_position\":\"center-center\",\"media_overlay_gradient\":\"\",\"vertical_align\":\"\",\"style\":\"\",\"text_color\":\"\",\"padding\":\"\"},\"children\":[{\"type\":\"panel\",\"props\":{\"link_text\":\"\",\"title_hover_style\":\"reset\",\"title_element\":\"h2\",\"title_align\":\"top\",\"title_grid_width\":\"1-2\",\"title_grid_breakpoint\":\"m\",\"meta_style\":\"meta\",\"meta_align\":\"below-title\",\"icon_ratio\":4,\"image_align\":\"between\",\"image_grid_width\":\"1-2\",\"image_grid_breakpoint\":\"m\",\"image_svg_color\":\"emphasis\",\"link_style\":\"default\",\"margin\":\"default\",\"panel_style\":\"card-default\",\"panel_content_padding\":\"\",\"panel_size\":\"small\",\"title_style\":\"h5\",\"title_decoration\":\"\",\"title_font_family\":\"\",\"title_color\":\"\",\"title_grid_column_gap\":\"\",\"title_grid_row_gap\":\"\",\"title_margin\":\"\",\"meta_color\":\"\",\"meta_margin\":\"\",\"content_style\":\"\",\"content_margin\":\"\",\"image_transition\":\"scale-up\",\"image_border\":\"\",\"image_box_shadow\":\"\",\"image_hover_box_shadow\":\"\",\"image_box_decoration\":\"\",\"icon_color\":\"\",\"image_grid_column_gap\":\"\",\"image_grid_row_gap\":\"\",\"image_margin\":\"\",\"link_size\":\"\",\"link_margin\":\"\",\"position\":\"\",\"position_z_index\":\"\",\"maxwidth\":\"\",\"maxwidth_breakpoint\":\"\",\"block_align\":\"\",\"block_align_breakpoint\":\"\",\"block_align_fallback\":\"\",\"text_align\":\"center\",\"text_align_breakpoint\":\"\",\"text_align_fallback\":\"\",\"animation\":\"\",\"visibility\":\"\",\"image\":\"wp-content\\\/uploads\\\/rails-alimentation-electrique-rail-multi-conducteurs-isoles.jpg\",\"title\":\"Rails d'alimentation \\u00e9lectrique<br \\\/>&nbsp;\",\"image_alt\":\"Rails d'alimentation \\u00e9lectrique\",\"link\":\"fr\\\/produits\\\/fabrication-rails-alimentation-electrique\\\/\",\"panel_card_image\":true,\"panel_link\":true}}]}]}]}],\"version\":\"2.0.13\",\"props\":[]} --><\/p>\n","protected":false},"excerpt":{"rendered":"<p>Produits et accessoires pour moteur \u00e9lectrique Balais graphiteCharbons moteur Porte-balaisSupports charbon Collecteurs \u00e0 baguesJeux de bagues collectrices Collecteurs \u00e9lectriquestournants Collecteurs \u00e0 lames&nbsp; Frotteurs et capteurs de courant&nbsp; Syst\u00e8mes d\u2019alimentation \u00e9lectrique pour \u00e9lectrophor\u00e8se Pi\u00e8ces d\u00e9tach\u00e9espour moteurs \u00e9lectriques Rails d&rsquo;alimentation \u00e9lectrique&nbsp;<\/p>\n","protected":false},"author":1,"featured_media":0,"parent":0,"menu_order":0,"comment_status":"closed","ping_status":"closed","template":"","meta":{"footnotes":""},"class_list":["post-28","page","type-page","status-publish","hentry"],"aioseo_notices":[],"_links":{"self":[{"href":"https:\/\/www.rougier-electro.fr\/fr\/wp-json\/wp\/v2\/pages\/28","targetHints":{"allow":["GET"]}}],"collection":[{"href":"https:\/\/www.rougier-electro.fr\/fr\/wp-json\/wp\/v2\/pages"}],"about":[{"href":"https:\/\/www.rougier-electro.fr\/fr\/wp-json\/wp\/v2\/types\/page"}],"author":[{"embeddable":true,"href":"https:\/\/www.rougier-electro.fr\/fr\/wp-json\/wp\/v2\/users\/1"}],"replies":[{"embeddable":true,"href":"https:\/\/www.rougier-electro.fr\/fr\/wp-json\/wp\/v2\/comments?post=28"}],"version-history":[{"count":0,"href":"https:\/\/www.rougier-electro.fr\/fr\/wp-json\/wp\/v2\/pages\/28\/revisions"}],"wp:attachment":[{"href":"https:\/\/www.rougier-electro.fr\/fr\/wp-json\/wp\/v2\/media?parent=28"}],"curies":[{"name":"wp","href":"https:\/\/api.w.org\/{rel}","templated":true}]}}