{"id":26,"date":"2020-01-15T10:48:03","date_gmt":"2020-01-15T09:48:03","guid":{"rendered":"http:\/\/test.rougier-electro.fr\/?page_id=26"},"modified":"2024-07-05T09:36:22","modified_gmt":"2024-07-05T07:36:22","slug":"accueil","status":"publish","type":"page","link":"https:\/\/www.rougier-electro.fr\/fr\/","title":{"rendered":"Accueil"},"content":{"rendered":"<div>\n<p>ROUGIER Electrom\u00e9canique<\/p>\n<\/div>\n<h1>Sp\u00e9cialiste dans l\u2019\u00e9tude et la r\u00e9alisation de pi\u00e8ces ou d\u2019ensembles destin\u00e9s \u00e0 transmettre tout type de courant \u00e9lectrique vers des syst\u00e8mes en mouvement<\/h1>\n<div>\n<p>La soci\u00e9t\u00e9 ROUGIER Electrom\u00e9canique a \u00e9t\u00e9 cr\u00e9\u00e9e en 1927 \u00e0 Paris et s&rsquo;est <strong>sp\u00e9cialis\u00e9e dans la fabrication des alimentations \u00e9lectriques d&rsquo;engins mobiles<\/strong>.<\/p>\n<p>Elle dispose d&rsquo;un <strong>bureau d&rsquo;\u00e9tude d\u00e9di\u00e9<\/strong> \u00e0 accompagner sa client\u00e8le dans le d\u00e9veloppement de syst\u00e8mes de contacts \u00e9lectriques tournants ou glissants.<\/p>\n<p>Son site de production, situ\u00e9 dans l&rsquo;Eure pr\u00e8s d&rsquo;Evreux, exporte dans le monde entier les fabrications issues de plusieurs ateliers d&rsquo;usinage dont\u00a0:<\/p>\n<ul>\n<li>Un atelier d\u2019usinage des graphites \u00e9lectrom\u00e9caniques<\/li>\n<li>Un service de fabrication de porte-balais<\/li>\n<li>Une unit\u00e9 regroupant la r\u00e9alisation des contacts \u00e9lectriques tournants, des jeux de bagues et des collecteurs \u00e0 lames<\/li>\n<li>Un atelier d\u00e9di\u00e9 aux syst\u00e8mes d\u2019alimentation pour \u00e9lectrophor\u00e8se<\/li>\n<\/ul>\n<\/div>\n<p>\n    <a href=\"https:\/\/www.rougier-electro.fr\/fr\/savoir-faire-transfert-de-courant-electrique\/\">D\u00e9couvrir nos savoir-faire<\/a>\n<\/p>\n<p><img decoding=\"async\" src=\"https:\/\/www.rougier-electro.fr\/wp-content\/uploads\/systeme-pieces-transmission-courant-electrique.jpg\" alt=\"alimentations \u00e9lectriques d'engins mobiles\"><\/p>\n<h2>\n<p>Secteurs d&rsquo;activit\u00e9<\/p>\n<\/h2>\n<div>\n<p>Chaque secteur d\u2019activit\u00e9 a ses sp\u00e9cificit\u00e9s que ce soit dans l\u2019industrie automobile, ferroviaire, portuaire, d\u2019emballage, le traitement des d\u00e9chets ou de l\u2019eau, le g\u00e9nie sc\u00e9nique, l\u2019imprimerie, l\u2019\u00e9olien, l\u2019extraction mini\u00e8re, l\u2019affichage publicitaire, les man\u00e8ges\u2026<\/p>\n<p style=\"text-align: center;\">Nous nous adaptons \u00e0 vos exigences pour <strong>vous proposer le produit qui r\u00e9pondra \u00e0 toutes vos contraintes de fonctionnement<\/strong>.<\/p>\n<\/div>\n<h2>\n<p>Principales productions<\/p>\n<\/h2>\n<ul>\n<li>\n<div>\n<p>Balais et frotteurs en graphite<\/p>\n<\/div>\n<\/li>\n<li>\n<div>\n<p>Fabrication et r\u00e9paration de porte-balais<\/p>\n<\/div>\n<\/li>\n<li>\n<div>\n<p>Collecteurs \u00e0 bagues ou \u00e0 lames (fabrication et r\u00e9paration)<\/p>\n<\/div>\n<\/li>\n<li>\n<div>\n<p>Capteurs de courant (sans limite d\u2019intensit\u00e9)<\/p>\n<\/div>\n<\/li>\n<li>\n<div>\n<p>Collecteurs \u00e9lectriques tournants (fabrication et r\u00e9paration)<\/p>\n<\/div>\n<\/li>\n<li>\n<div>\n<p>Electrification de ligne de traitement de surface<\/p>\n<\/div>\n<\/li>\n<li>\n<div>\n<p>Rails \u00e9lectriques isol\u00e9s et accessoires<\/p>\n<\/div>\n<\/li>\n<li>\n<div>\n<p>Pi\u00e8ces d\u00e9tach\u00e9es de moteurs \u00e9lectriques<\/p>\n<\/div>\n<\/li>\n<\/ul>\n<p>\n    <a href=\"https:\/\/www.rougier-electro.fr\/fr\/produits\/\">D\u00e9couvrir nos produits<\/a>\n<\/p>\n<h2>\n<p>Derni\u00e8re actualit\u00e9<\/p>\n<\/h2>\n<div>\n<\/div>\n<p><!-- {\"name\":\"page\",\"type\":\"layout\",\"children\":[{\"type\":\"section\",\"props\":{\"style\":\"default\",\"width\":\"large\",\"vertical_align\":\"middle\",\"title_position\":\"top-left\",\"title_rotation\":\"left\",\"title_breakpoint\":\"xl\",\"image_position\":\"center-center\",\"text_color\":\"light\",\"padding\":\"large\",\"animation\":\"fade\",\"image\":\"wp-content\\\/uploads\\\/cover-collecteur-electrique-tournant.jpg\",\"image_size\":\"cover\",\"image_effect\":\"parallax\",\"image_parallax_bgy_start\":\"-100\",\"image_parallax_bgy_end\":\"100\",\"media_overlay\":\"rgba(0, 0, 0, 0.52)\",\"animation_delay\":true},\"children\":[{\"type\":\"row\",\"props\":{\"margin\":\"remove-vertical\"},\"children\":[{\"type\":\"column\",\"props\":{\"image_position\":\"center-center\",\"media_overlay_gradient\":\"\",\"width_medium\":\"1-1\"},\"children\":[{\"type\":\"headline\",\"props\":{\"title_element\":\"div\",\"title_style\":\"heading-small\",\"text_align\":\"center\",\"animation\":\"slide-top-small\",\"content\":\"\n\n<p>ROUGIER Electrom\\u00e9canique<\\\/p>\"},\"name\":\"\"}]}]},{\"type\":\"row\",\"children\":[{\"type\":\"column\",\"props\":{\"image_position\":\"center-center\",\"media_overlay_gradient\":\"\",\"width_medium\":\"1-1\"},\"children\":[{\"type\":\"headline\",\"props\":{\"title_element\":\"h1\",\"title_style\":\"h5\",\"maxwidth\":\"xlarge\",\"maxwidth_breakpoint\":\"l\",\"block_align\":\"center\",\"text_align\":\"center\",\"animation\":\"slide-top-small\",\"content\":\"Sp\\u00e9cialiste dans l\\u2019\\u00e9tude et la r\\u00e9alisation de pi\\u00e8ces ou d\\u2019ensembles destin\\u00e9s \\u00e0 transmettre tout type de courant \\u00e9lectrique vers des syst\\u00e8mes en mouvement\"},\"name\":\"Headline H1\"}]}]}],\"name\":\"Entete\"},{\"type\":\"section\",\"props\":{\"style\":\"default\",\"width\":\"large\",\"vertical_align\":\"middle\",\"title_position\":\"top-left\",\"title_rotation\":\"left\",\"title_breakpoint\":\"xl\",\"image_position\":\"center-center\",\"padding\":\"large\",\"animation\":\"fade\",\"animation_delay\":true},\"children\":[{\"type\":\"row\",\"props\":{\"layout\":\"1-2,1-2\",\"column_gap\":\"large\"},\"children\":[{\"type\":\"column\",\"props\":{\"image_position\":\"center-center\",\"media_overlay_gradient\":\"\",\"width_medium\":\"1-2\"},\"children\":[{\"type\":\"text\",\"props\":{\"margin\":\"default\",\"column_breakpoint\":\"m\",\"animation\":\"slide-left-medium\",\"content\":\"\n\n<p>La soci\\u00e9t\\u00e9 ROUGIER Electrom\\u00e9canique a \\u00e9t\\u00e9 cr\\u00e9\\u00e9e en 1927 \\u00e0 Paris et s'est <strong>sp\\u00e9cialis\\u00e9e dans la fabrication des alimentations \\u00e9lectriques d'engins mobiles<\\\/strong>.<\\\/p>\\n\n\n<p>Elle dispose d'un <strong>bureau d'\\u00e9tude d\\u00e9di\\u00e9<\\\/strong> \\u00e0 accompagner sa client\\u00e8le dans le d\\u00e9veloppement de syst\\u00e8mes de contacts \\u00e9lectriques tournants ou glissants.<\\\/p>\\n\n\n<p>Son site de production, situ\\u00e9 dans l'Eure pr\\u00e8s d'Evreux, exporte dans le monde entier les fabrications issues de plusieurs ateliers d'usinage dont\\u00a0:<\\\/p>\\n\n\n<ul>\\n\n\n<li>Un atelier d\\u2019usinage des graphites \\u00e9lectrom\\u00e9caniques<\\\/li>\\n\n\n<li>Un service de fabrication de porte-balais<\\\/li>\\n\n\n<li>Une unit\\u00e9 regroupant la r\\u00e9alisation des contacts \\u00e9lectriques tournants, des jeux de bagues et des collecteurs \\u00e0 lames<\\\/li>\\n\n\n<li>Un atelier d\\u00e9di\\u00e9 aux syst\\u00e8mes d\\u2019alimentation pour \\u00e9lectrophor\\u00e8se<\\\/li>\\n<\\\/ul>\"}},{\"type\":\"button\",\"props\":{\"grid_column_gap\":\"small\",\"grid_row_gap\":\"small\",\"margin\":\"medium\",\"text_align\":\"center\"},\"children\":[{\"type\":\"button_item\",\"props\":{\"button_style\":\"secondary\",\"icon_align\":\"left\",\"content\":\"D\\u00e9couvrir nos savoir-faire\",\"link\":\"fr\\\/savoir-faire-transfert-de-courant-electrique\\\/\",\"icon\":\"forward\"}}]}]},{\"type\":\"column\",\"props\":{\"image_position\":\"center-center\",\"media_overlay_gradient\":\"\",\"width_medium\":\"1-2\"},\"children\":[{\"type\":\"image\",\"props\":{\"margin\":\"default\",\"image_svg_color\":\"emphasis\",\"text_align\":\"center\",\"animation\":\"slide-right-medium\",\"image\":\"wp-content\\\/uploads\\\/systeme-pieces-transmission-courant-electrique.jpg\",\"image_width\":\"500\",\"image_alt\":\"alimentations \\u00e9lectriques d'engins mobiles\"}}]}]}],\"name\":\"intro\"},{\"type\":\"section\",\"props\":{\"style\":\"default\",\"width\":\"\",\"vertical_align\":\"middle\",\"title_position\":\"top-left\",\"title_rotation\":\"left\",\"title_breakpoint\":\"xl\",\"image_position\":\"center-center\",\"padding\":\"none\",\"animation\":\"fade\",\"animation_delay\":true},\"children\":[{\"type\":\"row\",\"props\":{\"layout\":\"1-2,1-2\",\"column_gap\":\"collapse\",\"margin\":\"large\"},\"children\":[{\"type\":\"column\",\"props\":{\"image_position\":\"center-center\",\"media_overlay_gradient\":\"\",\"vertical_align\":\"middle\",\"style\":\"secondary\",\"preserve_color\":false,\"image\":\"\",\"width_medium\":\"1-2\"},\"children\":[{\"type\":\"headline\",\"props\":{\"title_element\":\"h2\",\"title_style\":\"h2\",\"block_align\":\"center\",\"text_align\":\"center\",\"content\":\"\n\n<p>Secteurs d'activit\\u00e9<\\\/p>\"},\"name\":\"Headline H2\"},{\"type\":\"text\",\"props\":{\"margin\":\"default\",\"column_breakpoint\":\"m\",\"maxwidth\":\"large\",\"block_align\":\"center\",\"text_align\":\"justify\",\"content\":\"\n\n<p>Chaque secteur d\\u2019activit\\u00e9 a ses sp\\u00e9cificit\\u00e9s que ce soit dans l\\u2019industrie automobile, ferroviaire, portuaire, d\\u2019emballage, le traitement des d\\u00e9chets ou de l\\u2019eau, le g\\u00e9nie sc\\u00e9nique, l\\u2019imprimerie, l\\u2019\\u00e9olien, l\\u2019extraction mini\\u00e8re, l\\u2019affichage publicitaire, les man\\u00e8ges\\u2026<\\\/p>\\n\n\n<p style=\\\"text-align: center;\\\">Nous nous adaptons \\u00e0 vos exigences pour <strong>vous proposer le produit qui r\\u00e9pondra \\u00e0 toutes vos contraintes de fonctionnement<\\\/strong>.<\\\/p>\"}}]},{\"type\":\"column\",\"props\":{\"image_position\":\"center-center\",\"media_overlay_gradient\":\"\",\"vertical_align\":\"middle\",\"style\":\"default\",\"text_color\":\"light\",\"image\":\"wp-content\\\/uploads\\\/cover-fabrication-reparation-sytemes-courant-electrique.jpg\",\"media_overlay\":\"rgba(0, 0, 0, 0.59)\",\"width_medium\":\"1-2\"},\"children\":[{\"type\":\"headline\",\"props\":{\"title_element\":\"h2\",\"title_style\":\"h2\",\"text_align\":\"center\",\"content\":\"\n\n<p>Principales productions<\\\/p>\"},\"name\":\"Headline H2\"},{\"type\":\"list\",\"props\":{\"show_image\":true,\"show_link\":true,\"image_svg_color\":\"emphasis\",\"image_align\":\"left\",\"image_vertical_align\":true,\"maxwidth\":\"xlarge\",\"block_align\":\"center\",\"icon\":\"chevron-right\",\"list_size\":\"\",\"list_element\":\"ul\",\"column_breakpoint\":\"m\"},\"children\":[{\"type\":\"list_item\",\"props\":{\"content\":\"\n\n<p>Balais et frotteurs en graphite<\\\/p>\"}},{\"type\":\"list_item\",\"props\":{\"content\":\"\n\n<p>Fabrication et r\\u00e9paration de porte-balais<\\\/p>\"}},{\"type\":\"list_item\",\"props\":{\"content\":\"\n\n<p>Collecteurs \\u00e0 bagues ou \\u00e0 lames (fabrication et r\\u00e9paration)<\\\/p>\"}},{\"type\":\"list_item\",\"props\":{\"content\":\"\n\n<p>Capteurs de courant (sans limite d\\u2019intensit\\u00e9)<\\\/p>\"}},{\"type\":\"list_item\",\"props\":{\"content\":\"\n\n<p>Collecteurs \\u00e9lectriques tournants (fabrication et r\\u00e9paration)<\\\/p>\"}},{\"type\":\"list_item\",\"props\":{\"content\":\"\n\n<p>Electrification de ligne de traitement de surface<\\\/p>\"}},{\"type\":\"list_item\",\"props\":{\"content\":\"\n\n<p>Rails \\u00e9lectriques isol\\u00e9s et accessoires<\\\/p>\"}},{\"type\":\"list_item\",\"props\":{\"content\":\"\n\n<p>Pi\\u00e8ces d\\u00e9tach\\u00e9es de moteurs \\u00e9lectriques<\\\/p>\"}}]},{\"type\":\"button\",\"props\":{\"grid_column_gap\":\"small\",\"grid_row_gap\":\"small\",\"margin\":\"default\",\"button_size\":\"large\",\"text_align\":\"center\",\"animation\":\"scale-up\"},\"children\":[{\"type\":\"button_item\",\"props\":{\"button_style\":\"default\",\"icon_align\":\"left\",\"content\":\"D\\u00e9couvrir nos produits\",\"link\":\"fr\\\/produits\\\/\",\"icon\":\"forward\"}}]}]}]}],\"name\":\"secteur\"},{\"type\":\"section\",\"props\":{\"style\":\"default\",\"width\":\"default\",\"vertical_align\":\"middle\",\"title_position\":\"top-left\",\"title_rotation\":\"left\",\"title_breakpoint\":\"xl\",\"image_position\":\"center-center\"},\"children\":[{\"type\":\"row\",\"children\":[{\"type\":\"column\",\"props\":{\"image_position\":\"center-center\",\"media_overlay_gradient\":\"\",\"width_medium\":\"1-1\"},\"children\":[{\"type\":\"headline\",\"props\":{\"title_element\":\"h2\",\"title_style\":\"h2\",\"block_align\":\"center\",\"text_align\":\"center\",\"content\":\"\n\n<p>Derni\\u00e8re actualit\\u00e9<\\\/p>\"},\"name\":\"Headline H2\"},{\"type\":\"grid\",\"props\":{\"show_title\":true,\"show_meta\":true,\"show_content\":true,\"show_image\":true,\"show_link\":true,\"grid_default\":\"1\",\"grid_medium\":\"\",\"filter_style\":\"tab\",\"filter_all\":true,\"filter_position\":\"top\",\"filter_align\":\"left\",\"filter_grid_width\":\"auto\",\"filter_grid_breakpoint\":\"m\",\"title_hover_style\":\"reset\",\"title_element\":\"h3\",\"title_align\":\"top\",\"title_grid_width\":\"1-2\",\"title_grid_breakpoint\":\"m\",\"meta_style\":\"meta\",\"meta_align\":\"below-title\",\"image_align\":\"left\",\"image_grid_width\":\"medium\",\"image_grid_breakpoint\":\"m\",\"image_svg_color\":\"emphasis\",\"link_text\":\"En savoir plus\",\"link_style\":\"\",\"margin\":\"default\",\"item_animation\":\"\",\"title_style\":\"h4\",\"title_color\":\"emphasis\",\"image_box_decoration\":\"default\",\"image_transition\":\"scale-up\",\"image_grid_column_gap\":\"large\",\"grid_masonry\":false,\"image_vertical_align\":true,\"link_target\":true,\"image_link\":true,\"title_link\":true,\"panel_link\":false,\"icon_width\":80,\"meta_element\":\"div\",\"content_column_breakpoint\":\"m\"},\"children\":[{\"type\":\"grid_item\",\"source\":{\"query\":{\"name\":\"posts.customPosts\",\"arguments\":{\"terms\":[4],\"offset\":0,\"limit\":1,\"order\":\"date\",\"order_direction\":\"DESC\"}},\"props\":{\"title\":{\"name\":\"title\",\"filters\":{\"search\":\"\"}},\"content\":{\"name\":\"teaser\",\"filters\":{\"search\":\"\"}},\"image_alt\":{\"name\":\"featuredImage.alt\",\"filters\":{\"search\":\"\"}},\"link\":{\"name\":\"link\",\"filters\":{\"search\":\"\"}},\"image\":{\"name\":\"featuredImage.url\",\"filters\":{\"search\":\"\"}}}}}]}]}]}],\"name\":\"derni\\u00e8re actu avec dynamic content\"}],\"version\":\"2.3.8\"} --><\/p>\n","protected":false},"excerpt":{"rendered":"<p>ROUGIER Electrom\u00e9canique Sp\u00e9cialiste dans l\u2019\u00e9tude et la r\u00e9alisation de pi\u00e8ces ou d\u2019ensembles destin\u00e9s \u00e0 transmettre tout type de courant \u00e9lectrique vers des syst\u00e8mes en mouvement La soci\u00e9t\u00e9 ROUGIER Electrom\u00e9canique a \u00e9t\u00e9 cr\u00e9\u00e9e en 1927 \u00e0 Paris et s&rsquo;est sp\u00e9cialis\u00e9e dans la fabrication des alimentations \u00e9lectriques d&rsquo;engins mobiles. Elle dispose d&rsquo;un bureau d&rsquo;\u00e9tude d\u00e9di\u00e9 \u00e0 accompagner [&hellip;]<\/p>\n","protected":false},"author":1,"featured_media":0,"parent":0,"menu_order":0,"comment_status":"closed","ping_status":"closed","template":"","meta":{"footnotes":""},"class_list":["post-26","page","type-page","status-publish","hentry"],"aioseo_notices":[],"_links":{"self":[{"href":"https:\/\/www.rougier-electro.fr\/fr\/wp-json\/wp\/v2\/pages\/26","targetHints":{"allow":["GET"]}}],"collection":[{"href":"https:\/\/www.rougier-electro.fr\/fr\/wp-json\/wp\/v2\/pages"}],"about":[{"href":"https:\/\/www.rougier-electro.fr\/fr\/wp-json\/wp\/v2\/types\/page"}],"author":[{"embeddable":true,"href":"https:\/\/www.rougier-electro.fr\/fr\/wp-json\/wp\/v2\/users\/1"}],"replies":[{"embeddable":true,"href":"https:\/\/www.rougier-electro.fr\/fr\/wp-json\/wp\/v2\/comments?post=26"}],"version-history":[{"count":0,"href":"https:\/\/www.rougier-electro.fr\/fr\/wp-json\/wp\/v2\/pages\/26\/revisions"}],"wp:attachment":[{"href":"https:\/\/www.rougier-electro.fr\/fr\/wp-json\/wp\/v2\/media?parent=26"}],"curies":[{"name":"wp","href":"https:\/\/api.w.org\/{rel}","templated":true}]}}