{"id":1610,"date":"2020-06-05T14:20:26","date_gmt":"2020-06-05T12:20:26","guid":{"rendered":"https:\/\/www.rougier-electro.fr\/?page_id=1610"},"modified":"2025-07-30T11:51:10","modified_gmt":"2025-07-30T09:51:10","slug":"politique-de-confidentialite","status":"publish","type":"page","link":"https:\/\/www.rougier-electro.fr\/fr\/politique-de-confidentialite\/","title":{"rendered":"Politique de confidentialit\u00e9"},"content":{"rendered":"\n<h2 class=\"wp-block-heading\">Confidentialit\u00e9<\/h2>\n\n\n\n<p>Les informations que vous nous communiquerez ne sont jamais confi\u00e9es \u00e0 des tiers autres que les compagnies d&rsquo;assurance avec lesquelles nous travaillons dans le cas d&rsquo;une demande d&rsquo;\u00e9tude ou de devis.<\/p>\n\n\n\n<p>Les informations que vous nous communiquerez servent \u00e0 la prise en compte de votre demande et ne seront pas utilis\u00e9es \u00e0 des fins commerciales pour vous proposer des produits ou des services, les informations recueillis dans les formulaires ne sont conserv\u00e9es que le temps n\u00e9cessaire \u00e0 la gestion de la r\u00e9ponse.<\/p>\n\n\n\n<p>Pour toute question relative \u00e0 nos pratiques en mati\u00e8re de traitement des donn\u00e9es personnelles, vous pouvez nous contacter en utilisant la rubrique : <a href=\"https:\/\/www.rougier-electro.fr\/contact-specialiste-transmission-electrique-pour-moteur-electrique\/\" title=\"Contact\">nous contacter<\/a>.<\/p>\n\n\n\n<h2 class=\"wp-block-heading\">Donn\u00e9es personnelles<\/h2>\n\n\n\n<p>ROUGIER Electrom\u00e9canique est susceptible de traiter des donn\u00e9es personnelles uniquement pour la n\u00e9cessit\u00e9 de ses services, notamment la gestion de la relation commerciale.<\/p>\n\n\n\n<p>Les donn\u00e9es ne sont conserv\u00e9es que pendant la dur\u00e9e n\u00e9cessaire \u00e0 l\u2019accomplissement du traitement ou pour permettre de r\u00e9pondre \u00e0 des obligations l\u00e9gales.<\/p>\n\n\n\n<p>Les informations que vous nous communiquerez ne sont jamais confi\u00e9es \u00e0 des tiers autres que les compagnies d\u2019assurance avec lesquelles nous travaillons dans le cas d\u2019une demande d\u2019\u00e9tude ou de devis.<\/p>\n\n\n\n<p>Conform\u00e9ment \u00e0 la r\u00e9glementation europ\u00e9enne en vigueur, vous disposez \u00e0 tout moment d\u2019un droit d\u2019acc\u00e8s, de suppression ou de modification des donn\u00e9es nominatives vous concernant. Pour l\u2019exercer, adressez-vous \u00e0 ROUGIER ELECTROMECANIQUE, Services Centraux, 52, rue de Bu 27810 Marcilly sur Eure ou envoyez un message \u00e0&nbsp;<a href=\";\">contact@rougier-electro.fr<\/a><\/p>\n\n\n\n<p>Conform\u00e9ment \u00e0 l\u2019article L 223-2 du Code de la Consommation, nous vous informons que vous avez le droit de vous opposer au d\u00e9marchage t\u00e9l\u00e9phonique en inscrivant gratuitement votre num\u00e9ro sur la liste d\u2019opposition <a href=\"https:\/\/www.bloctel.gouv.fr\" target=\"_blank\" rel=\"noreferrer noopener\">Bloctel<\/a>.<\/p>\n\n\n\n<p>Pour toute question relative \u00e0 nos pratiques en mati\u00e8re de traitement des donn\u00e9es personnelles, vous pouvez nous contacter en utilisant la rubrique :&nbsp;<a href=\"https:\/\/www.rougier-electro.fr\/contact-specialiste-transmission-electrique-pour-moteur-electrique\/\" title=\"Contact\">nous contacter<\/a>.<\/p>\n\n\n\n<p>En cas de besoin, vous avez la possibilit\u00e9 de d\u00e9poser une r\u00e9clamation aupr\u00e8s des autorit\u00e9s de contr\u00f4le, et notamment de la&nbsp;<a href=\"https:\/\/www.cnil.fr\/fr\/plaintes\" target=\"_blank\" rel=\"noreferrer noopener\">CNIL<\/a>.<\/p>\n\n\n\n<h2 class=\"wp-block-heading\">Politiques des cookies<\/h2>\n\n\n\n<p>Lors de votre premi\u00e8re visite sur notre site web, vous \u00eates avertis par un bandeau de notification des cookies que des informations relatives \u00e0 votre navigation sont susceptibles d\u2019\u00eatre enregistr\u00e9es dans des fichiers appel\u00e9s \u00ab cookies \u00bb. Notre politique relative aux cookies vous permet de mieux comprendre l\u2019ensemble des cookies pr\u00e9sents sur notre site web, leur finalit\u00e9 et vous donne la marche \u00e0 suivre pour les param\u00e9trer.<\/p>\n\n\n\n<p>Les informations recueillies par le biais de ces cookies ne permettent en aucune mani\u00e8re de vous identifier nominativement. Elles sont utilis\u00e9es exclusivement pour nos besoins propres afin d\u2019am\u00e9liorer l\u2019interactivit\u00e9 et la performance de notre site web et de vous adresser des contenus adapt\u00e9s \u00e0 vos centres d\u2019int\u00e9r\u00eats. Aucune de ces informations ne fait l\u2019objet d\u2019une communication aupr\u00e8s de tiers sauf lorsque nous avons obtenu au pr\u00e9alable votre consentement ou bien lorsque la divulgation de ces informations est requise par la loi.<\/p>\n\n\n\n<h3 class=\"wp-block-heading\">Cookies strictement n\u00e9cessaires<\/h3>\n\n\n\n<p>Certains cookies sont dispens\u00e9s du recueil pr\u00e9alable de votre consentement dans la mesure o\u00f9 ils sont strictement n\u00e9cessaires au bon fonctionnement de notre site internet ou ont pour finalit\u00e9 exclusive de permettre ou faciliter la communication par voie \u00e9lectronique. Il s\u2019agit notamment des cookies d\u2019identifiant de session, d\u2019authentification, de session d\u2019\u00e9quilibrage de charge, de personnalisation de votre interface (pr\u00e9f\u00e9rences linguistiques, gestion des cookies\u2026), de stockage de donn\u00e9es (formulaire, panier d\u2019achat, derniers produits consult\u00e9s&#8230;).<\/p>\n\n\n\n<p>Ces cookies sont indispensables et n\u00e9cessaires au bon fonctionnement du site et ne peuvent donc pas \u00eatre d\u00e9sactiv\u00e9s dans nos syst\u00e8mes. Ils ne peuvent \u00eatre d\u00e9sactiv\u00e9s qu&rsquo;en modifiant les pr\u00e9f\u00e9rences de votre navigateur internet. Dans ce cas notre site ne fonctionnera pas correctement.<\/p>\n\n\n\n<h3 class=\"wp-block-heading\">Cookies de performance et de fonctionnalit\u00e9<\/h3>\n\n\n\n<p>Ces cookies n\u00e9cessitent le recueil pr\u00e9alable de votre consentement car ils sont \u00e9mis par des tiers et sont qualifi\u00e9s de \u00ab persistants \u00bb dans la mesure o\u00f9 ils demeurent sur votre terminal jusqu&rsquo;\u00e0 leur effacement ou leur date d\u2019expiration. Il s\u2019agit par exemple de cookies de mesure d\u2019audience, cookies publicitaires, cookies de partage de r\u00e9seaux sociaux&nbsp;: Facebook, Twitter, LinkedIn&#8230;, cookies de contenus embarqu\u00e9s&nbsp;: captcha, carte Google Maps, vid\u00e9o YouTube, flux de Facebook, d\u2019Instagram\u2026<\/p>\n\n\n\n<p>De tels cookies \u00e9tant \u00e9mis par des tiers, leur utilisation et leur d\u00e9p\u00f4t sont soumis \u00e0 leurs propres politiques de confidentialit\u00e9 et nous n\u2019avons donc aucun contr\u00f4le sur la collecte des informations effectu\u00e9e par ces services tiers. L\u2019utilisateur est invit\u00e9 \u00e0 consulter les politiques de protection de la vie priv\u00e9e de chaque service tiers (un lien vers le service tiers est fourni dans la fen\u00eatre de gestion des cookies).<\/p>\n\n\n\n<p>Les services tiers que nous utilisons sur notre site web&nbsp;:<\/p>\n\n\n\n<p><strong>Matomo :<\/strong> nous utilisons ce service d\u2019analyses statistiques conforme aux recommandations RGPD de la CNIL pour collecter de mani\u00e8re anonyme des informations sur l\u2019utilisation du site lors de votre visite dans le but d\u2019analyser les performances du site web ou de nos campagnes publicitaires. <a href=\"https:\/\/cookiedatabase.org\/service\/matomo\/\" target=\"_blank\" rel=\"noreferrer noopener\">Plus d\u2019infos<\/a><br><em>Vous pouvez cocher la case ci-dessous afin de vous opposer au suivi de votre navigation sur ce site web. Cela prot\u00e9gera votre vie priv\u00e9e, mais emp\u00eachera \u00e9galement le propri\u00e9taire d&rsquo;apprendre de vos actions et de cr\u00e9er une meilleure exp\u00e9rience pour vous et les autres utilisateurs.<\/em><\/p>\n\n\n\n    <div id=\"matomo-opt-out\"><\/div>\r\n    <script src=\"https:\/\/stats.crealys-web.net\/index.php?module=CoreAdminHome&action=optOutJS&divId=matomo-opt-out&language=auto&showIntro=0\"><\/script>\r\n    \n\n\n\n<p><strong>Google Maps<\/strong>&nbsp;: nous utilisons ce service pour afficher une carte interactive sur ce site.<\/p>\n\n\n\n<p><strong>hCaptcha&nbsp;:<\/strong> nous utilisons ce service pour prot\u00e9ger les entr\u00e9es des formulaires sur notre site (case \u00e0 cocher antispam \u00ab&nbsp;Je ne suis un humain \u00bb). Ce service est utilis\u00e9 pour diff\u00e9rencier les entr\u00e9es faites par un \u00eatre humain des abus automatis\u00e9s.<\/p>\n\n\n\n<p><strong>R\u00e9seaux sociaux (ex&nbsp;: Addthis, Facebook, Twitter, Linkedin\u2026)<\/strong> : les cookies de ces services permettent de partager certains contenus du site web avec d\u2019autres personnes ou de faire conna\u00eetre \u00e0 celles-ci sa consultation ou son opinion concernant un contenu du site web en utilisant les boutons de ces r\u00e9seaux sociaux. Par cons\u00e9quent, le r\u00e9seau social est susceptible d\u2019identifier l\u2019utilisateur gr\u00e2ce \u00e0 ce bouton, m\u00eame si ce dernier ne l\u2019a pas utilis\u00e9 lors de sa consultation depuis le site web. En effet, ce type de bouton peut permettre au r\u00e9seau social concern\u00e9 de suivre la navigation sur le site web, du seul fait que le compte de l\u2019utilisateur sur ce r\u00e9seau social \u00e9tait activ\u00e9 sur son terminal (session ouverte) durant la navigation sur le site web.<\/p>\n\n\n\n<h3 class=\"wp-block-heading\">D\u00e9sactivation et suppression de tous les cookies<\/h3>\n\n\n\n<p>Un bandeau en bas du site vous informe de la pr\u00e9sence de cookies uniquement sur les pages du site concern\u00e9es et vous invite \u00e0 indiquer votre choix. Vous pouvez les accepter ou les refuser soit globalement pour le site, soit service par service en cliquant sur le bouton \u00ab\u00a0Personnaliser\u00a0\u00bb pr\u00e9sent dans la barre des cookies. Les cookies ne sont d\u00e9pos\u00e9s que si vous les acceptez. Vous pouvez modifier votre consentement en cliquant sur l&rsquo;ic\u00f4ne repr\u00e9sentant des cookies en bas \u00e0 droite du site (le clic sur cette ic\u00f4ne n&rsquo;est possible que sur les pages du site o\u00f9 des cookies sont pr\u00e9sents).<\/p>\n\n\n\n<p>Il est possible de configurer votre navigateur pour emp\u00eacher l\u2019utilisation et stockage de cookies sur votre dispositif et\/ou que l\u2019on vous demande \u00e0 chaque visite d\u2019un site d\u2019activer les cookies. Vous pouvez \u00e9galement, \u00e0 tout moment, supprimer les cookies qui ont \u00e9t\u00e9 r\u00e9activ\u00e9s. Consultez la rubrique d\u2019aide de votre navigateur pour savoir comment faire. Veuillez noter que la d\u00e9sactivation globale des cookies peut entra\u00eener des dysfonctionnements sur notre site.<\/p>\n","protected":false},"excerpt":{"rendered":"<p>Confidentialit\u00e9 Les informations que vous nous communiquerez ne sont jamais confi\u00e9es \u00e0 des tiers autres que les compagnies d&rsquo;assurance avec lesquelles nous travaillons dans le cas d&rsquo;une demande d&rsquo;\u00e9tude ou de devis. Les informations que vous nous communiquerez servent \u00e0 la prise en compte de votre demande et ne seront pas utilis\u00e9es \u00e0 des fins [&hellip;]<\/p>\n","protected":false},"author":1,"featured_media":0,"parent":0,"menu_order":0,"comment_status":"closed","ping_status":"closed","template":"","meta":{"footnotes":""},"class_list":["post-1610","page","type-page","status-publish","hentry"],"aioseo_notices":[],"_links":{"self":[{"href":"https:\/\/www.rougier-electro.fr\/fr\/wp-json\/wp\/v2\/pages\/1610","targetHints":{"allow":["GET"]}}],"collection":[{"href":"https:\/\/www.rougier-electro.fr\/fr\/wp-json\/wp\/v2\/pages"}],"about":[{"href":"https:\/\/www.rougier-electro.fr\/fr\/wp-json\/wp\/v2\/types\/page"}],"author":[{"embeddable":true,"href":"https:\/\/www.rougier-electro.fr\/fr\/wp-json\/wp\/v2\/users\/1"}],"replies":[{"embeddable":true,"href":"https:\/\/www.rougier-electro.fr\/fr\/wp-json\/wp\/v2\/comments?post=1610"}],"version-history":[{"count":1,"href":"https:\/\/www.rougier-electro.fr\/fr\/wp-json\/wp\/v2\/pages\/1610\/revisions"}],"predecessor-version":[{"id":6802,"href":"https:\/\/www.rougier-electro.fr\/fr\/wp-json\/wp\/v2\/pages\/1610\/revisions\/6802"}],"wp:attachment":[{"href":"https:\/\/www.rougier-electro.fr\/fr\/wp-json\/wp\/v2\/media?parent=1610"}],"curies":[{"name":"wp","href":"https:\/\/api.w.org\/{rel}","templated":true}]}}