{"id":12,"date":"2020-01-22T15:36:00","date_gmt":"2020-01-22T14:36:00","guid":{"rendered":"http:\/\/test.rougier-electro.fr\/?page_id=12"},"modified":"2024-07-05T14:28:50","modified_gmt":"2024-07-05T12:28:50","slug":"a-propos-rougier-electomecanique","status":"publish","type":"page","link":"https:\/\/www.rougier-electro.fr\/fr\/a-propos-rougier-electomecanique\/","title":{"rendered":"A propos"},"content":{"rendered":"<h1>\n<p>ROUGIER Electrom\u00e9canique<\/p>\n<\/h1>\n<h2>Pr\u00e9sentation<\/h2>\n<div>\n<p>La soci\u00e9t\u00e9 ROUGIER Electrom\u00e9canique est une soci\u00e9t\u00e9 familiale fran\u00e7aise sp\u00e9cialis\u00e9e dans l\u2019\u00e9tude et la r\u00e9alisation de <strong>pi\u00e8ces ou d\u2019ensembles destin\u00e9s \u00e0 transmettre tout type de courant \u00e9lectrique<\/strong> vers des syst\u00e8mes en mouvement.<\/p>\n<p>Elle est <strong>experte dans le domaine des contacts \u00e9lectriques tournants ou glissants et dans l&rsquo;usinage des graphites \u00e9lectrom\u00e9caniques<\/strong>.<\/p>\n<p>Son site de production situ\u00e9 en <a href=\"https:\/\/www.google.fr\/maps\/place\/ROUGIER+Electromecanique\/@48.8200406,1.3528911,17z\/data=!3m1!4b1!4m6!3m5!1s0x47e66e4645148cb5:0x8909508bbc197558!8m2!3d48.8200406!4d1.355466!16s%2Fg%2F12qgqxrhp?entry=ttu\" target=\"_blank\" rel=\"noopener\">Normandie, dans l&rsquo;Eure pr\u00e8s d&rsquo;Evreux<\/a>, <strong>exporte dans le monde entier<\/strong> les fabrications issues de plusieurs ateliers d&rsquo;usinage de graphites \u00e9lectrom\u00e9caniques, de porte-balais, de contacts \u00e9lectriques tournants, de jeux de bagues, de collecteurs \u00e0 lames et de syst\u00e8mes d&rsquo;alimentation type \u00e9lectrophor\u00e8se.<\/p>\n<p>Nous proposons, pour compl\u00e9ter nos prestations, <strong>des pi\u00e8ces d\u00e9tach\u00e9es de moteurs \u00e9lectriques telles que les plaques \u00e0 bornes, les ventilateurs et cache-ventilateurs et les condensateurs<\/strong>.<\/p>\n<p>Toujours dans le m\u00eame esprit, nous <strong>distribuons la marque de rails \u00e9lectriques isol\u00e9s FABA<\/strong>.<\/p>\n<\/div>\n<p><img decoding=\"async\" src=\"https:\/\/www.rougier-electro.fr\/wp-content\/uploads\/systeme-pieces-transmission-courant-electrique.jpg\" alt=\"pi\u00e8ces ou ensembles destin\u00e9s \u00e0 transmettre tout type de courant \u00e9lectrique\"><\/p>\n<div>\n<p>Notre usine de production dans l&rsquo;Eure en Normandie<\/p>\n<\/div>\n<p><img decoding=\"async\" src=\"https:\/\/www.rougier-electro.fr\/wp-content\/uploads\/rougier-electromecanique-production-eure2.jpg\" alt=\"Usine de production\"><br \/>\n<img decoding=\"async\" src=\"https:\/\/www.rougier-electro.fr\/wp-content\/uploads\/rougier-electromecanique-production-eure1.jpg\" alt=\"Usine de production\"><\/p>\n<h2>Historique<\/h2>\n<div>\n<p>Fond\u00e9e en 1927 par Jean Rougier, la soci\u00e9t\u00e9 ROUGIER Electrom\u00e9canique, alors nomm\u00e9e \u00ab Ets Jean Rougier \u00bb d\u00e9bute son activit\u00e9 par la repr\u00e9sentation de firmes \u00e9trang\u00e8res sp\u00e9cialis\u00e9es dans les graphites \u00e9lectrom\u00e9caniques.<\/p>\n<\/div>\n<ul>\n<li>\n<p>        <img decoding=\"async\" src=\"https:\/\/www.rougier-electro.fr\/wp-content\/uploads\/logo-rougier-1950-catalogue.jpg\" alt=\"Rougier Electrom\u00e9canique 1950\"><\/p>\n<h2>1950<\/h2>\n<\/li>\n<li>\n<p>        <img decoding=\"async\" src=\"https:\/\/www.rougier-electro.fr\/wp-content\/uploads\/logo-rougier-1970-catalogue.jpg\" alt=\"Rougier Electrom\u00e9canique 1970\"><\/p>\n<h2>1970<\/h2>\n<\/li>\n<li>\n<p>        <img decoding=\"async\" src=\"https:\/\/www.rougier-electro.fr\/wp-content\/uploads\/logo-rougier-2000-catalogue.jpg\" alt=\"Rougier Electrom\u00e9canique 2000\"><\/p>\n<h2>2000<\/h2>\n<\/li>\n<li>\n<p>        <img decoding=\"async\" src=\"https:\/\/www.rougier-electro.fr\/wp-content\/uploads\/logo-rougier-2020-catalogue.jpg\" alt=\"Rougier Electrom\u00e9canique 2020\"><\/p>\n<h2>2020<\/h2>\n<\/li>\n<\/ul>\n<div>\n<p>Au fil des ans, les ateliers de production ont vu le jour, d\u2019abord par la <strong>fabrication des balais pour moteur \u00e9lectrique, puis les porte-balais, les collecteurs \u00e0 lames, \u00e0 bagues, les contacts \u00e9lectriques tournants, les rails \u00e9lectriques isol\u00e9s, les alimentations \u00e9lectriques de ligne de manutention et de traitement de surface<\/strong>.<\/p>\n<\/div>\n<div>\n<p>EN 1940<\/p>\n<\/div>\n<p><img decoding=\"async\" src=\"https:\/\/www.rougier-electro.fr\/wp-content\/uploads\/rougier-electromecanique-1940.jpg\" alt=\"\"><\/p>\n<div>\n<p>EN 1950<\/p>\n<\/div>\n<p><img decoding=\"async\" src=\"https:\/\/www.rougier-electro.fr\/wp-content\/uploads\/rougier-electromecanique-1950.jpg\" alt=\"\"><\/p>\n<div>\n<p>Cette soci\u00e9t\u00e9 familiale a connu 3 g\u00e9n\u00e9rations de dirigeants et depuis 2001, Philippe Rougier a pris la succession de Jean-Fran\u00e7ois Rougier. C\u2019est en 2007, que la soci\u00e9t\u00e9 qui s\u2019appelait alors \u00ab Ets J.Rougier et Fils \u00bb devient \u00ab ROUGIER Electrom\u00e9canique \u00bb.<\/p>\n<\/div>\n<p><!--more--><br \/>\n<!-- {\"name\":\"page\",\"type\":\"layout\",\"children\":[{\"type\":\"section\",\"props\":{\"animation\":\"fade\",\"animation_delay\":\"200\",\"image\":\"wp-content\\\/uploads\\\/cover-collecteur-electrique-tournant.jpg\",\"image_effect\":\"parallax\",\"image_parallax_bgy\":\"-100,100\",\"image_parallax_easing\":\"1\",\"image_position\":\"center-center\",\"image_size\":\"cover\",\"media_overlay\":\"rgba(0, 0, 0, 0.52)\",\"padding\":\"large\",\"style\":\"default\",\"text_color\":\"light\",\"title_breakpoint\":\"xl\",\"title_position\":\"top-left\",\"title_rotation\":\"left\",\"vertical_align\":\"\",\"width\":\"large\"},\"children\":[{\"type\":\"row\",\"props\":{\"margin\":\"remove-vertical\"},\"children\":[{\"type\":\"column\",\"props\":{\"image_position\":\"center-center\",\"position_sticky_breakpoint\":\"m\",\"width_medium\":\"1-1\"},\"children\":[{\"type\":\"headline\",\"props\":{\"content\":\"\n\n<p>ROUGIER Electrom\\u00e9canique<\\\/p>\",\"text_align\":\"center\",\"title_element\":\"h1\",\"title_style\":\"heading-small\"},\"name\":\"Headline H1\"}]}]}],\"name\":\"Entete\"},{\"type\":\"section\",\"props\":{\"image_position\":\"center-center\",\"style\":\"default\",\"title_breakpoint\":\"xl\",\"title_position\":\"top-left\",\"title_rotation\":\"left\",\"vertical_align\":\"\",\"width\":\"large\"},\"children\":[{\"type\":\"row\",\"children\":[{\"type\":\"column\",\"props\":{\"image_position\":\"center-center\",\"position_sticky_breakpoint\":\"m\",\"width_medium\":\"1-1\"},\"children\":[{\"type\":\"headline\",\"props\":{\"content\":\"Pr\\u00e9sentation\",\"title_element\":\"h2\",\"title_style\":\"h2\"},\"name\":\"Headline H2\"}]}]},{\"type\":\"row\",\"props\":{\"column_gap\":\"large\",\"layout\":\"2-3,1-3\",\"match\":false},\"children\":[{\"type\":\"column\",\"props\":{\"image_position\":\"center-center\",\"position_sticky_breakpoint\":\"m\",\"width_medium\":\"2-3\"},\"children\":[{\"type\":\"text\",\"props\":{\"column_breakpoint\":\"m\",\"content\":\"\n\n<p>La soci\\u00e9t\\u00e9 ROUGIER Electrom\\u00e9canique est une soci\\u00e9t\\u00e9 familiale fran\\u00e7aise sp\\u00e9cialis\\u00e9e dans l\\u2019\\u00e9tude et la r\\u00e9alisation de <strong>pi\\u00e8ces ou d\\u2019ensembles destin\\u00e9s \\u00e0 transmettre tout type de courant \\u00e9lectrique<\\\/strong> vers des syst\\u00e8mes en mouvement.<\\\/p>\\n\n\n<p>Elle est <strong>experte dans le domaine des contacts \\u00e9lectriques tournants ou glissants et dans l'usinage des graphites \\u00e9lectrom\\u00e9caniques<\\\/strong>.<\\\/p>\\n\n\n<p>Son site de production situ\\u00e9 en <a href=\\\"https:\\\/\\\/www.google.fr\\\/maps\\\/place\\\/ROUGIER+Electromecanique\\\/@48.8200406,1.3528911,17z\\\/data=!3m1!4b1!4m6!3m5!1s0x47e66e4645148cb5:0x8909508bbc197558!8m2!3d48.8200406!4d1.355466!16s%2Fg%2F12qgqxrhp?entry=ttu\\\" target=\\\"_blank\\\" rel=\\\"noopener\\\">Normandie, dans l'Eure pr\\u00e8s d'Evreux<\\\/a>, <strong>exporte dans le monde entier<\\\/strong> les fabrications issues de plusieurs ateliers d'usinage de graphites \\u00e9lectrom\\u00e9caniques, de porte-balais, de contacts \\u00e9lectriques tournants, de jeux de bagues, de collecteurs \\u00e0 lames et de syst\\u00e8mes d'alimentation type \\u00e9lectrophor\\u00e8se.<\\\/p>\\n\n\n<p>Nous proposons, pour compl\\u00e9ter nos prestations, <strong>des pi\\u00e8ces d\\u00e9tach\\u00e9es de moteurs \\u00e9lectriques telles que les plaques \\u00e0 bornes, les ventilateurs et cache-ventilateurs et les condensateurs<\\\/strong>.<\\\/p>\\n\n\n<p>Toujours dans le m\\u00eame esprit, nous <strong>distribuons la marque de rails \\u00e9lectriques isol\\u00e9s FABA<\\\/strong>.<\\\/p>\",\"margin\":\"default\"}}]},{\"type\":\"column\",\"props\":{\"image_position\":\"center-center\",\"position_sticky_breakpoint\":\"m\",\"vertical_align\":\"middle\",\"width_medium\":\"1-3\"},\"children\":[{\"type\":\"image\",\"props\":{\"animation\":\"slide-right-medium\",\"image\":\"wp-content\\\/uploads\\\/systeme-pieces-transmission-courant-electrique.jpg\",\"image_alt\":\"pi\\u00e8ces ou ensembles destin\\u00e9s \\u00e0 transmettre tout type de courant \\u00e9lectrique\",\"image_svg_color\":\"emphasis\",\"image_width\":\"500\",\"margin\":\"default\",\"text_align\":\"center\"}}]}]},{\"type\":\"row\",\"children\":[{\"type\":\"column\",\"props\":{\"image_position\":\"center-center\",\"position_sticky_breakpoint\":\"m\",\"width_medium\":\"1-1\"},\"children\":[{\"type\":\"text\",\"props\":{\"column_breakpoint\":\"m\",\"content\":\"\n\n<p>Notre usine de production dans l'Eure en Normandie<\\\/p>\",\"margin\":\"default\",\"text_align\":\"center\",\"text_style\":\"meta\"}}]}]},{\"type\":\"row\",\"props\":{\"layout\":\"1-2,1-2\"},\"children\":[{\"type\":\"column\",\"props\":{\"image_position\":\"center-center\",\"position_sticky_breakpoint\":\"m\",\"width_medium\":\"1-2\"},\"children\":[{\"type\":\"image\",\"props\":{\"image\":\"wp-content\\\/uploads\\\/rougier-electromecanique-production-eure2.jpg\",\"image_alt\":\"Usine de production\",\"image_svg_color\":\"emphasis\",\"margin\":\"default\",\"text_align\":\"center\"}}]},{\"type\":\"column\",\"props\":{\"image_position\":\"center-center\",\"position_sticky_breakpoint\":\"m\",\"width_medium\":\"1-2\"},\"children\":[{\"type\":\"image\",\"props\":{\"image\":\"wp-content\\\/uploads\\\/rougier-electromecanique-production-eure1.jpg\",\"image_alt\":\"Usine de production\",\"image_svg_color\":\"emphasis\",\"margin\":\"default\",\"text_align\":\"center\"}}]}]}]},{\"type\":\"section\",\"props\":{\"image_position\":\"center-center\",\"padding_remove_top\":true,\"style\":\"default\",\"title_breakpoint\":\"xl\",\"title_position\":\"top-left\",\"title_rotation\":\"left\",\"vertical_align\":\"\",\"width\":\"large\"},\"children\":[{\"type\":\"row\",\"children\":[{\"type\":\"column\",\"props\":{\"image_position\":\"center-center\",\"position_sticky_breakpoint\":\"m\",\"width_medium\":\"1-1\"},\"children\":[{\"type\":\"headline\",\"props\":{\"content\":\"Historique\",\"title_element\":\"h2\",\"title_style\":\"h2\"},\"name\":\"Headline H2\"}]}]},{\"type\":\"row\",\"children\":[{\"type\":\"column\",\"props\":{\"image_position\":\"center-center\",\"position_sticky_breakpoint\":\"m\",\"width_medium\":\"1-1\"},\"children\":[{\"type\":\"text\",\"props\":{\"column_breakpoint\":\"m\",\"content\":\"\n\n<p>Fond\\u00e9e en 1927 par Jean Rougier, la soci\\u00e9t\\u00e9 ROUGIER Electrom\\u00e9canique, alors nomm\\u00e9e \\u00ab Ets Jean Rougier \\u00bb d\\u00e9bute son activit\\u00e9 par la repr\\u00e9sentation de firmes \\u00e9trang\\u00e8res sp\\u00e9cialis\\u00e9es dans les graphites \\u00e9lectrom\\u00e9caniques.<\\\/p>\",\"margin\":\"default\"}},{\"type\":\"slideshow\",\"props\":{\"block_align\":\"center\",\"link_style\":\"default\",\"link_text\":\"Read more\",\"margin\":\"default\",\"maxwidth\":\"xlarge\",\"meta_align\":\"below-title\",\"meta_element\":\"div\",\"meta_style\":\"text-meta\",\"nav\":\"\",\"nav_align\":\"center\",\"nav_below\":true,\"nav_breakpoint\":\"s\",\"nav_position\":\"bottom-center\",\"nav_position_margin\":\"medium\",\"overlay_animation\":\"fade\",\"overlay_container_padding\":\"xsmall\",\"overlay_margin\":\"none\",\"overlay_padding\":\"small\",\"overlay_position\":\"bottom\",\"overlay_style\":\"overlay-default\",\"overlay_width\":\"medium\",\"show_content\":true,\"show_link\":false,\"show_meta\":false,\"show_thumbnail\":false,\"show_title\":true,\"slidenav\":\"default\",\"slidenav_breakpoint\":\"s\",\"slidenav_hover\":true,\"slidenav_large\":true,\"slidenav_margin\":\"\",\"slidenav_outside_breakpoint\":\"xl\",\"slideshow_autoplay\":true,\"slideshow_autoplay_interval\":\"3\",\"slideshow_autoplay_pause\":true,\"slideshow_box_shadow\":\"small\",\"slideshow_min_height\":\"\",\"text_align\":\"center\",\"text_color\":\"light\",\"thumbnav_height\":\"75\",\"thumbnav_svg_color\":\"emphasis\",\"thumbnav_width\":\"100\",\"title_color\":\"primary\",\"title_element\":\"h2\",\"title_style\":\"h6\"},\"children\":[{\"type\":\"slideshow_item\",\"props\":{\"content\":\"\",\"image\":\"wp-content\\\/uploads\\\/logo-rougier-1950-catalogue.jpg\",\"image_alt\":\"Rougier Electrom\\u00e9canique 1950\",\"title\":\"1950\"}},{\"type\":\"slideshow_item\",\"props\":{\"content\":\"\",\"image\":\"wp-content\\\/uploads\\\/logo-rougier-1970-catalogue.jpg\",\"image_alt\":\"Rougier Electrom\\u00e9canique 1970\",\"title\":\"1970\"}},{\"type\":\"slideshow_item\",\"props\":{\"content\":\"\",\"image\":\"wp-content\\\/uploads\\\/logo-rougier-2000-catalogue.jpg\",\"image_alt\":\"Rougier Electrom\\u00e9canique 2000\",\"title\":\"2000\"}},{\"type\":\"slideshow_item\",\"props\":{\"content\":\"\",\"image\":\"wp-content\\\/uploads\\\/logo-rougier-2020-catalogue.jpg\",\"image_alt\":\"Rougier Electrom\\u00e9canique 2020\",\"title\":\"2020\"}}]},{\"type\":\"text\",\"props\":{\"column_breakpoint\":\"m\",\"content\":\"\n\n<p>Au fil des ans, les ateliers de production ont vu le jour, d\\u2019abord par la <strong>fabrication des balais pour moteur \\u00e9lectrique, puis les porte-balais, les collecteurs \\u00e0 lames, \\u00e0 bagues, les contacts \\u00e9lectriques tournants, les rails \\u00e9lectriques isol\\u00e9s, les alimentations \\u00e9lectriques de ligne de manutention et de traitement de surface<\\\/strong>.<\\\/p>\",\"margin\":\"default\"}}]}]},{\"type\":\"row\",\"props\":{\"layout\":\"1-2,1-2\"},\"children\":[{\"type\":\"column\",\"props\":{\"image_position\":\"center-center\",\"position_sticky_breakpoint\":\"m\",\"width_medium\":\"1-2\"},\"children\":[{\"type\":\"text\",\"props\":{\"column_breakpoint\":\"m\",\"content\":\"\n\n<p>EN 1940<\\\/p>\",\"margin\":\"default\",\"text_align\":\"center\",\"text_style\":\"meta\"}},{\"type\":\"image\",\"props\":{\"image\":\"wp-content\\\/uploads\\\/rougier-electromecanique-1940.jpg\",\"image_svg_color\":\"emphasis\",\"margin\":\"default\",\"text_align\":\"center\"}}]},{\"type\":\"column\",\"props\":{\"image_position\":\"center-center\",\"position_sticky_breakpoint\":\"m\",\"width_medium\":\"1-2\"},\"children\":[{\"type\":\"text\",\"props\":{\"column_breakpoint\":\"m\",\"content\":\"\n\n<p>EN 1950<\\\/p>\",\"margin\":\"default\",\"text_align\":\"center\",\"text_style\":\"meta\"}},{\"type\":\"image\",\"props\":{\"image\":\"wp-content\\\/uploads\\\/rougier-electromecanique-1950.jpg\",\"image_svg_color\":\"emphasis\",\"margin\":\"default\",\"text_align\":\"center\"}}]}]},{\"type\":\"row\",\"children\":[{\"type\":\"column\",\"props\":{\"image_position\":\"center-center\",\"position_sticky_breakpoint\":\"m\",\"width_medium\":\"1-1\"},\"children\":[{\"type\":\"text\",\"props\":{\"column_breakpoint\":\"m\",\"content\":\"\n\n<p>Cette soci\\u00e9t\\u00e9 familiale a connu 3 g\\u00e9n\\u00e9rations de dirigeants et depuis 2001, Philippe Rougier a pris la succession de Jean-Fran\\u00e7ois Rougier. C\\u2019est en 2007, que la soci\\u00e9t\\u00e9 qui s\\u2019appelait alors \\u00ab Ets J.Rougier et Fils \\u00bb devient \\u00ab ROUGIER Electrom\\u00e9canique \\u00bb.<\\\/p>\",\"margin\":\"default\"}}]}]}]}],\"version\":\"4.4.4\"} --><\/p>\n","protected":false},"excerpt":{"rendered":"<p>ROUGIER Electrom\u00e9canique Pr\u00e9sentation La soci\u00e9t\u00e9 ROUGIER Electrom\u00e9canique est une soci\u00e9t\u00e9 familiale fran\u00e7aise sp\u00e9cialis\u00e9e dans l\u2019\u00e9tude et la r\u00e9alisation de pi\u00e8ces ou d\u2019ensembles destin\u00e9s \u00e0 transmettre tout type de courant \u00e9lectrique vers des syst\u00e8mes en mouvement. Elle est experte dans le domaine des contacts \u00e9lectriques tournants ou glissants et dans l&rsquo;usinage des graphites \u00e9lectrom\u00e9caniques. Son site [&hellip;]<\/p>\n","protected":false},"author":1,"featured_media":0,"parent":0,"menu_order":0,"comment_status":"closed","ping_status":"closed","template":"","meta":{"footnotes":""},"class_list":["post-12","page","type-page","status-publish","hentry"],"aioseo_notices":[],"_links":{"self":[{"href":"https:\/\/www.rougier-electro.fr\/fr\/wp-json\/wp\/v2\/pages\/12","targetHints":{"allow":["GET"]}}],"collection":[{"href":"https:\/\/www.rougier-electro.fr\/fr\/wp-json\/wp\/v2\/pages"}],"about":[{"href":"https:\/\/www.rougier-electro.fr\/fr\/wp-json\/wp\/v2\/types\/page"}],"author":[{"embeddable":true,"href":"https:\/\/www.rougier-electro.fr\/fr\/wp-json\/wp\/v2\/users\/1"}],"replies":[{"embeddable":true,"href":"https:\/\/www.rougier-electro.fr\/fr\/wp-json\/wp\/v2\/comments?post=12"}],"version-history":[{"count":0,"href":"https:\/\/www.rougier-electro.fr\/fr\/wp-json\/wp\/v2\/pages\/12\/revisions"}],"wp:attachment":[{"href":"https:\/\/www.rougier-electro.fr\/fr\/wp-json\/wp\/v2\/media?parent=12"}],"curies":[{"name":"wp","href":"https:\/\/api.w.org\/{rel}","templated":true}]}}