{"id":1700,"date":"2020-01-25T18:06:55","date_gmt":"2020-01-25T17:06:55","guid":{"rendered":"https:\/\/www.rougier-electro.fr\/savoir-faire-transfert-de-courant-electrique\/"},"modified":"2020-08-26T15:56:19","modified_gmt":"2020-08-26T13:56:19","slug":"experiencia-en-la-transmision-de-corriente-electrica","status":"publish","type":"page","link":"https:\/\/www.rougier-electro.fr\/es\/experiencia-en-la-transmision-de-corriente-electrica\/","title":{"rendered":"Nuestra destreza y experiencia"},"content":{"rendered":"<h1>\n<p>Nuestra experiencia<\/p>\n<\/h1>\n<div>\n<p><strong>Con m\u00e1s de 90 a\u00f1os de experiencia en la transmisi\u00f3n de corriente el\u00e9ctrica de una parte fija a una parte m\u00f3vil<\/strong>, ROUGIER Electrom\u00e9canique ha desarrollado en cada una de sus gamas de fabricaci\u00f3n unos productos est\u00e1ndar que responden r\u00e1pidamente a sus necesidades y, al mismo tiempo, da vida a dichos productos, sirvi\u00e9ndose de las nuevas tecnolog\u00edas y materiales, con el fin de ofrecer siempre el mejor producto al mejor precio.<\/p>\n<p>Nuestra amplia experiencia y nuestra destreza nos permiten responder a las solicitudes de piezas prototipo, de fabricaci\u00f3n a medida y de reparaci\u00f3n, as\u00ed como de producci\u00f3n de series medianas y grandes.<\/p>\n<\/div>\n<div>\n<p>Con un servicio comercial dotado de una gran capacidad de respuesta y vinculada a un experimentado centro de estudios y a un equipo de producci\u00f3n din\u00e1mico, ROUGIER Electrom\u00e9canique le <strong>propondr\u00e1 las soluciones que necesita<\/strong>.<\/p>\n<p>No importa si su proyecto consiste en reparar o fabricar de forma id\u00e9ntica sistemas ya existentes, en modificar o garantizar la fiabilidad de instalaciones, o en ayudarle a dise\u00f1ar y desarrollar sus nuevos productos.<\/p>\n<p>Nuestro amplio conocimiento del \u00e1mbito industrial, combinado con nuestra estructura, con unas dimensiones humanas, nos ha permitido mantener una capacidad de reacci\u00f3n que garantice el cumplimiento de los plazos de producci\u00f3n sin que los costes se disparen.<\/p>\n<\/div>\n<div>\n<h3>Servicios de producci\u00f3n<\/h3>\n<div>\n<ul>\n<li>Un centro de estudios (2D\/3D)<\/li>\n<li>Stock de materias primas<\/li>\n<li>Stock de productos acabados<\/li>\n<li>Taller de escobillas de grafito\/portaescobillas<\/li>\n<li>Taller de colectores de anillos\/delgas y conectores el\u00e9ctricos rotativos<\/li>\n<li>Taller de fabricaci\u00f3n de sistemas de manutenci\u00f3n<\/li>\n<\/ul>\n<p style=\"text-align: center;\"><strong>Cada unidad de producci\u00f3n cuenta con sistemas de control adaptados.<\/strong><\/p>\n<\/div>\n<\/div>\n<p><!-- {\"children\":[{\"type\":\"section\",\"props\":{\"style\":\"default\",\"width\":\"large\",\"vertical_align\":\"middle\",\"title_position\":\"top-left\",\"title_rotation\":\"left\",\"title_breakpoint\":\"xl\",\"image_position\":\"center-center\",\"text_color\":\"light\",\"width_expand\":\"\",\"height\":\"\",\"padding\":\"large\",\"header_transparent\":\"\",\"animation\":\"fade\",\"image\":\"wp-content\\\/uploads\\\/cover-collecteur-electrique-tournant.jpg\",\"image_size\":\"cover\",\"image_effect\":\"parallax\",\"image_parallax_breakpoint\":\"\",\"image_visibility\":\"\",\"video_width\":\"\",\"video_height\":\"\",\"media_blend_mode\":\"\",\"image_parallax_bgy_start\":\"-100\",\"image_parallax_bgy_end\":\"100\",\"media_overlay\":\"rgba(0, 0, 0, 0.52)\",\"animation_delay\":true},\"children\":[{\"type\":\"row\",\"props\":{\"layout\":\"1-1\",\"breakpoint\":\"m\",\"fixed_width\":\"large\",\"column_gap\":\"\",\"row_gap\":\"\",\"width\":\"\",\"width_expand\":\"\",\"height\":\"\",\"margin\":\"remove-vertical\"},\"children\":[{\"type\":\"column\",\"props\":{\"image_position\":\"center-center\",\"media_overlay_gradient\":\"\",\"vertical_align\":\"\",\"style\":\"\",\"text_color\":\"\",\"padding\":\"\"},\"children\":[{\"type\":\"headline\",\"props\":{\"title_element\":\"h1\",\"title_style\":\"heading-small\",\"title_decoration\":\"\",\"title_font_family\":\"\",\"title_color\":\"\",\"position\":\"\",\"position_z_index\":\"\",\"margin\":\"\",\"maxwidth\":\"\",\"maxwidth_breakpoint\":\"\",\"block_align\":\"\",\"block_align_breakpoint\":\"\",\"block_align_fallback\":\"\",\"text_align\":\"center\",\"text_align_breakpoint\":\"\",\"text_align_fallback\":\"\",\"animation\":\"\",\"visibility\":\"\",\"content\":\"\n\n<p>Nuestra experiencia<\\\/p>\"},\"name\":\"Headline H1\"}]}]}],\"name\":\"Entete\"},{\"type\":\"section\",\"props\":{\"style\":\"default\",\"width\":\"large\",\"vertical_align\":\"middle\",\"title_position\":\"top-left\",\"title_rotation\":\"left\",\"title_breakpoint\":\"xl\",\"image_position\":\"center-center\",\"text_color\":\"\",\"width_expand\":\"\",\"height\":\"\",\"padding\":\"\",\"header_transparent\":\"\",\"animation\":\"fade\",\"animation_delay\":true},\"children\":[{\"type\":\"row\",\"props\":{\"layout\":\"2-3,1-3\",\"breakpoint\":\"m\",\"fixed_width\":\"large\",\"column_gap\":\"large\",\"row_gap\":\"\",\"width\":\"\",\"width_expand\":\"\",\"height\":\"\",\"margin\":\"\"},\"children\":[{\"type\":\"column\",\"props\":{\"image_position\":\"center-center\",\"media_overlay_gradient\":\"\",\"vertical_align\":\"\",\"style\":\"\",\"text_color\":\"\",\"padding\":\"\"},\"children\":[{\"type\":\"text\",\"props\":{\"margin\":\"default\",\"column_breakpoint\":\"m\",\"text_style\":\"\",\"text_color\":\"\",\"text_size\":\"\",\"column\":\"\",\"position\":\"\",\"position_z_index\":\"\",\"maxwidth\":\"\",\"maxwidth_breakpoint\":\"\",\"block_align\":\"\",\"block_align_breakpoint\":\"\",\"block_align_fallback\":\"\",\"text_align\":\"\",\"text_align_breakpoint\":\"\",\"text_align_fallback\":\"\",\"animation\":\"\",\"visibility\":\"\",\"content\":\"\n\n<p><strong>Con m\\u00e1s de 90 a\\u00f1os de experiencia en la transmisi\\u00f3n de corriente el\\u00e9ctrica de una parte fija a una parte m\\u00f3vil<\\\/strong>, ROUGIER Electrom\\u00e9canique ha desarrollado en cada una de sus gamas de fabricaci\\u00f3n unos productos est\\u00e1ndar que responden r\\u00e1pidamente a sus necesidades y, al mismo tiempo, da vida a dichos productos, sirvi\\u00e9ndose de las nuevas tecnolog\\u00edas y materiales, con el fin de ofrecer siempre el mejor producto al mejor precio.<\\\/p>\\n\n\n<p>Nuestra amplia experiencia y nuestra destreza nos permiten responder a las solicitudes de piezas prototipo, de fabricaci\\u00f3n a medida y de reparaci\\u00f3n, as\\u00ed como de producci\\u00f3n de series medianas y grandes.<\\\/p>\"}},{\"type\":\"text\",\"props\":{\"margin\":\"default\",\"column_breakpoint\":\"m\",\"text_style\":\"\",\"text_color\":\"\",\"text_size\":\"\",\"column\":\"\",\"position\":\"\",\"position_z_index\":\"\",\"maxwidth\":\"\",\"maxwidth_breakpoint\":\"\",\"block_align\":\"\",\"block_align_breakpoint\":\"\",\"block_align_fallback\":\"\",\"text_align\":\"\",\"text_align_breakpoint\":\"\",\"text_align_fallback\":\"\",\"animation\":\"\",\"visibility\":\"\",\"content\":\"\n\n<p>Con un servicio comercial dotado de una gran capacidad de respuesta y vinculada a un experimentado centro de estudios y a un equipo de producci\\u00f3n din\\u00e1mico, ROUGIER Electrom\\u00e9canique le <strong>propondr\\u00e1 las soluciones que necesita<\\\/strong>.<\\\/p>\\n\n\n<p>No importa si su proyecto consiste en reparar o fabricar de forma id\\u00e9ntica sistemas ya existentes, en modificar o garantizar la fiabilidad de instalaciones, o en ayudarle a dise\\u00f1ar y desarrollar sus nuevos productos.<\\\/p>\\n\n\n<p>Nuestro amplio conocimiento del \\u00e1mbito industrial, combinado con nuestra estructura, con unas dimensiones humanas, nos ha permitido mantener una capacidad de reacci\\u00f3n que garantice el cumplimiento de los plazos de producci\\u00f3n sin que los costes se disparen.<\\\/p>\"}}]},{\"type\":\"column\",\"props\":{\"image_position\":\"center-center\",\"media_overlay_gradient\":\"\",\"vertical_align\":\"\",\"style\":\"\",\"text_color\":\"\",\"padding\":\"\"},\"children\":[{\"type\":\"panel\",\"props\":{\"link_text\":\"Read more\",\"title_hover_style\":\"reset\",\"title_element\":\"h3\",\"title_align\":\"top\",\"title_grid_width\":\"1-2\",\"title_grid_breakpoint\":\"m\",\"meta_style\":\"meta\",\"meta_align\":\"below-title\",\"icon_ratio\":4,\"image_align\":\"top\",\"image_grid_width\":\"1-2\",\"image_grid_breakpoint\":\"m\",\"image_svg_color\":\"emphasis\",\"link_style\":\"default\",\"margin\":\"default\",\"panel_style\":\"card-default\",\"panel_content_padding\":\"\",\"panel_size\":\"\",\"title_style\":\"h5\",\"title_decoration\":\"\",\"title_font_family\":\"\",\"title_color\":\"\",\"title_grid_column_gap\":\"\",\"title_grid_row_gap\":\"\",\"title_margin\":\"\",\"meta_color\":\"\",\"meta_margin\":\"\",\"content_style\":\"\",\"content_margin\":\"\",\"image_transition\":\"\",\"image_border\":\"\",\"image_box_shadow\":\"\",\"image_hover_box_shadow\":\"\",\"image_box_decoration\":\"\",\"icon_color\":\"\",\"image_grid_column_gap\":\"\",\"image_grid_row_gap\":\"\",\"image_margin\":\"\",\"link_size\":\"\",\"link_margin\":\"\",\"position\":\"\",\"position_z_index\":\"\",\"maxwidth\":\"\",\"maxwidth_breakpoint\":\"\",\"block_align\":\"\",\"block_align_breakpoint\":\"\",\"block_align_fallback\":\"\",\"text_align\":\"\",\"text_align_breakpoint\":\"\",\"text_align_fallback\":\"\",\"animation\":\"slide-top-medium\",\"visibility\":\"\",\"title\":\"Servicios de producci\\u00f3n\",\"content\":\"\n\n<ul>\\n\n\n<li>Un centro de estudios (2D\\\/3D)<\\\/li>\\n\n\n<li>Stock de materias primas<\\\/li>\\n\n\n<li>Stock de productos acabados<\\\/li>\\n\n\n<li>Taller de escobillas de grafito\\\/portaescobillas<\\\/li>\\n\n\n<li>Taller de colectores de anillos\\\/delgas y conectores el\\u00e9ctricos rotativos<\\\/li>\\n\n\n<li>Taller de fabricaci\\u00f3n de sistemas de manutenci\\u00f3n<\\\/li>\\n<\\\/ul>\\n\n\n<p style=\\\"text-align: center;\\\"><strong>Cada unidad de producci\\u00f3n cuenta con sistemas de control adaptados.<\\\/strong><\\\/p>\"}}]}]}],\"name\":\"\"}],\"version\":\"2.0.14\",\"type\":\"layout\",\"props\":[]} --><\/p>\n","protected":false},"excerpt":{"rendered":"<p>Nuestra experiencia Con m\u00e1s de 90 a\u00f1os de experiencia en la transmisi\u00f3n de corriente el\u00e9ctrica de una parte fija a una parte m\u00f3vil, ROUGIER Electrom\u00e9canique ha desarrollado en cada una de sus gamas de fabricaci\u00f3n unos productos est\u00e1ndar que responden r\u00e1pidamente a sus necesidades y, al mismo tiempo, da vida a dichos productos, sirvi\u00e9ndose de [&hellip;]<\/p>\n","protected":false},"author":1,"featured_media":0,"parent":0,"menu_order":0,"comment_status":"closed","ping_status":"closed","template":"","meta":{"footnotes":""},"class_list":["post-1700","page","type-page","status-publish","hentry"],"aioseo_notices":[],"_links":{"self":[{"href":"https:\/\/www.rougier-electro.fr\/es\/wp-json\/wp\/v2\/pages\/1700","targetHints":{"allow":["GET"]}}],"collection":[{"href":"https:\/\/www.rougier-electro.fr\/es\/wp-json\/wp\/v2\/pages"}],"about":[{"href":"https:\/\/www.rougier-electro.fr\/es\/wp-json\/wp\/v2\/types\/page"}],"author":[{"embeddable":true,"href":"https:\/\/www.rougier-electro.fr\/es\/wp-json\/wp\/v2\/users\/1"}],"replies":[{"embeddable":true,"href":"https:\/\/www.rougier-electro.fr\/es\/wp-json\/wp\/v2\/comments?post=1700"}],"version-history":[{"count":0,"href":"https:\/\/www.rougier-electro.fr\/es\/wp-json\/wp\/v2\/pages\/1700\/revisions"}],"wp:attachment":[{"href":"https:\/\/www.rougier-electro.fr\/es\/wp-json\/wp\/v2\/media?parent=1700"}],"curies":[{"name":"wp","href":"https:\/\/api.w.org\/{rel}","templated":true}]}}