{"id":1694,"date":"2020-02-28T10:37:32","date_gmt":"2020-02-28T09:37:32","guid":{"rendered":"https:\/\/www.rougier-electro.fr\/produits\/fabrication-pieces-detachees-pour-moteurs-electriques\/"},"modified":"2020-08-28T11:46:25","modified_gmt":"2020-08-28T09:46:25","slug":"fabricante-de-piezas-de-recambio-para-motores-electricos","status":"publish","type":"page","link":"https:\/\/www.rougier-electro.fr\/es\/productos\/fabricante-de-piezas-de-recambio-para-motores-electricos\/","title":{"rendered":"Piezas de recambio"},"content":{"rendered":"<h1>\n<p>Piezas de recambio para motores el\u00e9ctricos<\/p>\n<\/h1>\n<div>\n<p>ROUGIER Electrom\u00e9canique lleva casi <strong>100 a\u00f1os trabajando junto con las principales firmas de reparaci\u00f3n de motores el\u00e9ctricos<\/strong>, ya sean rebobinados o servicios de mantenimiento industrial. La <strong>calidad y la fiabilidad reconocidas de nuestras escobillas de carbono, portacarbones, colectores de anillo o de delgas<\/strong> son la base de las relaciones duraderas que hemos entablado con nuestros clientes.<\/p>\n<\/div>\n<ul>\n<li>\n<p>        <img decoding=\"async\" src=\"https:\/\/www.rougier-electro.fr\/wp-content\/uploads\/pieces-detachees-moteurs-electriques-condensateurs-moteur-electrique.jpg\" alt=\"Condensadores para motor el\u00e9ctrico\"><\/p>\n<h2>Condensadores para motor el\u00e9ctrico<\/h2>\n<p>Condensadores para motor el\u00e9ctrico<\/p>\n<\/li>\n<li>\n<p>        <img decoding=\"async\" src=\"https:\/\/www.rougier-electro.fr\/wp-content\/uploads\/pieces-detachees-moteurs-electriques-plaque-a-bornes-moteur2.jpg\" alt=\"Placas de bornes para motor\"><\/p>\n<h2>Placas de bornes para motor<\/h2>\n<p>Placas de bornes para motor<\/p>\n<\/li>\n<li>\n<p>        <img decoding=\"async\" src=\"https:\/\/www.rougier-electro.fr\/wp-content\/uploads\/pieces-detachees-moteurs-electriques-couvercles-plaques-a-bornes.jpg\" alt=\"Tapas de placas de bornes\"><\/p>\n<h2>Tapas de placas de bornes<\/h2>\n<p>Tapas de placas de bornes<\/p>\n<\/li>\n<li>\n<p>        <img decoding=\"async\" src=\"https:\/\/www.rougier-electro.fr\/wp-content\/uploads\/pieces-detachees-moteurs-electriques-enrouleur-de-cables-a-rappel-automatique.jpg\" alt=\"Enrollador de cable con sistema autom\u00e1tico de recogida\"><\/p>\n<h2>Enrollador de cable con sistema autom\u00e1tico de recogida<\/h2>\n<p>Enrollador de cable con sistema autom\u00e1tico de recogida<\/p>\n<\/li>\n<li>\n<p>        <img decoding=\"async\" src=\"https:\/\/www.rougier-electro.fr\/wp-content\/uploads\/pieces-detachees-moteurs-electriques-isolateurs-electriques.jpg\" alt=\"Aislantes el\u00e9ctricos\"><\/p>\n<h2>Aislantes el\u00e9ctricos<\/h2>\n<p>Aislantes el\u00e9ctricos<\/p>\n<\/li>\n<li>\n<p>        <img decoding=\"async\" src=\"https:\/\/www.rougier-electro.fr\/wp-content\/uploads\/pieces-detachees-moteurs-electriques-ventilateurs-moteurs-electriques.jpg\" alt=\"Ventiladores para motores el\u00e9ctricos\"><\/p>\n<h2>Ventiladores para motores el\u00e9ctricos<\/h2>\n<p>Ventiladores para motores el\u00e9ctricos<\/p>\n<\/li>\n<\/ul>\n<div>\n<p>Sin embargo, tambi\u00e9n hemos sabido adaptarnos a un tipo de relaci\u00f3n m\u00e1s simple. Por esta raz\u00f3n, tambi\u00e9n comercializamos una <strong>amplia gama de piezas de recambio para motores el\u00e9ctricos como, por ejemplo, placas de bornes para motores y sus accesorios, condensadores de arranque y permanentes, ventiladores de motores o los cubreventiladores<\/strong>.<\/p>\n<p>Adem\u00e1s, puesto que en nuestro stock contamos con determinados productos para nuestras propias necesidades de producci\u00f3n, como flejes de zunchado, barnices antiflash o de impregnaci\u00f3n, cubiertas aislantes de silicona acr\u00edlicas y termorretr\u00e1ctiles, cables de doble aislamiento de alta temperatura y ovillos de cables de cobre sin recubrimiento, hemos decidido incluirlos en nuestro cat\u00e1logo para cubrir todav\u00eda m\u00e1s sus necesidades en lo que se refiere a accesorios de mantenimiento para sus motores el\u00e9ctricos.<\/p>\n<p>No dude en consultarnos si necesita componentes electr\u00f3nicos potentes como diodos, puentes de diodos, tiristores o enrolladores autom\u00e1ticos de cables.<\/p>\n<p>Tambi\u00e9n ofrecemos una <strong>amplia gama de aislantes de tipo barril o tipo falda de resina de poli\u00e9ster cargada<\/strong>, que aguanta temperaturas de hasta 180\u00a0\u00baC en permanencia y que podr\u00e1 encontrar en nuestro cat\u00e1logo. Si desea una resistencia a temperaturas superiores, p\u00f3ngase en contacto con nosotros.<\/p>\n<\/div>\n<p>\n    <a href=\"https:\/\/www.rougier-electro.fr\/es\/contacto-con-un-especialista-de-transmision-de-corriente-electrica-para-motores-electricos\">Contacto<\/a>\n<\/p>\n<div>\n<p>    <img decoding=\"async\" src=\"https:\/\/www.rougier-electro.fr\/wp-content\/uploads\/catalogue-pieces-detachees-moteur-electrique.jpg\" alt=\"catalogue des accessoires pour moteur \u00e9lectrique\"><\/p>\n<h3>Descargar el documento<\/h3>\n<div>\n<p>Cat\u00e1logo de nuestros accesorios para motores el\u00e9ctricos<\/p>\n<\/div>\n<p><a href=\"https:\/\/www.rougier-electro.fr\/wp-content\/uploads\/catalogue-pieces-detachees-moteur-electrique.pdf\"><\/a><\/p>\n<\/div>\n<div>\n<blockquote>\n<p>ROUGIER Electrom\u00e9canique queda a su disposici\u00f3n para todas sus solicitudes de accesorios para motores el\u00e9ctricos, adaptados a sus necesidades buscando siempre conseguir la mejor relaci\u00f3n calidad\/precio.<\/p>\n<\/blockquote>\n<\/div>\n<p><!-- {\"name\":\"20200228 produit-page\",\"type\":\"layout\",\"children\":[{\"type\":\"section\",\"props\":{\"style\":\"default\",\"width\":\"large\",\"vertical_align\":\"middle\",\"title_position\":\"top-left\",\"title_rotation\":\"left\",\"title_breakpoint\":\"xl\",\"image_position\":\"center-center\",\"text_color\":\"light\",\"width_expand\":\"\",\"height\":\"\",\"padding\":\"large\",\"header_transparent\":\"\",\"animation\":\"fade\",\"image\":\"wp-content\\\/uploads\\\/cover-collecteur-electrique-tournant.jpg\",\"image_size\":\"cover\",\"image_effect\":\"parallax\",\"image_parallax_breakpoint\":\"\",\"image_visibility\":\"\",\"video_width\":\"\",\"video_height\":\"\",\"media_blend_mode\":\"\",\"image_parallax_bgy_start\":\"-100\",\"image_parallax_bgy_end\":\"100\",\"media_overlay\":\"rgba(0, 0, 0, 0.52)\",\"animation_delay\":true},\"children\":[{\"type\":\"row\",\"props\":{\"layout\":\"1-1\",\"breakpoint\":\"m\",\"fixed_width\":\"large\",\"column_gap\":\"\",\"row_gap\":\"\",\"width\":\"\",\"width_expand\":\"\",\"height\":\"\",\"margin\":\"remove-vertical\"},\"children\":[{\"type\":\"column\",\"props\":{\"image_position\":\"center-center\",\"media_overlay_gradient\":\"\",\"vertical_align\":\"\",\"style\":\"\",\"text_color\":\"\",\"padding\":\"\"},\"children\":[{\"type\":\"headline\",\"props\":{\"title_element\":\"h1\",\"title_style\":\"heading-small\",\"title_decoration\":\"\",\"title_font_family\":\"\",\"title_color\":\"\",\"position\":\"\",\"position_z_index\":\"\",\"margin\":\"\",\"maxwidth\":\"\",\"maxwidth_breakpoint\":\"\",\"block_align\":\"\",\"block_align_breakpoint\":\"\",\"block_align_fallback\":\"\",\"text_align\":\"center\",\"text_align_breakpoint\":\"\",\"text_align_fallback\":\"\",\"animation\":\"\",\"visibility\":\"\",\"content\":\"\n\n<p>Piezas de recambio para motores el\\u00e9ctricos<\\\/p>\"},\"name\":\"Headline H1\"}]}]}],\"name\":\"Entete\"},{\"type\":\"section\",\"props\":{\"style\":\"default\",\"width\":\"large\",\"vertical_align\":\"middle\",\"title_position\":\"top-left\",\"title_rotation\":\"left\",\"title_breakpoint\":\"xl\",\"image_position\":\"center-center\",\"text_color\":\"\",\"width_expand\":\"\",\"height\":\"\",\"padding\":\"\",\"header_transparent\":\"\",\"animation\":\"\",\"padding_remove_bottom\":true},\"children\":[{\"type\":\"row\",\"props\":{\"layout\":\"1-1\",\"breakpoint\":\"m\",\"fixed_width\":\"large\",\"column_gap\":\"\",\"row_gap\":\"\",\"width\":\"\",\"width_expand\":\"\",\"height\":\"\",\"margin\":\"\"},\"children\":[{\"type\":\"column\",\"props\":{\"image_position\":\"center-center\",\"media_overlay_gradient\":\"\",\"vertical_align\":\"\",\"style\":\"\",\"text_color\":\"\",\"padding\":\"\"},\"children\":[{\"type\":\"breadcrumbs\",\"props\":{\"show_home\":true,\"show_current\":true,\"position\":\"\",\"position_z_index\":\"\",\"margin\":\"\",\"text_align\":\"\",\"text_align_breakpoint\":\"\",\"text_align_fallback\":\"\",\"animation\":\"\",\"visibility\":\"\"}}]}]}],\"name\":\"\"},{\"type\":\"section\",\"props\":{\"style\":\"default\",\"width\":\"large\",\"vertical_align\":\"middle\",\"title_position\":\"top-left\",\"title_rotation\":\"left\",\"title_breakpoint\":\"xl\",\"image_position\":\"center-center\",\"text_color\":\"\",\"width_expand\":\"\",\"height\":\"\",\"padding\":\"\",\"header_transparent\":\"\",\"animation\":\"fade\",\"animation_delay\":true},\"children\":[{\"type\":\"row\",\"props\":{\"layout\":\"2-3,1-3\",\"breakpoint\":\"m\",\"fixed_width\":\"large\",\"column_gap\":\"large\",\"row_gap\":\"\",\"width\":\"\",\"width_expand\":\"\",\"height\":\"\",\"margin\":\"\"},\"children\":[{\"type\":\"column\",\"props\":{\"image_position\":\"center-center\",\"media_overlay_gradient\":\"\",\"vertical_align\":\"\",\"style\":\"\",\"text_color\":\"\",\"padding\":\"\"},\"children\":[{\"type\":\"text\",\"props\":{\"margin\":\"default\",\"column_breakpoint\":\"m\",\"text_style\":\"\",\"text_color\":\"\",\"text_size\":\"\",\"column\":\"\",\"position\":\"\",\"position_z_index\":\"\",\"maxwidth\":\"\",\"maxwidth_breakpoint\":\"\",\"block_align\":\"\",\"block_align_breakpoint\":\"\",\"block_align_fallback\":\"\",\"text_align\":\"\",\"text_align_breakpoint\":\"\",\"text_align_fallback\":\"\",\"animation\":\"slide-left-medium\",\"visibility\":\"\",\"content\":\"\n\n<p>ROUGIER Electrom\\u00e9canique lleva casi <strong>100 a\\u00f1os trabajando junto con las principales firmas de reparaci\\u00f3n de motores el\\u00e9ctricos<\\\/strong>, ya sean rebobinados o servicios de mantenimiento industrial. La <strong>calidad y la fiabilidad reconocidas de nuestras escobillas de carbono, portacarbones, colectores de anillo o de delgas<\\\/strong> son la base de las relaciones duraderas que hemos entablado con nuestros clientes.<\\\/p>\"}},{\"type\":\"slideshow\",\"props\":{\"show_title\":false,\"show_meta\":true,\"show_content\":true,\"show_link\":false,\"show_thumbnail\":true,\"slideshow_min_height\":\"\",\"slideshow_autoplay_pause\":true,\"nav\":\"thumbnav\",\"nav_position\":\"bottom-center\",\"nav_position_margin\":\"medium\",\"nav_align\":\"center\",\"nav_breakpoint\":\"s\",\"thumbnav_width\":\"75\",\"thumbnav_height\":\"50\",\"thumbnav_svg_color\":\"emphasis\",\"slidenav\":\"default\",\"slidenav_margin\":\"medium\",\"slidenav_breakpoint\":\"s\",\"slidenav_outside_breakpoint\":\"xl\",\"overlay_position\":\"bottom\",\"overlay_animation\":\"scale-up\",\"title_element\":\"h2\",\"meta_style\":\"meta\",\"meta_align\":\"below-title\",\"link_text\":\"Read more\",\"link_style\":\"default\",\"margin\":\"default\",\"slideshow_height\":\"\",\"text_color\":\"light\",\"slideshow_box_shadow\":\"small\",\"slideshow_box_decoration\":\"\",\"slideshow_animation\":\"fade\",\"slideshow_kenburns\":\"\",\"nav_margin\":\"\",\"nav_color\":\"\",\"slidenav_outside_color\":\"\",\"overlay_container\":\"\",\"overlay_container_padding\":\"xsmall\",\"overlay_margin\":\"none\",\"overlay_style\":\"overlay-default\",\"overlay_padding\":\"small\",\"overlay_width\":\"medium\",\"title_style\":\"h6\",\"title_decoration\":\"\",\"title_font_family\":\"\",\"title_color\":\"primary\",\"title_margin\":\"\",\"meta_color\":\"\",\"meta_margin\":\"\",\"content_style\":\"\",\"content_margin\":\"\",\"link_size\":\"\",\"link_margin\":\"\",\"position\":\"\",\"position_z_index\":\"\",\"maxwidth\":\"xlarge\",\"maxwidth_breakpoint\":\"\",\"block_align\":\"center\",\"block_align_breakpoint\":\"\",\"block_align_fallback\":\"\",\"text_align\":\"center\",\"text_align_breakpoint\":\"\",\"text_align_fallback\":\"\",\"animation\":\"\",\"visibility\":\"\",\"slideshow_autoplay\":true,\"nav_below\":true,\"slidenav_large\":true,\"slideshow_autoplay_interval\":\"3\",\"slideshow_max_height\":\"\"},\"children\":[{\"type\":\"slideshow_item\",\"props\":{\"title\":\"Condensadores para motor el\\u00e9ctrico\",\"image\":\"wp-content\\\/uploads\\\/pieces-detachees-moteurs-electriques-condensateurs-moteur-electrique.jpg\",\"text_color\":\"\",\"image_alt\":\"Condensadores para motor el\\u00e9ctrico\",\"content\":\"\",\"meta\":\"Condensadores para motor el\\u00e9ctrico\"}},{\"type\":\"slideshow_item\",\"props\":{\"title\":\"Placas de bornes para motor\",\"image\":\"wp-content\\\/uploads\\\/pieces-detachees-moteurs-electriques-plaque-a-bornes-moteur2.jpg\",\"text_color\":\"\",\"image_alt\":\"Placas de bornes para motor\",\"content\":\"\",\"meta\":\"Placas de bornes para motor\"}},{\"type\":\"slideshow_item\",\"props\":{\"title\":\"Tapas de placas de bornes\",\"image\":\"wp-content\\\/uploads\\\/pieces-detachees-moteurs-electriques-couvercles-plaques-a-bornes.jpg\",\"text_color\":\"\",\"image_alt\":\"Tapas de placas de bornes\",\"content\":\"\",\"meta\":\"Tapas de placas de bornes\"}},{\"type\":\"slideshow_item\",\"props\":{\"title\":\"Enrollador de cable con sistema autom\\u00e1tico de recogida\",\"image\":\"wp-content\\\/uploads\\\/pieces-detachees-moteurs-electriques-enrouleur-de-cables-a-rappel-automatique.jpg\",\"text_color\":\"\",\"image_alt\":\"Enrollador de cable con sistema autom\\u00e1tico de recogida\",\"content\":\"\",\"meta\":\"Enrollador de cable con sistema autom\\u00e1tico de recogida\"}},{\"type\":\"slideshow_item\",\"props\":{\"title\":\"Aislantes el\\u00e9ctricos\",\"image\":\"wp-content\\\/uploads\\\/pieces-detachees-moteurs-electriques-isolateurs-electriques.jpg\",\"text_color\":\"\",\"image_alt\":\"Aislantes el\\u00e9ctricos\",\"content\":\"\",\"meta\":\"Aislantes el\\u00e9ctricos\"}},{\"type\":\"slideshow_item\",\"props\":{\"title\":\"Ventiladores para motores el\\u00e9ctricos\",\"image\":\"wp-content\\\/uploads\\\/pieces-detachees-moteurs-electriques-ventilateurs-moteurs-electriques.jpg\",\"text_color\":\"\",\"image_alt\":\"Ventiladores para motores el\\u00e9ctricos\",\"content\":\"\",\"meta\":\"Ventiladores para motores el\\u00e9ctricos\"}}]},{\"type\":\"text\",\"props\":{\"margin\":\"default\",\"column_breakpoint\":\"m\",\"text_style\":\"\",\"text_color\":\"\",\"text_size\":\"\",\"column\":\"\",\"position\":\"\",\"position_z_index\":\"\",\"maxwidth\":\"\",\"maxwidth_breakpoint\":\"\",\"block_align\":\"\",\"block_align_breakpoint\":\"\",\"block_align_fallback\":\"\",\"text_align\":\"\",\"text_align_breakpoint\":\"\",\"text_align_fallback\":\"\",\"animation\":\"slide-left-medium\",\"visibility\":\"\",\"content\":\"\n\n<p>Sin embargo, tambi\\u00e9n hemos sabido adaptarnos a un tipo de relaci\\u00f3n m\\u00e1s simple. Por esta raz\\u00f3n, tambi\\u00e9n comercializamos una <strong>amplia gama de piezas de recambio para motores el\\u00e9ctricos como, por ejemplo, placas de bornes para motores y sus accesorios, condensadores de arranque y permanentes, ventiladores de motores o los cubreventiladores<\\\/strong>.<\\\/p>\\n\n\n<p>Adem\\u00e1s, puesto que en nuestro stock contamos con determinados productos para nuestras propias necesidades de producci\\u00f3n, como flejes de zunchado, barnices antiflash o de impregnaci\\u00f3n, cubiertas aislantes de silicona acr\\u00edlicas y termorretr\\u00e1ctiles, cables de doble aislamiento de alta temperatura y ovillos de cables de cobre sin recubrimiento, hemos decidido incluirlos en nuestro cat\\u00e1logo para cubrir todav\\u00eda m\\u00e1s sus necesidades en lo que se refiere a accesorios de mantenimiento para sus motores el\\u00e9ctricos.<\\\/p>\\n\n\n<p>No dude en consultarnos si necesita componentes electr\\u00f3nicos potentes como diodos, puentes de diodos, tiristores o enrolladores autom\\u00e1ticos de cables.<\\\/p>\\n\n\n<p>Tambi\\u00e9n ofrecemos una <strong>amplia gama de aislantes de tipo barril o tipo falda de resina de poli\\u00e9ster cargada<\\\/strong>, que aguanta temperaturas de hasta 180\\u00a0\\u00baC en permanencia y que podr\\u00e1 encontrar en nuestro cat\\u00e1logo. Si desea una resistencia a temperaturas superiores, p\\u00f3ngase en contacto con nosotros.<\\\/p>\"}},{\"type\":\"button\",\"props\":{\"grid_column_gap\":\"small\",\"grid_row_gap\":\"small\",\"margin\":\"large\",\"button_size\":\"large\",\"position\":\"\",\"position_z_index\":\"\",\"maxwidth\":\"\",\"maxwidth_breakpoint\":\"\",\"block_align\":\"\",\"block_align_breakpoint\":\"\",\"block_align_fallback\":\"\",\"text_align\":\"center\",\"text_align_breakpoint\":\"\",\"text_align_fallback\":\"\",\"animation\":\"scale-up\",\"visibility\":\"\"},\"children\":[{\"type\":\"button_item\",\"props\":{\"button_style\":\"secondary\",\"icon_align\":\"left\",\"link_target\":\"\",\"content\":\"Contacto\",\"icon\":\"forward\",\"link\":\"es\\\/contacto-con-un-especialista-de-transmision-de-corriente-electrica-para-motores-electricos\\\/\"}}]}]},{\"type\":\"column\",\"props\":{\"image_position\":\"center-center\",\"media_overlay_gradient\":\"\",\"vertical_align\":\"\",\"style\":\"\",\"text_color\":\"\",\"padding\":\"\"},\"children\":[{\"type\":\"grid\",\"props\":{\"show_title\":true,\"show_meta\":true,\"show_content\":true,\"show_image\":true,\"show_link\":true,\"grid_default\":\"1\",\"grid_medium\":\"\",\"filter_style\":\"tab\",\"filter_all\":true,\"filter_position\":\"top\",\"filter_align\":\"left\",\"filter_grid_width\":\"auto\",\"filter_grid_breakpoint\":\"m\",\"title_hover_style\":\"reset\",\"title_element\":\"h3\",\"title_align\":\"top\",\"title_grid_width\":\"1-2\",\"title_grid_breakpoint\":\"m\",\"meta_style\":\"meta\",\"meta_align\":\"below-title\",\"icon_ratio\":4,\"image_align\":\"bottom\",\"image_grid_width\":\"1-2\",\"image_grid_breakpoint\":\"m\",\"image_svg_color\":\"emphasis\",\"link_text\":\"\",\"link_style\":\"default\",\"margin\":\"default\",\"item_animation\":\"slide-right-medium\",\"grid_column_gap\":\"\",\"grid_row_gap\":\"\",\"grid_small\":\"\",\"grid_large\":\"\",\"grid_xlarge\":\"\",\"filter_margin\":\"\",\"filter_grid_column_gap\":\"\",\"filter_grid_row_gap\":\"\",\"title_display\":\"\",\"content_display\":\"\",\"panel_style\":\"card-secondary\",\"panel_content_padding\":\"\",\"panel_size\":\"\",\"item_maxwidth\":\"\",\"title_style\":\"h5\",\"title_decoration\":\"divider\",\"title_font_family\":\"\",\"title_color\":\"\",\"title_grid_column_gap\":\"\",\"title_grid_row_gap\":\"\",\"title_margin\":\"\",\"meta_color\":\"\",\"meta_margin\":\"\",\"content_style\":\"\",\"content_margin\":\"\",\"image_transition\":\"scale-up\",\"image_border\":\"\",\"image_box_shadow\":\"\",\"image_hover_box_shadow\":\"\",\"image_box_decoration\":\"\",\"icon_color\":\"\",\"image_grid_column_gap\":\"\",\"image_grid_row_gap\":\"\",\"image_margin\":\"\",\"link_size\":\"\",\"link_margin\":\"\",\"position\":\"\",\"position_z_index\":\"\",\"maxwidth\":\"\",\"maxwidth_breakpoint\":\"\",\"block_align\":\"\",\"block_align_breakpoint\":\"\",\"block_align_fallback\":\"\",\"text_align\":\"center\",\"text_align_breakpoint\":\"\",\"text_align_fallback\":\"\",\"visibility\":\"\",\"lightbox\":false,\"link_target\":true,\"image_width\":\"200\",\"title_link\":true,\"image_link\":true,\"panel_content_width\":\"\"},\"children\":[{\"type\":\"grid_item\",\"props\":{\"title\":\"Descargar el documento\",\"image\":\"wp-content\\\/uploads\\\/catalogue-pieces-detachees-moteur-electrique.jpg\",\"link\":\"wp-content\\\/uploads\\\/catalogue-pieces-detachees-moteur-electrique.pdf\",\"image_alt\":\"catalogue des accessoires pour moteur \\u00e9lectrique\",\"content\":\"\n\n<p>Cat\\u00e1logo de nuestros accesorios para motores el\\u00e9ctricos<\\\/p>\"}}]}]}]}]},{\"type\":\"section\",\"props\":{\"style\":\"default\",\"width\":\"large\",\"vertical_align\":\"middle\",\"title_position\":\"top-left\",\"title_rotation\":\"left\",\"title_breakpoint\":\"xl\",\"image_position\":\"center-center\",\"text_color\":\"\",\"width_expand\":\"\",\"height\":\"\",\"padding\":\"\",\"header_transparent\":\"\",\"animation\":\"scale-up\",\"animation_delay\":false},\"children\":[{\"type\":\"row\",\"props\":{\"layout\":\"1-1\",\"breakpoint\":\"m\",\"fixed_width\":\"large\",\"column_gap\":\"\",\"row_gap\":\"\",\"width\":\"large\",\"width_expand\":\"\",\"height\":\"\",\"margin\":\"\"},\"children\":[{\"type\":\"column\",\"props\":{\"image_position\":\"center-center\",\"media_overlay_gradient\":\"\",\"vertical_align\":\"\",\"style\":\"\",\"text_color\":\"\",\"padding\":\"\"},\"children\":[{\"type\":\"headline\",\"props\":{\"title_element\":\"div\",\"title_style\":\"\",\"title_decoration\":\"\",\"title_font_family\":\"tertiary\",\"title_color\":\"\",\"position\":\"\",\"position_z_index\":\"\",\"margin\":\"\",\"maxwidth\":\"xxlarge\",\"maxwidth_breakpoint\":\"\",\"block_align\":\"center\",\"block_align_breakpoint\":\"\",\"block_align_fallback\":\"\",\"text_align\":\"center\",\"text_align_breakpoint\":\"\",\"text_align_fallback\":\"\",\"animation\":\"\",\"visibility\":\"\",\"content\":\"\n\n<blockquote>\\n\n\n<p>ROUGIER Electrom\\u00e9canique queda a su disposici\\u00f3n para todas sus solicitudes de accesorios para motores el\\u00e9ctricos, adaptados a sus necesidades buscando siempre conseguir la mejor relaci\\u00f3n calidad\\\/precio.<\\\/p>\\n<\\\/blockquote>\"}}]}]}]}],\"version\":\"2.0.14\",\"props\":[]} --><\/p>\n","protected":false},"excerpt":{"rendered":"<p>Piezas de recambio para motores el\u00e9ctricos ROUGIER Electrom\u00e9canique lleva casi 100 a\u00f1os trabajando junto con las principales firmas de reparaci\u00f3n de motores el\u00e9ctricos, ya sean rebobinados o servicios de mantenimiento industrial. La calidad y la fiabilidad reconocidas de nuestras escobillas de carbono, portacarbones, colectores de anillo o de delgas son la base de las relaciones [&hellip;]<\/p>\n","protected":false},"author":1,"featured_media":0,"parent":1670,"menu_order":8,"comment_status":"closed","ping_status":"closed","template":"","meta":{"footnotes":""},"class_list":["post-1694","page","type-page","status-publish","hentry"],"aioseo_notices":[],"_links":{"self":[{"href":"https:\/\/www.rougier-electro.fr\/es\/wp-json\/wp\/v2\/pages\/1694","targetHints":{"allow":["GET"]}}],"collection":[{"href":"https:\/\/www.rougier-electro.fr\/es\/wp-json\/wp\/v2\/pages"}],"about":[{"href":"https:\/\/www.rougier-electro.fr\/es\/wp-json\/wp\/v2\/types\/page"}],"author":[{"embeddable":true,"href":"https:\/\/www.rougier-electro.fr\/es\/wp-json\/wp\/v2\/users\/1"}],"replies":[{"embeddable":true,"href":"https:\/\/www.rougier-electro.fr\/es\/wp-json\/wp\/v2\/comments?post=1694"}],"version-history":[{"count":0,"href":"https:\/\/www.rougier-electro.fr\/es\/wp-json\/wp\/v2\/pages\/1694\/revisions"}],"up":[{"embeddable":true,"href":"https:\/\/www.rougier-electro.fr\/es\/wp-json\/wp\/v2\/pages\/1670"}],"wp:attachment":[{"href":"https:\/\/www.rougier-electro.fr\/es\/wp-json\/wp\/v2\/media?parent=1694"}],"curies":[{"name":"wp","href":"https:\/\/api.w.org\/{rel}","templated":true}]}}