{"id":1691,"date":"2020-02-28T10:19:02","date_gmt":"2020-02-28T09:19:02","guid":{"rendered":"https:\/\/www.rougier-electro.fr\/produits\/fabrication-systemes-alimentation-electrique-par-electrophorese\/"},"modified":"2020-08-28T11:45:31","modified_gmt":"2020-08-28T09:45:31","slug":"fabricante-de-sistemas-de-alimentacion-electrica-por-electroforesis","status":"publish","type":"page","link":"https:\/\/www.rougier-electro.fr\/es\/productos\/fabricante-de-sistemas-de-alimentacion-electrica-por-electroforesis\/","title":{"rendered":"Sistemas de alimentaci\u00f3n el\u00e9ctrica por electroforesis"},"content":{"rendered":"<h1>\n<p>Cataforesis<\/p>\n<\/h1>\n<h2>\n<p>Dise\u00f1o, fabricaci\u00f3n y reparaci\u00f3n de sistemas<br \/>de alimentaci\u00f3n el\u00e9ctrica para electroforesis<\/p>\n<\/h2>\n<div>\n<p>ROUGIER Electrom\u00e9canique lleva m\u00e1s de 40 a\u00f1os trabajando junto con las principales empresas del sector de la manutenci\u00f3n para desarrollar <strong>sistemas de alimentaci\u00f3n el\u00e9ctrica destinados a unidades de tratamiento de superficies por electroforesis<\/strong>.<\/p>\n<\/div>\n<ul>\n<li>\n<p>        <img decoding=\"async\" src=\"https:\/\/www.rougier-electro.fr\/wp-content\/uploads\/cataphorese-capteurs-de-courant-rougier.jpg\" alt=\"Tomas de corriente Rougier\"><\/p>\n<h2>Tomas de corriente Rougier<\/h2>\n<p>Tomas de corriente Rougier<\/p>\n<\/li>\n<li>\n<p>        <img decoding=\"async\" src=\"https:\/\/www.rougier-electro.fr\/wp-content\/uploads\/cataphorese-ligne-alimentation-cataphorese-complete.jpg\" alt=\"L\u00ednea de alimentaci\u00f3n de cataforesis completa\"><\/p>\n<h2>L\u00ednea de alimentaci\u00f3n de cataforesis completa<\/h2>\n<p>L\u00ednea de alimentaci\u00f3n de cataforesis completa<\/p>\n<\/li>\n<li>\n<p>        <img decoding=\"async\" src=\"https:\/\/www.rougier-electro.fr\/wp-content\/uploads\/cataphorese-main-aimant.jpg\" alt=\"Mano im\u00e1n\"><\/p>\n<h2>Mano im\u00e1n<\/h2>\n<p>Mano im\u00e1n<\/p>\n<\/li>\n<li>\n<p>        <img decoding=\"async\" src=\"https:\/\/www.rougier-electro.fr\/wp-content\/uploads\/cataphorese-preneur-de-courant.jpg\" alt=\"Tomador de corriente\"><\/p>\n<h2>Tomador de corriente<\/h2>\n<p>Tomador de corriente<\/p>\n<\/li>\n<li>\n<p>        <img decoding=\"async\" src=\"https:\/\/www.rougier-electro.fr\/wp-content\/uploads\/cataphorese-rail-alimentation-cataphorese.jpg\" alt=\"Riel de alimentaci\u00f3n con cataforesis\"><\/p>\n<h2>Riel de alimentaci\u00f3n con cataforesis<\/h2>\n<p>Riel de alimentaci\u00f3n con cataforesis<\/p>\n<\/li>\n<\/ul>\n<div>\n<p>Junto con l\u00edderes mundiales de la manutenci\u00f3n como DURR SYSTEMS, GEICO, EISENMANN, FATA, JERVIS WEBB, TAYKISHA, CINETIC, entre otros, hemos estudiado, desarrollado y producido sistemas que responden a las exigencias, cada vez mayores, de nuestros socios, garantizando al mismo tiempo un mantenimiento r\u00e1pido y una gran destreza en nuestros cerca de 70 logros.<\/p>\n<p>Esta inversi\u00f3n permanente nos ha permitido estar <strong>presentes en los cinco continentes para unos 15 fabricantes<\/strong>.<\/p>\n<p>Dependiendo de su instalaci\u00f3n, podremos ofrecerle los elementos que componen la cadena de electrificado de los ba\u00f1os de pintura, donde encontramos: los rieles de alimentaci\u00f3n de cobre o las lanzaderas, los tomadores de corriente con frotadores cargados de grafito, los sistemas de puesta en tensi\u00f3n de los trineos, como las llamadas manos im\u00e1n o los sistemas de contacto con garras de cobre. Nuestra entrega incluye tambi\u00e9n toda pieza de recambio necesaria para el montado y el mantenimiento de esas instalaciones, a saber: las gu\u00edas de introducci\u00f3n, los aisladores de suspensi\u00f3n, las eclisas aislantes con o sin pletina de frotamiento, los rangos de alimentaci\u00f3n el\u00e9ctrica, los shunts de conexi\u00f3n de trenza extraflexible, los aislantes de alta temperatura, etc.<\/p>\n<p>Estas t\u00e9cnicas no se emplean exclusivamente para la protecci\u00f3n de veh\u00edculos, sino que tambi\u00e9n podemos encontrar el principio de<strong> ba\u00f1o de pintura por cataforesis<\/strong> en diferentes \u00e1mbitos industriales como el tratamiento de superficies, los fabricantes de equipos para autom\u00f3viles, as\u00ed como para la protecci\u00f3n de piezas como las carcasas de electrodom\u00e9sticos o armarios el\u00e9ctricos.<\/p>\n<p>Ya sea para llevar a cabo una nueva instalaci\u00f3n, para garantizar la fiabilidad de una instalaci\u00f3n existente o para evaluar un problema recurrente, no dude en ponerse en contacto con nosotros. Haremos todo lo posible para ofrecerle toda nuestra habilidad en ese \u00e1mbito.<\/p>\n<\/div>\n<p>\n    <a href=\"https:\/\/www.rougier-electro.fr\/es\/contacto-con-un-especialista-de-transmision-de-corriente-electrica-para-motores-electricos\">Contacto<\/a>\n<\/p>\n<div>\n<p>    <img decoding=\"async\" src=\"https:\/\/www.rougier-electro.fr\/wp-content\/uploads\/catalogue-electrophorese.jpg\" alt=\"catalogue sur le principe et composition d'une ligne d'\u00e9lectrification de cataphor\u00e8se\"><\/p>\n<h3>Descargar el documento<\/h3>\n<div>\n<p><span class=\"tlid-translation translation\" lang=\"es\"><span class=\"\" title=\"\">Ficha sobre el principio y composici\u00f3n de una l\u00ednea de electrificaci\u00f3n por cataforesis<\/span><\/span><\/p>\n<\/div>\n<p><a href=\"https:\/\/www.rougier-electro.fr\/wp-content\/uploads\/catalogue-electrophorese.pdf\"><\/a><\/p>\n<\/div>\n<div>\n<blockquote>\n<p>ROUGIER Electrom\u00e9canique le brindar\u00e1 todo su soporte t\u00e9cnico para el estudio, dise\u00f1o y producci\u00f3n de los sistemas de alimentaci\u00f3n para unidades de tratamiento superficial de electroforesis adaptados a sus necesidades, buscando siempre lograr la mejor relaci\u00f3n calidad\/precio.<\/p>\n<\/blockquote>\n<\/div>\n<p><!-- {\"name\":\"20200228 produit-page\",\"type\":\"layout\",\"children\":[{\"type\":\"section\",\"props\":{\"style\":\"default\",\"width\":\"large\",\"vertical_align\":\"middle\",\"title_position\":\"top-left\",\"title_rotation\":\"left\",\"title_breakpoint\":\"xl\",\"image_position\":\"center-center\",\"text_color\":\"light\",\"width_expand\":\"\",\"height\":\"\",\"padding\":\"large\",\"header_transparent\":\"\",\"animation\":\"fade\",\"image\":\"wp-content\\\/uploads\\\/cover-collecteur-electrique-tournant.jpg\",\"image_size\":\"cover\",\"image_effect\":\"parallax\",\"image_parallax_breakpoint\":\"\",\"image_visibility\":\"\",\"video_width\":\"\",\"video_height\":\"\",\"media_blend_mode\":\"\",\"image_parallax_bgy_start\":\"-100\",\"image_parallax_bgy_end\":\"100\",\"media_overlay\":\"rgba(0, 0, 0, 0.52)\",\"animation_delay\":true},\"children\":[{\"type\":\"row\",\"props\":{\"layout\":\"1-1\",\"breakpoint\":\"m\",\"fixed_width\":\"large\",\"column_gap\":\"\",\"row_gap\":\"\",\"width\":\"\",\"width_expand\":\"\",\"height\":\"\",\"margin\":\"remove-vertical\"},\"children\":[{\"type\":\"column\",\"props\":{\"image_position\":\"center-center\",\"media_overlay_gradient\":\"\",\"vertical_align\":\"\",\"style\":\"\",\"text_color\":\"\",\"padding\":\"\"},\"children\":[{\"type\":\"headline\",\"props\":{\"title_element\":\"h1\",\"title_style\":\"heading-small\",\"title_decoration\":\"\",\"title_font_family\":\"\",\"title_color\":\"\",\"position\":\"\",\"position_z_index\":\"\",\"margin\":\"\",\"maxwidth\":\"\",\"maxwidth_breakpoint\":\"\",\"block_align\":\"\",\"block_align_breakpoint\":\"\",\"block_align_fallback\":\"\",\"text_align\":\"center\",\"text_align_breakpoint\":\"\",\"text_align_fallback\":\"\",\"animation\":\"\",\"visibility\":\"\",\"content\":\"\n\n<p>Cataforesis<\\\/p>\"},\"name\":\"Headline H1\"}]}]}],\"name\":\"Entete\"},{\"type\":\"section\",\"props\":{\"style\":\"default\",\"width\":\"large\",\"vertical_align\":\"middle\",\"title_position\":\"top-left\",\"title_rotation\":\"left\",\"title_breakpoint\":\"xl\",\"image_position\":\"center-center\",\"text_color\":\"\",\"width_expand\":\"\",\"height\":\"\",\"padding\":\"\",\"header_transparent\":\"\",\"animation\":\"\",\"padding_remove_bottom\":true},\"children\":[{\"type\":\"row\",\"props\":{\"layout\":\"1-1\",\"breakpoint\":\"m\",\"fixed_width\":\"large\",\"column_gap\":\"\",\"row_gap\":\"\",\"width\":\"\",\"width_expand\":\"\",\"height\":\"\",\"margin\":\"\"},\"children\":[{\"type\":\"column\",\"props\":{\"image_position\":\"center-center\",\"media_overlay_gradient\":\"\",\"vertical_align\":\"\",\"style\":\"\",\"text_color\":\"\",\"padding\":\"\"},\"children\":[{\"type\":\"breadcrumbs\",\"props\":{\"show_home\":true,\"show_current\":true,\"position\":\"\",\"position_z_index\":\"\",\"margin\":\"\",\"text_align\":\"\",\"text_align_breakpoint\":\"\",\"text_align_fallback\":\"\",\"animation\":\"\",\"visibility\":\"\"}}]}]}],\"name\":\"\"},{\"type\":\"section\",\"props\":{\"style\":\"default\",\"width\":\"large\",\"vertical_align\":\"middle\",\"title_position\":\"top-left\",\"title_rotation\":\"left\",\"title_breakpoint\":\"xl\",\"image_position\":\"center-center\",\"text_color\":\"\",\"width_expand\":\"\",\"height\":\"\",\"padding\":\"\",\"header_transparent\":\"\",\"animation\":\"\"},\"children\":[{\"type\":\"row\",\"props\":{\"layout\":\"1-1\",\"breakpoint\":\"m\",\"fixed_width\":\"large\",\"column_gap\":\"\",\"row_gap\":\"\",\"width\":\"\",\"width_expand\":\"\",\"height\":\"\",\"margin\":\"\"},\"children\":[{\"type\":\"column\",\"props\":{\"image_position\":\"center-center\",\"media_overlay_gradient\":\"\",\"vertical_align\":\"\",\"style\":\"\",\"text_color\":\"\",\"padding\":\"\"},\"children\":[{\"type\":\"headline\",\"props\":{\"title_element\":\"h2\",\"title_style\":\"h2\",\"title_decoration\":\"\",\"title_font_family\":\"\",\"title_color\":\"\",\"position\":\"\",\"position_z_index\":\"\",\"margin\":\"\",\"maxwidth\":\"\",\"maxwidth_breakpoint\":\"\",\"block_align\":\"\",\"block_align_breakpoint\":\"\",\"block_align_fallback\":\"\",\"text_align\":\"center\",\"text_align_breakpoint\":\"\",\"text_align_fallback\":\"\",\"animation\":\"\",\"visibility\":\"\",\"content\":\"\n\n<p>Dise\\u00f1o, fabricaci\\u00f3n y reparaci\\u00f3n de sistemas<br \\\/>de alimentaci\\u00f3n el\\u00e9ctrica para electroforesis<\\\/p>\"},\"name\":\"Headline H2\"}]}]}]},{\"type\":\"section\",\"props\":{\"style\":\"default\",\"width\":\"large\",\"vertical_align\":\"middle\",\"title_position\":\"top-left\",\"title_rotation\":\"left\",\"title_breakpoint\":\"xl\",\"image_position\":\"center-center\",\"text_color\":\"\",\"width_expand\":\"\",\"height\":\"\",\"padding\":\"\",\"header_transparent\":\"\",\"animation\":\"fade\",\"animation_delay\":true},\"children\":[{\"type\":\"row\",\"props\":{\"layout\":\"2-3,1-3\",\"breakpoint\":\"m\",\"fixed_width\":\"large\",\"column_gap\":\"large\",\"row_gap\":\"\",\"width\":\"\",\"width_expand\":\"\",\"height\":\"\",\"margin\":\"\"},\"children\":[{\"type\":\"column\",\"props\":{\"image_position\":\"center-center\",\"media_overlay_gradient\":\"\",\"vertical_align\":\"\",\"style\":\"\",\"text_color\":\"\",\"padding\":\"\"},\"children\":[{\"type\":\"text\",\"props\":{\"margin\":\"default\",\"column_breakpoint\":\"m\",\"text_style\":\"\",\"text_color\":\"\",\"text_size\":\"\",\"column\":\"\",\"position\":\"\",\"position_z_index\":\"\",\"maxwidth\":\"\",\"maxwidth_breakpoint\":\"\",\"block_align\":\"\",\"block_align_breakpoint\":\"\",\"block_align_fallback\":\"\",\"text_align\":\"\",\"text_align_breakpoint\":\"\",\"text_align_fallback\":\"\",\"animation\":\"slide-left-medium\",\"visibility\":\"\",\"content\":\"\n\n<p>ROUGIER Electrom\\u00e9canique lleva m\\u00e1s de 40 a\\u00f1os trabajando junto con las principales empresas del sector de la manutenci\\u00f3n para desarrollar <strong>sistemas de alimentaci\\u00f3n el\\u00e9ctrica destinados a unidades de tratamiento de superficies por electroforesis<\\\/strong>.<\\\/p>\"}},{\"type\":\"slideshow\",\"props\":{\"show_title\":false,\"show_meta\":true,\"show_content\":true,\"show_link\":false,\"show_thumbnail\":true,\"slideshow_min_height\":\"\",\"slideshow_autoplay_pause\":true,\"nav\":\"thumbnav\",\"nav_position\":\"bottom-center\",\"nav_position_margin\":\"medium\",\"nav_align\":\"center\",\"nav_breakpoint\":\"s\",\"thumbnav_width\":\"75\",\"thumbnav_height\":\"50\",\"thumbnav_svg_color\":\"emphasis\",\"slidenav\":\"default\",\"slidenav_margin\":\"medium\",\"slidenav_breakpoint\":\"s\",\"slidenav_outside_breakpoint\":\"xl\",\"overlay_position\":\"bottom\",\"overlay_animation\":\"scale-up\",\"title_element\":\"h2\",\"meta_style\":\"meta\",\"meta_align\":\"below-title\",\"link_text\":\"Read more\",\"link_style\":\"default\",\"margin\":\"default\",\"slideshow_height\":\"\",\"text_color\":\"light\",\"slideshow_box_shadow\":\"small\",\"slideshow_box_decoration\":\"\",\"slideshow_animation\":\"fade\",\"slideshow_kenburns\":\"\",\"nav_margin\":\"\",\"nav_color\":\"\",\"slidenav_outside_color\":\"\",\"overlay_container\":\"\",\"overlay_container_padding\":\"xsmall\",\"overlay_margin\":\"none\",\"overlay_style\":\"overlay-default\",\"overlay_padding\":\"small\",\"overlay_width\":\"medium\",\"title_style\":\"h6\",\"title_decoration\":\"\",\"title_font_family\":\"\",\"title_color\":\"primary\",\"title_margin\":\"\",\"meta_color\":\"\",\"meta_margin\":\"\",\"content_style\":\"\",\"content_margin\":\"\",\"link_size\":\"\",\"link_margin\":\"\",\"position\":\"\",\"position_z_index\":\"\",\"maxwidth\":\"xlarge\",\"maxwidth_breakpoint\":\"\",\"block_align\":\"center\",\"block_align_breakpoint\":\"\",\"block_align_fallback\":\"\",\"text_align\":\"center\",\"text_align_breakpoint\":\"\",\"text_align_fallback\":\"\",\"animation\":\"\",\"visibility\":\"\",\"slideshow_autoplay\":true,\"nav_below\":true,\"slidenav_large\":true,\"slideshow_autoplay_interval\":\"3\",\"slideshow_max_height\":\"\"},\"children\":[{\"type\":\"slideshow_item\",\"props\":{\"title\":\"Tomas de corriente Rougier\",\"image\":\"wp-content\\\/uploads\\\/cataphorese-capteurs-de-courant-rougier.jpg\",\"text_color\":\"\",\"image_alt\":\"Tomas de corriente Rougier\",\"content\":\"\",\"meta\":\"Tomas de corriente Rougier\"}},{\"type\":\"slideshow_item\",\"props\":{\"title\":\"L\\u00ednea de alimentaci\\u00f3n de cataforesis completa\",\"image\":\"wp-content\\\/uploads\\\/cataphorese-ligne-alimentation-cataphorese-complete.jpg\",\"text_color\":\"\",\"image_alt\":\"L\\u00ednea de alimentaci\\u00f3n de cataforesis completa\",\"content\":\"\",\"meta\":\"L\\u00ednea de alimentaci\\u00f3n de cataforesis completa\"}},{\"type\":\"slideshow_item\",\"props\":{\"title\":\"Mano im\\u00e1n\",\"image\":\"wp-content\\\/uploads\\\/cataphorese-main-aimant.jpg\",\"text_color\":\"\",\"image_alt\":\"Mano im\\u00e1n\",\"content\":\"\",\"meta\":\"Mano im\\u00e1n\"}},{\"type\":\"slideshow_item\",\"props\":{\"title\":\"Tomador de corriente\",\"image\":\"wp-content\\\/uploads\\\/cataphorese-preneur-de-courant.jpg\",\"text_color\":\"\",\"image_alt\":\"Tomador de corriente\",\"content\":\"\",\"meta\":\"Tomador de corriente\"}},{\"type\":\"slideshow_item\",\"props\":{\"title\":\"Riel de alimentaci\\u00f3n con cataforesis\",\"image\":\"wp-content\\\/uploads\\\/cataphorese-rail-alimentation-cataphorese.jpg\",\"text_color\":\"\",\"image_alt\":\"Riel de alimentaci\\u00f3n con cataforesis\",\"content\":\"\",\"meta\":\"Riel de alimentaci\\u00f3n con cataforesis\"}}]},{\"type\":\"text\",\"props\":{\"margin\":\"default\",\"column_breakpoint\":\"m\",\"text_style\":\"\",\"text_color\":\"\",\"text_size\":\"\",\"column\":\"\",\"position\":\"\",\"position_z_index\":\"\",\"maxwidth\":\"\",\"maxwidth_breakpoint\":\"\",\"block_align\":\"\",\"block_align_breakpoint\":\"\",\"block_align_fallback\":\"\",\"text_align\":\"\",\"text_align_breakpoint\":\"\",\"text_align_fallback\":\"\",\"animation\":\"slide-left-medium\",\"visibility\":\"\",\"content\":\"\n\n<p>Junto con l\\u00edderes mundiales de la manutenci\\u00f3n como DURR SYSTEMS, GEICO, EISENMANN, FATA, JERVIS WEBB, TAYKISHA, CINETIC, entre otros, hemos estudiado, desarrollado y producido sistemas que responden a las exigencias, cada vez mayores, de nuestros socios, garantizando al mismo tiempo un mantenimiento r\\u00e1pido y una gran destreza en nuestros cerca de 70 logros.<\\\/p>\\n\n\n<p>Esta inversi\\u00f3n permanente nos ha permitido estar <strong>presentes en los cinco continentes para unos 15 fabricantes<\\\/strong>.<\\\/p>\\n\n\n<p>Dependiendo de su instalaci\\u00f3n, podremos ofrecerle los elementos que componen la cadena de electrificado de los ba\\u00f1os de pintura, donde encontramos: los rieles de alimentaci\\u00f3n de cobre o las lanzaderas, los tomadores de corriente con frotadores cargados de grafito, los sistemas de puesta en tensi\\u00f3n de los trineos, como las llamadas manos im\\u00e1n o los sistemas de contacto con garras de cobre. Nuestra entrega incluye tambi\\u00e9n toda pieza de recambio necesaria para el montado y el mantenimiento de esas instalaciones, a saber: las gu\\u00edas de introducci\\u00f3n, los aisladores de suspensi\\u00f3n, las eclisas aislantes con o sin pletina de frotamiento, los rangos de alimentaci\\u00f3n el\\u00e9ctrica, los shunts de conexi\\u00f3n de trenza extraflexible, los aislantes de alta temperatura, etc.<\\\/p>\\n\n\n<p>Estas t\\u00e9cnicas no se emplean exclusivamente para la protecci\\u00f3n de veh\\u00edculos, sino que tambi\\u00e9n podemos encontrar el principio de<strong> ba\\u00f1o de pintura por cataforesis<\\\/strong> en diferentes \\u00e1mbitos industriales como el tratamiento de superficies, los fabricantes de equipos para autom\\u00f3viles, as\\u00ed como para la protecci\\u00f3n de piezas como las carcasas de electrodom\\u00e9sticos o armarios el\\u00e9ctricos.<\\\/p>\\n\n\n<p>Ya sea para llevar a cabo una nueva instalaci\\u00f3n, para garantizar la fiabilidad de una instalaci\\u00f3n existente o para evaluar un problema recurrente, no dude en ponerse en contacto con nosotros. Haremos todo lo posible para ofrecerle toda nuestra habilidad en ese \\u00e1mbito.<\\\/p>\"}},{\"type\":\"button\",\"props\":{\"grid_column_gap\":\"small\",\"grid_row_gap\":\"small\",\"margin\":\"large\",\"button_size\":\"large\",\"position\":\"\",\"position_z_index\":\"\",\"maxwidth\":\"\",\"maxwidth_breakpoint\":\"\",\"block_align\":\"\",\"block_align_breakpoint\":\"\",\"block_align_fallback\":\"\",\"text_align\":\"center\",\"text_align_breakpoint\":\"\",\"text_align_fallback\":\"\",\"animation\":\"scale-up\",\"visibility\":\"\"},\"children\":[{\"type\":\"button_item\",\"props\":{\"button_style\":\"secondary\",\"icon_align\":\"left\",\"link_target\":\"\",\"content\":\"Contacto\",\"icon\":\"forward\",\"link\":\"es\\\/contacto-con-un-especialista-de-transmision-de-corriente-electrica-para-motores-electricos\\\/\"}}]}]},{\"type\":\"column\",\"props\":{\"image_position\":\"center-center\",\"media_overlay_gradient\":\"\",\"vertical_align\":\"\",\"style\":\"\",\"text_color\":\"\",\"padding\":\"\"},\"children\":[{\"type\":\"grid\",\"props\":{\"show_title\":true,\"show_meta\":true,\"show_content\":true,\"show_image\":true,\"show_link\":true,\"grid_default\":\"1\",\"grid_medium\":\"\",\"filter_style\":\"tab\",\"filter_all\":true,\"filter_position\":\"top\",\"filter_align\":\"left\",\"filter_grid_width\":\"auto\",\"filter_grid_breakpoint\":\"m\",\"title_hover_style\":\"reset\",\"title_element\":\"h3\",\"title_align\":\"top\",\"title_grid_width\":\"1-2\",\"title_grid_breakpoint\":\"m\",\"meta_style\":\"meta\",\"meta_align\":\"below-title\",\"icon_ratio\":4,\"image_align\":\"bottom\",\"image_grid_width\":\"1-2\",\"image_grid_breakpoint\":\"m\",\"image_svg_color\":\"emphasis\",\"link_text\":\"\",\"link_style\":\"default\",\"margin\":\"default\",\"item_animation\":\"slide-right-medium\",\"grid_column_gap\":\"\",\"grid_row_gap\":\"\",\"grid_small\":\"\",\"grid_large\":\"\",\"grid_xlarge\":\"\",\"filter_margin\":\"\",\"filter_grid_column_gap\":\"\",\"filter_grid_row_gap\":\"\",\"title_display\":\"\",\"content_display\":\"\",\"panel_style\":\"card-secondary\",\"panel_content_padding\":\"\",\"panel_size\":\"\",\"item_maxwidth\":\"\",\"title_style\":\"h5\",\"title_decoration\":\"divider\",\"title_font_family\":\"\",\"title_color\":\"\",\"title_grid_column_gap\":\"\",\"title_grid_row_gap\":\"\",\"title_margin\":\"\",\"meta_color\":\"\",\"meta_margin\":\"\",\"content_style\":\"\",\"content_margin\":\"\",\"image_transition\":\"scale-up\",\"image_border\":\"\",\"image_box_shadow\":\"\",\"image_hover_box_shadow\":\"\",\"image_box_decoration\":\"\",\"icon_color\":\"\",\"image_grid_column_gap\":\"\",\"image_grid_row_gap\":\"\",\"image_margin\":\"\",\"link_size\":\"\",\"link_margin\":\"\",\"position\":\"\",\"position_z_index\":\"\",\"maxwidth\":\"\",\"maxwidth_breakpoint\":\"\",\"block_align\":\"\",\"block_align_breakpoint\":\"\",\"block_align_fallback\":\"\",\"text_align\":\"center\",\"text_align_breakpoint\":\"\",\"text_align_fallback\":\"\",\"visibility\":\"\",\"lightbox\":false,\"link_target\":true,\"image_width\":\"200\",\"title_link\":true,\"image_link\":true,\"panel_content_width\":\"\"},\"children\":[{\"type\":\"grid_item\",\"props\":{\"title\":\"Descargar el documento\",\"image\":\"wp-content\\\/uploads\\\/catalogue-electrophorese.jpg\",\"link\":\"wp-content\\\/uploads\\\/catalogue-electrophorese.pdf\",\"image_alt\":\"catalogue sur le principe et composition d'une ligne d'\\u00e9lectrification de cataphor\\u00e8se\",\"content\":\"\n\n<p><span class=\\\"tlid-translation translation\\\" lang=\\\"es\\\"><span class=\\\"\\\" title=\\\"\\\">Ficha sobre el principio y composici\\u00f3n de una l\\u00ednea de electrificaci\\u00f3n por cataforesis<\\\/span><\\\/span><\\\/p>\"}}]}]}]}]},{\"type\":\"section\",\"props\":{\"style\":\"default\",\"width\":\"large\",\"vertical_align\":\"middle\",\"title_position\":\"top-left\",\"title_rotation\":\"left\",\"title_breakpoint\":\"xl\",\"image_position\":\"center-center\",\"text_color\":\"\",\"width_expand\":\"\",\"height\":\"\",\"padding\":\"\",\"header_transparent\":\"\",\"animation\":\"scale-up\",\"animation_delay\":false},\"children\":[{\"type\":\"row\",\"props\":{\"layout\":\"1-1\",\"breakpoint\":\"m\",\"fixed_width\":\"large\",\"column_gap\":\"\",\"row_gap\":\"\",\"width\":\"large\",\"width_expand\":\"\",\"height\":\"\",\"margin\":\"\"},\"children\":[{\"type\":\"column\",\"props\":{\"image_position\":\"center-center\",\"media_overlay_gradient\":\"\",\"vertical_align\":\"\",\"style\":\"\",\"text_color\":\"\",\"padding\":\"\"},\"children\":[{\"type\":\"headline\",\"props\":{\"title_element\":\"div\",\"title_style\":\"\",\"title_decoration\":\"\",\"title_font_family\":\"tertiary\",\"title_color\":\"\",\"position\":\"\",\"position_z_index\":\"\",\"margin\":\"\",\"maxwidth\":\"xxlarge\",\"maxwidth_breakpoint\":\"\",\"block_align\":\"center\",\"block_align_breakpoint\":\"\",\"block_align_fallback\":\"\",\"text_align\":\"center\",\"text_align_breakpoint\":\"\",\"text_align_fallback\":\"\",\"animation\":\"\",\"visibility\":\"\",\"content\":\"\n\n<blockquote>\\n\n\n<p>ROUGIER Electrom\\u00e9canique le brindar\\u00e1 todo su soporte t\\u00e9cnico para el estudio, dise\\u00f1o y producci\\u00f3n de los sistemas de alimentaci\\u00f3n para unidades de tratamiento superficial de electroforesis adaptados a sus necesidades, buscando siempre lograr la mejor relaci\\u00f3n calidad\\\/precio.<\\\/p>\\n<\\\/blockquote>\"}}]}]}]}],\"version\":\"2.0.14\",\"props\":[]} --><\/p>\n","protected":false},"excerpt":{"rendered":"<p>Cataforesis Dise\u00f1o, fabricaci\u00f3n y reparaci\u00f3n de sistemasde alimentaci\u00f3n el\u00e9ctrica para electroforesis ROUGIER Electrom\u00e9canique lleva m\u00e1s de 40 a\u00f1os trabajando junto con las principales empresas del sector de la manutenci\u00f3n para desarrollar sistemas de alimentaci\u00f3n el\u00e9ctrica destinados a unidades de tratamiento de superficies por electroforesis. Tomas de corriente Rougier Tomas de corriente Rougier L\u00ednea de alimentaci\u00f3n [&hellip;]<\/p>\n","protected":false},"author":1,"featured_media":0,"parent":1670,"menu_order":7,"comment_status":"closed","ping_status":"closed","template":"","meta":{"footnotes":""},"class_list":["post-1691","page","type-page","status-publish","hentry"],"aioseo_notices":[],"_links":{"self":[{"href":"https:\/\/www.rougier-electro.fr\/es\/wp-json\/wp\/v2\/pages\/1691","targetHints":{"allow":["GET"]}}],"collection":[{"href":"https:\/\/www.rougier-electro.fr\/es\/wp-json\/wp\/v2\/pages"}],"about":[{"href":"https:\/\/www.rougier-electro.fr\/es\/wp-json\/wp\/v2\/types\/page"}],"author":[{"embeddable":true,"href":"https:\/\/www.rougier-electro.fr\/es\/wp-json\/wp\/v2\/users\/1"}],"replies":[{"embeddable":true,"href":"https:\/\/www.rougier-electro.fr\/es\/wp-json\/wp\/v2\/comments?post=1691"}],"version-history":[{"count":0,"href":"https:\/\/www.rougier-electro.fr\/es\/wp-json\/wp\/v2\/pages\/1691\/revisions"}],"up":[{"embeddable":true,"href":"https:\/\/www.rougier-electro.fr\/es\/wp-json\/wp\/v2\/pages\/1670"}],"wp:attachment":[{"href":"https:\/\/www.rougier-electro.fr\/es\/wp-json\/wp\/v2\/media?parent=1691"}],"curies":[{"name":"wp","href":"https:\/\/api.w.org\/{rel}","templated":true}]}}