{"id":1688,"date":"2020-02-28T10:08:53","date_gmt":"2020-02-28T09:08:53","guid":{"rendered":"https:\/\/www.rougier-electro.fr\/produits\/fabrication-frotteurs-et-capteurs-de-courant\/"},"modified":"2020-08-28T11:44:37","modified_gmt":"2020-08-28T09:44:37","slug":"fabricacion-de-frotadores-y-tomas-de-corriente-para-motores-electricos","status":"publish","type":"page","link":"https:\/\/www.rougier-electro.fr\/es\/productos\/fabricacion-de-frotadores-y-tomas-de-corriente-para-motores-electricos\/","title":{"rendered":"Frotadores y tomas de corriente"},"content":{"rendered":"<h1>Frotadores y tomas de corriente<\/h1>\n<h2>\n<p>Dise\u00f1o, fabricaci\u00f3n y reparaci\u00f3n<br \/>de frotadores y tomas de corriente<\/p>\n<\/h2>\n<div>\n<p>No importa que sea un centro de estudios que busca soluciones t\u00e9cnicas en el \u00e1mbito de las fuentes de alimentaci\u00f3n el\u00e9ctrica m\u00f3viles o que sea un servicio de mantenimiento que se enfrenta a la dificultad que supone encontrar piezas de recambio para sus instalaciones. La sociedad ROUGIER Electrom\u00e9canique es su <strong>interlocutor para la fabricaci\u00f3n de sistemas de contacto el\u00e9ctrico deslizantes<\/strong>.<\/p>\n<\/div>\n<ul>\n<li>\n<p>        <img decoding=\"async\" src=\"https:\/\/www.rougier-electro.fr\/wp-content\/uploads\/frotteurs-et-capteurs-courant-frotteur-double-pour-ligne-souple.jpg\" alt=\"Frotador doble para l\u00ednea flexible\"><\/p>\n<h2>Frotador doble para l\u00ednea flexible<\/h2>\n<p>Frotador doble para l\u00ednea flexible<\/p>\n<\/li>\n<li>\n<p>        <img decoding=\"async\" src=\"https:\/\/www.rougier-electro.fr\/wp-content\/uploads\/frotteurs-et-capteurs-courant-frotteur-en-graphite-cuivre.jpg\" alt=\"Frotador de grafito cobrizado\"><\/p>\n<h2>Frotador de grafito cobrizado<\/h2>\n<p>Frotador de grafito cobrizado<\/p>\n<\/li>\n<li>\n<p>        <img decoding=\"async\" src=\"https:\/\/www.rougier-electro.fr\/wp-content\/uploads\/frotteurs-et-capteurs-courant-frotteur-ferroviaire.jpg\" alt=\"Frotador ferroviario\"><\/p>\n<h2>Frotador ferroviario<\/h2>\n<p>Frotador ferroviario<\/p>\n<\/li>\n<li>\n<p>        <img decoding=\"async\" src=\"https:\/\/www.rougier-electro.fr\/wp-content\/uploads\/frotteurs-et-capteurs-courant-frotteur-graphite-forme-os-a-moelle.jpg\" alt=\"Frotador de grafito negro duro\"><\/p>\n<h2>Frotador de grafito negro duro<\/h2>\n<p>Frotador de grafito negro duro<\/p>\n<\/li>\n<li>\n<p>        <img decoding=\"async\" src=\"https:\/\/www.rougier-electro.fr\/wp-content\/uploads\/frotteurs-et-capteurs-courant-brosse-mise-a-la-terre.jpg\" alt=\"Cepillo para toma de tierra\"><\/p>\n<h2>Cepillo para toma de tierra<\/h2>\n<p>Cepillo para toma de tierra<\/p>\n<\/li>\n<\/ul>\n<div>\n<p>No importa que se trate de frotadores de grafito, bronce o cobre, que vayan en sistemas de alimentaci\u00f3n por ra\u00edles al desnudo, aislados o incluso sobre hilos. No importa que est\u00e9 buscando tomas de corriente montadas sobre brazos, pant\u00f3grafos o con un sistema de pistones. Podemos ofrecerle la soluci\u00f3n que mejor se adapte a sus necesidades o ayudarle a desarrollar sus propias tomas de corriente. Y todo ello en \u00e1mbitos tan variados como los sistemas de alimentaci\u00f3n de gr\u00faas, gr\u00faas puente, transelevadores, la recarga automatizada de bater\u00edas, los sistemas de conexi\u00f3n a tierra para la soldadura en continuo, los cepillos de toma de tierra, los contactos para ascensores o para carritos de mantenimiento, as\u00ed como las piezas de contacto para re\u00f3stato, etc.<\/p>\n<p>Nuestra experiencia, que pronto ser\u00e1 centenaria, nos permite tener una competencia especialmente amplia en este \u00e1mbito, y nuestras capacidades de producci\u00f3n nos brindan la posibilidad de trabajar con piezas sueltas o en masa. Para ello, disponemos de una maquinaria especialmente dedicada al mecanizado de grafitos el\u00e9ctricos o a trabajar los metales.<\/p>\n<p>Para completar nuestra gama de frotadores, tambi\u00e9n disponemos de soluciones de aislamiento como los aislantes de baja o alta temperatura, as\u00ed como de capacidades de mecanizado de materiales compuestos o incluso el moldeo por compresi\u00f3n de piezas m\u00e1s espec\u00edficas.<\/p>\n<p>Aparte de esta gama de fabricaci\u00f3n, tambi\u00e9n le podemos ofrecer fuentes de alimentaci\u00f3n el\u00e9ctrica con gu\u00edas o autorretr\u00e1ctiles, as\u00ed como una gama de rieles de alimentaci\u00f3n con conductores aislados.<\/p>\n<\/div>\n<p>\n    <a href=\"https:\/\/www.rougier-electro.fr\/es\/contacto-con-un-especialista-de-transmision-de-corriente-electrica-para-motores-electricos\">Contacto<\/a>\n<\/p>\n<div>\n<p>    <img decoding=\"async\" src=\"https:\/\/www.rougier-electro.fr\/wp-content\/uploads\/catalogue-frotteurs-capteurs-courant.jpg\" alt=\"catalogue des frotteurs et capteurs de courant\"><\/p>\n<h3>Descargar el documento<\/h3>\n<div>\n<p>Cat\u00e1logo de frotadores y tomas de corriente<\/p>\n<\/div>\n<p><a href=\"https:\/\/www.rougier-electro.fr\/wp-content\/uploads\/catalogue-frotteurs-capteurs-courant.pdf\"><\/a><\/p>\n<\/div>\n<div>\n<blockquote>\n<p>ROUGIER Electrom\u00e9canique le brindar\u00e1 todo su apoyo t\u00e9cnico para estudiar, dise\u00f1ar y fabricar de frotadores y tomas de corriente que se adapte a sus necesidades buscando siempre la mejor relaci\u00f3n calidad\/precio.<\/p>\n<\/blockquote>\n<\/div>\n<p><!-- {\"name\":\"20200228 produit-page\",\"type\":\"layout\",\"children\":[{\"type\":\"section\",\"props\":{\"style\":\"default\",\"width\":\"large\",\"vertical_align\":\"middle\",\"title_position\":\"top-left\",\"title_rotation\":\"left\",\"title_breakpoint\":\"xl\",\"image_position\":\"center-center\",\"text_color\":\"light\",\"width_expand\":\"\",\"height\":\"\",\"padding\":\"large\",\"header_transparent\":\"\",\"animation\":\"fade\",\"image\":\"wp-content\\\/uploads\\\/cover-collecteur-electrique-tournant.jpg\",\"image_size\":\"cover\",\"image_effect\":\"parallax\",\"image_parallax_breakpoint\":\"\",\"image_visibility\":\"\",\"video_width\":\"\",\"video_height\":\"\",\"media_blend_mode\":\"\",\"image_parallax_bgy_start\":\"-100\",\"image_parallax_bgy_end\":\"100\",\"media_overlay\":\"rgba(0, 0, 0, 0.52)\",\"animation_delay\":true},\"children\":[{\"type\":\"row\",\"props\":{\"layout\":\"1-1\",\"breakpoint\":\"m\",\"fixed_width\":\"large\",\"column_gap\":\"\",\"row_gap\":\"\",\"width\":\"\",\"width_expand\":\"\",\"height\":\"\",\"margin\":\"remove-vertical\"},\"children\":[{\"type\":\"column\",\"props\":{\"image_position\":\"center-center\",\"media_overlay_gradient\":\"\",\"vertical_align\":\"\",\"style\":\"\",\"text_color\":\"\",\"padding\":\"\"},\"children\":[{\"type\":\"headline\",\"props\":{\"title_element\":\"h1\",\"title_style\":\"heading-small\",\"title_decoration\":\"\",\"title_font_family\":\"\",\"title_color\":\"\",\"position\":\"\",\"position_z_index\":\"\",\"margin\":\"\",\"maxwidth\":\"\",\"maxwidth_breakpoint\":\"\",\"block_align\":\"\",\"block_align_breakpoint\":\"\",\"block_align_fallback\":\"\",\"text_align\":\"center\",\"text_align_breakpoint\":\"\",\"text_align_fallback\":\"\",\"animation\":\"\",\"visibility\":\"\",\"content\":\"Frotadores y tomas de corriente\"},\"name\":\"Headline H1\"}]}]}],\"name\":\"Entete\"},{\"type\":\"section\",\"props\":{\"style\":\"default\",\"width\":\"large\",\"vertical_align\":\"middle\",\"title_position\":\"top-left\",\"title_rotation\":\"left\",\"title_breakpoint\":\"xl\",\"image_position\":\"center-center\",\"text_color\":\"\",\"width_expand\":\"\",\"height\":\"\",\"padding\":\"\",\"header_transparent\":\"\",\"animation\":\"\",\"padding_remove_bottom\":true},\"children\":[{\"type\":\"row\",\"props\":{\"layout\":\"1-1\",\"breakpoint\":\"m\",\"fixed_width\":\"large\",\"column_gap\":\"\",\"row_gap\":\"\",\"width\":\"\",\"width_expand\":\"\",\"height\":\"\",\"margin\":\"\"},\"children\":[{\"type\":\"column\",\"props\":{\"image_position\":\"center-center\",\"media_overlay_gradient\":\"\",\"vertical_align\":\"\",\"style\":\"\",\"text_color\":\"\",\"padding\":\"\"},\"children\":[{\"type\":\"breadcrumbs\",\"props\":{\"show_home\":true,\"show_current\":true,\"position\":\"\",\"position_z_index\":\"\",\"margin\":\"\",\"text_align\":\"\",\"text_align_breakpoint\":\"\",\"text_align_fallback\":\"\",\"animation\":\"\",\"visibility\":\"\"}}]}]}],\"name\":\"\"},{\"type\":\"section\",\"props\":{\"style\":\"default\",\"width\":\"large\",\"vertical_align\":\"middle\",\"title_position\":\"top-left\",\"title_rotation\":\"left\",\"title_breakpoint\":\"xl\",\"image_position\":\"center-center\",\"text_color\":\"\",\"width_expand\":\"\",\"height\":\"\",\"padding\":\"\",\"header_transparent\":\"\",\"animation\":\"\"},\"children\":[{\"type\":\"row\",\"props\":{\"layout\":\"1-1\",\"breakpoint\":\"m\",\"fixed_width\":\"large\",\"column_gap\":\"\",\"row_gap\":\"\",\"width\":\"\",\"width_expand\":\"\",\"height\":\"\",\"margin\":\"\"},\"children\":[{\"type\":\"column\",\"props\":{\"image_position\":\"center-center\",\"media_overlay_gradient\":\"\",\"vertical_align\":\"\",\"style\":\"\",\"text_color\":\"\",\"padding\":\"\"},\"children\":[{\"type\":\"headline\",\"props\":{\"title_element\":\"h2\",\"title_style\":\"h2\",\"title_decoration\":\"\",\"title_font_family\":\"\",\"title_color\":\"\",\"position\":\"\",\"position_z_index\":\"\",\"margin\":\"\",\"maxwidth\":\"\",\"maxwidth_breakpoint\":\"\",\"block_align\":\"\",\"block_align_breakpoint\":\"\",\"block_align_fallback\":\"\",\"text_align\":\"center\",\"text_align_breakpoint\":\"\",\"text_align_fallback\":\"\",\"animation\":\"\",\"visibility\":\"\",\"content\":\"\n\n<p>Dise\\u00f1o, fabricaci\\u00f3n y reparaci\\u00f3n<br \\\/>de frotadores y tomas de corriente<\\\/p>\"},\"name\":\"Headline H2\"}]}]}]},{\"type\":\"section\",\"props\":{\"style\":\"default\",\"width\":\"large\",\"vertical_align\":\"middle\",\"title_position\":\"top-left\",\"title_rotation\":\"left\",\"title_breakpoint\":\"xl\",\"image_position\":\"center-center\",\"text_color\":\"\",\"width_expand\":\"\",\"height\":\"\",\"padding\":\"\",\"header_transparent\":\"\",\"animation\":\"fade\",\"animation_delay\":true},\"children\":[{\"type\":\"row\",\"props\":{\"layout\":\"2-3,1-3\",\"breakpoint\":\"m\",\"fixed_width\":\"large\",\"column_gap\":\"large\",\"row_gap\":\"\",\"width\":\"\",\"width_expand\":\"\",\"height\":\"\",\"margin\":\"\"},\"children\":[{\"type\":\"column\",\"props\":{\"image_position\":\"center-center\",\"media_overlay_gradient\":\"\",\"vertical_align\":\"\",\"style\":\"\",\"text_color\":\"\",\"padding\":\"\"},\"children\":[{\"type\":\"text\",\"props\":{\"margin\":\"default\",\"column_breakpoint\":\"m\",\"text_style\":\"\",\"text_color\":\"\",\"text_size\":\"\",\"column\":\"\",\"position\":\"\",\"position_z_index\":\"\",\"maxwidth\":\"\",\"maxwidth_breakpoint\":\"\",\"block_align\":\"\",\"block_align_breakpoint\":\"\",\"block_align_fallback\":\"\",\"text_align\":\"\",\"text_align_breakpoint\":\"\",\"text_align_fallback\":\"\",\"animation\":\"slide-left-medium\",\"visibility\":\"\",\"content\":\"\n\n<p>No importa que sea un centro de estudios que busca soluciones t\\u00e9cnicas en el \\u00e1mbito de las fuentes de alimentaci\\u00f3n el\\u00e9ctrica m\\u00f3viles o que sea un servicio de mantenimiento que se enfrenta a la dificultad que supone encontrar piezas de recambio para sus instalaciones. La sociedad ROUGIER Electrom\\u00e9canique es su <strong>interlocutor para la fabricaci\\u00f3n de sistemas de contacto el\\u00e9ctrico deslizantes<\\\/strong>.<\\\/p>\"}},{\"type\":\"slideshow\",\"props\":{\"show_title\":false,\"show_meta\":true,\"show_content\":true,\"show_link\":false,\"show_thumbnail\":true,\"slideshow_min_height\":\"\",\"slideshow_autoplay_pause\":true,\"nav\":\"thumbnav\",\"nav_position\":\"bottom-center\",\"nav_position_margin\":\"medium\",\"nav_align\":\"center\",\"nav_breakpoint\":\"s\",\"thumbnav_width\":\"75\",\"thumbnav_height\":\"50\",\"thumbnav_svg_color\":\"emphasis\",\"slidenav\":\"default\",\"slidenav_margin\":\"medium\",\"slidenav_breakpoint\":\"s\",\"slidenav_outside_breakpoint\":\"xl\",\"overlay_position\":\"bottom\",\"overlay_animation\":\"scale-up\",\"title_element\":\"h2\",\"meta_style\":\"meta\",\"meta_align\":\"below-title\",\"link_text\":\"Read more\",\"link_style\":\"default\",\"margin\":\"default\",\"slideshow_height\":\"\",\"text_color\":\"light\",\"slideshow_box_shadow\":\"small\",\"slideshow_box_decoration\":\"\",\"slideshow_animation\":\"fade\",\"slideshow_kenburns\":\"\",\"nav_margin\":\"\",\"nav_color\":\"\",\"slidenav_outside_color\":\"\",\"overlay_container\":\"\",\"overlay_container_padding\":\"xsmall\",\"overlay_margin\":\"none\",\"overlay_style\":\"overlay-default\",\"overlay_padding\":\"small\",\"overlay_width\":\"medium\",\"title_style\":\"h6\",\"title_decoration\":\"\",\"title_font_family\":\"\",\"title_color\":\"primary\",\"title_margin\":\"\",\"meta_color\":\"\",\"meta_margin\":\"\",\"content_style\":\"\",\"content_margin\":\"\",\"link_size\":\"\",\"link_margin\":\"\",\"position\":\"\",\"position_z_index\":\"\",\"maxwidth\":\"xlarge\",\"maxwidth_breakpoint\":\"\",\"block_align\":\"center\",\"block_align_breakpoint\":\"\",\"block_align_fallback\":\"\",\"text_align\":\"center\",\"text_align_breakpoint\":\"\",\"text_align_fallback\":\"\",\"animation\":\"\",\"visibility\":\"\",\"slideshow_autoplay\":true,\"nav_below\":true,\"slidenav_large\":true,\"slideshow_autoplay_interval\":\"3\",\"slideshow_max_height\":\"\"},\"children\":[{\"type\":\"slideshow_item\",\"props\":{\"title\":\"Frotador doble para l\\u00ednea flexible\",\"image\":\"wp-content\\\/uploads\\\/frotteurs-et-capteurs-courant-frotteur-double-pour-ligne-souple.jpg\",\"text_color\":\"\",\"image_alt\":\"Frotador doble para l\\u00ednea flexible\",\"content\":\"\",\"meta\":\"Frotador doble para l\\u00ednea flexible\"}},{\"type\":\"slideshow_item\",\"props\":{\"title\":\"Frotador de grafito cobrizado\",\"image\":\"wp-content\\\/uploads\\\/frotteurs-et-capteurs-courant-frotteur-en-graphite-cuivre.jpg\",\"text_color\":\"\",\"image_alt\":\"Frotador de grafito cobrizado\",\"content\":\"\",\"meta\":\"Frotador de grafito cobrizado\"}},{\"type\":\"slideshow_item\",\"props\":{\"title\":\"Frotador ferroviario\",\"image\":\"wp-content\\\/uploads\\\/frotteurs-et-capteurs-courant-frotteur-ferroviaire.jpg\",\"text_color\":\"\",\"image_alt\":\"Frotador ferroviario\",\"content\":\"\",\"meta\":\"Frotador ferroviario\"}},{\"type\":\"slideshow_item\",\"props\":{\"title\":\"Frotador de grafito negro duro\",\"image\":\"wp-content\\\/uploads\\\/frotteurs-et-capteurs-courant-frotteur-graphite-forme-os-a-moelle.jpg\",\"text_color\":\"\",\"image_alt\":\"Frotador de grafito negro duro\",\"content\":\"\",\"meta\":\"Frotador de grafito negro duro\"}},{\"type\":\"slideshow_item\",\"props\":{\"title\":\"Cepillo para toma de tierra\",\"image\":\"wp-content\\\/uploads\\\/frotteurs-et-capteurs-courant-brosse-mise-a-la-terre.jpg\",\"text_color\":\"\",\"image_alt\":\"Cepillo para toma de tierra\",\"content\":\"\",\"meta\":\"Cepillo para toma de tierra\"}}]},{\"type\":\"text\",\"props\":{\"margin\":\"default\",\"column_breakpoint\":\"m\",\"text_style\":\"\",\"text_color\":\"\",\"text_size\":\"\",\"column\":\"\",\"position\":\"\",\"position_z_index\":\"\",\"maxwidth\":\"\",\"maxwidth_breakpoint\":\"\",\"block_align\":\"\",\"block_align_breakpoint\":\"\",\"block_align_fallback\":\"\",\"text_align\":\"\",\"text_align_breakpoint\":\"\",\"text_align_fallback\":\"\",\"animation\":\"slide-left-medium\",\"visibility\":\"\",\"content\":\"\n\n<p>No importa que se trate de frotadores de grafito, bronce o cobre, que vayan en sistemas de alimentaci\\u00f3n por ra\\u00edles al desnudo, aislados o incluso sobre hilos. No importa que est\\u00e9 buscando tomas de corriente montadas sobre brazos, pant\\u00f3grafos o con un sistema de pistones. Podemos ofrecerle la soluci\\u00f3n que mejor se adapte a sus necesidades o ayudarle a desarrollar sus propias tomas de corriente. Y todo ello en \\u00e1mbitos tan variados como los sistemas de alimentaci\\u00f3n de gr\\u00faas, gr\\u00faas puente, transelevadores, la recarga automatizada de bater\\u00edas, los sistemas de conexi\\u00f3n a tierra para la soldadura en continuo, los cepillos de toma de tierra, los contactos para ascensores o para carritos de mantenimiento, as\\u00ed como las piezas de contacto para re\\u00f3stato, etc.<\\\/p>\\n\n\n<p>Nuestra experiencia, que pronto ser\\u00e1 centenaria, nos permite tener una competencia especialmente amplia en este \\u00e1mbito, y nuestras capacidades de producci\\u00f3n nos brindan la posibilidad de trabajar con piezas sueltas o en masa. Para ello, disponemos de una maquinaria especialmente dedicada al mecanizado de grafitos el\\u00e9ctricos o a trabajar los metales.<\\\/p>\\n\n\n<p>Para completar nuestra gama de frotadores, tambi\\u00e9n disponemos de soluciones de aislamiento como los aislantes de baja o alta temperatura, as\\u00ed como de capacidades de mecanizado de materiales compuestos o incluso el moldeo por compresi\\u00f3n de piezas m\\u00e1s espec\\u00edficas.<\\\/p>\\n\n\n<p>Aparte de esta gama de fabricaci\\u00f3n, tambi\\u00e9n le podemos ofrecer fuentes de alimentaci\\u00f3n el\\u00e9ctrica con gu\\u00edas o autorretr\\u00e1ctiles, as\\u00ed como una gama de rieles de alimentaci\\u00f3n con conductores aislados.<\\\/p>\"}},{\"type\":\"button\",\"props\":{\"grid_column_gap\":\"small\",\"grid_row_gap\":\"small\",\"margin\":\"large\",\"button_size\":\"large\",\"position\":\"\",\"position_z_index\":\"\",\"maxwidth\":\"\",\"maxwidth_breakpoint\":\"\",\"block_align\":\"\",\"block_align_breakpoint\":\"\",\"block_align_fallback\":\"\",\"text_align\":\"center\",\"text_align_breakpoint\":\"\",\"text_align_fallback\":\"\",\"animation\":\"scale-up\",\"visibility\":\"\"},\"children\":[{\"type\":\"button_item\",\"props\":{\"button_style\":\"secondary\",\"icon_align\":\"left\",\"link_target\":\"\",\"content\":\"Contacto\",\"icon\":\"forward\",\"link\":\"es\\\/contacto-con-un-especialista-de-transmision-de-corriente-electrica-para-motores-electricos\\\/\"}}]}]},{\"type\":\"column\",\"props\":{\"image_position\":\"center-center\",\"media_overlay_gradient\":\"\",\"vertical_align\":\"\",\"style\":\"\",\"text_color\":\"\",\"padding\":\"\"},\"children\":[{\"type\":\"grid\",\"props\":{\"show_title\":true,\"show_meta\":true,\"show_content\":true,\"show_image\":true,\"show_link\":true,\"grid_default\":\"1\",\"grid_medium\":\"\",\"filter_style\":\"tab\",\"filter_all\":true,\"filter_position\":\"top\",\"filter_align\":\"left\",\"filter_grid_width\":\"auto\",\"filter_grid_breakpoint\":\"m\",\"title_hover_style\":\"reset\",\"title_element\":\"h3\",\"title_align\":\"top\",\"title_grid_width\":\"1-2\",\"title_grid_breakpoint\":\"m\",\"meta_style\":\"meta\",\"meta_align\":\"below-title\",\"icon_ratio\":4,\"image_align\":\"bottom\",\"image_grid_width\":\"1-2\",\"image_grid_breakpoint\":\"m\",\"image_svg_color\":\"emphasis\",\"link_text\":\"\",\"link_style\":\"default\",\"margin\":\"default\",\"item_animation\":\"slide-right-medium\",\"grid_column_gap\":\"\",\"grid_row_gap\":\"\",\"grid_small\":\"\",\"grid_large\":\"\",\"grid_xlarge\":\"\",\"filter_margin\":\"\",\"filter_grid_column_gap\":\"\",\"filter_grid_row_gap\":\"\",\"title_display\":\"\",\"content_display\":\"\",\"panel_style\":\"card-secondary\",\"panel_content_padding\":\"\",\"panel_size\":\"\",\"item_maxwidth\":\"\",\"title_style\":\"h5\",\"title_decoration\":\"divider\",\"title_font_family\":\"\",\"title_color\":\"\",\"title_grid_column_gap\":\"\",\"title_grid_row_gap\":\"\",\"title_margin\":\"\",\"meta_color\":\"\",\"meta_margin\":\"\",\"content_style\":\"\",\"content_margin\":\"\",\"image_transition\":\"scale-up\",\"image_border\":\"\",\"image_box_shadow\":\"\",\"image_hover_box_shadow\":\"\",\"image_box_decoration\":\"\",\"icon_color\":\"\",\"image_grid_column_gap\":\"\",\"image_grid_row_gap\":\"\",\"image_margin\":\"\",\"link_size\":\"\",\"link_margin\":\"\",\"position\":\"\",\"position_z_index\":\"\",\"maxwidth\":\"\",\"maxwidth_breakpoint\":\"\",\"block_align\":\"\",\"block_align_breakpoint\":\"\",\"block_align_fallback\":\"\",\"text_align\":\"center\",\"text_align_breakpoint\":\"\",\"text_align_fallback\":\"\",\"visibility\":\"\",\"lightbox\":false,\"link_target\":true,\"image_width\":\"200\",\"title_link\":true,\"image_link\":true,\"panel_content_width\":\"\"},\"children\":[{\"type\":\"grid_item\",\"props\":{\"title\":\"Descargar el documento\",\"image\":\"wp-content\\\/uploads\\\/catalogue-frotteurs-capteurs-courant.jpg\",\"link\":\"wp-content\\\/uploads\\\/catalogue-frotteurs-capteurs-courant.pdf\",\"image_alt\":\"catalogue des frotteurs et capteurs de courant\",\"content\":\"\n\n<p>Cat\\u00e1logo de frotadores y tomas de corriente<\\\/p>\"}}]}]}]}]},{\"type\":\"section\",\"props\":{\"style\":\"default\",\"width\":\"large\",\"vertical_align\":\"middle\",\"title_position\":\"top-left\",\"title_rotation\":\"left\",\"title_breakpoint\":\"xl\",\"image_position\":\"center-center\",\"text_color\":\"\",\"width_expand\":\"\",\"height\":\"\",\"padding\":\"\",\"header_transparent\":\"\",\"animation\":\"scale-up\",\"animation_delay\":false},\"children\":[{\"type\":\"row\",\"props\":{\"layout\":\"1-1\",\"breakpoint\":\"m\",\"fixed_width\":\"large\",\"column_gap\":\"\",\"row_gap\":\"\",\"width\":\"large\",\"width_expand\":\"\",\"height\":\"\",\"margin\":\"\"},\"children\":[{\"type\":\"column\",\"props\":{\"image_position\":\"center-center\",\"media_overlay_gradient\":\"\",\"vertical_align\":\"\",\"style\":\"\",\"text_color\":\"\",\"padding\":\"\"},\"children\":[{\"type\":\"headline\",\"props\":{\"title_element\":\"div\",\"title_style\":\"\",\"title_decoration\":\"\",\"title_font_family\":\"tertiary\",\"title_color\":\"\",\"position\":\"\",\"position_z_index\":\"\",\"margin\":\"\",\"maxwidth\":\"xxlarge\",\"maxwidth_breakpoint\":\"\",\"block_align\":\"center\",\"block_align_breakpoint\":\"\",\"block_align_fallback\":\"\",\"text_align\":\"center\",\"text_align_breakpoint\":\"\",\"text_align_fallback\":\"\",\"animation\":\"\",\"visibility\":\"\",\"content\":\"\n\n<blockquote>\\n\n\n<p>ROUGIER Electrom\\u00e9canique le brindar\\u00e1 todo su apoyo t\\u00e9cnico para estudiar, dise\\u00f1ar y fabricar de frotadores y tomas de corriente que se adapte a sus necesidades buscando siempre la mejor relaci\\u00f3n calidad\\\/precio.<\\\/p>\\n<\\\/blockquote>\"}}]}]}]}],\"version\":\"2.0.14\",\"props\":[]} --><\/p>\n","protected":false},"excerpt":{"rendered":"<p>Frotadores y tomas de corriente Dise\u00f1o, fabricaci\u00f3n y reparaci\u00f3nde frotadores y tomas de corriente No importa que sea un centro de estudios que busca soluciones t\u00e9cnicas en el \u00e1mbito de las fuentes de alimentaci\u00f3n el\u00e9ctrica m\u00f3viles o que sea un servicio de mantenimiento que se enfrenta a la dificultad que supone encontrar piezas de recambio [&hellip;]<\/p>\n","protected":false},"author":1,"featured_media":0,"parent":1670,"menu_order":6,"comment_status":"closed","ping_status":"closed","template":"","meta":{"footnotes":""},"class_list":["post-1688","page","type-page","status-publish","hentry"],"aioseo_notices":[],"_links":{"self":[{"href":"https:\/\/www.rougier-electro.fr\/es\/wp-json\/wp\/v2\/pages\/1688","targetHints":{"allow":["GET"]}}],"collection":[{"href":"https:\/\/www.rougier-electro.fr\/es\/wp-json\/wp\/v2\/pages"}],"about":[{"href":"https:\/\/www.rougier-electro.fr\/es\/wp-json\/wp\/v2\/types\/page"}],"author":[{"embeddable":true,"href":"https:\/\/www.rougier-electro.fr\/es\/wp-json\/wp\/v2\/users\/1"}],"replies":[{"embeddable":true,"href":"https:\/\/www.rougier-electro.fr\/es\/wp-json\/wp\/v2\/comments?post=1688"}],"version-history":[{"count":0,"href":"https:\/\/www.rougier-electro.fr\/es\/wp-json\/wp\/v2\/pages\/1688\/revisions"}],"up":[{"embeddable":true,"href":"https:\/\/www.rougier-electro.fr\/es\/wp-json\/wp\/v2\/pages\/1670"}],"wp:attachment":[{"href":"https:\/\/www.rougier-electro.fr\/es\/wp-json\/wp\/v2\/media?parent=1688"}],"curies":[{"name":"wp","href":"https:\/\/api.w.org\/{rel}","templated":true}]}}