{"id":1685,"date":"2020-02-28T09:48:35","date_gmt":"2020-02-28T08:48:35","guid":{"rendered":"https:\/\/www.rougier-electro.fr\/produits\/fabrication-collecteurs-a-lames\/"},"modified":"2020-08-28T11:42:21","modified_gmt":"2020-08-28T09:42:21","slug":"fabricante-de-colectores-de-delgas-para-motores-electricos","status":"publish","type":"page","link":"https:\/\/www.rougier-electro.fr\/es\/productos\/fabricante-de-colectores-de-delgas-para-motores-electricos\/","title":{"rendered":"Colectores de delgas"},"content":{"rendered":"<h1>\n<p>Colectores de delgas<\/p>\n<\/h1>\n<h2>\n<p>Dise\u00f1o, fabricaci\u00f3n y reparaci\u00f3n<br \/>de colectores de delgas<\/p>\n<\/h2>\n<div>\n<p>A finales de los a\u00f1os 60, con la adquisici\u00f3n de una <strong>unidad de producci\u00f3n de colectores de delgas moldeados<\/strong>, la sociedad ROUGIER Electrom\u00e9canique enriqueci\u00f3 su gama de fabricaci\u00f3n, disponiendo al mismo tiempo de una herramienta que le permit\u00eda una mayor producci\u00f3n.<\/p>\n<p>M\u00e1s tarde, en los 70, la adquisici\u00f3n de una prensa de extrusi\u00f3n de cobre nos brind\u00f3 una independencia total en lo que se refiere a la cadena de producci\u00f3n, ya sean <strong>colectores engarzados, moldeados o de rosca, colectores de bobina o radiales, suspendidos o ventilados<\/strong>.<\/p>\n<\/div>\n<ul>\n<li>\n<p>        <img decoding=\"async\" src=\"https:\/\/www.rougier-electro.fr\/wp-content\/uploads\/collecteurs-a-lames.jpg\" alt=\"Colector de delgas \"><\/p>\n<h2>Colector de delgas <\/h2>\n<p>Colector de delgas <\/p>\n<\/li>\n<li>\n<p>        <img decoding=\"async\" src=\"https:\/\/www.rougier-electro.fr\/wp-content\/uploads\/collecteurs-a-lames-moteur-courant-continu.jpg\" alt=\"Colector de delgas para corriente continua\"><\/p>\n<h2>Colector de delgas para corriente continua<\/h2>\n<p>Colector de delgas para corriente continua<\/p>\n<\/li>\n<li>\n<p>        <img decoding=\"async\" src=\"https:\/\/www.rougier-electro.fr\/wp-content\/uploads\/collecteurs-a-lames-moteur-electrique-collerette.jpg\" alt=\"Colector de delgas para motores el\u00e9ctricos de mediaca\u00f1a\"><\/p>\n<h2>Colector de delgas para motores el\u00e9ctricos de mediaca\u00f1a<\/h2>\n<p>Colector de delgas para motores el\u00e9ctricos de mediaca\u00f1a<\/p>\n<\/li>\n<li>\n<p>        <img decoding=\"async\" src=\"https:\/\/www.rougier-electro.fr\/wp-content\/uploads\/collecteurs-a-lames-moteur-electrique.jpg\" alt=\"Colector de delgas para motores el\u00e9ctricos\"><\/p>\n<h2>Colector de delgas para motores el\u00e9ctricos<\/h2>\n<p>Colector de delgas para motores el\u00e9ctricos<\/p>\n<\/li>\n<li>\n<p>        <img decoding=\"async\" src=\"https:\/\/www.rougier-electro.fr\/wp-content\/uploads\/collecteurs-a-lames-visse.jpg\" alt=\"Colector de delgas de rosca\"><\/p>\n<h2>Colector de delgas de rosca<\/h2>\n<p>Colector de delgas de rosca<\/p>\n<\/li>\n<\/ul>\n<div>\n<p>Medio siglo m\u00e1s tarde, seguimos sirvi\u00e9ndonos de estos amplios conocimientos para ofrecerle <strong>colectores de forma individual o en serie<\/strong> y en pr\u00e1cticamente todas las dimensiones posibles.<\/p>\n<p>Esto mismo se aplica a la hora de elegir las materias primas que se utilizan, por si desea tener unas delgas de cobre est\u00e1ndar, de cobre plateado o de micas con unas caracter\u00edsticas particulares, podremos adaptarnos a sus necesidades. La sociedad ROUGIER Electrom\u00e9canique tambi\u00e9n le ofrece diferentes t\u00e9cnicas espec\u00edficas de fabricar colectores de delgas, como el remachado radial en lugar de la soldadura de esta\u00f1o, o reforzar el sistema de sujeci\u00f3n de las delgas a\u00f1adiendo unos zunchados espec\u00edficos.<\/p>\n<p>Si desea solicitarnos cualquier cosa, basta con facilitarnos en primer lugar un plan o rellenar la ficha de identificaci\u00f3n de los colectores de delgas que encontrar\u00e1 en nuestro cat\u00e1logo, lo que nos permitir\u00e1 enviarle una propuesta r\u00e1pidamente. Pero tambi\u00e9n puede enviarnos sus antiguos colectores a nuestro centro de producci\u00f3n de \u00c9vreux, en Francia. Para hacerlo, p\u00f3ngase en contacto con nuestros comerciales que le informar\u00e1n de todo lo que sea necesario.<\/p>\n<\/div>\n<p>\n    <a href=\"https:\/\/www.rougier-electro.fr\/es\/contacto-con-un-especialista-de-transmision-de-corriente-electrica-para-motores-electricos\">Contacto<\/a>\n<\/p>\n<div>\n<p>    <img decoding=\"async\" src=\"https:\/\/www.rougier-electro.fr\/wp-content\/uploads\/catalogue-identification-collecteur-a-lames.jpg\" alt=\"catalogue des collecteurs \u00e0 lames\"><\/p>\n<h3>Descargar el documento<\/h3>\n<div>\n<p>Ficha de identificaci\u00f3n de los colectores de delgas<\/p>\n<\/div>\n<p><a href=\"https:\/\/www.rougier-electro.fr\/wp-content\/uploads\/catalogue-identification-collecteur-a-lames.pdf\"><\/a><\/p>\n<\/div>\n<div>\n<blockquote>\n<p>ROUGIER Electrom\u00e9canique le proporcionar\u00e1 todo su soporte t\u00e9cnico para el estudio, dise\u00f1o y fabricaci\u00f3n de los colectores de delgas adaptados a sus necesidades, buscando siempre conseguir la mejor relaci\u00f3n calidad\/precio.<\/p>\n<\/blockquote>\n<\/div>\n<p><!-- {\"name\":\"20200228 produit-page\",\"type\":\"layout\",\"children\":[{\"type\":\"section\",\"props\":{\"style\":\"default\",\"width\":\"large\",\"vertical_align\":\"middle\",\"title_position\":\"top-left\",\"title_rotation\":\"left\",\"title_breakpoint\":\"xl\",\"image_position\":\"center-center\",\"text_color\":\"light\",\"width_expand\":\"\",\"height\":\"\",\"padding\":\"large\",\"header_transparent\":\"\",\"animation\":\"fade\",\"image\":\"wp-content\\\/uploads\\\/cover-collecteur-electrique-tournant.jpg\",\"image_size\":\"cover\",\"image_effect\":\"parallax\",\"image_parallax_breakpoint\":\"\",\"image_visibility\":\"\",\"video_width\":\"\",\"video_height\":\"\",\"media_blend_mode\":\"\",\"image_parallax_bgy_start\":\"-100\",\"image_parallax_bgy_end\":\"100\",\"media_overlay\":\"rgba(0, 0, 0, 0.52)\",\"animation_delay\":true},\"children\":[{\"type\":\"row\",\"props\":{\"layout\":\"1-1\",\"breakpoint\":\"m\",\"fixed_width\":\"large\",\"column_gap\":\"\",\"row_gap\":\"\",\"width\":\"\",\"width_expand\":\"\",\"height\":\"\",\"margin\":\"remove-vertical\"},\"children\":[{\"type\":\"column\",\"props\":{\"image_position\":\"center-center\",\"media_overlay_gradient\":\"\",\"vertical_align\":\"\",\"style\":\"\",\"text_color\":\"\",\"padding\":\"\"},\"children\":[{\"type\":\"headline\",\"props\":{\"title_element\":\"h1\",\"title_style\":\"heading-small\",\"title_decoration\":\"\",\"title_font_family\":\"\",\"title_color\":\"\",\"position\":\"\",\"position_z_index\":\"\",\"margin\":\"\",\"maxwidth\":\"\",\"maxwidth_breakpoint\":\"\",\"block_align\":\"\",\"block_align_breakpoint\":\"\",\"block_align_fallback\":\"\",\"text_align\":\"center\",\"text_align_breakpoint\":\"\",\"text_align_fallback\":\"\",\"animation\":\"\",\"visibility\":\"\",\"content\":\"\n\n<p>Colectores de delgas<\\\/p>\"},\"name\":\"Headline H1\"}]}]}],\"name\":\"Entete\"},{\"type\":\"section\",\"props\":{\"style\":\"default\",\"width\":\"large\",\"vertical_align\":\"middle\",\"title_position\":\"top-left\",\"title_rotation\":\"left\",\"title_breakpoint\":\"xl\",\"image_position\":\"center-center\",\"text_color\":\"\",\"width_expand\":\"\",\"height\":\"\",\"padding\":\"\",\"header_transparent\":\"\",\"animation\":\"\",\"padding_remove_bottom\":true},\"children\":[{\"type\":\"row\",\"props\":{\"layout\":\"1-1\",\"breakpoint\":\"m\",\"fixed_width\":\"large\",\"column_gap\":\"\",\"row_gap\":\"\",\"width\":\"\",\"width_expand\":\"\",\"height\":\"\",\"margin\":\"\"},\"children\":[{\"type\":\"column\",\"props\":{\"image_position\":\"center-center\",\"media_overlay_gradient\":\"\",\"vertical_align\":\"\",\"style\":\"\",\"text_color\":\"\",\"padding\":\"\"},\"children\":[{\"type\":\"breadcrumbs\",\"props\":{\"show_home\":true,\"show_current\":true,\"position\":\"\",\"position_z_index\":\"\",\"margin\":\"\",\"text_align\":\"\",\"text_align_breakpoint\":\"\",\"text_align_fallback\":\"\",\"animation\":\"\",\"visibility\":\"\"}}]}]}],\"name\":\"\"},{\"type\":\"section\",\"props\":{\"style\":\"default\",\"width\":\"large\",\"vertical_align\":\"middle\",\"title_position\":\"top-left\",\"title_rotation\":\"left\",\"title_breakpoint\":\"xl\",\"image_position\":\"center-center\",\"text_color\":\"\",\"width_expand\":\"\",\"height\":\"\",\"padding\":\"\",\"header_transparent\":\"\",\"animation\":\"\"},\"children\":[{\"type\":\"row\",\"props\":{\"layout\":\"1-1\",\"breakpoint\":\"m\",\"fixed_width\":\"large\",\"column_gap\":\"\",\"row_gap\":\"\",\"width\":\"\",\"width_expand\":\"\",\"height\":\"\",\"margin\":\"\"},\"children\":[{\"type\":\"column\",\"props\":{\"image_position\":\"center-center\",\"media_overlay_gradient\":\"\",\"vertical_align\":\"\",\"style\":\"\",\"text_color\":\"\",\"padding\":\"\"},\"children\":[{\"type\":\"headline\",\"props\":{\"title_element\":\"h2\",\"title_style\":\"h2\",\"title_decoration\":\"\",\"title_font_family\":\"\",\"title_color\":\"\",\"position\":\"\",\"position_z_index\":\"\",\"margin\":\"\",\"maxwidth\":\"\",\"maxwidth_breakpoint\":\"\",\"block_align\":\"\",\"block_align_breakpoint\":\"\",\"block_align_fallback\":\"\",\"text_align\":\"center\",\"text_align_breakpoint\":\"\",\"text_align_fallback\":\"\",\"animation\":\"\",\"visibility\":\"\",\"content\":\"\n\n<p>Dise\\u00f1o, fabricaci\\u00f3n y reparaci\\u00f3n<br \\\/>de colectores de delgas<\\\/p>\"},\"name\":\"Headline H2\"}]}]}]},{\"type\":\"section\",\"props\":{\"style\":\"default\",\"width\":\"large\",\"vertical_align\":\"middle\",\"title_position\":\"top-left\",\"title_rotation\":\"left\",\"title_breakpoint\":\"xl\",\"image_position\":\"center-center\",\"text_color\":\"\",\"width_expand\":\"\",\"height\":\"\",\"padding\":\"\",\"header_transparent\":\"\",\"animation\":\"fade\",\"animation_delay\":true},\"children\":[{\"type\":\"row\",\"props\":{\"layout\":\"2-3,1-3\",\"breakpoint\":\"m\",\"fixed_width\":\"large\",\"column_gap\":\"large\",\"row_gap\":\"\",\"width\":\"\",\"width_expand\":\"\",\"height\":\"\",\"margin\":\"\"},\"children\":[{\"type\":\"column\",\"props\":{\"image_position\":\"center-center\",\"media_overlay_gradient\":\"\",\"vertical_align\":\"\",\"style\":\"\",\"text_color\":\"\",\"padding\":\"\"},\"children\":[{\"type\":\"text\",\"props\":{\"margin\":\"default\",\"column_breakpoint\":\"m\",\"text_style\":\"\",\"text_color\":\"\",\"text_size\":\"\",\"column\":\"\",\"position\":\"\",\"position_z_index\":\"\",\"maxwidth\":\"\",\"maxwidth_breakpoint\":\"\",\"block_align\":\"\",\"block_align_breakpoint\":\"\",\"block_align_fallback\":\"\",\"text_align\":\"\",\"text_align_breakpoint\":\"\",\"text_align_fallback\":\"\",\"animation\":\"slide-left-medium\",\"visibility\":\"\",\"content\":\"\n\n<p>A finales de los a\\u00f1os 60, con la adquisici\\u00f3n de una <strong>unidad de producci\\u00f3n de colectores de delgas moldeados<\\\/strong>, la sociedad ROUGIER Electrom\\u00e9canique enriqueci\\u00f3 su gama de fabricaci\\u00f3n, disponiendo al mismo tiempo de una herramienta que le permit\\u00eda una mayor producci\\u00f3n.<\\\/p>\\n\n\n<p>M\\u00e1s tarde, en los 70, la adquisici\\u00f3n de una prensa de extrusi\\u00f3n de cobre nos brind\\u00f3 una independencia total en lo que se refiere a la cadena de producci\\u00f3n, ya sean <strong>colectores engarzados, moldeados o de rosca, colectores de bobina o radiales, suspendidos o ventilados<\\\/strong>.<\\\/p>\"}},{\"type\":\"slideshow\",\"props\":{\"show_title\":false,\"show_meta\":true,\"show_content\":true,\"show_link\":false,\"show_thumbnail\":true,\"slideshow_min_height\":\"\",\"slideshow_autoplay_pause\":true,\"nav\":\"thumbnav\",\"nav_position\":\"bottom-center\",\"nav_position_margin\":\"medium\",\"nav_align\":\"center\",\"nav_breakpoint\":\"s\",\"thumbnav_width\":\"75\",\"thumbnav_height\":\"50\",\"thumbnav_svg_color\":\"emphasis\",\"slidenav\":\"default\",\"slidenav_margin\":\"medium\",\"slidenav_breakpoint\":\"s\",\"slidenav_outside_breakpoint\":\"xl\",\"overlay_position\":\"bottom\",\"overlay_animation\":\"scale-up\",\"title_element\":\"h2\",\"meta_style\":\"meta\",\"meta_align\":\"below-title\",\"link_text\":\"Read more\",\"link_style\":\"default\",\"margin\":\"default\",\"slideshow_height\":\"\",\"text_color\":\"light\",\"slideshow_box_shadow\":\"small\",\"slideshow_box_decoration\":\"\",\"slideshow_animation\":\"fade\",\"slideshow_kenburns\":\"\",\"nav_margin\":\"\",\"nav_color\":\"\",\"slidenav_outside_color\":\"\",\"overlay_container\":\"\",\"overlay_container_padding\":\"xsmall\",\"overlay_margin\":\"none\",\"overlay_style\":\"overlay-default\",\"overlay_padding\":\"small\",\"overlay_width\":\"medium\",\"title_style\":\"h6\",\"title_decoration\":\"\",\"title_font_family\":\"\",\"title_color\":\"primary\",\"title_margin\":\"\",\"meta_color\":\"\",\"meta_margin\":\"\",\"content_style\":\"\",\"content_margin\":\"\",\"link_size\":\"\",\"link_margin\":\"\",\"position\":\"\",\"position_z_index\":\"\",\"maxwidth\":\"xlarge\",\"maxwidth_breakpoint\":\"\",\"block_align\":\"center\",\"block_align_breakpoint\":\"\",\"block_align_fallback\":\"\",\"text_align\":\"center\",\"text_align_breakpoint\":\"\",\"text_align_fallback\":\"\",\"animation\":\"\",\"visibility\":\"\",\"slideshow_autoplay\":true,\"nav_below\":true,\"slidenav_large\":true,\"slideshow_autoplay_interval\":\"3\",\"slideshow_max_height\":\"\"},\"children\":[{\"type\":\"slideshow_item\",\"props\":{\"title\":\"Colector de delgas \",\"image\":\"wp-content\\\/uploads\\\/collecteurs-a-lames.jpg\",\"text_color\":\"\",\"image_alt\":\"Colector de delgas \",\"content\":\"\",\"meta\":\"Colector de delgas \"}},{\"type\":\"slideshow_item\",\"props\":{\"title\":\"Colector de delgas para corriente continua\",\"image\":\"wp-content\\\/uploads\\\/collecteurs-a-lames-moteur-courant-continu.jpg\",\"text_color\":\"\",\"image_alt\":\"Colector de delgas para corriente continua\",\"content\":\"\",\"meta\":\"Colector de delgas para corriente continua\"}},{\"type\":\"slideshow_item\",\"props\":{\"title\":\"Colector de delgas para motores el\\u00e9ctricos de mediaca\\u00f1a\",\"image\":\"wp-content\\\/uploads\\\/collecteurs-a-lames-moteur-electrique-collerette.jpg\",\"text_color\":\"\",\"image_alt\":\"Colector de delgas para motores el\\u00e9ctricos de mediaca\\u00f1a\",\"content\":\"\",\"meta\":\"Colector de delgas para motores el\\u00e9ctricos de mediaca\\u00f1a\"}},{\"type\":\"slideshow_item\",\"props\":{\"title\":\"Colector de delgas para motores el\\u00e9ctricos\",\"image\":\"wp-content\\\/uploads\\\/collecteurs-a-lames-moteur-electrique.jpg\",\"text_color\":\"\",\"image_alt\":\"Colector de delgas para motores el\\u00e9ctricos\",\"content\":\"\",\"meta\":\"Colector de delgas para motores el\\u00e9ctricos\"}},{\"type\":\"slideshow_item\",\"props\":{\"title\":\"Colector de delgas de rosca\",\"image\":\"wp-content\\\/uploads\\\/collecteurs-a-lames-visse.jpg\",\"text_color\":\"\",\"image_alt\":\"Colector de delgas de rosca\",\"content\":\"\",\"meta\":\"Colector de delgas de rosca\"}}]},{\"type\":\"text\",\"props\":{\"margin\":\"default\",\"column_breakpoint\":\"m\",\"text_style\":\"\",\"text_color\":\"\",\"text_size\":\"\",\"column\":\"\",\"position\":\"\",\"position_z_index\":\"\",\"maxwidth\":\"\",\"maxwidth_breakpoint\":\"\",\"block_align\":\"\",\"block_align_breakpoint\":\"\",\"block_align_fallback\":\"\",\"text_align\":\"\",\"text_align_breakpoint\":\"\",\"text_align_fallback\":\"\",\"animation\":\"slide-left-medium\",\"visibility\":\"\",\"content\":\"\n\n<p>Medio siglo m\\u00e1s tarde, seguimos sirvi\\u00e9ndonos de estos amplios conocimientos para ofrecerle <strong>colectores de forma individual o en serie<\\\/strong> y en pr\\u00e1cticamente todas las dimensiones posibles.<\\\/p>\\n\n\n<p>Esto mismo se aplica a la hora de elegir las materias primas que se utilizan, por si desea tener unas delgas de cobre est\\u00e1ndar, de cobre plateado o de micas con unas caracter\\u00edsticas particulares, podremos adaptarnos a sus necesidades. La sociedad ROUGIER Electrom\\u00e9canique tambi\\u00e9n le ofrece diferentes t\\u00e9cnicas espec\\u00edficas de fabricar colectores de delgas, como el remachado radial en lugar de la soldadura de esta\\u00f1o, o reforzar el sistema de sujeci\\u00f3n de las delgas a\\u00f1adiendo unos zunchados espec\\u00edficos.<\\\/p>\\n\n\n<p>Si desea solicitarnos cualquier cosa, basta con facilitarnos en primer lugar un plan o rellenar la ficha de identificaci\\u00f3n de los colectores de delgas que encontrar\\u00e1 en nuestro cat\\u00e1logo, lo que nos permitir\\u00e1 enviarle una propuesta r\\u00e1pidamente. Pero tambi\\u00e9n puede enviarnos sus antiguos colectores a nuestro centro de producci\\u00f3n de \\u00c9vreux, en Francia. Para hacerlo, p\\u00f3ngase en contacto con nuestros comerciales que le informar\\u00e1n de todo lo que sea necesario.<\\\/p>\"}},{\"type\":\"button\",\"props\":{\"grid_column_gap\":\"small\",\"grid_row_gap\":\"small\",\"margin\":\"large\",\"button_size\":\"large\",\"position\":\"\",\"position_z_index\":\"\",\"maxwidth\":\"\",\"maxwidth_breakpoint\":\"\",\"block_align\":\"\",\"block_align_breakpoint\":\"\",\"block_align_fallback\":\"\",\"text_align\":\"center\",\"text_align_breakpoint\":\"\",\"text_align_fallback\":\"\",\"animation\":\"scale-up\",\"visibility\":\"\"},\"children\":[{\"type\":\"button_item\",\"props\":{\"button_style\":\"secondary\",\"icon_align\":\"left\",\"link_target\":\"\",\"content\":\"Contacto\",\"icon\":\"forward\",\"link_title\":\"\",\"link\":\"es\\\/contacto-con-un-especialista-de-transmision-de-corriente-electrica-para-motores-electricos\\\/\"}}]}]},{\"type\":\"column\",\"props\":{\"image_position\":\"center-center\",\"media_overlay_gradient\":\"\",\"vertical_align\":\"\",\"style\":\"\",\"text_color\":\"\",\"padding\":\"\"},\"children\":[{\"type\":\"grid\",\"props\":{\"show_title\":true,\"show_meta\":true,\"show_content\":true,\"show_image\":true,\"show_link\":true,\"grid_default\":\"1\",\"grid_medium\":\"\",\"filter_style\":\"tab\",\"filter_all\":true,\"filter_position\":\"top\",\"filter_align\":\"left\",\"filter_grid_width\":\"auto\",\"filter_grid_breakpoint\":\"m\",\"title_hover_style\":\"reset\",\"title_element\":\"h3\",\"title_align\":\"top\",\"title_grid_width\":\"1-2\",\"title_grid_breakpoint\":\"m\",\"meta_style\":\"meta\",\"meta_align\":\"below-title\",\"icon_ratio\":4,\"image_align\":\"bottom\",\"image_grid_width\":\"1-2\",\"image_grid_breakpoint\":\"m\",\"image_svg_color\":\"emphasis\",\"link_text\":\"\",\"link_style\":\"default\",\"margin\":\"default\",\"item_animation\":\"slide-right-medium\",\"grid_column_gap\":\"\",\"grid_row_gap\":\"\",\"grid_small\":\"\",\"grid_large\":\"\",\"grid_xlarge\":\"\",\"filter_margin\":\"\",\"filter_grid_column_gap\":\"\",\"filter_grid_row_gap\":\"\",\"title_display\":\"\",\"content_display\":\"\",\"panel_style\":\"card-secondary\",\"panel_content_padding\":\"\",\"panel_size\":\"\",\"item_maxwidth\":\"\",\"title_style\":\"h5\",\"title_decoration\":\"divider\",\"title_font_family\":\"\",\"title_color\":\"\",\"title_grid_column_gap\":\"\",\"title_grid_row_gap\":\"\",\"title_margin\":\"\",\"meta_color\":\"\",\"meta_margin\":\"\",\"content_style\":\"\",\"content_margin\":\"\",\"image_transition\":\"scale-up\",\"image_border\":\"\",\"image_box_shadow\":\"\",\"image_hover_box_shadow\":\"\",\"image_box_decoration\":\"\",\"icon_color\":\"\",\"image_grid_column_gap\":\"\",\"image_grid_row_gap\":\"\",\"image_margin\":\"\",\"link_size\":\"\",\"link_margin\":\"\",\"position\":\"\",\"position_z_index\":\"\",\"maxwidth\":\"\",\"maxwidth_breakpoint\":\"\",\"block_align\":\"\",\"block_align_breakpoint\":\"\",\"block_align_fallback\":\"\",\"text_align\":\"center\",\"text_align_breakpoint\":\"\",\"text_align_fallback\":\"\",\"visibility\":\"\",\"lightbox\":false,\"link_target\":true,\"image_width\":\"200\",\"title_link\":true,\"image_link\":true,\"panel_content_width\":\"\"},\"children\":[{\"type\":\"grid_item\",\"props\":{\"title\":\"Descargar el documento\",\"image\":\"wp-content\\\/uploads\\\/catalogue-identification-collecteur-a-lames.jpg\",\"link\":\"wp-content\\\/uploads\\\/catalogue-identification-collecteur-a-lames.pdf\",\"image_alt\":\"catalogue des collecteurs \\u00e0 lames\",\"content\":\"\n\n<p>Ficha de identificaci\\u00f3n de los colectores de delgas<\\\/p>\"}}]}]}]}]},{\"type\":\"section\",\"props\":{\"style\":\"default\",\"width\":\"large\",\"vertical_align\":\"middle\",\"title_position\":\"top-left\",\"title_rotation\":\"left\",\"title_breakpoint\":\"xl\",\"image_position\":\"center-center\",\"text_color\":\"\",\"width_expand\":\"\",\"height\":\"\",\"padding\":\"\",\"header_transparent\":\"\",\"animation\":\"scale-up\",\"animation_delay\":false},\"children\":[{\"type\":\"row\",\"props\":{\"layout\":\"1-1\",\"breakpoint\":\"m\",\"fixed_width\":\"large\",\"column_gap\":\"\",\"row_gap\":\"\",\"width\":\"large\",\"width_expand\":\"\",\"height\":\"\",\"margin\":\"\"},\"children\":[{\"type\":\"column\",\"props\":{\"image_position\":\"center-center\",\"media_overlay_gradient\":\"\",\"vertical_align\":\"\",\"style\":\"\",\"text_color\":\"\",\"padding\":\"\"},\"children\":[{\"type\":\"headline\",\"props\":{\"title_element\":\"div\",\"title_style\":\"\",\"title_decoration\":\"\",\"title_font_family\":\"tertiary\",\"title_color\":\"\",\"position\":\"\",\"position_z_index\":\"\",\"margin\":\"\",\"maxwidth\":\"xxlarge\",\"maxwidth_breakpoint\":\"\",\"block_align\":\"center\",\"block_align_breakpoint\":\"\",\"block_align_fallback\":\"\",\"text_align\":\"center\",\"text_align_breakpoint\":\"\",\"text_align_fallback\":\"\",\"animation\":\"\",\"visibility\":\"\",\"content\":\"\n\n<blockquote>\\n\n\n<p>ROUGIER Electrom\\u00e9canique le proporcionar\\u00e1 todo su soporte t\\u00e9cnico para el estudio, dise\\u00f1o y fabricaci\\u00f3n de los colectores de delgas adaptados a sus necesidades, buscando siempre conseguir la mejor relaci\\u00f3n calidad\\\/precio.<\\\/p>\\n<\\\/blockquote>\"}}]}]}]}],\"version\":\"2.0.14\",\"props\":[]} --><\/p>\n","protected":false},"excerpt":{"rendered":"<p>Colectores de delgas Dise\u00f1o, fabricaci\u00f3n y reparaci\u00f3nde colectores de delgas A finales de los a\u00f1os 60, con la adquisici\u00f3n de una unidad de producci\u00f3n de colectores de delgas moldeados, la sociedad ROUGIER Electrom\u00e9canique enriqueci\u00f3 su gama de fabricaci\u00f3n, disponiendo al mismo tiempo de una herramienta que le permit\u00eda una mayor producci\u00f3n. M\u00e1s tarde, en los [&hellip;]<\/p>\n","protected":false},"author":1,"featured_media":0,"parent":1670,"menu_order":5,"comment_status":"closed","ping_status":"closed","template":"","meta":{"footnotes":""},"class_list":["post-1685","page","type-page","status-publish","hentry"],"aioseo_notices":[],"_links":{"self":[{"href":"https:\/\/www.rougier-electro.fr\/es\/wp-json\/wp\/v2\/pages\/1685","targetHints":{"allow":["GET"]}}],"collection":[{"href":"https:\/\/www.rougier-electro.fr\/es\/wp-json\/wp\/v2\/pages"}],"about":[{"href":"https:\/\/www.rougier-electro.fr\/es\/wp-json\/wp\/v2\/types\/page"}],"author":[{"embeddable":true,"href":"https:\/\/www.rougier-electro.fr\/es\/wp-json\/wp\/v2\/users\/1"}],"replies":[{"embeddable":true,"href":"https:\/\/www.rougier-electro.fr\/es\/wp-json\/wp\/v2\/comments?post=1685"}],"version-history":[{"count":0,"href":"https:\/\/www.rougier-electro.fr\/es\/wp-json\/wp\/v2\/pages\/1685\/revisions"}],"up":[{"embeddable":true,"href":"https:\/\/www.rougier-electro.fr\/es\/wp-json\/wp\/v2\/pages\/1670"}],"wp:attachment":[{"href":"https:\/\/www.rougier-electro.fr\/es\/wp-json\/wp\/v2\/media?parent=1685"}],"curies":[{"name":"wp","href":"https:\/\/api.w.org\/{rel}","templated":true}]}}