{"id":1676,"date":"2020-01-15T10:53:31","date_gmt":"2020-01-15T09:53:31","guid":{"rendered":"https:\/\/www.rougier-electro.fr\/produits\/fabrication-portes-balais-supports-charbon\/"},"modified":"2020-08-28T11:34:59","modified_gmt":"2020-08-28T09:34:59","slug":"fabricante-de-portaescobillas-soportes-de-carbon-para-motores-electricos","status":"publish","type":"page","link":"https:\/\/www.rougier-electro.fr\/es\/productos\/fabricante-de-portaescobillas-soportes-de-carbon-para-motores-electricos\/","title":{"rendered":"Portaescobillas\/Soportes de carb\u00f3n"},"content":{"rendered":"<h1>\n<p>Portaescobillas \/ Soportes de carb\u00f3n<br \/>para motores el\u00e9ctricos<\/p>\n<\/h1>\n<h2>\n<p>Dise\u00f1o, fabricaci\u00f3n y reparaci\u00f3n<br \/>de sus portaescobillas<\/p>\n<\/h2>\n<div>\n<p>La experiencia que hemos adquirido en sectores industriales como la miner\u00eda, el ferrocarril o la producci\u00f3n de energ\u00eda, entre otros, a lo largo de todas estas d\u00e9cadas, ha dado como resultado que seamos capaces de dise\u00f1ar y fabricar portaescobillas de calidad superior y gran robustez que cumplan con las exigencias y obligaciones de nuestros clientes.<\/p>\n<\/div>\n<ul>\n<li>\n<p>        <img decoding=\"async\" src=\"https:\/\/www.rougier-electro.fr\/wp-content\/uploads\/porte-balais-support-charbon-support-charbon-a-piston.jpg\" alt=\"Portaescobillas o soporte de carb\u00f3n de pistones\"><\/p>\n<h2>Portaescobillas o soporte de carb\u00f3n de pistones<\/h2>\n<p>Portaescobillas o soporte de carb\u00f3n de pistones<\/p>\n<\/li>\n<li>\n<p>        <img decoding=\"async\" src=\"https:\/\/www.rougier-electro.fr\/wp-content\/uploads\/porte-balais-support-charbon-support-balais-draz.jpg\" alt=\"Portaescobillas o soporte de carb\u00f3n DRAZ\"><\/p>\n<h2>Portaescobillas o soporte de carb\u00f3n DRAZ<\/h2>\n<p>Portaescobillas o soporte de carb\u00f3n DRAZ<\/p>\n<\/li>\n<li>\n<p>        <img decoding=\"async\" src=\"https:\/\/www.rougier-electro.fr\/wp-content\/uploads\/porte-balais-support-charbon-porte-charbon-double-contact.jpg\" alt=\"Portaescobillas o soporte de carb\u00f3n de doble contacto\"><\/p>\n<h2>Portaescobillas o soporte de carb\u00f3n de doble contacto<\/h2>\n<p>Portaescobillas o soporte de carb\u00f3n de doble contacto<\/p>\n<\/li>\n<li>\n<p>        <img decoding=\"async\" src=\"https:\/\/www.rougier-electro.fr\/wp-content\/uploads\/porte-balais-support-charbon-porte-balais-type-s.jpg\" alt=\"Portaescobillas o soporte de carb\u00f3n con resorte de rodillo tipo S\"><\/p>\n<h2>Portaescobillas o soporte de carb\u00f3n con resorte de rodillo tipo S<\/h2>\n<p>Portaescobillas o soporte de carb\u00f3n con resorte de rodillo tipo S<\/p>\n<\/li>\n<li>\n<p>        <img decoding=\"async\" src=\"https:\/\/www.rougier-electro.fr\/wp-content\/uploads\/porte-balais-support-charbon-porte-balais-dal.jpg\" alt=\"Portaescobillas o soporte de carb\u00f3n DAL\"><\/p>\n<h2>Portaescobillas o soporte de carb\u00f3n DAL<\/h2>\n<p>Portaescobillas o soporte de carb\u00f3n DAL<\/p>\n<\/li>\n<li>\n<p>        <img decoding=\"async\" src=\"https:\/\/www.rougier-electro.fr\/wp-content\/uploads\/porte-balais-support-charbon-ensemble-porte-contact-bougie.jpg\" alt=\"Conjunto portacontactos y buj\u00eda\"><\/p>\n<h2>Conjunto portacontactos y buj\u00eda<\/h2>\n<p>Conjunto portacontactos y buj\u00eda<\/p>\n<\/li>\n<\/ul>\n<div>\n<p>Con el fin de responder a sus necesidades en lo que se refiere a <strong>soportes de carb\u00f3n<\/strong>, ROUGIER Electrom\u00e9canique tiene la soluci\u00f3n para equipar sus motores, alternadores, generadores, sistemas de toma de tierra o cualquier otro tipo de dispositivo.<\/p>\n<p>Producimos y tenemos una amplia variedad de portaescobillas , ya sean portaescobillas de brazo simple o doble para aplicaciones est\u00e1ndar, portaescobillas de pinzas para baja intensidad o portaescobillas de caja para intensidades m\u00e1s importantes como los soportes de carb\u00f3n de tracci\u00f3n, los soportes de carb\u00f3n de tipo buj\u00eda para aplicaciones como embragues, soportes de carb\u00f3n de pistones para corrientes fuertes, soportes de carb\u00f3n para colectores de delgas, soportes de carb\u00f3n tubulares para coches o <em>scooters<\/em>, entre otras cosas.<\/p>\n<p>Aunque tambi\u00e9n sabemos c\u00f3mo reparar sus portacarbones con resorte de rodillo, resorte de caracol y cualquier otro mecanismo de presi\u00f3n.<\/p>\n<\/div>\n<p>\n    <a href=\"https:\/\/www.rougier-electro.fr\/es\/contacto-con-un-especialista-de-transmision-de-corriente-electrica-para-motores-electricos\">Contacto<\/a>\n<\/p>\n<div>\n<p>    <img decoding=\"async\" src=\"https:\/\/www.rougier-electro.fr\/wp-content\/uploads\/catalogue-porte-balais-moteur-electrique.jpg\" alt=\"catalogue de Porte-balais \/ Supports charbon pour moteur \u00e9lectrique \"><\/p>\n<h3>Descargar el documento<\/h3>\n<div>\n<p>Cat\u00e1logo y fichas t\u00e9cnicas de nuestros diferentes portaescobillas y soportes de carb\u00f3n<\/p>\n<\/div>\n<p><a href=\"https:\/\/www.rougier-electro.fr\/wp-content\/uploads\/catalogue-porte-balais-moteur-electrique.pdf\"><\/a><\/p>\n<\/div>\n<div>\n<blockquote>\n<p>ROUGIER Electrom\u00e9canique le brindar\u00e1 todo su apoyo t\u00e9cnico para estudiar, dise\u00f1ar y fabricar el sistema de soporte de escobillas de carbono que se adapte a sus necesidades buscando siempre la mejor relaci\u00f3n calidad\/precio<\/p>\n<\/blockquote>\n<\/div>\n<p><!-- {\"type\":\"layout\",\"children\":[{\"type\":\"section\",\"props\":{\"style\":\"default\",\"width\":\"large\",\"vertical_align\":\"middle\",\"title_position\":\"top-left\",\"title_rotation\":\"left\",\"title_breakpoint\":\"xl\",\"image_position\":\"center-center\",\"text_color\":\"light\",\"width_expand\":\"\",\"height\":\"\",\"padding\":\"large\",\"header_transparent\":\"\",\"animation\":\"fade\",\"image\":\"wp-content\\\/uploads\\\/cover-collecteur-electrique-tournant.jpg\",\"image_size\":\"cover\",\"image_effect\":\"parallax\",\"image_parallax_breakpoint\":\"\",\"image_visibility\":\"\",\"video_width\":\"\",\"video_height\":\"\",\"media_blend_mode\":\"\",\"image_parallax_bgy_start\":\"-100\",\"image_parallax_bgy_end\":\"100\",\"media_overlay\":\"rgba(0, 0, 0, 0.52)\",\"animation_delay\":true},\"children\":[{\"type\":\"row\",\"props\":{\"layout\":\"1-1\",\"breakpoint\":\"m\",\"fixed_width\":\"large\",\"column_gap\":\"\",\"row_gap\":\"\",\"width\":\"\",\"width_expand\":\"\",\"height\":\"\",\"margin\":\"remove-vertical\"},\"children\":[{\"type\":\"column\",\"props\":{\"image_position\":\"center-center\",\"media_overlay_gradient\":\"\",\"vertical_align\":\"\",\"style\":\"\",\"text_color\":\"\",\"padding\":\"\"},\"children\":[{\"type\":\"headline\",\"props\":{\"title_element\":\"h1\",\"title_style\":\"heading-small\",\"title_decoration\":\"\",\"title_font_family\":\"\",\"title_color\":\"\",\"position\":\"\",\"position_z_index\":\"\",\"margin\":\"\",\"maxwidth\":\"\",\"maxwidth_breakpoint\":\"\",\"block_align\":\"\",\"block_align_breakpoint\":\"\",\"block_align_fallback\":\"\",\"text_align\":\"center\",\"text_align_breakpoint\":\"\",\"text_align_fallback\":\"\",\"animation\":\"\",\"visibility\":\"\",\"content\":\"\n\n<p>Portaescobillas \\\/ Soportes de carb\\u00f3n<br \\\/>para motores el\\u00e9ctricos<\\\/p>\"},\"name\":\"Headline H1\"}]}]}],\"name\":\"Entete\"},{\"type\":\"section\",\"props\":{\"style\":\"default\",\"width\":\"large\",\"vertical_align\":\"middle\",\"title_position\":\"top-left\",\"title_rotation\":\"left\",\"title_breakpoint\":\"xl\",\"image_position\":\"center-center\",\"text_color\":\"\",\"width_expand\":\"\",\"height\":\"\",\"padding\":\"\",\"header_transparent\":\"\",\"animation\":\"\",\"padding_remove_bottom\":true},\"children\":[{\"type\":\"row\",\"props\":{\"layout\":\"1-1\",\"breakpoint\":\"m\",\"fixed_width\":\"large\",\"column_gap\":\"\",\"row_gap\":\"\",\"width\":\"\",\"width_expand\":\"\",\"height\":\"\",\"margin\":\"\"},\"children\":[{\"type\":\"column\",\"props\":{\"image_position\":\"center-center\",\"media_overlay_gradient\":\"\",\"vertical_align\":\"\",\"style\":\"\",\"text_color\":\"\",\"padding\":\"\"},\"children\":[{\"type\":\"breadcrumbs\",\"props\":{\"show_home\":true,\"show_current\":true,\"position\":\"\",\"position_z_index\":\"\",\"margin\":\"\",\"text_align\":\"\",\"text_align_breakpoint\":\"\",\"text_align_fallback\":\"\",\"animation\":\"\",\"visibility\":\"\"}}]}]}],\"name\":\"\"},{\"type\":\"section\",\"props\":{\"style\":\"default\",\"width\":\"large\",\"vertical_align\":\"middle\",\"title_position\":\"top-left\",\"title_rotation\":\"left\",\"title_breakpoint\":\"xl\",\"image_position\":\"center-center\",\"text_color\":\"\",\"width_expand\":\"\",\"height\":\"\",\"padding\":\"\",\"header_transparent\":\"\",\"animation\":\"\"},\"children\":[{\"type\":\"row\",\"props\":{\"layout\":\"1-1\",\"breakpoint\":\"m\",\"fixed_width\":\"large\",\"column_gap\":\"\",\"row_gap\":\"\",\"width\":\"\",\"width_expand\":\"\",\"height\":\"\",\"margin\":\"\"},\"children\":[{\"type\":\"column\",\"props\":{\"image_position\":\"center-center\",\"media_overlay_gradient\":\"\",\"vertical_align\":\"\",\"style\":\"\",\"text_color\":\"\",\"padding\":\"\"},\"children\":[{\"type\":\"headline\",\"props\":{\"title_element\":\"h2\",\"title_style\":\"h2\",\"title_decoration\":\"\",\"title_font_family\":\"\",\"title_color\":\"\",\"position\":\"\",\"position_z_index\":\"\",\"margin\":\"\",\"maxwidth\":\"\",\"maxwidth_breakpoint\":\"\",\"block_align\":\"\",\"block_align_breakpoint\":\"\",\"block_align_fallback\":\"\",\"text_align\":\"center\",\"text_align_breakpoint\":\"\",\"text_align_fallback\":\"\",\"animation\":\"\",\"visibility\":\"\",\"content\":\"\n\n<p>Dise\\u00f1o, fabricaci\\u00f3n y reparaci\\u00f3n<br \\\/>de sus portaescobillas<\\\/p>\"},\"name\":\"Headline H2\"}]}]}]},{\"type\":\"section\",\"props\":{\"style\":\"default\",\"width\":\"large\",\"vertical_align\":\"middle\",\"title_position\":\"top-left\",\"title_rotation\":\"left\",\"title_breakpoint\":\"xl\",\"image_position\":\"center-center\",\"text_color\":\"\",\"width_expand\":\"\",\"height\":\"\",\"padding\":\"\",\"header_transparent\":\"\",\"animation\":\"fade\",\"animation_delay\":true},\"children\":[{\"type\":\"row\",\"props\":{\"layout\":\"2-3,1-3\",\"breakpoint\":\"m\",\"fixed_width\":\"large\",\"column_gap\":\"large\",\"row_gap\":\"\",\"width\":\"\",\"width_expand\":\"\",\"height\":\"\",\"margin\":\"\"},\"children\":[{\"type\":\"column\",\"props\":{\"image_position\":\"center-center\",\"media_overlay_gradient\":\"\",\"vertical_align\":\"\",\"style\":\"\",\"text_color\":\"\",\"padding\":\"\"},\"children\":[{\"type\":\"text\",\"props\":{\"margin\":\"default\",\"column_breakpoint\":\"m\",\"text_style\":\"\",\"text_color\":\"\",\"text_size\":\"\",\"column\":\"\",\"position\":\"\",\"position_z_index\":\"\",\"maxwidth\":\"\",\"maxwidth_breakpoint\":\"\",\"block_align\":\"\",\"block_align_breakpoint\":\"\",\"block_align_fallback\":\"\",\"text_align\":\"\",\"text_align_breakpoint\":\"\",\"text_align_fallback\":\"\",\"animation\":\"slide-left-medium\",\"visibility\":\"\",\"content\":\"\n\n<p>La experiencia que hemos adquirido en sectores industriales como la miner\\u00eda, el ferrocarril o la producci\\u00f3n de energ\\u00eda, entre otros, a lo largo de todas estas d\\u00e9cadas, ha dado como resultado que seamos capaces de dise\\u00f1ar y fabricar portaescobillas de calidad superior y gran robustez que cumplan con las exigencias y obligaciones de nuestros clientes.<\\\/p>\"}},{\"type\":\"slideshow\",\"props\":{\"show_title\":false,\"show_meta\":true,\"show_content\":true,\"show_link\":false,\"show_thumbnail\":true,\"slideshow_min_height\":\"\",\"slideshow_autoplay_pause\":true,\"nav\":\"thumbnav\",\"nav_position\":\"bottom-center\",\"nav_position_margin\":\"medium\",\"nav_align\":\"center\",\"nav_breakpoint\":\"s\",\"thumbnav_width\":\"75\",\"thumbnav_height\":\"50\",\"thumbnav_svg_color\":\"emphasis\",\"slidenav\":\"default\",\"slidenav_margin\":\"medium\",\"slidenav_breakpoint\":\"s\",\"slidenav_outside_breakpoint\":\"xl\",\"overlay_position\":\"bottom\",\"overlay_animation\":\"scale-up\",\"title_element\":\"h2\",\"meta_style\":\"meta\",\"meta_align\":\"below-title\",\"link_text\":\"Read more\",\"link_style\":\"default\",\"margin\":\"default\",\"slideshow_height\":\"\",\"text_color\":\"light\",\"slideshow_box_shadow\":\"small\",\"slideshow_box_decoration\":\"\",\"slideshow_animation\":\"fade\",\"slideshow_kenburns\":\"\",\"nav_margin\":\"\",\"nav_color\":\"\",\"slidenav_outside_color\":\"\",\"overlay_container\":\"\",\"overlay_container_padding\":\"xsmall\",\"overlay_margin\":\"none\",\"overlay_style\":\"overlay-default\",\"overlay_padding\":\"small\",\"overlay_width\":\"medium\",\"title_style\":\"h6\",\"title_decoration\":\"\",\"title_font_family\":\"\",\"title_color\":\"primary\",\"title_margin\":\"\",\"meta_color\":\"\",\"meta_margin\":\"\",\"content_style\":\"\",\"content_margin\":\"\",\"link_size\":\"\",\"link_margin\":\"\",\"position\":\"\",\"position_z_index\":\"\",\"maxwidth\":\"xlarge\",\"maxwidth_breakpoint\":\"\",\"block_align\":\"center\",\"block_align_breakpoint\":\"\",\"block_align_fallback\":\"\",\"text_align\":\"center\",\"text_align_breakpoint\":\"\",\"text_align_fallback\":\"\",\"animation\":\"\",\"visibility\":\"\",\"slideshow_autoplay\":true,\"nav_below\":true,\"slidenav_large\":true,\"slideshow_autoplay_interval\":\"3\",\"slideshow_max_height\":\"\",\"image_width\":\"\",\"image_height\":\"\",\"slideshow_ratio\":\"\"},\"children\":[{\"type\":\"slideshow_item\",\"props\":{\"title\":\"Portaescobillas o soporte de carb\\u00f3n de pistones\",\"image\":\"wp-content\\\/uploads\\\/porte-balais-support-charbon-support-charbon-a-piston.jpg\",\"text_color\":\"\",\"image_alt\":\"Portaescobillas o soporte de carb\\u00f3n de pistones\",\"content\":\"\",\"meta\":\"Portaescobillas o soporte de carb\\u00f3n de pistones\"}},{\"type\":\"slideshow_item\",\"props\":{\"title\":\"Portaescobillas o soporte de carb\\u00f3n DRAZ\",\"image\":\"wp-content\\\/uploads\\\/porte-balais-support-charbon-support-balais-draz.jpg\",\"text_color\":\"\",\"image_alt\":\"Portaescobillas o soporte de carb\\u00f3n DRAZ\",\"meta\":\"Portaescobillas o soporte de carb\\u00f3n DRAZ\"}},{\"type\":\"slideshow_item\",\"props\":{\"title\":\"Portaescobillas o soporte de carb\\u00f3n de doble contacto\",\"image\":\"wp-content\\\/uploads\\\/porte-balais-support-charbon-porte-charbon-double-contact.jpg\",\"text_color\":\"\",\"image_alt\":\"Portaescobillas o soporte de carb\\u00f3n de doble contacto\",\"meta\":\"Portaescobillas o soporte de carb\\u00f3n de doble contacto\"}},{\"type\":\"slideshow_item\",\"props\":{\"title\":\"Portaescobillas o soporte de carb\\u00f3n con resorte de rodillo tipo S\",\"image\":\"wp-content\\\/uploads\\\/porte-balais-support-charbon-porte-balais-type-s.jpg\",\"text_color\":\"\",\"image_alt\":\"Portaescobillas o soporte de carb\\u00f3n con resorte de rodillo tipo S\",\"meta\":\"Portaescobillas o soporte de carb\\u00f3n con resorte de rodillo tipo S\"}},{\"type\":\"slideshow_item\",\"props\":{\"title\":\"Portaescobillas o soporte de carb\\u00f3n DAL\",\"image\":\"wp-content\\\/uploads\\\/porte-balais-support-charbon-porte-balais-dal.jpg\",\"text_color\":\"\",\"image_alt\":\"Portaescobillas o soporte de carb\\u00f3n DAL\",\"meta\":\"Portaescobillas o soporte de carb\\u00f3n DAL\"}},{\"type\":\"slideshow_item\",\"props\":{\"title\":\"Conjunto portacontactos y buj\\u00eda\",\"image\":\"wp-content\\\/uploads\\\/porte-balais-support-charbon-ensemble-porte-contact-bougie.jpg\",\"text_color\":\"\",\"image_alt\":\"Conjunto portacontactos y buj\\u00eda\",\"meta\":\"Conjunto portacontactos y buj\\u00eda\"}}]},{\"type\":\"text\",\"props\":{\"margin\":\"default\",\"column_breakpoint\":\"m\",\"text_style\":\"\",\"text_color\":\"\",\"text_size\":\"\",\"column\":\"\",\"position\":\"\",\"position_z_index\":\"\",\"maxwidth\":\"\",\"maxwidth_breakpoint\":\"\",\"block_align\":\"\",\"block_align_breakpoint\":\"\",\"block_align_fallback\":\"\",\"text_align\":\"\",\"text_align_breakpoint\":\"\",\"text_align_fallback\":\"\",\"animation\":\"slide-left-medium\",\"visibility\":\"\",\"content\":\"\n\n<p>Con el fin de responder a sus necesidades en lo que se refiere a <strong>soportes de carb\\u00f3n<\\\/strong>, ROUGIER Electrom\\u00e9canique tiene la soluci\\u00f3n para equipar sus motores, alternadores, generadores, sistemas de toma de tierra o cualquier otro tipo de dispositivo.<\\\/p>\\n\n\n<p>Producimos y tenemos una amplia variedad de portaescobillas , ya sean portaescobillas de brazo simple o doble para aplicaciones est\\u00e1ndar, portaescobillas de pinzas para baja intensidad o portaescobillas de caja para intensidades m\\u00e1s importantes como los soportes de carb\\u00f3n de tracci\\u00f3n, los soportes de carb\\u00f3n de tipo buj\\u00eda para aplicaciones como embragues, soportes de carb\\u00f3n de pistones para corrientes fuertes, soportes de carb\\u00f3n para colectores de delgas, soportes de carb\\u00f3n tubulares para coches o <em>scooters<\\\/em>, entre otras cosas.<\\\/p>\\n\n\n<p>Aunque tambi\\u00e9n sabemos c\\u00f3mo reparar sus portacarbones con resorte de rodillo, resorte de caracol y cualquier otro mecanismo de presi\\u00f3n.<\\\/p>\"}},{\"type\":\"button\",\"props\":{\"grid_column_gap\":\"small\",\"grid_row_gap\":\"small\",\"margin\":\"large\",\"button_size\":\"large\",\"position\":\"\",\"position_z_index\":\"\",\"maxwidth\":\"\",\"maxwidth_breakpoint\":\"\",\"block_align\":\"\",\"block_align_breakpoint\":\"\",\"block_align_fallback\":\"\",\"text_align\":\"center\",\"text_align_breakpoint\":\"\",\"text_align_fallback\":\"\",\"animation\":\"scale-up\",\"visibility\":\"\"},\"children\":[{\"type\":\"button_item\",\"props\":{\"button_style\":\"secondary\",\"icon_align\":\"left\",\"link_target\":\"\",\"content\":\"Contacto\",\"icon\":\"forward\",\"link\":\"es\\\/contacto-con-un-especialista-de-transmision-de-corriente-electrica-para-motores-electricos\\\/\"}}]}]},{\"type\":\"column\",\"props\":{\"image_position\":\"center-center\",\"media_overlay_gradient\":\"\",\"vertical_align\":\"\",\"style\":\"\",\"text_color\":\"\",\"padding\":\"\"},\"children\":[{\"type\":\"grid\",\"props\":{\"show_title\":true,\"show_meta\":true,\"show_content\":true,\"show_image\":true,\"show_link\":true,\"grid_default\":\"1\",\"grid_medium\":\"\",\"filter_style\":\"tab\",\"filter_all\":true,\"filter_position\":\"top\",\"filter_align\":\"left\",\"filter_grid_width\":\"auto\",\"filter_grid_breakpoint\":\"m\",\"title_hover_style\":\"reset\",\"title_element\":\"h3\",\"title_align\":\"top\",\"title_grid_width\":\"1-2\",\"title_grid_breakpoint\":\"m\",\"meta_style\":\"meta\",\"meta_align\":\"below-title\",\"icon_ratio\":4,\"image_align\":\"bottom\",\"image_grid_width\":\"1-2\",\"image_grid_breakpoint\":\"m\",\"image_svg_color\":\"emphasis\",\"link_text\":\"\",\"link_style\":\"default\",\"margin\":\"default\",\"item_animation\":\"slide-right-medium\",\"grid_column_gap\":\"\",\"grid_row_gap\":\"\",\"grid_small\":\"\",\"grid_large\":\"\",\"grid_xlarge\":\"\",\"filter_margin\":\"\",\"filter_grid_column_gap\":\"\",\"filter_grid_row_gap\":\"\",\"title_display\":\"\",\"content_display\":\"\",\"panel_style\":\"card-secondary\",\"panel_content_padding\":\"\",\"panel_size\":\"\",\"item_maxwidth\":\"\",\"title_style\":\"h5\",\"title_decoration\":\"divider\",\"title_font_family\":\"\",\"title_color\":\"\",\"title_grid_column_gap\":\"\",\"title_grid_row_gap\":\"\",\"title_margin\":\"\",\"meta_color\":\"\",\"meta_margin\":\"\",\"content_style\":\"\",\"content_margin\":\"\",\"image_transition\":\"scale-up\",\"image_border\":\"\",\"image_box_shadow\":\"\",\"image_hover_box_shadow\":\"\",\"image_box_decoration\":\"\",\"icon_color\":\"\",\"image_grid_column_gap\":\"\",\"image_grid_row_gap\":\"\",\"image_margin\":\"\",\"link_size\":\"\",\"link_margin\":\"\",\"position\":\"\",\"position_z_index\":\"\",\"maxwidth\":\"\",\"maxwidth_breakpoint\":\"\",\"block_align\":\"\",\"block_align_breakpoint\":\"\",\"block_align_fallback\":\"\",\"text_align\":\"center\",\"text_align_breakpoint\":\"\",\"text_align_fallback\":\"\",\"visibility\":\"\",\"lightbox\":false,\"link_target\":true,\"image_width\":\"250\",\"title_link\":true,\"image_link\":true,\"panel_content_width\":\"\"},\"children\":[{\"type\":\"grid_item\",\"props\":{\"title\":\"Descargar el documento\",\"image\":\"wp-content\\\/uploads\\\/catalogue-porte-balais-moteur-electrique.jpg\",\"link\":\"wp-content\\\/uploads\\\/catalogue-porte-balais-moteur-electrique.pdf\",\"image_alt\":\"catalogue de Porte-balais \\\/ Supports charbon pour moteur \\u00e9lectrique \",\"content\":\"\n\n<p>Cat\\u00e1logo y fichas t\\u00e9cnicas de nuestros diferentes portaescobillas y soportes de carb\\u00f3n<\\\/p>\"}}]}]}]}]},{\"type\":\"section\",\"props\":{\"style\":\"default\",\"width\":\"large\",\"vertical_align\":\"middle\",\"title_position\":\"top-left\",\"title_rotation\":\"left\",\"title_breakpoint\":\"xl\",\"image_position\":\"center-center\",\"text_color\":\"\",\"width_expand\":\"\",\"height\":\"\",\"padding\":\"\",\"header_transparent\":\"\",\"animation\":\"scale-up\",\"animation_delay\":false},\"children\":[{\"type\":\"row\",\"props\":{\"layout\":\"1-1\",\"breakpoint\":\"m\",\"fixed_width\":\"large\",\"column_gap\":\"\",\"row_gap\":\"\",\"width\":\"large\",\"width_expand\":\"\",\"height\":\"\",\"margin\":\"\"},\"children\":[{\"type\":\"column\",\"props\":{\"image_position\":\"center-center\",\"media_overlay_gradient\":\"\",\"vertical_align\":\"\",\"style\":\"\",\"text_color\":\"\",\"padding\":\"\"},\"children\":[{\"type\":\"headline\",\"props\":{\"title_element\":\"div\",\"title_style\":\"\",\"title_decoration\":\"\",\"title_font_family\":\"tertiary\",\"title_color\":\"\",\"position\":\"\",\"position_z_index\":\"\",\"margin\":\"\",\"maxwidth\":\"xxlarge\",\"maxwidth_breakpoint\":\"\",\"block_align\":\"center\",\"block_align_breakpoint\":\"\",\"block_align_fallback\":\"\",\"text_align\":\"center\",\"text_align_breakpoint\":\"\",\"text_align_fallback\":\"\",\"animation\":\"\",\"visibility\":\"\",\"content\":\"\n\n<blockquote>\\n\n\n<p>ROUGIER Electrom\\u00e9canique le brindar\\u00e1 todo su apoyo t\\u00e9cnico para estudiar, dise\\u00f1ar y fabricar el sistema de soporte de escobillas de carbono que se adapte a sus necesidades buscando siempre la mejor relaci\\u00f3n calidad\\\/precio<\\\/p>\\n<\\\/blockquote>\"}}]}]}]}],\"version\":\"2.0.14\",\"props\":[]} --><\/p>\n","protected":false},"excerpt":{"rendered":"<p>Portaescobillas \/ Soportes de carb\u00f3npara motores el\u00e9ctricos Dise\u00f1o, fabricaci\u00f3n y reparaci\u00f3nde sus portaescobillas La experiencia que hemos adquirido en sectores industriales como la miner\u00eda, el ferrocarril o la producci\u00f3n de energ\u00eda, entre otros, a lo largo de todas estas d\u00e9cadas, ha dado como resultado que seamos capaces de dise\u00f1ar y fabricar portaescobillas de calidad superior [&hellip;]<\/p>\n","protected":false},"author":1,"featured_media":0,"parent":1670,"menu_order":2,"comment_status":"closed","ping_status":"closed","template":"","meta":{"footnotes":""},"class_list":["post-1676","page","type-page","status-publish","hentry"],"aioseo_notices":[],"_links":{"self":[{"href":"https:\/\/www.rougier-electro.fr\/es\/wp-json\/wp\/v2\/pages\/1676","targetHints":{"allow":["GET"]}}],"collection":[{"href":"https:\/\/www.rougier-electro.fr\/es\/wp-json\/wp\/v2\/pages"}],"about":[{"href":"https:\/\/www.rougier-electro.fr\/es\/wp-json\/wp\/v2\/types\/page"}],"author":[{"embeddable":true,"href":"https:\/\/www.rougier-electro.fr\/es\/wp-json\/wp\/v2\/users\/1"}],"replies":[{"embeddable":true,"href":"https:\/\/www.rougier-electro.fr\/es\/wp-json\/wp\/v2\/comments?post=1676"}],"version-history":[{"count":0,"href":"https:\/\/www.rougier-electro.fr\/es\/wp-json\/wp\/v2\/pages\/1676\/revisions"}],"up":[{"embeddable":true,"href":"https:\/\/www.rougier-electro.fr\/es\/wp-json\/wp\/v2\/pages\/1670"}],"wp:attachment":[{"href":"https:\/\/www.rougier-electro.fr\/es\/wp-json\/wp\/v2\/media?parent=1676"}],"curies":[{"name":"wp","href":"https:\/\/api.w.org\/{rel}","templated":true}]}}