{"id":1657,"date":"2020-01-15T10:48:03","date_gmt":"2020-01-15T09:48:03","guid":{"rendered":"https:\/\/www.rougier-electro.fr\/accueil\/"},"modified":"2020-08-28T11:28:31","modified_gmt":"2020-08-28T09:28:31","slug":"accueil","status":"publish","type":"page","link":"https:\/\/www.rougier-electro.fr\/es\/","title":{"rendered":"Inicio"},"content":{"rendered":"<div>\n<p>ROUGIER Electrom\u00e9canique<\/p>\n<\/div>\n<h1>Especialista en el estudio y la producci\u00f3n de piezas o conjuntos destinados a transmitir todo tipo de corriente el\u00e9ctrica hacia sistemas en movimiento<\/h1>\n<div>\n<p>La sociedad ROUGIER Electrom\u00e9canique fue fundada en 1927 en Par\u00eds y est\u00e1 <strong>especializada en la fabricaci\u00f3n de fuentes de alimentaci\u00f3n el\u00e9ctrica para maquinaria m\u00f3vil<\/strong>.<\/p>\n<p>Cuenta con un <strong>centro de estudios<\/strong> que se dedica a ayudar a sus clientes en el desarrollo de sistemas de conectores el\u00e9ctricos rotativos o deslizantes.<\/p>\n<p>Su centro de producci\u00f3n, situado cerca del municipio de \u00c9vreux, en el norte de Francia, exporta al mundo entero los productos que salen de varios talleres de mecanizado, entre los que se encuentran :<\/p>\n<\/div>\n<p>\n    <a href=\"https:\/\/www.rougier-electro.fr\/es\/experiencia-en-la-transmision-de-corriente-electrica\">Conozca nuestra destreza y experiencia<\/a>\n<\/p>\n<p><img decoding=\"async\" src=\"https:\/\/www.rougier-electro.fr\/wp-content\/uploads\/systeme-pieces-transmission-courant-electrique.jpg\" alt=\"piezas conductoras m\u00f3viles o fijas para motores el\u00e9ctricos\"><\/p>\n<h2>\n<p>Especificidades sectoriales<\/p>\n<\/h2>\n<div>\n<p>Cada sector tiene sus propias especificidades, ya sea la industria automovil\u00edstica, ferroviaria, portuaria, de envasado, el tratamiento de residuos o de agua, la ingenier\u00eda esc\u00e9nica, la imprenta, la energ\u00eda e\u00f3lica, la miner\u00eda, los anuncios publicitarios, las atracciones, etc.<\/p>\n<p style=\"text-align: center;\"><strong>Nos adaptamos a sus exigencias para ofrecerle un producto que satisfaga todas sus necesidades de funcionamiento.<\/strong><\/p>\n<\/div>\n<h2>\n<p>Producci\u00f3n principal<\/p>\n<\/h2>\n<ul>\n<li>\n<div>\n<p>Escobillas y frotadores de grafito<\/p>\n<\/div>\n<\/li>\n<li>\n<div>\n<p>Fabricaci\u00f3n y reparaci\u00f3n de portaescobillas<\/p>\n<\/div>\n<\/li>\n<li>\n<div>\n<p>Colectores de anillos o de delgas (fabricaci\u00f3n y reparaci\u00f3n)<\/p>\n<\/div>\n<\/li>\n<li>\n<div>\n<p>Tomas de corriente (sin l\u00edmite de intensidad)<\/p>\n<\/div>\n<\/li>\n<li>\n<div>\n<p>Conectores el\u00e9ctricos rotativos (fabricaci\u00f3n y reparaci\u00f3n)<\/p>\n<\/div>\n<\/li>\n<li>\n<div>\n<p>Electrificaci\u00f3n de l\u00ednea de tratamiento de superficies<\/p>\n<\/div>\n<\/li>\n<li>\n<div>\n<p>Rieles el\u00e9ctricos aislados y accesorios<\/p>\n<\/div>\n<\/li>\n<li>\n<div>\n<p>Piezas de recambio para motores el\u00e9ctricos<\/p>\n<\/div>\n<\/li>\n<\/ul>\n<p>\n    <a href=\"https:\/\/www.rougier-electro.fr\/es\/productos\">Descubra nuestros productos<\/a>\n<\/p>\n<h2>\n<p>Derni\u00e8re actualit\u00e9<\/p>\n<\/h2>\n<div>\n<\/div>\n<p><!-- {\"name\":\"page\",\"type\":\"layout\",\"children\":[{\"type\":\"section\",\"props\":{\"style\":\"default\",\"width\":\"large\",\"vertical_align\":\"middle\",\"title_position\":\"top-left\",\"title_rotation\":\"left\",\"title_breakpoint\":\"xl\",\"image_position\":\"center-center\",\"text_color\":\"light\",\"width_expand\":\"\",\"height\":\"\",\"padding\":\"large\",\"header_transparent\":\"\",\"animation\":\"fade\",\"image\":\"wp-content\\\/uploads\\\/cover-collecteur-electrique-tournant.jpg\",\"image_size\":\"cover\",\"image_effect\":\"parallax\",\"image_parallax_breakpoint\":\"\",\"image_visibility\":\"\",\"video_width\":\"\",\"video_height\":\"\",\"media_blend_mode\":\"\",\"image_parallax_bgy_start\":\"-100\",\"image_parallax_bgy_end\":\"100\",\"media_overlay\":\"rgba(0, 0, 0, 0.52)\",\"animation_delay\":true},\"children\":[{\"type\":\"row\",\"props\":{\"layout\":\"1-1\",\"breakpoint\":\"m\",\"fixed_width\":\"large\",\"column_gap\":\"\",\"row_gap\":\"\",\"width\":\"\",\"width_expand\":\"\",\"height\":\"\",\"margin\":\"remove-vertical\"},\"children\":[{\"type\":\"column\",\"props\":{\"image_position\":\"center-center\",\"media_overlay_gradient\":\"\",\"vertical_align\":\"\",\"style\":\"\",\"text_color\":\"\",\"padding\":\"\"},\"children\":[{\"type\":\"headline\",\"props\":{\"title_element\":\"div\",\"title_style\":\"heading-small\",\"title_decoration\":\"\",\"title_font_family\":\"\",\"title_color\":\"\",\"position\":\"\",\"position_z_index\":\"\",\"margin\":\"\",\"maxwidth\":\"\",\"maxwidth_breakpoint\":\"\",\"block_align\":\"\",\"block_align_breakpoint\":\"\",\"block_align_fallback\":\"\",\"text_align\":\"center\",\"text_align_breakpoint\":\"\",\"text_align_fallback\":\"\",\"animation\":\"slide-top-small\",\"visibility\":\"\",\"content\":\"\n\n<p>ROUGIER Electrom\\u00e9canique<\\\/p>\"},\"name\":\"\"}]}]},{\"type\":\"row\",\"props\":{\"layout\":\"1-1\",\"breakpoint\":\"m\",\"fixed_width\":\"large\",\"column_gap\":\"\",\"row_gap\":\"\",\"width\":\"\",\"width_expand\":\"\",\"height\":\"\",\"margin\":\"\"},\"children\":[{\"type\":\"column\",\"props\":{\"image_position\":\"center-center\",\"media_overlay_gradient\":\"\",\"vertical_align\":\"\",\"style\":\"\",\"text_color\":\"\",\"padding\":\"\"},\"children\":[{\"type\":\"headline\",\"props\":{\"title_element\":\"h1\",\"title_style\":\"h5\",\"title_decoration\":\"\",\"title_font_family\":\"\",\"title_color\":\"\",\"position\":\"\",\"position_z_index\":\"\",\"margin\":\"\",\"maxwidth\":\"xlarge\",\"maxwidth_breakpoint\":\"l\",\"block_align\":\"center\",\"block_align_breakpoint\":\"\",\"block_align_fallback\":\"\",\"text_align\":\"center\",\"text_align_breakpoint\":\"\",\"text_align_fallback\":\"\",\"animation\":\"slide-top-small\",\"visibility\":\"\",\"content\":\"Especialista en el estudio y la producci\\u00f3n de piezas o conjuntos destinados a transmitir todo tipo de corriente el\\u00e9ctrica hacia sistemas en movimiento\"},\"name\":\"Headline H1\"}]}]}],\"name\":\"Entete\"},{\"type\":\"section\",\"props\":{\"style\":\"default\",\"width\":\"large\",\"vertical_align\":\"middle\",\"title_position\":\"top-left\",\"title_rotation\":\"left\",\"title_breakpoint\":\"xl\",\"image_position\":\"center-center\",\"text_color\":\"\",\"width_expand\":\"\",\"height\":\"\",\"padding\":\"large\",\"header_transparent\":\"\",\"animation\":\"fade\",\"animation_delay\":true},\"children\":[{\"type\":\"row\",\"props\":{\"layout\":\",\",\"breakpoint\":\"m\",\"fixed_width\":\"large\",\"column_gap\":\"large\",\"row_gap\":\"\",\"width\":\"\",\"width_expand\":\"\",\"height\":\"\",\"margin\":\"\"},\"children\":[{\"type\":\"column\",\"props\":{\"image_position\":\"center-center\",\"media_overlay_gradient\":\"\",\"vertical_align\":\"\",\"style\":\"\",\"text_color\":\"\",\"padding\":\"\"},\"children\":[{\"type\":\"text\",\"props\":{\"margin\":\"default\",\"column_breakpoint\":\"m\",\"text_style\":\"\",\"text_color\":\"\",\"text_size\":\"\",\"column\":\"\",\"position\":\"\",\"position_z_index\":\"\",\"maxwidth\":\"\",\"maxwidth_breakpoint\":\"\",\"block_align\":\"\",\"block_align_breakpoint\":\"\",\"block_align_fallback\":\"\",\"text_align\":\"\",\"text_align_breakpoint\":\"\",\"text_align_fallback\":\"\",\"animation\":\"slide-left-medium\",\"visibility\":\"\",\"content\":\"\n\n<p>La sociedad ROUGIER Electrom\\u00e9canique fue fundada en 1927 en Par\\u00eds y est\\u00e1 <strong>especializada en la fabricaci\\u00f3n de fuentes de alimentaci\\u00f3n el\\u00e9ctrica para maquinaria m\\u00f3vil<\\\/strong>.<\\\/p>\\n\n\n<p>Cuenta con un <strong>centro de estudios<\\\/strong> que se dedica a ayudar a sus clientes en el desarrollo de sistemas de conectores el\\u00e9ctricos rotativos o deslizantes.<\\\/p>\\n\n\n<p>Su centro de producci\\u00f3n, situado cerca del municipio de \\u00c9vreux, en el norte de Francia, exporta al mundo entero los productos que salen de varios talleres de mecanizado, entre los que se encuentran :<\\\/p>\"}},{\"type\":\"button\",\"props\":{\"grid_column_gap\":\"small\",\"grid_row_gap\":\"small\",\"margin\":\"medium\",\"button_size\":\"\",\"position\":\"\",\"position_z_index\":\"\",\"maxwidth\":\"\",\"maxwidth_breakpoint\":\"\",\"block_align\":\"\",\"block_align_breakpoint\":\"\",\"block_align_fallback\":\"\",\"text_align\":\"center\",\"text_align_breakpoint\":\"\",\"text_align_fallback\":\"\",\"animation\":\"\",\"visibility\":\"\"},\"children\":[{\"type\":\"button_item\",\"props\":{\"button_style\":\"secondary\",\"icon_align\":\"left\",\"link_target\":\"\",\"content\":\"Conozca nuestra destreza y experiencia\",\"link\":\"es\\\/experiencia-en-la-transmision-de-corriente-electrica\\\/\",\"icon\":\"forward\"}}]}]},{\"type\":\"column\",\"props\":{\"image_position\":\"center-center\",\"media_overlay_gradient\":\"\",\"vertical_align\":\"\",\"style\":\"\",\"text_color\":\"\",\"padding\":\"\"},\"children\":[{\"type\":\"image\",\"props\":{\"margin\":\"default\",\"image_svg_color\":\"emphasis\",\"link_target\":\"\",\"image_border\":\"\",\"image_box_shadow\":\"\",\"image_hover_box_shadow\":\"\",\"image_box_decoration\":\"\",\"position\":\"\",\"position_z_index\":\"\",\"maxwidth\":\"\",\"maxwidth_breakpoint\":\"\",\"block_align\":\"\",\"block_align_breakpoint\":\"\",\"block_align_fallback\":\"\",\"text_align\":\"center\",\"text_align_breakpoint\":\"\",\"text_align_fallback\":\"\",\"animation\":\"slide-right-medium\",\"visibility\":\"\",\"image\":\"wp-content\\\/uploads\\\/systeme-pieces-transmission-courant-electrique.jpg\",\"image_width\":\"500\",\"image_alt\":\"piezas conductoras m\\u00f3viles o fijas para motores el\\u00e9ctricos\"}}]}]}],\"name\":\"intro\"},{\"type\":\"section\",\"props\":{\"style\":\"default\",\"width\":\"\",\"vertical_align\":\"middle\",\"title_position\":\"top-left\",\"title_rotation\":\"left\",\"title_breakpoint\":\"xl\",\"image_position\":\"center-center\",\"text_color\":\"\",\"width_expand\":\"\",\"height\":\"\",\"padding\":\"none\",\"header_transparent\":\"\",\"animation\":\"fade\",\"animation_delay\":true},\"children\":[{\"type\":\"row\",\"props\":{\"layout\":\",\",\"breakpoint\":\"m\",\"fixed_width\":\"large\",\"column_gap\":\"collapse\",\"row_gap\":\"\",\"width\":\"\",\"width_expand\":\"\",\"height\":\"\",\"margin\":\"large\"},\"children\":[{\"type\":\"column\",\"props\":{\"image_position\":\"center-center\",\"media_overlay_gradient\":\"\",\"vertical_align\":\"middle\",\"style\":\"secondary\",\"text_color\":\"\",\"padding\":\"\",\"preserve_color\":false,\"image\":\"\"},\"children\":[{\"type\":\"headline\",\"props\":{\"title_element\":\"h2\",\"title_style\":\"h2\",\"title_decoration\":\"\",\"title_font_family\":\"\",\"title_color\":\"\",\"position\":\"\",\"position_z_index\":\"\",\"margin\":\"\",\"maxwidth\":\"\",\"maxwidth_breakpoint\":\"\",\"block_align\":\"center\",\"block_align_breakpoint\":\"\",\"block_align_fallback\":\"\",\"text_align\":\"center\",\"text_align_breakpoint\":\"\",\"text_align_fallback\":\"\",\"animation\":\"\",\"visibility\":\"\",\"content\":\"\n\n<p>Especificidades sectoriales<\\\/p>\"},\"name\":\"Headline H2\"},{\"type\":\"text\",\"props\":{\"margin\":\"default\",\"column_breakpoint\":\"m\",\"text_style\":\"\",\"text_color\":\"\",\"text_size\":\"\",\"column\":\"\",\"position\":\"\",\"position_z_index\":\"\",\"maxwidth\":\"large\",\"maxwidth_breakpoint\":\"\",\"block_align\":\"center\",\"block_align_breakpoint\":\"\",\"block_align_fallback\":\"\",\"text_align\":\"justify\",\"text_align_breakpoint\":\"\",\"text_align_fallback\":\"\",\"animation\":\"\",\"visibility\":\"\",\"content\":\"\n\n<p>Cada sector tiene sus propias especificidades, ya sea la industria automovil\\u00edstica, ferroviaria, portuaria, de envasado, el tratamiento de residuos o de agua, la ingenier\\u00eda esc\\u00e9nica, la imprenta, la energ\\u00eda e\\u00f3lica, la miner\\u00eda, los anuncios publicitarios, las atracciones, etc.<\\\/p>\\n\n\n<p style=\\\"text-align: center;\\\"><strong>Nos adaptamos a sus exigencias para ofrecerle un producto que satisfaga todas sus necesidades de funcionamiento.<\\\/strong><\\\/p>\"}}]},{\"type\":\"column\",\"props\":{\"image_position\":\"center-center\",\"media_overlay_gradient\":\"\",\"vertical_align\":\"middle\",\"style\":\"default\",\"text_color\":\"light\",\"padding\":\"\",\"image\":\"wp-content\\\/uploads\\\/cover-fabrication-reparation-sytemes-courant-electrique.jpg\",\"image_size\":\"\",\"image_effect\":\"\",\"image_parallax_breakpoint\":\"\",\"image_visibility\":\"\",\"media_blend_mode\":\"\",\"media_overlay\":\"rgba(0, 0, 0, 0.59)\"},\"children\":[{\"type\":\"headline\",\"props\":{\"title_element\":\"h2\",\"title_style\":\"h2\",\"title_decoration\":\"\",\"title_font_family\":\"\",\"title_color\":\"\",\"position\":\"\",\"position_z_index\":\"\",\"margin\":\"\",\"maxwidth\":\"\",\"maxwidth_breakpoint\":\"\",\"block_align\":\"\",\"block_align_breakpoint\":\"\",\"block_align_fallback\":\"\",\"text_align\":\"center\",\"text_align_breakpoint\":\"\",\"text_align_fallback\":\"\",\"animation\":\"\",\"visibility\":\"\",\"content\":\"\n\n<p>Producci\\u00f3n principal<\\\/p>\"},\"name\":\"Headline H2\"},{\"type\":\"list\",\"props\":{\"show_image\":true,\"show_link\":true,\"image_svg_color\":\"emphasis\",\"image_align\":\"left\",\"image_vertical_align\":true,\"list_style\":\"\",\"content_style\":\"\",\"image_border\":\"\",\"icon_color\":\"\",\"link_style\":\"\",\"position\":\"\",\"position_z_index\":\"\",\"margin\":\"\",\"maxwidth\":\"xlarge\",\"maxwidth_breakpoint\":\"\",\"block_align\":\"center\",\"block_align_breakpoint\":\"\",\"block_align_fallback\":\"\",\"text_align\":\"\",\"text_align_breakpoint\":\"\",\"text_align_fallback\":\"\",\"animation\":\"\",\"visibility\":\"\",\"icon\":\"chevron-right\"},\"children\":[{\"type\":\"list_item\",\"props\":{\"icon_color\":\"\",\"content\":\"\n\n<p>Escobillas y frotadores de grafito<\\\/p>\"}},{\"type\":\"list_item\",\"props\":{\"icon_color\":\"\",\"content\":\"\n\n<p>Fabricaci\\u00f3n y reparaci\\u00f3n de portaescobillas<\\\/p>\"}},{\"type\":\"list_item\",\"props\":{\"icon_color\":\"\",\"content\":\"\n\n<p>Colectores de anillos o de delgas (fabricaci\\u00f3n y reparaci\\u00f3n)<\\\/p>\"}},{\"type\":\"list_item\",\"props\":{\"icon_color\":\"\",\"content\":\"\n\n<p>Tomas de corriente (sin l\\u00edmite de intensidad)<\\\/p>\"}},{\"type\":\"list_item\",\"props\":{\"icon_color\":\"\",\"content\":\"\n\n<p>Conectores el\\u00e9ctricos rotativos (fabricaci\\u00f3n y reparaci\\u00f3n)<\\\/p>\"}},{\"type\":\"list_item\",\"props\":{\"icon_color\":\"\",\"content\":\"\n\n<p>Electrificaci\\u00f3n de l\\u00ednea de tratamiento de superficies<\\\/p>\"}},{\"type\":\"list_item\",\"props\":{\"icon_color\":\"\",\"content\":\"\n\n<p>Rieles el\\u00e9ctricos aislados y accesorios<\\\/p>\"}},{\"type\":\"list_item\",\"props\":{\"icon_color\":\"\",\"content\":\"\n\n<p>Piezas de recambio para motores el\\u00e9ctricos<\\\/p>\"}}]},{\"type\":\"button\",\"props\":{\"grid_column_gap\":\"small\",\"grid_row_gap\":\"small\",\"margin\":\"default\",\"button_size\":\"large\",\"position\":\"\",\"position_z_index\":\"\",\"maxwidth\":\"\",\"maxwidth_breakpoint\":\"\",\"block_align\":\"\",\"block_align_breakpoint\":\"\",\"block_align_fallback\":\"\",\"text_align\":\"center\",\"text_align_breakpoint\":\"\",\"text_align_fallback\":\"\",\"animation\":\"scale-up\",\"visibility\":\"\"},\"children\":[{\"type\":\"button_item\",\"props\":{\"button_style\":\"default\",\"icon_align\":\"left\",\"link_target\":\"\",\"content\":\"Descubra nuestros productos\",\"link\":\"es\\\/productos\\\/\",\"icon\":\"forward\"}}]}]}]}],\"name\":\"secteur\"},{\"type\":\"section\",\"props\":{\"style\":\"default\",\"width\":\"default\",\"vertical_align\":\"middle\",\"title_position\":\"top-left\",\"title_rotation\":\"left\",\"title_breakpoint\":\"xl\",\"image_position\":\"center-center\",\"text_color\":\"\",\"width_expand\":\"\",\"height\":\"\",\"padding\":\"\",\"header_transparent\":\"\",\"animation\":\"\",\"status\":\"disabled\"},\"children\":[{\"type\":\"row\",\"props\":{\"layout\":\"1-1\",\"breakpoint\":\"m\",\"fixed_width\":\"large\",\"column_gap\":\"\",\"row_gap\":\"\",\"width\":\"\",\"width_expand\":\"\",\"height\":\"\",\"margin\":\"\"},\"children\":[{\"type\":\"column\",\"props\":{\"image_position\":\"center-center\",\"media_overlay_gradient\":\"\",\"vertical_align\":\"\",\"style\":\"\",\"text_color\":\"\",\"padding\":\"\"},\"children\":[{\"type\":\"headline\",\"props\":{\"title_element\":\"h2\",\"title_style\":\"h2\",\"title_decoration\":\"\",\"title_font_family\":\"\",\"title_color\":\"\",\"position\":\"\",\"position_z_index\":\"\",\"margin\":\"\",\"maxwidth\":\"\",\"maxwidth_breakpoint\":\"\",\"block_align\":\"center\",\"block_align_breakpoint\":\"\",\"block_align_fallback\":\"\",\"text_align\":\"center\",\"text_align_breakpoint\":\"\",\"text_align_fallback\":\"\",\"animation\":\"\",\"visibility\":\"\",\"content\":\"\n\n<p>Derni\\u00e8re actualit\\u00e9<\\\/p>\"},\"name\":\"Headline H2\"},{\"type\":\"grid\",\"props\":{\"show_title\":true,\"show_meta\":true,\"show_content\":true,\"show_image\":true,\"show_link\":true,\"grid_default\":\"1\",\"grid_medium\":\"\",\"filter_style\":\"tab\",\"filter_all\":true,\"filter_position\":\"top\",\"filter_align\":\"left\",\"filter_grid_width\":\"auto\",\"filter_grid_breakpoint\":\"m\",\"title_hover_style\":\"reset\",\"title_element\":\"h3\",\"title_align\":\"top\",\"title_grid_width\":\"1-2\",\"title_grid_breakpoint\":\"m\",\"meta_style\":\"meta\",\"meta_align\":\"below-title\",\"icon_ratio\":4,\"image_align\":\"left\",\"image_grid_width\":\"medium\",\"image_grid_breakpoint\":\"m\",\"image_svg_color\":\"emphasis\",\"link_text\":\"En savoir plus\",\"link_style\":\"\",\"margin\":\"default\",\"item_animation\":\"\",\"grid_column_gap\":\"\",\"grid_row_gap\":\"\",\"grid_small\":\"\",\"grid_large\":\"\",\"grid_xlarge\":\"\",\"filter_margin\":\"\",\"filter_grid_column_gap\":\"\",\"filter_grid_row_gap\":\"\",\"title_display\":\"\",\"content_display\":\"\",\"panel_style\":\"\",\"panel_content_padding\":\"\",\"panel_size\":\"\",\"item_maxwidth\":\"\",\"panel_content_width\":\"\",\"title_style\":\"h4\",\"title_decoration\":\"\",\"title_font_family\":\"\",\"title_color\":\"emphasis\",\"title_grid_column_gap\":\"\",\"title_grid_row_gap\":\"\",\"title_margin\":\"\",\"meta_color\":\"\",\"meta_margin\":\"\",\"content_style\":\"\",\"content_margin\":\"\",\"image_border\":\"\",\"image_box_shadow\":\"\",\"image_box_decoration\":\"default\",\"image_transition\":\"scale-up\",\"image_hover_box_shadow\":\"\",\"icon_color\":\"\",\"image_grid_column_gap\":\"large\",\"image_grid_row_gap\":\"\",\"image_margin\":\"\",\"link_size\":\"\",\"link_margin\":\"\",\"position\":\"\",\"position_z_index\":\"\",\"maxwidth\":\"\",\"maxwidth_breakpoint\":\"\",\"block_align\":\"\",\"block_align_breakpoint\":\"\",\"block_align_fallback\":\"\",\"text_align\":\"\",\"text_align_breakpoint\":\"\",\"text_align_fallback\":\"\",\"visibility\":\"\",\"grid_masonry\":false,\"image_vertical_align\":true,\"link_target\":true,\"image_link\":true,\"title_link\":true,\"panel_link\":false},\"children\":[{\"type\":\"grid_item\",\"props\":[],\"source\":{\"query\":{\"name\":\"posts.customPosts\",\"arguments\":{\"terms\":[4],\"offset\":0,\"limit\":1,\"order\":\"date\",\"order_direction\":\"DESC\"}},\"props\":{\"title\":{\"name\":\"title\",\"filters\":{\"search\":\"\"}},\"content\":{\"name\":\"teaser\",\"filters\":{\"search\":\"\"}},\"image_alt\":{\"name\":\"featuredImage.alt\",\"filters\":{\"search\":\"\"}},\"link\":{\"name\":\"link\",\"filters\":{\"search\":\"\"}},\"image\":{\"name\":\"featuredImage.url\",\"filters\":{\"search\":\"\"}}}}}]}]}]}],\"name\":\"derni\\u00e8re actu avec dynamic content\"}],\"version\":\"2.0.14\",\"props\":[]} --><\/p>\n","protected":false},"excerpt":{"rendered":"<p>ROUGIER Electrom\u00e9canique Especialista en el estudio y la producci\u00f3n de piezas o conjuntos destinados a transmitir todo tipo de corriente el\u00e9ctrica hacia sistemas en movimiento La sociedad ROUGIER Electrom\u00e9canique fue fundada en 1927 en Par\u00eds y est\u00e1 especializada en la fabricaci\u00f3n de fuentes de alimentaci\u00f3n el\u00e9ctrica para maquinaria m\u00f3vil. Cuenta con un centro de estudios [&hellip;]<\/p>\n","protected":false},"author":1,"featured_media":0,"parent":0,"menu_order":0,"comment_status":"closed","ping_status":"closed","template":"","meta":{"footnotes":""},"class_list":["post-1657","page","type-page","status-publish","hentry"],"aioseo_notices":[],"_links":{"self":[{"href":"https:\/\/www.rougier-electro.fr\/es\/wp-json\/wp\/v2\/pages\/1657","targetHints":{"allow":["GET"]}}],"collection":[{"href":"https:\/\/www.rougier-electro.fr\/es\/wp-json\/wp\/v2\/pages"}],"about":[{"href":"https:\/\/www.rougier-electro.fr\/es\/wp-json\/wp\/v2\/types\/page"}],"author":[{"embeddable":true,"href":"https:\/\/www.rougier-electro.fr\/es\/wp-json\/wp\/v2\/users\/1"}],"replies":[{"embeddable":true,"href":"https:\/\/www.rougier-electro.fr\/es\/wp-json\/wp\/v2\/comments?post=1657"}],"version-history":[{"count":0,"href":"https:\/\/www.rougier-electro.fr\/es\/wp-json\/wp\/v2\/pages\/1657\/revisions"}],"wp:attachment":[{"href":"https:\/\/www.rougier-electro.fr\/es\/wp-json\/wp\/v2\/media?parent=1657"}],"curies":[{"name":"wp","href":"https:\/\/api.w.org\/{rel}","templated":true}]}}