{"id":1169,"date":"2020-01-22T15:36:00","date_gmt":"2020-01-22T14:36:00","guid":{"rendered":"http:\/\/test.rougier-electro.fr\/a-propos-rougier-electomecanique\/"},"modified":"2021-09-10T10:18:59","modified_gmt":"2021-09-10T08:18:59","slug":"quienes-somos-rougier-electomecanique","status":"publish","type":"page","link":"https:\/\/www.rougier-electro.fr\/es\/quienes-somos-rougier-electomecanique\/","title":{"rendered":"\u00bfQui\u00e9nes somos?"},"content":{"rendered":"<h1>\n<p>ROUGIER Electrom\u00e9canique<\/p>\n<\/h1>\n<h2>\n<p>Presentaci\u00f3n<\/p>\n<\/h2>\n<div>\n<p>La empresa ROUGIER Electrom\u00e9canique es una empresa familiar francesa especializada en el estudio y fabricaci\u00f3n de\u00a0<strong>piezas o conjuntos destinados a transmitir todo tipo de corriente el\u00e9ctrica a sistemas en movimiento<\/strong>.<\/p>\n<p><strong>Es experta en el \u00e1mbito de los conectores el\u00e9ctricos rotativos o deslizantes y en el mecanizado de grafitos para la electromec\u00e1nic<\/strong>a.<\/p>\n<p>Su planta de producci\u00f3n, ubicada en la regi\u00f3n francesa de Normand\u00eda, cerca del municipio de \u00c9vreux, <strong>exporta a todo el mundo<\/strong> los productos que salen de sus diferentes talleres de mecanizado de grafitos para electromec\u00e1nica, de portaescobillas, de conectores el\u00e9ctricos rotativos, de juegos de anillos, de colectores de delgas y de sistemas de alimentaci\u00f3n por electroforesis.<\/p>\n<p>Al mismo tiempo, ofrecemos <strong>piezas de recambio para motores el\u00e9ctricos, como placas de bornes, ventiladores y cubreventiladores, as\u00ed como condensadores<\/strong>.<\/p>\n<p>Manteniendo esta mentalidad, somos los distribuidores de la marca de <strong>rieles el\u00e9ctricos aislados FABA<\/strong>.<\/p>\n<\/div>\n<p><img decoding=\"async\" src=\"https:\/\/www.rougier-electro.fr\/wp-content\/uploads\/systeme-pieces-transmission-courant-electrique.jpg\" alt=\"Piezas o conjuntos destinados a transmitir todo tipo de corriente el\u00e9ctrica\"><\/p>\n<div>\n<p>Nuestra planta de producci\u00f3n de Normand\u00eda<\/p>\n<\/div>\n<p><img decoding=\"async\" src=\"https:\/\/www.rougier-electro.fr\/wp-content\/uploads\/rougier-electromecanique-production-eure2.jpg\" alt=\"planta de producci\u00f3n\"><br \/>\n<img decoding=\"async\" src=\"https:\/\/www.rougier-electro.fr\/wp-content\/uploads\/rougier-electromecanique-production-eure1.jpg\" alt=\"planta de producci\u00f3n\"><\/p>\n<h2>\n<p>Historia<\/p>\n<\/h2>\n<div>\n<p>Fundada en 1927 por Jean Rougier, la empresa ROUGIER Electrom\u00e9canique, entonces conocida como \u201cEts Jean Rougier\u201d, comenz\u00f3 su actividad representando a firmas extranjeras especializadas en los grafitos para el \u00e1mbito de la electromec\u00e1nica.<\/p>\n<\/div>\n<ul>\n<li>\n<p>        <img decoding=\"async\" src=\"https:\/\/www.rougier-electro.fr\/wp-content\/uploads\/logo-rougier-1950-catalogue.jpg\" alt=\"Rougier Electrom\u00e9canique 1950\"><\/p>\n<h2>1950<\/h2>\n<\/li>\n<li>\n<p>        <img decoding=\"async\" src=\"https:\/\/www.rougier-electro.fr\/wp-content\/uploads\/logo-rougier-1970-catalogue.jpg\" alt=\"Rougier Electrom\u00e9canique 1970\"><\/p>\n<h2>1970<\/h2>\n<\/li>\n<li>\n<p>        <img decoding=\"async\" src=\"https:\/\/www.rougier-electro.fr\/wp-content\/uploads\/logo-rougier-2000-catalogue.jpg\" alt=\"Rougier Electrom\u00e9canique 2000\"><\/p>\n<h2>2000<\/h2>\n<\/li>\n<li>\n<p>        <img decoding=\"async\" src=\"https:\/\/www.rougier-electro.fr\/wp-content\/uploads\/logo-rougier-2020-catalogue.jpg\" alt=\"Rougier Electrom\u00e9canique 2020\"><\/p>\n<h2>2020<\/h2>\n<\/li>\n<\/ul>\n<div>\n<p>Con el paso de los a\u00f1os, la empresa fund\u00f3 sus propios talleres de producci\u00f3n, que al principio se dedicaban a la <strong>fabricaci\u00f3n de escobillas para motores el\u00e9ctricos y m\u00e1s tarde de portaescobillas, colectores de delgas o de anillos, conectores el\u00e9ctricos rotativos, rieles el\u00e9ctricos aislados, fuentes de alimentaci\u00f3n el\u00e9ctrica de l\u00edneas de manutenci\u00f3n y tratamiento de superficies<\/strong>.<\/p>\n<\/div>\n<div>\n<p>EN 1940<\/p>\n<\/div>\n<p><img decoding=\"async\" src=\"https:\/\/www.rougier-electro.fr\/wp-content\/uploads\/rougier-electromecanique-1940.jpg\" alt=\"\"><\/p>\n<div>\n<p>EN 1950<\/p>\n<\/div>\n<p><img decoding=\"async\" src=\"https:\/\/www.rougier-electro.fr\/wp-content\/uploads\/rougier-electromecanique-1950.jpg\" alt=\"\"><\/p>\n<div>\n<p>Esta empresa familiar ha conocido tres generaciones de directivos y, en 2001, Philippe Rougier sucedi\u00f3 a Jean-Fran\u00e7ois Rougier. En 2007 la sociedad, que entonces se llamaba \u00ab Ets J.Rougier et Fils \u00bb, pas\u00f3 a denominarse \u00ab ROUGIER Electrom\u00e9canique \u00bb.<\/p>\n<\/div>\n<p><!-- {\"name\":\"page\",\"type\":\"layout\",\"children\":[{\"type\":\"section\",\"props\":{\"style\":\"default\",\"width\":\"large\",\"vertical_align\":\"middle\",\"title_position\":\"top-left\",\"title_rotation\":\"left\",\"title_breakpoint\":\"xl\",\"image_position\":\"center-center\",\"text_color\":\"light\",\"padding\":\"large\",\"animation\":\"fade\",\"image\":\"wp-content\\\/uploads\\\/cover-collecteur-electrique-tournant.jpg\",\"image_size\":\"cover\",\"image_effect\":\"parallax\",\"image_parallax_bgy_start\":\"-100\",\"image_parallax_bgy_end\":\"100\",\"media_overlay\":\"rgba(0, 0, 0, 0.52)\",\"animation_delay\":true},\"children\":[{\"type\":\"row\",\"props\":{\"margin\":\"remove-vertical\"},\"children\":[{\"type\":\"column\",\"props\":{\"image_position\":\"center-center\",\"media_overlay_gradient\":\"\",\"width_medium\":\"1-1\"},\"children\":[{\"type\":\"headline\",\"props\":{\"title_element\":\"h1\",\"title_style\":\"heading-small\",\"text_align\":\"center\",\"content\":\"\n\n<p>ROUGIER Electrom\\u00e9canique<\\\/p>\"},\"name\":\"Headline H1\"}]}]}],\"name\":\"Entete\"},{\"type\":\"section\",\"props\":{\"style\":\"default\",\"width\":\"large\",\"vertical_align\":\"middle\",\"title_position\":\"top-left\",\"title_rotation\":\"left\",\"title_breakpoint\":\"xl\",\"image_position\":\"center-center\"},\"children\":[{\"type\":\"row\",\"children\":[{\"type\":\"column\",\"props\":{\"image_position\":\"center-center\",\"media_overlay_gradient\":\"\",\"width_medium\":\"1-1\"},\"children\":[{\"type\":\"headline\",\"props\":{\"title_element\":\"h2\",\"title_style\":\"h2\",\"content\":\"\n\n<p>Presentaci\\u00f3n<\\\/p>\"},\"name\":\"Headline H2\"}]}]},{\"type\":\"row\",\"props\":{\"layout\":\"2-3,1-3\",\"column_gap\":\"large\",\"match\":false},\"children\":[{\"type\":\"column\",\"props\":{\"image_position\":\"center-center\",\"media_overlay_gradient\":\"\",\"width_medium\":\"2-3\"},\"children\":[{\"type\":\"text\",\"props\":{\"margin\":\"default\",\"column_breakpoint\":\"m\",\"content\":\"\n\n<p>La empresa ROUGIER Electrom\\u00e9canique es una empresa familiar francesa especializada en el estudio y fabricaci\\u00f3n de\\u00a0<strong>piezas o conjuntos destinados a transmitir todo tipo de corriente el\\u00e9ctrica a sistemas en movimiento<\\\/strong>.<\\\/p>\\n\n\n<p><strong>Es experta en el \\u00e1mbito de los conectores el\\u00e9ctricos rotativos o deslizantes y en el mecanizado de grafitos para la electromec\\u00e1nic<\\\/strong>a.<\\\/p>\\n\n\n<p>Su planta de producci\\u00f3n, ubicada en la regi\\u00f3n francesa de Normand\\u00eda, cerca del municipio de \\u00c9vreux, <strong>exporta a todo el mundo<\\\/strong> los productos que salen de sus diferentes talleres de mecanizado de grafitos para electromec\\u00e1nica, de portaescobillas, de conectores el\\u00e9ctricos rotativos, de juegos de anillos, de colectores de delgas y de sistemas de alimentaci\\u00f3n por electroforesis.<\\\/p>\\n\n\n<p>Al mismo tiempo, ofrecemos <strong>piezas de recambio para motores el\\u00e9ctricos, como placas de bornes, ventiladores y cubreventiladores, as\\u00ed como condensadores<\\\/strong>.<\\\/p>\\n\n\n<p>Manteniendo esta mentalidad, somos los distribuidores de la marca de <strong>rieles el\\u00e9ctricos aislados FABA<\\\/strong>.<\\\/p>\"}}]},{\"type\":\"column\",\"props\":{\"image_position\":\"center-center\",\"media_overlay_gradient\":\"\",\"vertical_align\":\"middle\",\"width_medium\":\"1-3\"},\"children\":[{\"type\":\"image\",\"props\":{\"margin\":\"default\",\"image_svg_color\":\"emphasis\",\"text_align\":\"center\",\"animation\":\"slide-right-medium\",\"image\":\"wp-content\\\/uploads\\\/systeme-pieces-transmission-courant-electrique.jpg\",\"image_width\":\"500\",\"image_alt\":\"Piezas o conjuntos destinados a transmitir todo tipo de corriente el\\u00e9ctrica\"}}]}]},{\"type\":\"row\",\"children\":[{\"type\":\"column\",\"props\":{\"image_position\":\"center-center\",\"media_overlay_gradient\":\"\",\"width_medium\":\"1-1\"},\"children\":[{\"type\":\"text\",\"props\":{\"margin\":\"default\",\"column_breakpoint\":\"m\",\"text_style\":\"meta\",\"text_align\":\"center\",\"content\":\"\n\n<p>Nuestra planta de producci\\u00f3n de Normand\\u00eda<\\\/p>\"}}]}]},{\"type\":\"row\",\"props\":{\"layout\":\"1-2,1-2\"},\"children\":[{\"type\":\"column\",\"props\":{\"image_position\":\"center-center\",\"media_overlay_gradient\":\"\",\"width_medium\":\"1-2\"},\"children\":[{\"type\":\"image\",\"props\":{\"margin\":\"default\",\"image_svg_color\":\"emphasis\",\"text_align\":\"center\",\"image\":\"wp-content\\\/uploads\\\/rougier-electromecanique-production-eure2.jpg\",\"image_alt\":\"planta de producci\\u00f3n\"}}]},{\"type\":\"column\",\"props\":{\"image_position\":\"center-center\",\"media_overlay_gradient\":\"\",\"width_medium\":\"1-2\"},\"children\":[{\"type\":\"image\",\"props\":{\"margin\":\"default\",\"image_svg_color\":\"emphasis\",\"text_align\":\"center\",\"image\":\"wp-content\\\/uploads\\\/rougier-electromecanique-production-eure1.jpg\",\"image_alt\":\"planta de producci\\u00f3n\"}}]}]}]},{\"type\":\"section\",\"props\":{\"style\":\"default\",\"width\":\"large\",\"vertical_align\":\"middle\",\"title_position\":\"top-left\",\"title_rotation\":\"left\",\"title_breakpoint\":\"xl\",\"image_position\":\"center-center\",\"padding_remove_top\":true},\"children\":[{\"type\":\"row\",\"children\":[{\"type\":\"column\",\"props\":{\"image_position\":\"center-center\",\"media_overlay_gradient\":\"\",\"width_medium\":\"1-1\"},\"children\":[{\"type\":\"headline\",\"props\":{\"title_element\":\"h2\",\"title_style\":\"h2\",\"content\":\"\n\n<p>Historia<\\\/p>\"},\"name\":\"Headline H2\"}]}]},{\"type\":\"row\",\"children\":[{\"type\":\"column\",\"props\":{\"image_position\":\"center-center\",\"media_overlay_gradient\":\"\",\"width_medium\":\"1-1\"},\"children\":[{\"type\":\"text\",\"props\":{\"margin\":\"default\",\"column_breakpoint\":\"m\",\"content\":\"\n\n<p>Fundada en 1927 por Jean Rougier, la empresa ROUGIER Electrom\\u00e9canique, entonces conocida como \\u201cEts Jean Rougier\\u201d, comenz\\u00f3 su actividad representando a firmas extranjeras especializadas en los grafitos para el \\u00e1mbito de la electromec\\u00e1nica.<\\\/p>\"}},{\"type\":\"slideshow\",\"props\":{\"show_title\":true,\"show_meta\":false,\"show_content\":true,\"show_link\":false,\"show_thumbnail\":false,\"slideshow_min_height\":\"\",\"slideshow_autoplay_pause\":true,\"nav\":\"\",\"nav_position\":\"bottom-center\",\"nav_position_margin\":\"medium\",\"nav_align\":\"center\",\"nav_breakpoint\":\"s\",\"thumbnav_width\":\"100\",\"thumbnav_height\":\"75\",\"thumbnav_svg_color\":\"emphasis\",\"slidenav\":\"default\",\"slidenav_margin\":\"\",\"slidenav_breakpoint\":\"s\",\"slidenav_outside_breakpoint\":\"xl\",\"overlay_position\":\"bottom\",\"overlay_animation\":\"fade\",\"title_element\":\"h2\",\"meta_style\":\"meta\",\"meta_align\":\"below-title\",\"link_text\":\"Read more\",\"link_style\":\"default\",\"margin\":\"default\",\"slideshow_height\":\"\",\"text_color\":\"light\",\"slideshow_box_shadow\":\"small\",\"slideshow_box_decoration\":\"\",\"slideshow_animation\":\"\",\"slideshow_kenburns\":\"\",\"nav_margin\":\"\",\"nav_color\":\"\",\"slidenav_outside_color\":\"\",\"overlay_container\":\"\",\"overlay_container_padding\":\"xsmall\",\"overlay_margin\":\"none\",\"overlay_style\":\"overlay-default\",\"overlay_padding\":\"small\",\"overlay_width\":\"medium\",\"title_style\":\"h6\",\"title_color\":\"primary\",\"maxwidth\":\"xlarge\",\"block_align\":\"center\",\"text_align\":\"center\",\"slideshow_autoplay\":true,\"nav_below\":true,\"slidenav_large\":true,\"slideshow_autoplay_interval\":\"3\",\"slideshow_max_height\":\"\",\"slidenav_hover\":true,\"meta_element\":\"div\"},\"children\":[{\"type\":\"slideshow_item\",\"props\":{\"title\":\"1950\",\"image\":\"wp-content\\\/uploads\\\/logo-rougier-1950-catalogue.jpg\",\"image_alt\":\"Rougier Electrom\\u00e9canique 1950\",\"content\":\"\"}},{\"type\":\"slideshow_item\",\"props\":{\"title\":\"1970\",\"image\":\"wp-content\\\/uploads\\\/logo-rougier-1970-catalogue.jpg\",\"image_alt\":\"Rougier Electrom\\u00e9canique 1970\",\"content\":\"\"}},{\"type\":\"slideshow_item\",\"props\":{\"title\":\"2000\",\"image\":\"wp-content\\\/uploads\\\/logo-rougier-2000-catalogue.jpg\",\"image_alt\":\"Rougier Electrom\\u00e9canique 2000\",\"content\":\"\"}},{\"type\":\"slideshow_item\",\"props\":{\"title\":\"2020\",\"image\":\"wp-content\\\/uploads\\\/logo-rougier-2020-catalogue.jpg\",\"image_alt\":\"Rougier Electrom\\u00e9canique 2020\",\"content\":\"\"}}]},{\"type\":\"text\",\"props\":{\"margin\":\"default\",\"column_breakpoint\":\"m\",\"content\":\"\n\n<p>Con el paso de los a\\u00f1os, la empresa fund\\u00f3 sus propios talleres de producci\\u00f3n, que al principio se dedicaban a la <strong>fabricaci\\u00f3n de escobillas para motores el\\u00e9ctricos y m\\u00e1s tarde de portaescobillas, colectores de delgas o de anillos, conectores el\\u00e9ctricos rotativos, rieles el\\u00e9ctricos aislados, fuentes de alimentaci\\u00f3n el\\u00e9ctrica de l\\u00edneas de manutenci\\u00f3n y tratamiento de superficies<\\\/strong>.<\\\/p>\"}}]}]},{\"type\":\"row\",\"props\":{\"layout\":\"1-2,1-2\"},\"children\":[{\"type\":\"column\",\"props\":{\"image_position\":\"center-center\",\"media_overlay_gradient\":\"\",\"width_medium\":\"1-2\"},\"children\":[{\"type\":\"text\",\"props\":{\"margin\":\"default\",\"column_breakpoint\":\"m\",\"text_style\":\"meta\",\"text_align\":\"center\",\"content\":\"\n\n<p>EN 1940<\\\/p>\"}},{\"type\":\"image\",\"props\":{\"margin\":\"default\",\"image_svg_color\":\"emphasis\",\"text_align\":\"center\",\"image\":\"wp-content\\\/uploads\\\/rougier-electromecanique-1940.jpg\"}}]},{\"type\":\"column\",\"props\":{\"image_position\":\"center-center\",\"media_overlay_gradient\":\"\",\"width_medium\":\"1-2\"},\"children\":[{\"type\":\"text\",\"props\":{\"margin\":\"default\",\"column_breakpoint\":\"m\",\"text_style\":\"meta\",\"text_align\":\"center\",\"content\":\"\n\n<p>EN 1950<\\\/p>\"}},{\"type\":\"image\",\"props\":{\"margin\":\"default\",\"image_svg_color\":\"emphasis\",\"text_align\":\"center\",\"image\":\"wp-content\\\/uploads\\\/rougier-electromecanique-1950.jpg\"}}]}]},{\"type\":\"row\",\"children\":[{\"type\":\"column\",\"props\":{\"image_position\":\"center-center\",\"media_overlay_gradient\":\"\",\"width_medium\":\"1-1\"},\"children\":[{\"type\":\"text\",\"props\":{\"margin\":\"default\",\"column_breakpoint\":\"m\",\"content\":\"\n\n<p>Esta empresa familiar ha conocido tres generaciones de directivos y, en 2001, Philippe Rougier sucedi\\u00f3 a Jean-Fran\\u00e7ois Rougier. En 2007 la sociedad, que entonces se llamaba \\u00ab Ets J.Rougier et Fils \\u00bb, pas\\u00f3 a denominarse \\u00ab ROUGIER Electrom\\u00e9canique \\u00bb.<\\\/p>\"}}]}]}]}],\"version\":\"2.3.12\"} --><\/p>\n","protected":false},"excerpt":{"rendered":"<p>ROUGIER Electrom\u00e9canique Presentaci\u00f3n La empresa ROUGIER Electrom\u00e9canique es una empresa familiar francesa especializada en el estudio y fabricaci\u00f3n de\u00a0piezas o conjuntos destinados a transmitir todo tipo de corriente el\u00e9ctrica a sistemas en movimiento. Es experta en el \u00e1mbito de los conectores el\u00e9ctricos rotativos o deslizantes y en el mecanizado de grafitos para la electromec\u00e1nica. Su [&hellip;]<\/p>\n","protected":false},"author":1,"featured_media":0,"parent":0,"menu_order":0,"comment_status":"closed","ping_status":"closed","template":"","meta":{"footnotes":""},"class_list":["post-1169","page","type-page","status-publish","hentry"],"aioseo_notices":[],"_links":{"self":[{"href":"https:\/\/www.rougier-electro.fr\/es\/wp-json\/wp\/v2\/pages\/1169","targetHints":{"allow":["GET"]}}],"collection":[{"href":"https:\/\/www.rougier-electro.fr\/es\/wp-json\/wp\/v2\/pages"}],"about":[{"href":"https:\/\/www.rougier-electro.fr\/es\/wp-json\/wp\/v2\/types\/page"}],"author":[{"embeddable":true,"href":"https:\/\/www.rougier-electro.fr\/es\/wp-json\/wp\/v2\/users\/1"}],"replies":[{"embeddable":true,"href":"https:\/\/www.rougier-electro.fr\/es\/wp-json\/wp\/v2\/comments?post=1169"}],"version-history":[{"count":0,"href":"https:\/\/www.rougier-electro.fr\/es\/wp-json\/wp\/v2\/pages\/1169\/revisions"}],"wp:attachment":[{"href":"https:\/\/www.rougier-electro.fr\/es\/wp-json\/wp\/v2\/media?parent=1169"}],"curies":[{"name":"wp","href":"https:\/\/api.w.org\/{rel}","templated":true}]}}