{"id":1665,"date":"2020-01-17T13:09:03","date_gmt":"2020-01-17T12:09:03","guid":{"rendered":"https:\/\/www.rougier-electro.fr\/catalogues-produits-alimentation-electrique-engins-mobiles\/"},"modified":"2023-06-15T10:34:32","modified_gmt":"2023-06-15T08:34:32","slug":"catalogues-manufacturing-of-power-supplies-for-moving-motors","status":"publish","type":"page","link":"https:\/\/www.rougier-electro.fr\/en\/catalogues-manufacturing-of-power-supplies-for-moving-motors\/","title":{"rendered":"Downloads"},"content":{"rendered":"<h1>\n<p>Our documentations for free download<\/p>\n<\/h1>\n<ul>\n<li>\n<p>        <img decoding=\"async\" src=\"https:\/\/www.rougier-electro.fr\/wp-content\/uploads\/catalogue-charbons-moteur-electrique.jpg\" alt=\"Balais industriels en graphite - Charbons moteur \u00e9lectrique\"><\/p>\n<h3>Balais industriels<\/h3>\n<p><a href=\"https:\/\/www.rougier-electro.fr\/wp-content\/uploads\/catalogue-charbons-moteur-electrique.pdf\">Voir le fichier<\/a><\/p>\n<\/li>\n<li>\n<p>        <img decoding=\"async\" src=\"https:\/\/www.rougier-electro.fr\/wp-content\/uploads\/identification-charbons-moteur-electrique.jpg\" alt=\"Balais industriels en graphite - Charbons moteur \u00e9lectrique\"><\/p>\n<h3>identification des balais industriels<\/h3>\n<p><a href=\"https:\/\/www.rougier-electro.fr\/wp-content\/uploads\/identification-charbons-moteur-electrique.pdf\">Voir le fichier<\/a><\/p>\n<\/li>\n<li>\n<p>        <img decoding=\"async\" src=\"https:\/\/www.rougier-electro.fr\/wp-content\/uploads\/catalogue-petit-balais-appareils-electroportatifs.jpg\" alt=\"Petits balais et balais pour appareils \u00e9lectroportatifs\"><\/p>\n<h3>Petits balais et balais<\/h3>\n<p><a href=\"https:\/\/www.rougier-electro.fr\/wp-content\/uploads\/catalogue-petit-balais-appareils-electroportatifs.pdf\">Voir le fichier<\/a><\/p>\n<\/li>\n<li>\n<p>        <img decoding=\"async\" src=\"https:\/\/www.rougier-electro.fr\/wp-content\/uploads\/catalogue-porte-balais-moteur-electrique.jpg\" alt=\"Porte balais pour moteur \u00e9lectrique - Brush holders\"><\/p>\n<h3>Porte balais<\/h3>\n<p><a href=\"https:\/\/www.rougier-electro.fr\/wp-content\/uploads\/catalogue-porte-balais-moteur-electrique.pdf\">Voir le fichier<\/a><\/p>\n<\/li>\n<li>\n<p>        <img decoding=\"async\" src=\"https:\/\/www.rougier-electro.fr\/wp-content\/uploads\/catalogue-collecteurs-a-bagues.jpg\" alt=\"Jeux de bagues collectrices - Collecteurs \u00e0 bagues\"><\/p>\n<h3>Jeux de bagues<\/h3>\n<p><a href=\"https:\/\/www.rougier-electro.fr\/wp-content\/uploads\/catalogue-collecteurs-a-bagues.pdf\">Voir le fichier<\/a><\/p>\n<\/li>\n<li>\n<p>        <img decoding=\"async\" src=\"https:\/\/www.rougier-electro.fr\/wp-content\/uploads\/Pagedegardeidentificationbagues.jpg\" alt=\"Jeux de bagues collectrices - Collecteurs \u00e0 bagues\"><\/p>\n<h3>Jeux de bagues<\/h3>\n<p><a href=\"https:\/\/www.rougier-electro.fr\/wp-content\/uploads\/identification-collecteurs-a-bagues.pdf\">Voir le fichier<\/a><\/p>\n<\/li>\n<li>\n<p>        <img decoding=\"async\" src=\"https:\/\/www.rougier-electro.fr\/wp-content\/uploads\/catalogue-collecteurs-electriques-tournants.jpg\" alt=\"Collecteurs et contacteurs \u00e9lectriques tournants\"><\/p>\n<h3>Collecteurs \u00e9lectriques tournants<\/h3>\n<p><a href=\"https:\/\/www.rougier-electro.fr\/wp-content\/uploads\/catalogue-collecteurs-electriques-tournants.pdf\">Voir le fichier<\/a><\/p>\n<\/li>\n<li>\n<p>        <img decoding=\"async\" src=\"https:\/\/www.rougier-electro.fr\/wp-content\/uploads\/catalogue-identification-collecteur-a-lames.jpg\" alt=\"Fiche d'identification des collecteurs \u00e0 lames\"><\/p>\n<h3>Collecteurs \u00e0 lames<\/h3>\n<p><a href=\"https:\/\/www.rougier-electro.fr\/wp-content\/uploads\/catalogue-identification-collecteur-a-lames.pdf\">Voir le fichier<\/a><\/p>\n<\/li>\n<li>\n<p>        <img decoding=\"async\" src=\"https:\/\/www.rougier-electro.fr\/wp-content\/uploads\/catalogue-frotteurs-capteurs-courant.jpg\" alt=\"Frotteurs et capteurs de courant pour syst\u00e8mes de levage et de manutention\"><\/p>\n<h3>Fotteurs et capteurs<\/h3>\n<p><a href=\"https:\/\/www.rougier-electro.fr\/wp-content\/uploads\/catalogue-frotteurs-capteurs-courant.pdf\">Voir le fichier<\/a><\/p>\n<\/li>\n<li>\n<p>        <img decoding=\"async\" src=\"https:\/\/www.rougier-electro.fr\/wp-content\/uploads\/catalogue-electrophorese.jpg\" alt=\"Principe et composition d'une ligne d'\u00e9lectrification de cataphor\u00e8se\"><\/p>\n<h3>Cataphor\u00e8se<\/h3>\n<p><a href=\"https:\/\/www.rougier-electro.fr\/wp-content\/uploads\/catalogue-electrophorese.pdf\">Voir le fichier<\/a><\/p>\n<\/li>\n<li>\n<p>        <img decoding=\"async\" src=\"https:\/\/www.rougier-electro.fr\/wp-content\/uploads\/catalogue-pieces-detachees-moteur-electrique.jpg\" alt=\"Pi\u00e8ces d\u00e9tach\u00e9es moteur \u00e9lectrique\"><\/p>\n<h3>Accessoires<\/h3>\n<p><a href=\"https:\/\/www.rougier-electro.fr\/wp-content\/uploads\/catalogue-pieces-detachees-moteur-electrique.pdf\">Voir le fichier<\/a><\/p>\n<\/li>\n<li>\n<p>        <img decoding=\"async\" src=\"https:\/\/www.rougier-electro.fr\/wp-content\/uploads\/catalogue-rail-alimentation-electrique-FABA.jpg\" alt=\"Rails FABA pour l'alimentation \u00e9lectrique des engins mobiles\"><\/p>\n<h3>Rails FABA<\/h3>\n<p><a href=\"https:\/\/www.rougier-electro.fr\/wp-content\/uploads\/catalogue-rail-alimentation-electrique-FABA.pdf\">Voir le fichier<\/a><\/p>\n<\/li>\n<\/ul>\n<p><!--more--><br \/>\n<!-- {\"type\":\"layout\",\"children\":[{\"type\":\"section\",\"props\":{\"animation\":\"fade\",\"animation_delay\":\"200\",\"image\":\"wp-content\\\/uploads\\\/cover-collecteur-electrique-tournant.jpg\",\"image_effect\":\"parallax\",\"image_parallax_bgy\":\"-100,100\",\"image_parallax_easing\":\"1\",\"image_position\":\"center-center\",\"image_size\":\"cover\",\"media_overlay\":\"rgba(0, 0, 0, 0.52)\",\"padding\":\"large\",\"style\":\"default\",\"text_color\":\"light\",\"title_breakpoint\":\"xl\",\"title_position\":\"top-left\",\"title_rotation\":\"left\",\"vertical_align\":\"middle\",\"width\":\"large\"},\"children\":[{\"type\":\"row\",\"props\":{\"margin\":\"remove-vertical\"},\"children\":[{\"type\":\"column\",\"props\":{\"image_position\":\"center-center\",\"media_overlay_gradient\":\"\",\"position_sticky_breakpoint\":\"m\",\"width_medium\":\"1-1\"},\"children\":[{\"type\":\"headline\",\"props\":{\"content\":\"\n\n<p>Our documentations for free download<\\\/p>\",\"text_align\":\"center\",\"title_element\":\"h1\",\"title_style\":\"heading-small\"},\"name\":\"Headline H1\"}]}]}],\"name\":\"Entete\"},{\"type\":\"section\",\"props\":{\"animation\":\"slide-right-medium\",\"animation_delay\":\"200\",\"image_position\":\"center-center\",\"padding\":\"large\",\"padding_remove_top\":false,\"style\":\"default\",\"title_breakpoint\":\"xl\",\"title_position\":\"top-left\",\"title_rotation\":\"left\",\"vertical_align\":\"middle\",\"width\":\"large\"},\"children\":[{\"type\":\"row\",\"children\":[{\"type\":\"column\",\"props\":{\"image_position\":\"center-center\",\"media_overlay_gradient\":\"\",\"position_sticky_breakpoint\":\"m\",\"width_medium\":\"1-1\"},\"children\":[{\"type\":\"gallery\",\"props\":{\"css\":\".el-image { border: 1px solid #dddcdc; }\",\"filter_align\":\"left\",\"filter_all\":true,\"filter_grid_breakpoint\":\"m\",\"filter_grid_width\":\"auto\",\"filter_position\":\"top\",\"filter_style\":\"tab\",\"grid_column_gap\":\"large\",\"grid_default\":\"1\",\"grid_large\":\"4\",\"grid_medium\":\"3\",\"grid_row_gap\":\"large\",\"image_box_decoration_inverse\":false,\"image_box_shadow\":\"medium\",\"image_orientation\":true,\"item_animation\":true,\"link_style\":\"default\",\"link_target\":true,\"link_text\":\"Voir le fichier\",\"link_transition\":\"scale-up\",\"margin\":\"default\",\"meta_align\":\"below-title\",\"meta_element\":\"div\",\"meta_style\":\"text-meta\",\"overlay_hover\":true,\"overlay_mode\":\"cover\",\"overlay_position\":\"center\",\"overlay_style\":\"overlay-primary\",\"overlay_transition\":\"fade\",\"overlay_transition_background\":false,\"parallax_easing\":\"1\",\"show_content\":false,\"show_hover_image\":true,\"show_link\":true,\"show_meta\":false,\"show_title\":false,\"text_align\":\"center\",\"text_color\":\"light\",\"title_element\":\"h3\",\"title_hover_style\":\"reset\"},\"children\":[{\"type\":\"gallery_item\",\"props\":{\"image\":\"wp-content\\\/uploads\\\/catalogue-charbons-moteur-electrique.jpg\",\"image_alt\":\"Balais industriels en graphite - Charbons moteur \\u00e9lectrique\",\"link\":\"wp-content\\\/uploads\\\/catalogue-charbons-moteur-electrique.pdf\",\"title\":\"Balais industriels\"}},{\"type\":\"gallery_item\",\"props\":{\"image\":\"wp-content\\\/uploads\\\/identification-charbons-moteur-electrique.jpg\",\"image_alt\":\"Balais industriels en graphite - Charbons moteur \\u00e9lectrique\",\"link\":\"wp-content\\\/uploads\\\/identification-charbons-moteur-electrique.pdf\",\"title\":\"identification des balais industriels\"}},{\"type\":\"gallery_item\",\"props\":{\"image\":\"wp-content\\\/uploads\\\/catalogue-petit-balais-appareils-electroportatifs.jpg\",\"image_alt\":\"Petits balais et balais pour appareils \\u00e9lectroportatifs\",\"link\":\"wp-content\\\/uploads\\\/catalogue-petit-balais-appareils-electroportatifs.pdf\",\"title\":\"Petits balais et balais\"}},{\"type\":\"gallery_item\",\"props\":{\"image\":\"wp-content\\\/uploads\\\/catalogue-porte-balais-moteur-electrique.jpg\",\"image_alt\":\"Porte balais pour moteur \\u00e9lectrique - Brush holders\",\"link\":\"wp-content\\\/uploads\\\/catalogue-porte-balais-moteur-electrique.pdf\",\"title\":\"Porte balais\"}},{\"type\":\"gallery_item\",\"props\":{\"image\":\"wp-content\\\/uploads\\\/catalogue-collecteurs-a-bagues.jpg\",\"image_alt\":\"Jeux de bagues collectrices - Collecteurs \\u00e0 bagues\",\"link\":\"wp-content\\\/uploads\\\/catalogue-collecteurs-a-bagues.pdf\",\"title\":\"Jeux de bagues\"}},{\"type\":\"gallery_item\",\"props\":{\"image\":\"wp-content\\\/uploads\\\/Pagedegardeidentificationbagues.jpg\",\"image_alt\":\"Jeux de bagues collectrices - Collecteurs \\u00e0 bagues\",\"link\":\"wp-content\\\/uploads\\\/identification-collecteurs-a-bagues.pdf\",\"title\":\"Jeux de bagues\"}},{\"type\":\"gallery_item\",\"props\":{\"image\":\"wp-content\\\/uploads\\\/catalogue-collecteurs-electriques-tournants.jpg\",\"image_alt\":\"Collecteurs et contacteurs \\u00e9lectriques tournants\",\"link\":\"wp-content\\\/uploads\\\/catalogue-collecteurs-electriques-tournants.pdf\",\"title\":\"Collecteurs \\u00e9lectriques tournants\"}},{\"type\":\"gallery_item\",\"props\":{\"image\":\"wp-content\\\/uploads\\\/catalogue-identification-collecteur-a-lames.jpg\",\"image_alt\":\"Fiche d'identification des collecteurs \\u00e0 lames\",\"link\":\"wp-content\\\/uploads\\\/catalogue-identification-collecteur-a-lames.pdf\",\"title\":\"Collecteurs \\u00e0 lames\"}},{\"type\":\"gallery_item\",\"props\":{\"image\":\"wp-content\\\/uploads\\\/catalogue-frotteurs-capteurs-courant.jpg\",\"image_alt\":\"Frotteurs et capteurs de courant pour syst\\u00e8mes de levage et de manutention\",\"link\":\"wp-content\\\/uploads\\\/catalogue-frotteurs-capteurs-courant.pdf\",\"title\":\"Fotteurs et capteurs\"}},{\"type\":\"gallery_item\",\"props\":{\"image\":\"wp-content\\\/uploads\\\/catalogue-electrophorese.jpg\",\"image_alt\":\"Principe et composition d'une ligne d'\\u00e9lectrification de cataphor\\u00e8se\",\"link\":\"wp-content\\\/uploads\\\/catalogue-electrophorese.pdf\",\"title\":\"Cataphor\\u00e8se\"}},{\"type\":\"gallery_item\",\"props\":{\"image\":\"wp-content\\\/uploads\\\/catalogue-pieces-detachees-moteur-electrique.jpg\",\"image_alt\":\"Pi\\u00e8ces d\\u00e9tach\\u00e9es moteur \\u00e9lectrique\",\"link\":\"wp-content\\\/uploads\\\/catalogue-pieces-detachees-moteur-electrique.pdf\",\"title\":\"Accessoires\"}},{\"type\":\"gallery_item\",\"props\":{\"image\":\"wp-content\\\/uploads\\\/catalogue-rail-alimentation-electrique-FABA.jpg\",\"image_alt\":\"Rails FABA pour l'alimentation \\u00e9lectrique des engins mobiles\",\"link\":\"wp-content\\\/uploads\\\/catalogue-rail-alimentation-electrique-FABA.pdf\",\"title\":\"Rails FABA\"}}]}]}]}]}],\"version\":\"3.0.30\"} --><\/p>\n","protected":false},"excerpt":{"rendered":"<p>Our documentations for free download Balais industriels Voir le fichier identification des balais industriels Voir le fichier Petits balais et balais Voir le fichier Porte balais Voir le fichier Jeux de bagues Voir le fichier Jeux de bagues Voir le fichier Collecteurs \u00e9lectriques tournants Voir le fichier Collecteurs \u00e0 lames Voir le fichier Fotteurs et [&hellip;]<\/p>\n","protected":false},"author":1,"featured_media":0,"parent":0,"menu_order":0,"comment_status":"closed","ping_status":"closed","template":"","meta":{"footnotes":""},"class_list":["post-1665","page","type-page","status-publish","hentry"],"aioseo_notices":[],"_links":{"self":[{"href":"https:\/\/www.rougier-electro.fr\/en\/wp-json\/wp\/v2\/pages\/1665","targetHints":{"allow":["GET"]}}],"collection":[{"href":"https:\/\/www.rougier-electro.fr\/en\/wp-json\/wp\/v2\/pages"}],"about":[{"href":"https:\/\/www.rougier-electro.fr\/en\/wp-json\/wp\/v2\/types\/page"}],"author":[{"embeddable":true,"href":"https:\/\/www.rougier-electro.fr\/en\/wp-json\/wp\/v2\/users\/1"}],"replies":[{"embeddable":true,"href":"https:\/\/www.rougier-electro.fr\/en\/wp-json\/wp\/v2\/comments?post=1665"}],"version-history":[{"count":0,"href":"https:\/\/www.rougier-electro.fr\/en\/wp-json\/wp\/v2\/pages\/1665\/revisions"}],"wp:attachment":[{"href":"https:\/\/www.rougier-electro.fr\/en\/wp-json\/wp\/v2\/media?parent=1665"}],"curies":[{"name":"wp","href":"https:\/\/api.w.org\/{rel}","templated":true}]}}