{"id":2152,"date":"2020-01-08T14:47:29","date_gmt":"2020-01-08T13:47:29","guid":{"rendered":"https:\/\/www.rougier-electro.fr\/mentions-legales\/"},"modified":"2021-03-09T15:47:21","modified_gmt":"2021-03-09T14:47:21","slug":"mentions-legales","status":"publish","type":"page","link":"https:\/\/www.rougier-electro.fr\/de\/mentions-legales\/","title":{"rendered":"Mentions l\u00e9gales"},"content":{"rendered":"\n<p>Ce site www.rougier-electro.fr est \u00e9dit\u00e9 par :<\/p>\n\n\n\n<p>SARL ROUGIER ELECTROMECANIQUE<br>52, rue de Bu &#8211; Le moulin<br>27810 &#8211; Marcilly sur Eure<br>FRANCE<br>SARL au capital de 200.000 \u20ac<br>RCS EVREUX 642 048 508 Code NAF 311 A<br>N\u00b0 TVA FR 46 642 078 508<\/p>\n\n\n\n<p><strong>Conception &amp; R\u00e9alisation du site<\/strong>&nbsp;: Crealys Web &#8211; 27 rue des jardins du rabais &#8211; 27000 Evreux &#8211;&nbsp;<a href=\"https:\/\/www.crealys-web.fr\">www.crealys-web.fr<\/a><\/p>\n\n\n\n<p><strong>Responsable publication &amp; Webmaster<\/strong> : Marc MARUSSIG &#8211; <a href=\"https:\/\/www.rougier-electro.fr\/contact-specialiste-transmission-electrique-pour-moteur-electrique\/\" title=\"Contact\">nous contacter<\/a><\/p>\n\n\n\n<p><strong>H\u00e9bergeur<\/strong> : OVH &#8211; 2 rue Kellermann &#8211; 59100 ROUBAIX &#8211; France &#8211; T\u00e9l. (N\u00b0 indigo) 0820 698 765<\/p>\n\n\n\n<p>Les internautes sont inform\u00e9s qu&#8217;ils disposent d&#8217;un droit d&#8217;acc\u00e8s, de suppression ou de modification des donn\u00e9es nominatives les concernant. Pour l&#8217;exercer, adressez-vous \u00e0 ROUGIER ELECTROMECANIQUE, Services Centraux, 52, rue de Bu 27810 Marcilly sur Eure ou envoyez un message \u00e0 <a href=\"mailto:contact@rougier-electro.fr\">contact@rougier-electro.fr<\/a> <\/p>\n\n\n\n<p><strong>Copyright :<\/strong><br><br>L&#8217;ensemble des contenus de tous types pr\u00e9sents sur ce site Internet sont la propri\u00e9t\u00e9 exclusive de ROUGIER ELECTROMECANIQUE ou des prestataires d\u00e9sign\u00e9s par cette soci\u00e9t\u00e9, et sont prot\u00e9g\u00e9s par la l\u00e9gislation fran\u00e7aise et\/ou internationale sur les droits d&#8217;auteur.<\/p>\n\n\n\n<p>La reproduction de tout ou partie de ce site sur quelque support que ce soit (y compris pour les documents t\u00e9l\u00e9chargeables et les repr\u00e9sentations iconographiques et photographiques), ainsi que toute utilisation du contenu du site, autre que la consultation individuelle et priv\u00e9e sont formellement interdites sauf autorisation expresse de ROUGIER ELECTROMECANIQUE.<\/p>\n\n\n\n<p>La soci\u00e9t\u00e9 ROUGIER ELECTROMECANIQUE pourra donner la permission \u00e0 tout cr\u00e9ateur\/gestionnaire de site web de pointer via un lien hypertexte sur la page d&#8217;accueil de son site www.rougier-electro.fr, ce lien ne pourra \u00eatre impl\u00e9ment\u00e9 qu&#8217;apr\u00e8s accord explicite et \u00e9crit de ROUGIER ELECTROMECANIQUE.<\/p>\n\n\n\n<p><strong>Avertissements :<\/strong><\/p>\n\n\n\n<p>L&#8217;information communiqu\u00e9e sur le site www.rougier-electro.fr est pr\u00e9sent\u00e9e \u00e0 titre indicatif et g\u00e9n\u00e9ral. Elle ne pr\u00e9tend aucunement \u00e0 l&#8217;exhaustivit\u00e9.<\/p>\n\n\n\n<p>Ces informations ne constituent en aucun cas une offre commerciale ou \u00e0 contracter, ni des conseils ou avis juridiques.<\/p>\n\n\n\n<p>Malgr\u00e9 tous les soins apport\u00e9s \u00e0 la r\u00e9alisation de ce site , des erreurs peuvent s&#8217;\u00eatre gliss\u00e9es dans les informations pr\u00e9sent\u00e9es. Les utilisateurs du site proc\u00e9deront donc \u00e0 toutes v\u00e9rifications utiles.<\/p>\n\n\n\n<p>ROUGIER ELECTROMECANIQUE se r\u00e9serve le droit sans avertissement pr\u00e9alable de corriger ou de modifier le contenu de ce site \u00e0 tout moment.<\/p>\n","protected":false},"excerpt":{"rendered":"<p>Ce site www.rougier-electro.fr est \u00e9dit\u00e9 par : SARL ROUGIER ELECTROMECANIQUE52, rue de Bu &#8211; Le moulin27810 &#8211; Marcilly sur EureFRANCESARL au capital de 200.000 \u20acRCS EVREUX 642 048 508 Code NAF 311 AN\u00b0 TVA FR 46 642 078 508 Conception &amp; R\u00e9alisation du site&nbsp;: Crealys Web &#8211; 27 rue des jardins du rabais &#8211; 27000 [&hellip;]<\/p>\n","protected":false},"author":1,"featured_media":0,"parent":0,"menu_order":0,"comment_status":"closed","ping_status":"closed","template":"","meta":{"footnotes":""},"class_list":["post-2152","page","type-page","status-publish","hentry"],"aioseo_notices":[],"_links":{"self":[{"href":"https:\/\/www.rougier-electro.fr\/de\/wp-json\/wp\/v2\/pages\/2152","targetHints":{"allow":["GET"]}}],"collection":[{"href":"https:\/\/www.rougier-electro.fr\/de\/wp-json\/wp\/v2\/pages"}],"about":[{"href":"https:\/\/www.rougier-electro.fr\/de\/wp-json\/wp\/v2\/types\/page"}],"author":[{"embeddable":true,"href":"https:\/\/www.rougier-electro.fr\/de\/wp-json\/wp\/v2\/users\/1"}],"replies":[{"embeddable":true,"href":"https:\/\/www.rougier-electro.fr\/de\/wp-json\/wp\/v2\/comments?post=2152"}],"version-history":[{"count":0,"href":"https:\/\/www.rougier-electro.fr\/de\/wp-json\/wp\/v2\/pages\/2152\/revisions"}],"wp:attachment":[{"href":"https:\/\/www.rougier-electro.fr\/de\/wp-json\/wp\/v2\/media?parent=2152"}],"curies":[{"name":"wp","href":"https:\/\/api.w.org\/{rel}","templated":true}]}}