{"id":1699,"date":"2020-01-25T18:06:55","date_gmt":"2020-01-25T17:06:55","guid":{"rendered":"https:\/\/www.rougier-electro.fr\/savoir-faire-transfert-de-courant-electrique\/"},"modified":"2020-08-27T18:56:04","modified_gmt":"2020-08-27T16:56:04","slug":"unser-know-how-in-der-uebertragung-von-elektrischem-strom","status":"publish","type":"page","link":"https:\/\/www.rougier-electro.fr\/de\/unser-know-how-in-der-uebertragung-von-elektrischem-strom\/","title":{"rendered":"Know-how"},"content":{"rendered":"<h1>\n<p>Unser Know-how<\/p>\n<\/h1>\n<div>\n<p>Unsere \u00fcber 90j\u00e4hrige Erfahrung in der \u00dcbertragung von elektrischem Strom von festen auf bewegliche Teile hat uns immer wieder darin best\u00e4tigt, in jedem Produktionsbereich des Unternehmens Standardprodukte zu entwickeln, um schnell auf Ihre Bed\u00fcrfnisse reagieren zu k\u00f6nnen. Die Weiterentwicklung dieser Produkte integriert neue Technologien und Werkstoffe, wodurch wir immer in der Lage sind, das beste Produkt zum besten Preis anbieten zu k\u00f6nnen.<\/p>\n<p>Unser gesamtes Know-how erm\u00f6glicht es uns, Auftr\u00e4ge von Prototypen oder Modellen zu realisieren, sowie die Reparatur und die Fertigung von mittleren bis hin zu gro\u00dfen Serien auszuf\u00fchren.<\/p>\n<p>Unsere Mitarbeiter im Vertrieb und in unserem Konstruktionsb\u00fcro sind reaktiv, erfahren und dynamisch und bieten Ihnen jederzeit innovative L\u00f6sungen an.<\/p>\n<p>Wir \u00fcbernehmen gerne die Reparatur oder den identischen Nachbau von bereits bestehenden Systemen, sowie die Ver\u00e4nderung von vorhandenen Anlagen oder deren Zuverl\u00e4ssigkeitspr\u00fcfung und stehen Ihnen auch gerne bei der Konzeption und der Entwicklung von neuen Produkten beratend zur Seite.<\/p>\n<p>Unsere langj\u00e4hrige Erfahrung im Bereich der Industrie, gepaart mit den Vorteilen eines \u00fcberschaubaren Unternehmens, verleihen uns die n\u00f6tige Reaktionsf\u00e4higkeit, geplante Liefertermine einzuhalten und dabei eine perfekte Kostenkontrolle zu garantieren.<\/p>\n<\/div>\n<div>\n<h3>Dienstleistungen<\/h3>\n<div>\n<ul>\n<li>Ein Konstruktionsb\u00fcro (2D\/3D)<\/li>\n<li>Rohstofflager<\/li>\n<li>Endproduktlager<\/li>\n<li>Werkstatt Grafitb\u00fcrsten \/ B\u00fcrstenhalter<\/li>\n<li>Werkstatt Schleifringe \/ Kommutatoren und elektrische Schleif- oder Gleitkontakte<\/li>\n<li>Werkstatt F\u00f6rdersysteme<\/li>\n<\/ul>\n<p style=\"text-align: center;\"><strong>Jede Produktionseinheit ist mit entsprechenden Kontrollsystemen ausgestattet.<\/strong><\/p>\n<\/div>\n<\/div>\n<p><!-- {\"children\":[{\"type\":\"section\",\"props\":{\"style\":\"default\",\"width\":\"large\",\"vertical_align\":\"middle\",\"title_position\":\"top-left\",\"title_rotation\":\"left\",\"title_breakpoint\":\"xl\",\"image_position\":\"center-center\",\"text_color\":\"light\",\"width_expand\":\"\",\"height\":\"\",\"padding\":\"large\",\"header_transparent\":\"\",\"animation\":\"fade\",\"image\":\"wp-content\\\/uploads\\\/cover-collecteur-electrique-tournant.jpg\",\"image_size\":\"cover\",\"image_effect\":\"parallax\",\"image_parallax_breakpoint\":\"\",\"image_visibility\":\"\",\"video_width\":\"\",\"video_height\":\"\",\"media_blend_mode\":\"\",\"image_parallax_bgy_start\":\"-100\",\"image_parallax_bgy_end\":\"100\",\"media_overlay\":\"rgba(0, 0, 0, 0.52)\",\"animation_delay\":true},\"children\":[{\"type\":\"row\",\"props\":{\"layout\":\"1-1\",\"breakpoint\":\"m\",\"fixed_width\":\"large\",\"column_gap\":\"\",\"row_gap\":\"\",\"width\":\"\",\"width_expand\":\"\",\"height\":\"\",\"margin\":\"remove-vertical\"},\"children\":[{\"type\":\"column\",\"props\":{\"image_position\":\"center-center\",\"media_overlay_gradient\":\"\",\"vertical_align\":\"\",\"style\":\"\",\"text_color\":\"\",\"padding\":\"\"},\"children\":[{\"type\":\"headline\",\"props\":{\"title_element\":\"h1\",\"title_style\":\"heading-small\",\"title_decoration\":\"\",\"title_font_family\":\"\",\"title_color\":\"\",\"position\":\"\",\"position_z_index\":\"\",\"margin\":\"\",\"maxwidth\":\"\",\"maxwidth_breakpoint\":\"\",\"block_align\":\"\",\"block_align_breakpoint\":\"\",\"block_align_fallback\":\"\",\"text_align\":\"center\",\"text_align_breakpoint\":\"\",\"text_align_fallback\":\"\",\"animation\":\"\",\"visibility\":\"\",\"content\":\"\n\n<p>Unser Know-how<\\\/p>\"},\"name\":\"Headline H1\"}]}]}],\"name\":\"Entete\"},{\"type\":\"section\",\"props\":{\"style\":\"default\",\"width\":\"large\",\"vertical_align\":\"middle\",\"title_position\":\"top-left\",\"title_rotation\":\"left\",\"title_breakpoint\":\"xl\",\"image_position\":\"center-center\",\"text_color\":\"\",\"width_expand\":\"\",\"height\":\"\",\"padding\":\"\",\"header_transparent\":\"\",\"animation\":\"fade\",\"animation_delay\":true},\"children\":[{\"type\":\"row\",\"props\":{\"layout\":\"2-3,1-3\",\"breakpoint\":\"m\",\"fixed_width\":\"large\",\"column_gap\":\"large\",\"row_gap\":\"\",\"width\":\"\",\"width_expand\":\"\",\"height\":\"\",\"margin\":\"\"},\"children\":[{\"type\":\"column\",\"props\":{\"image_position\":\"center-center\",\"media_overlay_gradient\":\"\",\"vertical_align\":\"\",\"style\":\"\",\"text_color\":\"\",\"padding\":\"\"},\"children\":[{\"type\":\"text\",\"props\":{\"margin\":\"default\",\"column_breakpoint\":\"m\",\"text_style\":\"\",\"text_color\":\"\",\"text_size\":\"\",\"column\":\"\",\"position\":\"\",\"position_z_index\":\"\",\"maxwidth\":\"\",\"maxwidth_breakpoint\":\"\",\"block_align\":\"\",\"block_align_breakpoint\":\"\",\"block_align_fallback\":\"\",\"text_align\":\"\",\"text_align_breakpoint\":\"\",\"text_align_fallback\":\"\",\"animation\":\"\",\"visibility\":\"\",\"content\":\"\n\n<p>Unsere \\u00fcber 90j\\u00e4hrige Erfahrung in der \\u00dcbertragung von elektrischem Strom von festen auf bewegliche Teile hat uns immer wieder darin best\\u00e4tigt, in jedem Produktionsbereich des Unternehmens Standardprodukte zu entwickeln, um schnell auf Ihre Bed\\u00fcrfnisse reagieren zu k\\u00f6nnen. Die Weiterentwicklung dieser Produkte integriert neue Technologien und Werkstoffe, wodurch wir immer in der Lage sind, das beste Produkt zum besten Preis anbieten zu k\\u00f6nnen.<\\\/p>\\n\n\n<p>Unser gesamtes Know-how erm\\u00f6glicht es uns, Auftr\\u00e4ge von Prototypen oder Modellen zu realisieren, sowie die Reparatur und die Fertigung von mittleren bis hin zu gro\\u00dfen Serien auszuf\\u00fchren.<\\\/p>\\n\n\n<p>Unsere Mitarbeiter im Vertrieb und in unserem Konstruktionsb\\u00fcro sind reaktiv, erfahren und dynamisch und bieten Ihnen jederzeit innovative L\\u00f6sungen an.<\\\/p>\\n\n\n<p>Wir \\u00fcbernehmen gerne die Reparatur oder den identischen Nachbau von bereits bestehenden Systemen, sowie die Ver\\u00e4nderung von vorhandenen Anlagen oder deren Zuverl\\u00e4ssigkeitspr\\u00fcfung und stehen Ihnen auch gerne bei der Konzeption und der Entwicklung von neuen Produkten beratend zur Seite.<\\\/p>\\n\n\n<p>Unsere langj\\u00e4hrige Erfahrung im Bereich der Industrie, gepaart mit den Vorteilen eines \\u00fcberschaubaren Unternehmens, verleihen uns die n\\u00f6tige Reaktionsf\\u00e4higkeit, geplante Liefertermine einzuhalten und dabei eine perfekte Kostenkontrolle zu garantieren.<\\\/p>\"}}]},{\"type\":\"column\",\"props\":{\"image_position\":\"center-center\",\"media_overlay_gradient\":\"\",\"vertical_align\":\"\",\"style\":\"\",\"text_color\":\"\",\"padding\":\"\"},\"children\":[{\"type\":\"panel\",\"props\":{\"link_text\":\"Read more\",\"title_hover_style\":\"reset\",\"title_element\":\"h3\",\"title_align\":\"top\",\"title_grid_width\":\"1-2\",\"title_grid_breakpoint\":\"m\",\"meta_style\":\"meta\",\"meta_align\":\"below-title\",\"icon_ratio\":4,\"image_align\":\"top\",\"image_grid_width\":\"1-2\",\"image_grid_breakpoint\":\"m\",\"image_svg_color\":\"emphasis\",\"link_style\":\"default\",\"margin\":\"default\",\"panel_style\":\"card-default\",\"panel_content_padding\":\"\",\"panel_size\":\"\",\"title_style\":\"h5\",\"title_decoration\":\"\",\"title_font_family\":\"\",\"title_color\":\"\",\"title_grid_column_gap\":\"\",\"title_grid_row_gap\":\"\",\"title_margin\":\"\",\"meta_color\":\"\",\"meta_margin\":\"\",\"content_style\":\"\",\"content_margin\":\"\",\"image_transition\":\"\",\"image_border\":\"\",\"image_box_shadow\":\"\",\"image_hover_box_shadow\":\"\",\"image_box_decoration\":\"\",\"icon_color\":\"\",\"image_grid_column_gap\":\"\",\"image_grid_row_gap\":\"\",\"image_margin\":\"\",\"link_size\":\"\",\"link_margin\":\"\",\"position\":\"\",\"position_z_index\":\"\",\"maxwidth\":\"\",\"maxwidth_breakpoint\":\"\",\"block_align\":\"\",\"block_align_breakpoint\":\"\",\"block_align_fallback\":\"\",\"text_align\":\"\",\"text_align_breakpoint\":\"\",\"text_align_fallback\":\"\",\"animation\":\"slide-top-medium\",\"visibility\":\"\",\"title\":\"Dienstleistungen\",\"content\":\"\n\n<ul>\\n\n\n<li>Ein Konstruktionsb\\u00fcro (2D\\\/3D)<\\\/li>\\n\n\n<li>Rohstofflager<\\\/li>\\n\n\n<li>Endproduktlager<\\\/li>\\n\n\n<li>Werkstatt Grafitb\\u00fcrsten \\\/ B\\u00fcrstenhalter<\\\/li>\\n\n\n<li>Werkstatt Schleifringe \\\/ Kommutatoren und elektrische Schleif- oder Gleitkontakte<\\\/li>\\n\n\n<li>Werkstatt F\\u00f6rdersysteme<\\\/li>\\n<\\\/ul>\\n\n\n<p style=\\\"text-align: center;\\\"><strong>Jede Produktionseinheit ist mit entsprechenden Kontrollsystemen ausgestattet.<\\\/strong><\\\/p>\"}}]}]}],\"name\":\"\"}],\"version\":\"2.0.14\",\"type\":\"layout\",\"props\":[]} --><\/p>\n","protected":false},"excerpt":{"rendered":"<p>Unser Know-how Unsere \u00fcber 90j\u00e4hrige Erfahrung in der \u00dcbertragung von elektrischem Strom von festen auf bewegliche Teile hat uns immer wieder darin best\u00e4tigt, in jedem Produktionsbereich des Unternehmens Standardprodukte zu entwickeln, um schnell auf Ihre Bed\u00fcrfnisse reagieren zu k\u00f6nnen. Die Weiterentwicklung dieser Produkte integriert neue Technologien und Werkstoffe, wodurch wir immer in der Lage sind, [&hellip;]<\/p>\n","protected":false},"author":1,"featured_media":0,"parent":0,"menu_order":0,"comment_status":"closed","ping_status":"closed","template":"","meta":{"footnotes":""},"class_list":["post-1699","page","type-page","status-publish","hentry"],"aioseo_notices":[],"_links":{"self":[{"href":"https:\/\/www.rougier-electro.fr\/de\/wp-json\/wp\/v2\/pages\/1699","targetHints":{"allow":["GET"]}}],"collection":[{"href":"https:\/\/www.rougier-electro.fr\/de\/wp-json\/wp\/v2\/pages"}],"about":[{"href":"https:\/\/www.rougier-electro.fr\/de\/wp-json\/wp\/v2\/types\/page"}],"author":[{"embeddable":true,"href":"https:\/\/www.rougier-electro.fr\/de\/wp-json\/wp\/v2\/users\/1"}],"replies":[{"embeddable":true,"href":"https:\/\/www.rougier-electro.fr\/de\/wp-json\/wp\/v2\/comments?post=1699"}],"version-history":[{"count":0,"href":"https:\/\/www.rougier-electro.fr\/de\/wp-json\/wp\/v2\/pages\/1699\/revisions"}],"wp:attachment":[{"href":"https:\/\/www.rougier-electro.fr\/de\/wp-json\/wp\/v2\/media?parent=1699"}],"curies":[{"name":"wp","href":"https:\/\/api.w.org\/{rel}","templated":true}]}}