{"id":1696,"date":"2020-02-28T10:57:18","date_gmt":"2020-02-28T09:57:18","guid":{"rendered":"https:\/\/www.rougier-electro.fr\/produits\/fabrication-rails-alimentation-electrique\/"},"modified":"2020-08-27T20:15:48","modified_gmt":"2020-08-27T18:15:48","slug":"hersteller-von-stromschienen-fuer-elektromotoren","status":"publish","type":"page","link":"https:\/\/www.rougier-electro.fr\/de\/produkte\/hersteller-von-stromschienen-fuer-elektromotoren\/","title":{"rendered":"Stromschienen"},"content":{"rendered":"<h1>\n<p>Stromschienen f\u00fcr Elektromotoren<\/p>\n<\/h1>\n<h2>\n<p>Konzeption, Herstellung und Reparatur<br \/>von Stromschienen<\/p>\n<\/h2>\n<div>\n<p>Stromabnehmer mit einfachem oder doppeltem Schleifst\u00fcck an Stromschienen mit isoliertem Leiter wurden urspr\u00fcnglich bei der Stromversorgung von Deckenlaufkr\u00e4nen angewandt. Seit den 80er Jahren werden sie auch in der Montageindustrie eingesetzt, haupts\u00e4chlich an Triebwagen der Automobilindustrie.<\/p>\n<\/div>\n<ul>\n<li>\n<p>        <img decoding=\"async\" src=\"https:\/\/www.rougier-electro.fr\/wp-content\/uploads\/rails-alimentation-electrique-frotteur-de-rechange-rougier.jpg\" alt=\"Ersatzschleifst\u00fcck der Marke Rougier\"><\/p>\n<h2>Ersatzschleifst\u00fcck der Marke Rougier<\/h2>\n<p>Ersatzschleifst\u00fcck der Marke Rougier<\/p>\n<\/li>\n<li>\n<p>        <img decoding=\"async\" src=\"https:\/\/www.rougier-electro.fr\/wp-content\/uploads\/rails-alimentation-electrique-pantographe-tete-double.jpg\" alt=\"Stromabnehmer mit doppeltem Schleifst\u00fcck\"><\/p>\n<h2>Stromabnehmer mit doppeltem Schleifst\u00fcck<\/h2>\n<p>Stromabnehmer mit doppeltem Schleifst\u00fcck<\/p>\n<\/li>\n<li>\n<p>        <img decoding=\"async\" src=\"https:\/\/www.rougier-electro.fr\/wp-content\/uploads\/rails-alimentation-electrique-rail-multi-conducteurs-isoles.jpg\" alt=\"Isolierte Schiene mit mehreren Leitern\"><\/p>\n<h2>Isolierte Schiene mit mehreren Leitern<\/h2>\n<p>Isolierte Schiene mit mehreren Leitern<\/p>\n<\/li>\n<li>\n<p>        <img decoding=\"async\" src=\"https:\/\/www.rougier-electro.fr\/wp-content\/uploads\/rails-alimentation-electrique-rail-multi-conducteurs-cintre.jpg\" alt=\"Gebogene Schiene mit mehreren Leitern\"><\/p>\n<h2>Gebogene Schiene mit mehreren Leitern<\/h2>\n<p>Gebogene Schiene mit mehreren Leitern<\/p>\n<\/li>\n<li>\n<p>        <img decoding=\"async\" src=\"https:\/\/www.rougier-electro.fr\/wp-content\/uploads\/rails-alimentation-electrique-ensemble-rails-et-griffe-faba.jpg\" alt=\"Baugruppe Stromschienen mit Befestigungskrallen FABA\"><\/p>\n<h2>Baugruppe Stromschienen mit Befestigungskrallen FABA<\/h2>\n<p>Baugruppe Stromschienen mit Befestigungskrallen FABA<\/p>\n<\/li>\n<li>\n<p>        <img decoding=\"async\" src=\"https:\/\/www.rougier-electro.fr\/wp-content\/uploads\/rails-alimentation-electrique-rail-electrique-isole-faba-100.jpg\" alt=\"Stromschienen mit isoliertem Leiter FABA 100\"><\/p>\n<h2>Stromschienen mit isoliertem Leiter FABA 100<\/h2>\n<p>Stromschienen mit isoliertem Leiter FABA 100<\/p>\n<\/li>\n<li>\n<p>        <img decoding=\"async\" src=\"https:\/\/www.rougier-electro.fr\/wp-content\/uploads\/rails-alimentation-electrique-griffe-de-suspension-faba-100.jpg\" alt=\"Befestigungskralle FABA\"><\/p>\n<h2>Befestigungskralle FABA<\/h2>\n<p>Befestigungskralle FABA<\/p>\n<\/li>\n<li>\n<p>        <img decoding=\"async\" src=\"https:\/\/www.rougier-electro.fr\/wp-content\/uploads\/rails-alimentation-electrique-100A-faba.jpg\" alt=\"Stromschiene 100A FABA\"><\/p>\n<h2>Stromschiene 100A FABA<\/h2>\n<p>Stromschiene 100A FABA<\/p>\n<\/li>\n<\/ul>\n<div>\n<p>Heutzutage finden viele dieser mobilen Stromversorgungssysteme Anwendung in Bereichen mit hohem Entwicklungspotenzial, wie beispielsweise die Stromversorgung von Regalbedienger\u00e4ten, rotierbare elektrische Kontaktverbindungen mit gro\u00dfem Durchmesser oder Karusselle in Vergn\u00fcgungsparks.<\/p>\n<p>In den 80er Jahren hat ROUGIER Electrom\u00e9canique sein eigenes Sortiment an Kontaktschienen mit isoliertem Leiter entwickelt (Produktreihe Multi 6, Multi 7 und Mono). Sp\u00e4ter hat das Unternehmen sein Sortiment mit den Stromschienen der Serie FABA erg\u00e4nzt, wodurch es gezielter auf die unterschiedlichen Kundenanfragen hinsichtlich der elektrischen Leistungen sowie der unterschiedlichen Beanspruchungen eingehen konnte.<\/p>\n<p>Wir verf\u00fcgen heute \u00fcber einen permanenten Lagerbestand von Stromschienen der Reihe FABA 100 oder ROUGIER Multi 7 sowie \u00fcber darauf abgestimmte Ersatzteile wie Wechselk\u00f6pfe, Stromabnehmer, Laschen, H\u00e4ngekrallen, usw.<\/p>\n<p>Stromschienen mit integriertem Leiter haben den Vorteil, dass sie mit Basiswerkzeug einfach und bauseitig bearbeitet werden k\u00f6nnen. Das Schneiden, Kr\u00fcmmen und der Zusammenbau k\u00f6nnen direkt vor Ort erfolgen.<\/p>\n<\/div>\n<p>\n    <a href=\"https:\/\/www.rougier-electro.fr\/de\/kontaktieren-sie-einen-spezialisten-im-bereich-stromuebertragung-fuer-elektromotoren\">Kontaktieren Sie uns<\/a>\n<\/p>\n<div>\n<p>    <img decoding=\"async\" src=\"https:\/\/www.rougier-electro.fr\/wp-content\/uploads\/catalogue-rail-alimentation-electrique-FABA.jpg\" alt=\"catalogue des rails FABA pour l'alimentation \u00e9lectrique des engins mobile\"><\/p>\n<h3>Download<\/h3>\n<div>\n<p>Katalog und technisches Datenblatt FABA isolierte Stromschiene<\/p>\n<\/div>\n<p><a href=\"https:\/\/www.rougier-electro.fr\/wp-content\/uploads\/catalogue-rail-alimentation-electrique-FABA.pdf\"><\/a><\/p>\n<\/div>\n<div>\n<blockquote>\n<p>ROUGIER Electrom\u00e9canique unterst\u00fctzt Sie jederzeit mit technischem Support bei der Entwicklung und Ausarbeitung Stromschienen f\u00fcr Elektromotoren, das am geeignetsten auf Ihre Anspr\u00fcche zum besten Preis-\/Leistungsverh\u00e4ltnis abgestimmt ist.<\/p>\n<\/blockquote>\n<\/div>\n<p><!-- {\"name\":\"20200228 produit-page\",\"type\":\"layout\",\"children\":[{\"type\":\"section\",\"props\":{\"style\":\"default\",\"width\":\"large\",\"vertical_align\":\"middle\",\"title_position\":\"top-left\",\"title_rotation\":\"left\",\"title_breakpoint\":\"xl\",\"image_position\":\"center-center\",\"text_color\":\"light\",\"width_expand\":\"\",\"height\":\"\",\"padding\":\"large\",\"header_transparent\":\"\",\"animation\":\"fade\",\"image\":\"wp-content\\\/uploads\\\/cover-collecteur-electrique-tournant.jpg\",\"image_size\":\"cover\",\"image_effect\":\"parallax\",\"image_parallax_breakpoint\":\"\",\"image_visibility\":\"\",\"video_width\":\"\",\"video_height\":\"\",\"media_blend_mode\":\"\",\"image_parallax_bgy_start\":\"-100\",\"image_parallax_bgy_end\":\"100\",\"media_overlay\":\"rgba(0, 0, 0, 0.52)\",\"animation_delay\":true},\"children\":[{\"type\":\"row\",\"props\":{\"layout\":\"1-1\",\"breakpoint\":\"m\",\"fixed_width\":\"large\",\"column_gap\":\"\",\"row_gap\":\"\",\"width\":\"\",\"width_expand\":\"\",\"height\":\"\",\"margin\":\"remove-vertical\"},\"children\":[{\"type\":\"column\",\"props\":{\"image_position\":\"center-center\",\"media_overlay_gradient\":\"\",\"vertical_align\":\"\",\"style\":\"\",\"text_color\":\"\",\"padding\":\"\"},\"children\":[{\"type\":\"headline\",\"props\":{\"title_element\":\"h1\",\"title_style\":\"heading-small\",\"title_decoration\":\"\",\"title_font_family\":\"\",\"title_color\":\"\",\"position\":\"\",\"position_z_index\":\"\",\"margin\":\"\",\"maxwidth\":\"\",\"maxwidth_breakpoint\":\"\",\"block_align\":\"\",\"block_align_breakpoint\":\"\",\"block_align_fallback\":\"\",\"text_align\":\"center\",\"text_align_breakpoint\":\"\",\"text_align_fallback\":\"\",\"animation\":\"\",\"visibility\":\"\",\"content\":\"\n\n<p>Stromschienen f\\u00fcr Elektromotoren<\\\/p>\"},\"name\":\"Headline H1\"}]}]}],\"name\":\"Entete\"},{\"type\":\"section\",\"props\":{\"style\":\"default\",\"width\":\"large\",\"vertical_align\":\"middle\",\"title_position\":\"top-left\",\"title_rotation\":\"left\",\"title_breakpoint\":\"xl\",\"image_position\":\"center-center\",\"text_color\":\"\",\"width_expand\":\"\",\"height\":\"\",\"padding\":\"\",\"header_transparent\":\"\",\"animation\":\"\",\"padding_remove_bottom\":true},\"children\":[{\"type\":\"row\",\"props\":{\"layout\":\"1-1\",\"breakpoint\":\"m\",\"fixed_width\":\"large\",\"column_gap\":\"\",\"row_gap\":\"\",\"width\":\"\",\"width_expand\":\"\",\"height\":\"\",\"margin\":\"\"},\"children\":[{\"type\":\"column\",\"props\":{\"image_position\":\"center-center\",\"media_overlay_gradient\":\"\",\"vertical_align\":\"\",\"style\":\"\",\"text_color\":\"\",\"padding\":\"\"},\"children\":[{\"type\":\"breadcrumbs\",\"props\":{\"show_home\":true,\"show_current\":true,\"position\":\"\",\"position_z_index\":\"\",\"margin\":\"\",\"text_align\":\"\",\"text_align_breakpoint\":\"\",\"text_align_fallback\":\"\",\"animation\":\"\",\"visibility\":\"\"}}]}]}],\"name\":\"\"},{\"type\":\"section\",\"props\":{\"style\":\"default\",\"width\":\"large\",\"vertical_align\":\"middle\",\"title_position\":\"top-left\",\"title_rotation\":\"left\",\"title_breakpoint\":\"xl\",\"image_position\":\"center-center\",\"text_color\":\"\",\"width_expand\":\"\",\"height\":\"\",\"padding\":\"\",\"header_transparent\":\"\",\"animation\":\"\"},\"children\":[{\"type\":\"row\",\"props\":{\"layout\":\"1-1\",\"breakpoint\":\"m\",\"fixed_width\":\"large\",\"column_gap\":\"\",\"row_gap\":\"\",\"width\":\"\",\"width_expand\":\"\",\"height\":\"\",\"margin\":\"\"},\"children\":[{\"type\":\"column\",\"props\":{\"image_position\":\"center-center\",\"media_overlay_gradient\":\"\",\"vertical_align\":\"\",\"style\":\"\",\"text_color\":\"\",\"padding\":\"\"},\"children\":[{\"type\":\"headline\",\"props\":{\"title_element\":\"h2\",\"title_style\":\"h2\",\"title_decoration\":\"\",\"title_font_family\":\"\",\"title_color\":\"\",\"position\":\"\",\"position_z_index\":\"\",\"margin\":\"\",\"maxwidth\":\"\",\"maxwidth_breakpoint\":\"\",\"block_align\":\"\",\"block_align_breakpoint\":\"\",\"block_align_fallback\":\"\",\"text_align\":\"center\",\"text_align_breakpoint\":\"\",\"text_align_fallback\":\"\",\"animation\":\"\",\"visibility\":\"\",\"content\":\"\n\n<p>Konzeption, Herstellung und Reparatur<br \\\/>von Stromschienen<\\\/p>\"},\"name\":\"Headline H2\"}]}]}]},{\"type\":\"section\",\"props\":{\"style\":\"default\",\"width\":\"large\",\"vertical_align\":\"middle\",\"title_position\":\"top-left\",\"title_rotation\":\"left\",\"title_breakpoint\":\"xl\",\"image_position\":\"center-center\",\"text_color\":\"\",\"width_expand\":\"\",\"height\":\"\",\"padding\":\"\",\"header_transparent\":\"\",\"animation\":\"fade\",\"animation_delay\":true},\"children\":[{\"type\":\"row\",\"props\":{\"layout\":\"2-3,1-3\",\"breakpoint\":\"m\",\"fixed_width\":\"large\",\"column_gap\":\"large\",\"row_gap\":\"\",\"width\":\"\",\"width_expand\":\"\",\"height\":\"\",\"margin\":\"\"},\"children\":[{\"type\":\"column\",\"props\":{\"image_position\":\"center-center\",\"media_overlay_gradient\":\"\",\"vertical_align\":\"\",\"style\":\"\",\"text_color\":\"\",\"padding\":\"\"},\"children\":[{\"type\":\"text\",\"props\":{\"margin\":\"default\",\"column_breakpoint\":\"m\",\"text_style\":\"\",\"text_color\":\"\",\"text_size\":\"\",\"column\":\"\",\"position\":\"\",\"position_z_index\":\"\",\"maxwidth\":\"\",\"maxwidth_breakpoint\":\"\",\"block_align\":\"\",\"block_align_breakpoint\":\"\",\"block_align_fallback\":\"\",\"text_align\":\"\",\"text_align_breakpoint\":\"\",\"text_align_fallback\":\"\",\"animation\":\"slide-left-medium\",\"visibility\":\"\",\"content\":\"\n\n<p>Stromabnehmer mit einfachem oder doppeltem Schleifst\\u00fcck an Stromschienen mit isoliertem Leiter wurden urspr\\u00fcnglich bei der Stromversorgung von Deckenlaufkr\\u00e4nen angewandt. Seit den 80er Jahren werden sie auch in der Montageindustrie eingesetzt, haupts\\u00e4chlich an Triebwagen der Automobilindustrie.<\\\/p>\"}},{\"type\":\"slideshow\",\"props\":{\"show_title\":false,\"show_meta\":true,\"show_content\":true,\"show_link\":false,\"show_thumbnail\":true,\"slideshow_min_height\":\"\",\"slideshow_autoplay_pause\":true,\"nav\":\"thumbnav\",\"nav_position\":\"bottom-center\",\"nav_position_margin\":\"medium\",\"nav_align\":\"center\",\"nav_breakpoint\":\"s\",\"thumbnav_width\":\"75\",\"thumbnav_height\":\"50\",\"thumbnav_svg_color\":\"emphasis\",\"slidenav\":\"default\",\"slidenav_margin\":\"medium\",\"slidenav_breakpoint\":\"s\",\"slidenav_outside_breakpoint\":\"xl\",\"overlay_position\":\"bottom\",\"overlay_animation\":\"scale-up\",\"title_element\":\"h2\",\"meta_style\":\"meta\",\"meta_align\":\"below-title\",\"link_text\":\"Read more\",\"link_style\":\"default\",\"margin\":\"default\",\"slideshow_height\":\"\",\"text_color\":\"light\",\"slideshow_box_shadow\":\"small\",\"slideshow_box_decoration\":\"\",\"slideshow_animation\":\"fade\",\"slideshow_kenburns\":\"\",\"nav_margin\":\"\",\"nav_color\":\"\",\"slidenav_outside_color\":\"\",\"overlay_container\":\"\",\"overlay_container_padding\":\"xsmall\",\"overlay_margin\":\"none\",\"overlay_style\":\"overlay-default\",\"overlay_padding\":\"small\",\"overlay_width\":\"medium\",\"title_style\":\"h6\",\"title_decoration\":\"\",\"title_font_family\":\"\",\"title_color\":\"primary\",\"title_margin\":\"\",\"meta_color\":\"\",\"meta_margin\":\"\",\"content_style\":\"\",\"content_margin\":\"\",\"link_size\":\"\",\"link_margin\":\"\",\"position\":\"\",\"position_z_index\":\"\",\"maxwidth\":\"xlarge\",\"maxwidth_breakpoint\":\"\",\"block_align\":\"center\",\"block_align_breakpoint\":\"\",\"block_align_fallback\":\"\",\"text_align\":\"center\",\"text_align_breakpoint\":\"\",\"text_align_fallback\":\"\",\"animation\":\"\",\"visibility\":\"\",\"slideshow_autoplay\":true,\"nav_below\":true,\"slidenav_large\":true,\"slideshow_autoplay_interval\":\"3\",\"slideshow_max_height\":\"\"},\"children\":[{\"type\":\"slideshow_item\",\"props\":{\"title\":\"Ersatzschleifst\\u00fcck der Marke Rougier\",\"image\":\"wp-content\\\/uploads\\\/rails-alimentation-electrique-frotteur-de-rechange-rougier.jpg\",\"text_color\":\"\",\"image_alt\":\"Ersatzschleifst\\u00fcck der Marke Rougier\",\"content\":\"\",\"meta\":\"Ersatzschleifst\\u00fcck der Marke Rougier\"}},{\"type\":\"slideshow_item\",\"props\":{\"title\":\"Stromabnehmer mit doppeltem Schleifst\\u00fcck\",\"image\":\"wp-content\\\/uploads\\\/rails-alimentation-electrique-pantographe-tete-double.jpg\",\"text_color\":\"\",\"image_alt\":\"Stromabnehmer mit doppeltem Schleifst\\u00fcck\",\"content\":\"\",\"meta\":\"Stromabnehmer mit doppeltem Schleifst\\u00fcck\"}},{\"type\":\"slideshow_item\",\"props\":{\"title\":\"Isolierte Schiene mit mehreren Leitern\",\"image\":\"wp-content\\\/uploads\\\/rails-alimentation-electrique-rail-multi-conducteurs-isoles.jpg\",\"text_color\":\"\",\"image_alt\":\"Isolierte Schiene mit mehreren Leitern\",\"content\":\"\",\"meta\":\"Isolierte Schiene mit mehreren Leitern\"}},{\"type\":\"slideshow_item\",\"props\":{\"title\":\"Gebogene Schiene mit mehreren Leitern\",\"image\":\"wp-content\\\/uploads\\\/rails-alimentation-electrique-rail-multi-conducteurs-cintre.jpg\",\"text_color\":\"\",\"image_alt\":\"Gebogene Schiene mit mehreren Leitern\",\"content\":\"\",\"meta\":\"Gebogene Schiene mit mehreren Leitern\"}},{\"type\":\"slideshow_item\",\"props\":{\"title\":\"Baugruppe Stromschienen mit Befestigungskrallen FABA\",\"image\":\"wp-content\\\/uploads\\\/rails-alimentation-electrique-ensemble-rails-et-griffe-faba.jpg\",\"text_color\":\"\",\"image_alt\":\"Baugruppe Stromschienen mit Befestigungskrallen FABA\",\"content\":\"\",\"meta\":\"Baugruppe Stromschienen mit Befestigungskrallen FABA\"}},{\"type\":\"slideshow_item\",\"props\":{\"title\":\"Stromschienen mit isoliertem Leiter FABA 100\",\"image\":\"wp-content\\\/uploads\\\/rails-alimentation-electrique-rail-electrique-isole-faba-100.jpg\",\"text_color\":\"\",\"image_alt\":\"Stromschienen mit isoliertem Leiter FABA 100\",\"content\":\"\",\"meta\":\"Stromschienen mit isoliertem Leiter FABA 100\"}},{\"type\":\"slideshow_item\",\"props\":{\"title\":\"Befestigungskralle FABA\",\"image\":\"wp-content\\\/uploads\\\/rails-alimentation-electrique-griffe-de-suspension-faba-100.jpg\",\"text_color\":\"\",\"image_alt\":\"Befestigungskralle FABA\",\"content\":\"\",\"meta\":\"Befestigungskralle FABA\"}},{\"type\":\"slideshow_item\",\"props\":{\"title\":\"Stromschiene 100A FABA\",\"image\":\"wp-content\\\/uploads\\\/rails-alimentation-electrique-100A-faba.jpg\",\"text_color\":\"\",\"image_alt\":\"Stromschiene 100A FABA\",\"content\":\"\",\"meta\":\"Stromschiene 100A FABA\"}}]},{\"type\":\"text\",\"props\":{\"margin\":\"default\",\"column_breakpoint\":\"m\",\"text_style\":\"\",\"text_color\":\"\",\"text_size\":\"\",\"column\":\"\",\"position\":\"\",\"position_z_index\":\"\",\"maxwidth\":\"\",\"maxwidth_breakpoint\":\"\",\"block_align\":\"\",\"block_align_breakpoint\":\"\",\"block_align_fallback\":\"\",\"text_align\":\"\",\"text_align_breakpoint\":\"\",\"text_align_fallback\":\"\",\"animation\":\"slide-left-medium\",\"visibility\":\"\",\"content\":\"\n\n<p>Heutzutage finden viele dieser mobilen Stromversorgungssysteme Anwendung in Bereichen mit hohem Entwicklungspotenzial, wie beispielsweise die Stromversorgung von Regalbedienger\\u00e4ten, rotierbare elektrische Kontaktverbindungen mit gro\\u00dfem Durchmesser oder Karusselle in Vergn\\u00fcgungsparks.<\\\/p>\\n\n\n<p>In den 80er Jahren hat ROUGIER Electrom\\u00e9canique sein eigenes Sortiment an Kontaktschienen mit isoliertem Leiter entwickelt (Produktreihe Multi 6, Multi 7 und Mono). Sp\\u00e4ter hat das Unternehmen sein Sortiment mit den Stromschienen der Serie FABA erg\\u00e4nzt, wodurch es gezielter auf die unterschiedlichen Kundenanfragen hinsichtlich der elektrischen Leistungen sowie der unterschiedlichen Beanspruchungen eingehen konnte.<\\\/p>\\n\n\n<p>Wir verf\\u00fcgen heute \\u00fcber einen permanenten Lagerbestand von Stromschienen der Reihe FABA 100 oder ROUGIER Multi 7 sowie \\u00fcber darauf abgestimmte Ersatzteile wie Wechselk\\u00f6pfe, Stromabnehmer, Laschen, H\\u00e4ngekrallen, usw.<\\\/p>\\n\n\n<p>Stromschienen mit integriertem Leiter haben den Vorteil, dass sie mit Basiswerkzeug einfach und bauseitig bearbeitet werden k\\u00f6nnen. Das Schneiden, Kr\\u00fcmmen und der Zusammenbau k\\u00f6nnen direkt vor Ort erfolgen.<\\\/p>\"}},{\"type\":\"button\",\"props\":{\"grid_column_gap\":\"small\",\"grid_row_gap\":\"small\",\"margin\":\"large\",\"button_size\":\"large\",\"position\":\"\",\"position_z_index\":\"\",\"maxwidth\":\"\",\"maxwidth_breakpoint\":\"\",\"block_align\":\"\",\"block_align_breakpoint\":\"\",\"block_align_fallback\":\"\",\"text_align\":\"center\",\"text_align_breakpoint\":\"\",\"text_align_fallback\":\"\",\"animation\":\"scale-up\",\"visibility\":\"\"},\"children\":[{\"type\":\"button_item\",\"props\":{\"button_style\":\"secondary\",\"icon_align\":\"left\",\"link_target\":\"\",\"content\":\"Kontaktieren Sie uns\",\"icon\":\"forward\",\"link\":\"de\\\/kontaktieren-sie-einen-spezialisten-im-bereich-stromuebertragung-fuer-elektromotoren\\\/\"}}]}]},{\"type\":\"column\",\"props\":{\"image_position\":\"center-center\",\"media_overlay_gradient\":\"\",\"vertical_align\":\"\",\"style\":\"\",\"text_color\":\"\",\"padding\":\"\"},\"children\":[{\"type\":\"grid\",\"props\":{\"show_title\":true,\"show_meta\":true,\"show_content\":true,\"show_image\":true,\"show_link\":true,\"grid_default\":\"1\",\"grid_medium\":\"\",\"filter_style\":\"tab\",\"filter_all\":true,\"filter_position\":\"top\",\"filter_align\":\"left\",\"filter_grid_width\":\"auto\",\"filter_grid_breakpoint\":\"m\",\"title_hover_style\":\"reset\",\"title_element\":\"h3\",\"title_align\":\"top\",\"title_grid_width\":\"1-2\",\"title_grid_breakpoint\":\"m\",\"meta_style\":\"meta\",\"meta_align\":\"below-title\",\"icon_ratio\":4,\"image_align\":\"bottom\",\"image_grid_width\":\"1-2\",\"image_grid_breakpoint\":\"m\",\"image_svg_color\":\"emphasis\",\"link_text\":\"\",\"link_style\":\"default\",\"margin\":\"default\",\"item_animation\":\"slide-right-medium\",\"grid_column_gap\":\"\",\"grid_row_gap\":\"\",\"grid_small\":\"\",\"grid_large\":\"\",\"grid_xlarge\":\"\",\"filter_margin\":\"\",\"filter_grid_column_gap\":\"\",\"filter_grid_row_gap\":\"\",\"title_display\":\"\",\"content_display\":\"\",\"panel_style\":\"card-secondary\",\"panel_content_padding\":\"\",\"panel_size\":\"\",\"item_maxwidth\":\"\",\"title_style\":\"h5\",\"title_decoration\":\"divider\",\"title_font_family\":\"\",\"title_color\":\"\",\"title_grid_column_gap\":\"\",\"title_grid_row_gap\":\"\",\"title_margin\":\"\",\"meta_color\":\"\",\"meta_margin\":\"\",\"content_style\":\"\",\"content_margin\":\"\",\"image_transition\":\"scale-up\",\"image_border\":\"\",\"image_box_shadow\":\"\",\"image_hover_box_shadow\":\"\",\"image_box_decoration\":\"\",\"icon_color\":\"\",\"image_grid_column_gap\":\"\",\"image_grid_row_gap\":\"\",\"image_margin\":\"\",\"link_size\":\"\",\"link_margin\":\"\",\"position\":\"\",\"position_z_index\":\"\",\"maxwidth\":\"\",\"maxwidth_breakpoint\":\"\",\"block_align\":\"\",\"block_align_breakpoint\":\"\",\"block_align_fallback\":\"\",\"text_align\":\"center\",\"text_align_breakpoint\":\"\",\"text_align_fallback\":\"\",\"visibility\":\"\",\"lightbox\":false,\"link_target\":true,\"image_width\":\"200\",\"title_link\":true,\"image_link\":true,\"panel_content_width\":\"\"},\"children\":[{\"type\":\"grid_item\",\"props\":{\"title\":\"Download\",\"image\":\"wp-content\\\/uploads\\\/catalogue-rail-alimentation-electrique-FABA.jpg\",\"link\":\"wp-content\\\/uploads\\\/catalogue-rail-alimentation-electrique-FABA.pdf\",\"image_alt\":\"catalogue des rails FABA pour l'alimentation \\u00e9lectrique des engins mobile\",\"content\":\"\n\n<p>Katalog und technisches Datenblatt FABA isolierte Stromschiene<\\\/p>\"}}]}]}]}]},{\"type\":\"section\",\"props\":{\"style\":\"default\",\"width\":\"large\",\"vertical_align\":\"middle\",\"title_position\":\"top-left\",\"title_rotation\":\"left\",\"title_breakpoint\":\"xl\",\"image_position\":\"center-center\",\"text_color\":\"\",\"width_expand\":\"\",\"height\":\"\",\"padding\":\"\",\"header_transparent\":\"\",\"animation\":\"scale-up\",\"animation_delay\":false},\"children\":[{\"type\":\"row\",\"props\":{\"layout\":\"1-1\",\"breakpoint\":\"m\",\"fixed_width\":\"large\",\"column_gap\":\"\",\"row_gap\":\"\",\"width\":\"large\",\"width_expand\":\"\",\"height\":\"\",\"margin\":\"\"},\"children\":[{\"type\":\"column\",\"props\":{\"image_position\":\"center-center\",\"media_overlay_gradient\":\"\",\"vertical_align\":\"\",\"style\":\"\",\"text_color\":\"\",\"padding\":\"\"},\"children\":[{\"type\":\"headline\",\"props\":{\"title_element\":\"div\",\"title_style\":\"\",\"title_decoration\":\"\",\"title_font_family\":\"tertiary\",\"title_color\":\"\",\"position\":\"\",\"position_z_index\":\"\",\"margin\":\"\",\"maxwidth\":\"xxlarge\",\"maxwidth_breakpoint\":\"\",\"block_align\":\"center\",\"block_align_breakpoint\":\"\",\"block_align_fallback\":\"\",\"text_align\":\"center\",\"text_align_breakpoint\":\"\",\"text_align_fallback\":\"\",\"animation\":\"\",\"visibility\":\"\",\"content\":\"\n\n<blockquote>\\n\n\n<p>ROUGIER Electrom\\u00e9canique unterst\\u00fctzt Sie jederzeit mit technischem Support bei der Entwicklung und Ausarbeitung Stromschienen f\\u00fcr Elektromotoren, das am geeignetsten auf Ihre Anspr\\u00fcche zum besten Preis-\\\/Leistungsverh\\u00e4ltnis abgestimmt ist.<\\\/p>\\n<\\\/blockquote>\"}}]}]}]}],\"version\":\"2.0.14\",\"props\":[]} --><\/p>\n","protected":false},"excerpt":{"rendered":"<p>Stromschienen f\u00fcr Elektromotoren Konzeption, Herstellung und Reparaturvon Stromschienen Stromabnehmer mit einfachem oder doppeltem Schleifst\u00fcck an Stromschienen mit isoliertem Leiter wurden urspr\u00fcnglich bei der Stromversorgung von Deckenlaufkr\u00e4nen angewandt. Seit den 80er Jahren werden sie auch in der Montageindustrie eingesetzt, haupts\u00e4chlich an Triebwagen der Automobilindustrie. Ersatzschleifst\u00fcck der Marke Rougier Ersatzschleifst\u00fcck der Marke Rougier Stromabnehmer mit doppeltem Schleifst\u00fcck [&hellip;]<\/p>\n","protected":false},"author":1,"featured_media":0,"parent":1669,"menu_order":9,"comment_status":"closed","ping_status":"closed","template":"","meta":{"footnotes":""},"class_list":["post-1696","page","type-page","status-publish","hentry"],"aioseo_notices":[],"_links":{"self":[{"href":"https:\/\/www.rougier-electro.fr\/de\/wp-json\/wp\/v2\/pages\/1696","targetHints":{"allow":["GET"]}}],"collection":[{"href":"https:\/\/www.rougier-electro.fr\/de\/wp-json\/wp\/v2\/pages"}],"about":[{"href":"https:\/\/www.rougier-electro.fr\/de\/wp-json\/wp\/v2\/types\/page"}],"author":[{"embeddable":true,"href":"https:\/\/www.rougier-electro.fr\/de\/wp-json\/wp\/v2\/users\/1"}],"replies":[{"embeddable":true,"href":"https:\/\/www.rougier-electro.fr\/de\/wp-json\/wp\/v2\/comments?post=1696"}],"version-history":[{"count":0,"href":"https:\/\/www.rougier-electro.fr\/de\/wp-json\/wp\/v2\/pages\/1696\/revisions"}],"up":[{"embeddable":true,"href":"https:\/\/www.rougier-electro.fr\/de\/wp-json\/wp\/v2\/pages\/1669"}],"wp:attachment":[{"href":"https:\/\/www.rougier-electro.fr\/de\/wp-json\/wp\/v2\/media?parent=1696"}],"curies":[{"name":"wp","href":"https:\/\/api.w.org\/{rel}","templated":true}]}}