{"id":1693,"date":"2020-02-28T10:37:32","date_gmt":"2020-02-28T09:37:32","guid":{"rendered":"https:\/\/www.rougier-electro.fr\/produits\/fabrication-pieces-detachees-pour-moteurs-electriques\/"},"modified":"2020-08-28T11:14:53","modified_gmt":"2020-08-28T09:14:53","slug":"hersteller-von-einzelteilen-fuer-elektromotoren","status":"publish","type":"page","link":"https:\/\/www.rougier-electro.fr\/de\/produkte\/hersteller-von-einzelteilen-fuer-elektromotoren\/","title":{"rendered":"Einzelteilen"},"content":{"rendered":"<h1>\n<p>Einzelteile f\u00fcr Elektromotoren<\/p>\n<\/h1>\n<div>\n<p>ROUGIER Electrom\u00e9canique begleitet seit fast 100 Jahren die wichtigsten Fachleute bei der Reparatur von Elektromotoren, sei es beim Aufwickeln von elektrischen Leitern oder bei industriellen Wartungsarbeiten. Wir sind f\u00fcr die Qualit\u00e4t und Zuverl\u00e4ssigkeit unserer Produkte bekannt. Unsere Fertigung umfasst Kohleb\u00fcrsten, B\u00fcrstenhalter, Schleifringk\u00f6rper und Kommutatoren und bildet das Fundament nachhaltiger Gesch\u00e4ftsbeziehungen mit unseren Kunden.<\/p>\n<\/div>\n<ul>\n<li>\n<p>        <img decoding=\"async\" src=\"https:\/\/www.rougier-electro.fr\/wp-content\/uploads\/pieces-detachees-moteurs-electriques-condensateurs-moteur-electrique.jpg\" alt=\"Kondensatoren f\u00fcr Elektromotoren\"><\/p>\n<h2>Kondensatoren f\u00fcr Elektromotoren<\/h2>\n<p>Kondensatoren f\u00fcr Elektromotoren<\/p>\n<\/li>\n<li>\n<p>        <img decoding=\"async\" src=\"https:\/\/www.rougier-electro.fr\/wp-content\/uploads\/pieces-detachees-moteurs-electriques-plaque-a-bornes-moteur2.jpg\" alt=\"Klemmenplatten f\u00fcr Elektromotoren\"><\/p>\n<h2>Klemmenplatten f\u00fcr Elektromotoren<\/h2>\n<p>Klemmenplatten f\u00fcr Elektromotoren<\/p>\n<\/li>\n<li>\n<p>        <img decoding=\"async\" src=\"https:\/\/www.rougier-electro.fr\/wp-content\/uploads\/pieces-detachees-moteurs-electriques-couvercles-plaques-a-bornes.jpg\" alt=\"Abdeckungen f\u00fcr Klemmplatten\"><\/p>\n<h2>Abdeckungen f\u00fcr Klemmplatten<\/h2>\n<p>Abdeckungen f\u00fcr Klemmplatten<\/p>\n<\/li>\n<li>\n<p>        <img decoding=\"async\" src=\"https:\/\/www.rougier-electro.fr\/wp-content\/uploads\/pieces-detachees-moteurs-electriques-enrouleur-de-cables-a-rappel-automatique.jpg\" alt=\"Automatische Kabelr\u00fccklaufrollen\"><\/p>\n<h2>Automatische Kabelr\u00fccklaufrollen<\/h2>\n<p>Automatische Kabelr\u00fccklaufrollen<\/p>\n<\/li>\n<li>\n<p>        <img decoding=\"async\" src=\"https:\/\/www.rougier-electro.fr\/wp-content\/uploads\/pieces-detachees-moteurs-electriques-isolateurs-electriques.jpg\" alt=\"Elektrische Isolatoren\"><\/p>\n<h2>Elektrische Isolatoren<\/h2>\n<p>Elektrische Isolatoren<\/p>\n<\/li>\n<li>\n<p>        <img decoding=\"async\" src=\"https:\/\/www.rougier-electro.fr\/wp-content\/uploads\/pieces-detachees-moteurs-electriques-ventilateurs-moteurs-electriques.jpg\" alt=\"Ventilatoren f\u00fcr Elektromotoren\"><\/p>\n<h2>Ventilatoren f\u00fcr Elektromotoren<\/h2>\n<p>Ventilatoren f\u00fcr Elektromotoren<\/p>\n<\/li>\n<\/ul>\n<div>\n<p>Wir sind auch der Empfehlung gefolgt, unseren Handel zu vereinfachen. Aus diesem Grund vertreiben wir zus\u00e4tzlich eine weitreichende Palette an Einzelteilen f\u00fcr Elektromotoren wie z. B. Klemmenplatten und deren Zubeh\u00f6r f\u00fcr Elektromotoren, Anlasskondensatoren, Dauerkondensatoren, Ventilatoren f\u00fcr Elektromotoren und Ventilatorblenden.<\/p>\n<p>Auch haben wir f\u00fcr unsere eigenen Produktionsbelange einen gewissen Lagerbestand an Produkten wie Drahtband f\u00fcr Bandagierungen, Blitzschutzlack, Tr\u00e4nklack oder Impr\u00e4gnierungslack, Silikon-, Akryl- und Schrumpfschl\u00e4uche f\u00fcr Isolierungen, doppelt isolierte Hochtemperaturkabel und Kupfer-Litzenseile. Diese Produkte haben wir mit in unseren Katalog aufgenommen, um ein breites Spektrum an Wartungszubeh\u00f6r f\u00fcr Elektromotoren anbieten zu k\u00f6nnen.<\/p>\n<p>Bei Bedarf an Hochleistungs-Elektronikbauteilen, wie beispielsweise Dioden, Diodenbr\u00fccken, Thyristoren oder automatischen Kabelr\u00fccklaufrollen k\u00f6nnen Sie uns auch gerne kontaktieren.<\/p>\n<p>Zus\u00e4tzlich bieten wir in unserem Katalog eine breite Palette von Tonnenisolatoren oder Polyesterharzsch\u00fcrzen mit einer Dauertemperaturbest\u00e4ndigkeit von bis zu 180\u00b0C an. F\u00fcr h\u00f6here Temperaturen k\u00f6nnen Sie uns gerne kontaktieren.<\/p>\n<\/div>\n<p>\n    <a href=\"https:\/\/www.rougier-electro.fr\/de\/kontaktieren-sie-einen-spezialisten-im-bereich-stromuebertragung-fuer-elektromotoren\">Kontaktieren Sie uns<\/a>\n<\/p>\n<div>\n<p>    <img decoding=\"async\" src=\"https:\/\/www.rougier-electro.fr\/wp-content\/uploads\/catalogue-pieces-detachees-moteur-electrique.jpg\" alt=\"catalogue des accessoires pour moteur \u00e9lectrique\"><\/p>\n<h3>Download<\/h3>\n<div>\n<p>Katalog Zubeh\u00f6rteile f\u00fcr Elektromotoren<\/p>\n<\/div>\n<p><a href=\"https:\/\/www.rougier-electro.fr\/wp-content\/uploads\/catalogue-pieces-detachees-moteur-electrique.pdf\"><\/a><\/p>\n<\/div>\n<div>\n<blockquote>\n<p><span class=\"tlid-translation translation\" lang=\"de\"><span class=\"\" title=\"\">ROUGIER Electrom\u00e9canique steht Ihnen f\u00fcr alle Ihre Anforderungen an Zubeh\u00f6r f\u00fcr Elektromotoren zur Verf\u00fcgung, das an Ihre Bed\u00fcrfnisse angepasst ist und stets das beste Preis-\/Leistungsverh\u00e4ltnis anstrebt.<\/span><\/span><\/p>\n<\/blockquote>\n<\/div>\n<p><!-- {\"name\":\"20200228 produit-page\",\"type\":\"layout\",\"children\":[{\"type\":\"section\",\"props\":{\"style\":\"default\",\"width\":\"large\",\"vertical_align\":\"middle\",\"title_position\":\"top-left\",\"title_rotation\":\"left\",\"title_breakpoint\":\"xl\",\"image_position\":\"center-center\",\"text_color\":\"light\",\"width_expand\":\"\",\"height\":\"\",\"padding\":\"large\",\"header_transparent\":\"\",\"animation\":\"fade\",\"image\":\"wp-content\\\/uploads\\\/cover-collecteur-electrique-tournant.jpg\",\"image_size\":\"cover\",\"image_effect\":\"parallax\",\"image_parallax_breakpoint\":\"\",\"image_visibility\":\"\",\"video_width\":\"\",\"video_height\":\"\",\"media_blend_mode\":\"\",\"image_parallax_bgy_start\":\"-100\",\"image_parallax_bgy_end\":\"100\",\"media_overlay\":\"rgba(0, 0, 0, 0.52)\",\"animation_delay\":true},\"children\":[{\"type\":\"row\",\"props\":{\"layout\":\"1-1\",\"breakpoint\":\"m\",\"fixed_width\":\"large\",\"column_gap\":\"\",\"row_gap\":\"\",\"width\":\"\",\"width_expand\":\"\",\"height\":\"\",\"margin\":\"remove-vertical\"},\"children\":[{\"type\":\"column\",\"props\":{\"image_position\":\"center-center\",\"media_overlay_gradient\":\"\",\"vertical_align\":\"\",\"style\":\"\",\"text_color\":\"\",\"padding\":\"\"},\"children\":[{\"type\":\"headline\",\"props\":{\"title_element\":\"h1\",\"title_style\":\"heading-small\",\"title_decoration\":\"\",\"title_font_family\":\"\",\"title_color\":\"\",\"position\":\"\",\"position_z_index\":\"\",\"margin\":\"\",\"maxwidth\":\"\",\"maxwidth_breakpoint\":\"\",\"block_align\":\"\",\"block_align_breakpoint\":\"\",\"block_align_fallback\":\"\",\"text_align\":\"center\",\"text_align_breakpoint\":\"\",\"text_align_fallback\":\"\",\"animation\":\"\",\"visibility\":\"\",\"content\":\"\n\n<p>Einzelteile f\\u00fcr Elektromotoren<\\\/p>\"},\"name\":\"Headline H1\"}]}]}],\"name\":\"Entete\"},{\"type\":\"section\",\"props\":{\"style\":\"default\",\"width\":\"large\",\"vertical_align\":\"middle\",\"title_position\":\"top-left\",\"title_rotation\":\"left\",\"title_breakpoint\":\"xl\",\"image_position\":\"center-center\",\"text_color\":\"\",\"width_expand\":\"\",\"height\":\"\",\"padding\":\"\",\"header_transparent\":\"\",\"animation\":\"\",\"padding_remove_bottom\":true},\"children\":[{\"type\":\"row\",\"props\":{\"layout\":\"1-1\",\"breakpoint\":\"m\",\"fixed_width\":\"large\",\"column_gap\":\"\",\"row_gap\":\"\",\"width\":\"\",\"width_expand\":\"\",\"height\":\"\",\"margin\":\"\"},\"children\":[{\"type\":\"column\",\"props\":{\"image_position\":\"center-center\",\"media_overlay_gradient\":\"\",\"vertical_align\":\"\",\"style\":\"\",\"text_color\":\"\",\"padding\":\"\"},\"children\":[{\"type\":\"breadcrumbs\",\"props\":{\"show_home\":true,\"show_current\":true,\"position\":\"\",\"position_z_index\":\"\",\"margin\":\"\",\"text_align\":\"\",\"text_align_breakpoint\":\"\",\"text_align_fallback\":\"\",\"animation\":\"\",\"visibility\":\"\"}}]}]}],\"name\":\"\"},{\"type\":\"section\",\"props\":{\"style\":\"default\",\"width\":\"large\",\"vertical_align\":\"middle\",\"title_position\":\"top-left\",\"title_rotation\":\"left\",\"title_breakpoint\":\"xl\",\"image_position\":\"center-center\",\"text_color\":\"\",\"width_expand\":\"\",\"height\":\"\",\"padding\":\"\",\"header_transparent\":\"\",\"animation\":\"fade\",\"animation_delay\":true},\"children\":[{\"type\":\"row\",\"props\":{\"layout\":\"2-3,1-3\",\"breakpoint\":\"m\",\"fixed_width\":\"large\",\"column_gap\":\"large\",\"row_gap\":\"\",\"width\":\"\",\"width_expand\":\"\",\"height\":\"\",\"margin\":\"\"},\"children\":[{\"type\":\"column\",\"props\":{\"image_position\":\"center-center\",\"media_overlay_gradient\":\"\",\"vertical_align\":\"\",\"style\":\"\",\"text_color\":\"\",\"padding\":\"\"},\"children\":[{\"type\":\"text\",\"props\":{\"margin\":\"default\",\"column_breakpoint\":\"m\",\"text_style\":\"\",\"text_color\":\"\",\"text_size\":\"\",\"column\":\"\",\"position\":\"\",\"position_z_index\":\"\",\"maxwidth\":\"\",\"maxwidth_breakpoint\":\"\",\"block_align\":\"\",\"block_align_breakpoint\":\"\",\"block_align_fallback\":\"\",\"text_align\":\"\",\"text_align_breakpoint\":\"\",\"text_align_fallback\":\"\",\"animation\":\"slide-left-medium\",\"visibility\":\"\",\"content\":\"\n\n<p>ROUGIER Electrom\\u00e9canique begleitet seit fast 100 Jahren die wichtigsten Fachleute bei der Reparatur von Elektromotoren, sei es beim Aufwickeln von elektrischen Leitern oder bei industriellen Wartungsarbeiten. Wir sind f\\u00fcr die Qualit\\u00e4t und Zuverl\\u00e4ssigkeit unserer Produkte bekannt. Unsere Fertigung umfasst Kohleb\\u00fcrsten, B\\u00fcrstenhalter, Schleifringk\\u00f6rper und Kommutatoren und bildet das Fundament nachhaltiger Gesch\\u00e4ftsbeziehungen mit unseren Kunden.<\\\/p>\"}},{\"type\":\"slideshow\",\"props\":{\"show_title\":false,\"show_meta\":true,\"show_content\":true,\"show_link\":false,\"show_thumbnail\":true,\"slideshow_min_height\":\"\",\"slideshow_autoplay_pause\":true,\"nav\":\"thumbnav\",\"nav_position\":\"bottom-center\",\"nav_position_margin\":\"medium\",\"nav_align\":\"center\",\"nav_breakpoint\":\"s\",\"thumbnav_width\":\"75\",\"thumbnav_height\":\"50\",\"thumbnav_svg_color\":\"emphasis\",\"slidenav\":\"default\",\"slidenav_margin\":\"medium\",\"slidenav_breakpoint\":\"s\",\"slidenav_outside_breakpoint\":\"xl\",\"overlay_position\":\"bottom\",\"overlay_animation\":\"scale-up\",\"title_element\":\"h2\",\"meta_style\":\"meta\",\"meta_align\":\"below-title\",\"link_text\":\"Read more\",\"link_style\":\"default\",\"margin\":\"default\",\"slideshow_height\":\"\",\"text_color\":\"light\",\"slideshow_box_shadow\":\"small\",\"slideshow_box_decoration\":\"\",\"slideshow_animation\":\"fade\",\"slideshow_kenburns\":\"\",\"nav_margin\":\"\",\"nav_color\":\"\",\"slidenav_outside_color\":\"\",\"overlay_container\":\"\",\"overlay_container_padding\":\"xsmall\",\"overlay_margin\":\"none\",\"overlay_style\":\"overlay-default\",\"overlay_padding\":\"small\",\"overlay_width\":\"medium\",\"title_style\":\"h6\",\"title_decoration\":\"\",\"title_font_family\":\"\",\"title_color\":\"primary\",\"title_margin\":\"\",\"meta_color\":\"\",\"meta_margin\":\"\",\"content_style\":\"\",\"content_margin\":\"\",\"link_size\":\"\",\"link_margin\":\"\",\"position\":\"\",\"position_z_index\":\"\",\"maxwidth\":\"xlarge\",\"maxwidth_breakpoint\":\"\",\"block_align\":\"center\",\"block_align_breakpoint\":\"\",\"block_align_fallback\":\"\",\"text_align\":\"center\",\"text_align_breakpoint\":\"\",\"text_align_fallback\":\"\",\"animation\":\"\",\"visibility\":\"\",\"slideshow_autoplay\":true,\"nav_below\":true,\"slidenav_large\":true,\"slideshow_autoplay_interval\":\"3\",\"slideshow_max_height\":\"\"},\"children\":[{\"type\":\"slideshow_item\",\"props\":{\"title\":\"Kondensatoren f\\u00fcr Elektromotoren\",\"image\":\"wp-content\\\/uploads\\\/pieces-detachees-moteurs-electriques-condensateurs-moteur-electrique.jpg\",\"text_color\":\"\",\"image_alt\":\"Kondensatoren f\\u00fcr Elektromotoren\",\"content\":\"\",\"meta\":\"Kondensatoren f\\u00fcr Elektromotoren\"}},{\"type\":\"slideshow_item\",\"props\":{\"title\":\"Klemmenplatten f\\u00fcr Elektromotoren\",\"image\":\"wp-content\\\/uploads\\\/pieces-detachees-moteurs-electriques-plaque-a-bornes-moteur2.jpg\",\"text_color\":\"\",\"image_alt\":\"Klemmenplatten f\\u00fcr Elektromotoren\",\"content\":\"\",\"meta\":\"Klemmenplatten f\\u00fcr Elektromotoren\"}},{\"type\":\"slideshow_item\",\"props\":{\"title\":\"Abdeckungen f\\u00fcr Klemmplatten\",\"image\":\"wp-content\\\/uploads\\\/pieces-detachees-moteurs-electriques-couvercles-plaques-a-bornes.jpg\",\"text_color\":\"\",\"image_alt\":\"Abdeckungen f\\u00fcr Klemmplatten\",\"content\":\"\",\"meta\":\"Abdeckungen f\\u00fcr Klemmplatten\"}},{\"type\":\"slideshow_item\",\"props\":{\"title\":\"Automatische Kabelr\\u00fccklaufrollen\",\"image\":\"wp-content\\\/uploads\\\/pieces-detachees-moteurs-electriques-enrouleur-de-cables-a-rappel-automatique.jpg\",\"text_color\":\"\",\"image_alt\":\"Automatische Kabelr\\u00fccklaufrollen\",\"content\":\"\",\"meta\":\"Automatische Kabelr\\u00fccklaufrollen\"}},{\"type\":\"slideshow_item\",\"props\":{\"title\":\"Elektrische Isolatoren\",\"image\":\"wp-content\\\/uploads\\\/pieces-detachees-moteurs-electriques-isolateurs-electriques.jpg\",\"text_color\":\"\",\"image_alt\":\"Elektrische Isolatoren\",\"content\":\"\",\"meta\":\"Elektrische Isolatoren\"}},{\"type\":\"slideshow_item\",\"props\":{\"title\":\"Ventilatoren f\\u00fcr Elektromotoren\",\"image\":\"wp-content\\\/uploads\\\/pieces-detachees-moteurs-electriques-ventilateurs-moteurs-electriques.jpg\",\"text_color\":\"\",\"image_alt\":\"Ventilatoren f\\u00fcr Elektromotoren\",\"content\":\"\",\"meta\":\"Ventilatoren f\\u00fcr Elektromotoren\"}}]},{\"type\":\"text\",\"props\":{\"margin\":\"default\",\"column_breakpoint\":\"m\",\"text_style\":\"\",\"text_color\":\"\",\"text_size\":\"\",\"column\":\"\",\"position\":\"\",\"position_z_index\":\"\",\"maxwidth\":\"\",\"maxwidth_breakpoint\":\"\",\"block_align\":\"\",\"block_align_breakpoint\":\"\",\"block_align_fallback\":\"\",\"text_align\":\"\",\"text_align_breakpoint\":\"\",\"text_align_fallback\":\"\",\"animation\":\"slide-left-medium\",\"visibility\":\"\",\"content\":\"\n\n<p>Wir sind auch der Empfehlung gefolgt, unseren Handel zu vereinfachen. Aus diesem Grund vertreiben wir zus\\u00e4tzlich eine weitreichende Palette an Einzelteilen f\\u00fcr Elektromotoren wie z. B. Klemmenplatten und deren Zubeh\\u00f6r f\\u00fcr Elektromotoren, Anlasskondensatoren, Dauerkondensatoren, Ventilatoren f\\u00fcr Elektromotoren und Ventilatorblenden.<\\\/p>\\n\n\n<p>Auch haben wir f\\u00fcr unsere eigenen Produktionsbelange einen gewissen Lagerbestand an Produkten wie Drahtband f\\u00fcr Bandagierungen, Blitzschutzlack, Tr\\u00e4nklack oder Impr\\u00e4gnierungslack, Silikon-, Akryl- und Schrumpfschl\\u00e4uche f\\u00fcr Isolierungen, doppelt isolierte Hochtemperaturkabel und Kupfer-Litzenseile. Diese Produkte haben wir mit in unseren Katalog aufgenommen, um ein breites Spektrum an Wartungszubeh\\u00f6r f\\u00fcr Elektromotoren anbieten zu k\\u00f6nnen.<\\\/p>\\n\n\n<p>Bei Bedarf an Hochleistungs-Elektronikbauteilen, wie beispielsweise Dioden, Diodenbr\\u00fccken, Thyristoren oder automatischen Kabelr\\u00fccklaufrollen k\\u00f6nnen Sie uns auch gerne kontaktieren.<\\\/p>\\n\n\n<p>Zus\\u00e4tzlich bieten wir in unserem Katalog eine breite Palette von Tonnenisolatoren oder Polyesterharzsch\\u00fcrzen mit einer Dauertemperaturbest\\u00e4ndigkeit von bis zu 180\\u00b0C an. F\\u00fcr h\\u00f6here Temperaturen k\\u00f6nnen Sie uns gerne kontaktieren.<\\\/p>\"}},{\"type\":\"button\",\"props\":{\"grid_column_gap\":\"small\",\"grid_row_gap\":\"small\",\"margin\":\"large\",\"button_size\":\"large\",\"position\":\"\",\"position_z_index\":\"\",\"maxwidth\":\"\",\"maxwidth_breakpoint\":\"\",\"block_align\":\"\",\"block_align_breakpoint\":\"\",\"block_align_fallback\":\"\",\"text_align\":\"center\",\"text_align_breakpoint\":\"\",\"text_align_fallback\":\"\",\"animation\":\"scale-up\",\"visibility\":\"\"},\"children\":[{\"type\":\"button_item\",\"props\":{\"button_style\":\"secondary\",\"icon_align\":\"left\",\"link_target\":\"\",\"content\":\"Kontaktieren Sie uns\",\"icon\":\"forward\",\"link\":\"de\\\/kontaktieren-sie-einen-spezialisten-im-bereich-stromuebertragung-fuer-elektromotoren\\\/\"}}]}]},{\"type\":\"column\",\"props\":{\"image_position\":\"center-center\",\"media_overlay_gradient\":\"\",\"vertical_align\":\"\",\"style\":\"\",\"text_color\":\"\",\"padding\":\"\"},\"children\":[{\"type\":\"grid\",\"props\":{\"show_title\":true,\"show_meta\":true,\"show_content\":true,\"show_image\":true,\"show_link\":true,\"grid_default\":\"1\",\"grid_medium\":\"\",\"filter_style\":\"tab\",\"filter_all\":true,\"filter_position\":\"top\",\"filter_align\":\"left\",\"filter_grid_width\":\"auto\",\"filter_grid_breakpoint\":\"m\",\"title_hover_style\":\"reset\",\"title_element\":\"h3\",\"title_align\":\"top\",\"title_grid_width\":\"1-2\",\"title_grid_breakpoint\":\"m\",\"meta_style\":\"meta\",\"meta_align\":\"below-title\",\"icon_ratio\":4,\"image_align\":\"bottom\",\"image_grid_width\":\"1-2\",\"image_grid_breakpoint\":\"m\",\"image_svg_color\":\"emphasis\",\"link_text\":\"\",\"link_style\":\"default\",\"margin\":\"default\",\"item_animation\":\"slide-right-medium\",\"grid_column_gap\":\"\",\"grid_row_gap\":\"\",\"grid_small\":\"\",\"grid_large\":\"\",\"grid_xlarge\":\"\",\"filter_margin\":\"\",\"filter_grid_column_gap\":\"\",\"filter_grid_row_gap\":\"\",\"title_display\":\"\",\"content_display\":\"\",\"panel_style\":\"card-secondary\",\"panel_content_padding\":\"\",\"panel_size\":\"\",\"item_maxwidth\":\"\",\"title_style\":\"h5\",\"title_decoration\":\"divider\",\"title_font_family\":\"\",\"title_color\":\"\",\"title_grid_column_gap\":\"\",\"title_grid_row_gap\":\"\",\"title_margin\":\"\",\"meta_color\":\"\",\"meta_margin\":\"\",\"content_style\":\"\",\"content_margin\":\"\",\"image_transition\":\"scale-up\",\"image_border\":\"\",\"image_box_shadow\":\"\",\"image_hover_box_shadow\":\"\",\"image_box_decoration\":\"\",\"icon_color\":\"\",\"image_grid_column_gap\":\"\",\"image_grid_row_gap\":\"\",\"image_margin\":\"\",\"link_size\":\"\",\"link_margin\":\"\",\"position\":\"\",\"position_z_index\":\"\",\"maxwidth\":\"\",\"maxwidth_breakpoint\":\"\",\"block_align\":\"\",\"block_align_breakpoint\":\"\",\"block_align_fallback\":\"\",\"text_align\":\"center\",\"text_align_breakpoint\":\"\",\"text_align_fallback\":\"\",\"visibility\":\"\",\"lightbox\":false,\"link_target\":true,\"image_width\":\"200\",\"title_link\":true,\"image_link\":true,\"panel_content_width\":\"\"},\"children\":[{\"type\":\"grid_item\",\"props\":{\"title\":\"Download\",\"image\":\"wp-content\\\/uploads\\\/catalogue-pieces-detachees-moteur-electrique.jpg\",\"link\":\"wp-content\\\/uploads\\\/catalogue-pieces-detachees-moteur-electrique.pdf\",\"image_alt\":\"catalogue des accessoires pour moteur \\u00e9lectrique\",\"content\":\"\n\n<p>Katalog Zubeh\\u00f6rteile f\\u00fcr Elektromotoren<\\\/p>\"}}]}]}]}]},{\"type\":\"section\",\"props\":{\"style\":\"default\",\"width\":\"large\",\"vertical_align\":\"middle\",\"title_position\":\"top-left\",\"title_rotation\":\"left\",\"title_breakpoint\":\"xl\",\"image_position\":\"center-center\",\"text_color\":\"\",\"width_expand\":\"\",\"height\":\"\",\"padding\":\"\",\"header_transparent\":\"\",\"animation\":\"scale-up\",\"animation_delay\":false},\"children\":[{\"type\":\"row\",\"props\":{\"layout\":\"1-1\",\"breakpoint\":\"m\",\"fixed_width\":\"large\",\"column_gap\":\"\",\"row_gap\":\"\",\"width\":\"large\",\"width_expand\":\"\",\"height\":\"\",\"margin\":\"\"},\"children\":[{\"type\":\"column\",\"props\":{\"image_position\":\"center-center\",\"media_overlay_gradient\":\"\",\"vertical_align\":\"\",\"style\":\"\",\"text_color\":\"\",\"padding\":\"\"},\"children\":[{\"type\":\"headline\",\"props\":{\"title_element\":\"div\",\"title_style\":\"\",\"title_decoration\":\"\",\"title_font_family\":\"tertiary\",\"title_color\":\"\",\"position\":\"\",\"position_z_index\":\"\",\"margin\":\"\",\"maxwidth\":\"xxlarge\",\"maxwidth_breakpoint\":\"\",\"block_align\":\"center\",\"block_align_breakpoint\":\"\",\"block_align_fallback\":\"\",\"text_align\":\"center\",\"text_align_breakpoint\":\"\",\"text_align_fallback\":\"\",\"animation\":\"\",\"visibility\":\"\",\"content\":\"\n\n<blockquote>\\n\n\n<p><span class=\\\"tlid-translation translation\\\" lang=\\\"de\\\"><span class=\\\"\\\" title=\\\"\\\">ROUGIER Electrom\\u00e9canique steht Ihnen f\\u00fcr alle Ihre Anforderungen an Zubeh\\u00f6r f\\u00fcr Elektromotoren zur Verf\\u00fcgung, das an Ihre Bed\\u00fcrfnisse angepasst ist und stets das beste Preis-\\\/Leistungsverh\\u00e4ltnis anstrebt.<\\\/span><\\\/span><\\\/p>\\n<\\\/blockquote>\"}}]}]}]}],\"version\":\"2.0.14\",\"props\":[]} --><\/p>\n","protected":false},"excerpt":{"rendered":"<p>Einzelteile f\u00fcr Elektromotoren ROUGIER Electrom\u00e9canique begleitet seit fast 100 Jahren die wichtigsten Fachleute bei der Reparatur von Elektromotoren, sei es beim Aufwickeln von elektrischen Leitern oder bei industriellen Wartungsarbeiten. Wir sind f\u00fcr die Qualit\u00e4t und Zuverl\u00e4ssigkeit unserer Produkte bekannt. Unsere Fertigung umfasst Kohleb\u00fcrsten, B\u00fcrstenhalter, Schleifringk\u00f6rper und Kommutatoren und bildet das Fundament nachhaltiger Gesch\u00e4ftsbeziehungen mit unseren [&hellip;]<\/p>\n","protected":false},"author":1,"featured_media":0,"parent":1669,"menu_order":8,"comment_status":"closed","ping_status":"closed","template":"","meta":{"footnotes":""},"class_list":["post-1693","page","type-page","status-publish","hentry"],"aioseo_notices":[],"_links":{"self":[{"href":"https:\/\/www.rougier-electro.fr\/de\/wp-json\/wp\/v2\/pages\/1693","targetHints":{"allow":["GET"]}}],"collection":[{"href":"https:\/\/www.rougier-electro.fr\/de\/wp-json\/wp\/v2\/pages"}],"about":[{"href":"https:\/\/www.rougier-electro.fr\/de\/wp-json\/wp\/v2\/types\/page"}],"author":[{"embeddable":true,"href":"https:\/\/www.rougier-electro.fr\/de\/wp-json\/wp\/v2\/users\/1"}],"replies":[{"embeddable":true,"href":"https:\/\/www.rougier-electro.fr\/de\/wp-json\/wp\/v2\/comments?post=1693"}],"version-history":[{"count":0,"href":"https:\/\/www.rougier-electro.fr\/de\/wp-json\/wp\/v2\/pages\/1693\/revisions"}],"up":[{"embeddable":true,"href":"https:\/\/www.rougier-electro.fr\/de\/wp-json\/wp\/v2\/pages\/1669"}],"wp:attachment":[{"href":"https:\/\/www.rougier-electro.fr\/de\/wp-json\/wp\/v2\/media?parent=1693"}],"curies":[{"name":"wp","href":"https:\/\/api.w.org\/{rel}","templated":true}]}}