{"id":1690,"date":"2020-02-28T10:19:02","date_gmt":"2020-02-28T09:19:02","guid":{"rendered":"https:\/\/www.rougier-electro.fr\/produits\/fabrication-systemes-alimentation-electrique-par-electrophorese\/"},"modified":"2020-08-28T11:13:22","modified_gmt":"2020-08-28T09:13:22","slug":"hersteller-von-stromversorgungssystemen-zur-oberflaechenbehandlung","status":"publish","type":"page","link":"https:\/\/www.rougier-electro.fr\/de\/produkte\/hersteller-von-stromversorgungssystemen-zur-oberflaechenbehandlung\/","title":{"rendered":"Stromversorgungssystemen zur Oberfl\u00e4chenbehandlung"},"content":{"rendered":"<h1>\n<p>Kataphorese<\/p>\n<\/h1>\n<h2>\n<p>Konzeption, Herstellung und Reparatur<br \/>von Stromversorgungssystemen, die bei der Oberfl\u00e4chenbehandlung eingesetzt werden<\/p>\n<\/h2>\n<div>\n<p>Seit mehr als 40 Jahren begleitet ROUGIER Electrom\u00e9canique die Hauptakteure im Bereich der F\u00f6rdertechnik bei der Entwicklung von elektrischen Versorgungssystemen f\u00fcr Einheiten, die bei der Oberfl\u00e4chenbehandlung durch Elektrophorese eingesetzt werden.<\/p>\n<\/div>\n<ul>\n<li>\n<p>        <img decoding=\"async\" src=\"https:\/\/www.rougier-electro.fr\/wp-content\/uploads\/cataphorese-capteurs-de-courant-rougier.jpg\" alt=\"Stromabnehmer der Marke Rougier\"><\/p>\n<h2>Stromabnehmer der Marke Rougier<\/h2>\n<p>Stromabnehmer der Marke Rougier<\/p>\n<\/li>\n<li>\n<p>        <img decoding=\"async\" src=\"https:\/\/www.rougier-electro.fr\/wp-content\/uploads\/cataphorese-ligne-alimentation-cataphorese-complete.jpg\" alt=\"Komplette Stromversorgungsanlagen f\u00fcr die Kataphorese\"><\/p>\n<h2>Komplette Stromversorgungsanlagen f\u00fcr die Kataphorese<\/h2>\n<p>Komplette Stromversorgungsanlagen f\u00fcr die Kataphorese<\/p>\n<\/li>\n<li>\n<p>        <img decoding=\"async\" src=\"https:\/\/www.rougier-electro.fr\/wp-content\/uploads\/cataphorese-main-aimant.jpg\" alt=\"Greifkontakte\"><\/p>\n<h2>Greifkontakte<\/h2>\n<p>Greifkontakte<\/p>\n<\/li>\n<li>\n<p>        <img decoding=\"async\" src=\"https:\/\/www.rougier-electro.fr\/wp-content\/uploads\/cataphorese-preneur-de-courant.jpg\" alt=\"Stromabnehmer\"><\/p>\n<h2>Stromabnehmer<\/h2>\n<p>Stromabnehmer<\/p>\n<\/li>\n<li>\n<p>        <img decoding=\"async\" src=\"https:\/\/www.rougier-electro.fr\/wp-content\/uploads\/cataphorese-rail-alimentation-cataphorese.jpg\" alt=\"Stromversorgungsleitungen f\u00fcr Kataphorese\"><\/p>\n<h2>Stromversorgungsleitungen f\u00fcr Kataphorese<\/h2>\n<p>Stromversorgungsleitungen f\u00fcr Kataphorese<\/p>\n<\/li>\n<\/ul>\n<div>\n<p>In Zusammenarbeit mit Weltmarktf\u00fchrern der F\u00f6rdertechnik wie z. B. D\u00dcRR SYSTEMS, GEICO, EISENMANN, FATA, JERVIS WEBB, TAYKISHA, CINETIC u. a. haben wir Systeme untersucht, entwickelt und hergestellt, die den immer h\u00f6heren Erwartungen unserer Partner gerecht werden.<\/p>\n<p>Dabei konnten wir bis heute unsere Kenntnisse in Expertise und Wartung anhand von ca. 70 Installationen unter Beweis stellen.<\/p>\n<p>Unser unerm\u00fcdlicher Einsatz hat uns zu einer Marktpr\u00e4senz bei ca. 15 Vertragspartnern in 5 Kontinenten verholfen.<\/p>\n<p>Je nach Anlage k\u00f6nnen wir die n\u00f6tigen Bestandteile f\u00fcr die Elektrifizierungskette der Tauchlackierung liefern: Stromversorgungsleitungen aus Kupfer, Umschalter, Stromabnehmer mit Grafit geladenen Schleifst\u00fccken, Systeme zum Hochfahren von Schlitten, wie beispielsweise Greifkontakte aus Kupfer.<\/p>\n<p>Der Lieferumfang beinhaltet auch alle f\u00fcr die Montage und Instandhaltung der Installierung notwendigen Ersatzteile: Einf\u00fchrung und Leitf\u00e4den, H\u00e4ngeisolatoren, Isolierlaschen mit oder ohne Schleifleisten des Stromabnehmers, unterschiedliche Spannungsbereiche der Stromversorgung, Verbindungsshunts aus \u00e4u\u00dferst flexiblen B\u00e4ndern, Hochtemperatur-Isolatoren, usw.<\/p>\n<p>Diese Techniken werden nicht nur zum Schutz von Fahrzeugen benutzt. Das Prinzip der Tauchlackierung wird auch bei anderen industriellen Verfahren eingesetzt, wie bei der Oberfl\u00e4chenbehandlung oder der Ausstattung von Kraftfahrzeugzulieferern oder zum Schutz von Haushaltsger\u00e4teteilen, Schaltschr\u00e4nken usw.<\/p>\n<p>Z\u00f6gern Sich nicht, uns bei der Entwicklung neuer Installationen, der Verbesserung von bestehenden Anlagen oder der Expertise wiederkehrender Probleme zu kontaktieren. Wir setzen alles daran, Sie in diesen Bereichen kompetent zu unterst\u00fctzen und zu beraten.<\/p>\n<\/div>\n<p>\n    <a href=\"https:\/\/www.rougier-electro.fr\/de\/kontaktieren-sie-einen-spezialisten-im-bereich-stromuebertragung-fuer-elektromotoren\">Kontaktieren Sie uns<\/a>\n<\/p>\n<div>\n<p>    <img decoding=\"async\" src=\"https:\/\/www.rougier-electro.fr\/wp-content\/uploads\/catalogue-electrophorese.jpg\" alt=\"catalogue sur le principe et composition d'une ligne d'\u00e9lectrification de cataphor\u00e8se\"><\/p>\n<h3>Download<\/h3>\n<div>\n<p><span class=\"tlid-translation translation\" lang=\"de\"><span class=\"\" title=\"\">Blatt \u00fcber das Prinzip und die Zusammensetzung einer Kataphorese-Elektrifizierungslinie<\/span><\/span><\/p>\n<\/div>\n<p><a href=\"https:\/\/www.rougier-electro.fr\/wp-content\/uploads\/catalogue-electrophorese.pdf\"><\/a><\/p>\n<\/div>\n<div>\n<blockquote>\n<p>ROUGIER Electrom\u00e9canique unterst\u00fctzt Sie jederzeit mit technischem Support bei der Entwicklung und Ausarbeitung elektrischen Versorgungssystemen f\u00fcr Einheiten, die bei der Oberfl\u00e4chenbehandlung durch Elektrophorese eingesetzt werden, das am geeignetsten auf Ihre Anspr\u00fcche zum besten Preis-\/Leistungsverh\u00e4ltnis abgestimmt ist.<\/p>\n<\/blockquote>\n<\/div>\n<p><!-- {\"name\":\"20200228 produit-page\",\"type\":\"layout\",\"children\":[{\"type\":\"section\",\"props\":{\"style\":\"default\",\"width\":\"large\",\"vertical_align\":\"middle\",\"title_position\":\"top-left\",\"title_rotation\":\"left\",\"title_breakpoint\":\"xl\",\"image_position\":\"center-center\",\"text_color\":\"light\",\"width_expand\":\"\",\"height\":\"\",\"padding\":\"large\",\"header_transparent\":\"\",\"animation\":\"fade\",\"image\":\"wp-content\\\/uploads\\\/cover-collecteur-electrique-tournant.jpg\",\"image_size\":\"cover\",\"image_effect\":\"parallax\",\"image_parallax_breakpoint\":\"\",\"image_visibility\":\"\",\"video_width\":\"\",\"video_height\":\"\",\"media_blend_mode\":\"\",\"image_parallax_bgy_start\":\"-100\",\"image_parallax_bgy_end\":\"100\",\"media_overlay\":\"rgba(0, 0, 0, 0.52)\",\"animation_delay\":true},\"children\":[{\"type\":\"row\",\"props\":{\"layout\":\"1-1\",\"breakpoint\":\"m\",\"fixed_width\":\"large\",\"column_gap\":\"\",\"row_gap\":\"\",\"width\":\"\",\"width_expand\":\"\",\"height\":\"\",\"margin\":\"remove-vertical\"},\"children\":[{\"type\":\"column\",\"props\":{\"image_position\":\"center-center\",\"media_overlay_gradient\":\"\",\"vertical_align\":\"\",\"style\":\"\",\"text_color\":\"\",\"padding\":\"\"},\"children\":[{\"type\":\"headline\",\"props\":{\"title_element\":\"h1\",\"title_style\":\"heading-small\",\"title_decoration\":\"\",\"title_font_family\":\"\",\"title_color\":\"\",\"position\":\"\",\"position_z_index\":\"\",\"margin\":\"\",\"maxwidth\":\"\",\"maxwidth_breakpoint\":\"\",\"block_align\":\"\",\"block_align_breakpoint\":\"\",\"block_align_fallback\":\"\",\"text_align\":\"center\",\"text_align_breakpoint\":\"\",\"text_align_fallback\":\"\",\"animation\":\"\",\"visibility\":\"\",\"content\":\"\n\n<p>Kataphorese<\\\/p>\"},\"name\":\"Headline H1\"}]}]}],\"name\":\"Entete\"},{\"type\":\"section\",\"props\":{\"style\":\"default\",\"width\":\"large\",\"vertical_align\":\"middle\",\"title_position\":\"top-left\",\"title_rotation\":\"left\",\"title_breakpoint\":\"xl\",\"image_position\":\"center-center\",\"text_color\":\"\",\"width_expand\":\"\",\"height\":\"\",\"padding\":\"\",\"header_transparent\":\"\",\"animation\":\"\",\"padding_remove_bottom\":true},\"children\":[{\"type\":\"row\",\"props\":{\"layout\":\"1-1\",\"breakpoint\":\"m\",\"fixed_width\":\"large\",\"column_gap\":\"\",\"row_gap\":\"\",\"width\":\"\",\"width_expand\":\"\",\"height\":\"\",\"margin\":\"\"},\"children\":[{\"type\":\"column\",\"props\":{\"image_position\":\"center-center\",\"media_overlay_gradient\":\"\",\"vertical_align\":\"\",\"style\":\"\",\"text_color\":\"\",\"padding\":\"\"},\"children\":[{\"type\":\"breadcrumbs\",\"props\":{\"show_home\":true,\"show_current\":true,\"position\":\"\",\"position_z_index\":\"\",\"margin\":\"\",\"text_align\":\"\",\"text_align_breakpoint\":\"\",\"text_align_fallback\":\"\",\"animation\":\"\",\"visibility\":\"\"}}]}]}],\"name\":\"\"},{\"type\":\"section\",\"props\":{\"style\":\"default\",\"width\":\"large\",\"vertical_align\":\"middle\",\"title_position\":\"top-left\",\"title_rotation\":\"left\",\"title_breakpoint\":\"xl\",\"image_position\":\"center-center\",\"text_color\":\"\",\"width_expand\":\"\",\"height\":\"\",\"padding\":\"\",\"header_transparent\":\"\",\"animation\":\"\"},\"children\":[{\"type\":\"row\",\"props\":{\"layout\":\"1-1\",\"breakpoint\":\"m\",\"fixed_width\":\"large\",\"column_gap\":\"\",\"row_gap\":\"\",\"width\":\"\",\"width_expand\":\"\",\"height\":\"\",\"margin\":\"\"},\"children\":[{\"type\":\"column\",\"props\":{\"image_position\":\"center-center\",\"media_overlay_gradient\":\"\",\"vertical_align\":\"\",\"style\":\"\",\"text_color\":\"\",\"padding\":\"\"},\"children\":[{\"type\":\"headline\",\"props\":{\"title_element\":\"h2\",\"title_style\":\"h2\",\"title_decoration\":\"\",\"title_font_family\":\"\",\"title_color\":\"\",\"position\":\"\",\"position_z_index\":\"\",\"margin\":\"\",\"maxwidth\":\"\",\"maxwidth_breakpoint\":\"\",\"block_align\":\"\",\"block_align_breakpoint\":\"\",\"block_align_fallback\":\"\",\"text_align\":\"center\",\"text_align_breakpoint\":\"\",\"text_align_fallback\":\"\",\"animation\":\"\",\"visibility\":\"\",\"content\":\"\n\n<p>Konzeption, Herstellung und Reparatur<br \\\/>von Stromversorgungssystemen, die bei der Oberfl\\u00e4chenbehandlung eingesetzt werden<\\\/p>\"},\"name\":\"Headline H2\"}]}]}]},{\"type\":\"section\",\"props\":{\"style\":\"default\",\"width\":\"large\",\"vertical_align\":\"middle\",\"title_position\":\"top-left\",\"title_rotation\":\"left\",\"title_breakpoint\":\"xl\",\"image_position\":\"center-center\",\"text_color\":\"\",\"width_expand\":\"\",\"height\":\"\",\"padding\":\"\",\"header_transparent\":\"\",\"animation\":\"fade\",\"animation_delay\":true},\"children\":[{\"type\":\"row\",\"props\":{\"layout\":\"2-3,1-3\",\"breakpoint\":\"m\",\"fixed_width\":\"large\",\"column_gap\":\"large\",\"row_gap\":\"\",\"width\":\"\",\"width_expand\":\"\",\"height\":\"\",\"margin\":\"\"},\"children\":[{\"type\":\"column\",\"props\":{\"image_position\":\"center-center\",\"media_overlay_gradient\":\"\",\"vertical_align\":\"\",\"style\":\"\",\"text_color\":\"\",\"padding\":\"\"},\"children\":[{\"type\":\"text\",\"props\":{\"margin\":\"default\",\"column_breakpoint\":\"m\",\"text_style\":\"\",\"text_color\":\"\",\"text_size\":\"\",\"column\":\"\",\"position\":\"\",\"position_z_index\":\"\",\"maxwidth\":\"\",\"maxwidth_breakpoint\":\"\",\"block_align\":\"\",\"block_align_breakpoint\":\"\",\"block_align_fallback\":\"\",\"text_align\":\"\",\"text_align_breakpoint\":\"\",\"text_align_fallback\":\"\",\"animation\":\"slide-left-medium\",\"visibility\":\"\",\"content\":\"\n\n<p>Seit mehr als 40 Jahren begleitet ROUGIER Electrom\\u00e9canique die Hauptakteure im Bereich der F\\u00f6rdertechnik bei der Entwicklung von elektrischen Versorgungssystemen f\\u00fcr Einheiten, die bei der Oberfl\\u00e4chenbehandlung durch Elektrophorese eingesetzt werden.<\\\/p>\"}},{\"type\":\"slideshow\",\"props\":{\"show_title\":false,\"show_meta\":true,\"show_content\":true,\"show_link\":false,\"show_thumbnail\":true,\"slideshow_min_height\":\"\",\"slideshow_autoplay_pause\":true,\"nav\":\"thumbnav\",\"nav_position\":\"bottom-center\",\"nav_position_margin\":\"medium\",\"nav_align\":\"center\",\"nav_breakpoint\":\"s\",\"thumbnav_width\":\"75\",\"thumbnav_height\":\"50\",\"thumbnav_svg_color\":\"emphasis\",\"slidenav\":\"default\",\"slidenav_margin\":\"medium\",\"slidenav_breakpoint\":\"s\",\"slidenav_outside_breakpoint\":\"xl\",\"overlay_position\":\"bottom\",\"overlay_animation\":\"scale-up\",\"title_element\":\"h2\",\"meta_style\":\"meta\",\"meta_align\":\"below-title\",\"link_text\":\"Read more\",\"link_style\":\"default\",\"margin\":\"default\",\"slideshow_height\":\"\",\"text_color\":\"light\",\"slideshow_box_shadow\":\"small\",\"slideshow_box_decoration\":\"\",\"slideshow_animation\":\"fade\",\"slideshow_kenburns\":\"\",\"nav_margin\":\"\",\"nav_color\":\"\",\"slidenav_outside_color\":\"\",\"overlay_container\":\"\",\"overlay_container_padding\":\"xsmall\",\"overlay_margin\":\"none\",\"overlay_style\":\"overlay-default\",\"overlay_padding\":\"small\",\"overlay_width\":\"medium\",\"title_style\":\"h6\",\"title_decoration\":\"\",\"title_font_family\":\"\",\"title_color\":\"primary\",\"title_margin\":\"\",\"meta_color\":\"\",\"meta_margin\":\"\",\"content_style\":\"\",\"content_margin\":\"\",\"link_size\":\"\",\"link_margin\":\"\",\"position\":\"\",\"position_z_index\":\"\",\"maxwidth\":\"xlarge\",\"maxwidth_breakpoint\":\"\",\"block_align\":\"center\",\"block_align_breakpoint\":\"\",\"block_align_fallback\":\"\",\"text_align\":\"center\",\"text_align_breakpoint\":\"\",\"text_align_fallback\":\"\",\"animation\":\"\",\"visibility\":\"\",\"slideshow_autoplay\":true,\"nav_below\":true,\"slidenav_large\":true,\"slideshow_autoplay_interval\":\"3\",\"slideshow_max_height\":\"\"},\"children\":[{\"type\":\"slideshow_item\",\"props\":{\"title\":\"Stromabnehmer der Marke Rougier\",\"image\":\"wp-content\\\/uploads\\\/cataphorese-capteurs-de-courant-rougier.jpg\",\"text_color\":\"\",\"image_alt\":\"Stromabnehmer der Marke Rougier\",\"content\":\"\",\"meta\":\"Stromabnehmer der Marke Rougier\"}},{\"type\":\"slideshow_item\",\"props\":{\"title\":\"Komplette Stromversorgungsanlagen f\\u00fcr die Kataphorese\",\"image\":\"wp-content\\\/uploads\\\/cataphorese-ligne-alimentation-cataphorese-complete.jpg\",\"text_color\":\"\",\"image_alt\":\"Komplette Stromversorgungsanlagen f\\u00fcr die Kataphorese\",\"content\":\"\",\"meta\":\"Komplette Stromversorgungsanlagen f\\u00fcr die Kataphorese\"}},{\"type\":\"slideshow_item\",\"props\":{\"title\":\"Greifkontakte\",\"image\":\"wp-content\\\/uploads\\\/cataphorese-main-aimant.jpg\",\"text_color\":\"\",\"image_alt\":\"Greifkontakte\",\"content\":\"\",\"meta\":\"Greifkontakte\"}},{\"type\":\"slideshow_item\",\"props\":{\"title\":\"Stromabnehmer\",\"image\":\"wp-content\\\/uploads\\\/cataphorese-preneur-de-courant.jpg\",\"text_color\":\"\",\"image_alt\":\"Stromabnehmer\",\"content\":\"\",\"meta\":\"Stromabnehmer\"}},{\"type\":\"slideshow_item\",\"props\":{\"title\":\"Stromversorgungsleitungen f\\u00fcr Kataphorese\",\"image\":\"wp-content\\\/uploads\\\/cataphorese-rail-alimentation-cataphorese.jpg\",\"text_color\":\"\",\"image_alt\":\"Stromversorgungsleitungen f\\u00fcr Kataphorese\",\"content\":\"\",\"meta\":\"Stromversorgungsleitungen f\\u00fcr Kataphorese\"}}]},{\"type\":\"text\",\"props\":{\"margin\":\"default\",\"column_breakpoint\":\"m\",\"text_style\":\"\",\"text_color\":\"\",\"text_size\":\"\",\"column\":\"\",\"position\":\"\",\"position_z_index\":\"\",\"maxwidth\":\"\",\"maxwidth_breakpoint\":\"\",\"block_align\":\"\",\"block_align_breakpoint\":\"\",\"block_align_fallback\":\"\",\"text_align\":\"\",\"text_align_breakpoint\":\"\",\"text_align_fallback\":\"\",\"animation\":\"slide-left-medium\",\"visibility\":\"\",\"content\":\"\n\n<p>In Zusammenarbeit mit Weltmarktf\\u00fchrern der F\\u00f6rdertechnik wie z. B. D\\u00dcRR SYSTEMS, GEICO, EISENMANN, FATA, JERVIS WEBB, TAYKISHA, CINETIC u. a. haben wir Systeme untersucht, entwickelt und hergestellt, die den immer h\\u00f6heren Erwartungen unserer Partner gerecht werden.<\\\/p>\\n\n\n<p>Dabei konnten wir bis heute unsere Kenntnisse in Expertise und Wartung anhand von ca. 70 Installationen unter Beweis stellen.<\\\/p>\\n\n\n<p>Unser unerm\\u00fcdlicher Einsatz hat uns zu einer Marktpr\\u00e4senz bei ca. 15 Vertragspartnern in 5 Kontinenten verholfen.<\\\/p>\\n\n\n<p>Je nach Anlage k\\u00f6nnen wir die n\\u00f6tigen Bestandteile f\\u00fcr die Elektrifizierungskette der Tauchlackierung liefern: Stromversorgungsleitungen aus Kupfer, Umschalter, Stromabnehmer mit Grafit geladenen Schleifst\\u00fccken, Systeme zum Hochfahren von Schlitten, wie beispielsweise Greifkontakte aus Kupfer.<\\\/p>\\n\n\n<p>Der Lieferumfang beinhaltet auch alle f\\u00fcr die Montage und Instandhaltung der Installierung notwendigen Ersatzteile: Einf\\u00fchrung und Leitf\\u00e4den, H\\u00e4ngeisolatoren, Isolierlaschen mit oder ohne Schleifleisten des Stromabnehmers, unterschiedliche Spannungsbereiche der Stromversorgung, Verbindungsshunts aus \\u00e4u\\u00dferst flexiblen B\\u00e4ndern, Hochtemperatur-Isolatoren, usw.<\\\/p>\\n\n\n<p>Diese Techniken werden nicht nur zum Schutz von Fahrzeugen benutzt. Das Prinzip der Tauchlackierung wird auch bei anderen industriellen Verfahren eingesetzt, wie bei der Oberfl\\u00e4chenbehandlung oder der Ausstattung von Kraftfahrzeugzulieferern oder zum Schutz von Haushaltsger\\u00e4teteilen, Schaltschr\\u00e4nken usw.<\\\/p>\\n\n\n<p>Z\\u00f6gern Sich nicht, uns bei der Entwicklung neuer Installationen, der Verbesserung von bestehenden Anlagen oder der Expertise wiederkehrender Probleme zu kontaktieren. Wir setzen alles daran, Sie in diesen Bereichen kompetent zu unterst\\u00fctzen und zu beraten.<\\\/p>\"}},{\"type\":\"button\",\"props\":{\"grid_column_gap\":\"small\",\"grid_row_gap\":\"small\",\"margin\":\"large\",\"button_size\":\"large\",\"position\":\"\",\"position_z_index\":\"\",\"maxwidth\":\"\",\"maxwidth_breakpoint\":\"\",\"block_align\":\"\",\"block_align_breakpoint\":\"\",\"block_align_fallback\":\"\",\"text_align\":\"center\",\"text_align_breakpoint\":\"\",\"text_align_fallback\":\"\",\"animation\":\"scale-up\",\"visibility\":\"\"},\"children\":[{\"type\":\"button_item\",\"props\":{\"button_style\":\"secondary\",\"icon_align\":\"left\",\"link_target\":\"\",\"content\":\"Kontaktieren Sie uns\",\"icon\":\"forward\",\"link\":\"de\\\/kontaktieren-sie-einen-spezialisten-im-bereich-stromuebertragung-fuer-elektromotoren\\\/\"}}]}]},{\"type\":\"column\",\"props\":{\"image_position\":\"center-center\",\"media_overlay_gradient\":\"\",\"vertical_align\":\"\",\"style\":\"\",\"text_color\":\"\",\"padding\":\"\"},\"children\":[{\"type\":\"grid\",\"props\":{\"show_title\":true,\"show_meta\":true,\"show_content\":true,\"show_image\":true,\"show_link\":true,\"grid_default\":\"1\",\"grid_medium\":\"\",\"filter_style\":\"tab\",\"filter_all\":true,\"filter_position\":\"top\",\"filter_align\":\"left\",\"filter_grid_width\":\"auto\",\"filter_grid_breakpoint\":\"m\",\"title_hover_style\":\"reset\",\"title_element\":\"h3\",\"title_align\":\"top\",\"title_grid_width\":\"1-2\",\"title_grid_breakpoint\":\"m\",\"meta_style\":\"meta\",\"meta_align\":\"below-title\",\"icon_ratio\":4,\"image_align\":\"bottom\",\"image_grid_width\":\"1-2\",\"image_grid_breakpoint\":\"m\",\"image_svg_color\":\"emphasis\",\"link_text\":\"\",\"link_style\":\"default\",\"margin\":\"default\",\"item_animation\":\"slide-right-medium\",\"grid_column_gap\":\"\",\"grid_row_gap\":\"\",\"grid_small\":\"\",\"grid_large\":\"\",\"grid_xlarge\":\"\",\"filter_margin\":\"\",\"filter_grid_column_gap\":\"\",\"filter_grid_row_gap\":\"\",\"title_display\":\"\",\"content_display\":\"\",\"panel_style\":\"card-secondary\",\"panel_content_padding\":\"\",\"panel_size\":\"\",\"item_maxwidth\":\"\",\"title_style\":\"h5\",\"title_decoration\":\"divider\",\"title_font_family\":\"\",\"title_color\":\"\",\"title_grid_column_gap\":\"\",\"title_grid_row_gap\":\"\",\"title_margin\":\"\",\"meta_color\":\"\",\"meta_margin\":\"\",\"content_style\":\"\",\"content_margin\":\"\",\"image_transition\":\"scale-up\",\"image_border\":\"\",\"image_box_shadow\":\"\",\"image_hover_box_shadow\":\"\",\"image_box_decoration\":\"\",\"icon_color\":\"\",\"image_grid_column_gap\":\"\",\"image_grid_row_gap\":\"\",\"image_margin\":\"\",\"link_size\":\"\",\"link_margin\":\"\",\"position\":\"\",\"position_z_index\":\"\",\"maxwidth\":\"\",\"maxwidth_breakpoint\":\"\",\"block_align\":\"\",\"block_align_breakpoint\":\"\",\"block_align_fallback\":\"\",\"text_align\":\"center\",\"text_align_breakpoint\":\"\",\"text_align_fallback\":\"\",\"visibility\":\"\",\"lightbox\":false,\"link_target\":true,\"image_width\":\"200\",\"title_link\":true,\"image_link\":true,\"panel_content_width\":\"\"},\"children\":[{\"type\":\"grid_item\",\"props\":{\"title\":\"Download\",\"image\":\"wp-content\\\/uploads\\\/catalogue-electrophorese.jpg\",\"link\":\"wp-content\\\/uploads\\\/catalogue-electrophorese.pdf\",\"image_alt\":\"catalogue sur le principe et composition d'une ligne d'\\u00e9lectrification de cataphor\\u00e8se\",\"content\":\"\n\n<p><span class=\\\"tlid-translation translation\\\" lang=\\\"de\\\"><span class=\\\"\\\" title=\\\"\\\">Blatt \\u00fcber das Prinzip und die Zusammensetzung einer Kataphorese-Elektrifizierungslinie<\\\/span><\\\/span><\\\/p>\"}}]}]}]}]},{\"type\":\"section\",\"props\":{\"style\":\"default\",\"width\":\"large\",\"vertical_align\":\"middle\",\"title_position\":\"top-left\",\"title_rotation\":\"left\",\"title_breakpoint\":\"xl\",\"image_position\":\"center-center\",\"text_color\":\"\",\"width_expand\":\"\",\"height\":\"\",\"padding\":\"\",\"header_transparent\":\"\",\"animation\":\"scale-up\",\"animation_delay\":false},\"children\":[{\"type\":\"row\",\"props\":{\"layout\":\"1-1\",\"breakpoint\":\"m\",\"fixed_width\":\"large\",\"column_gap\":\"\",\"row_gap\":\"\",\"width\":\"large\",\"width_expand\":\"\",\"height\":\"\",\"margin\":\"\"},\"children\":[{\"type\":\"column\",\"props\":{\"image_position\":\"center-center\",\"media_overlay_gradient\":\"\",\"vertical_align\":\"\",\"style\":\"\",\"text_color\":\"\",\"padding\":\"\"},\"children\":[{\"type\":\"headline\",\"props\":{\"title_element\":\"div\",\"title_style\":\"\",\"title_decoration\":\"\",\"title_font_family\":\"tertiary\",\"title_color\":\"\",\"position\":\"\",\"position_z_index\":\"\",\"margin\":\"\",\"maxwidth\":\"xxlarge\",\"maxwidth_breakpoint\":\"\",\"block_align\":\"center\",\"block_align_breakpoint\":\"\",\"block_align_fallback\":\"\",\"text_align\":\"center\",\"text_align_breakpoint\":\"\",\"text_align_fallback\":\"\",\"animation\":\"\",\"visibility\":\"\",\"content\":\"\n\n<blockquote>\\n\n\n<p>ROUGIER Electrom\\u00e9canique unterst\\u00fctzt Sie jederzeit mit technischem Support bei der Entwicklung und Ausarbeitung elektrischen Versorgungssystemen f\\u00fcr Einheiten, die bei der Oberfl\\u00e4chenbehandlung durch Elektrophorese eingesetzt werden, das am geeignetsten auf Ihre Anspr\\u00fcche zum besten Preis-\\\/Leistungsverh\\u00e4ltnis abgestimmt ist.<\\\/p>\\n<\\\/blockquote>\"}}]}]}]}],\"version\":\"2.0.14\",\"props\":[]} --><\/p>\n","protected":false},"excerpt":{"rendered":"<p>Kataphorese Konzeption, Herstellung und Reparaturvon Stromversorgungssystemen, die bei der Oberfl\u00e4chenbehandlung eingesetzt werden Seit mehr als 40 Jahren begleitet ROUGIER Electrom\u00e9canique die Hauptakteure im Bereich der F\u00f6rdertechnik bei der Entwicklung von elektrischen Versorgungssystemen f\u00fcr Einheiten, die bei der Oberfl\u00e4chenbehandlung durch Elektrophorese eingesetzt werden. Stromabnehmer der Marke Rougier Stromabnehmer der Marke Rougier Komplette Stromversorgungsanlagen f\u00fcr die Kataphorese [&hellip;]<\/p>\n","protected":false},"author":1,"featured_media":0,"parent":1669,"menu_order":7,"comment_status":"closed","ping_status":"closed","template":"","meta":{"footnotes":""},"class_list":["post-1690","page","type-page","status-publish","hentry"],"aioseo_notices":[],"_links":{"self":[{"href":"https:\/\/www.rougier-electro.fr\/de\/wp-json\/wp\/v2\/pages\/1690","targetHints":{"allow":["GET"]}}],"collection":[{"href":"https:\/\/www.rougier-electro.fr\/de\/wp-json\/wp\/v2\/pages"}],"about":[{"href":"https:\/\/www.rougier-electro.fr\/de\/wp-json\/wp\/v2\/types\/page"}],"author":[{"embeddable":true,"href":"https:\/\/www.rougier-electro.fr\/de\/wp-json\/wp\/v2\/users\/1"}],"replies":[{"embeddable":true,"href":"https:\/\/www.rougier-electro.fr\/de\/wp-json\/wp\/v2\/comments?post=1690"}],"version-history":[{"count":0,"href":"https:\/\/www.rougier-electro.fr\/de\/wp-json\/wp\/v2\/pages\/1690\/revisions"}],"up":[{"embeddable":true,"href":"https:\/\/www.rougier-electro.fr\/de\/wp-json\/wp\/v2\/pages\/1669"}],"wp:attachment":[{"href":"https:\/\/www.rougier-electro.fr\/de\/wp-json\/wp\/v2\/media?parent=1690"}],"curies":[{"name":"wp","href":"https:\/\/api.w.org\/{rel}","templated":true}]}}