{"id":1687,"date":"2020-02-28T10:08:53","date_gmt":"2020-02-28T09:08:53","guid":{"rendered":"https:\/\/www.rougier-electro.fr\/produits\/fabrication-frotteurs-et-capteurs-de-courant\/"},"modified":"2020-08-27T19:50:12","modified_gmt":"2020-08-27T17:50:12","slug":"herstellung-von-schleifstuecken-und-stromabnehmern-fuer-elektromotoren","status":"publish","type":"page","link":"https:\/\/www.rougier-electro.fr\/de\/produkte\/herstellung-von-schleifstuecken-und-stromabnehmern-fuer-elektromotoren\/","title":{"rendered":"Schleifst\u00fccken und Stromabnehmern"},"content":{"rendered":"<h1>\n<p>Schleifst\u00fccke und Stromabnehmer<\/p>\n<\/h1>\n<h2>\n<p>Konzeption, Herstellung und Reparatur<br \/>von Schleifst\u00fccken und Stromabnehmern<\/p>\n<\/h2>\n<div>\n<p>Sie arbeiten in einem Ingenieurb\u00fcro oder in einem Wartungsservice und suchen nach technischen L\u00f6sungen im Bereich der mobilen Stromversorgung oder sind mit dem Problem konfrontiert, Ersatzteile f\u00fcr Ihre Installationen zu finden? Das Unternehmen ROUGIER Electrom\u00e9canique ist Ihr Gespr\u00e4chspartner f\u00fcr die Realisierung von Schleif- oder Gleitkontakten an elektrischen Maschinen.<\/p>\n<\/div>\n<ul>\n<li>\n<p>        <img decoding=\"async\" src=\"https:\/\/www.rougier-electro.fr\/wp-content\/uploads\/frotteurs-et-capteurs-courant-frotteur-double-pour-ligne-souple.jpg\" alt=\"Doppel-Schleifst\u00fccke f\u00fcr flexible Leitungen\"><\/p>\n<h2>Doppel-Schleifst\u00fccke f\u00fcr flexible Leitungen<\/h2>\n<p>Doppel-Schleifst\u00fccke f\u00fcr flexible Leitungen<\/p>\n<\/li>\n<li>\n<p>        <img decoding=\"async\" src=\"https:\/\/www.rougier-electro.fr\/wp-content\/uploads\/frotteurs-et-capteurs-courant-frotteur-en-graphite-cuivre.jpg\" alt=\"Schleifst\u00fccke aus Kupfer\/Grafit\"><\/p>\n<h2>Schleifst\u00fccke aus Kupfer\/Grafit<\/h2>\n<p>Schleifst\u00fccke aus Kupfer\/Grafit<\/p>\n<\/li>\n<li>\n<p>        <img decoding=\"async\" src=\"https:\/\/www.rougier-electro.fr\/wp-content\/uploads\/frotteurs-et-capteurs-courant-frotteur-ferroviaire.jpg\" alt=\"Stromschienenschlitten\"><\/p>\n<h2>Stromschienenschlitten<\/h2>\n<p>Stromschienenschlitten<\/p>\n<\/li>\n<li>\n<p>        <img decoding=\"async\" src=\"https:\/\/www.rougier-electro.fr\/wp-content\/uploads\/frotteurs-et-capteurs-courant-frotteur-graphite-forme-os-a-moelle.jpg\" alt=\"Schleifst\u00fccke aus Grafit in unterschiedlichen Formen\"><\/p>\n<h2>Schleifst\u00fccke aus Grafit in unterschiedlichen Formen<\/h2>\n<p>Schleifst\u00fccke aus Grafit in unterschiedlichen Formen<\/p>\n<\/li>\n<li>\n<p>        <img decoding=\"async\" src=\"https:\/\/www.rougier-electro.fr\/wp-content\/uploads\/frotteurs-et-capteurs-courant-brosse-mise-a-la-terre.jpg\" alt=\"Erdungsb\u00fcrsten\"><\/p>\n<h2>Erdungsb\u00fcrsten<\/h2>\n<p>Erdungsb\u00fcrsten<\/p>\n<\/li>\n<\/ul>\n<div>\n<p>Unser Sortiment umfasst ein reichhaltiges Angebot an Schleifst\u00fccken aus Grafit, Bronze oder Kupfer an isolierten Stromschienen, Schleifleitungen, Stromabnehmern\u00a0\/ Mitnehmerarmen und Kolbensystemen.<\/p>\n<p>Wir sind in der Lage, die L\u00f6sung auszuarbeiten, die Ihren Anforderungen am ehesten entspricht, bzw. Sie bei der Entwicklung Ihrer eigenen Stromabnehmer kompetent zu beraten.<\/p>\n<p>Wir sind Ihr fachlicher Berater f\u00fcr Stromversorgungssysteme in unterschiedlichen Bereichen wie Krananlagen, Deckenlaufkr\u00e4ne, Regalbedienger\u00e4te, Ladesysteme von Batterien, Erdungssysteme im Dauerschwei\u00dfbetrieb, Erdungsb\u00fcrsten, Aufzugssysteme, Flurf\u00f6rderzeug, Kontaktschalter f\u00fcr Rheostaten, usw.<\/p>\n<p>Unsere knapp 100j\u00e4hrige Erfahrung verhilft uns zu einer weitreichenden Kompetenz in diesen Bereichen, und unsere Produktionskapazit\u00e4t bietet uns die M\u00f6glichkeit, sowohl Einzelst\u00fccke als auch gro\u00dfe Serien zu fertigen. Wir verf\u00fcgen \u00fcber einen speziellen Maschinenpark, abgestimmt auf die Be- und Verarbeitung von elektromechanischen Grafiten und Metallen.<\/p>\n<p>\u00dcber die Produktion von Schleifst\u00fccken hinaus verf\u00fcgen wir \u00fcber Isolierungssysteme mittels Isolatoren f\u00fcr niedrige oder hohe Temperaturen. Zu unseren Angeboten z\u00e4hlen auch die Verarbeitung von Kompositwerkstoffen, sowie das Formpressen spezifischer Teile.<\/p>\n<p>Zu unserer Produktpalette z\u00e4hlt ferner die Stromzuf\u00fchrung durch Kabel oder automatische Kabelr\u00fccklaufrollen, sowie ein vollst\u00e4ndiges Sortiment an Stromschienen mit isolierten Leitern.<\/p>\n<\/div>\n<p>\n    <a href=\"https:\/\/www.rougier-electro.fr\/de\/kontaktieren-sie-einen-spezialisten-im-bereich-stromuebertragung-fuer-elektromotoren\">Kontaktieren Sie uns<\/a>\n<\/p>\n<div>\n<p>    <img decoding=\"async\" src=\"https:\/\/www.rougier-electro.fr\/wp-content\/uploads\/catalogue-frotteurs-capteurs-courant.jpg\" alt=\"catalogue des frotteurs et capteurs de courant\"><\/p>\n<h3>Download<\/h3>\n<div>\n<p>Katalog Schleifst\u00fccke und Stromabnehmer<\/p>\n<\/div>\n<p><a href=\"https:\/\/www.rougier-electro.fr\/wp-content\/uploads\/catalogue-frotteurs-capteurs-courant.pdf\"><\/a><\/p>\n<\/div>\n<div>\n<blockquote>\n<p>ROUGIER Electrom\u00e9canique unterst\u00fctzt Sie jederzeit mit technischem Support bei der Entwicklung und Ausarbeitung Schleifst\u00fccken und Stromabnehmern, das am geeignetsten auf Ihre Anspr\u00fcche zum besten Preis-\/Leistungsverh\u00e4ltnis abgestimmt ist.<\/p>\n<\/blockquote>\n<\/div>\n<p><!-- {\"name\":\"20200228 produit-page\",\"type\":\"layout\",\"children\":[{\"type\":\"section\",\"props\":{\"style\":\"default\",\"width\":\"large\",\"vertical_align\":\"middle\",\"title_position\":\"top-left\",\"title_rotation\":\"left\",\"title_breakpoint\":\"xl\",\"image_position\":\"center-center\",\"text_color\":\"light\",\"width_expand\":\"\",\"height\":\"\",\"padding\":\"large\",\"header_transparent\":\"\",\"animation\":\"fade\",\"image\":\"wp-content\\\/uploads\\\/cover-collecteur-electrique-tournant.jpg\",\"image_size\":\"cover\",\"image_effect\":\"parallax\",\"image_parallax_breakpoint\":\"\",\"image_visibility\":\"\",\"video_width\":\"\",\"video_height\":\"\",\"media_blend_mode\":\"\",\"image_parallax_bgy_start\":\"-100\",\"image_parallax_bgy_end\":\"100\",\"media_overlay\":\"rgba(0, 0, 0, 0.52)\",\"animation_delay\":true},\"children\":[{\"type\":\"row\",\"props\":{\"layout\":\"1-1\",\"breakpoint\":\"m\",\"fixed_width\":\"large\",\"column_gap\":\"\",\"row_gap\":\"\",\"width\":\"\",\"width_expand\":\"\",\"height\":\"\",\"margin\":\"remove-vertical\"},\"children\":[{\"type\":\"column\",\"props\":{\"image_position\":\"center-center\",\"media_overlay_gradient\":\"\",\"vertical_align\":\"\",\"style\":\"\",\"text_color\":\"\",\"padding\":\"\"},\"children\":[{\"type\":\"headline\",\"props\":{\"title_element\":\"h1\",\"title_style\":\"heading-small\",\"title_decoration\":\"\",\"title_font_family\":\"\",\"title_color\":\"\",\"position\":\"\",\"position_z_index\":\"\",\"margin\":\"\",\"maxwidth\":\"\",\"maxwidth_breakpoint\":\"\",\"block_align\":\"\",\"block_align_breakpoint\":\"\",\"block_align_fallback\":\"\",\"text_align\":\"center\",\"text_align_breakpoint\":\"\",\"text_align_fallback\":\"\",\"animation\":\"\",\"visibility\":\"\",\"content\":\"\n\n<p>Schleifst\\u00fccke und Stromabnehmer<\\\/p>\"},\"name\":\"Headline H1\"}]}]}],\"name\":\"Entete\"},{\"type\":\"section\",\"props\":{\"style\":\"default\",\"width\":\"large\",\"vertical_align\":\"middle\",\"title_position\":\"top-left\",\"title_rotation\":\"left\",\"title_breakpoint\":\"xl\",\"image_position\":\"center-center\",\"text_color\":\"\",\"width_expand\":\"\",\"height\":\"\",\"padding\":\"\",\"header_transparent\":\"\",\"animation\":\"\",\"padding_remove_bottom\":true},\"children\":[{\"type\":\"row\",\"props\":{\"layout\":\"1-1\",\"breakpoint\":\"m\",\"fixed_width\":\"large\",\"column_gap\":\"\",\"row_gap\":\"\",\"width\":\"\",\"width_expand\":\"\",\"height\":\"\",\"margin\":\"\"},\"children\":[{\"type\":\"column\",\"props\":{\"image_position\":\"center-center\",\"media_overlay_gradient\":\"\",\"vertical_align\":\"\",\"style\":\"\",\"text_color\":\"\",\"padding\":\"\"},\"children\":[{\"type\":\"breadcrumbs\",\"props\":{\"show_home\":true,\"show_current\":true,\"position\":\"\",\"position_z_index\":\"\",\"margin\":\"\",\"text_align\":\"\",\"text_align_breakpoint\":\"\",\"text_align_fallback\":\"\",\"animation\":\"\",\"visibility\":\"\"}}]}]}],\"name\":\"\"},{\"type\":\"section\",\"props\":{\"style\":\"default\",\"width\":\"large\",\"vertical_align\":\"middle\",\"title_position\":\"top-left\",\"title_rotation\":\"left\",\"title_breakpoint\":\"xl\",\"image_position\":\"center-center\",\"text_color\":\"\",\"width_expand\":\"\",\"height\":\"\",\"padding\":\"\",\"header_transparent\":\"\",\"animation\":\"\"},\"children\":[{\"type\":\"row\",\"props\":{\"layout\":\"1-1\",\"breakpoint\":\"m\",\"fixed_width\":\"large\",\"column_gap\":\"\",\"row_gap\":\"\",\"width\":\"\",\"width_expand\":\"\",\"height\":\"\",\"margin\":\"\"},\"children\":[{\"type\":\"column\",\"props\":{\"image_position\":\"center-center\",\"media_overlay_gradient\":\"\",\"vertical_align\":\"\",\"style\":\"\",\"text_color\":\"\",\"padding\":\"\"},\"children\":[{\"type\":\"headline\",\"props\":{\"title_element\":\"h2\",\"title_style\":\"h2\",\"title_decoration\":\"\",\"title_font_family\":\"\",\"title_color\":\"\",\"position\":\"\",\"position_z_index\":\"\",\"margin\":\"\",\"maxwidth\":\"\",\"maxwidth_breakpoint\":\"\",\"block_align\":\"\",\"block_align_breakpoint\":\"\",\"block_align_fallback\":\"\",\"text_align\":\"center\",\"text_align_breakpoint\":\"\",\"text_align_fallback\":\"\",\"animation\":\"\",\"visibility\":\"\",\"content\":\"\n\n<p>Konzeption, Herstellung und Reparatur<br \\\/>von Schleifst\\u00fccken und Stromabnehmern<\\\/p>\"},\"name\":\"Headline H2\"}]}]}]},{\"type\":\"section\",\"props\":{\"style\":\"default\",\"width\":\"large\",\"vertical_align\":\"middle\",\"title_position\":\"top-left\",\"title_rotation\":\"left\",\"title_breakpoint\":\"xl\",\"image_position\":\"center-center\",\"text_color\":\"\",\"width_expand\":\"\",\"height\":\"\",\"padding\":\"\",\"header_transparent\":\"\",\"animation\":\"fade\",\"animation_delay\":true},\"children\":[{\"type\":\"row\",\"props\":{\"layout\":\"2-3,1-3\",\"breakpoint\":\"m\",\"fixed_width\":\"large\",\"column_gap\":\"large\",\"row_gap\":\"\",\"width\":\"\",\"width_expand\":\"\",\"height\":\"\",\"margin\":\"\"},\"children\":[{\"type\":\"column\",\"props\":{\"image_position\":\"center-center\",\"media_overlay_gradient\":\"\",\"vertical_align\":\"\",\"style\":\"\",\"text_color\":\"\",\"padding\":\"\"},\"children\":[{\"type\":\"text\",\"props\":{\"margin\":\"default\",\"column_breakpoint\":\"m\",\"text_style\":\"\",\"text_color\":\"\",\"text_size\":\"\",\"column\":\"\",\"position\":\"\",\"position_z_index\":\"\",\"maxwidth\":\"\",\"maxwidth_breakpoint\":\"\",\"block_align\":\"\",\"block_align_breakpoint\":\"\",\"block_align_fallback\":\"\",\"text_align\":\"\",\"text_align_breakpoint\":\"\",\"text_align_fallback\":\"\",\"animation\":\"slide-left-medium\",\"visibility\":\"\",\"content\":\"\n\n<p>Sie arbeiten in einem Ingenieurb\\u00fcro oder in einem Wartungsservice und suchen nach technischen L\\u00f6sungen im Bereich der mobilen Stromversorgung oder sind mit dem Problem konfrontiert, Ersatzteile f\\u00fcr Ihre Installationen zu finden? Das Unternehmen ROUGIER Electrom\\u00e9canique ist Ihr Gespr\\u00e4chspartner f\\u00fcr die Realisierung von Schleif- oder Gleitkontakten an elektrischen Maschinen.<\\\/p>\"}},{\"type\":\"slideshow\",\"props\":{\"show_title\":false,\"show_meta\":true,\"show_content\":true,\"show_link\":false,\"show_thumbnail\":true,\"slideshow_min_height\":\"\",\"slideshow_autoplay_pause\":true,\"nav\":\"thumbnav\",\"nav_position\":\"bottom-center\",\"nav_position_margin\":\"medium\",\"nav_align\":\"center\",\"nav_breakpoint\":\"s\",\"thumbnav_width\":\"75\",\"thumbnav_height\":\"50\",\"thumbnav_svg_color\":\"emphasis\",\"slidenav\":\"default\",\"slidenav_margin\":\"medium\",\"slidenav_breakpoint\":\"s\",\"slidenav_outside_breakpoint\":\"xl\",\"overlay_position\":\"bottom\",\"overlay_animation\":\"scale-up\",\"title_element\":\"h2\",\"meta_style\":\"meta\",\"meta_align\":\"below-title\",\"link_text\":\"Read more\",\"link_style\":\"default\",\"margin\":\"default\",\"slideshow_height\":\"\",\"text_color\":\"light\",\"slideshow_box_shadow\":\"small\",\"slideshow_box_decoration\":\"\",\"slideshow_animation\":\"fade\",\"slideshow_kenburns\":\"\",\"nav_margin\":\"\",\"nav_color\":\"\",\"slidenav_outside_color\":\"\",\"overlay_container\":\"\",\"overlay_container_padding\":\"xsmall\",\"overlay_margin\":\"none\",\"overlay_style\":\"overlay-default\",\"overlay_padding\":\"small\",\"overlay_width\":\"medium\",\"title_style\":\"h6\",\"title_decoration\":\"\",\"title_font_family\":\"\",\"title_color\":\"primary\",\"title_margin\":\"\",\"meta_color\":\"\",\"meta_margin\":\"\",\"content_style\":\"\",\"content_margin\":\"\",\"link_size\":\"\",\"link_margin\":\"\",\"position\":\"\",\"position_z_index\":\"\",\"maxwidth\":\"xlarge\",\"maxwidth_breakpoint\":\"\",\"block_align\":\"center\",\"block_align_breakpoint\":\"\",\"block_align_fallback\":\"\",\"text_align\":\"center\",\"text_align_breakpoint\":\"\",\"text_align_fallback\":\"\",\"animation\":\"\",\"visibility\":\"\",\"slideshow_autoplay\":true,\"nav_below\":true,\"slidenav_large\":true,\"slideshow_autoplay_interval\":\"3\",\"slideshow_max_height\":\"\"},\"children\":[{\"type\":\"slideshow_item\",\"props\":{\"title\":\"Doppel-Schleifst\\u00fccke f\\u00fcr flexible Leitungen\",\"image\":\"wp-content\\\/uploads\\\/frotteurs-et-capteurs-courant-frotteur-double-pour-ligne-souple.jpg\",\"text_color\":\"\",\"image_alt\":\"Doppel-Schleifst\\u00fccke f\\u00fcr flexible Leitungen\",\"content\":\"\",\"meta\":\"Doppel-Schleifst\\u00fccke f\\u00fcr flexible Leitungen\",\"media_blend_mode\":\"\"}},{\"type\":\"slideshow_item\",\"props\":{\"title\":\"Schleifst\\u00fccke aus Kupfer\\\/Grafit\",\"image\":\"wp-content\\\/uploads\\\/frotteurs-et-capteurs-courant-frotteur-en-graphite-cuivre.jpg\",\"text_color\":\"\",\"image_alt\":\"Schleifst\\u00fccke aus Kupfer\\\/Grafit\",\"content\":\"\",\"meta\":\"Schleifst\\u00fccke aus Kupfer\\\/Grafit\"}},{\"type\":\"slideshow_item\",\"props\":{\"title\":\"Stromschienenschlitten\",\"image\":\"wp-content\\\/uploads\\\/frotteurs-et-capteurs-courant-frotteur-ferroviaire.jpg\",\"text_color\":\"\",\"image_alt\":\"Stromschienenschlitten\",\"content\":\"\",\"meta\":\"Stromschienenschlitten\"}},{\"type\":\"slideshow_item\",\"props\":{\"title\":\"Schleifst\\u00fccke aus Grafit in unterschiedlichen Formen\",\"image\":\"wp-content\\\/uploads\\\/frotteurs-et-capteurs-courant-frotteur-graphite-forme-os-a-moelle.jpg\",\"text_color\":\"\",\"image_alt\":\"Schleifst\\u00fccke aus Grafit in unterschiedlichen Formen\",\"content\":\"\",\"meta\":\"Schleifst\\u00fccke aus Grafit in unterschiedlichen Formen\"}},{\"type\":\"slideshow_item\",\"props\":{\"title\":\"Erdungsb\\u00fcrsten\",\"image\":\"wp-content\\\/uploads\\\/frotteurs-et-capteurs-courant-brosse-mise-a-la-terre.jpg\",\"text_color\":\"\",\"image_alt\":\"Erdungsb\\u00fcrsten\",\"content\":\"\",\"meta\":\"Erdungsb\\u00fcrsten\"}}]},{\"type\":\"text\",\"props\":{\"margin\":\"default\",\"column_breakpoint\":\"m\",\"text_style\":\"\",\"text_color\":\"\",\"text_size\":\"\",\"column\":\"\",\"position\":\"\",\"position_z_index\":\"\",\"maxwidth\":\"\",\"maxwidth_breakpoint\":\"\",\"block_align\":\"\",\"block_align_breakpoint\":\"\",\"block_align_fallback\":\"\",\"text_align\":\"\",\"text_align_breakpoint\":\"\",\"text_align_fallback\":\"\",\"animation\":\"slide-left-medium\",\"visibility\":\"\",\"content\":\"\n\n<p>Unser Sortiment umfasst ein reichhaltiges Angebot an Schleifst\\u00fccken aus Grafit, Bronze oder Kupfer an isolierten Stromschienen, Schleifleitungen, Stromabnehmern\\u00a0\\\/ Mitnehmerarmen und Kolbensystemen.<\\\/p>\\n\n\n<p>Wir sind in der Lage, die L\\u00f6sung auszuarbeiten, die Ihren Anforderungen am ehesten entspricht, bzw. Sie bei der Entwicklung Ihrer eigenen Stromabnehmer kompetent zu beraten.<\\\/p>\\n\n\n<p>Wir sind Ihr fachlicher Berater f\\u00fcr Stromversorgungssysteme in unterschiedlichen Bereichen wie Krananlagen, Deckenlaufkr\\u00e4ne, Regalbedienger\\u00e4te, Ladesysteme von Batterien, Erdungssysteme im Dauerschwei\\u00dfbetrieb, Erdungsb\\u00fcrsten, Aufzugssysteme, Flurf\\u00f6rderzeug, Kontaktschalter f\\u00fcr Rheostaten, usw.<\\\/p>\\n\n\n<p>Unsere knapp 100j\\u00e4hrige Erfahrung verhilft uns zu einer weitreichenden Kompetenz in diesen Bereichen, und unsere Produktionskapazit\\u00e4t bietet uns die M\\u00f6glichkeit, sowohl Einzelst\\u00fccke als auch gro\\u00dfe Serien zu fertigen. Wir verf\\u00fcgen \\u00fcber einen speziellen Maschinenpark, abgestimmt auf die Be- und Verarbeitung von elektromechanischen Grafiten und Metallen.<\\\/p>\\n\n\n<p>\\u00dcber die Produktion von Schleifst\\u00fccken hinaus verf\\u00fcgen wir \\u00fcber Isolierungssysteme mittels Isolatoren f\\u00fcr niedrige oder hohe Temperaturen. Zu unseren Angeboten z\\u00e4hlen auch die Verarbeitung von Kompositwerkstoffen, sowie das Formpressen spezifischer Teile.<\\\/p>\\n\n\n<p>Zu unserer Produktpalette z\\u00e4hlt ferner die Stromzuf\\u00fchrung durch Kabel oder automatische Kabelr\\u00fccklaufrollen, sowie ein vollst\\u00e4ndiges Sortiment an Stromschienen mit isolierten Leitern.<\\\/p>\"}},{\"type\":\"button\",\"props\":{\"grid_column_gap\":\"small\",\"grid_row_gap\":\"small\",\"margin\":\"large\",\"button_size\":\"large\",\"position\":\"\",\"position_z_index\":\"\",\"maxwidth\":\"\",\"maxwidth_breakpoint\":\"\",\"block_align\":\"\",\"block_align_breakpoint\":\"\",\"block_align_fallback\":\"\",\"text_align\":\"center\",\"text_align_breakpoint\":\"\",\"text_align_fallback\":\"\",\"animation\":\"scale-up\",\"visibility\":\"\"},\"children\":[{\"type\":\"button_item\",\"props\":{\"button_style\":\"secondary\",\"icon_align\":\"left\",\"link_target\":\"\",\"content\":\"Kontaktieren Sie uns\",\"icon\":\"forward\",\"link\":\"de\\\/kontaktieren-sie-einen-spezialisten-im-bereich-stromuebertragung-fuer-elektromotoren\\\/\"}}]}]},{\"type\":\"column\",\"props\":{\"image_position\":\"center-center\",\"media_overlay_gradient\":\"\",\"vertical_align\":\"\",\"style\":\"\",\"text_color\":\"\",\"padding\":\"\"},\"children\":[{\"type\":\"grid\",\"props\":{\"show_title\":true,\"show_meta\":true,\"show_content\":true,\"show_image\":true,\"show_link\":true,\"grid_default\":\"1\",\"grid_medium\":\"\",\"filter_style\":\"tab\",\"filter_all\":true,\"filter_position\":\"top\",\"filter_align\":\"left\",\"filter_grid_width\":\"auto\",\"filter_grid_breakpoint\":\"m\",\"title_hover_style\":\"reset\",\"title_element\":\"h3\",\"title_align\":\"top\",\"title_grid_width\":\"1-2\",\"title_grid_breakpoint\":\"m\",\"meta_style\":\"meta\",\"meta_align\":\"below-title\",\"icon_ratio\":4,\"image_align\":\"bottom\",\"image_grid_width\":\"1-2\",\"image_grid_breakpoint\":\"m\",\"image_svg_color\":\"emphasis\",\"link_text\":\"\",\"link_style\":\"default\",\"margin\":\"default\",\"item_animation\":\"slide-right-medium\",\"grid_column_gap\":\"\",\"grid_row_gap\":\"\",\"grid_small\":\"\",\"grid_large\":\"\",\"grid_xlarge\":\"\",\"filter_margin\":\"\",\"filter_grid_column_gap\":\"\",\"filter_grid_row_gap\":\"\",\"title_display\":\"\",\"content_display\":\"\",\"panel_style\":\"card-secondary\",\"panel_content_padding\":\"\",\"panel_size\":\"\",\"item_maxwidth\":\"\",\"title_style\":\"h5\",\"title_decoration\":\"divider\",\"title_font_family\":\"\",\"title_color\":\"\",\"title_grid_column_gap\":\"\",\"title_grid_row_gap\":\"\",\"title_margin\":\"\",\"meta_color\":\"\",\"meta_margin\":\"\",\"content_style\":\"\",\"content_margin\":\"\",\"image_transition\":\"scale-up\",\"image_border\":\"\",\"image_box_shadow\":\"\",\"image_hover_box_shadow\":\"\",\"image_box_decoration\":\"\",\"icon_color\":\"\",\"image_grid_column_gap\":\"\",\"image_grid_row_gap\":\"\",\"image_margin\":\"\",\"link_size\":\"\",\"link_margin\":\"\",\"position\":\"\",\"position_z_index\":\"\",\"maxwidth\":\"\",\"maxwidth_breakpoint\":\"\",\"block_align\":\"\",\"block_align_breakpoint\":\"\",\"block_align_fallback\":\"\",\"text_align\":\"center\",\"text_align_breakpoint\":\"\",\"text_align_fallback\":\"\",\"visibility\":\"\",\"lightbox\":false,\"link_target\":true,\"image_width\":\"200\",\"title_link\":true,\"image_link\":true,\"panel_content_width\":\"\"},\"children\":[{\"type\":\"grid_item\",\"props\":{\"title\":\"Download\",\"image\":\"wp-content\\\/uploads\\\/catalogue-frotteurs-capteurs-courant.jpg\",\"link\":\"wp-content\\\/uploads\\\/catalogue-frotteurs-capteurs-courant.pdf\",\"image_alt\":\"catalogue des frotteurs et capteurs de courant\",\"content\":\"\n\n<p>Katalog Schleifst\\u00fccke und Stromabnehmer<\\\/p>\"}}]}]}]}]},{\"type\":\"section\",\"props\":{\"style\":\"default\",\"width\":\"large\",\"vertical_align\":\"middle\",\"title_position\":\"top-left\",\"title_rotation\":\"left\",\"title_breakpoint\":\"xl\",\"image_position\":\"center-center\",\"text_color\":\"\",\"width_expand\":\"\",\"height\":\"\",\"padding\":\"\",\"header_transparent\":\"\",\"animation\":\"scale-up\",\"animation_delay\":false},\"children\":[{\"type\":\"row\",\"props\":{\"layout\":\"1-1\",\"breakpoint\":\"m\",\"fixed_width\":\"large\",\"column_gap\":\"\",\"row_gap\":\"\",\"width\":\"large\",\"width_expand\":\"\",\"height\":\"\",\"margin\":\"\"},\"children\":[{\"type\":\"column\",\"props\":{\"image_position\":\"center-center\",\"media_overlay_gradient\":\"\",\"vertical_align\":\"\",\"style\":\"\",\"text_color\":\"\",\"padding\":\"\"},\"children\":[{\"type\":\"headline\",\"props\":{\"title_element\":\"div\",\"title_style\":\"\",\"title_decoration\":\"\",\"title_font_family\":\"tertiary\",\"title_color\":\"\",\"position\":\"\",\"position_z_index\":\"\",\"margin\":\"\",\"maxwidth\":\"xxlarge\",\"maxwidth_breakpoint\":\"\",\"block_align\":\"center\",\"block_align_breakpoint\":\"\",\"block_align_fallback\":\"\",\"text_align\":\"center\",\"text_align_breakpoint\":\"\",\"text_align_fallback\":\"\",\"animation\":\"\",\"visibility\":\"\",\"content\":\"\n\n<blockquote>\\n\n\n<p>ROUGIER Electrom\\u00e9canique unterst\\u00fctzt Sie jederzeit mit technischem Support bei der Entwicklung und Ausarbeitung Schleifst\\u00fccken und Stromabnehmern, das am geeignetsten auf Ihre Anspr\\u00fcche zum besten Preis-\\\/Leistungsverh\\u00e4ltnis abgestimmt ist.<\\\/p>\\n<\\\/blockquote>\"}}]}]}]}],\"version\":\"2.0.14\",\"props\":[]} --><\/p>\n","protected":false},"excerpt":{"rendered":"<p>Schleifst\u00fccke und Stromabnehmer Konzeption, Herstellung und Reparaturvon Schleifst\u00fccken und Stromabnehmern Sie arbeiten in einem Ingenieurb\u00fcro oder in einem Wartungsservice und suchen nach technischen L\u00f6sungen im Bereich der mobilen Stromversorgung oder sind mit dem Problem konfrontiert, Ersatzteile f\u00fcr Ihre Installationen zu finden? Das Unternehmen ROUGIER Electrom\u00e9canique ist Ihr Gespr\u00e4chspartner f\u00fcr die Realisierung von Schleif- oder Gleitkontakten [&hellip;]<\/p>\n","protected":false},"author":1,"featured_media":0,"parent":1669,"menu_order":6,"comment_status":"closed","ping_status":"closed","template":"","meta":{"footnotes":""},"class_list":["post-1687","page","type-page","status-publish","hentry"],"aioseo_notices":[],"_links":{"self":[{"href":"https:\/\/www.rougier-electro.fr\/de\/wp-json\/wp\/v2\/pages\/1687","targetHints":{"allow":["GET"]}}],"collection":[{"href":"https:\/\/www.rougier-electro.fr\/de\/wp-json\/wp\/v2\/pages"}],"about":[{"href":"https:\/\/www.rougier-electro.fr\/de\/wp-json\/wp\/v2\/types\/page"}],"author":[{"embeddable":true,"href":"https:\/\/www.rougier-electro.fr\/de\/wp-json\/wp\/v2\/users\/1"}],"replies":[{"embeddable":true,"href":"https:\/\/www.rougier-electro.fr\/de\/wp-json\/wp\/v2\/comments?post=1687"}],"version-history":[{"count":0,"href":"https:\/\/www.rougier-electro.fr\/de\/wp-json\/wp\/v2\/pages\/1687\/revisions"}],"up":[{"embeddable":true,"href":"https:\/\/www.rougier-electro.fr\/de\/wp-json\/wp\/v2\/pages\/1669"}],"wp:attachment":[{"href":"https:\/\/www.rougier-electro.fr\/de\/wp-json\/wp\/v2\/media?parent=1687"}],"curies":[{"name":"wp","href":"https:\/\/api.w.org\/{rel}","templated":true}]}}