{"id":1684,"date":"2020-02-28T09:48:35","date_gmt":"2020-02-28T08:48:35","guid":{"rendered":"https:\/\/www.rougier-electro.fr\/produits\/fabrication-collecteurs-a-lames\/"},"modified":"2020-08-27T19:44:45","modified_gmt":"2020-08-27T17:44:45","slug":"hersteller-von-kommutatoren-fuer-elektromotoren","status":"publish","type":"page","link":"https:\/\/www.rougier-electro.fr\/de\/produkte\/hersteller-von-kommutatoren-fuer-elektromotoren\/","title":{"rendered":"Kommutatoren"},"content":{"rendered":"<h1>\n<p>Kommutatoren<\/p>\n<\/h1>\n<h2>\n<p>Konzeption, Herstellung und Reparatur<br \/>von Kommutatoren<\/p>\n<\/h2>\n<div>\n<p>Gegen Ende der 60er Jahre hat ROUGIER Electrom\u00e9canique eine Produktionseinheit f\u00fcr Kommutatoren mit gegossenen Bauteilen erworben, wodurch das Unternehmen sein Fertigungsspektrum mit zus\u00e4tzlichen Produktionswerkzeugen ausweiten konnte.<\/p>\n<p>In den 70er Jahren hat ROUGIER Electrom\u00e9canique in eine Anlage zum Pressen von Kupferprofilen investiert, wodurch das Unternehmen eine vollkommene Unabh\u00e4ngigkeit seiner Produktionskette erlangte. Das betrifft insbesondere Kommutatoren mit gepressten, gegossenen oder geschraubten Bauteilen, Kommutatoren mit Absatz, Radialkommutatoren, aufgeh\u00e4ngte oder bel\u00fcftete Kommutatoren.<\/p>\n<\/div>\n<ul>\n<li>\n<p>        <img decoding=\"async\" src=\"https:\/\/www.rougier-electro.fr\/wp-content\/uploads\/collecteurs-a-lames.jpg\" alt=\"Kommutatoren\"><\/p>\n<h2>Kommutatoren<\/h2>\n<p>Kommutatoren<\/p>\n<\/li>\n<li>\n<p>        <img decoding=\"async\" src=\"https:\/\/www.rougier-electro.fr\/wp-content\/uploads\/collecteurs-a-lames-moteur-courant-continu.jpg\" alt=\"Gleichstromgenerator\"><\/p>\n<h2>Gleichstromgenerator<\/h2>\n<p>Gleichstromgenerator<\/p>\n<\/li>\n<li>\n<p>        <img decoding=\"async\" src=\"https:\/\/www.rougier-electro.fr\/wp-content\/uploads\/collecteurs-a-lames-moteur-electrique-collerette.jpg\" alt=\"Kommutator mit Kragen f\u00fcr Elektromotoren\"><\/p>\n<h2>Kommutator mit Kragen f\u00fcr Elektromotoren<\/h2>\n<p>Kommutator mit Kragen f\u00fcr Elektromotoren<\/p>\n<\/li>\n<li>\n<p>        <img decoding=\"async\" src=\"https:\/\/www.rougier-electro.fr\/wp-content\/uploads\/collecteurs-a-lames-moteur-electrique.jpg\" alt=\"Kommutator f\u00fcr Elektromotoren\"><\/p>\n<h2>Kommutator f\u00fcr Elektromotoren<\/h2>\n<p>Kommutator f\u00fcr Elektromotoren<\/p>\n<\/li>\n<li>\n<p>        <img decoding=\"async\" src=\"https:\/\/www.rougier-electro.fr\/wp-content\/uploads\/collecteurs-a-lames-visse.jpg\" alt=\"Kommutator mit geschraubten Bauteilen\"><\/p>\n<h2>Kommutator mit geschraubten Bauteilen<\/h2>\n<p>Kommutator mit geschraubten Bauteilen<\/p>\n<\/li>\n<\/ul>\n<div>\n<p>50 Jahre sp\u00e4ter nutzen wir immer noch dieses Know-how, um Ihnen Ausf\u00fchrungen von Einzelst\u00fccken oder Serien von Kommutatoren in nahezu allen Abmessungen anbieten zu k\u00f6nnen.<\/p>\n<p>Das gleiche gilt auch f\u00fcr die Wahl von Rohstoffen, sei es f\u00fcr Kollektorlamellen aus reinem Kupfer, Kupfer-Silber, oder Glimmer f\u00fcr spezielle Anforderungen \u2013 wir passen uns Ihren W\u00fcnschen an. Das Unternehmen ROUGIER Electrom\u00e9canique bietet Ihnen au\u00dferdem vielerlei spezifische technische L\u00f6sungen bei der Herstellung von Kommutatoren an, wie z. B. vorzugsweise der Einsatz von Radial-Nietverfahren anstatt von L\u00f6tzinn oder der Versteifung der Lamellenhalterung mithilfe einer spezifischen Bandagierung mit Draht.<\/p>\n<p>Um Ihre Anfragen beantworten zu k\u00f6nnen, m\u00f6chten wir Sie zun\u00e4chst bitten, uns einen Plan zuzusenden, oder das im Katalog angegebene Auskunftsformular f\u00fcr Kommutatoren auszuf\u00fcllen, was uns erm\u00f6glicht, Ihnen ein zeitnahes Angebot zu erstellen.<\/p>\n<p>Sie k\u00f6nnen Ihre alten Generatoren auch direkt an unser Werk im D\u00e9partement <em>l\u2019Eure<\/em> schicken. Unser Vertrieb teilt Ihnen gerne alle dazu erforderlichen Ausk\u00fcnfte mit.<\/p>\n<\/div>\n<p>\n    <a href=\"https:\/\/www.rougier-electro.fr\/de\/kontaktieren-sie-einen-spezialisten-im-bereich-stromuebertragung-fuer-elektromotoren\">Kontaktieren Sie uns<\/a>\n<\/p>\n<div>\n<p>    <img decoding=\"async\" src=\"https:\/\/www.rougier-electro.fr\/wp-content\/uploads\/catalogue-identification-collecteur-a-lames.jpg\" alt=\"catalogue des collecteurs \u00e0 lames\"><\/p>\n<h3>Download<\/h3>\n<div>\n<p>Auskunftsformular f\u00fcr Kommutatoren<\/p>\n<\/div>\n<p><a href=\"https:\/\/www.rougier-electro.fr\/wp-content\/uploads\/catalogue-identification-collecteur-a-lames.pdf\"><\/a><\/p>\n<\/div>\n<div>\n<blockquote>\n<p>ROUGIER Electrom\u00e9canique unterst\u00fctzt Sie jederzeit mit technischem Support bei der Entwicklung und Ausarbeitung Kommutatoren, das am geeignetsten auf Ihre Anspr\u00fcche zum besten Preis-\/Leistungsverh\u00e4ltnis abgestimmt ist.<\/p>\n<\/blockquote>\n<\/div>\n<p><!-- {\"name\":\"20200228 produit-page\",\"type\":\"layout\",\"children\":[{\"type\":\"section\",\"props\":{\"style\":\"default\",\"width\":\"large\",\"vertical_align\":\"middle\",\"title_position\":\"top-left\",\"title_rotation\":\"left\",\"title_breakpoint\":\"xl\",\"image_position\":\"center-center\",\"text_color\":\"light\",\"width_expand\":\"\",\"height\":\"\",\"padding\":\"large\",\"header_transparent\":\"\",\"animation\":\"fade\",\"image\":\"wp-content\\\/uploads\\\/cover-collecteur-electrique-tournant.jpg\",\"image_size\":\"cover\",\"image_effect\":\"parallax\",\"image_parallax_breakpoint\":\"\",\"image_visibility\":\"\",\"video_width\":\"\",\"video_height\":\"\",\"media_blend_mode\":\"\",\"image_parallax_bgy_start\":\"-100\",\"image_parallax_bgy_end\":\"100\",\"media_overlay\":\"rgba(0, 0, 0, 0.52)\",\"animation_delay\":true},\"children\":[{\"type\":\"row\",\"props\":{\"layout\":\"1-1\",\"breakpoint\":\"m\",\"fixed_width\":\"large\",\"column_gap\":\"\",\"row_gap\":\"\",\"width\":\"\",\"width_expand\":\"\",\"height\":\"\",\"margin\":\"remove-vertical\"},\"children\":[{\"type\":\"column\",\"props\":{\"image_position\":\"center-center\",\"media_overlay_gradient\":\"\",\"vertical_align\":\"\",\"style\":\"\",\"text_color\":\"\",\"padding\":\"\"},\"children\":[{\"type\":\"headline\",\"props\":{\"title_element\":\"h1\",\"title_style\":\"heading-small\",\"title_decoration\":\"\",\"title_font_family\":\"\",\"title_color\":\"\",\"position\":\"\",\"position_z_index\":\"\",\"margin\":\"\",\"maxwidth\":\"\",\"maxwidth_breakpoint\":\"\",\"block_align\":\"\",\"block_align_breakpoint\":\"\",\"block_align_fallback\":\"\",\"text_align\":\"center\",\"text_align_breakpoint\":\"\",\"text_align_fallback\":\"\",\"animation\":\"\",\"visibility\":\"\",\"content\":\"\n\n<p>Kommutatoren<\\\/p>\"},\"name\":\"Headline H1\"}]}]}],\"name\":\"Entete\"},{\"type\":\"section\",\"props\":{\"style\":\"default\",\"width\":\"large\",\"vertical_align\":\"middle\",\"title_position\":\"top-left\",\"title_rotation\":\"left\",\"title_breakpoint\":\"xl\",\"image_position\":\"center-center\",\"text_color\":\"\",\"width_expand\":\"\",\"height\":\"\",\"padding\":\"\",\"header_transparent\":\"\",\"animation\":\"\",\"padding_remove_bottom\":true},\"children\":[{\"type\":\"row\",\"props\":{\"layout\":\"1-1\",\"breakpoint\":\"m\",\"fixed_width\":\"large\",\"column_gap\":\"\",\"row_gap\":\"\",\"width\":\"\",\"width_expand\":\"\",\"height\":\"\",\"margin\":\"\"},\"children\":[{\"type\":\"column\",\"props\":{\"image_position\":\"center-center\",\"media_overlay_gradient\":\"\",\"vertical_align\":\"\",\"style\":\"\",\"text_color\":\"\",\"padding\":\"\"},\"children\":[{\"type\":\"breadcrumbs\",\"props\":{\"show_home\":true,\"show_current\":true,\"position\":\"\",\"position_z_index\":\"\",\"margin\":\"\",\"text_align\":\"\",\"text_align_breakpoint\":\"\",\"text_align_fallback\":\"\",\"animation\":\"\",\"visibility\":\"\"}}]}]}],\"name\":\"\"},{\"type\":\"section\",\"props\":{\"style\":\"default\",\"width\":\"large\",\"vertical_align\":\"middle\",\"title_position\":\"top-left\",\"title_rotation\":\"left\",\"title_breakpoint\":\"xl\",\"image_position\":\"center-center\",\"text_color\":\"\",\"width_expand\":\"\",\"height\":\"\",\"padding\":\"\",\"header_transparent\":\"\",\"animation\":\"\"},\"children\":[{\"type\":\"row\",\"props\":{\"layout\":\"1-1\",\"breakpoint\":\"m\",\"fixed_width\":\"large\",\"column_gap\":\"\",\"row_gap\":\"\",\"width\":\"\",\"width_expand\":\"\",\"height\":\"\",\"margin\":\"\"},\"children\":[{\"type\":\"column\",\"props\":{\"image_position\":\"center-center\",\"media_overlay_gradient\":\"\",\"vertical_align\":\"\",\"style\":\"\",\"text_color\":\"\",\"padding\":\"\"},\"children\":[{\"type\":\"headline\",\"props\":{\"title_element\":\"h2\",\"title_style\":\"h2\",\"title_decoration\":\"\",\"title_font_family\":\"\",\"title_color\":\"\",\"position\":\"\",\"position_z_index\":\"\",\"margin\":\"\",\"maxwidth\":\"\",\"maxwidth_breakpoint\":\"\",\"block_align\":\"\",\"block_align_breakpoint\":\"\",\"block_align_fallback\":\"\",\"text_align\":\"center\",\"text_align_breakpoint\":\"\",\"text_align_fallback\":\"\",\"animation\":\"\",\"visibility\":\"\",\"content\":\"\n\n<p>Konzeption, Herstellung und Reparatur<br \\\/>von Kommutatoren<\\\/p>\"},\"name\":\"Headline H2\"}]}]}]},{\"type\":\"section\",\"props\":{\"style\":\"default\",\"width\":\"large\",\"vertical_align\":\"middle\",\"title_position\":\"top-left\",\"title_rotation\":\"left\",\"title_breakpoint\":\"xl\",\"image_position\":\"center-center\",\"text_color\":\"\",\"width_expand\":\"\",\"height\":\"\",\"padding\":\"\",\"header_transparent\":\"\",\"animation\":\"fade\",\"animation_delay\":true},\"children\":[{\"type\":\"row\",\"props\":{\"layout\":\"2-3,1-3\",\"breakpoint\":\"m\",\"fixed_width\":\"large\",\"column_gap\":\"large\",\"row_gap\":\"\",\"width\":\"\",\"width_expand\":\"\",\"height\":\"\",\"margin\":\"\"},\"children\":[{\"type\":\"column\",\"props\":{\"image_position\":\"center-center\",\"media_overlay_gradient\":\"\",\"vertical_align\":\"\",\"style\":\"\",\"text_color\":\"\",\"padding\":\"\"},\"children\":[{\"type\":\"text\",\"props\":{\"margin\":\"default\",\"column_breakpoint\":\"m\",\"text_style\":\"\",\"text_color\":\"\",\"text_size\":\"\",\"column\":\"\",\"position\":\"\",\"position_z_index\":\"\",\"maxwidth\":\"\",\"maxwidth_breakpoint\":\"\",\"block_align\":\"\",\"block_align_breakpoint\":\"\",\"block_align_fallback\":\"\",\"text_align\":\"\",\"text_align_breakpoint\":\"\",\"text_align_fallback\":\"\",\"animation\":\"slide-left-medium\",\"visibility\":\"\",\"content\":\"\n\n<p>Gegen Ende der 60er Jahre hat ROUGIER Electrom\\u00e9canique eine Produktionseinheit f\\u00fcr Kommutatoren mit gegossenen Bauteilen erworben, wodurch das Unternehmen sein Fertigungsspektrum mit zus\\u00e4tzlichen Produktionswerkzeugen ausweiten konnte.<\\\/p>\\n\n\n<p>In den 70er Jahren hat ROUGIER Electrom\\u00e9canique in eine Anlage zum Pressen von Kupferprofilen investiert, wodurch das Unternehmen eine vollkommene Unabh\\u00e4ngigkeit seiner Produktionskette erlangte. Das betrifft insbesondere Kommutatoren mit gepressten, gegossenen oder geschraubten Bauteilen, Kommutatoren mit Absatz, Radialkommutatoren, aufgeh\\u00e4ngte oder bel\\u00fcftete Kommutatoren.<\\\/p>\"}},{\"type\":\"slideshow\",\"props\":{\"show_title\":false,\"show_meta\":true,\"show_content\":true,\"show_link\":false,\"show_thumbnail\":true,\"slideshow_min_height\":\"\",\"slideshow_autoplay_pause\":true,\"nav\":\"thumbnav\",\"nav_position\":\"bottom-center\",\"nav_position_margin\":\"medium\",\"nav_align\":\"center\",\"nav_breakpoint\":\"s\",\"thumbnav_width\":\"75\",\"thumbnav_height\":\"50\",\"thumbnav_svg_color\":\"emphasis\",\"slidenav\":\"default\",\"slidenav_margin\":\"medium\",\"slidenav_breakpoint\":\"s\",\"slidenav_outside_breakpoint\":\"xl\",\"overlay_position\":\"bottom\",\"overlay_animation\":\"scale-up\",\"title_element\":\"h2\",\"meta_style\":\"meta\",\"meta_align\":\"below-title\",\"link_text\":\"Read more\",\"link_style\":\"default\",\"margin\":\"default\",\"slideshow_height\":\"\",\"text_color\":\"light\",\"slideshow_box_shadow\":\"small\",\"slideshow_box_decoration\":\"\",\"slideshow_animation\":\"fade\",\"slideshow_kenburns\":\"\",\"nav_margin\":\"\",\"nav_color\":\"\",\"slidenav_outside_color\":\"\",\"overlay_container\":\"\",\"overlay_container_padding\":\"xsmall\",\"overlay_margin\":\"none\",\"overlay_style\":\"overlay-default\",\"overlay_padding\":\"small\",\"overlay_width\":\"medium\",\"title_style\":\"h6\",\"title_decoration\":\"\",\"title_font_family\":\"\",\"title_color\":\"primary\",\"title_margin\":\"\",\"meta_color\":\"\",\"meta_margin\":\"\",\"content_style\":\"\",\"content_margin\":\"\",\"link_size\":\"\",\"link_margin\":\"\",\"position\":\"\",\"position_z_index\":\"\",\"maxwidth\":\"xlarge\",\"maxwidth_breakpoint\":\"\",\"block_align\":\"center\",\"block_align_breakpoint\":\"\",\"block_align_fallback\":\"\",\"text_align\":\"center\",\"text_align_breakpoint\":\"\",\"text_align_fallback\":\"\",\"animation\":\"\",\"visibility\":\"\",\"slideshow_autoplay\":true,\"nav_below\":true,\"slidenav_large\":true,\"slideshow_autoplay_interval\":\"3\",\"slideshow_max_height\":\"\"},\"children\":[{\"type\":\"slideshow_item\",\"props\":{\"title\":\"Kommutatoren\",\"image\":\"wp-content\\\/uploads\\\/collecteurs-a-lames.jpg\",\"text_color\":\"\",\"image_alt\":\"Kommutatoren\",\"content\":\"\",\"meta\":\"Kommutatoren\"}},{\"type\":\"slideshow_item\",\"props\":{\"title\":\"Gleichstromgenerator\",\"image\":\"wp-content\\\/uploads\\\/collecteurs-a-lames-moteur-courant-continu.jpg\",\"text_color\":\"\",\"image_alt\":\"Gleichstromgenerator\",\"content\":\"\",\"meta\":\"Gleichstromgenerator\"}},{\"type\":\"slideshow_item\",\"props\":{\"title\":\"Kommutator mit Kragen f\\u00fcr Elektromotoren\",\"image\":\"wp-content\\\/uploads\\\/collecteurs-a-lames-moteur-electrique-collerette.jpg\",\"text_color\":\"\",\"image_alt\":\"Kommutator mit Kragen f\\u00fcr Elektromotoren\",\"content\":\"\",\"meta\":\"Kommutator mit Kragen f\\u00fcr Elektromotoren\"}},{\"type\":\"slideshow_item\",\"props\":{\"title\":\"Kommutator f\\u00fcr Elektromotoren\",\"image\":\"wp-content\\\/uploads\\\/collecteurs-a-lames-moteur-electrique.jpg\",\"text_color\":\"\",\"image_alt\":\"Kommutator f\\u00fcr Elektromotoren\",\"content\":\"\",\"meta\":\"Kommutator f\\u00fcr Elektromotoren\"}},{\"type\":\"slideshow_item\",\"props\":{\"title\":\"Kommutator mit geschraubten Bauteilen\",\"image\":\"wp-content\\\/uploads\\\/collecteurs-a-lames-visse.jpg\",\"text_color\":\"\",\"image_alt\":\"Kommutator mit geschraubten Bauteilen\",\"content\":\"\",\"meta\":\"Kommutator mit geschraubten Bauteilen\"}}]},{\"type\":\"text\",\"props\":{\"margin\":\"default\",\"column_breakpoint\":\"m\",\"text_style\":\"\",\"text_color\":\"\",\"text_size\":\"\",\"column\":\"\",\"position\":\"\",\"position_z_index\":\"\",\"maxwidth\":\"\",\"maxwidth_breakpoint\":\"\",\"block_align\":\"\",\"block_align_breakpoint\":\"\",\"block_align_fallback\":\"\",\"text_align\":\"\",\"text_align_breakpoint\":\"\",\"text_align_fallback\":\"\",\"animation\":\"slide-left-medium\",\"visibility\":\"\",\"content\":\"\n\n<p>50 Jahre sp\\u00e4ter nutzen wir immer noch dieses Know-how, um Ihnen Ausf\\u00fchrungen von Einzelst\\u00fccken oder Serien von Kommutatoren in nahezu allen Abmessungen anbieten zu k\\u00f6nnen.<\\\/p>\\n\n\n<p>Das gleiche gilt auch f\\u00fcr die Wahl von Rohstoffen, sei es f\\u00fcr Kollektorlamellen aus reinem Kupfer, Kupfer-Silber, oder Glimmer f\\u00fcr spezielle Anforderungen \\u2013 wir passen uns Ihren W\\u00fcnschen an. Das Unternehmen ROUGIER Electrom\\u00e9canique bietet Ihnen au\\u00dferdem vielerlei spezifische technische L\\u00f6sungen bei der Herstellung von Kommutatoren an, wie z. B. vorzugsweise der Einsatz von Radial-Nietverfahren anstatt von L\\u00f6tzinn oder der Versteifung der Lamellenhalterung mithilfe einer spezifischen Bandagierung mit Draht.<\\\/p>\\n\n\n<p>Um Ihre Anfragen beantworten zu k\\u00f6nnen, m\\u00f6chten wir Sie zun\\u00e4chst bitten, uns einen Plan zuzusenden, oder das im Katalog angegebene Auskunftsformular f\\u00fcr Kommutatoren auszuf\\u00fcllen, was uns erm\\u00f6glicht, Ihnen ein zeitnahes Angebot zu erstellen.<\\\/p>\\n\n\n<p>Sie k\\u00f6nnen Ihre alten Generatoren auch direkt an unser Werk im D\\u00e9partement <em>l\\u2019Eure<\\\/em> schicken. Unser Vertrieb teilt Ihnen gerne alle dazu erforderlichen Ausk\\u00fcnfte mit.<\\\/p>\"}},{\"type\":\"button\",\"props\":{\"grid_column_gap\":\"small\",\"grid_row_gap\":\"small\",\"margin\":\"large\",\"button_size\":\"large\",\"position\":\"\",\"position_z_index\":\"\",\"maxwidth\":\"\",\"maxwidth_breakpoint\":\"\",\"block_align\":\"\",\"block_align_breakpoint\":\"\",\"block_align_fallback\":\"\",\"text_align\":\"center\",\"text_align_breakpoint\":\"\",\"text_align_fallback\":\"\",\"animation\":\"scale-up\",\"visibility\":\"\"},\"children\":[{\"type\":\"button_item\",\"props\":{\"button_style\":\"secondary\",\"icon_align\":\"left\",\"link_target\":\"\",\"content\":\"Kontaktieren Sie uns\",\"icon\":\"forward\",\"link_title\":\"\",\"link\":\"de\\\/kontaktieren-sie-einen-spezialisten-im-bereich-stromuebertragung-fuer-elektromotoren\\\/\"}}]}]},{\"type\":\"column\",\"props\":{\"image_position\":\"center-center\",\"media_overlay_gradient\":\"\",\"vertical_align\":\"\",\"style\":\"\",\"text_color\":\"\",\"padding\":\"\"},\"children\":[{\"type\":\"grid\",\"props\":{\"show_title\":true,\"show_meta\":true,\"show_content\":true,\"show_image\":true,\"show_link\":true,\"grid_default\":\"1\",\"grid_medium\":\"\",\"filter_style\":\"tab\",\"filter_all\":true,\"filter_position\":\"top\",\"filter_align\":\"left\",\"filter_grid_width\":\"auto\",\"filter_grid_breakpoint\":\"m\",\"title_hover_style\":\"reset\",\"title_element\":\"h3\",\"title_align\":\"top\",\"title_grid_width\":\"1-2\",\"title_grid_breakpoint\":\"m\",\"meta_style\":\"meta\",\"meta_align\":\"below-title\",\"icon_ratio\":4,\"image_align\":\"bottom\",\"image_grid_width\":\"1-2\",\"image_grid_breakpoint\":\"m\",\"image_svg_color\":\"emphasis\",\"link_text\":\"\",\"link_style\":\"default\",\"margin\":\"default\",\"item_animation\":\"slide-right-medium\",\"grid_column_gap\":\"\",\"grid_row_gap\":\"\",\"grid_small\":\"\",\"grid_large\":\"\",\"grid_xlarge\":\"\",\"filter_margin\":\"\",\"filter_grid_column_gap\":\"\",\"filter_grid_row_gap\":\"\",\"title_display\":\"\",\"content_display\":\"\",\"panel_style\":\"card-secondary\",\"panel_content_padding\":\"\",\"panel_size\":\"\",\"item_maxwidth\":\"\",\"title_style\":\"h5\",\"title_decoration\":\"divider\",\"title_font_family\":\"\",\"title_color\":\"\",\"title_grid_column_gap\":\"\",\"title_grid_row_gap\":\"\",\"title_margin\":\"\",\"meta_color\":\"\",\"meta_margin\":\"\",\"content_style\":\"\",\"content_margin\":\"\",\"image_transition\":\"scale-up\",\"image_border\":\"\",\"image_box_shadow\":\"\",\"image_hover_box_shadow\":\"\",\"image_box_decoration\":\"\",\"icon_color\":\"\",\"image_grid_column_gap\":\"\",\"image_grid_row_gap\":\"\",\"image_margin\":\"\",\"link_size\":\"\",\"link_margin\":\"\",\"position\":\"\",\"position_z_index\":\"\",\"maxwidth\":\"\",\"maxwidth_breakpoint\":\"\",\"block_align\":\"\",\"block_align_breakpoint\":\"\",\"block_align_fallback\":\"\",\"text_align\":\"center\",\"text_align_breakpoint\":\"\",\"text_align_fallback\":\"\",\"visibility\":\"\",\"lightbox\":false,\"link_target\":true,\"image_width\":\"200\",\"title_link\":true,\"image_link\":true,\"panel_content_width\":\"\"},\"children\":[{\"type\":\"grid_item\",\"props\":{\"title\":\"Download\",\"image\":\"wp-content\\\/uploads\\\/catalogue-identification-collecteur-a-lames.jpg\",\"link\":\"wp-content\\\/uploads\\\/catalogue-identification-collecteur-a-lames.pdf\",\"image_alt\":\"catalogue des collecteurs \\u00e0 lames\",\"content\":\"\n\n<p>Auskunftsformular f\\u00fcr Kommutatoren<\\\/p>\"}}]}]}]}]},{\"type\":\"section\",\"props\":{\"style\":\"default\",\"width\":\"large\",\"vertical_align\":\"middle\",\"title_position\":\"top-left\",\"title_rotation\":\"left\",\"title_breakpoint\":\"xl\",\"image_position\":\"center-center\",\"text_color\":\"\",\"width_expand\":\"\",\"height\":\"\",\"padding\":\"\",\"header_transparent\":\"\",\"animation\":\"scale-up\",\"animation_delay\":false},\"children\":[{\"type\":\"row\",\"props\":{\"layout\":\"1-1\",\"breakpoint\":\"m\",\"fixed_width\":\"large\",\"column_gap\":\"\",\"row_gap\":\"\",\"width\":\"large\",\"width_expand\":\"\",\"height\":\"\",\"margin\":\"\"},\"children\":[{\"type\":\"column\",\"props\":{\"image_position\":\"center-center\",\"media_overlay_gradient\":\"\",\"vertical_align\":\"\",\"style\":\"\",\"text_color\":\"\",\"padding\":\"\"},\"children\":[{\"type\":\"headline\",\"props\":{\"title_element\":\"div\",\"title_style\":\"\",\"title_decoration\":\"\",\"title_font_family\":\"tertiary\",\"title_color\":\"\",\"position\":\"\",\"position_z_index\":\"\",\"margin\":\"\",\"maxwidth\":\"xxlarge\",\"maxwidth_breakpoint\":\"\",\"block_align\":\"center\",\"block_align_breakpoint\":\"\",\"block_align_fallback\":\"\",\"text_align\":\"center\",\"text_align_breakpoint\":\"\",\"text_align_fallback\":\"\",\"animation\":\"\",\"visibility\":\"\",\"content\":\"\n\n<blockquote>\\n\n\n<p>ROUGIER Electrom\\u00e9canique unterst\\u00fctzt Sie jederzeit mit technischem Support bei der Entwicklung und Ausarbeitung Kommutatoren, das am geeignetsten auf Ihre Anspr\\u00fcche zum besten Preis-\\\/Leistungsverh\\u00e4ltnis abgestimmt ist.<\\\/p>\\n<\\\/blockquote>\"}}]}]}]}],\"version\":\"2.0.14\",\"props\":[]} --><\/p>\n","protected":false},"excerpt":{"rendered":"<p>Kommutatoren Konzeption, Herstellung und Reparaturvon Kommutatoren Gegen Ende der 60er Jahre hat ROUGIER Electrom\u00e9canique eine Produktionseinheit f\u00fcr Kommutatoren mit gegossenen Bauteilen erworben, wodurch das Unternehmen sein Fertigungsspektrum mit zus\u00e4tzlichen Produktionswerkzeugen ausweiten konnte. In den 70er Jahren hat ROUGIER Electrom\u00e9canique in eine Anlage zum Pressen von Kupferprofilen investiert, wodurch das Unternehmen eine vollkommene Unabh\u00e4ngigkeit seiner Produktionskette [&hellip;]<\/p>\n","protected":false},"author":1,"featured_media":0,"parent":1669,"menu_order":5,"comment_status":"closed","ping_status":"closed","template":"","meta":{"footnotes":""},"class_list":["post-1684","page","type-page","status-publish","hentry"],"aioseo_notices":[],"_links":{"self":[{"href":"https:\/\/www.rougier-electro.fr\/de\/wp-json\/wp\/v2\/pages\/1684","targetHints":{"allow":["GET"]}}],"collection":[{"href":"https:\/\/www.rougier-electro.fr\/de\/wp-json\/wp\/v2\/pages"}],"about":[{"href":"https:\/\/www.rougier-electro.fr\/de\/wp-json\/wp\/v2\/types\/page"}],"author":[{"embeddable":true,"href":"https:\/\/www.rougier-electro.fr\/de\/wp-json\/wp\/v2\/users\/1"}],"replies":[{"embeddable":true,"href":"https:\/\/www.rougier-electro.fr\/de\/wp-json\/wp\/v2\/comments?post=1684"}],"version-history":[{"count":0,"href":"https:\/\/www.rougier-electro.fr\/de\/wp-json\/wp\/v2\/pages\/1684\/revisions"}],"up":[{"embeddable":true,"href":"https:\/\/www.rougier-electro.fr\/de\/wp-json\/wp\/v2\/pages\/1669"}],"wp:attachment":[{"href":"https:\/\/www.rougier-electro.fr\/de\/wp-json\/wp\/v2\/media?parent=1684"}],"curies":[{"name":"wp","href":"https:\/\/api.w.org\/{rel}","templated":true}]}}