{"id":1681,"date":"2020-02-26T19:56:21","date_gmt":"2020-02-26T18:56:21","guid":{"rendered":"https:\/\/www.rougier-electro.fr\/produits\/fabrication-collecteurs-electriques-tournants\/"},"modified":"2020-08-27T19:38:38","modified_gmt":"2020-08-27T17:38:38","slug":"hersteller-von-schleifringkoerpern-fuer-elektromotoren","status":"publish","type":"page","link":"https:\/\/www.rougier-electro.fr\/de\/produkte\/hersteller-von-schleifringkoerpern-fuer-elektromotoren\/","title":{"rendered":"Schleifringk\u00f6rper"},"content":{"rendered":"<h1>\n<p>Schleifringk\u00f6rper<\/p>\n<\/h1>\n<h2>\n<p>Konzeption, Herstellung und Reparatur von Schleifringk\u00f6rpern<\/p>\n<\/h2>\n<div>\n<p>Unsere fundierten Kenntnisse \u00fcber die Eigenschaften von elektrischem Kontakt zu drehbaren K\u00f6rpern (Schleifringen, Kohleb\u00fcrsten, Kohlehaltern) sowie unsere langj\u00e4hrige Erfahrung im Bereich Strom\u00fcbertragung und elektrische Signale hat uns dazu veranlasst, unsere eigene Produktreihen von Standard-Schleifringk\u00f6rpern zu entwickeln, um auf Ihre Anforderungen und Ihren Bedarf entsprechend reagieren zu k\u00f6nnen.<\/p>\n<\/div>\n<ul>\n<li>\n<p>        <img decoding=\"async\" src=\"https:\/\/www.rougier-electro.fr\/wp-content\/uploads\/collecteurs-electriques-tournants-collecteurs-a-bagues-rotatifs.jpg\" alt=\"Drehschleifringe\"><\/p>\n<h2>Drehschleifringe<\/h2>\n<p>Drehschleifringe<\/p>\n<\/li>\n<li>\n<p>        <img decoding=\"async\" src=\"https:\/\/www.rougier-electro.fr\/wp-content\/uploads\/collecteurs-electriques-tournants-contatcs-electriques-tournants.jpg\" alt=\"Kontaktringe\"><\/p>\n<h2>Kontaktringe<\/h2>\n<p>Kontaktringe<\/p>\n<\/li>\n<li>\n<p>        <img decoding=\"async\" src=\"https:\/\/www.rougier-electro.fr\/wp-content\/uploads\/collecteurs-electriques-tournants-joints-electriques-tournants.jpg\" alt=\"elektrische Drehverbindungen\"><\/p>\n<h2>elektrische Drehverbindungen<\/h2>\n<p>elektrische Drehverbindungen<\/p>\n<\/li>\n<li>\n<p>        <img decoding=\"async\" src=\"https:\/\/www.rougier-electro.fr\/wp-content\/uploads\/collecteurs-electriques-tournants-prises-electriques-rotatives-2.jpg\" alt=\"rotierende Anschl\u00fcsse\"><\/p>\n<h2>rotierende Anschl\u00fcsse<\/h2>\n<p>rotierende Anschl\u00fcsse<\/p>\n<\/li>\n<li>\n<p>        <img decoding=\"async\" src=\"https:\/\/www.rougier-electro.fr\/wp-content\/uploads\/collecteurs-electriques-tournants-raccords-electriques-tournants.jpg\" alt=\"drehbare Anschl\u00fcsse\"><\/p>\n<h2>drehbare Anschl\u00fcsse<\/h2>\n<p>drehbare Anschl\u00fcsse<\/p>\n<\/li>\n<\/ul>\n<div>\n<p>Als unabh\u00e4ngiger Hersteller verf\u00fcgen wir \u00fcber vollkommene Freiheit und alle technischen M\u00f6glichkeiten, Drehschleifringe nach Ma\u00df herzustellen. Somit k\u00f6nnen wir uns ganz auf die Bed\u00fcrfnisse unserer Kunden anpassen und Ihnen die besten sowohl technisch als auch finanziell aufeinander abgestimmte Angebote unterbreiten.<\/p>\n<p>Unser Konstruktionsb\u00fcro wird sich in partnerschaftlicher Zusammenarbeit mit Ihren jeweiligen Abteilungen austauschen (Instandhaltung, Wartung, Engineering, Kundendienst, usw.), um das Produkt zu entwickeln, welches am besten Ihren Einsatzzwecken entspricht \u2013 seien es Einzelst\u00fccke, kleine, mittlere oder gro\u00dfe Serien.<\/p>\n<p>Industrie-Schleifringk\u00f6rper von ROUGIER Electrom\u00e9canique garantieren den Stromfluss zwischen festen und rotierenden Teilen von Anlagen in vielerlei Bereichen (beispielsweise Abwasserkl\u00e4ranlagen, Hafenkr\u00e4nen, Verpackungsmaschinen, Vergn\u00fcgungsparks, Unterhaltungsindustrie, Windkraftanlagen, Druckindustrie, Abfallbehandlung, Spezialmaschinen, Au\u00dfenwerbung, Schaustellereinrichtungen (Karusselle), K\u00fcchenmaschinen, Kabeltrommeln, Radarger\u00e4te, usw.)<\/p>\n<p>Sie k\u00f6nnen unseren Katalog \u201eSchleifringk\u00f6rper\u201c downloaden und sowohl ein Standardmodell als auch Basiselemente zur ma\u00dfgerechten Entwicklung Ihrer elektrischen Drehverbindungen ausw\u00e4hlen.<\/p>\n<\/div>\n<p>\n    <a href=\"https:\/\/www.rougier-electro.fr\/de\/kontaktieren-sie-einen-spezialisten-im-bereich-stromuebertragung-fuer-elektromotoren\">Kontaktieren Sie uns<\/a>\n<\/p>\n<div>\n<p>    <img decoding=\"async\" src=\"https:\/\/www.rougier-electro.fr\/wp-content\/uploads\/catalogue-collecteurs-electriques-tournants.jpg\" alt=\"catalogue des CET Collecteurs \u00e9lectriques tournants\"><\/p>\n<h3>Download<\/h3>\n<div>\n<p>Katalog und technisches Datenblatt Schleifringk\u00f6rper<\/p>\n<\/div>\n<p><a href=\"https:\/\/www.rougier-electro.fr\/wp-content\/uploads\/catalogue-collecteurs-electriques-tournants.pdf\"><\/a><\/p>\n<\/div>\n<div>\n<blockquote>\n<p>ROUGIER Electrom\u00e9canique unterst\u00fctzt Sie jederzeit mit technischem Support bei der Entwicklung und Ausarbeitung Schleifringk\u00f6rper, das am geeignetsten auf Ihre Anspr\u00fcche zum besten Preis-\/Leistungsverh\u00e4ltnis abgestimmt ist.<\/p>\n<\/blockquote>\n<\/div>\n<p><!-- {\"children\":[{\"type\":\"section\",\"props\":{\"style\":\"default\",\"width\":\"large\",\"vertical_align\":\"middle\",\"title_position\":\"top-left\",\"title_rotation\":\"left\",\"title_breakpoint\":\"xl\",\"image_position\":\"center-center\",\"text_color\":\"light\",\"width_expand\":\"\",\"height\":\"\",\"padding\":\"large\",\"header_transparent\":\"\",\"animation\":\"fade\",\"image\":\"wp-content\\\/uploads\\\/cover-collecteur-electrique-tournant.jpg\",\"image_size\":\"cover\",\"image_effect\":\"parallax\",\"image_parallax_breakpoint\":\"\",\"image_visibility\":\"\",\"video_width\":\"\",\"video_height\":\"\",\"media_blend_mode\":\"\",\"image_parallax_bgy_start\":\"-100\",\"image_parallax_bgy_end\":\"100\",\"media_overlay\":\"rgba(0, 0, 0, 0.52)\",\"animation_delay\":true},\"children\":[{\"type\":\"row\",\"props\":{\"layout\":\"1-1\",\"breakpoint\":\"m\",\"fixed_width\":\"large\",\"column_gap\":\"\",\"row_gap\":\"\",\"width\":\"\",\"width_expand\":\"\",\"height\":\"\",\"margin\":\"remove-vertical\"},\"children\":[{\"type\":\"column\",\"props\":{\"image_position\":\"center-center\",\"media_overlay_gradient\":\"\",\"vertical_align\":\"\",\"style\":\"\",\"text_color\":\"\",\"padding\":\"\"},\"children\":[{\"type\":\"headline\",\"props\":{\"title_element\":\"h1\",\"title_style\":\"heading-small\",\"title_decoration\":\"\",\"title_font_family\":\"\",\"title_color\":\"\",\"position\":\"\",\"position_z_index\":\"\",\"margin\":\"\",\"maxwidth\":\"\",\"maxwidth_breakpoint\":\"\",\"block_align\":\"\",\"block_align_breakpoint\":\"\",\"block_align_fallback\":\"\",\"text_align\":\"center\",\"text_align_breakpoint\":\"\",\"text_align_fallback\":\"\",\"animation\":\"\",\"visibility\":\"\",\"content\":\"\n\n<p>Schleifringk\\u00f6rper<\\\/p>\"},\"name\":\"Headline H1\"}]}]}],\"name\":\"Entete\"},{\"type\":\"section\",\"props\":{\"style\":\"default\",\"width\":\"large\",\"vertical_align\":\"middle\",\"title_position\":\"top-left\",\"title_rotation\":\"left\",\"title_breakpoint\":\"xl\",\"image_position\":\"center-center\",\"text_color\":\"\",\"width_expand\":\"\",\"height\":\"\",\"padding\":\"\",\"header_transparent\":\"\",\"animation\":\"\",\"padding_remove_bottom\":true},\"children\":[{\"type\":\"row\",\"props\":{\"layout\":\"1-1\",\"breakpoint\":\"m\",\"fixed_width\":\"large\",\"column_gap\":\"\",\"row_gap\":\"\",\"width\":\"\",\"width_expand\":\"\",\"height\":\"\",\"margin\":\"\"},\"children\":[{\"type\":\"column\",\"props\":{\"image_position\":\"center-center\",\"media_overlay_gradient\":\"\",\"vertical_align\":\"\",\"style\":\"\",\"text_color\":\"\",\"padding\":\"\"},\"children\":[{\"type\":\"breadcrumbs\",\"props\":{\"show_home\":true,\"show_current\":true,\"position\":\"\",\"position_z_index\":\"\",\"margin\":\"\",\"text_align\":\"\",\"text_align_breakpoint\":\"\",\"text_align_fallback\":\"\",\"animation\":\"\",\"visibility\":\"\"}}]}]}],\"name\":\"\"},{\"type\":\"section\",\"props\":{\"style\":\"default\",\"width\":\"large\",\"vertical_align\":\"middle\",\"title_position\":\"top-left\",\"title_rotation\":\"left\",\"title_breakpoint\":\"xl\",\"image_position\":\"center-center\",\"text_color\":\"\",\"width_expand\":\"\",\"height\":\"\",\"padding\":\"\",\"header_transparent\":\"\",\"animation\":\"\"},\"children\":[{\"type\":\"row\",\"props\":{\"layout\":\"1-1\",\"breakpoint\":\"m\",\"fixed_width\":\"large\",\"column_gap\":\"\",\"row_gap\":\"\",\"width\":\"\",\"width_expand\":\"\",\"height\":\"\",\"margin\":\"\"},\"children\":[{\"type\":\"column\",\"props\":{\"image_position\":\"center-center\",\"media_overlay_gradient\":\"\",\"vertical_align\":\"\",\"style\":\"\",\"text_color\":\"\",\"padding\":\"\"},\"children\":[{\"type\":\"headline\",\"props\":{\"title_element\":\"h2\",\"title_style\":\"h2\",\"title_decoration\":\"\",\"title_font_family\":\"\",\"title_color\":\"\",\"position\":\"\",\"position_z_index\":\"\",\"margin\":\"\",\"maxwidth\":\"\",\"maxwidth_breakpoint\":\"\",\"block_align\":\"\",\"block_align_breakpoint\":\"\",\"block_align_fallback\":\"\",\"text_align\":\"center\",\"text_align_breakpoint\":\"\",\"text_align_fallback\":\"\",\"animation\":\"\",\"visibility\":\"\",\"content\":\"\n\n<p>Konzeption, Herstellung und Reparatur von Schleifringk\\u00f6rpern<\\\/p>\"},\"name\":\"Headline H2\"}]}]}]},{\"type\":\"section\",\"props\":{\"style\":\"default\",\"width\":\"large\",\"vertical_align\":\"middle\",\"title_position\":\"top-left\",\"title_rotation\":\"left\",\"title_breakpoint\":\"xl\",\"image_position\":\"center-center\",\"text_color\":\"\",\"width_expand\":\"\",\"height\":\"\",\"padding\":\"\",\"header_transparent\":\"\",\"animation\":\"fade\",\"animation_delay\":true},\"children\":[{\"type\":\"row\",\"props\":{\"layout\":\"2-3,1-3\",\"breakpoint\":\"m\",\"fixed_width\":\"large\",\"column_gap\":\"large\",\"row_gap\":\"\",\"width\":\"\",\"width_expand\":\"\",\"height\":\"\",\"margin\":\"\"},\"children\":[{\"type\":\"column\",\"props\":{\"image_position\":\"center-center\",\"media_overlay_gradient\":\"\",\"vertical_align\":\"\",\"style\":\"\",\"text_color\":\"\",\"padding\":\"\"},\"children\":[{\"type\":\"text\",\"props\":{\"margin\":\"default\",\"column_breakpoint\":\"m\",\"text_style\":\"\",\"text_color\":\"\",\"text_size\":\"\",\"column\":\"\",\"position\":\"\",\"position_z_index\":\"\",\"maxwidth\":\"\",\"maxwidth_breakpoint\":\"\",\"block_align\":\"\",\"block_align_breakpoint\":\"\",\"block_align_fallback\":\"\",\"text_align\":\"\",\"text_align_breakpoint\":\"\",\"text_align_fallback\":\"\",\"animation\":\"slide-left-medium\",\"visibility\":\"\",\"content\":\"\n\n<p>Unsere fundierten Kenntnisse \\u00fcber die Eigenschaften von elektrischem Kontakt zu drehbaren K\\u00f6rpern (Schleifringen, Kohleb\\u00fcrsten, Kohlehaltern) sowie unsere langj\\u00e4hrige Erfahrung im Bereich Strom\\u00fcbertragung und elektrische Signale hat uns dazu veranlasst, unsere eigene Produktreihen von Standard-Schleifringk\\u00f6rpern zu entwickeln, um auf Ihre Anforderungen und Ihren Bedarf entsprechend reagieren zu k\\u00f6nnen.<\\\/p>\"}},{\"type\":\"slideshow\",\"props\":{\"show_title\":false,\"show_meta\":true,\"show_content\":true,\"show_link\":false,\"show_thumbnail\":true,\"slideshow_min_height\":\"\",\"slideshow_autoplay_pause\":true,\"nav\":\"thumbnav\",\"nav_position\":\"bottom-center\",\"nav_position_margin\":\"medium\",\"nav_align\":\"center\",\"nav_breakpoint\":\"s\",\"thumbnav_width\":\"75\",\"thumbnav_height\":\"50\",\"thumbnav_svg_color\":\"emphasis\",\"slidenav\":\"default\",\"slidenav_margin\":\"medium\",\"slidenav_breakpoint\":\"s\",\"slidenav_outside_breakpoint\":\"xl\",\"overlay_position\":\"bottom\",\"overlay_animation\":\"parallax\",\"title_element\":\"h2\",\"meta_style\":\"meta\",\"meta_align\":\"below-title\",\"link_text\":\"Read more\",\"link_style\":\"default\",\"margin\":\"default\",\"slideshow_height\":\"\",\"text_color\":\"light\",\"slideshow_box_shadow\":\"small\",\"slideshow_box_decoration\":\"\",\"slideshow_animation\":\"fade\",\"slideshow_kenburns\":\"\",\"nav_margin\":\"\",\"nav_color\":\"\",\"slidenav_outside_color\":\"\",\"overlay_container\":\"\",\"overlay_container_padding\":\"xsmall\",\"overlay_margin\":\"none\",\"overlay_style\":\"overlay-default\",\"overlay_padding\":\"small\",\"overlay_width\":\"medium\",\"title_style\":\"h6\",\"title_decoration\":\"\",\"title_font_family\":\"\",\"title_color\":\"primary\",\"title_margin\":\"\",\"meta_color\":\"\",\"meta_margin\":\"\",\"content_style\":\"\",\"content_margin\":\"\",\"link_size\":\"\",\"link_margin\":\"\",\"position\":\"\",\"position_z_index\":\"\",\"maxwidth\":\"xlarge\",\"maxwidth_breakpoint\":\"\",\"block_align\":\"center\",\"block_align_breakpoint\":\"\",\"block_align_fallback\":\"\",\"text_align\":\"center\",\"text_align_breakpoint\":\"\",\"text_align_fallback\":\"\",\"animation\":\"\",\"visibility\":\"\",\"slideshow_autoplay\":true,\"nav_below\":true,\"slidenav_large\":true,\"slideshow_autoplay_interval\":\"3\",\"slideshow_max_height\":\"\",\"image_width\":\"\",\"image_height\":\"\",\"slideshow_ratio\":\"\"},\"children\":[{\"type\":\"slideshow_item\",\"props\":{\"title\":\"Drehschleifringe\",\"image\":\"wp-content\\\/uploads\\\/collecteurs-electriques-tournants-collecteurs-a-bagues-rotatifs.jpg\",\"text_color\":\"\",\"image_alt\":\"Drehschleifringe\",\"content\":\"\",\"meta\":\"Drehschleifringe\"}},{\"type\":\"slideshow_item\",\"props\":{\"title\":\"Kontaktringe\",\"image\":\"wp-content\\\/uploads\\\/collecteurs-electriques-tournants-contatcs-electriques-tournants.jpg\",\"text_color\":\"\",\"image_alt\":\"Kontaktringe\",\"meta\":\"Kontaktringe\"}},{\"type\":\"slideshow_item\",\"props\":{\"title\":\"elektrische Drehverbindungen\",\"image\":\"wp-content\\\/uploads\\\/collecteurs-electriques-tournants-joints-electriques-tournants.jpg\",\"text_color\":\"\",\"image_alt\":\"elektrische Drehverbindungen\",\"meta\":\"elektrische Drehverbindungen\"}},{\"type\":\"slideshow_item\",\"props\":{\"title\":\"rotierende Anschl\\u00fcsse\",\"image\":\"wp-content\\\/uploads\\\/collecteurs-electriques-tournants-prises-electriques-rotatives-2.jpg\",\"text_color\":\"\",\"image_alt\":\"rotierende Anschl\\u00fcsse\",\"meta\":\"rotierende Anschl\\u00fcsse\"}},{\"type\":\"slideshow_item\",\"props\":{\"title\":\"drehbare Anschl\\u00fcsse\",\"image\":\"wp-content\\\/uploads\\\/collecteurs-electriques-tournants-raccords-electriques-tournants.jpg\",\"text_color\":\"\",\"image_alt\":\"drehbare Anschl\\u00fcsse\",\"meta\":\"drehbare Anschl\\u00fcsse\"}}]},{\"type\":\"text\",\"props\":{\"margin\":\"default\",\"column_breakpoint\":\"m\",\"text_style\":\"\",\"text_color\":\"\",\"text_size\":\"\",\"column\":\"\",\"position\":\"\",\"position_z_index\":\"\",\"maxwidth\":\"\",\"maxwidth_breakpoint\":\"\",\"block_align\":\"\",\"block_align_breakpoint\":\"\",\"block_align_fallback\":\"\",\"text_align\":\"\",\"text_align_breakpoint\":\"\",\"text_align_fallback\":\"\",\"animation\":\"slide-left-medium\",\"visibility\":\"\",\"content\":\"\n\n<p>Als unabh\\u00e4ngiger Hersteller verf\\u00fcgen wir \\u00fcber vollkommene Freiheit und alle technischen M\\u00f6glichkeiten, Drehschleifringe nach Ma\\u00df herzustellen. Somit k\\u00f6nnen wir uns ganz auf die Bed\\u00fcrfnisse unserer Kunden anpassen und Ihnen die besten sowohl technisch als auch finanziell aufeinander abgestimmte Angebote unterbreiten.<\\\/p>\\n\n\n<p>Unser Konstruktionsb\\u00fcro wird sich in partnerschaftlicher Zusammenarbeit mit Ihren jeweiligen Abteilungen austauschen (Instandhaltung, Wartung, Engineering, Kundendienst, usw.), um das Produkt zu entwickeln, welches am besten Ihren Einsatzzwecken entspricht \\u2013 seien es Einzelst\\u00fccke, kleine, mittlere oder gro\\u00dfe Serien.<\\\/p>\\n\n\n<p>Industrie-Schleifringk\\u00f6rper von ROUGIER Electrom\\u00e9canique garantieren den Stromfluss zwischen festen und rotierenden Teilen von Anlagen in vielerlei Bereichen (beispielsweise Abwasserkl\\u00e4ranlagen, Hafenkr\\u00e4nen, Verpackungsmaschinen, Vergn\\u00fcgungsparks, Unterhaltungsindustrie, Windkraftanlagen, Druckindustrie, Abfallbehandlung, Spezialmaschinen, Au\\u00dfenwerbung, Schaustellereinrichtungen (Karusselle), K\\u00fcchenmaschinen, Kabeltrommeln, Radarger\\u00e4te, usw.)<\\\/p>\\n\n\n<p>Sie k\\u00f6nnen unseren Katalog \\u201eSchleifringk\\u00f6rper\\u201c downloaden und sowohl ein Standardmodell als auch Basiselemente zur ma\\u00dfgerechten Entwicklung Ihrer elektrischen Drehverbindungen ausw\\u00e4hlen.<\\\/p>\"}},{\"type\":\"button\",\"props\":{\"grid_column_gap\":\"small\",\"grid_row_gap\":\"small\",\"margin\":\"large\",\"button_size\":\"large\",\"position\":\"\",\"position_z_index\":\"\",\"maxwidth\":\"\",\"maxwidth_breakpoint\":\"\",\"block_align\":\"\",\"block_align_breakpoint\":\"\",\"block_align_fallback\":\"\",\"text_align\":\"center\",\"text_align_breakpoint\":\"\",\"text_align_fallback\":\"\",\"animation\":\"scale-up\",\"visibility\":\"\"},\"children\":[{\"type\":\"button_item\",\"props\":{\"button_style\":\"secondary\",\"icon_align\":\"left\",\"link_target\":\"\",\"content\":\"Kontaktieren Sie uns\",\"icon\":\"forward\",\"link\":\"de\\\/kontaktieren-sie-einen-spezialisten-im-bereich-stromuebertragung-fuer-elektromotoren\\\/\"}}]}]},{\"type\":\"column\",\"props\":{\"image_position\":\"center-center\",\"media_overlay_gradient\":\"\",\"vertical_align\":\"\",\"style\":\"\",\"text_color\":\"\",\"padding\":\"\"},\"children\":[{\"type\":\"grid\",\"props\":{\"show_title\":true,\"show_meta\":true,\"show_content\":true,\"show_image\":true,\"show_link\":true,\"grid_default\":\"1\",\"grid_medium\":\"\",\"filter_style\":\"tab\",\"filter_all\":true,\"filter_position\":\"top\",\"filter_align\":\"left\",\"filter_grid_width\":\"auto\",\"filter_grid_breakpoint\":\"m\",\"title_hover_style\":\"reset\",\"title_element\":\"h3\",\"title_align\":\"top\",\"title_grid_width\":\"1-2\",\"title_grid_breakpoint\":\"m\",\"meta_style\":\"meta\",\"meta_align\":\"below-title\",\"icon_ratio\":4,\"image_align\":\"bottom\",\"image_grid_width\":\"1-2\",\"image_grid_breakpoint\":\"m\",\"image_svg_color\":\"emphasis\",\"link_text\":\"\",\"link_style\":\"default\",\"margin\":\"default\",\"item_animation\":\"slide-right-medium\",\"grid_column_gap\":\"\",\"grid_row_gap\":\"\",\"grid_small\":\"\",\"grid_large\":\"\",\"grid_xlarge\":\"\",\"filter_margin\":\"\",\"filter_grid_column_gap\":\"\",\"filter_grid_row_gap\":\"\",\"title_display\":\"\",\"content_display\":\"\",\"panel_style\":\"card-secondary\",\"panel_content_padding\":\"\",\"panel_size\":\"\",\"item_maxwidth\":\"\",\"title_style\":\"h5\",\"title_decoration\":\"divider\",\"title_font_family\":\"\",\"title_color\":\"\",\"title_grid_column_gap\":\"\",\"title_grid_row_gap\":\"\",\"title_margin\":\"\",\"meta_color\":\"\",\"meta_margin\":\"\",\"content_style\":\"\",\"content_margin\":\"\",\"image_transition\":\"scale-up\",\"image_border\":\"\",\"image_box_shadow\":\"\",\"image_hover_box_shadow\":\"\",\"image_box_decoration\":\"\",\"icon_color\":\"\",\"image_grid_column_gap\":\"\",\"image_grid_row_gap\":\"\",\"image_margin\":\"\",\"link_size\":\"\",\"link_margin\":\"\",\"position\":\"\",\"position_z_index\":\"\",\"maxwidth\":\"\",\"maxwidth_breakpoint\":\"\",\"block_align\":\"\",\"block_align_breakpoint\":\"\",\"block_align_fallback\":\"\",\"text_align\":\"center\",\"text_align_breakpoint\":\"\",\"text_align_fallback\":\"\",\"visibility\":\"\",\"lightbox\":false,\"link_target\":true,\"image_width\":\"250\",\"title_link\":true,\"image_link\":true,\"panel_content_width\":\"\"},\"children\":[{\"type\":\"grid_item\",\"props\":{\"title\":\"Download\",\"image\":\"wp-content\\\/uploads\\\/catalogue-collecteurs-electriques-tournants.jpg\",\"link\":\"wp-content\\\/uploads\\\/catalogue-collecteurs-electriques-tournants.pdf\",\"image_alt\":\"catalogue des CET Collecteurs \\u00e9lectriques tournants\",\"content\":\"\n\n<p>Katalog und technisches Datenblatt Schleifringk\\u00f6rper<\\\/p>\"}}]}]}]}]},{\"type\":\"section\",\"props\":{\"style\":\"default\",\"width\":\"large\",\"vertical_align\":\"middle\",\"title_position\":\"top-left\",\"title_rotation\":\"left\",\"title_breakpoint\":\"xl\",\"image_position\":\"center-center\",\"text_color\":\"\",\"width_expand\":\"\",\"height\":\"\",\"padding\":\"\",\"header_transparent\":\"\",\"animation\":\"scale-up\",\"animation_delay\":false},\"children\":[{\"type\":\"row\",\"props\":{\"layout\":\"1-1\",\"breakpoint\":\"m\",\"fixed_width\":\"large\",\"column_gap\":\"\",\"row_gap\":\"\",\"width\":\"large\",\"width_expand\":\"\",\"height\":\"\",\"margin\":\"\"},\"children\":[{\"type\":\"column\",\"props\":{\"image_position\":\"center-center\",\"media_overlay_gradient\":\"\",\"vertical_align\":\"\",\"style\":\"\",\"text_color\":\"\",\"padding\":\"\"},\"children\":[{\"type\":\"headline\",\"props\":{\"title_element\":\"div\",\"title_style\":\"\",\"title_decoration\":\"\",\"title_font_family\":\"tertiary\",\"title_color\":\"\",\"position\":\"\",\"position_z_index\":\"\",\"margin\":\"\",\"maxwidth\":\"xxlarge\",\"maxwidth_breakpoint\":\"\",\"block_align\":\"center\",\"block_align_breakpoint\":\"\",\"block_align_fallback\":\"\",\"text_align\":\"center\",\"text_align_breakpoint\":\"\",\"text_align_fallback\":\"\",\"animation\":\"\",\"visibility\":\"\",\"content\":\"\n\n<blockquote>\\n\n\n<p>ROUGIER Electrom\\u00e9canique unterst\\u00fctzt Sie jederzeit mit technischem Support bei der Entwicklung und Ausarbeitung Schleifringk\\u00f6rper, das am geeignetsten auf Ihre Anspr\\u00fcche zum besten Preis-\\\/Leistungsverh\\u00e4ltnis abgestimmt ist.<\\\/p>\\n<\\\/blockquote>\"}}]}]}]}],\"version\":\"2.0.14\",\"type\":\"layout\",\"props\":[]} --><\/p>\n","protected":false},"excerpt":{"rendered":"<p>Schleifringk\u00f6rper Konzeption, Herstellung und Reparatur von Schleifringk\u00f6rpern Unsere fundierten Kenntnisse \u00fcber die Eigenschaften von elektrischem Kontakt zu drehbaren K\u00f6rpern (Schleifringen, Kohleb\u00fcrsten, Kohlehaltern) sowie unsere langj\u00e4hrige Erfahrung im Bereich Strom\u00fcbertragung und elektrische Signale hat uns dazu veranlasst, unsere eigene Produktreihen von Standard-Schleifringk\u00f6rpern zu entwickeln, um auf Ihre Anforderungen und Ihren Bedarf entsprechend reagieren zu k\u00f6nnen. Drehschleifringe [&hellip;]<\/p>\n","protected":false},"author":1,"featured_media":0,"parent":1669,"menu_order":4,"comment_status":"closed","ping_status":"closed","template":"","meta":{"footnotes":""},"class_list":["post-1681","page","type-page","status-publish","hentry"],"aioseo_notices":[],"_links":{"self":[{"href":"https:\/\/www.rougier-electro.fr\/de\/wp-json\/wp\/v2\/pages\/1681","targetHints":{"allow":["GET"]}}],"collection":[{"href":"https:\/\/www.rougier-electro.fr\/de\/wp-json\/wp\/v2\/pages"}],"about":[{"href":"https:\/\/www.rougier-electro.fr\/de\/wp-json\/wp\/v2\/types\/page"}],"author":[{"embeddable":true,"href":"https:\/\/www.rougier-electro.fr\/de\/wp-json\/wp\/v2\/users\/1"}],"replies":[{"embeddable":true,"href":"https:\/\/www.rougier-electro.fr\/de\/wp-json\/wp\/v2\/comments?post=1681"}],"version-history":[{"count":0,"href":"https:\/\/www.rougier-electro.fr\/de\/wp-json\/wp\/v2\/pages\/1681\/revisions"}],"up":[{"embeddable":true,"href":"https:\/\/www.rougier-electro.fr\/de\/wp-json\/wp\/v2\/pages\/1669"}],"wp:attachment":[{"href":"https:\/\/www.rougier-electro.fr\/de\/wp-json\/wp\/v2\/media?parent=1681"}],"curies":[{"name":"wp","href":"https:\/\/api.w.org\/{rel}","templated":true}]}}