{"id":1678,"date":"2020-02-26T16:29:49","date_gmt":"2020-02-26T15:29:49","guid":{"rendered":"https:\/\/www.rougier-electro.fr\/produits\/fabrication-collecteurs-bagues-et-jeux-bagues-collectrices\/"},"modified":"2020-08-27T19:30:24","modified_gmt":"2020-08-27T17:30:24","slug":"hersteller-von-schleifringen-ringsaetzen-fuer-elektromotoren","status":"publish","type":"page","link":"https:\/\/www.rougier-electro.fr\/de\/produkte\/hersteller-von-schleifringen-ringsaetzen-fuer-elektromotoren\/","title":{"rendered":"Schleifringk\u00f6rper\/Rings\u00e4tze"},"content":{"rendered":"<h1>\n<p>Schleifringk\u00f6rper \/ Rings\u00e4tze<\/p>\n<\/h1>\n<h2>\n<p>Konzeption, Herstellung und Reparatur<br \/>Ihrer Schleifringk\u00f6rper<\/p>\n<\/h2>\n<div>\n<p>ROUGIER Electrom\u00e9canique ist seit 1927 Akteur auf dem Ersatzteilmarkt f\u00fcr Elektromotoren. Unser Unternehmen hat sich im Laufe der Jahre auf den Bedarf der Industrie an Schleifrings\u00e4tzen \/ \u201eSlip rings\u201c angepasst. Daher verf\u00fcgen wir \u00fcber mehrere Ausf\u00fchrungstechniken.<\/p>\n<\/div>\n<ul>\n<li>\n<p>        <img decoding=\"async\" src=\"https:\/\/www.rougier-electro.fr\/wp-content\/uploads\/bagues-collectrices-slip-ring-baguier-moteur-rougier.jpg\" alt=\"Rougier-Schleifringl\u00e4ufermotoren\"><\/p>\n<h2>Rougier-Schleifringl\u00e4ufermotoren<\/h2>\n<p>Rougier-Schleifringl\u00e4ufermotoren<\/p>\n<\/li>\n<li>\n<p>        <img decoding=\"async\" src=\"https:\/\/www.rougier-electro.fr\/wp-content\/uploads\/bagues-collectrices-slip-ring-collecteur-a-bagues-demi-coquille.jpg\" alt=\"Schleifringk\u00f6rper aus Halbschalen bestehend\"><\/p>\n<h2>Schleifringk\u00f6rper aus Halbschalen bestehend<\/h2>\n<p>Schleifringk\u00f6rper aus Halbschalen bestehend<\/p>\n<\/li>\n<li>\n<p>        <img decoding=\"async\" src=\"https:\/\/www.rougier-electro.fr\/wp-content\/uploads\/bagues-collectrices-slip-ring-collecteur-a-bagues-concentrique.jpg\" alt=\"Schleifringk\u00f6rper in konzentrischer Bauform\"><\/p>\n<h2>Schleifringk\u00f6rper in konzentrischer Bauform<\/h2>\n<p>Schleifringk\u00f6rper in konzentrischer Bauform<\/p>\n<\/li>\n<li>\n<p>        <img decoding=\"async\" src=\"https:\/\/www.rougier-electro.fr\/wp-content\/uploads\/bagues-collectrices-slip-ring-jeu-de-3-bagues-bronze.jpg\" alt=\"Rings\u00e4tze aus 3 Bronzeringen\"><\/p>\n<h2>Rings\u00e4tze aus 3 Bronzeringen<\/h2>\n<p>Rings\u00e4tze aus 3 Bronzeringen<\/p>\n<\/li>\n<li>\n<p>        <img decoding=\"async\" src=\"https:\/\/www.rougier-electro.fr\/wp-content\/uploads\/bagues-collectrices-slip-ring-prototype-jeu-de-bagues.jpg\" alt=\"Rings\u00e4tze\"><\/p>\n<h2>Rings\u00e4tze<\/h2>\n<p>Rings\u00e4tze<\/p>\n<\/li>\n<\/ul>\n<div>\n<p>Unsere Produktion ist mit einem breiten Werkzeugangebot ausger\u00fcstet, um eine umfassende Schleifringpalette entsprechend einem speziellen Gie\u00dfverfahren entwickeln zu k\u00f6nnen. Somit sind wir in der Lage, Schleifringe in mehreren Gr\u00f6\u00dfen und Konfigurationen fertigen zu k\u00f6nnen.<\/p>\n<p>F\u00fcr die Schleifringk\u00f6rper, die nur per Gie\u00dfverfahren gefertigt werden k\u00f6nnen, nutzen wir ein auf thermischer Montage basierendes Verfahren. Diese Technik erlaubt es uns, unterschiedliche Gr\u00f6\u00dfen bei niedrigeren Fertigungskosten zu produzieren, da wir Ihre Nabe dabei, falls m\u00f6glich, weiternutzen.<\/p>\n<p>In bestimmten Situationen kann die Montage von Schleifring-Bl\u00f6cken an Ihrer Maschine je nach mechanischem Umfeld beeintr\u00e4chtigt werden und erfordert spezifische Verfahren, die es unm\u00f6glich machen, die oben genannten Techniken einzusetzen. In diesem Fall werden die Ingenieure unseres Konstruktionsb\u00fcros die M\u00f6glichkeit einer mechanischen Montage pr\u00fcfen (Halbschalen, Baus\u00e4tze, usw.).<\/p>\n<p>Jede Maschine hat ihre besonderen Eigenschaften, somit hat auch jeder Schleifringk\u00f6rper seine besonderen Eigenschaften. Falls Sie den Schleifringk\u00f6rper, nach dem Sie suchen, in unserem Katalog nicht finden sollten, k\u00f6nnen Sie uns gerne kontaktieren. In dem Fall f\u00fcllen Sie bitte das im Katalog angegebene Auskunftsformular aus und senden es uns zu.<\/p>\n<\/div>\n<p>\n    <a href=\"https:\/\/www.rougier-electro.fr\/de\/kontaktieren-sie-einen-spezialisten-im-bereich-stromuebertragung-fuer-elektromotoren\">Kontaktieren Sie uns<\/a>\n<\/p>\n<div>\n<p>    <img decoding=\"async\" src=\"https:\/\/www.rougier-electro.fr\/wp-content\/uploads\/catalogue-collecteurs-a-bagues.jpg\" alt=\"Collecteurs \u00e0 bagues et jeux de bagues collectrices\"><\/p>\n<h3>Download<\/h3>\n<div>\n<p>Katalog und technisches Datenblatt Rings\u00e4tze<\/p>\n<\/div>\n<p><a href=\"https:\/\/www.rougier-electro.fr\/wp-content\/uploads\/catalogue-collecteurs-a-bagues.pdf\"><\/a><\/p>\n<\/div>\n<div>\n<blockquote>\n<p>ROUGIER Electrom\u00e9canique unterst\u00fctzt Sie jederzeit mit technischem Support bei der Entwicklung und Ausarbeitung Schleifringen oder Rings\u00e4tzen, das am geeignetsten auf Ihre Anspr\u00fcche zum besten Preis-\/Leistungsverh\u00e4ltnis abgestimmt ist.<\/p>\n<\/blockquote>\n<\/div>\n<p><!-- {\"children\":[{\"type\":\"section\",\"props\":{\"style\":\"default\",\"width\":\"large\",\"vertical_align\":\"middle\",\"title_position\":\"top-left\",\"title_rotation\":\"left\",\"title_breakpoint\":\"xl\",\"image_position\":\"center-center\",\"text_color\":\"light\",\"width_expand\":\"\",\"height\":\"\",\"padding\":\"large\",\"header_transparent\":\"\",\"animation\":\"fade\",\"image\":\"wp-content\\\/uploads\\\/cover-collecteur-electrique-tournant.jpg\",\"image_size\":\"cover\",\"image_effect\":\"parallax\",\"image_parallax_breakpoint\":\"\",\"image_visibility\":\"\",\"video_width\":\"\",\"video_height\":\"\",\"media_blend_mode\":\"\",\"image_parallax_bgy_start\":\"-100\",\"image_parallax_bgy_end\":\"100\",\"media_overlay\":\"rgba(0, 0, 0, 0.52)\",\"animation_delay\":true},\"children\":[{\"type\":\"row\",\"props\":{\"layout\":\"1-1\",\"breakpoint\":\"m\",\"fixed_width\":\"large\",\"column_gap\":\"\",\"row_gap\":\"\",\"width\":\"\",\"width_expand\":\"\",\"height\":\"\",\"margin\":\"remove-vertical\"},\"children\":[{\"type\":\"column\",\"props\":{\"image_position\":\"center-center\",\"media_overlay_gradient\":\"\",\"vertical_align\":\"\",\"style\":\"\",\"text_color\":\"\",\"padding\":\"\"},\"children\":[{\"type\":\"headline\",\"props\":{\"title_element\":\"h1\",\"title_style\":\"heading-small\",\"title_decoration\":\"\",\"title_font_family\":\"\",\"title_color\":\"\",\"position\":\"\",\"position_z_index\":\"\",\"margin\":\"\",\"maxwidth\":\"\",\"maxwidth_breakpoint\":\"\",\"block_align\":\"\",\"block_align_breakpoint\":\"\",\"block_align_fallback\":\"\",\"text_align\":\"center\",\"text_align_breakpoint\":\"\",\"text_align_fallback\":\"\",\"animation\":\"\",\"visibility\":\"\",\"content\":\"\n\n<p>Schleifringk\\u00f6rper \\\/ Rings\\u00e4tze<\\\/p>\"},\"name\":\"Headline H1\"}]}]}],\"name\":\"Entete\"},{\"type\":\"section\",\"props\":{\"style\":\"default\",\"width\":\"large\",\"vertical_align\":\"middle\",\"title_position\":\"top-left\",\"title_rotation\":\"left\",\"title_breakpoint\":\"xl\",\"image_position\":\"center-center\",\"text_color\":\"\",\"width_expand\":\"\",\"height\":\"\",\"padding\":\"\",\"header_transparent\":\"\",\"animation\":\"\",\"padding_remove_bottom\":true},\"children\":[{\"type\":\"row\",\"props\":{\"layout\":\"1-1\",\"breakpoint\":\"m\",\"fixed_width\":\"large\",\"column_gap\":\"\",\"row_gap\":\"\",\"width\":\"\",\"width_expand\":\"\",\"height\":\"\",\"margin\":\"\"},\"children\":[{\"type\":\"column\",\"props\":{\"image_position\":\"center-center\",\"media_overlay_gradient\":\"\",\"vertical_align\":\"\",\"style\":\"\",\"text_color\":\"\",\"padding\":\"\"},\"children\":[{\"type\":\"breadcrumbs\",\"props\":{\"show_home\":true,\"show_current\":true,\"position\":\"\",\"position_z_index\":\"\",\"margin\":\"\",\"text_align\":\"\",\"text_align_breakpoint\":\"\",\"text_align_fallback\":\"\",\"animation\":\"\",\"visibility\":\"\"}}]}]}],\"name\":\"\"},{\"type\":\"section\",\"props\":{\"style\":\"default\",\"width\":\"large\",\"vertical_align\":\"middle\",\"title_position\":\"top-left\",\"title_rotation\":\"left\",\"title_breakpoint\":\"xl\",\"image_position\":\"center-center\",\"text_color\":\"\",\"width_expand\":\"\",\"height\":\"\",\"padding\":\"\",\"header_transparent\":\"\",\"animation\":\"\"},\"children\":[{\"type\":\"row\",\"props\":{\"layout\":\"1-1\",\"breakpoint\":\"m\",\"fixed_width\":\"large\",\"column_gap\":\"\",\"row_gap\":\"\",\"width\":\"\",\"width_expand\":\"\",\"height\":\"\",\"margin\":\"\"},\"children\":[{\"type\":\"column\",\"props\":{\"image_position\":\"center-center\",\"media_overlay_gradient\":\"\",\"vertical_align\":\"\",\"style\":\"\",\"text_color\":\"\",\"padding\":\"\"},\"children\":[{\"type\":\"headline\",\"props\":{\"title_element\":\"h2\",\"title_style\":\"h2\",\"title_decoration\":\"\",\"title_font_family\":\"\",\"title_color\":\"\",\"position\":\"\",\"position_z_index\":\"\",\"margin\":\"\",\"maxwidth\":\"\",\"maxwidth_breakpoint\":\"\",\"block_align\":\"\",\"block_align_breakpoint\":\"\",\"block_align_fallback\":\"\",\"text_align\":\"center\",\"text_align_breakpoint\":\"\",\"text_align_fallback\":\"\",\"animation\":\"\",\"visibility\":\"\",\"content\":\"\n\n<p>Konzeption, Herstellung und Reparatur<br \\\/>Ihrer Schleifringk\\u00f6rper<\\\/p>\"},\"name\":\"Headline H2\"}]}]}]},{\"type\":\"section\",\"props\":{\"style\":\"default\",\"width\":\"large\",\"vertical_align\":\"middle\",\"title_position\":\"top-left\",\"title_rotation\":\"left\",\"title_breakpoint\":\"xl\",\"image_position\":\"center-center\",\"text_color\":\"\",\"width_expand\":\"\",\"height\":\"\",\"padding\":\"\",\"header_transparent\":\"\",\"animation\":\"fade\",\"animation_delay\":true},\"children\":[{\"type\":\"row\",\"props\":{\"layout\":\"2-3,1-3\",\"breakpoint\":\"m\",\"fixed_width\":\"large\",\"column_gap\":\"large\",\"row_gap\":\"\",\"width\":\"\",\"width_expand\":\"\",\"height\":\"\",\"margin\":\"\"},\"children\":[{\"type\":\"column\",\"props\":{\"image_position\":\"center-center\",\"media_overlay_gradient\":\"\",\"vertical_align\":\"\",\"style\":\"\",\"text_color\":\"\",\"padding\":\"\"},\"children\":[{\"type\":\"text\",\"props\":{\"margin\":\"default\",\"column_breakpoint\":\"m\",\"text_style\":\"\",\"text_color\":\"\",\"text_size\":\"\",\"column\":\"\",\"position\":\"\",\"position_z_index\":\"\",\"maxwidth\":\"\",\"maxwidth_breakpoint\":\"\",\"block_align\":\"\",\"block_align_breakpoint\":\"\",\"block_align_fallback\":\"\",\"text_align\":\"\",\"text_align_breakpoint\":\"\",\"text_align_fallback\":\"\",\"animation\":\"slide-left-medium\",\"visibility\":\"\",\"content\":\"\n\n<p>ROUGIER Electrom\\u00e9canique ist seit 1927 Akteur auf dem Ersatzteilmarkt f\\u00fcr Elektromotoren. Unser Unternehmen hat sich im Laufe der Jahre auf den Bedarf der Industrie an Schleifrings\\u00e4tzen \\\/ \\u201eSlip rings\\u201c angepasst. Daher verf\\u00fcgen wir \\u00fcber mehrere Ausf\\u00fchrungstechniken.<\\\/p>\"}},{\"type\":\"slideshow\",\"props\":{\"show_title\":false,\"show_meta\":true,\"show_content\":true,\"show_link\":false,\"show_thumbnail\":true,\"slideshow_min_height\":\"\",\"slideshow_autoplay_pause\":true,\"nav\":\"thumbnav\",\"nav_position\":\"bottom-center\",\"nav_position_margin\":\"medium\",\"nav_align\":\"center\",\"nav_breakpoint\":\"s\",\"thumbnav_width\":\"75\",\"thumbnav_height\":\"50\",\"thumbnav_svg_color\":\"emphasis\",\"slidenav\":\"default\",\"slidenav_margin\":\"medium\",\"slidenav_breakpoint\":\"s\",\"slidenav_outside_breakpoint\":\"xl\",\"overlay_position\":\"bottom\",\"overlay_animation\":\"scale-up\",\"title_element\":\"h2\",\"meta_style\":\"meta\",\"meta_align\":\"below-title\",\"link_text\":\"Read more\",\"link_style\":\"default\",\"margin\":\"default\",\"slideshow_height\":\"\",\"text_color\":\"light\",\"slideshow_box_shadow\":\"small\",\"slideshow_box_decoration\":\"\",\"slideshow_animation\":\"fade\",\"slideshow_kenburns\":\"\",\"nav_margin\":\"\",\"nav_color\":\"\",\"slidenav_outside_color\":\"\",\"overlay_container\":\"\",\"overlay_container_padding\":\"xsmall\",\"overlay_margin\":\"none\",\"overlay_style\":\"overlay-default\",\"overlay_padding\":\"small\",\"overlay_width\":\"medium\",\"title_style\":\"h6\",\"title_decoration\":\"\",\"title_font_family\":\"\",\"title_color\":\"primary\",\"title_margin\":\"\",\"meta_color\":\"\",\"meta_margin\":\"\",\"content_style\":\"\",\"content_margin\":\"\",\"link_size\":\"\",\"link_margin\":\"\",\"position\":\"\",\"position_z_index\":\"\",\"maxwidth\":\"xlarge\",\"maxwidth_breakpoint\":\"\",\"block_align\":\"center\",\"block_align_breakpoint\":\"\",\"block_align_fallback\":\"\",\"text_align\":\"center\",\"text_align_breakpoint\":\"\",\"text_align_fallback\":\"\",\"animation\":\"\",\"visibility\":\"\",\"slideshow_autoplay\":true,\"nav_below\":true,\"slidenav_large\":true,\"slideshow_autoplay_interval\":\"3\",\"slideshow_max_height\":\"\"},\"children\":[{\"type\":\"slideshow_item\",\"props\":{\"title\":\"Rougier-Schleifringl\\u00e4ufermotoren\",\"image\":\"wp-content\\\/uploads\\\/bagues-collectrices-slip-ring-baguier-moteur-rougier.jpg\",\"text_color\":\"\",\"image_alt\":\"Rougier-Schleifringl\\u00e4ufermotoren\",\"content\":\"\",\"meta\":\"Rougier-Schleifringl\\u00e4ufermotoren\"}},{\"type\":\"slideshow_item\",\"props\":{\"title\":\"Schleifringk\\u00f6rper aus Halbschalen bestehend\",\"image\":\"wp-content\\\/uploads\\\/bagues-collectrices-slip-ring-collecteur-a-bagues-demi-coquille.jpg\",\"text_color\":\"\",\"image_alt\":\"Schleifringk\\u00f6rper aus Halbschalen bestehend\",\"meta\":\"Schleifringk\\u00f6rper aus Halbschalen bestehend\"}},{\"type\":\"slideshow_item\",\"props\":{\"title\":\"Schleifringk\\u00f6rper in konzentrischer Bauform\",\"image\":\"wp-content\\\/uploads\\\/bagues-collectrices-slip-ring-collecteur-a-bagues-concentrique.jpg\",\"text_color\":\"\",\"image_alt\":\"Schleifringk\\u00f6rper in konzentrischer Bauform\",\"meta\":\"Schleifringk\\u00f6rper in konzentrischer Bauform\"}},{\"type\":\"slideshow_item\",\"props\":{\"title\":\"Rings\\u00e4tze aus 3 Bronzeringen\",\"image\":\"wp-content\\\/uploads\\\/bagues-collectrices-slip-ring-jeu-de-3-bagues-bronze.jpg\",\"text_color\":\"\",\"image_alt\":\"Rings\\u00e4tze aus 3 Bronzeringen\",\"meta\":\"Rings\\u00e4tze aus 3 Bronzeringen\"}},{\"type\":\"slideshow_item\",\"props\":{\"title\":\"Rings\\u00e4tze\",\"image\":\"wp-content\\\/uploads\\\/bagues-collectrices-slip-ring-prototype-jeu-de-bagues.jpg\",\"text_color\":\"\",\"image_alt\":\"Rings\\u00e4tze\",\"meta\":\"Rings\\u00e4tze\"}}]},{\"type\":\"text\",\"props\":{\"margin\":\"default\",\"column_breakpoint\":\"m\",\"text_style\":\"\",\"text_color\":\"\",\"text_size\":\"\",\"column\":\"\",\"position\":\"\",\"position_z_index\":\"\",\"maxwidth\":\"\",\"maxwidth_breakpoint\":\"\",\"block_align\":\"\",\"block_align_breakpoint\":\"\",\"block_align_fallback\":\"\",\"text_align\":\"\",\"text_align_breakpoint\":\"\",\"text_align_fallback\":\"\",\"animation\":\"slide-left-medium\",\"visibility\":\"\",\"content\":\"\n\n<p>Unsere Produktion ist mit einem breiten Werkzeugangebot ausger\\u00fcstet, um eine umfassende Schleifringpalette entsprechend einem speziellen Gie\\u00dfverfahren entwickeln zu k\\u00f6nnen. Somit sind wir in der Lage, Schleifringe in mehreren Gr\\u00f6\\u00dfen und Konfigurationen fertigen zu k\\u00f6nnen.<\\\/p>\\n\n\n<p>F\\u00fcr die Schleifringk\\u00f6rper, die nur per Gie\\u00dfverfahren gefertigt werden k\\u00f6nnen, nutzen wir ein auf thermischer Montage basierendes Verfahren. Diese Technik erlaubt es uns, unterschiedliche Gr\\u00f6\\u00dfen bei niedrigeren Fertigungskosten zu produzieren, da wir Ihre Nabe dabei, falls m\\u00f6glich, weiternutzen.<\\\/p>\\n\n\n<p>In bestimmten Situationen kann die Montage von Schleifring-Bl\\u00f6cken an Ihrer Maschine je nach mechanischem Umfeld beeintr\\u00e4chtigt werden und erfordert spezifische Verfahren, die es unm\\u00f6glich machen, die oben genannten Techniken einzusetzen. In diesem Fall werden die Ingenieure unseres Konstruktionsb\\u00fcros die M\\u00f6glichkeit einer mechanischen Montage pr\\u00fcfen (Halbschalen, Baus\\u00e4tze, usw.).<\\\/p>\\n\n\n<p>Jede Maschine hat ihre besonderen Eigenschaften, somit hat auch jeder Schleifringk\\u00f6rper seine besonderen Eigenschaften. Falls Sie den Schleifringk\\u00f6rper, nach dem Sie suchen, in unserem Katalog nicht finden sollten, k\\u00f6nnen Sie uns gerne kontaktieren. In dem Fall f\\u00fcllen Sie bitte das im Katalog angegebene Auskunftsformular aus und senden es uns zu.<\\\/p>\"}},{\"type\":\"button\",\"props\":{\"grid_column_gap\":\"small\",\"grid_row_gap\":\"small\",\"margin\":\"large\",\"button_size\":\"large\",\"position\":\"\",\"position_z_index\":\"\",\"maxwidth\":\"\",\"maxwidth_breakpoint\":\"\",\"block_align\":\"\",\"block_align_breakpoint\":\"\",\"block_align_fallback\":\"\",\"text_align\":\"center\",\"text_align_breakpoint\":\"\",\"text_align_fallback\":\"\",\"animation\":\"scale-up\",\"visibility\":\"\"},\"children\":[{\"type\":\"button_item\",\"props\":{\"button_style\":\"secondary\",\"icon_align\":\"left\",\"link_target\":\"\",\"content\":\"Kontaktieren Sie uns\",\"icon\":\"forward\",\"link\":\"de\\\/kontaktieren-sie-einen-spezialisten-im-bereich-stromuebertragung-fuer-elektromotoren\\\/\"}}]}]},{\"type\":\"column\",\"props\":{\"image_position\":\"center-center\",\"media_overlay_gradient\":\"\",\"vertical_align\":\"\",\"style\":\"\",\"text_color\":\"\",\"padding\":\"\"},\"children\":[{\"type\":\"grid\",\"props\":{\"show_title\":true,\"show_meta\":true,\"show_content\":true,\"show_image\":true,\"show_link\":true,\"grid_default\":\"1\",\"grid_medium\":\"\",\"filter_style\":\"tab\",\"filter_all\":true,\"filter_position\":\"top\",\"filter_align\":\"left\",\"filter_grid_width\":\"auto\",\"filter_grid_breakpoint\":\"m\",\"title_hover_style\":\"reset\",\"title_element\":\"h3\",\"title_align\":\"top\",\"title_grid_width\":\"1-2\",\"title_grid_breakpoint\":\"m\",\"meta_style\":\"meta\",\"meta_align\":\"below-title\",\"icon_ratio\":4,\"image_align\":\"bottom\",\"image_grid_width\":\"1-2\",\"image_grid_breakpoint\":\"m\",\"image_svg_color\":\"emphasis\",\"link_text\":\"\",\"link_style\":\"default\",\"margin\":\"default\",\"item_animation\":\"slide-right-medium\",\"grid_column_gap\":\"\",\"grid_row_gap\":\"\",\"grid_small\":\"\",\"grid_large\":\"\",\"grid_xlarge\":\"\",\"filter_margin\":\"\",\"filter_grid_column_gap\":\"\",\"filter_grid_row_gap\":\"\",\"title_display\":\"\",\"content_display\":\"\",\"panel_style\":\"card-secondary\",\"panel_content_padding\":\"\",\"panel_size\":\"\",\"item_maxwidth\":\"\",\"title_style\":\"h5\",\"title_decoration\":\"divider\",\"title_font_family\":\"\",\"title_color\":\"\",\"title_grid_column_gap\":\"\",\"title_grid_row_gap\":\"\",\"title_margin\":\"\",\"meta_color\":\"\",\"meta_margin\":\"\",\"content_style\":\"\",\"content_margin\":\"\",\"image_transition\":\"scale-up\",\"image_border\":\"\",\"image_box_shadow\":\"\",\"image_hover_box_shadow\":\"\",\"image_box_decoration\":\"\",\"icon_color\":\"\",\"image_grid_column_gap\":\"\",\"image_grid_row_gap\":\"\",\"image_margin\":\"\",\"link_size\":\"\",\"link_margin\":\"\",\"position\":\"\",\"position_z_index\":\"\",\"maxwidth\":\"\",\"maxwidth_breakpoint\":\"\",\"block_align\":\"\",\"block_align_breakpoint\":\"\",\"block_align_fallback\":\"\",\"text_align\":\"center\",\"text_align_breakpoint\":\"\",\"text_align_fallback\":\"\",\"visibility\":\"\",\"lightbox\":false,\"link_target\":true,\"image_width\":\"250\",\"title_link\":true,\"image_link\":true,\"panel_content_width\":\"\"},\"children\":[{\"type\":\"grid_item\",\"props\":{\"title\":\"Download\",\"image\":\"wp-content\\\/uploads\\\/catalogue-collecteurs-a-bagues.jpg\",\"link\":\"wp-content\\\/uploads\\\/catalogue-collecteurs-a-bagues.pdf\",\"image_alt\":\"Collecteurs \\u00e0 bagues et jeux de bagues collectrices\",\"content\":\"\n\n<p>Katalog und technisches Datenblatt Rings\\u00e4tze<\\\/p>\"}}]}]}]}]},{\"type\":\"section\",\"props\":{\"style\":\"default\",\"width\":\"large\",\"vertical_align\":\"middle\",\"title_position\":\"top-left\",\"title_rotation\":\"left\",\"title_breakpoint\":\"xl\",\"image_position\":\"center-center\",\"text_color\":\"\",\"width_expand\":\"\",\"height\":\"\",\"padding\":\"\",\"header_transparent\":\"\",\"animation\":\"scale-up\",\"animation_delay\":false},\"children\":[{\"type\":\"row\",\"props\":{\"layout\":\"1-1\",\"breakpoint\":\"m\",\"fixed_width\":\"large\",\"column_gap\":\"\",\"row_gap\":\"\",\"width\":\"large\",\"width_expand\":\"\",\"height\":\"\",\"margin\":\"\"},\"children\":[{\"type\":\"column\",\"props\":{\"image_position\":\"center-center\",\"media_overlay_gradient\":\"\",\"vertical_align\":\"\",\"style\":\"\",\"text_color\":\"\",\"padding\":\"\"},\"children\":[{\"type\":\"headline\",\"props\":{\"title_element\":\"div\",\"title_style\":\"\",\"title_decoration\":\"\",\"title_font_family\":\"tertiary\",\"title_color\":\"\",\"position\":\"\",\"position_z_index\":\"\",\"margin\":\"\",\"maxwidth\":\"xxlarge\",\"maxwidth_breakpoint\":\"\",\"block_align\":\"center\",\"block_align_breakpoint\":\"\",\"block_align_fallback\":\"\",\"text_align\":\"center\",\"text_align_breakpoint\":\"\",\"text_align_fallback\":\"\",\"animation\":\"\",\"visibility\":\"\",\"content\":\"\n\n<blockquote>\\n\n\n<p>ROUGIER Electrom\\u00e9canique unterst\\u00fctzt Sie jederzeit mit technischem Support bei der Entwicklung und Ausarbeitung Schleifringen oder Rings\\u00e4tzen, das am geeignetsten auf Ihre Anspr\\u00fcche zum besten Preis-\\\/Leistungsverh\\u00e4ltnis abgestimmt ist.<\\\/p>\\n<\\\/blockquote>\"}}]}]}]}],\"version\":\"2.0.14\",\"type\":\"layout\",\"props\":[]} --><\/p>\n","protected":false},"excerpt":{"rendered":"<p>Schleifringk\u00f6rper \/ Rings\u00e4tze Konzeption, Herstellung und ReparaturIhrer Schleifringk\u00f6rper ROUGIER Electrom\u00e9canique ist seit 1927 Akteur auf dem Ersatzteilmarkt f\u00fcr Elektromotoren. Unser Unternehmen hat sich im Laufe der Jahre auf den Bedarf der Industrie an Schleifrings\u00e4tzen \/ \u201eSlip rings\u201c angepasst. Daher verf\u00fcgen wir \u00fcber mehrere Ausf\u00fchrungstechniken. Rougier-Schleifringl\u00e4ufermotoren Rougier-Schleifringl\u00e4ufermotoren Schleifringk\u00f6rper aus Halbschalen bestehend Schleifringk\u00f6rper aus Halbschalen bestehend Schleifringk\u00f6rper [&hellip;]<\/p>\n","protected":false},"author":1,"featured_media":0,"parent":1669,"menu_order":3,"comment_status":"closed","ping_status":"closed","template":"","meta":{"footnotes":""},"class_list":["post-1678","page","type-page","status-publish","hentry"],"aioseo_notices":[],"_links":{"self":[{"href":"https:\/\/www.rougier-electro.fr\/de\/wp-json\/wp\/v2\/pages\/1678","targetHints":{"allow":["GET"]}}],"collection":[{"href":"https:\/\/www.rougier-electro.fr\/de\/wp-json\/wp\/v2\/pages"}],"about":[{"href":"https:\/\/www.rougier-electro.fr\/de\/wp-json\/wp\/v2\/types\/page"}],"author":[{"embeddable":true,"href":"https:\/\/www.rougier-electro.fr\/de\/wp-json\/wp\/v2\/users\/1"}],"replies":[{"embeddable":true,"href":"https:\/\/www.rougier-electro.fr\/de\/wp-json\/wp\/v2\/comments?post=1678"}],"version-history":[{"count":0,"href":"https:\/\/www.rougier-electro.fr\/de\/wp-json\/wp\/v2\/pages\/1678\/revisions"}],"up":[{"embeddable":true,"href":"https:\/\/www.rougier-electro.fr\/de\/wp-json\/wp\/v2\/pages\/1669"}],"wp:attachment":[{"href":"https:\/\/www.rougier-electro.fr\/de\/wp-json\/wp\/v2\/media?parent=1678"}],"curies":[{"name":"wp","href":"https:\/\/api.w.org\/{rel}","templated":true}]}}