{"id":1672,"date":"2020-02-26T15:56:16","date_gmt":"2020-02-26T14:56:16","guid":{"rendered":"https:\/\/www.rougier-electro.fr\/produits\/fabrication-balais-graphite-charbons-moteur\/"},"modified":"2020-08-27T19:15:04","modified_gmt":"2020-08-27T17:15:04","slug":"hersteller-von-grafit-kohlebuersten-fuer-elektromotoren","status":"publish","type":"page","link":"https:\/\/www.rougier-electro.fr\/de\/produkte\/hersteller-von-grafit-kohlebuersten-fuer-elektromotoren\/","title":{"rendered":"Grafitb\u00fcrsten\/Kohleb\u00fcrsten"},"content":{"rendered":"<h1>\n<p>Grafitb\u00fcrsten \/ Kohleb\u00fcrsten<\/p>\n<\/h1>\n<h2>Konzeption, Herstellung und Reparatur von Grafitb\u00fcrsten<\/h2>\n<div>\n<p>Die Kohleb\u00fcrste ist eine Komponente deren Funktion es ist, elektrischen Strom per Reibung zu \u00fcbertragen. Die Grafit- bzw. Kohleb\u00fcrste ist in der Lage, Strom von der Stromzuf\u00fchrung bis zum Drehteil einer Maschine durchzuleiten.<\/p>\n<\/div>\n<ul>\n<li>\n<p>        <img decoding=\"async\" src=\"https:\/\/www.rougier-electro.fr\/wp-content\/uploads\/balais-industriels-balais-carbone-bi-matiere.jpg\" alt=\"Kohleb\u00fcrsten aus zweierlei Werkstoffen\"><\/p>\n<h2>Kohleb\u00fcrsten aus zweierlei Werkstoffen<\/h2>\n<p>Kohleb\u00fcrsten aus zweierlei Werkstoffen<\/p>\n<\/li>\n<li>\n<p>        <img decoding=\"async\" src=\"https:\/\/www.rougier-electro.fr\/wp-content\/uploads\/balais-industriels-balais-graphite-etrier.jpg\" alt=\"Kohleb\u00fcrste mit B\u00fcgel\"><\/p>\n<h2>Kohleb\u00fcrste mit B\u00fcgel<\/h2>\n<p>Kohleb\u00fcrste mit B\u00fcgel<\/p>\n<\/li>\n<li>\n<p>        <img decoding=\"async\" src=\"https:\/\/www.rougier-electro.fr\/wp-content\/uploads\/balais-industriels-balais-moteur-electrique.jpg\" alt=\"Motorkohlen\"><\/p>\n<h2>Motorkohlen<\/h2>\n<p>Motorkohlen<\/p>\n<\/li>\n<li>\n<p>        <img decoding=\"async\" src=\"https:\/\/www.rougier-electro.fr\/wp-content\/uploads\/balais-industriels-charbons-moteur-industriels.jpg\" alt=\"Industriekohlen\"><\/p>\n<h2>Industriekohlen<\/h2>\n<p>Industriekohlen<\/p>\n<\/li>\n<li>\n<p>        <img decoding=\"async\" src=\"https:\/\/www.rougier-electro.fr\/wp-content\/uploads\/balais-industriels-petits-balais-electroportatif.jpg\" alt=\"Kleinkohle f\u00fcr Elektroger\u00e4te\"><\/p>\n<h2>Kleinkohle f\u00fcr Elektroger\u00e4te<\/h2>\n<p>Kleinkohle f\u00fcr Elektroger\u00e4te<\/p>\n<\/li>\n<li>\n<p>        <img decoding=\"async\" src=\"https:\/\/www.rougier-electro.fr\/wp-content\/uploads\/balais-industriels-qualites-graphite.jpg\" alt=\"Qualit\u00e4t und Auswahl der Kohleb\u00fcrsten f\u00fcr Motoren\"><\/p>\n<h2>Qualit\u00e4t und Auswahl der Kohleb\u00fcrsten f\u00fcr Motoren<\/h2>\n<p>Qualit\u00e4t und Auswahl der Kohleb\u00fcrsten f\u00fcr Motoren<\/p>\n<\/li>\n<\/ul>\n<div>\n<p>Aufgrund der gro\u00dfen Auswahl an Grafiten in den Kohleb\u00fcrsten der Marker ROUGIER ist es erforderlich, die mechanischen und elektrischen Eigenschaften den Nutzungsbedingungen des Systems anzupassen. Unsere technische Abteilung steht Ihnen mit Kompetenz beratend zur Seite.<\/p>\n<p>ROUGIER Electrom\u00e9canique ist seit mehr als 90 Jahren im Bereich Kohlensortiment f\u00fcr Ersatzteile spezialisiert und beliefert viele Hersteller.<\/p>\n<p>Dank unserer langj\u00e4hrigen Erfahrung k\u00f6nnen wir Ihnen dabei helfen, den Betrieb Ihrer Kohleb\u00fcrsten zu optimieren und deren Lebensdauer zu erh\u00f6hen, um somit den Anforderungen Ihrer elektromechanischen Systeme (z. B. Motoren, Gleichstrom- oder Wechselstromgeneratoren und sonstigen \u00dcbertragungsanlagen von Energie und elektrischen Signalen) gerecht zu werden.<\/p>\n<p>Eine auf die Verarbeitung von Grafiten abgestimmte spezifische Produktionseinheit erm\u00f6glicht es uns, auf die Dringlichkeit zu reagieren, nach Ma\u00df fertigen zu k\u00f6nnen, und Ihre Kohleb\u00fcrsten in einem Zeitraum von 24 bis 48 Std. herzustellen. Dar\u00fcber hinaus verf\u00fcgen wir \u00fcber einen umfangreichen Lagerbestand an Komponenten f\u00fcr Elektroger\u00e4te, Wechselstromgeneratoren oder Kraftfahrzeuganlasser, um Sie noch am selben Tag beliefern zu k\u00f6nnen.<\/p>\n<p>Der Vorteil, in Frankreich zu fertigen, macht ROUGIER Electrom\u00e9canique zu einem attraktiven Partner.<\/p>\n<p>Z\u00f6gern Sie deshalb nicht, uns Ihre Anfragen zuzusenden, die wir gern prompt beantworten. Wir setzen alles daran, Ihr privilegierter Partner f\u00fcr all Ihre Teile aus Grafit zu werden.<\/p>\n<\/div>\n<p>\n    <a href=\"https:\/\/www.rougier-electro.fr\/de\/kontaktieren-sie-einen-spezialisten-im-bereich-stromuebertragung-fuer-elektromotoren\">Kontaktieren Sie uns<\/a>\n<\/p>\n<div>\n<p>    <img decoding=\"async\" src=\"https:\/\/www.rougier-electro.fr\/wp-content\/uploads\/catalogue-petit-balais-appareils-electroportatifs.jpg\" alt=\"catalogue des petits balais et balais pour appareils \u00e9lectroportatifs\"><\/p>\n<h3>Download<\/h3>\n<div>\n<p>Katalog und technisches Datenblatt Kleinkohle f\u00fcr Elektroger\u00e4te<\/p>\n<\/div>\n<p><a href=\"https:\/\/www.rougier-electro.fr\/wp-content\/uploads\/catalogue-petit-balais-appareils-electroportatifs.pdf\"><\/a><\/p>\n<\/div>\n<div>\n<p>    <img decoding=\"async\" src=\"https:\/\/www.rougier-electro.fr\/wp-content\/uploads\/catalogue-charbons-moteur-electrique.jpg\" alt=\"catalogue des balais graphite et charbons moteur industriels\"><\/p>\n<h3>Download<\/h3>\n<div>\n<p>Technisches Datenblatt und Auskunftsformular f\u00fcr Kohleb\u00fcrsten und Industriekohlen<\/p>\n<\/div>\n<p><a href=\"https:\/\/www.rougier-electro.fr\/wp-content\/uploads\/catalogue-charbons-moteur-electrique.pdf\"><\/a><\/p>\n<\/div>\n<div>\n<blockquote>\n<p>ROUGIER Electrom\u00e9canique gibt Ihnen technische Unterst\u00fctzung bei der auf Ihre Anforderungen abgestimmte Entwicklung, Konzeption und Herstellung Ihrer Kohleb\u00fcrsten zu einem idealen Preis-\/Leistungsverh\u00e4ltnis.<\/p>\n<\/blockquote>\n<\/div>\n<p><!-- {\"name\":\"produit-page\",\"type\":\"layout\",\"children\":[{\"type\":\"section\",\"props\":{\"style\":\"default\",\"width\":\"large\",\"vertical_align\":\"middle\",\"title_position\":\"top-left\",\"title_rotation\":\"left\",\"title_breakpoint\":\"xl\",\"image_position\":\"center-center\",\"text_color\":\"light\",\"width_expand\":\"\",\"height\":\"\",\"padding\":\"large\",\"header_transparent\":\"\",\"animation\":\"fade\",\"image\":\"wp-content\\\/uploads\\\/cover-collecteur-electrique-tournant.jpg\",\"image_size\":\"cover\",\"image_effect\":\"parallax\",\"image_parallax_breakpoint\":\"\",\"image_visibility\":\"\",\"video_width\":\"\",\"video_height\":\"\",\"media_blend_mode\":\"\",\"image_parallax_bgy_start\":\"-100\",\"image_parallax_bgy_end\":\"100\",\"media_overlay\":\"rgba(0, 0, 0, 0.52)\",\"animation_delay\":true},\"children\":[{\"type\":\"row\",\"props\":{\"layout\":\"1-1\",\"breakpoint\":\"m\",\"fixed_width\":\"large\",\"column_gap\":\"\",\"row_gap\":\"\",\"width\":\"\",\"width_expand\":\"\",\"height\":\"\",\"margin\":\"remove-vertical\"},\"children\":[{\"type\":\"column\",\"props\":{\"image_position\":\"center-center\",\"media_overlay_gradient\":\"\",\"vertical_align\":\"\",\"style\":\"\",\"text_color\":\"\",\"padding\":\"\"},\"children\":[{\"type\":\"headline\",\"props\":{\"title_element\":\"h1\",\"title_style\":\"heading-small\",\"title_decoration\":\"\",\"title_font_family\":\"\",\"title_color\":\"\",\"position\":\"\",\"position_z_index\":\"\",\"margin\":\"\",\"maxwidth\":\"\",\"maxwidth_breakpoint\":\"\",\"block_align\":\"\",\"block_align_breakpoint\":\"\",\"block_align_fallback\":\"\",\"text_align\":\"center\",\"text_align_breakpoint\":\"\",\"text_align_fallback\":\"\",\"animation\":\"\",\"visibility\":\"\",\"content\":\"\n\n<p>Grafitb\\u00fcrsten \\\/ Kohleb\\u00fcrsten<\\\/p>\"},\"name\":\"Headline H1\"}]}]}],\"name\":\"Entete\"},{\"type\":\"section\",\"props\":{\"style\":\"default\",\"width\":\"large\",\"vertical_align\":\"middle\",\"title_position\":\"top-left\",\"title_rotation\":\"left\",\"title_breakpoint\":\"xl\",\"image_position\":\"center-center\",\"text_color\":\"\",\"width_expand\":\"\",\"height\":\"\",\"padding\":\"\",\"header_transparent\":\"\",\"animation\":\"\",\"padding_remove_bottom\":true},\"children\":[{\"type\":\"row\",\"props\":{\"layout\":\"1-1\",\"breakpoint\":\"m\",\"fixed_width\":\"large\",\"column_gap\":\"\",\"row_gap\":\"\",\"width\":\"\",\"width_expand\":\"\",\"height\":\"\",\"margin\":\"\"},\"children\":[{\"type\":\"column\",\"props\":{\"image_position\":\"center-center\",\"media_overlay_gradient\":\"\",\"vertical_align\":\"\",\"style\":\"\",\"text_color\":\"\",\"padding\":\"\"},\"children\":[{\"type\":\"breadcrumbs\",\"props\":{\"show_home\":true,\"show_current\":true,\"position\":\"\",\"position_z_index\":\"\",\"margin\":\"\",\"text_align\":\"\",\"text_align_breakpoint\":\"\",\"text_align_fallback\":\"\",\"animation\":\"\",\"visibility\":\"\"}}]}]}]},{\"type\":\"section\",\"props\":{\"style\":\"default\",\"width\":\"large\",\"vertical_align\":\"middle\",\"title_position\":\"top-left\",\"title_rotation\":\"left\",\"title_breakpoint\":\"xl\",\"image_position\":\"center-center\",\"text_color\":\"\",\"width_expand\":\"\",\"height\":\"\",\"padding\":\"\",\"header_transparent\":\"\",\"animation\":\"\"},\"children\":[{\"type\":\"row\",\"props\":{\"layout\":\"1-1\",\"breakpoint\":\"m\",\"fixed_width\":\"large\",\"column_gap\":\"\",\"row_gap\":\"\",\"width\":\"\",\"width_expand\":\"\",\"height\":\"\",\"margin\":\"\"},\"children\":[{\"type\":\"column\",\"props\":{\"image_position\":\"center-center\",\"media_overlay_gradient\":\"\",\"vertical_align\":\"\",\"style\":\"\",\"text_color\":\"\",\"padding\":\"\"},\"children\":[{\"type\":\"headline\",\"props\":{\"title_element\":\"h2\",\"title_style\":\"h2\",\"title_decoration\":\"\",\"title_font_family\":\"\",\"title_color\":\"\",\"position\":\"\",\"position_z_index\":\"\",\"margin\":\"\",\"maxwidth\":\"\",\"maxwidth_breakpoint\":\"\",\"block_align\":\"\",\"block_align_breakpoint\":\"\",\"block_align_fallback\":\"\",\"text_align\":\"center\",\"text_align_breakpoint\":\"\",\"text_align_fallback\":\"\",\"animation\":\"\",\"visibility\":\"\",\"content\":\"Konzeption, Herstellung und Reparatur von Grafitb\\u00fcrsten\"},\"name\":\"Headline H2\"}]}]}]},{\"type\":\"section\",\"props\":{\"style\":\"default\",\"width\":\"large\",\"vertical_align\":\"middle\",\"title_position\":\"top-left\",\"title_rotation\":\"left\",\"title_breakpoint\":\"xl\",\"image_position\":\"center-center\",\"text_color\":\"\",\"width_expand\":\"\",\"height\":\"\",\"padding\":\"\",\"header_transparent\":\"\",\"animation\":\"fade\",\"animation_delay\":true},\"children\":[{\"type\":\"row\",\"props\":{\"layout\":\"2-3,1-3\",\"breakpoint\":\"m\",\"fixed_width\":\"large\",\"column_gap\":\"large\",\"row_gap\":\"\",\"width\":\"\",\"width_expand\":\"\",\"height\":\"\",\"margin\":\"\"},\"children\":[{\"type\":\"column\",\"props\":{\"image_position\":\"center-center\",\"media_overlay_gradient\":\"\",\"vertical_align\":\"\",\"style\":\"\",\"text_color\":\"\",\"padding\":\"\"},\"children\":[{\"type\":\"text\",\"props\":{\"margin\":\"default\",\"column_breakpoint\":\"m\",\"text_style\":\"\",\"text_color\":\"\",\"text_size\":\"\",\"column\":\"\",\"position\":\"\",\"position_z_index\":\"\",\"maxwidth\":\"\",\"maxwidth_breakpoint\":\"\",\"block_align\":\"\",\"block_align_breakpoint\":\"\",\"block_align_fallback\":\"\",\"text_align\":\"\",\"text_align_breakpoint\":\"\",\"text_align_fallback\":\"\",\"animation\":\"slide-left-medium\",\"visibility\":\"\",\"content\":\"\n\n<p>Die Kohleb\\u00fcrste ist eine Komponente deren Funktion es ist, elektrischen Strom per Reibung zu \\u00fcbertragen. Die Grafit- bzw. Kohleb\\u00fcrste ist in der Lage, Strom von der Stromzuf\\u00fchrung bis zum Drehteil einer Maschine durchzuleiten.<\\\/p>\"}},{\"type\":\"slideshow\",\"props\":{\"show_title\":false,\"show_meta\":true,\"show_content\":true,\"show_link\":false,\"show_thumbnail\":true,\"slideshow_min_height\":\"\",\"slideshow_autoplay_pause\":true,\"nav\":\"thumbnav\",\"nav_position\":\"bottom-center\",\"nav_position_margin\":\"medium\",\"nav_align\":\"center\",\"nav_breakpoint\":\"s\",\"thumbnav_width\":\"75\",\"thumbnav_height\":\"50\",\"thumbnav_svg_color\":\"emphasis\",\"slidenav\":\"default\",\"slidenav_margin\":\"medium\",\"slidenav_breakpoint\":\"s\",\"slidenav_outside_breakpoint\":\"xl\",\"overlay_position\":\"bottom\",\"overlay_animation\":\"scale-up\",\"title_element\":\"h2\",\"meta_style\":\"meta\",\"meta_align\":\"below-title\",\"link_text\":\"Read more\",\"link_style\":\"default\",\"margin\":\"default\",\"slideshow_height\":\"\",\"text_color\":\"light\",\"slideshow_box_shadow\":\"small\",\"slideshow_box_decoration\":\"\",\"slideshow_animation\":\"fade\",\"slideshow_kenburns\":\"\",\"nav_margin\":\"\",\"nav_color\":\"\",\"slidenav_outside_color\":\"\",\"overlay_container\":\"\",\"overlay_container_padding\":\"xsmall\",\"overlay_margin\":\"none\",\"overlay_style\":\"overlay-default\",\"overlay_padding\":\"small\",\"overlay_width\":\"medium\",\"title_style\":\"h6\",\"title_decoration\":\"\",\"title_font_family\":\"\",\"title_color\":\"primary\",\"title_margin\":\"\",\"meta_color\":\"\",\"meta_margin\":\"\",\"content_style\":\"\",\"content_margin\":\"\",\"link_size\":\"\",\"link_margin\":\"\",\"position\":\"\",\"position_z_index\":\"\",\"maxwidth\":\"xlarge\",\"maxwidth_breakpoint\":\"\",\"block_align\":\"center\",\"block_align_breakpoint\":\"\",\"block_align_fallback\":\"\",\"text_align\":\"center\",\"text_align_breakpoint\":\"\",\"text_align_fallback\":\"\",\"animation\":\"\",\"visibility\":\"\",\"slideshow_autoplay\":true,\"nav_below\":true,\"slidenav_large\":true,\"slideshow_autoplay_interval\":\"3\",\"slideshow_max_height\":\"\"},\"children\":[{\"type\":\"slideshow_item\",\"props\":{\"title\":\"Kohleb\\u00fcrsten aus zweierlei Werkstoffen\",\"image\":\"wp-content\\\/uploads\\\/balais-industriels-balais-carbone-bi-matiere.jpg\",\"text_color\":\"\",\"image_alt\":\"Kohleb\\u00fcrsten aus zweierlei Werkstoffen\",\"content\":\"\",\"meta\":\"Kohleb\\u00fcrsten aus zweierlei Werkstoffen\"}},{\"type\":\"slideshow_item\",\"props\":{\"title\":\"Kohleb\\u00fcrste mit B\\u00fcgel\",\"image\":\"wp-content\\\/uploads\\\/balais-industriels-balais-graphite-etrier.jpg\",\"text_color\":\"\",\"image_alt\":\"Kohleb\\u00fcrste mit B\\u00fcgel\",\"content\":\"\",\"meta\":\"Kohleb\\u00fcrste mit B\\u00fcgel\"}},{\"type\":\"slideshow_item\",\"props\":{\"title\":\"Motorkohlen\",\"image\":\"wp-content\\\/uploads\\\/balais-industriels-balais-moteur-electrique.jpg\",\"text_color\":\"\",\"image_alt\":\"Motorkohlen\",\"content\":\"\",\"meta\":\"Motorkohlen\"}},{\"type\":\"slideshow_item\",\"props\":{\"title\":\"Industriekohlen\",\"image\":\"wp-content\\\/uploads\\\/balais-industriels-charbons-moteur-industriels.jpg\",\"text_color\":\"\",\"image_alt\":\"Industriekohlen\",\"content\":\"\",\"meta\":\"Industriekohlen\"}},{\"type\":\"slideshow_item\",\"props\":{\"title\":\"Kleinkohle f\\u00fcr Elektroger\\u00e4te\",\"image\":\"wp-content\\\/uploads\\\/balais-industriels-petits-balais-electroportatif.jpg\",\"text_color\":\"\",\"image_alt\":\"Kleinkohle f\\u00fcr Elektroger\\u00e4te\",\"content\":\"\",\"meta\":\"Kleinkohle f\\u00fcr Elektroger\\u00e4te\"}},{\"type\":\"slideshow_item\",\"props\":{\"title\":\"Qualit\\u00e4t und Auswahl der Kohleb\\u00fcrsten f\\u00fcr Motoren\",\"image\":\"wp-content\\\/uploads\\\/balais-industriels-qualites-graphite.jpg\",\"text_color\":\"\",\"image_alt\":\"Qualit\\u00e4t und Auswahl der Kohleb\\u00fcrsten f\\u00fcr Motoren\",\"content\":\"\",\"meta\":\"Qualit\\u00e4t und Auswahl der Kohleb\\u00fcrsten f\\u00fcr Motoren\"}}]},{\"type\":\"text\",\"props\":{\"margin\":\"default\",\"column_breakpoint\":\"m\",\"text_style\":\"\",\"text_color\":\"\",\"text_size\":\"\",\"column\":\"\",\"position\":\"\",\"position_z_index\":\"\",\"maxwidth\":\"\",\"maxwidth_breakpoint\":\"\",\"block_align\":\"\",\"block_align_breakpoint\":\"\",\"block_align_fallback\":\"\",\"text_align\":\"\",\"text_align_breakpoint\":\"\",\"text_align_fallback\":\"\",\"animation\":\"slide-left-medium\",\"visibility\":\"\",\"content\":\"\n\n<p>Aufgrund der gro\\u00dfen Auswahl an Grafiten in den Kohleb\\u00fcrsten der Marker ROUGIER ist es erforderlich, die mechanischen und elektrischen Eigenschaften den Nutzungsbedingungen des Systems anzupassen. Unsere technische Abteilung steht Ihnen mit Kompetenz beratend zur Seite.<\\\/p>\\n\n\n<p>ROUGIER Electrom\\u00e9canique ist seit mehr als 90 Jahren im Bereich Kohlensortiment f\\u00fcr Ersatzteile spezialisiert und beliefert viele Hersteller.<\\\/p>\\n\n\n<p>Dank unserer langj\\u00e4hrigen Erfahrung k\\u00f6nnen wir Ihnen dabei helfen, den Betrieb Ihrer Kohleb\\u00fcrsten zu optimieren und deren Lebensdauer zu erh\\u00f6hen, um somit den Anforderungen Ihrer elektromechanischen Systeme (z. B. Motoren, Gleichstrom- oder Wechselstromgeneratoren und sonstigen \\u00dcbertragungsanlagen von Energie und elektrischen Signalen) gerecht zu werden.<\\\/p>\\n\n\n<p>Eine auf die Verarbeitung von Grafiten abgestimmte spezifische Produktionseinheit erm\\u00f6glicht es uns, auf die Dringlichkeit zu reagieren, nach Ma\\u00df fertigen zu k\\u00f6nnen, und Ihre Kohleb\\u00fcrsten in einem Zeitraum von 24 bis 48 Std. herzustellen. Dar\\u00fcber hinaus verf\\u00fcgen wir \\u00fcber einen umfangreichen Lagerbestand an Komponenten f\\u00fcr Elektroger\\u00e4te, Wechselstromgeneratoren oder Kraftfahrzeuganlasser, um Sie noch am selben Tag beliefern zu k\\u00f6nnen.<\\\/p>\\n\n\n<p>Der Vorteil, in Frankreich zu fertigen, macht ROUGIER Electrom\\u00e9canique zu einem attraktiven Partner.<\\\/p>\\n\n\n<p>Z\\u00f6gern Sie deshalb nicht, uns Ihre Anfragen zuzusenden, die wir gern prompt beantworten. Wir setzen alles daran, Ihr privilegierter Partner f\\u00fcr all Ihre Teile aus Grafit zu werden.<\\\/p>\"}},{\"type\":\"button\",\"props\":{\"grid_column_gap\":\"small\",\"grid_row_gap\":\"small\",\"margin\":\"large\",\"button_size\":\"large\",\"position\":\"\",\"position_z_index\":\"\",\"maxwidth\":\"\",\"maxwidth_breakpoint\":\"\",\"block_align\":\"\",\"block_align_breakpoint\":\"\",\"block_align_fallback\":\"\",\"text_align\":\"center\",\"text_align_breakpoint\":\"\",\"text_align_fallback\":\"\",\"animation\":\"scale-up\",\"visibility\":\"\"},\"children\":[{\"type\":\"button_item\",\"props\":{\"button_style\":\"secondary\",\"icon_align\":\"left\",\"link_target\":\"\",\"content\":\"Kontaktieren Sie uns\",\"icon\":\"forward\",\"link\":\"de\\\/kontaktieren-sie-einen-spezialisten-im-bereich-stromuebertragung-fuer-elektromotoren\\\/\"}}]}]},{\"type\":\"column\",\"props\":{\"image_position\":\"center-center\",\"media_overlay_gradient\":\"\",\"vertical_align\":\"\",\"style\":\"\",\"text_color\":\"\",\"padding\":\"\"},\"children\":[{\"type\":\"grid\",\"props\":{\"show_title\":true,\"show_meta\":true,\"show_content\":true,\"show_image\":true,\"show_link\":true,\"grid_default\":\"1\",\"grid_medium\":\"\",\"filter_style\":\"tab\",\"filter_all\":true,\"filter_position\":\"top\",\"filter_align\":\"left\",\"filter_grid_width\":\"auto\",\"filter_grid_breakpoint\":\"m\",\"title_hover_style\":\"reset\",\"title_element\":\"h3\",\"title_align\":\"top\",\"title_grid_width\":\"1-2\",\"title_grid_breakpoint\":\"m\",\"meta_style\":\"meta\",\"meta_align\":\"below-title\",\"icon_ratio\":4,\"image_align\":\"bottom\",\"image_grid_width\":\"1-2\",\"image_grid_breakpoint\":\"m\",\"image_svg_color\":\"emphasis\",\"link_text\":\"\",\"link_style\":\"default\",\"margin\":\"default\",\"item_animation\":\"slide-right-medium\",\"grid_column_gap\":\"\",\"grid_row_gap\":\"\",\"grid_small\":\"\",\"grid_large\":\"\",\"grid_xlarge\":\"\",\"filter_margin\":\"\",\"filter_grid_column_gap\":\"\",\"filter_grid_row_gap\":\"\",\"title_display\":\"\",\"content_display\":\"\",\"panel_style\":\"card-secondary\",\"panel_content_padding\":\"\",\"panel_size\":\"\",\"item_maxwidth\":\"\",\"title_style\":\"h5\",\"title_decoration\":\"divider\",\"title_font_family\":\"\",\"title_color\":\"\",\"title_grid_column_gap\":\"\",\"title_grid_row_gap\":\"\",\"title_margin\":\"\",\"meta_color\":\"\",\"meta_margin\":\"\",\"content_style\":\"\",\"content_margin\":\"\",\"image_transition\":\"scale-up\",\"image_border\":\"\",\"image_box_shadow\":\"\",\"image_hover_box_shadow\":\"\",\"image_box_decoration\":\"\",\"icon_color\":\"\",\"image_grid_column_gap\":\"\",\"image_grid_row_gap\":\"\",\"image_margin\":\"\",\"link_size\":\"\",\"link_margin\":\"\",\"position\":\"\",\"position_z_index\":\"\",\"maxwidth\":\"\",\"maxwidth_breakpoint\":\"\",\"block_align\":\"\",\"block_align_breakpoint\":\"\",\"block_align_fallback\":\"\",\"text_align\":\"center\",\"text_align_breakpoint\":\"\",\"text_align_fallback\":\"\",\"visibility\":\"\",\"lightbox\":false,\"link_target\":true,\"image_width\":\"200\",\"title_link\":true,\"image_link\":true,\"panel_content_width\":\"\"},\"children\":[{\"type\":\"grid_item\",\"props\":{\"title\":\"Download\",\"image\":\"wp-content\\\/uploads\\\/catalogue-petit-balais-appareils-electroportatifs.jpg\",\"link\":\"wp-content\\\/uploads\\\/catalogue-petit-balais-appareils-electroportatifs.pdf\",\"image_alt\":\"catalogue des petits balais et balais pour appareils \\u00e9lectroportatifs\",\"content\":\"\n\n<p>Katalog und technisches Datenblatt Kleinkohle f\\u00fcr Elektroger\\u00e4te<\\\/p>\"}}]},{\"type\":\"grid\",\"props\":{\"show_title\":true,\"show_meta\":true,\"show_content\":true,\"show_image\":true,\"show_link\":true,\"grid_default\":\"1\",\"grid_medium\":\"\",\"filter_style\":\"tab\",\"filter_all\":true,\"filter_position\":\"top\",\"filter_align\":\"left\",\"filter_grid_width\":\"auto\",\"filter_grid_breakpoint\":\"m\",\"title_hover_style\":\"reset\",\"title_element\":\"h3\",\"title_align\":\"top\",\"title_grid_width\":\"1-2\",\"title_grid_breakpoint\":\"m\",\"meta_style\":\"meta\",\"meta_align\":\"below-title\",\"icon_ratio\":4,\"image_align\":\"bottom\",\"image_grid_width\":\"1-2\",\"image_grid_breakpoint\":\"m\",\"image_svg_color\":\"emphasis\",\"link_text\":\"\",\"link_style\":\"default\",\"margin\":\"default\",\"item_animation\":\"slide-right-medium\",\"grid_column_gap\":\"\",\"grid_row_gap\":\"\",\"grid_small\":\"\",\"grid_large\":\"\",\"grid_xlarge\":\"\",\"filter_margin\":\"\",\"filter_grid_column_gap\":\"\",\"filter_grid_row_gap\":\"\",\"title_display\":\"\",\"content_display\":\"\",\"panel_style\":\"card-secondary\",\"panel_content_padding\":\"\",\"panel_size\":\"\",\"item_maxwidth\":\"\",\"title_style\":\"h5\",\"title_decoration\":\"divider\",\"title_font_family\":\"\",\"title_color\":\"\",\"title_grid_column_gap\":\"\",\"title_grid_row_gap\":\"\",\"title_margin\":\"\",\"meta_color\":\"\",\"meta_margin\":\"\",\"content_style\":\"\",\"content_margin\":\"\",\"image_transition\":\"scale-up\",\"image_border\":\"\",\"image_box_shadow\":\"\",\"image_hover_box_shadow\":\"\",\"image_box_decoration\":\"\",\"icon_color\":\"\",\"image_grid_column_gap\":\"\",\"image_grid_row_gap\":\"\",\"image_margin\":\"\",\"link_size\":\"\",\"link_margin\":\"\",\"position\":\"\",\"position_z_index\":\"\",\"maxwidth\":\"\",\"maxwidth_breakpoint\":\"\",\"block_align\":\"\",\"block_align_breakpoint\":\"\",\"block_align_fallback\":\"\",\"text_align\":\"center\",\"text_align_breakpoint\":\"\",\"text_align_fallback\":\"\",\"visibility\":\"\",\"lightbox\":false,\"link_target\":true,\"image_width\":\"200\",\"title_link\":true,\"image_link\":true,\"panel_content_width\":\"\"},\"children\":[{\"type\":\"grid_item\",\"props\":{\"title\":\"Download\",\"image\":\"wp-content\\\/uploads\\\/catalogue-charbons-moteur-electrique.jpg\",\"link\":\"wp-content\\\/uploads\\\/catalogue-charbons-moteur-electrique.pdf\",\"image_alt\":\"catalogue des balais graphite et charbons moteur industriels\",\"content\":\"\n\n<p>Technisches Datenblatt und Auskunftsformular f\\u00fcr Kohleb\\u00fcrsten und Industriekohlen<\\\/p>\"}}]}]}]}]},{\"type\":\"section\",\"props\":{\"style\":\"default\",\"width\":\"large\",\"vertical_align\":\"middle\",\"title_position\":\"top-left\",\"title_rotation\":\"left\",\"title_breakpoint\":\"xl\",\"image_position\":\"center-center\",\"text_color\":\"\",\"width_expand\":\"\",\"height\":\"\",\"padding\":\"\",\"header_transparent\":\"\",\"animation\":\"scale-up\",\"animation_delay\":false},\"children\":[{\"type\":\"row\",\"props\":{\"layout\":\"1-1\",\"breakpoint\":\"m\",\"fixed_width\":\"large\",\"column_gap\":\"\",\"row_gap\":\"\",\"width\":\"large\",\"width_expand\":\"\",\"height\":\"\",\"margin\":\"\"},\"children\":[{\"type\":\"column\",\"props\":{\"image_position\":\"center-center\",\"media_overlay_gradient\":\"\",\"vertical_align\":\"\",\"style\":\"\",\"text_color\":\"\",\"padding\":\"\"},\"children\":[{\"type\":\"headline\",\"props\":{\"title_element\":\"div\",\"title_style\":\"\",\"title_decoration\":\"\",\"title_font_family\":\"tertiary\",\"title_color\":\"\",\"position\":\"\",\"position_z_index\":\"\",\"margin\":\"\",\"maxwidth\":\"xxlarge\",\"maxwidth_breakpoint\":\"\",\"block_align\":\"center\",\"block_align_breakpoint\":\"\",\"block_align_fallback\":\"\",\"text_align\":\"center\",\"text_align_breakpoint\":\"\",\"text_align_fallback\":\"\",\"animation\":\"\",\"visibility\":\"\",\"content\":\"\n\n<blockquote>\\n\n\n<p>ROUGIER Electrom\\u00e9canique gibt Ihnen technische Unterst\\u00fctzung bei der auf Ihre Anforderungen abgestimmte Entwicklung, Konzeption und Herstellung Ihrer Kohleb\\u00fcrsten zu einem idealen Preis-\\\/Leistungsverh\\u00e4ltnis.<\\\/p>\\n<\\\/blockquote>\"}}]}]}]}],\"version\":\"2.0.14\",\"props\":[]} --><\/p>\n","protected":false},"excerpt":{"rendered":"<p>Grafitb\u00fcrsten \/ Kohleb\u00fcrsten Konzeption, Herstellung und Reparatur von Grafitb\u00fcrsten Die Kohleb\u00fcrste ist eine Komponente deren Funktion es ist, elektrischen Strom per Reibung zu \u00fcbertragen. Die Grafit- bzw. Kohleb\u00fcrste ist in der Lage, Strom von der Stromzuf\u00fchrung bis zum Drehteil einer Maschine durchzuleiten. Kohleb\u00fcrsten aus zweierlei Werkstoffen Kohleb\u00fcrsten aus zweierlei Werkstoffen Kohleb\u00fcrste mit B\u00fcgel Kohleb\u00fcrste mit [&hellip;]<\/p>\n","protected":false},"author":1,"featured_media":0,"parent":1669,"menu_order":1,"comment_status":"closed","ping_status":"closed","template":"","meta":{"footnotes":""},"class_list":["post-1672","page","type-page","status-publish","hentry"],"aioseo_notices":[],"_links":{"self":[{"href":"https:\/\/www.rougier-electro.fr\/de\/wp-json\/wp\/v2\/pages\/1672","targetHints":{"allow":["GET"]}}],"collection":[{"href":"https:\/\/www.rougier-electro.fr\/de\/wp-json\/wp\/v2\/pages"}],"about":[{"href":"https:\/\/www.rougier-electro.fr\/de\/wp-json\/wp\/v2\/types\/page"}],"author":[{"embeddable":true,"href":"https:\/\/www.rougier-electro.fr\/de\/wp-json\/wp\/v2\/users\/1"}],"replies":[{"embeddable":true,"href":"https:\/\/www.rougier-electro.fr\/de\/wp-json\/wp\/v2\/comments?post=1672"}],"version-history":[{"count":0,"href":"https:\/\/www.rougier-electro.fr\/de\/wp-json\/wp\/v2\/pages\/1672\/revisions"}],"up":[{"embeddable":true,"href":"https:\/\/www.rougier-electro.fr\/de\/wp-json\/wp\/v2\/pages\/1669"}],"wp:attachment":[{"href":"https:\/\/www.rougier-electro.fr\/de\/wp-json\/wp\/v2\/media?parent=1672"}],"curies":[{"name":"wp","href":"https:\/\/api.w.org\/{rel}","templated":true}]}}