{"id":1168,"date":"2020-01-22T15:36:00","date_gmt":"2020-01-22T14:36:00","guid":{"rendered":"http:\/\/test.rougier-electro.fr\/a-propos-rougier-electomecanique\/"},"modified":"2021-09-10T10:19:40","modified_gmt":"2021-09-10T08:19:40","slug":"unternehmen-rougier-electomecanique","status":"publish","type":"page","link":"https:\/\/www.rougier-electro.fr\/de\/unternehmen-rougier-electomecanique\/","title":{"rendered":"Unternehmen"},"content":{"rendered":"<h1>\n<p>ROUGIER Electrom\u00e9canique<u><br \/><\/u><\/p>\n<\/h1>\n<h2>\n<p>Pr\u00e4sentation des Unternehmens<\/p>\n<\/h2>\n<div>\n<p>ROUGIER Electrom\u00e9canique, ist ein franz\u00f6sisches Familienunternehmen spezialisiert auf die Konzeption und die Ausf\u00fchrung von Teilen oder Baugruppen zur \u00dcbertragung von elektrischem Strom auf bewegliche Systeme.<\/p>\n<p>Wir sind Experten auf dem Gebiet von elektrischen Schleif- oder Gleitkontakten und der Verarbeitung von elektromechanischen Grafiten.<\/p>\n<p>Unser Produktionsstandort befindet sich in der Normandie, in der N\u00e4he der Stadt <em>Evreux<\/em> (im D\u00e9partement <em>l\u2019Eure<\/em>). Von dort aus exportieren wir Fertigungen aus mehreren Werkst\u00e4tten und Maschinenhallen in die gesamte Welt: elektromechanische Grafite, B\u00fcrstenhalter, Schleif- oder Gleitkontakte, Rings\u00e4tze, Kommutatoren und Stromversorgungssystemen zur Oberfl\u00e4chenbehandlung (per Elektrophorese).<\/p>\n<p>Unser Angebot bietet ferner Einzelteile f\u00fcr Elektromotoren, wie beispielsweise Klemmenplatten f\u00fcr Elektromotoren, Ventilatoren f\u00fcr Elektromotoren und Ventilatorblenden.<\/p>\n<p>Dar\u00fcber hinaus vertreiben wir isolierte Stromschienen der Produktreihe FABA.<\/p>\n<\/div>\n<p><img decoding=\"async\" src=\"https:\/\/www.rougier-electro.fr\/wp-content\/uploads\/systeme-pieces-transmission-courant-electrique.jpg\" alt=\"Teile oder Baugruppen zur \u00dcbertragung von elektrischem Strom\"><\/p>\n<div>\n<p>Unser Produktionsstandort im D\u00e9partement l\u2019Eure in der Normandie<\/p>\n<\/div>\n<p><img decoding=\"async\" src=\"https:\/\/www.rougier-electro.fr\/wp-content\/uploads\/rougier-electromecanique-production-eure2.jpg\" alt=\"Produktionsstandort\"><br \/>\n<img decoding=\"async\" src=\"https:\/\/www.rougier-electro.fr\/wp-content\/uploads\/rougier-electromecanique-production-eure1.jpg\" alt=\"Produktionsstandort\"><\/p>\n<h2>\n<p>Unternehmensgeschichte<\/p>\n<\/h2>\n<div>\n<p>Das Unternehmen \u201e\u00c9tablissements Jean Rougier\u201c wurde 1927 von Jean Rougier gegr\u00fcndet. Es begann mit der Vertretung von ausl\u00e4ndischen Firmen, die auf elektromechanische Grafite spezialisiert waren.<\/p>\n<\/div>\n<ul>\n<li>\n<p>        <img decoding=\"async\" src=\"https:\/\/www.rougier-electro.fr\/wp-content\/uploads\/logo-rougier-1950-catalogue.jpg\" alt=\"Rougier Electrom\u00e9canique 1950\"><\/p>\n<h2>1950<\/h2>\n<\/li>\n<li>\n<p>        <img decoding=\"async\" src=\"https:\/\/www.rougier-electro.fr\/wp-content\/uploads\/logo-rougier-1970-catalogue.jpg\" alt=\"Rougier Electrom\u00e9canique 1970\"><\/p>\n<h2>1970<\/h2>\n<\/li>\n<li>\n<p>        <img decoding=\"async\" src=\"https:\/\/www.rougier-electro.fr\/wp-content\/uploads\/logo-rougier-2000-catalogue.jpg\" alt=\"Rougier Electrom\u00e9canique 2000\"><\/p>\n<h2>2000<\/h2>\n<\/li>\n<li>\n<p>        <img decoding=\"async\" src=\"https:\/\/www.rougier-electro.fr\/wp-content\/uploads\/logo-rougier-2020-catalogue.jpg\" alt=\"Rougier Electrom\u00e9canique 2020\"><\/p>\n<h2>2020<\/h2>\n<\/li>\n<\/ul>\n<div>\n<p>Im Laufe der Zeit wurden Werkst\u00e4tten eingerichtet \u2013 zuerst f\u00fcr die Herstellung von Motorkohlen, danach f\u00fcr B\u00fcrstenhalter, Kommutatoren, Schleifringen, elektrischen Schleif- oder Gleitkontakten, Stromschienen mit isoliertem Leiter, Stromversorgungssystemen im Bereich F\u00f6rdertechnik und Oberfl\u00e4chenbehandlung.<\/p>\n<\/div>\n<div>\n<p>1940<\/p>\n<\/div>\n<p><img decoding=\"async\" src=\"https:\/\/www.rougier-electro.fr\/wp-content\/uploads\/rougier-electromecanique-1940.jpg\" alt=\"\"><\/p>\n<div>\n<p>1950<\/p>\n<\/div>\n<p><img decoding=\"async\" src=\"https:\/\/www.rougier-electro.fr\/wp-content\/uploads\/rougier-electromecanique-1950.jpg\" alt=\"\"><\/p>\n<div>\n<p>Das Unternehmen ist seit 3 Generationen in Familienbesitzt. 2001 hat Philippe Rougier als Nachfolger von Jean-Fran\u00e7ois Rougier die Gesch\u00e4ftsf\u00fchrung \u00fcbernommen. Das Unternehmen \u201e\u00c9tablissements Jean Rougier und S\u00f6hne\u201c wurde 2007 in ROUGIER Electrom\u00e9canique umbenannt.<\/p>\n<\/div>\n<p><!-- {\"name\":\"page\",\"type\":\"layout\",\"children\":[{\"type\":\"section\",\"props\":{\"style\":\"default\",\"width\":\"large\",\"vertical_align\":\"middle\",\"title_position\":\"top-left\",\"title_rotation\":\"left\",\"title_breakpoint\":\"xl\",\"image_position\":\"center-center\",\"text_color\":\"light\",\"padding\":\"large\",\"animation\":\"fade\",\"image\":\"wp-content\\\/uploads\\\/cover-collecteur-electrique-tournant.jpg\",\"image_size\":\"cover\",\"image_effect\":\"parallax\",\"image_parallax_bgy_start\":\"-100\",\"image_parallax_bgy_end\":\"100\",\"media_overlay\":\"rgba(0, 0, 0, 0.52)\",\"animation_delay\":true},\"children\":[{\"type\":\"row\",\"props\":{\"margin\":\"remove-vertical\"},\"children\":[{\"type\":\"column\",\"props\":{\"image_position\":\"center-center\",\"media_overlay_gradient\":\"\",\"width_medium\":\"1-1\"},\"children\":[{\"type\":\"headline\",\"props\":{\"title_element\":\"h1\",\"title_style\":\"heading-small\",\"text_align\":\"center\",\"content\":\"\n\n<p>ROUGIER Electrom\\u00e9canique<u><br \\\/><\\\/u><\\\/p>\"},\"name\":\"Headline H1\"}]}]}],\"name\":\"Entete\"},{\"type\":\"section\",\"props\":{\"style\":\"default\",\"width\":\"large\",\"vertical_align\":\"middle\",\"title_position\":\"top-left\",\"title_rotation\":\"left\",\"title_breakpoint\":\"xl\",\"image_position\":\"center-center\"},\"children\":[{\"type\":\"row\",\"children\":[{\"type\":\"column\",\"props\":{\"image_position\":\"center-center\",\"media_overlay_gradient\":\"\",\"width_medium\":\"1-1\"},\"children\":[{\"type\":\"headline\",\"props\":{\"title_element\":\"h2\",\"title_style\":\"h2\",\"content\":\"\n\n<p>Pr\\u00e4sentation des Unternehmens<\\\/p>\"},\"name\":\"Headline H2\"}]}]},{\"type\":\"row\",\"props\":{\"layout\":\"2-3,1-3\",\"column_gap\":\"large\",\"match\":false},\"children\":[{\"type\":\"column\",\"props\":{\"image_position\":\"center-center\",\"media_overlay_gradient\":\"\",\"width_medium\":\"2-3\"},\"children\":[{\"type\":\"text\",\"props\":{\"margin\":\"default\",\"column_breakpoint\":\"m\",\"content\":\"\n\n<p>ROUGIER Electrom\\u00e9canique, ist ein franz\\u00f6sisches Familienunternehmen spezialisiert auf die Konzeption und die Ausf\\u00fchrung von Teilen oder Baugruppen zur \\u00dcbertragung von elektrischem Strom auf bewegliche Systeme.<\\\/p>\\n\n\n<p>Wir sind Experten auf dem Gebiet von elektrischen Schleif- oder Gleitkontakten und der Verarbeitung von elektromechanischen Grafiten.<\\\/p>\\n\n\n<p>Unser Produktionsstandort befindet sich in der Normandie, in der N\\u00e4he der Stadt <em>Evreux<\\\/em> (im D\\u00e9partement <em>l\\u2019Eure<\\\/em>). Von dort aus exportieren wir Fertigungen aus mehreren Werkst\\u00e4tten und Maschinenhallen in die gesamte Welt: elektromechanische Grafite, B\\u00fcrstenhalter, Schleif- oder Gleitkontakte, Rings\\u00e4tze, Kommutatoren und Stromversorgungssystemen zur Oberfl\\u00e4chenbehandlung (per Elektrophorese).<\\\/p>\\n\n\n<p>Unser Angebot bietet ferner Einzelteile f\\u00fcr Elektromotoren, wie beispielsweise Klemmenplatten f\\u00fcr Elektromotoren, Ventilatoren f\\u00fcr Elektromotoren und Ventilatorblenden.<\\\/p>\\n\n\n<p>Dar\\u00fcber hinaus vertreiben wir isolierte Stromschienen der Produktreihe FABA.<\\\/p>\"}}]},{\"type\":\"column\",\"props\":{\"image_position\":\"center-center\",\"media_overlay_gradient\":\"\",\"vertical_align\":\"middle\",\"width_medium\":\"1-3\"},\"children\":[{\"type\":\"image\",\"props\":{\"margin\":\"default\",\"image_svg_color\":\"emphasis\",\"text_align\":\"center\",\"animation\":\"slide-right-medium\",\"image\":\"wp-content\\\/uploads\\\/systeme-pieces-transmission-courant-electrique.jpg\",\"image_width\":\"500\",\"image_alt\":\"Teile oder Baugruppen zur \\u00dcbertragung von elektrischem Strom\"}}]}]},{\"type\":\"row\",\"children\":[{\"type\":\"column\",\"props\":{\"image_position\":\"center-center\",\"media_overlay_gradient\":\"\",\"width_medium\":\"1-1\"},\"children\":[{\"type\":\"text\",\"props\":{\"margin\":\"default\",\"column_breakpoint\":\"m\",\"text_style\":\"meta\",\"text_align\":\"center\",\"content\":\"\n\n<p>Unser Produktionsstandort im D\\u00e9partement l\\u2019Eure in der Normandie<\\\/p>\"}}]}]},{\"type\":\"row\",\"props\":{\"layout\":\"1-2,1-2\"},\"children\":[{\"type\":\"column\",\"props\":{\"image_position\":\"center-center\",\"media_overlay_gradient\":\"\",\"width_medium\":\"1-2\"},\"children\":[{\"type\":\"image\",\"props\":{\"margin\":\"default\",\"image_svg_color\":\"emphasis\",\"text_align\":\"center\",\"image\":\"wp-content\\\/uploads\\\/rougier-electromecanique-production-eure2.jpg\",\"image_alt\":\"Produktionsstandort\"}}]},{\"type\":\"column\",\"props\":{\"image_position\":\"center-center\",\"media_overlay_gradient\":\"\",\"width_medium\":\"1-2\"},\"children\":[{\"type\":\"image\",\"props\":{\"margin\":\"default\",\"image_svg_color\":\"emphasis\",\"text_align\":\"center\",\"image\":\"wp-content\\\/uploads\\\/rougier-electromecanique-production-eure1.jpg\",\"image_alt\":\"Produktionsstandort\"}}]}]}]},{\"type\":\"section\",\"props\":{\"style\":\"default\",\"width\":\"large\",\"vertical_align\":\"middle\",\"title_position\":\"top-left\",\"title_rotation\":\"left\",\"title_breakpoint\":\"xl\",\"image_position\":\"center-center\",\"padding_remove_top\":true},\"children\":[{\"type\":\"row\",\"children\":[{\"type\":\"column\",\"props\":{\"image_position\":\"center-center\",\"media_overlay_gradient\":\"\",\"width_medium\":\"1-1\"},\"children\":[{\"type\":\"headline\",\"props\":{\"title_element\":\"h2\",\"title_style\":\"h2\",\"content\":\"\n\n<p>Unternehmensgeschichte<\\\/p>\"},\"name\":\"Headline H2\"}]}]},{\"type\":\"row\",\"children\":[{\"type\":\"column\",\"props\":{\"image_position\":\"center-center\",\"media_overlay_gradient\":\"\",\"width_medium\":\"1-1\"},\"children\":[{\"type\":\"text\",\"props\":{\"margin\":\"default\",\"column_breakpoint\":\"m\",\"content\":\"\n\n<p>Das Unternehmen \\u201e\\u00c9tablissements Jean Rougier\\u201c wurde 1927 von Jean Rougier gegr\\u00fcndet. Es begann mit der Vertretung von ausl\\u00e4ndischen Firmen, die auf elektromechanische Grafite spezialisiert waren.<\\\/p>\"}},{\"type\":\"slideshow\",\"props\":{\"show_title\":true,\"show_meta\":false,\"show_content\":true,\"show_link\":false,\"show_thumbnail\":false,\"slideshow_min_height\":\"\",\"slideshow_autoplay_pause\":true,\"nav\":\"\",\"nav_position\":\"bottom-center\",\"nav_position_margin\":\"medium\",\"nav_align\":\"center\",\"nav_breakpoint\":\"s\",\"thumbnav_width\":\"100\",\"thumbnav_height\":\"75\",\"thumbnav_svg_color\":\"emphasis\",\"slidenav\":\"default\",\"slidenav_margin\":\"\",\"slidenav_breakpoint\":\"s\",\"slidenav_outside_breakpoint\":\"xl\",\"overlay_position\":\"bottom\",\"overlay_animation\":\"fade\",\"title_element\":\"h2\",\"meta_style\":\"meta\",\"meta_align\":\"below-title\",\"link_text\":\"Read more\",\"link_style\":\"default\",\"margin\":\"default\",\"slideshow_height\":\"\",\"text_color\":\"light\",\"slideshow_box_shadow\":\"small\",\"slideshow_box_decoration\":\"\",\"slideshow_animation\":\"\",\"slideshow_kenburns\":\"\",\"nav_margin\":\"\",\"nav_color\":\"\",\"slidenav_outside_color\":\"\",\"overlay_container\":\"\",\"overlay_container_padding\":\"xsmall\",\"overlay_margin\":\"none\",\"overlay_style\":\"overlay-default\",\"overlay_padding\":\"small\",\"overlay_width\":\"medium\",\"title_style\":\"h6\",\"title_color\":\"primary\",\"maxwidth\":\"xlarge\",\"block_align\":\"center\",\"text_align\":\"center\",\"slideshow_autoplay\":true,\"nav_below\":true,\"slidenav_large\":true,\"slideshow_autoplay_interval\":\"3\",\"slideshow_max_height\":\"\",\"slidenav_hover\":true,\"meta_element\":\"div\"},\"children\":[{\"type\":\"slideshow_item\",\"props\":{\"title\":\"1950\",\"image\":\"wp-content\\\/uploads\\\/logo-rougier-1950-catalogue.jpg\",\"image_alt\":\"Rougier Electrom\\u00e9canique 1950\",\"content\":\"\"}},{\"type\":\"slideshow_item\",\"props\":{\"title\":\"1970\",\"image\":\"wp-content\\\/uploads\\\/logo-rougier-1970-catalogue.jpg\",\"image_alt\":\"Rougier Electrom\\u00e9canique 1970\",\"content\":\"\"}},{\"type\":\"slideshow_item\",\"props\":{\"title\":\"2000\",\"image\":\"wp-content\\\/uploads\\\/logo-rougier-2000-catalogue.jpg\",\"image_alt\":\"Rougier Electrom\\u00e9canique 2000\",\"content\":\"\"}},{\"type\":\"slideshow_item\",\"props\":{\"title\":\"2020\",\"image\":\"wp-content\\\/uploads\\\/logo-rougier-2020-catalogue.jpg\",\"image_alt\":\"Rougier Electrom\\u00e9canique 2020\",\"content\":\"\"}}]},{\"type\":\"text\",\"props\":{\"margin\":\"default\",\"column_breakpoint\":\"m\",\"content\":\"\n\n<p>Im Laufe der Zeit wurden Werkst\\u00e4tten eingerichtet \\u2013 zuerst f\\u00fcr die Herstellung von Motorkohlen, danach f\\u00fcr B\\u00fcrstenhalter, Kommutatoren, Schleifringen, elektrischen Schleif- oder Gleitkontakten, Stromschienen mit isoliertem Leiter, Stromversorgungssystemen im Bereich F\\u00f6rdertechnik und Oberfl\\u00e4chenbehandlung.<\\\/p>\"}}]}]},{\"type\":\"row\",\"props\":{\"layout\":\"1-2,1-2\"},\"children\":[{\"type\":\"column\",\"props\":{\"image_position\":\"center-center\",\"media_overlay_gradient\":\"\",\"width_medium\":\"1-2\"},\"children\":[{\"type\":\"text\",\"props\":{\"margin\":\"default\",\"column_breakpoint\":\"m\",\"text_style\":\"meta\",\"text_align\":\"center\",\"content\":\"\n\n<p>1940<\\\/p>\"}},{\"type\":\"image\",\"props\":{\"margin\":\"default\",\"image_svg_color\":\"emphasis\",\"text_align\":\"center\",\"image\":\"wp-content\\\/uploads\\\/rougier-electromecanique-1940.jpg\"}}]},{\"type\":\"column\",\"props\":{\"image_position\":\"center-center\",\"media_overlay_gradient\":\"\",\"width_medium\":\"1-2\"},\"children\":[{\"type\":\"text\",\"props\":{\"margin\":\"default\",\"column_breakpoint\":\"m\",\"text_style\":\"meta\",\"text_align\":\"center\",\"content\":\"\n\n<p>1950<\\\/p>\"}},{\"type\":\"image\",\"props\":{\"margin\":\"default\",\"image_svg_color\":\"emphasis\",\"text_align\":\"center\",\"image\":\"wp-content\\\/uploads\\\/rougier-electromecanique-1950.jpg\"}}]}]},{\"type\":\"row\",\"children\":[{\"type\":\"column\",\"props\":{\"image_position\":\"center-center\",\"media_overlay_gradient\":\"\",\"width_medium\":\"1-1\"},\"children\":[{\"type\":\"text\",\"props\":{\"margin\":\"default\",\"column_breakpoint\":\"m\",\"content\":\"\n\n<p>Das Unternehmen ist seit 3 Generationen in Familienbesitzt. 2001 hat Philippe Rougier als Nachfolger von Jean-Fran\\u00e7ois Rougier die Gesch\\u00e4ftsf\\u00fchrung \\u00fcbernommen. Das Unternehmen \\u201e\\u00c9tablissements Jean Rougier und S\\u00f6hne\\u201c wurde 2007 in ROUGIER Electrom\\u00e9canique umbenannt.<\\\/p>\"}}]}]}]}],\"version\":\"2.3.12\"} --><\/p>\n","protected":false},"excerpt":{"rendered":"<p>ROUGIER Electrom\u00e9canique Pr\u00e4sentation des Unternehmens ROUGIER Electrom\u00e9canique, ist ein franz\u00f6sisches Familienunternehmen spezialisiert auf die Konzeption und die Ausf\u00fchrung von Teilen oder Baugruppen zur \u00dcbertragung von elektrischem Strom auf bewegliche Systeme. Wir sind Experten auf dem Gebiet von elektrischen Schleif- oder Gleitkontakten und der Verarbeitung von elektromechanischen Grafiten. Unser Produktionsstandort befindet sich in der Normandie, in [&hellip;]<\/p>\n","protected":false},"author":1,"featured_media":0,"parent":0,"menu_order":0,"comment_status":"closed","ping_status":"closed","template":"","meta":{"footnotes":""},"class_list":["post-1168","page","type-page","status-publish","hentry"],"aioseo_notices":[],"_links":{"self":[{"href":"https:\/\/www.rougier-electro.fr\/de\/wp-json\/wp\/v2\/pages\/1168","targetHints":{"allow":["GET"]}}],"collection":[{"href":"https:\/\/www.rougier-electro.fr\/de\/wp-json\/wp\/v2\/pages"}],"about":[{"href":"https:\/\/www.rougier-electro.fr\/de\/wp-json\/wp\/v2\/types\/page"}],"author":[{"embeddable":true,"href":"https:\/\/www.rougier-electro.fr\/de\/wp-json\/wp\/v2\/users\/1"}],"replies":[{"embeddable":true,"href":"https:\/\/www.rougier-electro.fr\/de\/wp-json\/wp\/v2\/comments?post=1168"}],"version-history":[{"count":0,"href":"https:\/\/www.rougier-electro.fr\/de\/wp-json\/wp\/v2\/pages\/1168\/revisions"}],"wp:attachment":[{"href":"https:\/\/www.rougier-electro.fr\/de\/wp-json\/wp\/v2\/media?parent=1168"}],"curies":[{"name":"wp","href":"https:\/\/api.w.org\/{rel}","templated":true}]}}